{"id":110140,"date":"2025-09-05T21:50:11","date_gmt":"2025-09-05T19:50:11","guid":{"rendered":"https:\/\/dianasilver.hu\/termek\/silberne-ankh-ohrringe-schluessel-zum-leben-altaegyptisches-kreuzsymbol\/"},"modified":"2026-04-01T17:19:28","modified_gmt":"2026-04-01T15:19:28","slug":"silberne-ankh-ohrringe-schluessel-zum-leben-altaegyptisches-kreuzsymbol","status":"publish","type":"product","link":"https:\/\/drescherjewellery.com\/de\/termek\/silberne-ankh-ohrringe-schluessel-zum-leben-altaegyptisches-kreuzsymbol\/","title":{"rendered":"Silberne Ankh-Ohrringe &#8211; Schl\u00fcssel zum Leben, alt\u00e4gyptisches Kreuzsymbol"},"content":{"rendered":"<h2 data-start=\"335\" data-end=\"671\">Dieser Ohrring stellt das <strong data-start=\"377\" data-end=\"393\">Ankh-Kreuz<\/strong> dar, auch bekannt als <strong data-start=\"405\" data-end=\"423\">Schl\u00fcssel zum Leben<\/strong>, eines der ber\u00fchmtesten spirituellen Symbole des alten \u00c4gyptens.<\/h2>\n<p data-start=\"335\" data-end=\"671\">Das <strong data-start=\"514\" data-end=\"522\">Ankh<\/strong> steht f\u00fcr ewiges Leben, Fruchtbarkeit und spirituelles Gleichgewicht und wird seit Jahrhunderten als Talisman und Schutzsymbol getragen.<\/p>\n<p data-start=\"673\" data-end=\"886\">Die Bedeutung des Symbols:<br data-start=\"695\" data-end=\"698\">&#8211; <strong data-start=\"700\" data-end=\"713\">Ewiges Leben<\/strong> &#8211; Symbol f\u00fcr Unsterblichkeit und Wiedergeburt.<br data-start=\"760\" data-end=\"763\">&#8211; <strong data-start=\"765\" data-end=\"784\">Spirituelle Kraft<\/strong> &#8211; Symbol f\u00fcr Harmonie und Schutz.<br data-start=\"819\" data-end=\"822\">&#8211; <strong data-start=\"824\" data-end=\"837\" data-is-only-node=\"\">Gleichgewicht<\/strong> &#8211; Verbindung von materieller und spiritueller Welt.<\/p>\n<p data-start=\"888\" data-end=\"1120\">Die Ohrringe sind <strong data-start=\"900\" data-end=\"927\">aus 925er Sterlingsilber<\/strong> <strong data-start=\"929\" data-end=\"950\">mit einer Rhodiumbeschichtung<\/strong> <strong data-start=\"900\" data-end=\"927\">gefertigt<\/strong>, die ihren Glanz bewahrt und dank ihrer hypoallergenen Eigenschaften angenehm zu tragen ist. Der <strong data-start=\"1039\" data-end=\"1059\">Stekeres-Verschluss<\/strong> sorgt f\u00fcr einen stabilen und praktischen Gebrauch im Alltag. <\/p>\n<p data-start=\"1122\" data-end=\"1382\">\ud83d\udc96 <strong data-start=\"1125\" data-end=\"1143\">Warum w\u00e4hlen Sie es?<\/strong><br data-start=\"1143\" data-end=\"1146\">&#8211; Spirituelle Bedeutung: Schl\u00fcssel zum Leben, ewiger Schutz.<br data-start=\"1199\" data-end=\"1202\">&#8211; Klassischer und spiritueller Schmuck in einem.<br data-start=\"1244\" data-end=\"1247\">&#8211; <strong data-start=\"1249\" data-end=\"1284\">AG 925 Silber, rhodiniert<\/strong> &#8211; langlebiges, leichtes und hautfreundliches Material.<br data-start=\"1317\" data-end=\"1320\">&#8211; Perfekt f\u00fcr das t\u00e4gliche Tragen und als Geschenk.<\/p>\n<p data-start=\"1384\" data-end=\"1522\">\u2728 Lassen Sie sich von der Kraft des <strong data-start=\"1402\" data-end=\"1420\">Ankh-Symbols<\/strong> in Ihrem Alltag begleiten und an die Sch\u00f6nheit und Harmonie des Lebens erinnern! \ud83d\udd11\ud83d\udc8e <\/p>\n","protected":false},"excerpt":{"rendered":"<p>Reine und spirituelle <strong data-start=\"129\" data-end=\"159\">Ohrringe mit dem Ankh-Symbol<\/strong>, das seit dem alten \u00c4gypten <strong data-start=\"195\" data-end=\"217\">als Schl\u00fcssel zum Leben<\/strong> bekannt ist <strong data-start=\"195\" data-end=\"217\">.<\/strong> Ein Symbol f\u00fcr unendliches Leben, Kraft und Harmonie, das sowohl zeitlos stilvoll als auch spirituell bedeutsam ist \ud83d\udd11.<\/p>\n","protected":false},"featured_media":107882,"template":"","meta":[],"product_brand":[],"product_cat":[574,573],"product_tag":[577,527,575,576],"class_list":{"0":"post-110140","1":"product","2":"type-product","3":"status-publish","4":"has-post-thumbnail","6":"product_cat-kreuzohrringe","7":"product_cat-silberne-ohrringe","8":"product_tag-ankh-kreuz","9":"product_tag-damen","10":"product_tag-mannlich","11":"product_tag-spirituell","12":"description-off","14":"first","15":"instock","16":"taxable","17":"shipping-taxable","18":"purchasable","19":"product-type-simple"},"yoast_head":"<!-- This site is optimized with the Yoast SEO Premium plugin v26.8 (Yoast SEO v27.4) - https:\/\/yoast.com\/product\/yoast-seo-premium-wordpress\/ -->\n<title>Silberne Ankh-Ohrringe - Schl\u00fcssel zum Leben, alt\u00e4gyptisches Kreuzsymbol | Drescher Jewellery<\/title>\n<meta name=\"description\" content=\"Fedezd fel a leny\u0171g\u00f6z\u0151 Silberne Ankh-Ohrringe - Schl\u00fcssel zum Leben, alt\u00e4gyptisches Kreuzsymbol \u00e9kszer\u00fcnket. T\u00f6k\u00e9letes kieg\u00e9sz\u00edt\u0151 mindennapi viselethez \u00e9s k\u00fcl\u00f6nleges alkalmakra egyar\u00e1nt. Rendeld meg most!\" \/>\n<meta name=\"robots\" content=\"index, follow, max-snippet:-1, max-image-preview:large, max-video-preview:-1\" \/>\n<link rel=\"canonical\" href=\"https:\/\/drescherjewellery.com\/de\/termek\/silberne-ankh-ohrringe-schluessel-zum-leben-altaegyptisches-kreuzsymbol\/\" \/>\n<meta property=\"og:locale\" content=\"de_DE\" \/>\n<meta property=\"og:type\" content=\"article\" \/>\n<meta property=\"og:title\" content=\"Silberne Ankh-Ohrringe - Schl\u00fcssel zum Leben, alt\u00e4gyptisches Kreuzsymbol\" \/>\n<meta property=\"og:description\" content=\"Fedezd fel a leny\u0171g\u00f6z\u0151 Silberne Ankh-Ohrringe - Schl\u00fcssel zum Leben, alt\u00e4gyptisches Kreuzsymbol \u00e9kszer\u00fcnket. T\u00f6k\u00e9letes kieg\u00e9sz\u00edt\u0151 mindennapi viselethez \u00e9s k\u00fcl\u00f6nleges alkalmakra egyar\u00e1nt. Rendeld meg most!\" \/>\n<meta property=\"og:url\" content=\"https:\/\/drescherjewellery.com\/de\/termek\/silberne-ankh-ohrringe-schluessel-zum-leben-altaegyptisches-kreuzsymbol\/\" \/>\n<meta property=\"og:site_name\" content=\"Drescher Jewellery\" \/>\n<meta property=\"article:publisher\" content=\"https:\/\/www.facebook.com\/drescherjewellery\" \/>\n<meta property=\"article:modified_time\" content=\"2026-04-01T15:19:28+00:00\" \/>\n<meta property=\"og:image\" content=\"https:\/\/drescherjewellery.com\/wp-content\/uploads\/2025\/09\/Ezust-Ankh-fulbevalo-\u2013-az-elet-kulcsa-oegyiptomi-kereszt-szimbolum_2.jpg\" \/>\n\t<meta property=\"og:image:width\" content=\"1340\" \/>\n\t<meta property=\"og:image:height\" content=\"1785\" \/>\n\t<meta property=\"og:image:type\" content=\"image\/jpeg\" \/>\n<meta name=\"twitter:card\" content=\"summary_large_image\" \/>\n<meta name=\"twitter:label1\" content=\"Gesch\u00e4tzte Lesezeit\" \/>\n\t<meta name=\"twitter:data1\" content=\"1\u00a0Minute\" \/>\n<script type=\"application\/ld+json\" class=\"yoast-schema-graph\">{\"@context\":\"https:\\\/\\\/schema.org\",\"@graph\":[{\"@type\":\"WebPage\",\"@id\":\"https:\\\/\\\/drescherjewellery.com\\\/de\\\/termek\\\/silberne-ankh-ohrringe-schluessel-zum-leben-altaegyptisches-kreuzsymbol\\\/\",\"url\":\"https:\\\/\\\/drescherjewellery.com\\\/de\\\/termek\\\/silberne-ankh-ohrringe-schluessel-zum-leben-altaegyptisches-kreuzsymbol\\\/\",\"name\":\"Silberne Ankh-Ohrringe - Schl\u00fcssel zum Leben, alt\u00e4gyptisches Kreuzsymbol | Drescher Jewellery\",\"isPartOf\":{\"@id\":\"https:\\\/\\\/drescherjewellery.com\\\/de\\\/#website\"},\"primaryImageOfPage\":{\"@id\":\"https:\\\/\\\/drescherjewellery.com\\\/de\\\/termek\\\/silberne-ankh-ohrringe-schluessel-zum-leben-altaegyptisches-kreuzsymbol\\\/#primaryimage\"},\"image\":{\"@id\":\"https:\\\/\\\/drescherjewellery.com\\\/de\\\/termek\\\/silberne-ankh-ohrringe-schluessel-zum-leben-altaegyptisches-kreuzsymbol\\\/#primaryimage\"},\"thumbnailUrl\":\"https:\\\/\\\/drescherjewellery.com\\\/wp-content\\\/uploads\\\/2025\\\/09\\\/Ezust-Ankh-fulbevalo-\u2013-az-elet-kulcsa-oegyiptomi-kereszt-szimbolum_2.jpg\",\"datePublished\":\"2025-09-05T19:50:11+00:00\",\"dateModified\":\"2026-04-01T15:19:28+00:00\",\"description\":\"Fedezd fel a leny\u0171g\u00f6z\u0151 Silberne Ankh-Ohrringe - Schl\u00fcssel zum Leben, alt\u00e4gyptisches Kreuzsymbol \u00e9kszer\u00fcnket. T\u00f6k\u00e9letes kieg\u00e9sz\u00edt\u0151 mindennapi viselethez \u00e9s k\u00fcl\u00f6nleges alkalmakra egyar\u00e1nt. Rendeld meg most!\",\"breadcrumb\":{\"@id\":\"https:\\\/\\\/drescherjewellery.com\\\/de\\\/termek\\\/silberne-ankh-ohrringe-schluessel-zum-leben-altaegyptisches-kreuzsymbol\\\/#breadcrumb\"},\"inLanguage\":\"de\",\"potentialAction\":[{\"@type\":\"ReadAction\",\"target\":[\"https:\\\/\\\/drescherjewellery.com\\\/de\\\/termek\\\/silberne-ankh-ohrringe-schluessel-zum-leben-altaegyptisches-kreuzsymbol\\\/\"]}]},{\"@type\":\"ImageObject\",\"inLanguage\":\"de\",\"@id\":\"https:\\\/\\\/drescherjewellery.com\\\/de\\\/termek\\\/silberne-ankh-ohrringe-schluessel-zum-leben-altaegyptisches-kreuzsymbol\\\/#primaryimage\",\"url\":\"https:\\\/\\\/drescherjewellery.com\\\/wp-content\\\/uploads\\\/2025\\\/09\\\/Ezust-Ankh-fulbevalo-\u2013-az-elet-kulcsa-oegyiptomi-kereszt-szimbolum_2.jpg\",\"contentUrl\":\"https:\\\/\\\/drescherjewellery.com\\\/wp-content\\\/uploads\\\/2025\\\/09\\\/Ezust-Ankh-fulbevalo-\u2013-az-elet-kulcsa-oegyiptomi-kereszt-szimbolum_2.jpg\",\"width\":1340,\"height\":1785},{\"@type\":\"BreadcrumbList\",\"@id\":\"https:\\\/\\\/drescherjewellery.com\\\/de\\\/termek\\\/silberne-ankh-ohrringe-schluessel-zum-leben-altaegyptisches-kreuzsymbol\\\/#breadcrumb\",\"itemListElement\":[{\"@type\":\"ListItem\",\"position\":1,\"name\":\"Kezd\u0151lap\",\"item\":\"https:\\\/\\\/drescherjewellery.com\\\/de\\\/\"},{\"@type\":\"ListItem\",\"position\":2,\"name\":\"Shop\",\"item\":\"https:\\\/\\\/drescherjewellery.com\\\/de\\\/shop\\\/\"},{\"@type\":\"ListItem\",\"position\":3,\"name\":\"Silberne Ankh-Ohrringe &#8211; Schl\u00fcssel zum Leben, alt\u00e4gyptisches Kreuzsymbol\"}]},{\"@type\":\"WebSite\",\"@id\":\"https:\\\/\\\/drescherjewellery.com\\\/de\\\/#website\",\"url\":\"https:\\\/\\\/drescherjewellery.com\\\/de\\\/\",\"name\":\"Drescher Jewellery\",\"description\":\"Tedd t\u00f6k\u00e9letesebb\u00e9 mindennapjaid a Drescher Jewellery \u00e9kszereivel.\",\"publisher\":{\"@id\":\"https:\\\/\\\/drescherjewellery.com\\\/de\\\/#organization\"},\"alternateName\":\"Ez\u00fcst \u00c9kszer Web\u00e1ruh\u00e1z\",\"potentialAction\":[{\"@type\":\"SearchAction\",\"target\":{\"@type\":\"EntryPoint\",\"urlTemplate\":\"https:\\\/\\\/drescherjewellery.com\\\/de\\\/?s={search_term_string}\"},\"query-input\":{\"@type\":\"PropertyValueSpecification\",\"valueRequired\":true,\"valueName\":\"search_term_string\"}}],\"inLanguage\":\"de\"},{\"@type\":\"Organization\",\"@id\":\"https:\\\/\\\/drescherjewellery.com\\\/de\\\/#organization\",\"name\":\"Drescher Jewellery\",\"url\":\"https:\\\/\\\/drescherjewellery.com\\\/de\\\/\",\"logo\":{\"@type\":\"ImageObject\",\"inLanguage\":\"de\",\"@id\":\"https:\\\/\\\/drescherjewellery.com\\\/de\\\/#\\\/schema\\\/logo\\\/image\\\/\",\"url\":\"https:\\\/\\\/drescherjewellery.com\\\/wp-content\\\/uploads\\\/2026\\\/01\\\/Drescher-Jewellery-wpml.png\",\"contentUrl\":\"https:\\\/\\\/drescherjewellery.com\\\/wp-content\\\/uploads\\\/2026\\\/01\\\/Drescher-Jewellery-wpml.png\",\"width\":500,\"height\":500,\"caption\":\"Drescher Jewellery\"},\"image\":{\"@id\":\"https:\\\/\\\/drescherjewellery.com\\\/de\\\/#\\\/schema\\\/logo\\\/image\\\/\"},\"sameAs\":[\"https:\\\/\\\/www.facebook.com\\\/drescherjewellery\",\"https:\\\/\\\/www.instagram.com\\\/drescherjewellery\",\"https:\\\/\\\/www.tiktok.com\\\/@drescherjewellery\"]}]}<\/script>\n<!-- \/ Yoast SEO Premium plugin. -->","yoast_head_json":{"title":"Silberne Ankh-Ohrringe - Schl\u00fcssel zum Leben, alt\u00e4gyptisches Kreuzsymbol | Drescher Jewellery","description":"Fedezd fel a leny\u0171g\u00f6z\u0151 Silberne Ankh-Ohrringe - Schl\u00fcssel zum Leben, alt\u00e4gyptisches Kreuzsymbol \u00e9kszer\u00fcnket. T\u00f6k\u00e9letes kieg\u00e9sz\u00edt\u0151 mindennapi viselethez \u00e9s k\u00fcl\u00f6nleges alkalmakra egyar\u00e1nt. Rendeld meg most!","robots":{"index":"index","follow":"follow","max-snippet":"max-snippet:-1","max-image-preview":"max-image-preview:large","max-video-preview":"max-video-preview:-1"},"canonical":"https:\/\/drescherjewellery.com\/de\/termek\/silberne-ankh-ohrringe-schluessel-zum-leben-altaegyptisches-kreuzsymbol\/","og_locale":"de_DE","og_type":"article","og_title":"Silberne Ankh-Ohrringe - Schl\u00fcssel zum Leben, alt\u00e4gyptisches Kreuzsymbol","og_description":"Fedezd fel a leny\u0171g\u00f6z\u0151 Silberne Ankh-Ohrringe - Schl\u00fcssel zum Leben, alt\u00e4gyptisches Kreuzsymbol \u00e9kszer\u00fcnket. T\u00f6k\u00e9letes kieg\u00e9sz\u00edt\u0151 mindennapi viselethez \u00e9s k\u00fcl\u00f6nleges alkalmakra egyar\u00e1nt. Rendeld meg most!","og_url":"https:\/\/drescherjewellery.com\/de\/termek\/silberne-ankh-ohrringe-schluessel-zum-leben-altaegyptisches-kreuzsymbol\/","og_site_name":"Drescher Jewellery","article_publisher":"https:\/\/www.facebook.com\/drescherjewellery","article_modified_time":"2026-04-01T15:19:28+00:00","og_image":[{"width":1340,"height":1785,"url":"https:\/\/drescherjewellery.com\/wp-content\/uploads\/2025\/09\/Ezust-Ankh-fulbevalo-\u2013-az-elet-kulcsa-oegyiptomi-kereszt-szimbolum_2.jpg","type":"image\/jpeg"}],"twitter_card":"summary_large_image","twitter_misc":{"Gesch\u00e4tzte Lesezeit":"1\u00a0Minute"},"schema":{"@context":"https:\/\/schema.org","@graph":[{"@type":"WebPage","@id":"https:\/\/drescherjewellery.com\/de\/termek\/silberne-ankh-ohrringe-schluessel-zum-leben-altaegyptisches-kreuzsymbol\/","url":"https:\/\/drescherjewellery.com\/de\/termek\/silberne-ankh-ohrringe-schluessel-zum-leben-altaegyptisches-kreuzsymbol\/","name":"Silberne Ankh-Ohrringe - Schl\u00fcssel zum Leben, alt\u00e4gyptisches Kreuzsymbol | Drescher Jewellery","isPartOf":{"@id":"https:\/\/drescherjewellery.com\/de\/#website"},"primaryImageOfPage":{"@id":"https:\/\/drescherjewellery.com\/de\/termek\/silberne-ankh-ohrringe-schluessel-zum-leben-altaegyptisches-kreuzsymbol\/#primaryimage"},"image":{"@id":"https:\/\/drescherjewellery.com\/de\/termek\/silberne-ankh-ohrringe-schluessel-zum-leben-altaegyptisches-kreuzsymbol\/#primaryimage"},"thumbnailUrl":"https:\/\/drescherjewellery.com\/wp-content\/uploads\/2025\/09\/Ezust-Ankh-fulbevalo-\u2013-az-elet-kulcsa-oegyiptomi-kereszt-szimbolum_2.jpg","datePublished":"2025-09-05T19:50:11+00:00","dateModified":"2026-04-01T15:19:28+00:00","description":"Fedezd fel a leny\u0171g\u00f6z\u0151 Silberne Ankh-Ohrringe - Schl\u00fcssel zum Leben, alt\u00e4gyptisches Kreuzsymbol \u00e9kszer\u00fcnket. T\u00f6k\u00e9letes kieg\u00e9sz\u00edt\u0151 mindennapi viselethez \u00e9s k\u00fcl\u00f6nleges alkalmakra egyar\u00e1nt. Rendeld meg most!","breadcrumb":{"@id":"https:\/\/drescherjewellery.com\/de\/termek\/silberne-ankh-ohrringe-schluessel-zum-leben-altaegyptisches-kreuzsymbol\/#breadcrumb"},"inLanguage":"de","potentialAction":[{"@type":"ReadAction","target":["https:\/\/drescherjewellery.com\/de\/termek\/silberne-ankh-ohrringe-schluessel-zum-leben-altaegyptisches-kreuzsymbol\/"]}]},{"@type":"ImageObject","inLanguage":"de","@id":"https:\/\/drescherjewellery.com\/de\/termek\/silberne-ankh-ohrringe-schluessel-zum-leben-altaegyptisches-kreuzsymbol\/#primaryimage","url":"https:\/\/drescherjewellery.com\/wp-content\/uploads\/2025\/09\/Ezust-Ankh-fulbevalo-\u2013-az-elet-kulcsa-oegyiptomi-kereszt-szimbolum_2.jpg","contentUrl":"https:\/\/drescherjewellery.com\/wp-content\/uploads\/2025\/09\/Ezust-Ankh-fulbevalo-\u2013-az-elet-kulcsa-oegyiptomi-kereszt-szimbolum_2.jpg","width":1340,"height":1785},{"@type":"BreadcrumbList","@id":"https:\/\/drescherjewellery.com\/de\/termek\/silberne-ankh-ohrringe-schluessel-zum-leben-altaegyptisches-kreuzsymbol\/#breadcrumb","itemListElement":[{"@type":"ListItem","position":1,"name":"Kezd\u0151lap","item":"https:\/\/drescherjewellery.com\/de\/"},{"@type":"ListItem","position":2,"name":"Shop","item":"https:\/\/drescherjewellery.com\/de\/shop\/"},{"@type":"ListItem","position":3,"name":"Silberne Ankh-Ohrringe &#8211; Schl\u00fcssel zum Leben, alt\u00e4gyptisches Kreuzsymbol"}]},{"@type":"WebSite","@id":"https:\/\/drescherjewellery.com\/de\/#website","url":"https:\/\/drescherjewellery.com\/de\/","name":"Drescher Jewellery","description":"Tedd t\u00f6k\u00e9letesebb\u00e9 mindennapjaid a Drescher Jewellery \u00e9kszereivel.","publisher":{"@id":"https:\/\/drescherjewellery.com\/de\/#organization"},"alternateName":"Ez\u00fcst \u00c9kszer Web\u00e1ruh\u00e1z","potentialAction":[{"@type":"SearchAction","target":{"@type":"EntryPoint","urlTemplate":"https:\/\/drescherjewellery.com\/de\/?s={search_term_string}"},"query-input":{"@type":"PropertyValueSpecification","valueRequired":true,"valueName":"search_term_string"}}],"inLanguage":"de"},{"@type":"Organization","@id":"https:\/\/drescherjewellery.com\/de\/#organization","name":"Drescher Jewellery","url":"https:\/\/drescherjewellery.com\/de\/","logo":{"@type":"ImageObject","inLanguage":"de","@id":"https:\/\/drescherjewellery.com\/de\/#\/schema\/logo\/image\/","url":"https:\/\/drescherjewellery.com\/wp-content\/uploads\/2026\/01\/Drescher-Jewellery-wpml.png","contentUrl":"https:\/\/drescherjewellery.com\/wp-content\/uploads\/2026\/01\/Drescher-Jewellery-wpml.png","width":500,"height":500,"caption":"Drescher Jewellery"},"image":{"@id":"https:\/\/drescherjewellery.com\/de\/#\/schema\/logo\/image\/"},"sameAs":["https:\/\/www.facebook.com\/drescherjewellery","https:\/\/www.instagram.com\/drescherjewellery","https:\/\/www.tiktok.com\/@drescherjewellery"]}]}},"_links":{"self":[{"href":"https:\/\/drescherjewellery.com\/de\/wp-json\/wp\/v2\/product\/110140","targetHints":{"allow":["GET"]}}],"collection":[{"href":"https:\/\/drescherjewellery.com\/de\/wp-json\/wp\/v2\/product"}],"about":[{"href":"https:\/\/drescherjewellery.com\/de\/wp-json\/wp\/v2\/types\/product"}],"version-history":[{"count":0,"href":"https:\/\/drescherjewellery.com\/de\/wp-json\/wp\/v2\/product\/110140\/revisions"}],"wp:featuredmedia":[{"embeddable":true,"href":"https:\/\/drescherjewellery.com\/de\/wp-json\/wp\/v2\/media\/107882"}],"wp:attachment":[{"href":"https:\/\/drescherjewellery.com\/de\/wp-json\/wp\/v2\/media?parent=110140"}],"wp:term":[{"taxonomy":"product_brand","embeddable":true,"href":"https:\/\/drescherjewellery.com\/de\/wp-json\/wp\/v2\/product_brand?post=110140"},{"taxonomy":"product_cat","embeddable":true,"href":"https:\/\/drescherjewellery.com\/de\/wp-json\/wp\/v2\/product_cat?post=110140"},{"taxonomy":"product_tag","embeddable":true,"href":"https:\/\/drescherjewellery.com\/de\/wp-json\/wp\/v2\/product_tag?post=110140"}],"curies":[{"name":"wp","href":"https:\/\/api.w.org\/{rel}","templated":true}]}}