{"id":111834,"date":"2025-10-25T17:58:31","date_gmt":"2025-10-25T15:58:31","guid":{"rendered":"https:\/\/dianasilver.hu\/termek\/silberne-perlmuttfassung-mit-rhodinierten-zirkoniasteinen-ohne-kette\/"},"modified":"2025-10-25T17:58:31","modified_gmt":"2025-10-25T15:58:31","slug":"silberne-perlmuttfassung-mit-rhodinierten-zirkoniasteinen-ohne-kette","status":"publish","type":"product","link":"https:\/\/drescherjewellery.com\/de\/termek\/silberne-perlmuttfassung-mit-rhodinierten-zirkoniasteinen-ohne-kette\/","title":{"rendered":"Silberne Perlmuttfassung mit rhodinierten Zirkoniasteinen &#8211; ohne Kette"},"content":{"rendered":"<h2 data-start=\"277\" data-end=\"355\"><strong data-start=\"277\" data-end=\"353\">Perlmutt-Silberschmuck-Set &#8211; Harmonie von nat\u00fcrlichem Licht und Eleganz<\/strong><\/h2>\n<ul data-start=\"357\" data-end=\"971\">\n<li data-start=\"357\" data-end=\"472\">\n<p data-start=\"359\" data-end=\"472\">Das Set besteht <strong data-start=\"367\" data-end=\"386\">aus AG 925 Silber<\/strong> <strong data-start=\"396\" data-end=\"417\">mit Rhodiumbeschichtung<\/strong> f\u00fcr lang anhaltenden Glanz und Verschlei\u00dffestigkeit.<\/p>\n<\/li>\n<li data-start=\"473\" data-end=\"619\">\n<p data-start=\"475\" data-end=\"619\">Der nat\u00fcrliche, dezent schillernde Glanz der <strong data-start=\"477\" data-end=\"498\">Perlmutt-Intarsien<\/strong> verleiht der Tr\u00e4gerin ein besonderes Strahlen &#8211; jedes St\u00fcck ist einzigartig, genau wie Sie.<\/p>\n<\/li>\n<li data-start=\"620\" data-end=\"752\">\n<p data-start=\"622\" data-end=\"752\">Der Anh\u00e4nger und die Ohrringe sind mit einem <strong data-start=\"653\" data-end=\"676\">schimmernden Zirkoniastein<\/strong> besetzt, der die Zartheit und den femininen Charme der Perle noch unterstreicht.<\/p>\n<\/li>\n<li data-start=\"753\" data-end=\"836\">\n<p data-start=\"755\" data-end=\"836\"><strong data-start=\"755\" data-end=\"770\">Ohne Kette<\/strong> erh\u00e4ltlich, so dass Sie es mit Ihrer Lieblings-Silberkette kombinieren k\u00f6nnen.<\/p>\n<\/li>\n<li data-start=\"837\" data-end=\"971\">\n<p data-start=\"839\" data-end=\"971\">Dieses elegante und zugleich unaufdringliche Set ist perfekt <strong data-start=\"906\" data-end=\"969\">f\u00fcr besondere Anl\u00e4sse, Hochzeiten oder als Geschenk f\u00fcr liebe Menschen.<\/strong><\/p>\n<\/li>\n<\/ul>\n<p data-start=\"973\" data-end=\"1095\" data-is-last-node=\"\" data-is-only-node=\"\">Dieses zarte, klare und doch einzigartige Set ist die perfekte Verbindung von nat\u00fcrlicher Sch\u00f6nheit und moderner Eleganz \ud83c\udf38\ud83d\udcab. <\/p>\n","protected":false},"excerpt":{"rendered":"<p>Eine raffinierte und feminine Wahl. Dieses wundersch\u00f6ne <strong data-start=\"140\" data-end=\"167\">Perlenschmuckset<\/strong> wird Sie mit seinem sanften Schimmer und eleganten Design bezaubern. \ud83e\udd0d\u2728 <\/p>\n","protected":false},"featured_media":110384,"template":"","meta":[],"product_brand":[],"product_cat":[526],"product_tag":[527],"class_list":{"0":"post-111834","1":"product","2":"type-product","3":"status-publish","4":"has-post-thumbnail","6":"product_cat-silberschmuck-set","7":"product_tag-damen","8":"description-off","10":"first","11":"instock","12":"taxable","13":"shipping-taxable","14":"purchasable","15":"product-type-simple"},"yoast_head":"<!-- This site is optimized with the Yoast SEO Premium plugin v26.8 (Yoast SEO v27.4) - https:\/\/yoast.com\/product\/yoast-seo-premium-wordpress\/ -->\n<title>Silberne Perlmuttfassung mit rhodinierten Zirkoniasteinen - ohne Kette | Drescher Jewellery<\/title>\n<meta name=\"description\" content=\"Fedezd fel a leny\u0171g\u00f6z\u0151 Silberne Perlmuttfassung mit rhodinierten Zirkoniasteinen - ohne Kette \u00e9kszer\u00fcnket. T\u00f6k\u00e9letes kieg\u00e9sz\u00edt\u0151 mindennapi viselethez \u00e9s k\u00fcl\u00f6nleges alkalmakra egyar\u00e1nt. Rendeld meg most!\" \/>\n<meta name=\"robots\" content=\"index, follow, max-snippet:-1, max-image-preview:large, max-video-preview:-1\" \/>\n<link rel=\"canonical\" href=\"https:\/\/drescherjewellery.com\/de\/termek\/silberne-perlmuttfassung-mit-rhodinierten-zirkoniasteinen-ohne-kette\/\" \/>\n<meta property=\"og:locale\" content=\"de_DE\" \/>\n<meta property=\"og:type\" content=\"article\" \/>\n<meta property=\"og:title\" content=\"Silberne Perlmuttfassung mit rhodinierten Zirkoniasteinen - ohne Kette\" \/>\n<meta property=\"og:description\" content=\"Fedezd fel a leny\u0171g\u00f6z\u0151 Silberne Perlmuttfassung mit rhodinierten Zirkoniasteinen - ohne Kette \u00e9kszer\u00fcnket. T\u00f6k\u00e9letes kieg\u00e9sz\u00edt\u0151 mindennapi viselethez \u00e9s k\u00fcl\u00f6nleges alkalmakra egyar\u00e1nt. Rendeld meg most!\" \/>\n<meta property=\"og:url\" content=\"https:\/\/drescherjewellery.com\/de\/termek\/silberne-perlmuttfassung-mit-rhodinierten-zirkoniasteinen-ohne-kette\/\" \/>\n<meta property=\"og:site_name\" content=\"Drescher Jewellery\" \/>\n<meta property=\"article:publisher\" content=\"https:\/\/www.facebook.com\/drescherjewellery\" \/>\n<meta property=\"og:image\" content=\"https:\/\/drescherjewellery.com\/wp-content\/uploads\/2025\/10\/Gyongyhazas-ezust-ekszerszett-cirkonia-kovekkel-rodium-bevonattal_2.jpg\" \/>\n\t<meta property=\"og:image:width\" content=\"1350\" \/>\n\t<meta property=\"og:image:height\" content=\"1800\" \/>\n\t<meta property=\"og:image:type\" content=\"image\/jpeg\" \/>\n<meta name=\"twitter:card\" content=\"summary_large_image\" \/>\n<meta name=\"twitter:label1\" content=\"Gesch\u00e4tzte Lesezeit\" \/>\n\t<meta name=\"twitter:data1\" content=\"1\u00a0Minute\" \/>\n<script type=\"application\/ld+json\" class=\"yoast-schema-graph\">{\"@context\":\"https:\\\/\\\/schema.org\",\"@graph\":[{\"@type\":\"WebPage\",\"@id\":\"https:\\\/\\\/drescherjewellery.com\\\/de\\\/termek\\\/silberne-perlmuttfassung-mit-rhodinierten-zirkoniasteinen-ohne-kette\\\/\",\"url\":\"https:\\\/\\\/drescherjewellery.com\\\/de\\\/termek\\\/silberne-perlmuttfassung-mit-rhodinierten-zirkoniasteinen-ohne-kette\\\/\",\"name\":\"Silberne Perlmuttfassung mit rhodinierten Zirkoniasteinen - ohne Kette | Drescher Jewellery\",\"isPartOf\":{\"@id\":\"https:\\\/\\\/drescherjewellery.com\\\/de\\\/#website\"},\"primaryImageOfPage\":{\"@id\":\"https:\\\/\\\/drescherjewellery.com\\\/de\\\/termek\\\/silberne-perlmuttfassung-mit-rhodinierten-zirkoniasteinen-ohne-kette\\\/#primaryimage\"},\"image\":{\"@id\":\"https:\\\/\\\/drescherjewellery.com\\\/de\\\/termek\\\/silberne-perlmuttfassung-mit-rhodinierten-zirkoniasteinen-ohne-kette\\\/#primaryimage\"},\"thumbnailUrl\":\"https:\\\/\\\/drescherjewellery.com\\\/wp-content\\\/uploads\\\/2025\\\/10\\\/Gyongyhazas-ezust-ekszerszett-cirkonia-kovekkel-rodium-bevonattal_2.jpg\",\"datePublished\":\"2025-10-25T15:58:31+00:00\",\"description\":\"Fedezd fel a leny\u0171g\u00f6z\u0151 Silberne Perlmuttfassung mit rhodinierten Zirkoniasteinen - ohne Kette \u00e9kszer\u00fcnket. T\u00f6k\u00e9letes kieg\u00e9sz\u00edt\u0151 mindennapi viselethez \u00e9s k\u00fcl\u00f6nleges alkalmakra egyar\u00e1nt. Rendeld meg most!\",\"breadcrumb\":{\"@id\":\"https:\\\/\\\/drescherjewellery.com\\\/de\\\/termek\\\/silberne-perlmuttfassung-mit-rhodinierten-zirkoniasteinen-ohne-kette\\\/#breadcrumb\"},\"inLanguage\":\"de\",\"potentialAction\":[{\"@type\":\"ReadAction\",\"target\":[\"https:\\\/\\\/drescherjewellery.com\\\/de\\\/termek\\\/silberne-perlmuttfassung-mit-rhodinierten-zirkoniasteinen-ohne-kette\\\/\"]}]},{\"@type\":\"ImageObject\",\"inLanguage\":\"de\",\"@id\":\"https:\\\/\\\/drescherjewellery.com\\\/de\\\/termek\\\/silberne-perlmuttfassung-mit-rhodinierten-zirkoniasteinen-ohne-kette\\\/#primaryimage\",\"url\":\"https:\\\/\\\/drescherjewellery.com\\\/wp-content\\\/uploads\\\/2025\\\/10\\\/Gyongyhazas-ezust-ekszerszett-cirkonia-kovekkel-rodium-bevonattal_2.jpg\",\"contentUrl\":\"https:\\\/\\\/drescherjewellery.com\\\/wp-content\\\/uploads\\\/2025\\\/10\\\/Gyongyhazas-ezust-ekszerszett-cirkonia-kovekkel-rodium-bevonattal_2.jpg\",\"width\":1350,\"height\":1800},{\"@type\":\"BreadcrumbList\",\"@id\":\"https:\\\/\\\/drescherjewellery.com\\\/de\\\/termek\\\/silberne-perlmuttfassung-mit-rhodinierten-zirkoniasteinen-ohne-kette\\\/#breadcrumb\",\"itemListElement\":[{\"@type\":\"ListItem\",\"position\":1,\"name\":\"Kezd\u0151lap\",\"item\":\"https:\\\/\\\/drescherjewellery.com\\\/de\\\/\"},{\"@type\":\"ListItem\",\"position\":2,\"name\":\"Shop\",\"item\":\"https:\\\/\\\/drescherjewellery.com\\\/de\\\/shop\\\/\"},{\"@type\":\"ListItem\",\"position\":3,\"name\":\"Silberne Perlmuttfassung mit rhodinierten Zirkoniasteinen &#8211; ohne Kette\"}]},{\"@type\":\"WebSite\",\"@id\":\"https:\\\/\\\/drescherjewellery.com\\\/de\\\/#website\",\"url\":\"https:\\\/\\\/drescherjewellery.com\\\/de\\\/\",\"name\":\"Drescher Jewellery\",\"description\":\"Tedd t\u00f6k\u00e9letesebb\u00e9 mindennapjaid a Drescher Jewellery \u00e9kszereivel.\",\"publisher\":{\"@id\":\"https:\\\/\\\/drescherjewellery.com\\\/de\\\/#organization\"},\"alternateName\":\"Ez\u00fcst \u00c9kszer Web\u00e1ruh\u00e1z\",\"potentialAction\":[{\"@type\":\"SearchAction\",\"target\":{\"@type\":\"EntryPoint\",\"urlTemplate\":\"https:\\\/\\\/drescherjewellery.com\\\/de\\\/?s={search_term_string}\"},\"query-input\":{\"@type\":\"PropertyValueSpecification\",\"valueRequired\":true,\"valueName\":\"search_term_string\"}}],\"inLanguage\":\"de\"},{\"@type\":\"Organization\",\"@id\":\"https:\\\/\\\/drescherjewellery.com\\\/de\\\/#organization\",\"name\":\"Drescher Jewellery\",\"url\":\"https:\\\/\\\/drescherjewellery.com\\\/de\\\/\",\"logo\":{\"@type\":\"ImageObject\",\"inLanguage\":\"de\",\"@id\":\"https:\\\/\\\/drescherjewellery.com\\\/de\\\/#\\\/schema\\\/logo\\\/image\\\/\",\"url\":\"https:\\\/\\\/drescherjewellery.com\\\/wp-content\\\/uploads\\\/2026\\\/01\\\/Drescher-Jewellery-wpml.png\",\"contentUrl\":\"https:\\\/\\\/drescherjewellery.com\\\/wp-content\\\/uploads\\\/2026\\\/01\\\/Drescher-Jewellery-wpml.png\",\"width\":500,\"height\":500,\"caption\":\"Drescher Jewellery\"},\"image\":{\"@id\":\"https:\\\/\\\/drescherjewellery.com\\\/de\\\/#\\\/schema\\\/logo\\\/image\\\/\"},\"sameAs\":[\"https:\\\/\\\/www.facebook.com\\\/drescherjewellery\",\"https:\\\/\\\/www.instagram.com\\\/drescherjewellery\",\"https:\\\/\\\/www.tiktok.com\\\/@drescherjewellery\"]}]}<\/script>\n<!-- \/ Yoast SEO Premium plugin. -->","yoast_head_json":{"title":"Silberne Perlmuttfassung mit rhodinierten Zirkoniasteinen - ohne Kette | Drescher Jewellery","description":"Fedezd fel a leny\u0171g\u00f6z\u0151 Silberne Perlmuttfassung mit rhodinierten Zirkoniasteinen - ohne Kette \u00e9kszer\u00fcnket. T\u00f6k\u00e9letes kieg\u00e9sz\u00edt\u0151 mindennapi viselethez \u00e9s k\u00fcl\u00f6nleges alkalmakra egyar\u00e1nt. Rendeld meg most!","robots":{"index":"index","follow":"follow","max-snippet":"max-snippet:-1","max-image-preview":"max-image-preview:large","max-video-preview":"max-video-preview:-1"},"canonical":"https:\/\/drescherjewellery.com\/de\/termek\/silberne-perlmuttfassung-mit-rhodinierten-zirkoniasteinen-ohne-kette\/","og_locale":"de_DE","og_type":"article","og_title":"Silberne Perlmuttfassung mit rhodinierten Zirkoniasteinen - ohne Kette","og_description":"Fedezd fel a leny\u0171g\u00f6z\u0151 Silberne Perlmuttfassung mit rhodinierten Zirkoniasteinen - ohne Kette \u00e9kszer\u00fcnket. T\u00f6k\u00e9letes kieg\u00e9sz\u00edt\u0151 mindennapi viselethez \u00e9s k\u00fcl\u00f6nleges alkalmakra egyar\u00e1nt. Rendeld meg most!","og_url":"https:\/\/drescherjewellery.com\/de\/termek\/silberne-perlmuttfassung-mit-rhodinierten-zirkoniasteinen-ohne-kette\/","og_site_name":"Drescher Jewellery","article_publisher":"https:\/\/www.facebook.com\/drescherjewellery","og_image":[{"width":1350,"height":1800,"url":"https:\/\/drescherjewellery.com\/wp-content\/uploads\/2025\/10\/Gyongyhazas-ezust-ekszerszett-cirkonia-kovekkel-rodium-bevonattal_2.jpg","type":"image\/jpeg"}],"twitter_card":"summary_large_image","twitter_misc":{"Gesch\u00e4tzte Lesezeit":"1\u00a0Minute"},"schema":{"@context":"https:\/\/schema.org","@graph":[{"@type":"WebPage","@id":"https:\/\/drescherjewellery.com\/de\/termek\/silberne-perlmuttfassung-mit-rhodinierten-zirkoniasteinen-ohne-kette\/","url":"https:\/\/drescherjewellery.com\/de\/termek\/silberne-perlmuttfassung-mit-rhodinierten-zirkoniasteinen-ohne-kette\/","name":"Silberne Perlmuttfassung mit rhodinierten Zirkoniasteinen - ohne Kette | Drescher Jewellery","isPartOf":{"@id":"https:\/\/drescherjewellery.com\/de\/#website"},"primaryImageOfPage":{"@id":"https:\/\/drescherjewellery.com\/de\/termek\/silberne-perlmuttfassung-mit-rhodinierten-zirkoniasteinen-ohne-kette\/#primaryimage"},"image":{"@id":"https:\/\/drescherjewellery.com\/de\/termek\/silberne-perlmuttfassung-mit-rhodinierten-zirkoniasteinen-ohne-kette\/#primaryimage"},"thumbnailUrl":"https:\/\/drescherjewellery.com\/wp-content\/uploads\/2025\/10\/Gyongyhazas-ezust-ekszerszett-cirkonia-kovekkel-rodium-bevonattal_2.jpg","datePublished":"2025-10-25T15:58:31+00:00","description":"Fedezd fel a leny\u0171g\u00f6z\u0151 Silberne Perlmuttfassung mit rhodinierten Zirkoniasteinen - ohne Kette \u00e9kszer\u00fcnket. T\u00f6k\u00e9letes kieg\u00e9sz\u00edt\u0151 mindennapi viselethez \u00e9s k\u00fcl\u00f6nleges alkalmakra egyar\u00e1nt. Rendeld meg most!","breadcrumb":{"@id":"https:\/\/drescherjewellery.com\/de\/termek\/silberne-perlmuttfassung-mit-rhodinierten-zirkoniasteinen-ohne-kette\/#breadcrumb"},"inLanguage":"de","potentialAction":[{"@type":"ReadAction","target":["https:\/\/drescherjewellery.com\/de\/termek\/silberne-perlmuttfassung-mit-rhodinierten-zirkoniasteinen-ohne-kette\/"]}]},{"@type":"ImageObject","inLanguage":"de","@id":"https:\/\/drescherjewellery.com\/de\/termek\/silberne-perlmuttfassung-mit-rhodinierten-zirkoniasteinen-ohne-kette\/#primaryimage","url":"https:\/\/drescherjewellery.com\/wp-content\/uploads\/2025\/10\/Gyongyhazas-ezust-ekszerszett-cirkonia-kovekkel-rodium-bevonattal_2.jpg","contentUrl":"https:\/\/drescherjewellery.com\/wp-content\/uploads\/2025\/10\/Gyongyhazas-ezust-ekszerszett-cirkonia-kovekkel-rodium-bevonattal_2.jpg","width":1350,"height":1800},{"@type":"BreadcrumbList","@id":"https:\/\/drescherjewellery.com\/de\/termek\/silberne-perlmuttfassung-mit-rhodinierten-zirkoniasteinen-ohne-kette\/#breadcrumb","itemListElement":[{"@type":"ListItem","position":1,"name":"Kezd\u0151lap","item":"https:\/\/drescherjewellery.com\/de\/"},{"@type":"ListItem","position":2,"name":"Shop","item":"https:\/\/drescherjewellery.com\/de\/shop\/"},{"@type":"ListItem","position":3,"name":"Silberne Perlmuttfassung mit rhodinierten Zirkoniasteinen &#8211; ohne Kette"}]},{"@type":"WebSite","@id":"https:\/\/drescherjewellery.com\/de\/#website","url":"https:\/\/drescherjewellery.com\/de\/","name":"Drescher Jewellery","description":"Tedd t\u00f6k\u00e9letesebb\u00e9 mindennapjaid a Drescher Jewellery \u00e9kszereivel.","publisher":{"@id":"https:\/\/drescherjewellery.com\/de\/#organization"},"alternateName":"Ez\u00fcst \u00c9kszer Web\u00e1ruh\u00e1z","potentialAction":[{"@type":"SearchAction","target":{"@type":"EntryPoint","urlTemplate":"https:\/\/drescherjewellery.com\/de\/?s={search_term_string}"},"query-input":{"@type":"PropertyValueSpecification","valueRequired":true,"valueName":"search_term_string"}}],"inLanguage":"de"},{"@type":"Organization","@id":"https:\/\/drescherjewellery.com\/de\/#organization","name":"Drescher Jewellery","url":"https:\/\/drescherjewellery.com\/de\/","logo":{"@type":"ImageObject","inLanguage":"de","@id":"https:\/\/drescherjewellery.com\/de\/#\/schema\/logo\/image\/","url":"https:\/\/drescherjewellery.com\/wp-content\/uploads\/2026\/01\/Drescher-Jewellery-wpml.png","contentUrl":"https:\/\/drescherjewellery.com\/wp-content\/uploads\/2026\/01\/Drescher-Jewellery-wpml.png","width":500,"height":500,"caption":"Drescher Jewellery"},"image":{"@id":"https:\/\/drescherjewellery.com\/de\/#\/schema\/logo\/image\/"},"sameAs":["https:\/\/www.facebook.com\/drescherjewellery","https:\/\/www.instagram.com\/drescherjewellery","https:\/\/www.tiktok.com\/@drescherjewellery"]}]}},"_links":{"self":[{"href":"https:\/\/drescherjewellery.com\/de\/wp-json\/wp\/v2\/product\/111834","targetHints":{"allow":["GET"]}}],"collection":[{"href":"https:\/\/drescherjewellery.com\/de\/wp-json\/wp\/v2\/product"}],"about":[{"href":"https:\/\/drescherjewellery.com\/de\/wp-json\/wp\/v2\/types\/product"}],"version-history":[{"count":0,"href":"https:\/\/drescherjewellery.com\/de\/wp-json\/wp\/v2\/product\/111834\/revisions"}],"wp:featuredmedia":[{"embeddable":true,"href":"https:\/\/drescherjewellery.com\/de\/wp-json\/wp\/v2\/media\/110384"}],"wp:attachment":[{"href":"https:\/\/drescherjewellery.com\/de\/wp-json\/wp\/v2\/media?parent=111834"}],"wp:term":[{"taxonomy":"product_brand","embeddable":true,"href":"https:\/\/drescherjewellery.com\/de\/wp-json\/wp\/v2\/product_brand?post=111834"},{"taxonomy":"product_cat","embeddable":true,"href":"https:\/\/drescherjewellery.com\/de\/wp-json\/wp\/v2\/product_cat?post=111834"},{"taxonomy":"product_tag","embeddable":true,"href":"https:\/\/drescherjewellery.com\/de\/wp-json\/wp\/v2\/product_tag?post=111834"}],"curies":[{"name":"wp","href":"https:\/\/api.w.org\/{rel}","templated":true}]}}