{"id":111842,"date":"2025-10-25T20:43:48","date_gmt":"2025-10-25T18:43:48","guid":{"rendered":"https:\/\/dianasilver.hu\/termek\/weisser-zirkonia-ring-aus-sterlingsilber-mit-rhodiumbeschichtung-klassischer-solitaer-verlobungsring\/"},"modified":"2026-04-01T17:20:03","modified_gmt":"2026-04-01T15:20:03","slug":"weisser-zirkonia-ring-aus-sterlingsilber-mit-rhodiumbeschichtung-klassischer-solitaer-verlobungsring","status":"publish","type":"product","link":"https:\/\/drescherjewellery.com\/de\/termek\/weisser-zirkonia-ring-aus-sterlingsilber-mit-rhodiumbeschichtung-klassischer-solitaer-verlobungsring\/","title":{"rendered":"Wei\u00dfer Zirkonia Ring aus Sterlingsilber mit Rhodiumbeschichtung &#8211; klassischer Solit\u00e4r-Verlobungsring"},"content":{"rendered":"<h2 data-start=\"322\" data-end=\"411\"><strong data-start=\"322\" data-end=\"409\">Wei\u00dfer Zirkonia Stein Solit\u00e4r Silberring &#8211; das Gl\u00fchen der Liebe in jedem Moment<\/strong><\/h2>\n<ul data-start=\"413\" data-end=\"968\">\n<li data-start=\"413\" data-end=\"538\">\n<p data-start=\"415\" data-end=\"538\">Hergestellt aus hochwertigem <strong data-start=\"431\" data-end=\"450\">AG 925 Silber<\/strong>, <strong data-start=\"460\" data-end=\"481\">mit Rhodiumbeschichtung<\/strong> f\u00fcr zus\u00e4tzlichen Glanz und zum Schutz des Rings vor Oxidation.<\/p>\n<\/li>\n<li data-start=\"539\" data-end=\"673\">\n<p data-start=\"541\" data-end=\"673\">In der Mitte <strong data-start=\"553\" data-end=\"594\">gl\u00e4nzt<\/strong> ein <strong data-start=\"553\" data-end=\"594\">wei\u00dfer Zirkonia im Brillantschliff<\/strong>, der von einer Reihe kleinerer Steine am Ringschaft akzentuiert wird.<\/p>\n<\/li>\n<li data-start=\"674\" data-end=\"779\">\n<p data-start=\"676\" data-end=\"779\">Der Solit\u00e4r ist das ewige Symbol des klassischen Verlobungsrings &#8211; schlicht, elegant und doch auffallend.<\/p>\n<\/li>\n<li data-start=\"780\" data-end=\"874\">\n<p data-start=\"782\" data-end=\"874\">Seine sanft geschwungenen Linien verleihen ihm einen femininen Look, w\u00e4hrend der Stein aus jedem Winkel gl\u00e4nzt.<\/p>\n<\/li>\n<li data-start=\"875\" data-end=\"968\">\n<p data-start=\"877\" data-end=\"968\">Ideal f\u00fcr eine Verlobung, einen Jahrestag oder als Geschenk f\u00fcr jemanden, den Sie wirklich lieben.<\/p>\n<\/li>\n<\/ul>\n<p data-start=\"970\" data-end=\"1041\" data-is-last-node=\"\" data-is-only-node=\"\">Die drei Worte, die ihn beschreiben: <strong data-start=\"997\" data-end=\"1036\">Glanz, Reinheit, Ewigkeit<\/strong>. \ud83d\udc8e\ud83d\udc96<\/p>\n","protected":false},"excerpt":{"rendered":"<p>Die perfekte Wahl, wenn Sie ewige Liebe und reine Gef\u00fchle mit einem Ring ausdr\u00fccken m\u00f6chten. Dieser <strong data-start=\"210\" data-end=\"255\">wei\u00dfe Solit\u00e4r-Silberring mit Zirkonia<\/strong> ist ein Symbol f\u00fcr Eleganz und Weiblichkeit. \ud83d\udc8d\u2728  <\/p>\n","protected":false},"featured_media":110523,"template":"","meta":[],"product_brand":[],"product_cat":[611,612],"product_tag":[527],"class_list":{"0":"post-111842","1":"product","2":"type-product","3":"status-publish","4":"has-post-thumbnail","6":"product_cat-silberne-ringe","7":"product_cat-verlobungsringe-silber","8":"product_tag-damen","9":"description-off","11":"first","12":"instock","13":"taxable","14":"shipping-taxable","15":"product-type-variable"},"yoast_head":"<!-- This site is optimized with the Yoast SEO Premium plugin v26.8 (Yoast SEO v27.4) - https:\/\/yoast.com\/product\/yoast-seo-premium-wordpress\/ -->\n<title>Wei\u00dfer Zirkonia Ring aus Sterlingsilber mit Rhodiumbeschichtung - klassischer Solit\u00e4r-Verlobungsring | Drescher Jewellery<\/title>\n<meta name=\"description\" content=\"Fedezd fel a leny\u0171g\u00f6z\u0151 Wei\u00dfer Zirkonia Ring aus Sterlingsilber mit Rhodiumbeschichtung - klassischer Solit\u00e4r-Verlobungsring \u00e9kszer\u00fcnket. T\u00f6k\u00e9letes kieg\u00e9sz\u00edt\u0151 mindennapi viselethez \u00e9s k\u00fcl\u00f6nleges alkalmakra egyar\u00e1nt. Rendeld meg most!\" \/>\n<meta name=\"robots\" content=\"index, follow, max-snippet:-1, max-image-preview:large, max-video-preview:-1\" \/>\n<link rel=\"canonical\" href=\"https:\/\/drescherjewellery.com\/de\/termek\/weisser-zirkonia-ring-aus-sterlingsilber-mit-rhodiumbeschichtung-klassischer-solitaer-verlobungsring\/\" \/>\n<meta property=\"og:locale\" content=\"de_DE\" \/>\n<meta property=\"og:type\" content=\"article\" \/>\n<meta property=\"og:title\" content=\"Wei\u00dfer Zirkonia Ring aus Sterlingsilber mit Rhodiumbeschichtung - klassischer Solit\u00e4r-Verlobungsring\" \/>\n<meta property=\"og:description\" content=\"Fedezd fel a leny\u0171g\u00f6z\u0151 Wei\u00dfer Zirkonia Ring aus Sterlingsilber mit Rhodiumbeschichtung - klassischer Solit\u00e4r-Verlobungsring \u00e9kszer\u00fcnket. T\u00f6k\u00e9letes kieg\u00e9sz\u00edt\u0151 mindennapi viselethez \u00e9s k\u00fcl\u00f6nleges alkalmakra egyar\u00e1nt. Rendeld meg most!\" \/>\n<meta property=\"og:url\" content=\"https:\/\/drescherjewellery.com\/de\/termek\/weisser-zirkonia-ring-aus-sterlingsilber-mit-rhodiumbeschichtung-klassischer-solitaer-verlobungsring\/\" \/>\n<meta property=\"og:site_name\" content=\"Drescher Jewellery\" \/>\n<meta property=\"article:publisher\" content=\"https:\/\/www.facebook.com\/drescherjewellery\" \/>\n<meta property=\"article:modified_time\" content=\"2026-04-01T15:20:03+00:00\" \/>\n<meta property=\"og:image\" content=\"https:\/\/drescherjewellery.com\/wp-content\/uploads\/2025\/10\/Feher-cirkonia-koves-ezust-gyuru-rodium-bevonattal_1.jpg\" \/>\n\t<meta property=\"og:image:width\" content=\"1350\" \/>\n\t<meta property=\"og:image:height\" content=\"1800\" \/>\n\t<meta property=\"og:image:type\" content=\"image\/jpeg\" \/>\n<meta name=\"twitter:card\" content=\"summary_large_image\" \/>\n<meta name=\"twitter:label1\" content=\"Gesch\u00e4tzte Lesezeit\" \/>\n\t<meta name=\"twitter:data1\" content=\"1\u00a0Minute\" \/>\n<script type=\"application\/ld+json\" class=\"yoast-schema-graph\">{\"@context\":\"https:\\\/\\\/schema.org\",\"@graph\":[{\"@type\":\"WebPage\",\"@id\":\"https:\\\/\\\/drescherjewellery.com\\\/de\\\/termek\\\/weisser-zirkonia-ring-aus-sterlingsilber-mit-rhodiumbeschichtung-klassischer-solitaer-verlobungsring\\\/\",\"url\":\"https:\\\/\\\/drescherjewellery.com\\\/de\\\/termek\\\/weisser-zirkonia-ring-aus-sterlingsilber-mit-rhodiumbeschichtung-klassischer-solitaer-verlobungsring\\\/\",\"name\":\"Wei\u00dfer Zirkonia Ring aus Sterlingsilber mit Rhodiumbeschichtung - klassischer Solit\u00e4r-Verlobungsring | Drescher Jewellery\",\"isPartOf\":{\"@id\":\"https:\\\/\\\/drescherjewellery.com\\\/de\\\/#website\"},\"primaryImageOfPage\":{\"@id\":\"https:\\\/\\\/drescherjewellery.com\\\/de\\\/termek\\\/weisser-zirkonia-ring-aus-sterlingsilber-mit-rhodiumbeschichtung-klassischer-solitaer-verlobungsring\\\/#primaryimage\"},\"image\":{\"@id\":\"https:\\\/\\\/drescherjewellery.com\\\/de\\\/termek\\\/weisser-zirkonia-ring-aus-sterlingsilber-mit-rhodiumbeschichtung-klassischer-solitaer-verlobungsring\\\/#primaryimage\"},\"thumbnailUrl\":\"https:\\\/\\\/drescherjewellery.com\\\/wp-content\\\/uploads\\\/2025\\\/10\\\/Feher-cirkonia-koves-ezust-gyuru-rodium-bevonattal_1.jpg\",\"datePublished\":\"2025-10-25T18:43:48+00:00\",\"dateModified\":\"2026-04-01T15:20:03+00:00\",\"description\":\"Fedezd fel a leny\u0171g\u00f6z\u0151 Wei\u00dfer Zirkonia Ring aus Sterlingsilber mit Rhodiumbeschichtung - klassischer Solit\u00e4r-Verlobungsring \u00e9kszer\u00fcnket. T\u00f6k\u00e9letes kieg\u00e9sz\u00edt\u0151 mindennapi viselethez \u00e9s k\u00fcl\u00f6nleges alkalmakra egyar\u00e1nt. Rendeld meg most!\",\"breadcrumb\":{\"@id\":\"https:\\\/\\\/drescherjewellery.com\\\/de\\\/termek\\\/weisser-zirkonia-ring-aus-sterlingsilber-mit-rhodiumbeschichtung-klassischer-solitaer-verlobungsring\\\/#breadcrumb\"},\"inLanguage\":\"de\",\"potentialAction\":[{\"@type\":\"ReadAction\",\"target\":[\"https:\\\/\\\/drescherjewellery.com\\\/de\\\/termek\\\/weisser-zirkonia-ring-aus-sterlingsilber-mit-rhodiumbeschichtung-klassischer-solitaer-verlobungsring\\\/\"]}]},{\"@type\":\"ImageObject\",\"inLanguage\":\"de\",\"@id\":\"https:\\\/\\\/drescherjewellery.com\\\/de\\\/termek\\\/weisser-zirkonia-ring-aus-sterlingsilber-mit-rhodiumbeschichtung-klassischer-solitaer-verlobungsring\\\/#primaryimage\",\"url\":\"https:\\\/\\\/drescherjewellery.com\\\/wp-content\\\/uploads\\\/2025\\\/10\\\/Feher-cirkonia-koves-ezust-gyuru-rodium-bevonattal_1.jpg\",\"contentUrl\":\"https:\\\/\\\/drescherjewellery.com\\\/wp-content\\\/uploads\\\/2025\\\/10\\\/Feher-cirkonia-koves-ezust-gyuru-rodium-bevonattal_1.jpg\",\"width\":1350,\"height\":1800},{\"@type\":\"BreadcrumbList\",\"@id\":\"https:\\\/\\\/drescherjewellery.com\\\/de\\\/termek\\\/weisser-zirkonia-ring-aus-sterlingsilber-mit-rhodiumbeschichtung-klassischer-solitaer-verlobungsring\\\/#breadcrumb\",\"itemListElement\":[{\"@type\":\"ListItem\",\"position\":1,\"name\":\"Kezd\u0151lap\",\"item\":\"https:\\\/\\\/drescherjewellery.com\\\/de\\\/\"},{\"@type\":\"ListItem\",\"position\":2,\"name\":\"Shop\",\"item\":\"https:\\\/\\\/drescherjewellery.com\\\/de\\\/shop\\\/\"},{\"@type\":\"ListItem\",\"position\":3,\"name\":\"Wei\u00dfer Zirkonia Ring aus Sterlingsilber mit Rhodiumbeschichtung &#8211; klassischer Solit\u00e4r-Verlobungsring\"}]},{\"@type\":\"WebSite\",\"@id\":\"https:\\\/\\\/drescherjewellery.com\\\/de\\\/#website\",\"url\":\"https:\\\/\\\/drescherjewellery.com\\\/de\\\/\",\"name\":\"Drescher Jewellery\",\"description\":\"Tedd t\u00f6k\u00e9letesebb\u00e9 mindennapjaid a Drescher Jewellery \u00e9kszereivel.\",\"publisher\":{\"@id\":\"https:\\\/\\\/drescherjewellery.com\\\/de\\\/#organization\"},\"alternateName\":\"Ez\u00fcst \u00c9kszer Web\u00e1ruh\u00e1z\",\"potentialAction\":[{\"@type\":\"SearchAction\",\"target\":{\"@type\":\"EntryPoint\",\"urlTemplate\":\"https:\\\/\\\/drescherjewellery.com\\\/de\\\/?s={search_term_string}\"},\"query-input\":{\"@type\":\"PropertyValueSpecification\",\"valueRequired\":true,\"valueName\":\"search_term_string\"}}],\"inLanguage\":\"de\"},{\"@type\":\"Organization\",\"@id\":\"https:\\\/\\\/drescherjewellery.com\\\/de\\\/#organization\",\"name\":\"Drescher Jewellery\",\"url\":\"https:\\\/\\\/drescherjewellery.com\\\/de\\\/\",\"logo\":{\"@type\":\"ImageObject\",\"inLanguage\":\"de\",\"@id\":\"https:\\\/\\\/drescherjewellery.com\\\/de\\\/#\\\/schema\\\/logo\\\/image\\\/\",\"url\":\"https:\\\/\\\/drescherjewellery.com\\\/wp-content\\\/uploads\\\/2026\\\/01\\\/Drescher-Jewellery-wpml.png\",\"contentUrl\":\"https:\\\/\\\/drescherjewellery.com\\\/wp-content\\\/uploads\\\/2026\\\/01\\\/Drescher-Jewellery-wpml.png\",\"width\":500,\"height\":500,\"caption\":\"Drescher Jewellery\"},\"image\":{\"@id\":\"https:\\\/\\\/drescherjewellery.com\\\/de\\\/#\\\/schema\\\/logo\\\/image\\\/\"},\"sameAs\":[\"https:\\\/\\\/www.facebook.com\\\/drescherjewellery\",\"https:\\\/\\\/www.instagram.com\\\/drescherjewellery\",\"https:\\\/\\\/www.tiktok.com\\\/@drescherjewellery\"]}]}<\/script>\n<!-- \/ Yoast SEO Premium plugin. -->","yoast_head_json":{"title":"Wei\u00dfer Zirkonia Ring aus Sterlingsilber mit Rhodiumbeschichtung - klassischer Solit\u00e4r-Verlobungsring | Drescher Jewellery","description":"Fedezd fel a leny\u0171g\u00f6z\u0151 Wei\u00dfer Zirkonia Ring aus Sterlingsilber mit Rhodiumbeschichtung - klassischer Solit\u00e4r-Verlobungsring \u00e9kszer\u00fcnket. T\u00f6k\u00e9letes kieg\u00e9sz\u00edt\u0151 mindennapi viselethez \u00e9s k\u00fcl\u00f6nleges alkalmakra egyar\u00e1nt. Rendeld meg most!","robots":{"index":"index","follow":"follow","max-snippet":"max-snippet:-1","max-image-preview":"max-image-preview:large","max-video-preview":"max-video-preview:-1"},"canonical":"https:\/\/drescherjewellery.com\/de\/termek\/weisser-zirkonia-ring-aus-sterlingsilber-mit-rhodiumbeschichtung-klassischer-solitaer-verlobungsring\/","og_locale":"de_DE","og_type":"article","og_title":"Wei\u00dfer Zirkonia Ring aus Sterlingsilber mit Rhodiumbeschichtung - klassischer Solit\u00e4r-Verlobungsring","og_description":"Fedezd fel a leny\u0171g\u00f6z\u0151 Wei\u00dfer Zirkonia Ring aus Sterlingsilber mit Rhodiumbeschichtung - klassischer Solit\u00e4r-Verlobungsring \u00e9kszer\u00fcnket. T\u00f6k\u00e9letes kieg\u00e9sz\u00edt\u0151 mindennapi viselethez \u00e9s k\u00fcl\u00f6nleges alkalmakra egyar\u00e1nt. Rendeld meg most!","og_url":"https:\/\/drescherjewellery.com\/de\/termek\/weisser-zirkonia-ring-aus-sterlingsilber-mit-rhodiumbeschichtung-klassischer-solitaer-verlobungsring\/","og_site_name":"Drescher Jewellery","article_publisher":"https:\/\/www.facebook.com\/drescherjewellery","article_modified_time":"2026-04-01T15:20:03+00:00","og_image":[{"width":1350,"height":1800,"url":"https:\/\/drescherjewellery.com\/wp-content\/uploads\/2025\/10\/Feher-cirkonia-koves-ezust-gyuru-rodium-bevonattal_1.jpg","type":"image\/jpeg"}],"twitter_card":"summary_large_image","twitter_misc":{"Gesch\u00e4tzte Lesezeit":"1\u00a0Minute"},"schema":{"@context":"https:\/\/schema.org","@graph":[{"@type":"WebPage","@id":"https:\/\/drescherjewellery.com\/de\/termek\/weisser-zirkonia-ring-aus-sterlingsilber-mit-rhodiumbeschichtung-klassischer-solitaer-verlobungsring\/","url":"https:\/\/drescherjewellery.com\/de\/termek\/weisser-zirkonia-ring-aus-sterlingsilber-mit-rhodiumbeschichtung-klassischer-solitaer-verlobungsring\/","name":"Wei\u00dfer Zirkonia Ring aus Sterlingsilber mit Rhodiumbeschichtung - klassischer Solit\u00e4r-Verlobungsring | Drescher Jewellery","isPartOf":{"@id":"https:\/\/drescherjewellery.com\/de\/#website"},"primaryImageOfPage":{"@id":"https:\/\/drescherjewellery.com\/de\/termek\/weisser-zirkonia-ring-aus-sterlingsilber-mit-rhodiumbeschichtung-klassischer-solitaer-verlobungsring\/#primaryimage"},"image":{"@id":"https:\/\/drescherjewellery.com\/de\/termek\/weisser-zirkonia-ring-aus-sterlingsilber-mit-rhodiumbeschichtung-klassischer-solitaer-verlobungsring\/#primaryimage"},"thumbnailUrl":"https:\/\/drescherjewellery.com\/wp-content\/uploads\/2025\/10\/Feher-cirkonia-koves-ezust-gyuru-rodium-bevonattal_1.jpg","datePublished":"2025-10-25T18:43:48+00:00","dateModified":"2026-04-01T15:20:03+00:00","description":"Fedezd fel a leny\u0171g\u00f6z\u0151 Wei\u00dfer Zirkonia Ring aus Sterlingsilber mit Rhodiumbeschichtung - klassischer Solit\u00e4r-Verlobungsring \u00e9kszer\u00fcnket. T\u00f6k\u00e9letes kieg\u00e9sz\u00edt\u0151 mindennapi viselethez \u00e9s k\u00fcl\u00f6nleges alkalmakra egyar\u00e1nt. Rendeld meg most!","breadcrumb":{"@id":"https:\/\/drescherjewellery.com\/de\/termek\/weisser-zirkonia-ring-aus-sterlingsilber-mit-rhodiumbeschichtung-klassischer-solitaer-verlobungsring\/#breadcrumb"},"inLanguage":"de","potentialAction":[{"@type":"ReadAction","target":["https:\/\/drescherjewellery.com\/de\/termek\/weisser-zirkonia-ring-aus-sterlingsilber-mit-rhodiumbeschichtung-klassischer-solitaer-verlobungsring\/"]}]},{"@type":"ImageObject","inLanguage":"de","@id":"https:\/\/drescherjewellery.com\/de\/termek\/weisser-zirkonia-ring-aus-sterlingsilber-mit-rhodiumbeschichtung-klassischer-solitaer-verlobungsring\/#primaryimage","url":"https:\/\/drescherjewellery.com\/wp-content\/uploads\/2025\/10\/Feher-cirkonia-koves-ezust-gyuru-rodium-bevonattal_1.jpg","contentUrl":"https:\/\/drescherjewellery.com\/wp-content\/uploads\/2025\/10\/Feher-cirkonia-koves-ezust-gyuru-rodium-bevonattal_1.jpg","width":1350,"height":1800},{"@type":"BreadcrumbList","@id":"https:\/\/drescherjewellery.com\/de\/termek\/weisser-zirkonia-ring-aus-sterlingsilber-mit-rhodiumbeschichtung-klassischer-solitaer-verlobungsring\/#breadcrumb","itemListElement":[{"@type":"ListItem","position":1,"name":"Kezd\u0151lap","item":"https:\/\/drescherjewellery.com\/de\/"},{"@type":"ListItem","position":2,"name":"Shop","item":"https:\/\/drescherjewellery.com\/de\/shop\/"},{"@type":"ListItem","position":3,"name":"Wei\u00dfer Zirkonia Ring aus Sterlingsilber mit Rhodiumbeschichtung &#8211; klassischer Solit\u00e4r-Verlobungsring"}]},{"@type":"WebSite","@id":"https:\/\/drescherjewellery.com\/de\/#website","url":"https:\/\/drescherjewellery.com\/de\/","name":"Drescher Jewellery","description":"Tedd t\u00f6k\u00e9letesebb\u00e9 mindennapjaid a Drescher Jewellery \u00e9kszereivel.","publisher":{"@id":"https:\/\/drescherjewellery.com\/de\/#organization"},"alternateName":"Ez\u00fcst \u00c9kszer Web\u00e1ruh\u00e1z","potentialAction":[{"@type":"SearchAction","target":{"@type":"EntryPoint","urlTemplate":"https:\/\/drescherjewellery.com\/de\/?s={search_term_string}"},"query-input":{"@type":"PropertyValueSpecification","valueRequired":true,"valueName":"search_term_string"}}],"inLanguage":"de"},{"@type":"Organization","@id":"https:\/\/drescherjewellery.com\/de\/#organization","name":"Drescher Jewellery","url":"https:\/\/drescherjewellery.com\/de\/","logo":{"@type":"ImageObject","inLanguage":"de","@id":"https:\/\/drescherjewellery.com\/de\/#\/schema\/logo\/image\/","url":"https:\/\/drescherjewellery.com\/wp-content\/uploads\/2026\/01\/Drescher-Jewellery-wpml.png","contentUrl":"https:\/\/drescherjewellery.com\/wp-content\/uploads\/2026\/01\/Drescher-Jewellery-wpml.png","width":500,"height":500,"caption":"Drescher Jewellery"},"image":{"@id":"https:\/\/drescherjewellery.com\/de\/#\/schema\/logo\/image\/"},"sameAs":["https:\/\/www.facebook.com\/drescherjewellery","https:\/\/www.instagram.com\/drescherjewellery","https:\/\/www.tiktok.com\/@drescherjewellery"]}]}},"_links":{"self":[{"href":"https:\/\/drescherjewellery.com\/de\/wp-json\/wp\/v2\/product\/111842","targetHints":{"allow":["GET"]}}],"collection":[{"href":"https:\/\/drescherjewellery.com\/de\/wp-json\/wp\/v2\/product"}],"about":[{"href":"https:\/\/drescherjewellery.com\/de\/wp-json\/wp\/v2\/types\/product"}],"version-history":[{"count":0,"href":"https:\/\/drescherjewellery.com\/de\/wp-json\/wp\/v2\/product\/111842\/revisions"}],"wp:featuredmedia":[{"embeddable":true,"href":"https:\/\/drescherjewellery.com\/de\/wp-json\/wp\/v2\/media\/110523"}],"wp:attachment":[{"href":"https:\/\/drescherjewellery.com\/de\/wp-json\/wp\/v2\/media?parent=111842"}],"wp:term":[{"taxonomy":"product_brand","embeddable":true,"href":"https:\/\/drescherjewellery.com\/de\/wp-json\/wp\/v2\/product_brand?post=111842"},{"taxonomy":"product_cat","embeddable":true,"href":"https:\/\/drescherjewellery.com\/de\/wp-json\/wp\/v2\/product_cat?post=111842"},{"taxonomy":"product_tag","embeddable":true,"href":"https:\/\/drescherjewellery.com\/de\/wp-json\/wp\/v2\/product_tag?post=111842"}],"curies":[{"name":"wp","href":"https:\/\/api.w.org\/{rel}","templated":true}]}}