{"id":111916,"date":"2025-09-21T00:02:31","date_gmt":"2025-09-20T22:02:31","guid":{"rendered":"https:\/\/dianasilver.hu\/termek\/silberner-ring-im-mikrodesign-mit-weissen-zirkoniasteinen\/"},"modified":"2026-04-01T17:20:09","modified_gmt":"2026-04-01T15:20:09","slug":"silberner-ring-im-mikrodesign-mit-weissen-zirkoniasteinen","status":"publish","type":"product","link":"https:\/\/drescherjewellery.com\/de\/termek\/silberner-ring-im-mikrodesign-mit-weissen-zirkoniasteinen\/","title":{"rendered":"Silberner Ring im Mikrodesign mit wei\u00dfen Zirkoniasteinen"},"content":{"rendered":"<h3 data-start=\"241\" data-end=\"324\">Silberner Ring im Mikrodesign mit wei\u00dfen Zirkoniasteinen<\/h3>\n<ul data-start=\"325\" data-end=\"547\">\n<li data-start=\"325\" data-end=\"400\">\n<p data-start=\"327\" data-end=\"400\">Kreuz und quer verlaufendes Design, das dem Ring eine besondere Dynamik verleiht<\/p>\n<\/li>\n<li data-start=\"401\" data-end=\"485\">\n<p data-start=\"403\" data-end=\"485\">Verziert mit strahlend wei\u00dfen Zirkoniasteinen, die Licht und Eleganz ausstrahlen<\/p>\n<\/li>\n<li data-start=\"486\" data-end=\"547\">\n<p data-start=\"488\" data-end=\"547\">Zarte Kurven sorgen f\u00fcr einen femininen und raffinierten Look<\/p>\n<\/li>\n<\/ul>\n<p data-start=\"549\" data-end=\"569\"><strong data-start=\"549\" data-end=\"567\">Warum w\u00e4hlen Sie es?<\/strong><\/p>\n<ul data-start=\"570\" data-end=\"806\">\n<li data-start=\"570\" data-end=\"638\">\n<p data-start=\"572\" data-end=\"638\">AG 925 Sterling Silber, rhodiniert f\u00fcr lang anhaltenden Glanz<\/p>\n<\/li>\n<li data-start=\"639\" data-end=\"688\">\n<p data-start=\"641\" data-end=\"688\">Strasssteinverzierung f\u00fcr spektakul\u00e4ren Glanz<\/p>\n<\/li>\n<li data-start=\"689\" data-end=\"752\">\n<p data-start=\"691\" data-end=\"752\">Bequem zu tragen, perfekt f\u00fcr jeden Tag und jede Gelegenheit<\/p>\n<\/li>\n<li data-start=\"753\" data-end=\"806\">\n<p data-start=\"755\" data-end=\"806\">Ideal auch als Geschenk, um Ihre Liebe auszudr\u00fccken<\/p>\n<\/li>\n<\/ul>\n<p data-start=\"808\" data-end=\"912\">Dieser Ring ist ein Symbol f\u00fcr Weiblichkeit und Eleganz, das Ihre Einzigartigkeit in jedem Moment hervorheben wird. \ud83d\udc96\ud83d\udc8d <\/p>\n","protected":false},"excerpt":{"rendered":"<p>Moderner und eleganter Schmuck, der die perfekte Harmonie von Glamour und Raffinesse bietet. \u2728<\/p>\n","protected":false},"featured_media":109568,"template":"","meta":[],"product_brand":[],"product_cat":[611],"product_tag":[527],"class_list":{"0":"post-111916","1":"product","2":"type-product","3":"status-publish","4":"has-post-thumbnail","6":"product_cat-silberne-ringe","7":"product_tag-damen","8":"description-off","10":"first","11":"instock","12":"taxable","13":"shipping-taxable","14":"product-type-variable"},"yoast_head":"<!-- This site is optimized with the Yoast SEO Premium plugin v26.8 (Yoast SEO v27.4) - https:\/\/yoast.com\/product\/yoast-seo-premium-wordpress\/ -->\n<title>Silberner Ring im Mikrodesign mit wei\u00dfen Zirkoniasteinen | Drescher Jewellery<\/title>\n<meta name=\"description\" content=\"Fedezd fel a leny\u0171g\u00f6z\u0151 Silberner Ring im Mikrodesign mit wei\u00dfen Zirkoniasteinen \u00e9kszer\u00fcnket. T\u00f6k\u00e9letes kieg\u00e9sz\u00edt\u0151 mindennapi viselethez \u00e9s k\u00fcl\u00f6nleges alkalmakra egyar\u00e1nt. Rendeld meg most!\" \/>\n<meta name=\"robots\" content=\"index, follow, max-snippet:-1, max-image-preview:large, max-video-preview:-1\" \/>\n<link rel=\"canonical\" href=\"https:\/\/drescherjewellery.com\/de\/termek\/silberner-ring-im-mikrodesign-mit-weissen-zirkoniasteinen\/\" \/>\n<meta property=\"og:locale\" content=\"de_DE\" \/>\n<meta property=\"og:type\" content=\"article\" \/>\n<meta property=\"og:title\" content=\"Silberner Ring im Mikrodesign mit wei\u00dfen Zirkoniasteinen\" \/>\n<meta property=\"og:description\" content=\"Fedezd fel a leny\u0171g\u00f6z\u0151 Silberner Ring im Mikrodesign mit wei\u00dfen Zirkoniasteinen \u00e9kszer\u00fcnket. T\u00f6k\u00e9letes kieg\u00e9sz\u00edt\u0151 mindennapi viselethez \u00e9s k\u00fcl\u00f6nleges alkalmakra egyar\u00e1nt. Rendeld meg most!\" \/>\n<meta property=\"og:url\" content=\"https:\/\/drescherjewellery.com\/de\/termek\/silberner-ring-im-mikrodesign-mit-weissen-zirkoniasteinen\/\" \/>\n<meta property=\"og:site_name\" content=\"Drescher Jewellery\" \/>\n<meta property=\"article:publisher\" content=\"https:\/\/www.facebook.com\/drescherjewellery\" \/>\n<meta property=\"article:modified_time\" content=\"2026-04-01T15:20:09+00:00\" \/>\n<meta property=\"og:image\" content=\"https:\/\/drescherjewellery.com\/wp-content\/uploads\/2025\/09\/Ezust-mikro-szettinges-design-gyuru-feher-cirkonia-kovekkel_2.jpg\" \/>\n\t<meta property=\"og:image:width\" content=\"1340\" \/>\n\t<meta property=\"og:image:height\" content=\"1785\" \/>\n\t<meta property=\"og:image:type\" content=\"image\/jpeg\" \/>\n<meta name=\"twitter:card\" content=\"summary_large_image\" \/>\n<script type=\"application\/ld+json\" class=\"yoast-schema-graph\">{\"@context\":\"https:\\\/\\\/schema.org\",\"@graph\":[{\"@type\":\"WebPage\",\"@id\":\"https:\\\/\\\/drescherjewellery.com\\\/de\\\/termek\\\/silberner-ring-im-mikrodesign-mit-weissen-zirkoniasteinen\\\/\",\"url\":\"https:\\\/\\\/drescherjewellery.com\\\/de\\\/termek\\\/silberner-ring-im-mikrodesign-mit-weissen-zirkoniasteinen\\\/\",\"name\":\"Silberner Ring im Mikrodesign mit wei\u00dfen Zirkoniasteinen | Drescher Jewellery\",\"isPartOf\":{\"@id\":\"https:\\\/\\\/drescherjewellery.com\\\/de\\\/#website\"},\"primaryImageOfPage\":{\"@id\":\"https:\\\/\\\/drescherjewellery.com\\\/de\\\/termek\\\/silberner-ring-im-mikrodesign-mit-weissen-zirkoniasteinen\\\/#primaryimage\"},\"image\":{\"@id\":\"https:\\\/\\\/drescherjewellery.com\\\/de\\\/termek\\\/silberner-ring-im-mikrodesign-mit-weissen-zirkoniasteinen\\\/#primaryimage\"},\"thumbnailUrl\":\"https:\\\/\\\/drescherjewellery.com\\\/wp-content\\\/uploads\\\/2025\\\/09\\\/Ezust-mikro-szettinges-design-gyuru-feher-cirkonia-kovekkel_2.jpg\",\"datePublished\":\"2025-09-20T22:02:31+00:00\",\"dateModified\":\"2026-04-01T15:20:09+00:00\",\"description\":\"Fedezd fel a leny\u0171g\u00f6z\u0151 Silberner Ring im Mikrodesign mit wei\u00dfen Zirkoniasteinen \u00e9kszer\u00fcnket. T\u00f6k\u00e9letes kieg\u00e9sz\u00edt\u0151 mindennapi viselethez \u00e9s k\u00fcl\u00f6nleges alkalmakra egyar\u00e1nt. Rendeld meg most!\",\"breadcrumb\":{\"@id\":\"https:\\\/\\\/drescherjewellery.com\\\/de\\\/termek\\\/silberner-ring-im-mikrodesign-mit-weissen-zirkoniasteinen\\\/#breadcrumb\"},\"inLanguage\":\"de\",\"potentialAction\":[{\"@type\":\"ReadAction\",\"target\":[\"https:\\\/\\\/drescherjewellery.com\\\/de\\\/termek\\\/silberner-ring-im-mikrodesign-mit-weissen-zirkoniasteinen\\\/\"]}]},{\"@type\":\"ImageObject\",\"inLanguage\":\"de\",\"@id\":\"https:\\\/\\\/drescherjewellery.com\\\/de\\\/termek\\\/silberner-ring-im-mikrodesign-mit-weissen-zirkoniasteinen\\\/#primaryimage\",\"url\":\"https:\\\/\\\/drescherjewellery.com\\\/wp-content\\\/uploads\\\/2025\\\/09\\\/Ezust-mikro-szettinges-design-gyuru-feher-cirkonia-kovekkel_2.jpg\",\"contentUrl\":\"https:\\\/\\\/drescherjewellery.com\\\/wp-content\\\/uploads\\\/2025\\\/09\\\/Ezust-mikro-szettinges-design-gyuru-feher-cirkonia-kovekkel_2.jpg\",\"width\":1340,\"height\":1785},{\"@type\":\"BreadcrumbList\",\"@id\":\"https:\\\/\\\/drescherjewellery.com\\\/de\\\/termek\\\/silberner-ring-im-mikrodesign-mit-weissen-zirkoniasteinen\\\/#breadcrumb\",\"itemListElement\":[{\"@type\":\"ListItem\",\"position\":1,\"name\":\"Kezd\u0151lap\",\"item\":\"https:\\\/\\\/drescherjewellery.com\\\/de\\\/\"},{\"@type\":\"ListItem\",\"position\":2,\"name\":\"Shop\",\"item\":\"https:\\\/\\\/drescherjewellery.com\\\/de\\\/shop\\\/\"},{\"@type\":\"ListItem\",\"position\":3,\"name\":\"Silberner Ring im Mikrodesign mit wei\u00dfen Zirkoniasteinen\"}]},{\"@type\":\"WebSite\",\"@id\":\"https:\\\/\\\/drescherjewellery.com\\\/de\\\/#website\",\"url\":\"https:\\\/\\\/drescherjewellery.com\\\/de\\\/\",\"name\":\"Drescher Jewellery\",\"description\":\"Tedd t\u00f6k\u00e9letesebb\u00e9 mindennapjaid a Drescher Jewellery \u00e9kszereivel.\",\"publisher\":{\"@id\":\"https:\\\/\\\/drescherjewellery.com\\\/de\\\/#organization\"},\"alternateName\":\"Ez\u00fcst \u00c9kszer Web\u00e1ruh\u00e1z\",\"potentialAction\":[{\"@type\":\"SearchAction\",\"target\":{\"@type\":\"EntryPoint\",\"urlTemplate\":\"https:\\\/\\\/drescherjewellery.com\\\/de\\\/?s={search_term_string}\"},\"query-input\":{\"@type\":\"PropertyValueSpecification\",\"valueRequired\":true,\"valueName\":\"search_term_string\"}}],\"inLanguage\":\"de\"},{\"@type\":\"Organization\",\"@id\":\"https:\\\/\\\/drescherjewellery.com\\\/de\\\/#organization\",\"name\":\"Drescher Jewellery\",\"url\":\"https:\\\/\\\/drescherjewellery.com\\\/de\\\/\",\"logo\":{\"@type\":\"ImageObject\",\"inLanguage\":\"de\",\"@id\":\"https:\\\/\\\/drescherjewellery.com\\\/de\\\/#\\\/schema\\\/logo\\\/image\\\/\",\"url\":\"https:\\\/\\\/drescherjewellery.com\\\/wp-content\\\/uploads\\\/2026\\\/01\\\/Drescher-Jewellery-wpml.png\",\"contentUrl\":\"https:\\\/\\\/drescherjewellery.com\\\/wp-content\\\/uploads\\\/2026\\\/01\\\/Drescher-Jewellery-wpml.png\",\"width\":500,\"height\":500,\"caption\":\"Drescher Jewellery\"},\"image\":{\"@id\":\"https:\\\/\\\/drescherjewellery.com\\\/de\\\/#\\\/schema\\\/logo\\\/image\\\/\"},\"sameAs\":[\"https:\\\/\\\/www.facebook.com\\\/drescherjewellery\",\"https:\\\/\\\/www.instagram.com\\\/drescherjewellery\",\"https:\\\/\\\/www.tiktok.com\\\/@drescherjewellery\"]}]}<\/script>\n<!-- \/ Yoast SEO Premium plugin. -->","yoast_head_json":{"title":"Silberner Ring im Mikrodesign mit wei\u00dfen Zirkoniasteinen | Drescher Jewellery","description":"Fedezd fel a leny\u0171g\u00f6z\u0151 Silberner Ring im Mikrodesign mit wei\u00dfen Zirkoniasteinen \u00e9kszer\u00fcnket. T\u00f6k\u00e9letes kieg\u00e9sz\u00edt\u0151 mindennapi viselethez \u00e9s k\u00fcl\u00f6nleges alkalmakra egyar\u00e1nt. Rendeld meg most!","robots":{"index":"index","follow":"follow","max-snippet":"max-snippet:-1","max-image-preview":"max-image-preview:large","max-video-preview":"max-video-preview:-1"},"canonical":"https:\/\/drescherjewellery.com\/de\/termek\/silberner-ring-im-mikrodesign-mit-weissen-zirkoniasteinen\/","og_locale":"de_DE","og_type":"article","og_title":"Silberner Ring im Mikrodesign mit wei\u00dfen Zirkoniasteinen","og_description":"Fedezd fel a leny\u0171g\u00f6z\u0151 Silberner Ring im Mikrodesign mit wei\u00dfen Zirkoniasteinen \u00e9kszer\u00fcnket. T\u00f6k\u00e9letes kieg\u00e9sz\u00edt\u0151 mindennapi viselethez \u00e9s k\u00fcl\u00f6nleges alkalmakra egyar\u00e1nt. Rendeld meg most!","og_url":"https:\/\/drescherjewellery.com\/de\/termek\/silberner-ring-im-mikrodesign-mit-weissen-zirkoniasteinen\/","og_site_name":"Drescher Jewellery","article_publisher":"https:\/\/www.facebook.com\/drescherjewellery","article_modified_time":"2026-04-01T15:20:09+00:00","og_image":[{"width":1340,"height":1785,"url":"https:\/\/drescherjewellery.com\/wp-content\/uploads\/2025\/09\/Ezust-mikro-szettinges-design-gyuru-feher-cirkonia-kovekkel_2.jpg","type":"image\/jpeg"}],"twitter_card":"summary_large_image","schema":{"@context":"https:\/\/schema.org","@graph":[{"@type":"WebPage","@id":"https:\/\/drescherjewellery.com\/de\/termek\/silberner-ring-im-mikrodesign-mit-weissen-zirkoniasteinen\/","url":"https:\/\/drescherjewellery.com\/de\/termek\/silberner-ring-im-mikrodesign-mit-weissen-zirkoniasteinen\/","name":"Silberner Ring im Mikrodesign mit wei\u00dfen Zirkoniasteinen | Drescher Jewellery","isPartOf":{"@id":"https:\/\/drescherjewellery.com\/de\/#website"},"primaryImageOfPage":{"@id":"https:\/\/drescherjewellery.com\/de\/termek\/silberner-ring-im-mikrodesign-mit-weissen-zirkoniasteinen\/#primaryimage"},"image":{"@id":"https:\/\/drescherjewellery.com\/de\/termek\/silberner-ring-im-mikrodesign-mit-weissen-zirkoniasteinen\/#primaryimage"},"thumbnailUrl":"https:\/\/drescherjewellery.com\/wp-content\/uploads\/2025\/09\/Ezust-mikro-szettinges-design-gyuru-feher-cirkonia-kovekkel_2.jpg","datePublished":"2025-09-20T22:02:31+00:00","dateModified":"2026-04-01T15:20:09+00:00","description":"Fedezd fel a leny\u0171g\u00f6z\u0151 Silberner Ring im Mikrodesign mit wei\u00dfen Zirkoniasteinen \u00e9kszer\u00fcnket. T\u00f6k\u00e9letes kieg\u00e9sz\u00edt\u0151 mindennapi viselethez \u00e9s k\u00fcl\u00f6nleges alkalmakra egyar\u00e1nt. Rendeld meg most!","breadcrumb":{"@id":"https:\/\/drescherjewellery.com\/de\/termek\/silberner-ring-im-mikrodesign-mit-weissen-zirkoniasteinen\/#breadcrumb"},"inLanguage":"de","potentialAction":[{"@type":"ReadAction","target":["https:\/\/drescherjewellery.com\/de\/termek\/silberner-ring-im-mikrodesign-mit-weissen-zirkoniasteinen\/"]}]},{"@type":"ImageObject","inLanguage":"de","@id":"https:\/\/drescherjewellery.com\/de\/termek\/silberner-ring-im-mikrodesign-mit-weissen-zirkoniasteinen\/#primaryimage","url":"https:\/\/drescherjewellery.com\/wp-content\/uploads\/2025\/09\/Ezust-mikro-szettinges-design-gyuru-feher-cirkonia-kovekkel_2.jpg","contentUrl":"https:\/\/drescherjewellery.com\/wp-content\/uploads\/2025\/09\/Ezust-mikro-szettinges-design-gyuru-feher-cirkonia-kovekkel_2.jpg","width":1340,"height":1785},{"@type":"BreadcrumbList","@id":"https:\/\/drescherjewellery.com\/de\/termek\/silberner-ring-im-mikrodesign-mit-weissen-zirkoniasteinen\/#breadcrumb","itemListElement":[{"@type":"ListItem","position":1,"name":"Kezd\u0151lap","item":"https:\/\/drescherjewellery.com\/de\/"},{"@type":"ListItem","position":2,"name":"Shop","item":"https:\/\/drescherjewellery.com\/de\/shop\/"},{"@type":"ListItem","position":3,"name":"Silberner Ring im Mikrodesign mit wei\u00dfen Zirkoniasteinen"}]},{"@type":"WebSite","@id":"https:\/\/drescherjewellery.com\/de\/#website","url":"https:\/\/drescherjewellery.com\/de\/","name":"Drescher Jewellery","description":"Tedd t\u00f6k\u00e9letesebb\u00e9 mindennapjaid a Drescher Jewellery \u00e9kszereivel.","publisher":{"@id":"https:\/\/drescherjewellery.com\/de\/#organization"},"alternateName":"Ez\u00fcst \u00c9kszer Web\u00e1ruh\u00e1z","potentialAction":[{"@type":"SearchAction","target":{"@type":"EntryPoint","urlTemplate":"https:\/\/drescherjewellery.com\/de\/?s={search_term_string}"},"query-input":{"@type":"PropertyValueSpecification","valueRequired":true,"valueName":"search_term_string"}}],"inLanguage":"de"},{"@type":"Organization","@id":"https:\/\/drescherjewellery.com\/de\/#organization","name":"Drescher Jewellery","url":"https:\/\/drescherjewellery.com\/de\/","logo":{"@type":"ImageObject","inLanguage":"de","@id":"https:\/\/drescherjewellery.com\/de\/#\/schema\/logo\/image\/","url":"https:\/\/drescherjewellery.com\/wp-content\/uploads\/2026\/01\/Drescher-Jewellery-wpml.png","contentUrl":"https:\/\/drescherjewellery.com\/wp-content\/uploads\/2026\/01\/Drescher-Jewellery-wpml.png","width":500,"height":500,"caption":"Drescher Jewellery"},"image":{"@id":"https:\/\/drescherjewellery.com\/de\/#\/schema\/logo\/image\/"},"sameAs":["https:\/\/www.facebook.com\/drescherjewellery","https:\/\/www.instagram.com\/drescherjewellery","https:\/\/www.tiktok.com\/@drescherjewellery"]}]}},"_links":{"self":[{"href":"https:\/\/drescherjewellery.com\/de\/wp-json\/wp\/v2\/product\/111916","targetHints":{"allow":["GET"]}}],"collection":[{"href":"https:\/\/drescherjewellery.com\/de\/wp-json\/wp\/v2\/product"}],"about":[{"href":"https:\/\/drescherjewellery.com\/de\/wp-json\/wp\/v2\/types\/product"}],"version-history":[{"count":0,"href":"https:\/\/drescherjewellery.com\/de\/wp-json\/wp\/v2\/product\/111916\/revisions"}],"wp:featuredmedia":[{"embeddable":true,"href":"https:\/\/drescherjewellery.com\/de\/wp-json\/wp\/v2\/media\/109568"}],"wp:attachment":[{"href":"https:\/\/drescherjewellery.com\/de\/wp-json\/wp\/v2\/media?parent=111916"}],"wp:term":[{"taxonomy":"product_brand","embeddable":true,"href":"https:\/\/drescherjewellery.com\/de\/wp-json\/wp\/v2\/product_brand?post=111916"},{"taxonomy":"product_cat","embeddable":true,"href":"https:\/\/drescherjewellery.com\/de\/wp-json\/wp\/v2\/product_cat?post=111916"},{"taxonomy":"product_tag","embeddable":true,"href":"https:\/\/drescherjewellery.com\/de\/wp-json\/wp\/v2\/product_tag?post=111916"}],"curies":[{"name":"wp","href":"https:\/\/api.w.org\/{rel}","templated":true}]}}