{"id":112023,"date":"2025-09-05T22:11:16","date_gmt":"2025-09-05T20:11:16","guid":{"rendered":"https:\/\/dianasilver.hu\/termek\/kreisfoermiger-zirkonia-mit-luenette-funkeln-sie-jeden-moment\/"},"modified":"2025-09-05T22:11:16","modified_gmt":"2025-09-05T20:11:16","slug":"kreisfoermiger-zirkonia-mit-luenette-funkeln-sie-jeden-moment","status":"publish","type":"product","link":"https:\/\/drescherjewellery.com\/de\/termek\/kreisfoermiger-zirkonia-mit-luenette-funkeln-sie-jeden-moment\/","title":{"rendered":"Kreisf\u00f6rmiger Zirkonia mit L\u00fcnette &#8211; funkeln Sie jeden Moment"},"content":{"rendered":"<h2 data-start=\"257\" data-end=\"563\">Dieses wundersch\u00f6ne Schmuckset ist <strong data-start=\"309\" data-end=\"365\">ein Symbol f\u00fcr Ganzheit, Einheit und Ewigkeit<\/strong> durch das Motiv des Kreises.<\/h2>\n<p data-start=\"257\" data-end=\"563\">Die filigran gearbeiteten Ohrringe und der Anh\u00e4nger sind beide <strong data-start=\"457\" data-end=\"487\">mit funkelnden Zirkonia-Steinen<\/strong> besetzt, die jedem Outfit einen Hauch von Glanz und Glitzern verleihen.<\/p>\n<p data-start=\"565\" data-end=\"743\"><strong data-start=\"565\" data-end=\"597\">Was symbolisiert die Form des Kreises?<\/strong><br data-start=\"597\" data-end=\"600\">&#8211; Ein Symbol f\u00fcr <strong data-start=\"605\" data-end=\"634\">Ewigkeit und Harmonie<\/strong>.<br data-start=\"643\" data-end=\"646\">&#8211; Ein Symbol f\u00fcr <strong data-start=\"650\" data-end=\"673\">Ganzheit und Einheit<\/strong>.<br data-start=\"685\" data-end=\"688\">&#8211; Immer elegant, klassisch und zeitlos.<\/p>\n<p data-start=\"745\" data-end=\"1096\"><strong data-start=\"745\" data-end=\"784\">Warum sollten Sie sich f\u00fcr dieses Schmuckset entscheiden?<\/strong><br data-start=\"784\" data-end=\"787\">&#8211; Hergestellt <strong data-start=\"789\" data-end=\"808\">aus 925er Sterlingsilber<\/strong> <strong data-start=\"818\" data-end=\"839\">mit Rhodiumbeschichtung<\/strong>, das gl\u00e4nzend, langlebig und hypoallergen ist.<br data-start=\"878\" data-end=\"881\">&#8211; Das dezente Funkeln der Zirkoniasteine unterstreicht die Weiblichkeit.<br data-start=\"938\" data-end=\"941\">&#8211; Die Ohrringe <strong data-start=\"956\" data-end=\"979\" data-is-only-node=\"\">haben einen Sterlingverschluss<\/strong> f\u00fcr bequemen und sicheren Tragekomfort.<br data-start=\"1033\" data-end=\"1036\">&#8211; Klassisches Kreisdesign, das zu jedem Anlass passt.<\/p>\n<p data-start=\"1098\" data-end=\"1256\">\ud83d\udc96 Dieses besondere Set kann ein tolles Geschenk f\u00fcr Ihre Lieben oder ein elegantes St\u00fcck Ihrer eigenen Schmucksammlung sein. W\u00e4hlen Sie es und sehen Sie in jedem Moment strahlend aus! \u2728<\/p>\n","protected":false},"excerpt":{"rendered":"<p>Elegantes rundes Schmuckset mit winzigen, funkelnden Zirkoniasteinen. Perfekt f\u00fcr das t\u00e4gliche Tragen und besondere Anl\u00e4sse. \u2728\ud83d\udc96  <\/p>\n","protected":false},"featured_media":107933,"template":"","meta":[],"product_brand":[],"product_cat":[526],"product_tag":[527],"class_list":{"0":"post-112023","1":"product","2":"type-product","3":"status-publish","4":"has-post-thumbnail","6":"product_cat-silberschmuck-set","7":"product_tag-damen","8":"description-off","10":"first","11":"instock","12":"taxable","13":"shipping-taxable","14":"purchasable","15":"product-type-simple"},"yoast_head":"<!-- This site is optimized with the Yoast SEO Premium plugin v26.8 (Yoast SEO v27.4) - https:\/\/yoast.com\/product\/yoast-seo-premium-wordpress\/ -->\n<title>Kreisf\u00f6rmiger Zirkonia mit L\u00fcnette - funkeln Sie jeden Moment | Drescher Jewellery<\/title>\n<meta name=\"description\" content=\"Fedezd fel a leny\u0171g\u00f6z\u0151 Kreisf\u00f6rmiger Zirkonia mit L\u00fcnette - funkeln Sie jeden Moment \u00e9kszer\u00fcnket. T\u00f6k\u00e9letes kieg\u00e9sz\u00edt\u0151 mindennapi viselethez \u00e9s k\u00fcl\u00f6nleges alkalmakra egyar\u00e1nt. Rendeld meg most!\" \/>\n<meta name=\"robots\" content=\"index, follow, max-snippet:-1, max-image-preview:large, max-video-preview:-1\" \/>\n<link rel=\"canonical\" href=\"https:\/\/drescherjewellery.com\/de\/termek\/kreisfoermiger-zirkonia-mit-luenette-funkeln-sie-jeden-moment\/\" \/>\n<meta property=\"og:locale\" content=\"de_DE\" \/>\n<meta property=\"og:type\" content=\"article\" \/>\n<meta property=\"og:title\" content=\"Kreisf\u00f6rmiger Zirkonia mit L\u00fcnette - funkeln Sie jeden Moment\" \/>\n<meta property=\"og:description\" content=\"Fedezd fel a leny\u0171g\u00f6z\u0151 Kreisf\u00f6rmiger Zirkonia mit L\u00fcnette - funkeln Sie jeden Moment \u00e9kszer\u00fcnket. T\u00f6k\u00e9letes kieg\u00e9sz\u00edt\u0151 mindennapi viselethez \u00e9s k\u00fcl\u00f6nleges alkalmakra egyar\u00e1nt. Rendeld meg most!\" \/>\n<meta property=\"og:url\" content=\"https:\/\/drescherjewellery.com\/de\/termek\/kreisfoermiger-zirkonia-mit-luenette-funkeln-sie-jeden-moment\/\" \/>\n<meta property=\"og:site_name\" content=\"Drescher Jewellery\" \/>\n<meta property=\"article:publisher\" content=\"https:\/\/www.facebook.com\/drescherjewellery\" \/>\n<meta property=\"og:image\" content=\"https:\/\/drescherjewellery.com\/wp-content\/uploads\/2025\/09\/Kor-alaku-cirkonia-ekszerszett_2.jpg\" \/>\n\t<meta property=\"og:image:width\" content=\"1340\" \/>\n\t<meta property=\"og:image:height\" content=\"1785\" \/>\n\t<meta property=\"og:image:type\" content=\"image\/jpeg\" \/>\n<meta name=\"twitter:card\" content=\"summary_large_image\" \/>\n<meta name=\"twitter:label1\" content=\"Gesch\u00e4tzte Lesezeit\" \/>\n\t<meta name=\"twitter:data1\" content=\"1\u00a0Minute\" \/>\n<script type=\"application\/ld+json\" class=\"yoast-schema-graph\">{\"@context\":\"https:\\\/\\\/schema.org\",\"@graph\":[{\"@type\":\"WebPage\",\"@id\":\"https:\\\/\\\/drescherjewellery.com\\\/de\\\/termek\\\/kreisfoermiger-zirkonia-mit-luenette-funkeln-sie-jeden-moment\\\/\",\"url\":\"https:\\\/\\\/drescherjewellery.com\\\/de\\\/termek\\\/kreisfoermiger-zirkonia-mit-luenette-funkeln-sie-jeden-moment\\\/\",\"name\":\"Kreisf\u00f6rmiger Zirkonia mit L\u00fcnette - funkeln Sie jeden Moment | Drescher Jewellery\",\"isPartOf\":{\"@id\":\"https:\\\/\\\/drescherjewellery.com\\\/de\\\/#website\"},\"primaryImageOfPage\":{\"@id\":\"https:\\\/\\\/drescherjewellery.com\\\/de\\\/termek\\\/kreisfoermiger-zirkonia-mit-luenette-funkeln-sie-jeden-moment\\\/#primaryimage\"},\"image\":{\"@id\":\"https:\\\/\\\/drescherjewellery.com\\\/de\\\/termek\\\/kreisfoermiger-zirkonia-mit-luenette-funkeln-sie-jeden-moment\\\/#primaryimage\"},\"thumbnailUrl\":\"https:\\\/\\\/drescherjewellery.com\\\/wp-content\\\/uploads\\\/2025\\\/09\\\/Kor-alaku-cirkonia-ekszerszett_2.jpg\",\"datePublished\":\"2025-09-05T20:11:16+00:00\",\"description\":\"Fedezd fel a leny\u0171g\u00f6z\u0151 Kreisf\u00f6rmiger Zirkonia mit L\u00fcnette - funkeln Sie jeden Moment \u00e9kszer\u00fcnket. T\u00f6k\u00e9letes kieg\u00e9sz\u00edt\u0151 mindennapi viselethez \u00e9s k\u00fcl\u00f6nleges alkalmakra egyar\u00e1nt. Rendeld meg most!\",\"breadcrumb\":{\"@id\":\"https:\\\/\\\/drescherjewellery.com\\\/de\\\/termek\\\/kreisfoermiger-zirkonia-mit-luenette-funkeln-sie-jeden-moment\\\/#breadcrumb\"},\"inLanguage\":\"de\",\"potentialAction\":[{\"@type\":\"ReadAction\",\"target\":[\"https:\\\/\\\/drescherjewellery.com\\\/de\\\/termek\\\/kreisfoermiger-zirkonia-mit-luenette-funkeln-sie-jeden-moment\\\/\"]}]},{\"@type\":\"ImageObject\",\"inLanguage\":\"de\",\"@id\":\"https:\\\/\\\/drescherjewellery.com\\\/de\\\/termek\\\/kreisfoermiger-zirkonia-mit-luenette-funkeln-sie-jeden-moment\\\/#primaryimage\",\"url\":\"https:\\\/\\\/drescherjewellery.com\\\/wp-content\\\/uploads\\\/2025\\\/09\\\/Kor-alaku-cirkonia-ekszerszett_2.jpg\",\"contentUrl\":\"https:\\\/\\\/drescherjewellery.com\\\/wp-content\\\/uploads\\\/2025\\\/09\\\/Kor-alaku-cirkonia-ekszerszett_2.jpg\",\"width\":1340,\"height\":1785},{\"@type\":\"BreadcrumbList\",\"@id\":\"https:\\\/\\\/drescherjewellery.com\\\/de\\\/termek\\\/kreisfoermiger-zirkonia-mit-luenette-funkeln-sie-jeden-moment\\\/#breadcrumb\",\"itemListElement\":[{\"@type\":\"ListItem\",\"position\":1,\"name\":\"Kezd\u0151lap\",\"item\":\"https:\\\/\\\/drescherjewellery.com\\\/de\\\/\"},{\"@type\":\"ListItem\",\"position\":2,\"name\":\"Shop\",\"item\":\"https:\\\/\\\/drescherjewellery.com\\\/de\\\/shop\\\/\"},{\"@type\":\"ListItem\",\"position\":3,\"name\":\"Kreisf\u00f6rmiger Zirkonia mit L\u00fcnette &#8211; funkeln Sie jeden Moment\"}]},{\"@type\":\"WebSite\",\"@id\":\"https:\\\/\\\/drescherjewellery.com\\\/de\\\/#website\",\"url\":\"https:\\\/\\\/drescherjewellery.com\\\/de\\\/\",\"name\":\"Drescher Jewellery\",\"description\":\"Tedd t\u00f6k\u00e9letesebb\u00e9 mindennapjaid a Drescher Jewellery \u00e9kszereivel.\",\"publisher\":{\"@id\":\"https:\\\/\\\/drescherjewellery.com\\\/de\\\/#organization\"},\"alternateName\":\"Ez\u00fcst \u00c9kszer Web\u00e1ruh\u00e1z\",\"potentialAction\":[{\"@type\":\"SearchAction\",\"target\":{\"@type\":\"EntryPoint\",\"urlTemplate\":\"https:\\\/\\\/drescherjewellery.com\\\/de\\\/?s={search_term_string}\"},\"query-input\":{\"@type\":\"PropertyValueSpecification\",\"valueRequired\":true,\"valueName\":\"search_term_string\"}}],\"inLanguage\":\"de\"},{\"@type\":\"Organization\",\"@id\":\"https:\\\/\\\/drescherjewellery.com\\\/de\\\/#organization\",\"name\":\"Drescher Jewellery\",\"url\":\"https:\\\/\\\/drescherjewellery.com\\\/de\\\/\",\"logo\":{\"@type\":\"ImageObject\",\"inLanguage\":\"de\",\"@id\":\"https:\\\/\\\/drescherjewellery.com\\\/de\\\/#\\\/schema\\\/logo\\\/image\\\/\",\"url\":\"https:\\\/\\\/drescherjewellery.com\\\/wp-content\\\/uploads\\\/2026\\\/01\\\/Drescher-Jewellery-wpml.png\",\"contentUrl\":\"https:\\\/\\\/drescherjewellery.com\\\/wp-content\\\/uploads\\\/2026\\\/01\\\/Drescher-Jewellery-wpml.png\",\"width\":500,\"height\":500,\"caption\":\"Drescher Jewellery\"},\"image\":{\"@id\":\"https:\\\/\\\/drescherjewellery.com\\\/de\\\/#\\\/schema\\\/logo\\\/image\\\/\"},\"sameAs\":[\"https:\\\/\\\/www.facebook.com\\\/drescherjewellery\",\"https:\\\/\\\/www.instagram.com\\\/drescherjewellery\",\"https:\\\/\\\/www.tiktok.com\\\/@drescherjewellery\"]}]}<\/script>\n<!-- \/ Yoast SEO Premium plugin. -->","yoast_head_json":{"title":"Kreisf\u00f6rmiger Zirkonia mit L\u00fcnette - funkeln Sie jeden Moment | Drescher Jewellery","description":"Fedezd fel a leny\u0171g\u00f6z\u0151 Kreisf\u00f6rmiger Zirkonia mit L\u00fcnette - funkeln Sie jeden Moment \u00e9kszer\u00fcnket. T\u00f6k\u00e9letes kieg\u00e9sz\u00edt\u0151 mindennapi viselethez \u00e9s k\u00fcl\u00f6nleges alkalmakra egyar\u00e1nt. Rendeld meg most!","robots":{"index":"index","follow":"follow","max-snippet":"max-snippet:-1","max-image-preview":"max-image-preview:large","max-video-preview":"max-video-preview:-1"},"canonical":"https:\/\/drescherjewellery.com\/de\/termek\/kreisfoermiger-zirkonia-mit-luenette-funkeln-sie-jeden-moment\/","og_locale":"de_DE","og_type":"article","og_title":"Kreisf\u00f6rmiger Zirkonia mit L\u00fcnette - funkeln Sie jeden Moment","og_description":"Fedezd fel a leny\u0171g\u00f6z\u0151 Kreisf\u00f6rmiger Zirkonia mit L\u00fcnette - funkeln Sie jeden Moment \u00e9kszer\u00fcnket. T\u00f6k\u00e9letes kieg\u00e9sz\u00edt\u0151 mindennapi viselethez \u00e9s k\u00fcl\u00f6nleges alkalmakra egyar\u00e1nt. Rendeld meg most!","og_url":"https:\/\/drescherjewellery.com\/de\/termek\/kreisfoermiger-zirkonia-mit-luenette-funkeln-sie-jeden-moment\/","og_site_name":"Drescher Jewellery","article_publisher":"https:\/\/www.facebook.com\/drescherjewellery","og_image":[{"width":1340,"height":1785,"url":"https:\/\/drescherjewellery.com\/wp-content\/uploads\/2025\/09\/Kor-alaku-cirkonia-ekszerszett_2.jpg","type":"image\/jpeg"}],"twitter_card":"summary_large_image","twitter_misc":{"Gesch\u00e4tzte Lesezeit":"1\u00a0Minute"},"schema":{"@context":"https:\/\/schema.org","@graph":[{"@type":"WebPage","@id":"https:\/\/drescherjewellery.com\/de\/termek\/kreisfoermiger-zirkonia-mit-luenette-funkeln-sie-jeden-moment\/","url":"https:\/\/drescherjewellery.com\/de\/termek\/kreisfoermiger-zirkonia-mit-luenette-funkeln-sie-jeden-moment\/","name":"Kreisf\u00f6rmiger Zirkonia mit L\u00fcnette - funkeln Sie jeden Moment | Drescher Jewellery","isPartOf":{"@id":"https:\/\/drescherjewellery.com\/de\/#website"},"primaryImageOfPage":{"@id":"https:\/\/drescherjewellery.com\/de\/termek\/kreisfoermiger-zirkonia-mit-luenette-funkeln-sie-jeden-moment\/#primaryimage"},"image":{"@id":"https:\/\/drescherjewellery.com\/de\/termek\/kreisfoermiger-zirkonia-mit-luenette-funkeln-sie-jeden-moment\/#primaryimage"},"thumbnailUrl":"https:\/\/drescherjewellery.com\/wp-content\/uploads\/2025\/09\/Kor-alaku-cirkonia-ekszerszett_2.jpg","datePublished":"2025-09-05T20:11:16+00:00","description":"Fedezd fel a leny\u0171g\u00f6z\u0151 Kreisf\u00f6rmiger Zirkonia mit L\u00fcnette - funkeln Sie jeden Moment \u00e9kszer\u00fcnket. T\u00f6k\u00e9letes kieg\u00e9sz\u00edt\u0151 mindennapi viselethez \u00e9s k\u00fcl\u00f6nleges alkalmakra egyar\u00e1nt. Rendeld meg most!","breadcrumb":{"@id":"https:\/\/drescherjewellery.com\/de\/termek\/kreisfoermiger-zirkonia-mit-luenette-funkeln-sie-jeden-moment\/#breadcrumb"},"inLanguage":"de","potentialAction":[{"@type":"ReadAction","target":["https:\/\/drescherjewellery.com\/de\/termek\/kreisfoermiger-zirkonia-mit-luenette-funkeln-sie-jeden-moment\/"]}]},{"@type":"ImageObject","inLanguage":"de","@id":"https:\/\/drescherjewellery.com\/de\/termek\/kreisfoermiger-zirkonia-mit-luenette-funkeln-sie-jeden-moment\/#primaryimage","url":"https:\/\/drescherjewellery.com\/wp-content\/uploads\/2025\/09\/Kor-alaku-cirkonia-ekszerszett_2.jpg","contentUrl":"https:\/\/drescherjewellery.com\/wp-content\/uploads\/2025\/09\/Kor-alaku-cirkonia-ekszerszett_2.jpg","width":1340,"height":1785},{"@type":"BreadcrumbList","@id":"https:\/\/drescherjewellery.com\/de\/termek\/kreisfoermiger-zirkonia-mit-luenette-funkeln-sie-jeden-moment\/#breadcrumb","itemListElement":[{"@type":"ListItem","position":1,"name":"Kezd\u0151lap","item":"https:\/\/drescherjewellery.com\/de\/"},{"@type":"ListItem","position":2,"name":"Shop","item":"https:\/\/drescherjewellery.com\/de\/shop\/"},{"@type":"ListItem","position":3,"name":"Kreisf\u00f6rmiger Zirkonia mit L\u00fcnette &#8211; funkeln Sie jeden Moment"}]},{"@type":"WebSite","@id":"https:\/\/drescherjewellery.com\/de\/#website","url":"https:\/\/drescherjewellery.com\/de\/","name":"Drescher Jewellery","description":"Tedd t\u00f6k\u00e9letesebb\u00e9 mindennapjaid a Drescher Jewellery \u00e9kszereivel.","publisher":{"@id":"https:\/\/drescherjewellery.com\/de\/#organization"},"alternateName":"Ez\u00fcst \u00c9kszer Web\u00e1ruh\u00e1z","potentialAction":[{"@type":"SearchAction","target":{"@type":"EntryPoint","urlTemplate":"https:\/\/drescherjewellery.com\/de\/?s={search_term_string}"},"query-input":{"@type":"PropertyValueSpecification","valueRequired":true,"valueName":"search_term_string"}}],"inLanguage":"de"},{"@type":"Organization","@id":"https:\/\/drescherjewellery.com\/de\/#organization","name":"Drescher Jewellery","url":"https:\/\/drescherjewellery.com\/de\/","logo":{"@type":"ImageObject","inLanguage":"de","@id":"https:\/\/drescherjewellery.com\/de\/#\/schema\/logo\/image\/","url":"https:\/\/drescherjewellery.com\/wp-content\/uploads\/2026\/01\/Drescher-Jewellery-wpml.png","contentUrl":"https:\/\/drescherjewellery.com\/wp-content\/uploads\/2026\/01\/Drescher-Jewellery-wpml.png","width":500,"height":500,"caption":"Drescher Jewellery"},"image":{"@id":"https:\/\/drescherjewellery.com\/de\/#\/schema\/logo\/image\/"},"sameAs":["https:\/\/www.facebook.com\/drescherjewellery","https:\/\/www.instagram.com\/drescherjewellery","https:\/\/www.tiktok.com\/@drescherjewellery"]}]}},"_links":{"self":[{"href":"https:\/\/drescherjewellery.com\/de\/wp-json\/wp\/v2\/product\/112023","targetHints":{"allow":["GET"]}}],"collection":[{"href":"https:\/\/drescherjewellery.com\/de\/wp-json\/wp\/v2\/product"}],"about":[{"href":"https:\/\/drescherjewellery.com\/de\/wp-json\/wp\/v2\/types\/product"}],"version-history":[{"count":0,"href":"https:\/\/drescherjewellery.com\/de\/wp-json\/wp\/v2\/product\/112023\/revisions"}],"wp:featuredmedia":[{"embeddable":true,"href":"https:\/\/drescherjewellery.com\/de\/wp-json\/wp\/v2\/media\/107933"}],"wp:attachment":[{"href":"https:\/\/drescherjewellery.com\/de\/wp-json\/wp\/v2\/media?parent=112023"}],"wp:term":[{"taxonomy":"product_brand","embeddable":true,"href":"https:\/\/drescherjewellery.com\/de\/wp-json\/wp\/v2\/product_brand?post=112023"},{"taxonomy":"product_cat","embeddable":true,"href":"https:\/\/drescherjewellery.com\/de\/wp-json\/wp\/v2\/product_cat?post=112023"},{"taxonomy":"product_tag","embeddable":true,"href":"https:\/\/drescherjewellery.com\/de\/wp-json\/wp\/v2\/product_tag?post=112023"}],"curies":[{"name":"wp","href":"https:\/\/api.w.org\/{rel}","templated":true}]}}