{"id":112033,"date":"2025-09-06T20:28:02","date_gmt":"2025-09-06T18:28:02","guid":{"rendered":"https:\/\/dianasilver.hu\/termek\/dreieckiges-schmuckstueck-mit-weissen-zirkoniasteinen-besetzt\/"},"modified":"2025-09-06T20:28:02","modified_gmt":"2025-09-06T18:28:02","slug":"dreieckiges-schmuckstueck-mit-weissen-zirkoniasteinen-besetzt","status":"publish","type":"product","link":"https:\/\/drescherjewellery.com\/de\/termek\/dreieckiges-schmuckstueck-mit-weissen-zirkoniasteinen-besetzt\/","title":{"rendered":"Dreieckiges Schmuckst\u00fcck mit wei\u00dfen Zirkoniasteinen besetzt"},"content":{"rendered":"<h2 data-start=\"290\" data-end=\"607\">Dieses besondere Schmuckset mit seiner modernen Dreiecksform und wei\u00dfen Zirkoniasteinen ist die perfekte Verk\u00f6rperung von Weiblichkeit und Raffinesse.<\/h2>\n<p data-start=\"290\" data-end=\"607\">Das geometrische Design und das schillernde Glitzern verbinden sich harmonisch zu einem Set, das gleichzeitig jugendlich, trendy und schick ist.<\/p>\n<p data-start=\"609\" data-end=\"851\"><strong data-start=\"609\" data-end=\"645\">Was symbolisieren die Form und der Stein?<\/strong><br data-start=\"645\" data-end=\"648\">&#8211; Die Dreiecksform steht f\u00fcr St\u00e4rke, Stabilit\u00e4t und Harmonie.<br data-start=\"712\" data-end=\"715\">&#8211; Wei\u00dfe Zirkonia erinnern an Reinheit, Licht und Ausstrahlung.<br data-start=\"776\" data-end=\"779\">&#8211; Ein Schmuckst\u00fcck, das jeden Look aufwertet und Selbstbewusstsein ausstrahlt.<\/p>\n<p data-start=\"853\" data-end=\"1187\"><strong data-start=\"853\" data-end=\"892\">Warum sollten Sie sich f\u00fcr dieses Schmuckset entscheiden?<\/strong><br data-start=\"892\" data-end=\"895\">&#8211; Hergestellt <strong data-start=\"905\" data-end=\"943\">aus 925er Sterlingsilber mit Rhodiumbeschichtung<\/strong> f\u00fcr lang anhaltenden Glanz und Haltbarkeit.<br data-start=\"988\" data-end=\"991\">&#8211; Modernes, geometrisches Design, das Ihren Sinn f\u00fcr Stil unterstreicht.<br data-start=\"1051\" data-end=\"1054\">&#8211; Schimmernde wei\u00dfe Zirkoniasteine in einer Pav\u00e9-Fassung.<br data-start=\"1103\" data-end=\"1106\">&#8211; Leichtes Tragegef\u00fchl, das sowohl legere als auch Freizeitoutfits aufwertet.<\/p>\n<p data-start=\"1189\" data-end=\"1308\">\ud83c\udf81 \u00dcberraschen Sie sich selbst oder Ihre Lieben mit diesem eleganten Set und machen Sie den Look jedes Mal zu etwas Besonderem! \u2728<\/p>\n<p data-start=\"1189\" data-end=\"1308\">-Das Produkt wird ohne Kette geliefert!<\/p>\n","protected":false},"excerpt":{"rendered":"<p>Moderner dreieckiger Kronleuchter, besetzt mit strahlend wei\u00dfen Zirkoniasteinen. Er besteht aus rhodiniertem 925er Silber und ist eine elegante Wahl f\u00fcr besondere Anl\u00e4sse und f\u00fcr das t\u00e4gliche Tragen. \u2728<\/p>\n<p>-Er kommt ohne Kette!<\/p>\n","protected":false},"featured_media":108089,"template":"","meta":[],"product_brand":[],"product_cat":[526],"product_tag":[527],"class_list":{"0":"post-112033","1":"product","2":"type-product","3":"status-publish","4":"has-post-thumbnail","6":"product_cat-silberschmuck-set","7":"product_tag-damen","8":"description-off","10":"first","11":"instock","12":"taxable","13":"shipping-taxable","14":"purchasable","15":"product-type-simple"},"yoast_head":"<!-- This site is optimized with the Yoast SEO Premium plugin v26.8 (Yoast SEO v27.4) - https:\/\/yoast.com\/product\/yoast-seo-premium-wordpress\/ -->\n<title>Dreieckiges Schmuckst\u00fcck mit wei\u00dfen Zirkoniasteinen besetzt | Drescher Jewellery<\/title>\n<meta name=\"description\" content=\"Fedezd fel a leny\u0171g\u00f6z\u0151 Dreieckiges Schmuckst\u00fcck mit wei\u00dfen Zirkoniasteinen besetzt \u00e9kszer\u00fcnket. T\u00f6k\u00e9letes kieg\u00e9sz\u00edt\u0151 mindennapi viselethez \u00e9s k\u00fcl\u00f6nleges alkalmakra egyar\u00e1nt. Rendeld meg most!\" \/>\n<meta name=\"robots\" content=\"index, follow, max-snippet:-1, max-image-preview:large, max-video-preview:-1\" \/>\n<link rel=\"canonical\" href=\"https:\/\/drescherjewellery.com\/de\/termek\/dreieckiges-schmuckstueck-mit-weissen-zirkoniasteinen-besetzt\/\" \/>\n<meta property=\"og:locale\" content=\"de_DE\" \/>\n<meta property=\"og:type\" content=\"article\" \/>\n<meta property=\"og:title\" content=\"Dreieckiges Schmuckst\u00fcck mit wei\u00dfen Zirkoniasteinen besetzt\" \/>\n<meta property=\"og:description\" content=\"Fedezd fel a leny\u0171g\u00f6z\u0151 Dreieckiges Schmuckst\u00fcck mit wei\u00dfen Zirkoniasteinen besetzt \u00e9kszer\u00fcnket. T\u00f6k\u00e9letes kieg\u00e9sz\u00edt\u0151 mindennapi viselethez \u00e9s k\u00fcl\u00f6nleges alkalmakra egyar\u00e1nt. Rendeld meg most!\" \/>\n<meta property=\"og:url\" content=\"https:\/\/drescherjewellery.com\/de\/termek\/dreieckiges-schmuckstueck-mit-weissen-zirkoniasteinen-besetzt\/\" \/>\n<meta property=\"og:site_name\" content=\"Drescher Jewellery\" \/>\n<meta property=\"article:publisher\" content=\"https:\/\/www.facebook.com\/drescherjewellery\" \/>\n<meta property=\"og:image\" content=\"https:\/\/drescherjewellery.com\/wp-content\/uploads\/2025\/09\/Haromszog-formaju-ekszerszett-feher-cirkonia-kovekkel_2.jpg\" \/>\n\t<meta property=\"og:image:width\" content=\"1340\" \/>\n\t<meta property=\"og:image:height\" content=\"1785\" \/>\n\t<meta property=\"og:image:type\" content=\"image\/jpeg\" \/>\n<meta name=\"twitter:card\" content=\"summary_large_image\" \/>\n<meta name=\"twitter:label1\" content=\"Gesch\u00e4tzte Lesezeit\" \/>\n\t<meta name=\"twitter:data1\" content=\"1\u00a0Minute\" \/>\n<script type=\"application\/ld+json\" class=\"yoast-schema-graph\">{\"@context\":\"https:\\\/\\\/schema.org\",\"@graph\":[{\"@type\":\"WebPage\",\"@id\":\"https:\\\/\\\/drescherjewellery.com\\\/de\\\/termek\\\/dreieckiges-schmuckstueck-mit-weissen-zirkoniasteinen-besetzt\\\/\",\"url\":\"https:\\\/\\\/drescherjewellery.com\\\/de\\\/termek\\\/dreieckiges-schmuckstueck-mit-weissen-zirkoniasteinen-besetzt\\\/\",\"name\":\"Dreieckiges Schmuckst\u00fcck mit wei\u00dfen Zirkoniasteinen besetzt | Drescher Jewellery\",\"isPartOf\":{\"@id\":\"https:\\\/\\\/drescherjewellery.com\\\/de\\\/#website\"},\"primaryImageOfPage\":{\"@id\":\"https:\\\/\\\/drescherjewellery.com\\\/de\\\/termek\\\/dreieckiges-schmuckstueck-mit-weissen-zirkoniasteinen-besetzt\\\/#primaryimage\"},\"image\":{\"@id\":\"https:\\\/\\\/drescherjewellery.com\\\/de\\\/termek\\\/dreieckiges-schmuckstueck-mit-weissen-zirkoniasteinen-besetzt\\\/#primaryimage\"},\"thumbnailUrl\":\"https:\\\/\\\/drescherjewellery.com\\\/wp-content\\\/uploads\\\/2025\\\/09\\\/Haromszog-formaju-ekszerszett-feher-cirkonia-kovekkel_2.jpg\",\"datePublished\":\"2025-09-06T18:28:02+00:00\",\"description\":\"Fedezd fel a leny\u0171g\u00f6z\u0151 Dreieckiges Schmuckst\u00fcck mit wei\u00dfen Zirkoniasteinen besetzt \u00e9kszer\u00fcnket. T\u00f6k\u00e9letes kieg\u00e9sz\u00edt\u0151 mindennapi viselethez \u00e9s k\u00fcl\u00f6nleges alkalmakra egyar\u00e1nt. Rendeld meg most!\",\"breadcrumb\":{\"@id\":\"https:\\\/\\\/drescherjewellery.com\\\/de\\\/termek\\\/dreieckiges-schmuckstueck-mit-weissen-zirkoniasteinen-besetzt\\\/#breadcrumb\"},\"inLanguage\":\"de\",\"potentialAction\":[{\"@type\":\"ReadAction\",\"target\":[\"https:\\\/\\\/drescherjewellery.com\\\/de\\\/termek\\\/dreieckiges-schmuckstueck-mit-weissen-zirkoniasteinen-besetzt\\\/\"]}]},{\"@type\":\"ImageObject\",\"inLanguage\":\"de\",\"@id\":\"https:\\\/\\\/drescherjewellery.com\\\/de\\\/termek\\\/dreieckiges-schmuckstueck-mit-weissen-zirkoniasteinen-besetzt\\\/#primaryimage\",\"url\":\"https:\\\/\\\/drescherjewellery.com\\\/wp-content\\\/uploads\\\/2025\\\/09\\\/Haromszog-formaju-ekszerszett-feher-cirkonia-kovekkel_2.jpg\",\"contentUrl\":\"https:\\\/\\\/drescherjewellery.com\\\/wp-content\\\/uploads\\\/2025\\\/09\\\/Haromszog-formaju-ekszerszett-feher-cirkonia-kovekkel_2.jpg\",\"width\":1340,\"height\":1785},{\"@type\":\"BreadcrumbList\",\"@id\":\"https:\\\/\\\/drescherjewellery.com\\\/de\\\/termek\\\/dreieckiges-schmuckstueck-mit-weissen-zirkoniasteinen-besetzt\\\/#breadcrumb\",\"itemListElement\":[{\"@type\":\"ListItem\",\"position\":1,\"name\":\"Kezd\u0151lap\",\"item\":\"https:\\\/\\\/drescherjewellery.com\\\/de\\\/\"},{\"@type\":\"ListItem\",\"position\":2,\"name\":\"Shop\",\"item\":\"https:\\\/\\\/drescherjewellery.com\\\/de\\\/shop\\\/\"},{\"@type\":\"ListItem\",\"position\":3,\"name\":\"Dreieckiges Schmuckst\u00fcck mit wei\u00dfen Zirkoniasteinen besetzt\"}]},{\"@type\":\"WebSite\",\"@id\":\"https:\\\/\\\/drescherjewellery.com\\\/de\\\/#website\",\"url\":\"https:\\\/\\\/drescherjewellery.com\\\/de\\\/\",\"name\":\"Drescher Jewellery\",\"description\":\"Tedd t\u00f6k\u00e9letesebb\u00e9 mindennapjaid a Drescher Jewellery \u00e9kszereivel.\",\"publisher\":{\"@id\":\"https:\\\/\\\/drescherjewellery.com\\\/de\\\/#organization\"},\"alternateName\":\"Ez\u00fcst \u00c9kszer Web\u00e1ruh\u00e1z\",\"potentialAction\":[{\"@type\":\"SearchAction\",\"target\":{\"@type\":\"EntryPoint\",\"urlTemplate\":\"https:\\\/\\\/drescherjewellery.com\\\/de\\\/?s={search_term_string}\"},\"query-input\":{\"@type\":\"PropertyValueSpecification\",\"valueRequired\":true,\"valueName\":\"search_term_string\"}}],\"inLanguage\":\"de\"},{\"@type\":\"Organization\",\"@id\":\"https:\\\/\\\/drescherjewellery.com\\\/de\\\/#organization\",\"name\":\"Drescher Jewellery\",\"url\":\"https:\\\/\\\/drescherjewellery.com\\\/de\\\/\",\"logo\":{\"@type\":\"ImageObject\",\"inLanguage\":\"de\",\"@id\":\"https:\\\/\\\/drescherjewellery.com\\\/de\\\/#\\\/schema\\\/logo\\\/image\\\/\",\"url\":\"https:\\\/\\\/drescherjewellery.com\\\/wp-content\\\/uploads\\\/2026\\\/01\\\/Drescher-Jewellery-wpml.png\",\"contentUrl\":\"https:\\\/\\\/drescherjewellery.com\\\/wp-content\\\/uploads\\\/2026\\\/01\\\/Drescher-Jewellery-wpml.png\",\"width\":500,\"height\":500,\"caption\":\"Drescher Jewellery\"},\"image\":{\"@id\":\"https:\\\/\\\/drescherjewellery.com\\\/de\\\/#\\\/schema\\\/logo\\\/image\\\/\"},\"sameAs\":[\"https:\\\/\\\/www.facebook.com\\\/drescherjewellery\",\"https:\\\/\\\/www.instagram.com\\\/drescherjewellery\",\"https:\\\/\\\/www.tiktok.com\\\/@drescherjewellery\"]}]}<\/script>\n<!-- \/ Yoast SEO Premium plugin. -->","yoast_head_json":{"title":"Dreieckiges Schmuckst\u00fcck mit wei\u00dfen Zirkoniasteinen besetzt | Drescher Jewellery","description":"Fedezd fel a leny\u0171g\u00f6z\u0151 Dreieckiges Schmuckst\u00fcck mit wei\u00dfen Zirkoniasteinen besetzt \u00e9kszer\u00fcnket. T\u00f6k\u00e9letes kieg\u00e9sz\u00edt\u0151 mindennapi viselethez \u00e9s k\u00fcl\u00f6nleges alkalmakra egyar\u00e1nt. Rendeld meg most!","robots":{"index":"index","follow":"follow","max-snippet":"max-snippet:-1","max-image-preview":"max-image-preview:large","max-video-preview":"max-video-preview:-1"},"canonical":"https:\/\/drescherjewellery.com\/de\/termek\/dreieckiges-schmuckstueck-mit-weissen-zirkoniasteinen-besetzt\/","og_locale":"de_DE","og_type":"article","og_title":"Dreieckiges Schmuckst\u00fcck mit wei\u00dfen Zirkoniasteinen besetzt","og_description":"Fedezd fel a leny\u0171g\u00f6z\u0151 Dreieckiges Schmuckst\u00fcck mit wei\u00dfen Zirkoniasteinen besetzt \u00e9kszer\u00fcnket. T\u00f6k\u00e9letes kieg\u00e9sz\u00edt\u0151 mindennapi viselethez \u00e9s k\u00fcl\u00f6nleges alkalmakra egyar\u00e1nt. Rendeld meg most!","og_url":"https:\/\/drescherjewellery.com\/de\/termek\/dreieckiges-schmuckstueck-mit-weissen-zirkoniasteinen-besetzt\/","og_site_name":"Drescher Jewellery","article_publisher":"https:\/\/www.facebook.com\/drescherjewellery","og_image":[{"width":1340,"height":1785,"url":"https:\/\/drescherjewellery.com\/wp-content\/uploads\/2025\/09\/Haromszog-formaju-ekszerszett-feher-cirkonia-kovekkel_2.jpg","type":"image\/jpeg"}],"twitter_card":"summary_large_image","twitter_misc":{"Gesch\u00e4tzte Lesezeit":"1\u00a0Minute"},"schema":{"@context":"https:\/\/schema.org","@graph":[{"@type":"WebPage","@id":"https:\/\/drescherjewellery.com\/de\/termek\/dreieckiges-schmuckstueck-mit-weissen-zirkoniasteinen-besetzt\/","url":"https:\/\/drescherjewellery.com\/de\/termek\/dreieckiges-schmuckstueck-mit-weissen-zirkoniasteinen-besetzt\/","name":"Dreieckiges Schmuckst\u00fcck mit wei\u00dfen Zirkoniasteinen besetzt | Drescher Jewellery","isPartOf":{"@id":"https:\/\/drescherjewellery.com\/de\/#website"},"primaryImageOfPage":{"@id":"https:\/\/drescherjewellery.com\/de\/termek\/dreieckiges-schmuckstueck-mit-weissen-zirkoniasteinen-besetzt\/#primaryimage"},"image":{"@id":"https:\/\/drescherjewellery.com\/de\/termek\/dreieckiges-schmuckstueck-mit-weissen-zirkoniasteinen-besetzt\/#primaryimage"},"thumbnailUrl":"https:\/\/drescherjewellery.com\/wp-content\/uploads\/2025\/09\/Haromszog-formaju-ekszerszett-feher-cirkonia-kovekkel_2.jpg","datePublished":"2025-09-06T18:28:02+00:00","description":"Fedezd fel a leny\u0171g\u00f6z\u0151 Dreieckiges Schmuckst\u00fcck mit wei\u00dfen Zirkoniasteinen besetzt \u00e9kszer\u00fcnket. T\u00f6k\u00e9letes kieg\u00e9sz\u00edt\u0151 mindennapi viselethez \u00e9s k\u00fcl\u00f6nleges alkalmakra egyar\u00e1nt. Rendeld meg most!","breadcrumb":{"@id":"https:\/\/drescherjewellery.com\/de\/termek\/dreieckiges-schmuckstueck-mit-weissen-zirkoniasteinen-besetzt\/#breadcrumb"},"inLanguage":"de","potentialAction":[{"@type":"ReadAction","target":["https:\/\/drescherjewellery.com\/de\/termek\/dreieckiges-schmuckstueck-mit-weissen-zirkoniasteinen-besetzt\/"]}]},{"@type":"ImageObject","inLanguage":"de","@id":"https:\/\/drescherjewellery.com\/de\/termek\/dreieckiges-schmuckstueck-mit-weissen-zirkoniasteinen-besetzt\/#primaryimage","url":"https:\/\/drescherjewellery.com\/wp-content\/uploads\/2025\/09\/Haromszog-formaju-ekszerszett-feher-cirkonia-kovekkel_2.jpg","contentUrl":"https:\/\/drescherjewellery.com\/wp-content\/uploads\/2025\/09\/Haromszog-formaju-ekszerszett-feher-cirkonia-kovekkel_2.jpg","width":1340,"height":1785},{"@type":"BreadcrumbList","@id":"https:\/\/drescherjewellery.com\/de\/termek\/dreieckiges-schmuckstueck-mit-weissen-zirkoniasteinen-besetzt\/#breadcrumb","itemListElement":[{"@type":"ListItem","position":1,"name":"Kezd\u0151lap","item":"https:\/\/drescherjewellery.com\/de\/"},{"@type":"ListItem","position":2,"name":"Shop","item":"https:\/\/drescherjewellery.com\/de\/shop\/"},{"@type":"ListItem","position":3,"name":"Dreieckiges Schmuckst\u00fcck mit wei\u00dfen Zirkoniasteinen besetzt"}]},{"@type":"WebSite","@id":"https:\/\/drescherjewellery.com\/de\/#website","url":"https:\/\/drescherjewellery.com\/de\/","name":"Drescher Jewellery","description":"Tedd t\u00f6k\u00e9letesebb\u00e9 mindennapjaid a Drescher Jewellery \u00e9kszereivel.","publisher":{"@id":"https:\/\/drescherjewellery.com\/de\/#organization"},"alternateName":"Ez\u00fcst \u00c9kszer Web\u00e1ruh\u00e1z","potentialAction":[{"@type":"SearchAction","target":{"@type":"EntryPoint","urlTemplate":"https:\/\/drescherjewellery.com\/de\/?s={search_term_string}"},"query-input":{"@type":"PropertyValueSpecification","valueRequired":true,"valueName":"search_term_string"}}],"inLanguage":"de"},{"@type":"Organization","@id":"https:\/\/drescherjewellery.com\/de\/#organization","name":"Drescher Jewellery","url":"https:\/\/drescherjewellery.com\/de\/","logo":{"@type":"ImageObject","inLanguage":"de","@id":"https:\/\/drescherjewellery.com\/de\/#\/schema\/logo\/image\/","url":"https:\/\/drescherjewellery.com\/wp-content\/uploads\/2026\/01\/Drescher-Jewellery-wpml.png","contentUrl":"https:\/\/drescherjewellery.com\/wp-content\/uploads\/2026\/01\/Drescher-Jewellery-wpml.png","width":500,"height":500,"caption":"Drescher Jewellery"},"image":{"@id":"https:\/\/drescherjewellery.com\/de\/#\/schema\/logo\/image\/"},"sameAs":["https:\/\/www.facebook.com\/drescherjewellery","https:\/\/www.instagram.com\/drescherjewellery","https:\/\/www.tiktok.com\/@drescherjewellery"]}]}},"_links":{"self":[{"href":"https:\/\/drescherjewellery.com\/de\/wp-json\/wp\/v2\/product\/112033","targetHints":{"allow":["GET"]}}],"collection":[{"href":"https:\/\/drescherjewellery.com\/de\/wp-json\/wp\/v2\/product"}],"about":[{"href":"https:\/\/drescherjewellery.com\/de\/wp-json\/wp\/v2\/types\/product"}],"version-history":[{"count":0,"href":"https:\/\/drescherjewellery.com\/de\/wp-json\/wp\/v2\/product\/112033\/revisions"}],"wp:featuredmedia":[{"embeddable":true,"href":"https:\/\/drescherjewellery.com\/de\/wp-json\/wp\/v2\/media\/108089"}],"wp:attachment":[{"href":"https:\/\/drescherjewellery.com\/de\/wp-json\/wp\/v2\/media?parent=112033"}],"wp:term":[{"taxonomy":"product_brand","embeddable":true,"href":"https:\/\/drescherjewellery.com\/de\/wp-json\/wp\/v2\/product_brand?post=112033"},{"taxonomy":"product_cat","embeddable":true,"href":"https:\/\/drescherjewellery.com\/de\/wp-json\/wp\/v2\/product_cat?post=112033"},{"taxonomy":"product_tag","embeddable":true,"href":"https:\/\/drescherjewellery.com\/de\/wp-json\/wp\/v2\/product_tag?post=112033"}],"curies":[{"name":"wp","href":"https:\/\/api.w.org\/{rel}","templated":true}]}}