{"id":112056,"date":"2025-09-06T22:43:48","date_gmt":"2025-09-06T20:43:48","guid":{"rendered":"https:\/\/dianasilver.hu\/termek\/armband-mit-doppeltem-herzmotiv-und-kubischen-zirkonsteinen\/"},"modified":"2026-02-19T21:34:12","modified_gmt":"2026-02-19T20:34:12","slug":"armband-mit-doppeltem-herzmotiv-und-kubischen-zirkonsteinen","status":"publish","type":"product","link":"https:\/\/drescherjewellery.com\/de\/termek\/armband-mit-doppeltem-herzmotiv-und-kubischen-zirkonsteinen\/","title":{"rendered":"Armband mit doppeltem Herzmotiv und kubischen Zirkonsteinen"},"content":{"rendered":"<h2 data-start=\"285\" data-end=\"613\">Dieses wundersch\u00f6ne Armband mit Herzmotiv ist ein Symbol der Liebe und der Zweisamkeit.<\/h2>\n<p data-start=\"285\" data-end=\"613\">Die beiden ineinandergreifenden Herzformen tragen eine tiefe emotionale Bedeutung: Verbindung, Bindung und ewige Verbundenheit. Und das Funkeln der zarten Zirkoniasteine unterstreicht die Weiblichkeit und die raffinierte Eleganz. <\/p>\n<p data-start=\"615\" data-end=\"786\"><strong data-start=\"615\" data-end=\"650\">Was symbolisiert das Herzmotiv?<\/strong><br data-start=\"650\" data-end=\"653\">&#8211; Ein Ausdruck von Liebe und Zuneigung.<br data-start=\"689\" data-end=\"692\">&#8211; Ein Symbol f\u00fcr Zusammengeh\u00f6rigkeit und Loyalit\u00e4t.<br data-start=\"731\" data-end=\"734\">&#8211; Als Geschenk hat es eine besonders emotionale Bedeutung.<\/p>\n<p data-start=\"788\" data-end=\"1218\"><strong data-start=\"788\" data-end=\"806\">Warum sollten Sie sich daf\u00fcr entscheiden?<\/strong><br data-start=\"806\" data-end=\"809\">&#8211; Hergestellt aus hochwertigem <strong data-start=\"827\" data-end=\"846\">AG 925 Silber<\/strong> mit Rhodium-Beschichtung, damit der Glanz lange erhalten bleibt.<br data-start=\"910\" data-end=\"913\">&#8211; Verziert mit Zirkonia-Steinen, die einen Diamanteffekt erzeugen.<br data-start=\"984\" data-end=\"987\">&#8211; Praktische Gr\u00f6\u00dfe: 17 cm + 3,5 cm verstellbare L\u00e4nge f\u00fcr eine perfekte Passform.<br data-start=\"1066\" data-end=\"1069\">&#8211; Zartes und romantisches Design, das am Handgelenk jeder Frau elegant aussieht.<br data-start=\"1140\" data-end=\"1143\">&#8211; Perfekt als Geschenk geeignet, da es eine tiefe emotionale Botschaft vermittelt.<\/p>\n<p data-start=\"1220\" data-end=\"1327\">\ud83c\udf81 \u00dcberraschen Sie sich selbst oder einen geliebten Menschen mit diesem h\u00fcbschen Herzarmband und \u00fcbermitteln Sie die Botschaft der Zweisamkeit! \u2764\ufe0f\u2728 <\/p>\n","protected":false},"excerpt":{"rendered":"<p>Ein zartes, romantisches Armband mit einem ineinandergreifenden Herzmotiv, das mit funkelnden Zirkoniasteinen verziert ist. AG 925 Sterlingsilber, rhodiniert f\u00fcr dauerhaften Glanz. \ud83d\udc8e\u2764\ufe0f  <\/p>\n","protected":false},"featured_media":108284,"template":"","meta":[],"product_brand":[],"product_cat":[614],"product_tag":[527,633,622],"class_list":{"0":"post-112056","1":"product","2":"type-product","3":"status-publish","4":"has-post-thumbnail","6":"product_cat-silberne-armbander","7":"product_tag-damen","8":"product_tag-herz","9":"product_tag-muttertagsgeschenk","10":"description-off","12":"first","13":"instock","14":"sale","15":"taxable","16":"shipping-taxable","17":"purchasable","18":"product-type-simple"},"yoast_head":"<!-- This site is optimized with the Yoast SEO Premium plugin v26.8 (Yoast SEO v27.4) - https:\/\/yoast.com\/product\/yoast-seo-premium-wordpress\/ -->\n<title>Armband mit doppeltem Herzmotiv und kubischen Zirkonsteinen | Drescher Jewellery<\/title>\n<meta name=\"description\" content=\"Fedezd fel a leny\u0171g\u00f6z\u0151 Armband mit doppeltem Herzmotiv und kubischen Zirkonsteinen \u00e9kszer\u00fcnket. T\u00f6k\u00e9letes kieg\u00e9sz\u00edt\u0151 mindennapi viselethez \u00e9s k\u00fcl\u00f6nleges alkalmakra egyar\u00e1nt. Rendeld meg most!\" \/>\n<meta name=\"robots\" content=\"index, follow, max-snippet:-1, max-image-preview:large, max-video-preview:-1\" \/>\n<link rel=\"canonical\" href=\"https:\/\/drescherjewellery.com\/de\/termek\/armband-mit-doppeltem-herzmotiv-und-kubischen-zirkonsteinen\/\" \/>\n<meta property=\"og:locale\" content=\"de_DE\" \/>\n<meta property=\"og:type\" content=\"article\" \/>\n<meta property=\"og:title\" content=\"Armband mit doppeltem Herzmotiv und kubischen Zirkonsteinen\" \/>\n<meta property=\"og:description\" content=\"Fedezd fel a leny\u0171g\u00f6z\u0151 Armband mit doppeltem Herzmotiv und kubischen Zirkonsteinen \u00e9kszer\u00fcnket. T\u00f6k\u00e9letes kieg\u00e9sz\u00edt\u0151 mindennapi viselethez \u00e9s k\u00fcl\u00f6nleges alkalmakra egyar\u00e1nt. Rendeld meg most!\" \/>\n<meta property=\"og:url\" content=\"https:\/\/drescherjewellery.com\/de\/termek\/armband-mit-doppeltem-herzmotiv-und-kubischen-zirkonsteinen\/\" \/>\n<meta property=\"og:site_name\" content=\"Drescher Jewellery\" \/>\n<meta property=\"article:publisher\" content=\"https:\/\/www.facebook.com\/drescherjewellery\" \/>\n<meta property=\"article:modified_time\" content=\"2026-02-19T20:34:12+00:00\" \/>\n<meta property=\"og:image\" content=\"https:\/\/drescherjewellery.com\/wp-content\/uploads\/2025\/09\/Dupla-sziv-motivumos-karkoto-cirkonia-kovekkel_1.jpg\" \/>\n\t<meta property=\"og:image:width\" content=\"1340\" \/>\n\t<meta property=\"og:image:height\" content=\"1785\" \/>\n\t<meta property=\"og:image:type\" content=\"image\/jpeg\" \/>\n<meta name=\"twitter:card\" content=\"summary_large_image\" \/>\n<meta name=\"twitter:label1\" content=\"Gesch\u00e4tzte Lesezeit\" \/>\n\t<meta name=\"twitter:data1\" content=\"1\u00a0Minute\" \/>\n<script type=\"application\/ld+json\" class=\"yoast-schema-graph\">{\"@context\":\"https:\\\/\\\/schema.org\",\"@graph\":[{\"@type\":\"WebPage\",\"@id\":\"https:\\\/\\\/drescherjewellery.com\\\/de\\\/termek\\\/armband-mit-doppeltem-herzmotiv-und-kubischen-zirkonsteinen\\\/\",\"url\":\"https:\\\/\\\/drescherjewellery.com\\\/de\\\/termek\\\/armband-mit-doppeltem-herzmotiv-und-kubischen-zirkonsteinen\\\/\",\"name\":\"Armband mit doppeltem Herzmotiv und kubischen Zirkonsteinen | Drescher Jewellery\",\"isPartOf\":{\"@id\":\"https:\\\/\\\/drescherjewellery.com\\\/de\\\/#website\"},\"primaryImageOfPage\":{\"@id\":\"https:\\\/\\\/drescherjewellery.com\\\/de\\\/termek\\\/armband-mit-doppeltem-herzmotiv-und-kubischen-zirkonsteinen\\\/#primaryimage\"},\"image\":{\"@id\":\"https:\\\/\\\/drescherjewellery.com\\\/de\\\/termek\\\/armband-mit-doppeltem-herzmotiv-und-kubischen-zirkonsteinen\\\/#primaryimage\"},\"thumbnailUrl\":\"https:\\\/\\\/drescherjewellery.com\\\/wp-content\\\/uploads\\\/2025\\\/09\\\/Dupla-sziv-motivumos-karkoto-cirkonia-kovekkel_1.jpg\",\"datePublished\":\"2025-09-06T20:43:48+00:00\",\"dateModified\":\"2026-02-19T20:34:12+00:00\",\"description\":\"Fedezd fel a leny\u0171g\u00f6z\u0151 Armband mit doppeltem Herzmotiv und kubischen Zirkonsteinen \u00e9kszer\u00fcnket. T\u00f6k\u00e9letes kieg\u00e9sz\u00edt\u0151 mindennapi viselethez \u00e9s k\u00fcl\u00f6nleges alkalmakra egyar\u00e1nt. Rendeld meg most!\",\"breadcrumb\":{\"@id\":\"https:\\\/\\\/drescherjewellery.com\\\/de\\\/termek\\\/armband-mit-doppeltem-herzmotiv-und-kubischen-zirkonsteinen\\\/#breadcrumb\"},\"inLanguage\":\"de\",\"potentialAction\":[{\"@type\":\"ReadAction\",\"target\":[\"https:\\\/\\\/drescherjewellery.com\\\/de\\\/termek\\\/armband-mit-doppeltem-herzmotiv-und-kubischen-zirkonsteinen\\\/\"]}]},{\"@type\":\"ImageObject\",\"inLanguage\":\"de\",\"@id\":\"https:\\\/\\\/drescherjewellery.com\\\/de\\\/termek\\\/armband-mit-doppeltem-herzmotiv-und-kubischen-zirkonsteinen\\\/#primaryimage\",\"url\":\"https:\\\/\\\/drescherjewellery.com\\\/wp-content\\\/uploads\\\/2025\\\/09\\\/Dupla-sziv-motivumos-karkoto-cirkonia-kovekkel_1.jpg\",\"contentUrl\":\"https:\\\/\\\/drescherjewellery.com\\\/wp-content\\\/uploads\\\/2025\\\/09\\\/Dupla-sziv-motivumos-karkoto-cirkonia-kovekkel_1.jpg\",\"width\":1340,\"height\":1785},{\"@type\":\"BreadcrumbList\",\"@id\":\"https:\\\/\\\/drescherjewellery.com\\\/de\\\/termek\\\/armband-mit-doppeltem-herzmotiv-und-kubischen-zirkonsteinen\\\/#breadcrumb\",\"itemListElement\":[{\"@type\":\"ListItem\",\"position\":1,\"name\":\"Kezd\u0151lap\",\"item\":\"https:\\\/\\\/drescherjewellery.com\\\/de\\\/\"},{\"@type\":\"ListItem\",\"position\":2,\"name\":\"Shop\",\"item\":\"https:\\\/\\\/drescherjewellery.com\\\/de\\\/shop\\\/\"},{\"@type\":\"ListItem\",\"position\":3,\"name\":\"Armband mit doppeltem Herzmotiv und kubischen Zirkonsteinen\"}]},{\"@type\":\"WebSite\",\"@id\":\"https:\\\/\\\/drescherjewellery.com\\\/de\\\/#website\",\"url\":\"https:\\\/\\\/drescherjewellery.com\\\/de\\\/\",\"name\":\"Drescher Jewellery\",\"description\":\"Tedd t\u00f6k\u00e9letesebb\u00e9 mindennapjaid a Drescher Jewellery \u00e9kszereivel.\",\"publisher\":{\"@id\":\"https:\\\/\\\/drescherjewellery.com\\\/de\\\/#organization\"},\"alternateName\":\"Ez\u00fcst \u00c9kszer Web\u00e1ruh\u00e1z\",\"potentialAction\":[{\"@type\":\"SearchAction\",\"target\":{\"@type\":\"EntryPoint\",\"urlTemplate\":\"https:\\\/\\\/drescherjewellery.com\\\/de\\\/?s={search_term_string}\"},\"query-input\":{\"@type\":\"PropertyValueSpecification\",\"valueRequired\":true,\"valueName\":\"search_term_string\"}}],\"inLanguage\":\"de\"},{\"@type\":\"Organization\",\"@id\":\"https:\\\/\\\/drescherjewellery.com\\\/de\\\/#organization\",\"name\":\"Drescher Jewellery\",\"url\":\"https:\\\/\\\/drescherjewellery.com\\\/de\\\/\",\"logo\":{\"@type\":\"ImageObject\",\"inLanguage\":\"de\",\"@id\":\"https:\\\/\\\/drescherjewellery.com\\\/de\\\/#\\\/schema\\\/logo\\\/image\\\/\",\"url\":\"https:\\\/\\\/drescherjewellery.com\\\/wp-content\\\/uploads\\\/2026\\\/01\\\/Drescher-Jewellery-wpml.png\",\"contentUrl\":\"https:\\\/\\\/drescherjewellery.com\\\/wp-content\\\/uploads\\\/2026\\\/01\\\/Drescher-Jewellery-wpml.png\",\"width\":500,\"height\":500,\"caption\":\"Drescher Jewellery\"},\"image\":{\"@id\":\"https:\\\/\\\/drescherjewellery.com\\\/de\\\/#\\\/schema\\\/logo\\\/image\\\/\"},\"sameAs\":[\"https:\\\/\\\/www.facebook.com\\\/drescherjewellery\",\"https:\\\/\\\/www.instagram.com\\\/drescherjewellery\",\"https:\\\/\\\/www.tiktok.com\\\/@drescherjewellery\"]}]}<\/script>\n<!-- \/ Yoast SEO Premium plugin. -->","yoast_head_json":{"title":"Armband mit doppeltem Herzmotiv und kubischen Zirkonsteinen | Drescher Jewellery","description":"Fedezd fel a leny\u0171g\u00f6z\u0151 Armband mit doppeltem Herzmotiv und kubischen Zirkonsteinen \u00e9kszer\u00fcnket. T\u00f6k\u00e9letes kieg\u00e9sz\u00edt\u0151 mindennapi viselethez \u00e9s k\u00fcl\u00f6nleges alkalmakra egyar\u00e1nt. Rendeld meg most!","robots":{"index":"index","follow":"follow","max-snippet":"max-snippet:-1","max-image-preview":"max-image-preview:large","max-video-preview":"max-video-preview:-1"},"canonical":"https:\/\/drescherjewellery.com\/de\/termek\/armband-mit-doppeltem-herzmotiv-und-kubischen-zirkonsteinen\/","og_locale":"de_DE","og_type":"article","og_title":"Armband mit doppeltem Herzmotiv und kubischen Zirkonsteinen","og_description":"Fedezd fel a leny\u0171g\u00f6z\u0151 Armband mit doppeltem Herzmotiv und kubischen Zirkonsteinen \u00e9kszer\u00fcnket. T\u00f6k\u00e9letes kieg\u00e9sz\u00edt\u0151 mindennapi viselethez \u00e9s k\u00fcl\u00f6nleges alkalmakra egyar\u00e1nt. Rendeld meg most!","og_url":"https:\/\/drescherjewellery.com\/de\/termek\/armband-mit-doppeltem-herzmotiv-und-kubischen-zirkonsteinen\/","og_site_name":"Drescher Jewellery","article_publisher":"https:\/\/www.facebook.com\/drescherjewellery","article_modified_time":"2026-02-19T20:34:12+00:00","og_image":[{"width":1340,"height":1785,"url":"https:\/\/drescherjewellery.com\/wp-content\/uploads\/2025\/09\/Dupla-sziv-motivumos-karkoto-cirkonia-kovekkel_1.jpg","type":"image\/jpeg"}],"twitter_card":"summary_large_image","twitter_misc":{"Gesch\u00e4tzte Lesezeit":"1\u00a0Minute"},"schema":{"@context":"https:\/\/schema.org","@graph":[{"@type":"WebPage","@id":"https:\/\/drescherjewellery.com\/de\/termek\/armband-mit-doppeltem-herzmotiv-und-kubischen-zirkonsteinen\/","url":"https:\/\/drescherjewellery.com\/de\/termek\/armband-mit-doppeltem-herzmotiv-und-kubischen-zirkonsteinen\/","name":"Armband mit doppeltem Herzmotiv und kubischen Zirkonsteinen | Drescher Jewellery","isPartOf":{"@id":"https:\/\/drescherjewellery.com\/de\/#website"},"primaryImageOfPage":{"@id":"https:\/\/drescherjewellery.com\/de\/termek\/armband-mit-doppeltem-herzmotiv-und-kubischen-zirkonsteinen\/#primaryimage"},"image":{"@id":"https:\/\/drescherjewellery.com\/de\/termek\/armband-mit-doppeltem-herzmotiv-und-kubischen-zirkonsteinen\/#primaryimage"},"thumbnailUrl":"https:\/\/drescherjewellery.com\/wp-content\/uploads\/2025\/09\/Dupla-sziv-motivumos-karkoto-cirkonia-kovekkel_1.jpg","datePublished":"2025-09-06T20:43:48+00:00","dateModified":"2026-02-19T20:34:12+00:00","description":"Fedezd fel a leny\u0171g\u00f6z\u0151 Armband mit doppeltem Herzmotiv und kubischen Zirkonsteinen \u00e9kszer\u00fcnket. T\u00f6k\u00e9letes kieg\u00e9sz\u00edt\u0151 mindennapi viselethez \u00e9s k\u00fcl\u00f6nleges alkalmakra egyar\u00e1nt. Rendeld meg most!","breadcrumb":{"@id":"https:\/\/drescherjewellery.com\/de\/termek\/armband-mit-doppeltem-herzmotiv-und-kubischen-zirkonsteinen\/#breadcrumb"},"inLanguage":"de","potentialAction":[{"@type":"ReadAction","target":["https:\/\/drescherjewellery.com\/de\/termek\/armband-mit-doppeltem-herzmotiv-und-kubischen-zirkonsteinen\/"]}]},{"@type":"ImageObject","inLanguage":"de","@id":"https:\/\/drescherjewellery.com\/de\/termek\/armband-mit-doppeltem-herzmotiv-und-kubischen-zirkonsteinen\/#primaryimage","url":"https:\/\/drescherjewellery.com\/wp-content\/uploads\/2025\/09\/Dupla-sziv-motivumos-karkoto-cirkonia-kovekkel_1.jpg","contentUrl":"https:\/\/drescherjewellery.com\/wp-content\/uploads\/2025\/09\/Dupla-sziv-motivumos-karkoto-cirkonia-kovekkel_1.jpg","width":1340,"height":1785},{"@type":"BreadcrumbList","@id":"https:\/\/drescherjewellery.com\/de\/termek\/armband-mit-doppeltem-herzmotiv-und-kubischen-zirkonsteinen\/#breadcrumb","itemListElement":[{"@type":"ListItem","position":1,"name":"Kezd\u0151lap","item":"https:\/\/drescherjewellery.com\/de\/"},{"@type":"ListItem","position":2,"name":"Shop","item":"https:\/\/drescherjewellery.com\/de\/shop\/"},{"@type":"ListItem","position":3,"name":"Armband mit doppeltem Herzmotiv und kubischen Zirkonsteinen"}]},{"@type":"WebSite","@id":"https:\/\/drescherjewellery.com\/de\/#website","url":"https:\/\/drescherjewellery.com\/de\/","name":"Drescher Jewellery","description":"Tedd t\u00f6k\u00e9letesebb\u00e9 mindennapjaid a Drescher Jewellery \u00e9kszereivel.","publisher":{"@id":"https:\/\/drescherjewellery.com\/de\/#organization"},"alternateName":"Ez\u00fcst \u00c9kszer Web\u00e1ruh\u00e1z","potentialAction":[{"@type":"SearchAction","target":{"@type":"EntryPoint","urlTemplate":"https:\/\/drescherjewellery.com\/de\/?s={search_term_string}"},"query-input":{"@type":"PropertyValueSpecification","valueRequired":true,"valueName":"search_term_string"}}],"inLanguage":"de"},{"@type":"Organization","@id":"https:\/\/drescherjewellery.com\/de\/#organization","name":"Drescher Jewellery","url":"https:\/\/drescherjewellery.com\/de\/","logo":{"@type":"ImageObject","inLanguage":"de","@id":"https:\/\/drescherjewellery.com\/de\/#\/schema\/logo\/image\/","url":"https:\/\/drescherjewellery.com\/wp-content\/uploads\/2026\/01\/Drescher-Jewellery-wpml.png","contentUrl":"https:\/\/drescherjewellery.com\/wp-content\/uploads\/2026\/01\/Drescher-Jewellery-wpml.png","width":500,"height":500,"caption":"Drescher Jewellery"},"image":{"@id":"https:\/\/drescherjewellery.com\/de\/#\/schema\/logo\/image\/"},"sameAs":["https:\/\/www.facebook.com\/drescherjewellery","https:\/\/www.instagram.com\/drescherjewellery","https:\/\/www.tiktok.com\/@drescherjewellery"]}]}},"_links":{"self":[{"href":"https:\/\/drescherjewellery.com\/de\/wp-json\/wp\/v2\/product\/112056","targetHints":{"allow":["GET"]}}],"collection":[{"href":"https:\/\/drescherjewellery.com\/de\/wp-json\/wp\/v2\/product"}],"about":[{"href":"https:\/\/drescherjewellery.com\/de\/wp-json\/wp\/v2\/types\/product"}],"version-history":[{"count":0,"href":"https:\/\/drescherjewellery.com\/de\/wp-json\/wp\/v2\/product\/112056\/revisions"}],"wp:featuredmedia":[{"embeddable":true,"href":"https:\/\/drescherjewellery.com\/de\/wp-json\/wp\/v2\/media\/108284"}],"wp:attachment":[{"href":"https:\/\/drescherjewellery.com\/de\/wp-json\/wp\/v2\/media?parent=112056"}],"wp:term":[{"taxonomy":"product_brand","embeddable":true,"href":"https:\/\/drescherjewellery.com\/de\/wp-json\/wp\/v2\/product_brand?post=112056"},{"taxonomy":"product_cat","embeddable":true,"href":"https:\/\/drescherjewellery.com\/de\/wp-json\/wp\/v2\/product_cat?post=112056"},{"taxonomy":"product_tag","embeddable":true,"href":"https:\/\/drescherjewellery.com\/de\/wp-json\/wp\/v2\/product_tag?post=112056"}],"curies":[{"name":"wp","href":"https:\/\/api.w.org\/{rel}","templated":true}]}}