{"id":112084,"date":"2025-09-10T21:36:29","date_gmt":"2025-09-10T19:36:29","guid":{"rendered":"https:\/\/dianasilver.hu\/termek\/rhodinierter-kreuzanhaenger-mit-inri-inschrift\/"},"modified":"2026-04-01T17:19:21","modified_gmt":"2026-04-01T15:19:21","slug":"rhodinierter-kreuzanhaenger-mit-inri-inschrift","status":"publish","type":"product","link":"https:\/\/drescherjewellery.com\/de\/termek\/rhodinierter-kreuzanhaenger-mit-inri-inschrift\/","title":{"rendered":"Rhodinierter Kreuzanh\u00e4nger mit &#8222;INRI&#8220;-Inschrift"},"content":{"rendered":"<h2 data-start=\"327\" data-end=\"399\">Rhodinierter INRI-Kreuz-Anh\u00e4nger mit Inschrift &#8211; der Glaube szimb\u00f3luma\u271d\ufe0f<\/h2>\n<h4 data-start=\"401\" data-end=\"435\">Was bedeutet das Zeichen INRI?<\/h4>\n<ul data-start=\"436\" data-end=\"628\">\n<li data-start=\"436\" data-end=\"490\">\n<p data-start=\"438\" data-end=\"490\">Lateinisches Akronym: <em data-start=\"457\" data-end=\"488\">Iesus Nazarenus Rex Iudaeorum<\/em><\/p>\n<\/li>\n<li data-start=\"491\" data-end=\"539\">\n<p data-start=\"493\" data-end=\"539\">Auf Englisch: &#8218;Jesus von Nazareth, K\u00f6nig der Juden&#8216;.<\/p>\n<\/li>\n<li data-start=\"540\" data-end=\"628\">\n<p data-start=\"542\" data-end=\"628\">Ein wichtiges Element in der Geschichte vom Tod am Kreuz und eines der tiefsten Symbole des Christentums<\/p>\n<\/li>\n<\/ul>\n<h4 data-start=\"630\" data-end=\"651\">Warum w\u00e4hlen Sie es?<\/h4>\n<ul data-start=\"652\" data-end=\"970\">\n<li data-start=\"652\" data-end=\"728\">\n<p data-start=\"654\" data-end=\"728\">Hergestellt aus 925er Sterlingsilber mit Rhodiumbeschichtung f\u00fcr einen strahlenden Glanz<\/p>\n<\/li>\n<li data-start=\"729\" data-end=\"777\">\n<p data-start=\"731\" data-end=\"777\">Einfache, aber aussagekr\u00e4ftige Kreuzform<\/p>\n<\/li>\n<li data-start=\"778\" data-end=\"836\">\n<p data-start=\"780\" data-end=\"836\">Die INRI-Inschrift tr\u00e4gt eine besondere spirituelle Botschaft<\/p>\n<\/li>\n<li data-start=\"837\" data-end=\"886\">\n<p data-start=\"839\" data-end=\"886\">Ideal f\u00fcr M\u00e4nner und Frauen<\/p>\n<\/li>\n<li data-start=\"887\" data-end=\"970\">\n<p data-start=\"889\" data-end=\"970\">Ausgezeichnetes Geschenk f\u00fcr religi\u00f6se Anl\u00e4sse, Erstkommunion, Konfirmation oder Taufe<\/p>\n<\/li>\n<\/ul>\n<p data-start=\"972\" data-end=\"1064\">Dieser Anh\u00e4nger ist ein w\u00fcrdiges Symbol des Glaubens, das sowohl Reinheit als auch spirituelle St\u00e4rke ausstrahlt. \u2728<\/p>\n","protected":false},"excerpt":{"rendered":"<p>Ein schlichter, klassischer Kreuzanh\u00e4nger mit der Inschrift &#8222;INRI&#8220;, die an die Geschichte von Jesu Tod am Kreuz erinnert. Ein Juwel der spirituellen Kraft und des Glaubens. \u271d\ufe0f<\/p>\n<p data-start=\"171\" data-end=\"320\">\n","protected":false},"featured_media":108738,"template":"","meta":[],"product_brand":[],"product_cat":[616,617],"product_tag":[527,575,641],"class_list":{"0":"post-112084","1":"product","2":"type-product","3":"status-publish","4":"has-post-thumbnail","6":"product_cat-silberne-anhanger","7":"product_cat-silberne-kreuzanhanger","8":"product_tag-damen","9":"product_tag-mannlich","10":"product_tag-taufgeschenk","11":"description-off","13":"first","14":"instock","15":"taxable","16":"shipping-taxable","17":"purchasable","18":"product-type-simple"},"yoast_head":"<!-- This site is optimized with the Yoast SEO Premium plugin v26.8 (Yoast SEO v27.4) - https:\/\/yoast.com\/product\/yoast-seo-premium-wordpress\/ -->\n<title>Rhodinierter Kreuzanh\u00e4nger mit &quot;INRI&quot;-Inschrift | Drescher Jewellery<\/title>\n<meta name=\"description\" content=\"Fedezd fel a leny\u0171g\u00f6z\u0151 Rhodinierter Kreuzanh\u00e4nger mit &quot;INRI&quot;-Inschrift \u00e9kszer\u00fcnket. T\u00f6k\u00e9letes kieg\u00e9sz\u00edt\u0151 mindennapi viselethez \u00e9s k\u00fcl\u00f6nleges alkalmakra egyar\u00e1nt. Rendeld meg most!\" \/>\n<meta name=\"robots\" content=\"index, follow, max-snippet:-1, max-image-preview:large, max-video-preview:-1\" \/>\n<link rel=\"canonical\" href=\"https:\/\/drescherjewellery.com\/de\/termek\/rhodinierter-kreuzanhaenger-mit-inri-inschrift\/\" \/>\n<meta property=\"og:locale\" content=\"de_DE\" \/>\n<meta property=\"og:type\" content=\"article\" \/>\n<meta property=\"og:title\" content=\"Rhodinierter Kreuzanh\u00e4nger mit &quot;INRI&quot;-Inschrift\" \/>\n<meta property=\"og:description\" content=\"Fedezd fel a leny\u0171g\u00f6z\u0151 Rhodinierter Kreuzanh\u00e4nger mit &quot;INRI&quot;-Inschrift \u00e9kszer\u00fcnket. T\u00f6k\u00e9letes kieg\u00e9sz\u00edt\u0151 mindennapi viselethez \u00e9s k\u00fcl\u00f6nleges alkalmakra egyar\u00e1nt. Rendeld meg most!\" \/>\n<meta property=\"og:url\" content=\"https:\/\/drescherjewellery.com\/de\/termek\/rhodinierter-kreuzanhaenger-mit-inri-inschrift\/\" \/>\n<meta property=\"og:site_name\" content=\"Drescher Jewellery\" \/>\n<meta property=\"article:publisher\" content=\"https:\/\/www.facebook.com\/drescherjewellery\" \/>\n<meta property=\"article:modified_time\" content=\"2026-04-01T15:19:21+00:00\" \/>\n<meta property=\"og:image\" content=\"https:\/\/drescherjewellery.com\/wp-content\/uploads\/2025\/09\/Rodiumozott-INRI-feliratos-kereszt-medal_1.jpg\" \/>\n\t<meta property=\"og:image:width\" content=\"1350\" \/>\n\t<meta property=\"og:image:height\" content=\"1800\" \/>\n\t<meta property=\"og:image:type\" content=\"image\/jpeg\" \/>\n<meta name=\"twitter:card\" content=\"summary_large_image\" \/>\n<meta name=\"twitter:label1\" content=\"Gesch\u00e4tzte Lesezeit\" \/>\n\t<meta name=\"twitter:data1\" content=\"1\u00a0Minute\" \/>\n<script type=\"application\/ld+json\" class=\"yoast-schema-graph\">{\"@context\":\"https:\\\/\\\/schema.org\",\"@graph\":[{\"@type\":\"WebPage\",\"@id\":\"https:\\\/\\\/drescherjewellery.com\\\/de\\\/termek\\\/rhodinierter-kreuzanhaenger-mit-inri-inschrift\\\/\",\"url\":\"https:\\\/\\\/drescherjewellery.com\\\/de\\\/termek\\\/rhodinierter-kreuzanhaenger-mit-inri-inschrift\\\/\",\"name\":\"Rhodinierter Kreuzanh\u00e4nger mit \\\"INRI\\\"-Inschrift | Drescher Jewellery\",\"isPartOf\":{\"@id\":\"https:\\\/\\\/drescherjewellery.com\\\/de\\\/#website\"},\"primaryImageOfPage\":{\"@id\":\"https:\\\/\\\/drescherjewellery.com\\\/de\\\/termek\\\/rhodinierter-kreuzanhaenger-mit-inri-inschrift\\\/#primaryimage\"},\"image\":{\"@id\":\"https:\\\/\\\/drescherjewellery.com\\\/de\\\/termek\\\/rhodinierter-kreuzanhaenger-mit-inri-inschrift\\\/#primaryimage\"},\"thumbnailUrl\":\"https:\\\/\\\/drescherjewellery.com\\\/wp-content\\\/uploads\\\/2025\\\/09\\\/Rodiumozott-INRI-feliratos-kereszt-medal_1.jpg\",\"datePublished\":\"2025-09-10T19:36:29+00:00\",\"dateModified\":\"2026-04-01T15:19:21+00:00\",\"description\":\"Fedezd fel a leny\u0171g\u00f6z\u0151 Rhodinierter Kreuzanh\u00e4nger mit \\\"INRI\\\"-Inschrift \u00e9kszer\u00fcnket. T\u00f6k\u00e9letes kieg\u00e9sz\u00edt\u0151 mindennapi viselethez \u00e9s k\u00fcl\u00f6nleges alkalmakra egyar\u00e1nt. Rendeld meg most!\",\"breadcrumb\":{\"@id\":\"https:\\\/\\\/drescherjewellery.com\\\/de\\\/termek\\\/rhodinierter-kreuzanhaenger-mit-inri-inschrift\\\/#breadcrumb\"},\"inLanguage\":\"de\",\"potentialAction\":[{\"@type\":\"ReadAction\",\"target\":[\"https:\\\/\\\/drescherjewellery.com\\\/de\\\/termek\\\/rhodinierter-kreuzanhaenger-mit-inri-inschrift\\\/\"]}]},{\"@type\":\"ImageObject\",\"inLanguage\":\"de\",\"@id\":\"https:\\\/\\\/drescherjewellery.com\\\/de\\\/termek\\\/rhodinierter-kreuzanhaenger-mit-inri-inschrift\\\/#primaryimage\",\"url\":\"https:\\\/\\\/drescherjewellery.com\\\/wp-content\\\/uploads\\\/2025\\\/09\\\/Rodiumozott-INRI-feliratos-kereszt-medal_1.jpg\",\"contentUrl\":\"https:\\\/\\\/drescherjewellery.com\\\/wp-content\\\/uploads\\\/2025\\\/09\\\/Rodiumozott-INRI-feliratos-kereszt-medal_1.jpg\",\"width\":1350,\"height\":1800},{\"@type\":\"BreadcrumbList\",\"@id\":\"https:\\\/\\\/drescherjewellery.com\\\/de\\\/termek\\\/rhodinierter-kreuzanhaenger-mit-inri-inschrift\\\/#breadcrumb\",\"itemListElement\":[{\"@type\":\"ListItem\",\"position\":1,\"name\":\"Kezd\u0151lap\",\"item\":\"https:\\\/\\\/drescherjewellery.com\\\/de\\\/\"},{\"@type\":\"ListItem\",\"position\":2,\"name\":\"Shop\",\"item\":\"https:\\\/\\\/drescherjewellery.com\\\/de\\\/shop\\\/\"},{\"@type\":\"ListItem\",\"position\":3,\"name\":\"Rhodinierter Kreuzanh\u00e4nger mit &#8222;INRI&#8220;-Inschrift\"}]},{\"@type\":\"WebSite\",\"@id\":\"https:\\\/\\\/drescherjewellery.com\\\/de\\\/#website\",\"url\":\"https:\\\/\\\/drescherjewellery.com\\\/de\\\/\",\"name\":\"Drescher Jewellery\",\"description\":\"Tedd t\u00f6k\u00e9letesebb\u00e9 mindennapjaid a Drescher Jewellery \u00e9kszereivel.\",\"publisher\":{\"@id\":\"https:\\\/\\\/drescherjewellery.com\\\/de\\\/#organization\"},\"alternateName\":\"Ez\u00fcst \u00c9kszer Web\u00e1ruh\u00e1z\",\"potentialAction\":[{\"@type\":\"SearchAction\",\"target\":{\"@type\":\"EntryPoint\",\"urlTemplate\":\"https:\\\/\\\/drescherjewellery.com\\\/de\\\/?s={search_term_string}\"},\"query-input\":{\"@type\":\"PropertyValueSpecification\",\"valueRequired\":true,\"valueName\":\"search_term_string\"}}],\"inLanguage\":\"de\"},{\"@type\":\"Organization\",\"@id\":\"https:\\\/\\\/drescherjewellery.com\\\/de\\\/#organization\",\"name\":\"Drescher Jewellery\",\"url\":\"https:\\\/\\\/drescherjewellery.com\\\/de\\\/\",\"logo\":{\"@type\":\"ImageObject\",\"inLanguage\":\"de\",\"@id\":\"https:\\\/\\\/drescherjewellery.com\\\/de\\\/#\\\/schema\\\/logo\\\/image\\\/\",\"url\":\"https:\\\/\\\/drescherjewellery.com\\\/wp-content\\\/uploads\\\/2026\\\/01\\\/Drescher-Jewellery-wpml.png\",\"contentUrl\":\"https:\\\/\\\/drescherjewellery.com\\\/wp-content\\\/uploads\\\/2026\\\/01\\\/Drescher-Jewellery-wpml.png\",\"width\":500,\"height\":500,\"caption\":\"Drescher Jewellery\"},\"image\":{\"@id\":\"https:\\\/\\\/drescherjewellery.com\\\/de\\\/#\\\/schema\\\/logo\\\/image\\\/\"},\"sameAs\":[\"https:\\\/\\\/www.facebook.com\\\/drescherjewellery\",\"https:\\\/\\\/www.instagram.com\\\/drescherjewellery\",\"https:\\\/\\\/www.tiktok.com\\\/@drescherjewellery\"]}]}<\/script>\n<!-- \/ Yoast SEO Premium plugin. -->","yoast_head_json":{"title":"Rhodinierter Kreuzanh\u00e4nger mit \"INRI\"-Inschrift | Drescher Jewellery","description":"Fedezd fel a leny\u0171g\u00f6z\u0151 Rhodinierter Kreuzanh\u00e4nger mit \"INRI\"-Inschrift \u00e9kszer\u00fcnket. T\u00f6k\u00e9letes kieg\u00e9sz\u00edt\u0151 mindennapi viselethez \u00e9s k\u00fcl\u00f6nleges alkalmakra egyar\u00e1nt. Rendeld meg most!","robots":{"index":"index","follow":"follow","max-snippet":"max-snippet:-1","max-image-preview":"max-image-preview:large","max-video-preview":"max-video-preview:-1"},"canonical":"https:\/\/drescherjewellery.com\/de\/termek\/rhodinierter-kreuzanhaenger-mit-inri-inschrift\/","og_locale":"de_DE","og_type":"article","og_title":"Rhodinierter Kreuzanh\u00e4nger mit \"INRI\"-Inschrift","og_description":"Fedezd fel a leny\u0171g\u00f6z\u0151 Rhodinierter Kreuzanh\u00e4nger mit \"INRI\"-Inschrift \u00e9kszer\u00fcnket. T\u00f6k\u00e9letes kieg\u00e9sz\u00edt\u0151 mindennapi viselethez \u00e9s k\u00fcl\u00f6nleges alkalmakra egyar\u00e1nt. Rendeld meg most!","og_url":"https:\/\/drescherjewellery.com\/de\/termek\/rhodinierter-kreuzanhaenger-mit-inri-inschrift\/","og_site_name":"Drescher Jewellery","article_publisher":"https:\/\/www.facebook.com\/drescherjewellery","article_modified_time":"2026-04-01T15:19:21+00:00","og_image":[{"width":1350,"height":1800,"url":"https:\/\/drescherjewellery.com\/wp-content\/uploads\/2025\/09\/Rodiumozott-INRI-feliratos-kereszt-medal_1.jpg","type":"image\/jpeg"}],"twitter_card":"summary_large_image","twitter_misc":{"Gesch\u00e4tzte Lesezeit":"1\u00a0Minute"},"schema":{"@context":"https:\/\/schema.org","@graph":[{"@type":"WebPage","@id":"https:\/\/drescherjewellery.com\/de\/termek\/rhodinierter-kreuzanhaenger-mit-inri-inschrift\/","url":"https:\/\/drescherjewellery.com\/de\/termek\/rhodinierter-kreuzanhaenger-mit-inri-inschrift\/","name":"Rhodinierter Kreuzanh\u00e4nger mit \"INRI\"-Inschrift | Drescher Jewellery","isPartOf":{"@id":"https:\/\/drescherjewellery.com\/de\/#website"},"primaryImageOfPage":{"@id":"https:\/\/drescherjewellery.com\/de\/termek\/rhodinierter-kreuzanhaenger-mit-inri-inschrift\/#primaryimage"},"image":{"@id":"https:\/\/drescherjewellery.com\/de\/termek\/rhodinierter-kreuzanhaenger-mit-inri-inschrift\/#primaryimage"},"thumbnailUrl":"https:\/\/drescherjewellery.com\/wp-content\/uploads\/2025\/09\/Rodiumozott-INRI-feliratos-kereszt-medal_1.jpg","datePublished":"2025-09-10T19:36:29+00:00","dateModified":"2026-04-01T15:19:21+00:00","description":"Fedezd fel a leny\u0171g\u00f6z\u0151 Rhodinierter Kreuzanh\u00e4nger mit \"INRI\"-Inschrift \u00e9kszer\u00fcnket. T\u00f6k\u00e9letes kieg\u00e9sz\u00edt\u0151 mindennapi viselethez \u00e9s k\u00fcl\u00f6nleges alkalmakra egyar\u00e1nt. Rendeld meg most!","breadcrumb":{"@id":"https:\/\/drescherjewellery.com\/de\/termek\/rhodinierter-kreuzanhaenger-mit-inri-inschrift\/#breadcrumb"},"inLanguage":"de","potentialAction":[{"@type":"ReadAction","target":["https:\/\/drescherjewellery.com\/de\/termek\/rhodinierter-kreuzanhaenger-mit-inri-inschrift\/"]}]},{"@type":"ImageObject","inLanguage":"de","@id":"https:\/\/drescherjewellery.com\/de\/termek\/rhodinierter-kreuzanhaenger-mit-inri-inschrift\/#primaryimage","url":"https:\/\/drescherjewellery.com\/wp-content\/uploads\/2025\/09\/Rodiumozott-INRI-feliratos-kereszt-medal_1.jpg","contentUrl":"https:\/\/drescherjewellery.com\/wp-content\/uploads\/2025\/09\/Rodiumozott-INRI-feliratos-kereszt-medal_1.jpg","width":1350,"height":1800},{"@type":"BreadcrumbList","@id":"https:\/\/drescherjewellery.com\/de\/termek\/rhodinierter-kreuzanhaenger-mit-inri-inschrift\/#breadcrumb","itemListElement":[{"@type":"ListItem","position":1,"name":"Kezd\u0151lap","item":"https:\/\/drescherjewellery.com\/de\/"},{"@type":"ListItem","position":2,"name":"Shop","item":"https:\/\/drescherjewellery.com\/de\/shop\/"},{"@type":"ListItem","position":3,"name":"Rhodinierter Kreuzanh\u00e4nger mit &#8222;INRI&#8220;-Inschrift"}]},{"@type":"WebSite","@id":"https:\/\/drescherjewellery.com\/de\/#website","url":"https:\/\/drescherjewellery.com\/de\/","name":"Drescher Jewellery","description":"Tedd t\u00f6k\u00e9letesebb\u00e9 mindennapjaid a Drescher Jewellery \u00e9kszereivel.","publisher":{"@id":"https:\/\/drescherjewellery.com\/de\/#organization"},"alternateName":"Ez\u00fcst \u00c9kszer Web\u00e1ruh\u00e1z","potentialAction":[{"@type":"SearchAction","target":{"@type":"EntryPoint","urlTemplate":"https:\/\/drescherjewellery.com\/de\/?s={search_term_string}"},"query-input":{"@type":"PropertyValueSpecification","valueRequired":true,"valueName":"search_term_string"}}],"inLanguage":"de"},{"@type":"Organization","@id":"https:\/\/drescherjewellery.com\/de\/#organization","name":"Drescher Jewellery","url":"https:\/\/drescherjewellery.com\/de\/","logo":{"@type":"ImageObject","inLanguage":"de","@id":"https:\/\/drescherjewellery.com\/de\/#\/schema\/logo\/image\/","url":"https:\/\/drescherjewellery.com\/wp-content\/uploads\/2026\/01\/Drescher-Jewellery-wpml.png","contentUrl":"https:\/\/drescherjewellery.com\/wp-content\/uploads\/2026\/01\/Drescher-Jewellery-wpml.png","width":500,"height":500,"caption":"Drescher Jewellery"},"image":{"@id":"https:\/\/drescherjewellery.com\/de\/#\/schema\/logo\/image\/"},"sameAs":["https:\/\/www.facebook.com\/drescherjewellery","https:\/\/www.instagram.com\/drescherjewellery","https:\/\/www.tiktok.com\/@drescherjewellery"]}]}},"_links":{"self":[{"href":"https:\/\/drescherjewellery.com\/de\/wp-json\/wp\/v2\/product\/112084","targetHints":{"allow":["GET"]}}],"collection":[{"href":"https:\/\/drescherjewellery.com\/de\/wp-json\/wp\/v2\/product"}],"about":[{"href":"https:\/\/drescherjewellery.com\/de\/wp-json\/wp\/v2\/types\/product"}],"version-history":[{"count":0,"href":"https:\/\/drescherjewellery.com\/de\/wp-json\/wp\/v2\/product\/112084\/revisions"}],"wp:featuredmedia":[{"embeddable":true,"href":"https:\/\/drescherjewellery.com\/de\/wp-json\/wp\/v2\/media\/108738"}],"wp:attachment":[{"href":"https:\/\/drescherjewellery.com\/de\/wp-json\/wp\/v2\/media?parent=112084"}],"wp:term":[{"taxonomy":"product_brand","embeddable":true,"href":"https:\/\/drescherjewellery.com\/de\/wp-json\/wp\/v2\/product_brand?post=112084"},{"taxonomy":"product_cat","embeddable":true,"href":"https:\/\/drescherjewellery.com\/de\/wp-json\/wp\/v2\/product_cat?post=112084"},{"taxonomy":"product_tag","embeddable":true,"href":"https:\/\/drescherjewellery.com\/de\/wp-json\/wp\/v2\/product_tag?post=112084"}],"curies":[{"name":"wp","href":"https:\/\/api.w.org\/{rel}","templated":true}]}}