{"id":112098,"date":"2025-09-15T18:07:20","date_gmt":"2025-09-15T16:07:20","guid":{"rendered":"https:\/\/dianasilver.hu\/termek\/herzmuster-zirkonia-stein-fusskettchen-244-cm\/"},"modified":"2026-02-19T21:39:11","modified_gmt":"2026-02-19T20:39:11","slug":"herzmuster-zirkonia-stein-fusskettchen-244-cm","status":"publish","type":"product","link":"https:\/\/drescherjewellery.com\/de\/termek\/herzmuster-zirkonia-stein-fusskettchen-244-cm\/","title":{"rendered":"Herzmuster Zirkonia Stein Fu\u00dfkettchen &#8211; 24+4 cm"},"content":{"rendered":"<h2 data-start=\"378\" data-end=\"441\"><strong data-start=\"378\" data-end=\"439\">Herzmuster Zirkonia Stein Fu\u00dfkettchen &#8211; Romantik an Ihren F\u00fc\u00dfen<\/strong><\/h2>\n<p data-start=\"443\" data-end=\"690\">Diese 24+4 cm lange, verstellbare Fu\u00dfkette ist aus 925er Sterlingsilber mit Rhodiumbeschichtung f\u00fcr einen gl\u00e4nzenden Look und zus\u00e4tzliche Haltbarkeit gefertigt. Die Kette ist mit winzigen, ineinandergreifenden Herzformen verziert, von denen einige mit Zirkoniasteinen funkeln. <\/p>\n<ul data-start=\"692\" data-end=\"907\">\n<li data-start=\"692\" data-end=\"734\">\n<p data-start=\"694\" data-end=\"734\">Material: AG 925 Silber, rhodiniert<\/p>\n<\/li>\n<li data-start=\"735\" data-end=\"771\">\n<p data-start=\"737\" data-end=\"771\">L\u00e4nge: 24+4 cm &#8211; einstellbare Gr\u00f6\u00dfe<\/p>\n<\/li>\n<li data-start=\"772\" data-end=\"822\">\n<p data-start=\"774\" data-end=\"822\">Motiv: Herz, Symbol der Liebe und der Weiblichkeit<\/p>\n<\/li>\n<li data-start=\"823\" data-end=\"845\">\n<p data-start=\"825\" data-end=\"845\">Stein: wei\u00dfer Zirkoniumdioxid<\/p>\n<\/li>\n<li data-start=\"846\" data-end=\"907\">\n<p data-start=\"848\" data-end=\"907\">Leicht, ideal f\u00fcr den Sommer, mit einem eleganten Glanz<\/p>\n<\/li>\n<\/ul>\n<p data-start=\"909\" data-end=\"1032\">Dieses Fu\u00dfkettchen ist ein Treffen von Romantik und Glamour &#8211; perfekt, um sich selbst zu verw\u00f6hnen oder als Geschenk. \u2728\ud83c\udf81 <\/p>\n","protected":false},"excerpt":{"rendered":"<p>Romantisches Herzmotiv-Fu\u00dfkettchen mit funkelnden Zirkoniasteinen. Ein leichtes und feminines Accessoire, das den Sommerlook subtil akzentuiert. \ud83d\udc8e\u2764\ufe0f  <\/p>\n","protected":false},"featured_media":109091,"template":"","meta":[],"product_brand":[],"product_cat":[569],"product_tag":[527,633,622],"class_list":{"0":"post-112098","1":"product","2":"type-product","3":"status-publish","4":"has-post-thumbnail","6":"product_cat-silbernes-fusskettchen","7":"product_tag-damen","8":"product_tag-herz","9":"product_tag-muttertagsgeschenk","10":"description-off","12":"first","13":"instock","14":"sale","15":"taxable","16":"shipping-taxable","17":"purchasable","18":"product-type-simple"},"yoast_head":"<!-- This site is optimized with the Yoast SEO Premium plugin v26.8 (Yoast SEO v27.4) - https:\/\/yoast.com\/product\/yoast-seo-premium-wordpress\/ -->\n<title>Herzmuster Zirkonia Stein Fu\u00dfkettchen - 24+4 cm | Drescher Jewellery<\/title>\n<meta name=\"description\" content=\"Fedezd fel a leny\u0171g\u00f6z\u0151 Herzmuster Zirkonia Stein Fu\u00dfkettchen - 24+4 cm \u00e9kszer\u00fcnket. T\u00f6k\u00e9letes kieg\u00e9sz\u00edt\u0151 mindennapi viselethez \u00e9s k\u00fcl\u00f6nleges alkalmakra egyar\u00e1nt. Rendeld meg most!\" \/>\n<meta name=\"robots\" content=\"index, follow, max-snippet:-1, max-image-preview:large, max-video-preview:-1\" \/>\n<link rel=\"canonical\" href=\"https:\/\/drescherjewellery.com\/de\/termek\/herzmuster-zirkonia-stein-fusskettchen-244-cm\/\" \/>\n<meta property=\"og:locale\" content=\"de_DE\" \/>\n<meta property=\"og:type\" content=\"article\" \/>\n<meta property=\"og:title\" content=\"Herzmuster Zirkonia Stein Fu\u00dfkettchen - 24+4 cm\" \/>\n<meta property=\"og:description\" content=\"Fedezd fel a leny\u0171g\u00f6z\u0151 Herzmuster Zirkonia Stein Fu\u00dfkettchen - 24+4 cm \u00e9kszer\u00fcnket. T\u00f6k\u00e9letes kieg\u00e9sz\u00edt\u0151 mindennapi viselethez \u00e9s k\u00fcl\u00f6nleges alkalmakra egyar\u00e1nt. Rendeld meg most!\" \/>\n<meta property=\"og:url\" content=\"https:\/\/drescherjewellery.com\/de\/termek\/herzmuster-zirkonia-stein-fusskettchen-244-cm\/\" \/>\n<meta property=\"og:site_name\" content=\"Drescher Jewellery\" \/>\n<meta property=\"article:publisher\" content=\"https:\/\/www.facebook.com\/drescherjewellery\" \/>\n<meta property=\"article:modified_time\" content=\"2026-02-19T20:39:11+00:00\" \/>\n<meta property=\"og:image\" content=\"https:\/\/drescherjewellery.com\/wp-content\/uploads\/2025\/09\/Sziv-mintas-cirkonia-koves-bokalanc-\u2013-244-cm_2-scaled.jpg\" \/>\n\t<meta property=\"og:image:width\" content=\"1707\" \/>\n\t<meta property=\"og:image:height\" content=\"2560\" \/>\n\t<meta property=\"og:image:type\" content=\"image\/jpeg\" \/>\n<meta name=\"twitter:card\" content=\"summary_large_image\" \/>\n<meta name=\"twitter:label1\" content=\"Gesch\u00e4tzte Lesezeit\" \/>\n\t<meta name=\"twitter:data1\" content=\"1\u00a0Minute\" \/>\n<script type=\"application\/ld+json\" class=\"yoast-schema-graph\">{\"@context\":\"https:\\\/\\\/schema.org\",\"@graph\":[{\"@type\":\"WebPage\",\"@id\":\"https:\\\/\\\/drescherjewellery.com\\\/de\\\/termek\\\/herzmuster-zirkonia-stein-fusskettchen-244-cm\\\/\",\"url\":\"https:\\\/\\\/drescherjewellery.com\\\/de\\\/termek\\\/herzmuster-zirkonia-stein-fusskettchen-244-cm\\\/\",\"name\":\"Herzmuster Zirkonia Stein Fu\u00dfkettchen - 24+4 cm | Drescher Jewellery\",\"isPartOf\":{\"@id\":\"https:\\\/\\\/drescherjewellery.com\\\/de\\\/#website\"},\"primaryImageOfPage\":{\"@id\":\"https:\\\/\\\/drescherjewellery.com\\\/de\\\/termek\\\/herzmuster-zirkonia-stein-fusskettchen-244-cm\\\/#primaryimage\"},\"image\":{\"@id\":\"https:\\\/\\\/drescherjewellery.com\\\/de\\\/termek\\\/herzmuster-zirkonia-stein-fusskettchen-244-cm\\\/#primaryimage\"},\"thumbnailUrl\":\"https:\\\/\\\/drescherjewellery.com\\\/wp-content\\\/uploads\\\/2025\\\/09\\\/Sziv-mintas-cirkonia-koves-bokalanc-\u2013-244-cm_2-scaled.jpg\",\"datePublished\":\"2025-09-15T16:07:20+00:00\",\"dateModified\":\"2026-02-19T20:39:11+00:00\",\"description\":\"Fedezd fel a leny\u0171g\u00f6z\u0151 Herzmuster Zirkonia Stein Fu\u00dfkettchen - 24+4 cm \u00e9kszer\u00fcnket. T\u00f6k\u00e9letes kieg\u00e9sz\u00edt\u0151 mindennapi viselethez \u00e9s k\u00fcl\u00f6nleges alkalmakra egyar\u00e1nt. Rendeld meg most!\",\"breadcrumb\":{\"@id\":\"https:\\\/\\\/drescherjewellery.com\\\/de\\\/termek\\\/herzmuster-zirkonia-stein-fusskettchen-244-cm\\\/#breadcrumb\"},\"inLanguage\":\"de\",\"potentialAction\":[{\"@type\":\"ReadAction\",\"target\":[\"https:\\\/\\\/drescherjewellery.com\\\/de\\\/termek\\\/herzmuster-zirkonia-stein-fusskettchen-244-cm\\\/\"]}]},{\"@type\":\"ImageObject\",\"inLanguage\":\"de\",\"@id\":\"https:\\\/\\\/drescherjewellery.com\\\/de\\\/termek\\\/herzmuster-zirkonia-stein-fusskettchen-244-cm\\\/#primaryimage\",\"url\":\"https:\\\/\\\/drescherjewellery.com\\\/wp-content\\\/uploads\\\/2025\\\/09\\\/Sziv-mintas-cirkonia-koves-bokalanc-\u2013-244-cm_2-scaled.jpg\",\"contentUrl\":\"https:\\\/\\\/drescherjewellery.com\\\/wp-content\\\/uploads\\\/2025\\\/09\\\/Sziv-mintas-cirkonia-koves-bokalanc-\u2013-244-cm_2-scaled.jpg\",\"width\":1707,\"height\":2560},{\"@type\":\"BreadcrumbList\",\"@id\":\"https:\\\/\\\/drescherjewellery.com\\\/de\\\/termek\\\/herzmuster-zirkonia-stein-fusskettchen-244-cm\\\/#breadcrumb\",\"itemListElement\":[{\"@type\":\"ListItem\",\"position\":1,\"name\":\"Kezd\u0151lap\",\"item\":\"https:\\\/\\\/drescherjewellery.com\\\/de\\\/\"},{\"@type\":\"ListItem\",\"position\":2,\"name\":\"Shop\",\"item\":\"https:\\\/\\\/drescherjewellery.com\\\/de\\\/shop\\\/\"},{\"@type\":\"ListItem\",\"position\":3,\"name\":\"Herzmuster Zirkonia Stein Fu\u00dfkettchen &#8211; 24+4 cm\"}]},{\"@type\":\"WebSite\",\"@id\":\"https:\\\/\\\/drescherjewellery.com\\\/de\\\/#website\",\"url\":\"https:\\\/\\\/drescherjewellery.com\\\/de\\\/\",\"name\":\"Drescher Jewellery\",\"description\":\"Tedd t\u00f6k\u00e9letesebb\u00e9 mindennapjaid a Drescher Jewellery \u00e9kszereivel.\",\"publisher\":{\"@id\":\"https:\\\/\\\/drescherjewellery.com\\\/de\\\/#organization\"},\"alternateName\":\"Ez\u00fcst \u00c9kszer Web\u00e1ruh\u00e1z\",\"potentialAction\":[{\"@type\":\"SearchAction\",\"target\":{\"@type\":\"EntryPoint\",\"urlTemplate\":\"https:\\\/\\\/drescherjewellery.com\\\/de\\\/?s={search_term_string}\"},\"query-input\":{\"@type\":\"PropertyValueSpecification\",\"valueRequired\":true,\"valueName\":\"search_term_string\"}}],\"inLanguage\":\"de\"},{\"@type\":\"Organization\",\"@id\":\"https:\\\/\\\/drescherjewellery.com\\\/de\\\/#organization\",\"name\":\"Drescher Jewellery\",\"url\":\"https:\\\/\\\/drescherjewellery.com\\\/de\\\/\",\"logo\":{\"@type\":\"ImageObject\",\"inLanguage\":\"de\",\"@id\":\"https:\\\/\\\/drescherjewellery.com\\\/de\\\/#\\\/schema\\\/logo\\\/image\\\/\",\"url\":\"https:\\\/\\\/drescherjewellery.com\\\/wp-content\\\/uploads\\\/2026\\\/01\\\/Drescher-Jewellery-wpml.png\",\"contentUrl\":\"https:\\\/\\\/drescherjewellery.com\\\/wp-content\\\/uploads\\\/2026\\\/01\\\/Drescher-Jewellery-wpml.png\",\"width\":500,\"height\":500,\"caption\":\"Drescher Jewellery\"},\"image\":{\"@id\":\"https:\\\/\\\/drescherjewellery.com\\\/de\\\/#\\\/schema\\\/logo\\\/image\\\/\"},\"sameAs\":[\"https:\\\/\\\/www.facebook.com\\\/drescherjewellery\",\"https:\\\/\\\/www.instagram.com\\\/drescherjewellery\",\"https:\\\/\\\/www.tiktok.com\\\/@drescherjewellery\"]}]}<\/script>\n<!-- \/ Yoast SEO Premium plugin. -->","yoast_head_json":{"title":"Herzmuster Zirkonia Stein Fu\u00dfkettchen - 24+4 cm | Drescher Jewellery","description":"Fedezd fel a leny\u0171g\u00f6z\u0151 Herzmuster Zirkonia Stein Fu\u00dfkettchen - 24+4 cm \u00e9kszer\u00fcnket. T\u00f6k\u00e9letes kieg\u00e9sz\u00edt\u0151 mindennapi viselethez \u00e9s k\u00fcl\u00f6nleges alkalmakra egyar\u00e1nt. Rendeld meg most!","robots":{"index":"index","follow":"follow","max-snippet":"max-snippet:-1","max-image-preview":"max-image-preview:large","max-video-preview":"max-video-preview:-1"},"canonical":"https:\/\/drescherjewellery.com\/de\/termek\/herzmuster-zirkonia-stein-fusskettchen-244-cm\/","og_locale":"de_DE","og_type":"article","og_title":"Herzmuster Zirkonia Stein Fu\u00dfkettchen - 24+4 cm","og_description":"Fedezd fel a leny\u0171g\u00f6z\u0151 Herzmuster Zirkonia Stein Fu\u00dfkettchen - 24+4 cm \u00e9kszer\u00fcnket. T\u00f6k\u00e9letes kieg\u00e9sz\u00edt\u0151 mindennapi viselethez \u00e9s k\u00fcl\u00f6nleges alkalmakra egyar\u00e1nt. Rendeld meg most!","og_url":"https:\/\/drescherjewellery.com\/de\/termek\/herzmuster-zirkonia-stein-fusskettchen-244-cm\/","og_site_name":"Drescher Jewellery","article_publisher":"https:\/\/www.facebook.com\/drescherjewellery","article_modified_time":"2026-02-19T20:39:11+00:00","og_image":[{"width":1707,"height":2560,"url":"https:\/\/drescherjewellery.com\/wp-content\/uploads\/2025\/09\/Sziv-mintas-cirkonia-koves-bokalanc-\u2013-244-cm_2-scaled.jpg","type":"image\/jpeg"}],"twitter_card":"summary_large_image","twitter_misc":{"Gesch\u00e4tzte Lesezeit":"1\u00a0Minute"},"schema":{"@context":"https:\/\/schema.org","@graph":[{"@type":"WebPage","@id":"https:\/\/drescherjewellery.com\/de\/termek\/herzmuster-zirkonia-stein-fusskettchen-244-cm\/","url":"https:\/\/drescherjewellery.com\/de\/termek\/herzmuster-zirkonia-stein-fusskettchen-244-cm\/","name":"Herzmuster Zirkonia Stein Fu\u00dfkettchen - 24+4 cm | Drescher Jewellery","isPartOf":{"@id":"https:\/\/drescherjewellery.com\/de\/#website"},"primaryImageOfPage":{"@id":"https:\/\/drescherjewellery.com\/de\/termek\/herzmuster-zirkonia-stein-fusskettchen-244-cm\/#primaryimage"},"image":{"@id":"https:\/\/drescherjewellery.com\/de\/termek\/herzmuster-zirkonia-stein-fusskettchen-244-cm\/#primaryimage"},"thumbnailUrl":"https:\/\/drescherjewellery.com\/wp-content\/uploads\/2025\/09\/Sziv-mintas-cirkonia-koves-bokalanc-\u2013-244-cm_2-scaled.jpg","datePublished":"2025-09-15T16:07:20+00:00","dateModified":"2026-02-19T20:39:11+00:00","description":"Fedezd fel a leny\u0171g\u00f6z\u0151 Herzmuster Zirkonia Stein Fu\u00dfkettchen - 24+4 cm \u00e9kszer\u00fcnket. T\u00f6k\u00e9letes kieg\u00e9sz\u00edt\u0151 mindennapi viselethez \u00e9s k\u00fcl\u00f6nleges alkalmakra egyar\u00e1nt. Rendeld meg most!","breadcrumb":{"@id":"https:\/\/drescherjewellery.com\/de\/termek\/herzmuster-zirkonia-stein-fusskettchen-244-cm\/#breadcrumb"},"inLanguage":"de","potentialAction":[{"@type":"ReadAction","target":["https:\/\/drescherjewellery.com\/de\/termek\/herzmuster-zirkonia-stein-fusskettchen-244-cm\/"]}]},{"@type":"ImageObject","inLanguage":"de","@id":"https:\/\/drescherjewellery.com\/de\/termek\/herzmuster-zirkonia-stein-fusskettchen-244-cm\/#primaryimage","url":"https:\/\/drescherjewellery.com\/wp-content\/uploads\/2025\/09\/Sziv-mintas-cirkonia-koves-bokalanc-\u2013-244-cm_2-scaled.jpg","contentUrl":"https:\/\/drescherjewellery.com\/wp-content\/uploads\/2025\/09\/Sziv-mintas-cirkonia-koves-bokalanc-\u2013-244-cm_2-scaled.jpg","width":1707,"height":2560},{"@type":"BreadcrumbList","@id":"https:\/\/drescherjewellery.com\/de\/termek\/herzmuster-zirkonia-stein-fusskettchen-244-cm\/#breadcrumb","itemListElement":[{"@type":"ListItem","position":1,"name":"Kezd\u0151lap","item":"https:\/\/drescherjewellery.com\/de\/"},{"@type":"ListItem","position":2,"name":"Shop","item":"https:\/\/drescherjewellery.com\/de\/shop\/"},{"@type":"ListItem","position":3,"name":"Herzmuster Zirkonia Stein Fu\u00dfkettchen &#8211; 24+4 cm"}]},{"@type":"WebSite","@id":"https:\/\/drescherjewellery.com\/de\/#website","url":"https:\/\/drescherjewellery.com\/de\/","name":"Drescher Jewellery","description":"Tedd t\u00f6k\u00e9letesebb\u00e9 mindennapjaid a Drescher Jewellery \u00e9kszereivel.","publisher":{"@id":"https:\/\/drescherjewellery.com\/de\/#organization"},"alternateName":"Ez\u00fcst \u00c9kszer Web\u00e1ruh\u00e1z","potentialAction":[{"@type":"SearchAction","target":{"@type":"EntryPoint","urlTemplate":"https:\/\/drescherjewellery.com\/de\/?s={search_term_string}"},"query-input":{"@type":"PropertyValueSpecification","valueRequired":true,"valueName":"search_term_string"}}],"inLanguage":"de"},{"@type":"Organization","@id":"https:\/\/drescherjewellery.com\/de\/#organization","name":"Drescher Jewellery","url":"https:\/\/drescherjewellery.com\/de\/","logo":{"@type":"ImageObject","inLanguage":"de","@id":"https:\/\/drescherjewellery.com\/de\/#\/schema\/logo\/image\/","url":"https:\/\/drescherjewellery.com\/wp-content\/uploads\/2026\/01\/Drescher-Jewellery-wpml.png","contentUrl":"https:\/\/drescherjewellery.com\/wp-content\/uploads\/2026\/01\/Drescher-Jewellery-wpml.png","width":500,"height":500,"caption":"Drescher Jewellery"},"image":{"@id":"https:\/\/drescherjewellery.com\/de\/#\/schema\/logo\/image\/"},"sameAs":["https:\/\/www.facebook.com\/drescherjewellery","https:\/\/www.instagram.com\/drescherjewellery","https:\/\/www.tiktok.com\/@drescherjewellery"]}]}},"_links":{"self":[{"href":"https:\/\/drescherjewellery.com\/de\/wp-json\/wp\/v2\/product\/112098","targetHints":{"allow":["GET"]}}],"collection":[{"href":"https:\/\/drescherjewellery.com\/de\/wp-json\/wp\/v2\/product"}],"about":[{"href":"https:\/\/drescherjewellery.com\/de\/wp-json\/wp\/v2\/types\/product"}],"version-history":[{"count":0,"href":"https:\/\/drescherjewellery.com\/de\/wp-json\/wp\/v2\/product\/112098\/revisions"}],"wp:featuredmedia":[{"embeddable":true,"href":"https:\/\/drescherjewellery.com\/de\/wp-json\/wp\/v2\/media\/109091"}],"wp:attachment":[{"href":"https:\/\/drescherjewellery.com\/de\/wp-json\/wp\/v2\/media?parent=112098"}],"wp:term":[{"taxonomy":"product_brand","embeddable":true,"href":"https:\/\/drescherjewellery.com\/de\/wp-json\/wp\/v2\/product_brand?post=112098"},{"taxonomy":"product_cat","embeddable":true,"href":"https:\/\/drescherjewellery.com\/de\/wp-json\/wp\/v2\/product_cat?post=112098"},{"taxonomy":"product_tag","embeddable":true,"href":"https:\/\/drescherjewellery.com\/de\/wp-json\/wp\/v2\/product_tag?post=112098"}],"curies":[{"name":"wp","href":"https:\/\/api.w.org\/{rel}","templated":true}]}}