{"id":112283,"date":"2025-06-08T23:28:49","date_gmt":"2025-06-08T21:28:49","guid":{"rendered":"https:\/\/dianasilver.hu\/termek\/ovales-silber-mit-weissen-zirkoniasteinen-besetzt\/"},"modified":"2025-06-08T23:28:49","modified_gmt":"2025-06-08T21:28:49","slug":"ovales-silber-mit-weissen-zirkoniasteinen-besetzt","status":"publish","type":"product","link":"https:\/\/drescherjewellery.com\/de\/termek\/ovales-silber-mit-weissen-zirkoniasteinen-besetzt\/","title":{"rendered":"Ovales Silber mit wei\u00dfen Zirkoniasteinen besetzt"},"content":{"rendered":"<h2 data-start=\"380\" data-end=\"437\"><strong data-start=\"380\" data-end=\"437\">Anspruchsvoller Glamour f\u00fcr jeden Tag und jeden Anlass.<\/strong><\/h2>\n<p data-start=\"439\" data-end=\"681\">Dieses Set aus ovalen Ohrringen und Anh\u00e4ngern ist der Inbegriff schlichter Eleganz. Der mit wei\u00dfen Zirkoniasteinen verzierte obere Teil zieht die Blicke auf sich, w\u00e4hrend die ovalen Formen f\u00fcr m\u00fchelose Bewegung und einen modernen Look sorgen. \ud83e\udd0d\u2728  <\/p>\n<p data-start=\"683\" data-end=\"944\">Die Ohrstecker sind angenehm zu tragen, und der Anh\u00e4nger passt zu fast jeder Halskette. Das geometrische Design ist klar und frisch und macht ihn zu einer gro\u00dfartigen Erg\u00e4nzung f\u00fcr das B\u00fcro oder auch f\u00fcr besondere Anl\u00e4sse. \ud83d\udcbc\ud83c\udf1f  <\/p>\n<ul data-start=\"946\" data-end=\"1135\">\n<li data-start=\"946\" data-end=\"975\">\n<p data-start=\"948\" data-end=\"975\"><strong data-start=\"948\" data-end=\"973\">AG 925 Sterling Silber<\/strong><\/p>\n<\/li>\n<li data-start=\"976\" data-end=\"1014\">\n<p data-start=\"978\" data-end=\"1014\"><strong data-start=\"978\" data-end=\"1012\">Wei\u00dfe Zirkoniasteine gl\u00e4nzen<\/strong><\/p>\n<\/li>\n<li data-start=\"1015\" data-end=\"1059\">\n<p data-start=\"1017\" data-end=\"1059\"><strong data-start=\"1017\" data-end=\"1057\">Moderner Anh\u00e4nger und Ohrringe in ovaler Form<\/strong><\/p>\n<\/li>\n<li data-start=\"1060\" data-end=\"1095\">\n<p data-start=\"1062\" data-end=\"1095\"><strong data-start=\"1062\" data-end=\"1093\">Stekkeres Ohrring Verschluss<\/strong><\/p>\n<\/li>\n<li data-start=\"1096\" data-end=\"1135\">\n<p data-start=\"1098\" data-end=\"1135\"><strong data-start=\"1098\" data-end=\"1135\">Minimalistischer Stil, elegante Wirkung<\/strong><\/p>\n<\/li>\n<\/ul>\n<p data-start=\"1137\" data-end=\"1286\" data-is-last-node=\"\" data-is-only-node=\"\">Seien Sie die Verk\u00f6rperung raffinierter Weiblichkeit &#8211; klicken Sie und w\u00e4hlen Sie dieses elegante Set, um Ihren Alltag mit einem glamour\u00f6sen Detail zu bereichern! \ud83d\udc8d\ud83d\uded2\ud83d\udc95 <\/p>\n","protected":false},"excerpt":{"rendered":"<p>Moderne ovale Form mit einem sauberen Glanz.<br data-start=\"256\" data-end=\"259\">Perfekt f\u00fcr einen schicken und zugleich trendigen Look. \ud83d\udcab\ud83e\udd0d <\/p>\n","protected":false},"featured_media":106395,"template":"","meta":[],"product_brand":[],"product_cat":[526],"product_tag":[527],"class_list":{"0":"post-112283","1":"product","2":"type-product","3":"status-publish","4":"has-post-thumbnail","6":"product_cat-silberschmuck-set","7":"product_tag-damen","8":"description-off","10":"first","11":"instock","12":"taxable","13":"shipping-taxable","14":"purchasable","15":"product-type-simple"},"yoast_head":"<!-- This site is optimized with the Yoast SEO Premium plugin v26.8 (Yoast SEO v27.4) - https:\/\/yoast.com\/product\/yoast-seo-premium-wordpress\/ -->\n<title>Ovales Silber mit wei\u00dfen Zirkoniasteinen besetzt | Drescher Jewellery<\/title>\n<meta name=\"description\" content=\"Fedezd fel a leny\u0171g\u00f6z\u0151 Ovales Silber mit wei\u00dfen Zirkoniasteinen besetzt \u00e9kszer\u00fcnket. T\u00f6k\u00e9letes kieg\u00e9sz\u00edt\u0151 mindennapi viselethez \u00e9s k\u00fcl\u00f6nleges alkalmakra egyar\u00e1nt. Rendeld meg most!\" \/>\n<meta name=\"robots\" content=\"index, follow, max-snippet:-1, max-image-preview:large, max-video-preview:-1\" \/>\n<link rel=\"canonical\" href=\"https:\/\/drescherjewellery.com\/de\/termek\/ovales-silber-mit-weissen-zirkoniasteinen-besetzt\/\" \/>\n<meta property=\"og:locale\" content=\"de_DE\" \/>\n<meta property=\"og:type\" content=\"article\" \/>\n<meta property=\"og:title\" content=\"Ovales Silber mit wei\u00dfen Zirkoniasteinen besetzt\" \/>\n<meta property=\"og:description\" content=\"Fedezd fel a leny\u0171g\u00f6z\u0151 Ovales Silber mit wei\u00dfen Zirkoniasteinen besetzt \u00e9kszer\u00fcnket. T\u00f6k\u00e9letes kieg\u00e9sz\u00edt\u0151 mindennapi viselethez \u00e9s k\u00fcl\u00f6nleges alkalmakra egyar\u00e1nt. Rendeld meg most!\" \/>\n<meta property=\"og:url\" content=\"https:\/\/drescherjewellery.com\/de\/termek\/ovales-silber-mit-weissen-zirkoniasteinen-besetzt\/\" \/>\n<meta property=\"og:site_name\" content=\"Drescher Jewellery\" \/>\n<meta property=\"article:publisher\" content=\"https:\/\/www.facebook.com\/drescherjewellery\" \/>\n<meta property=\"og:image\" content=\"https:\/\/drescherjewellery.com\/wp-content\/uploads\/2025\/06\/Ezust-oval-ekszerszett-feher-cirkonia-kovekkel_2.jpg\" \/>\n\t<meta property=\"og:image:width\" content=\"1350\" \/>\n\t<meta property=\"og:image:height\" content=\"1800\" \/>\n\t<meta property=\"og:image:type\" content=\"image\/jpeg\" \/>\n<meta name=\"twitter:card\" content=\"summary_large_image\" \/>\n<meta name=\"twitter:label1\" content=\"Gesch\u00e4tzte Lesezeit\" \/>\n\t<meta name=\"twitter:data1\" content=\"1\u00a0Minute\" \/>\n<script type=\"application\/ld+json\" class=\"yoast-schema-graph\">{\"@context\":\"https:\\\/\\\/schema.org\",\"@graph\":[{\"@type\":\"WebPage\",\"@id\":\"https:\\\/\\\/drescherjewellery.com\\\/de\\\/termek\\\/ovales-silber-mit-weissen-zirkoniasteinen-besetzt\\\/\",\"url\":\"https:\\\/\\\/drescherjewellery.com\\\/de\\\/termek\\\/ovales-silber-mit-weissen-zirkoniasteinen-besetzt\\\/\",\"name\":\"Ovales Silber mit wei\u00dfen Zirkoniasteinen besetzt | Drescher Jewellery\",\"isPartOf\":{\"@id\":\"https:\\\/\\\/drescherjewellery.com\\\/de\\\/#website\"},\"primaryImageOfPage\":{\"@id\":\"https:\\\/\\\/drescherjewellery.com\\\/de\\\/termek\\\/ovales-silber-mit-weissen-zirkoniasteinen-besetzt\\\/#primaryimage\"},\"image\":{\"@id\":\"https:\\\/\\\/drescherjewellery.com\\\/de\\\/termek\\\/ovales-silber-mit-weissen-zirkoniasteinen-besetzt\\\/#primaryimage\"},\"thumbnailUrl\":\"https:\\\/\\\/drescherjewellery.com\\\/wp-content\\\/uploads\\\/2025\\\/06\\\/Ezust-oval-ekszerszett-feher-cirkonia-kovekkel_2.jpg\",\"datePublished\":\"2025-06-08T21:28:49+00:00\",\"description\":\"Fedezd fel a leny\u0171g\u00f6z\u0151 Ovales Silber mit wei\u00dfen Zirkoniasteinen besetzt \u00e9kszer\u00fcnket. T\u00f6k\u00e9letes kieg\u00e9sz\u00edt\u0151 mindennapi viselethez \u00e9s k\u00fcl\u00f6nleges alkalmakra egyar\u00e1nt. Rendeld meg most!\",\"breadcrumb\":{\"@id\":\"https:\\\/\\\/drescherjewellery.com\\\/de\\\/termek\\\/ovales-silber-mit-weissen-zirkoniasteinen-besetzt\\\/#breadcrumb\"},\"inLanguage\":\"de\",\"potentialAction\":[{\"@type\":\"ReadAction\",\"target\":[\"https:\\\/\\\/drescherjewellery.com\\\/de\\\/termek\\\/ovales-silber-mit-weissen-zirkoniasteinen-besetzt\\\/\"]}]},{\"@type\":\"ImageObject\",\"inLanguage\":\"de\",\"@id\":\"https:\\\/\\\/drescherjewellery.com\\\/de\\\/termek\\\/ovales-silber-mit-weissen-zirkoniasteinen-besetzt\\\/#primaryimage\",\"url\":\"https:\\\/\\\/drescherjewellery.com\\\/wp-content\\\/uploads\\\/2025\\\/06\\\/Ezust-oval-ekszerszett-feher-cirkonia-kovekkel_2.jpg\",\"contentUrl\":\"https:\\\/\\\/drescherjewellery.com\\\/wp-content\\\/uploads\\\/2025\\\/06\\\/Ezust-oval-ekszerszett-feher-cirkonia-kovekkel_2.jpg\",\"width\":1350,\"height\":1800},{\"@type\":\"BreadcrumbList\",\"@id\":\"https:\\\/\\\/drescherjewellery.com\\\/de\\\/termek\\\/ovales-silber-mit-weissen-zirkoniasteinen-besetzt\\\/#breadcrumb\",\"itemListElement\":[{\"@type\":\"ListItem\",\"position\":1,\"name\":\"Kezd\u0151lap\",\"item\":\"https:\\\/\\\/drescherjewellery.com\\\/de\\\/\"},{\"@type\":\"ListItem\",\"position\":2,\"name\":\"Shop\",\"item\":\"https:\\\/\\\/drescherjewellery.com\\\/de\\\/shop\\\/\"},{\"@type\":\"ListItem\",\"position\":3,\"name\":\"Ovales Silber mit wei\u00dfen Zirkoniasteinen besetzt\"}]},{\"@type\":\"WebSite\",\"@id\":\"https:\\\/\\\/drescherjewellery.com\\\/de\\\/#website\",\"url\":\"https:\\\/\\\/drescherjewellery.com\\\/de\\\/\",\"name\":\"Drescher Jewellery\",\"description\":\"Tedd t\u00f6k\u00e9letesebb\u00e9 mindennapjaid a Drescher Jewellery \u00e9kszereivel.\",\"publisher\":{\"@id\":\"https:\\\/\\\/drescherjewellery.com\\\/de\\\/#organization\"},\"alternateName\":\"Ez\u00fcst \u00c9kszer Web\u00e1ruh\u00e1z\",\"potentialAction\":[{\"@type\":\"SearchAction\",\"target\":{\"@type\":\"EntryPoint\",\"urlTemplate\":\"https:\\\/\\\/drescherjewellery.com\\\/de\\\/?s={search_term_string}\"},\"query-input\":{\"@type\":\"PropertyValueSpecification\",\"valueRequired\":true,\"valueName\":\"search_term_string\"}}],\"inLanguage\":\"de\"},{\"@type\":\"Organization\",\"@id\":\"https:\\\/\\\/drescherjewellery.com\\\/de\\\/#organization\",\"name\":\"Drescher Jewellery\",\"url\":\"https:\\\/\\\/drescherjewellery.com\\\/de\\\/\",\"logo\":{\"@type\":\"ImageObject\",\"inLanguage\":\"de\",\"@id\":\"https:\\\/\\\/drescherjewellery.com\\\/de\\\/#\\\/schema\\\/logo\\\/image\\\/\",\"url\":\"https:\\\/\\\/drescherjewellery.com\\\/wp-content\\\/uploads\\\/2026\\\/01\\\/Drescher-Jewellery-wpml.png\",\"contentUrl\":\"https:\\\/\\\/drescherjewellery.com\\\/wp-content\\\/uploads\\\/2026\\\/01\\\/Drescher-Jewellery-wpml.png\",\"width\":500,\"height\":500,\"caption\":\"Drescher Jewellery\"},\"image\":{\"@id\":\"https:\\\/\\\/drescherjewellery.com\\\/de\\\/#\\\/schema\\\/logo\\\/image\\\/\"},\"sameAs\":[\"https:\\\/\\\/www.facebook.com\\\/drescherjewellery\",\"https:\\\/\\\/www.instagram.com\\\/drescherjewellery\",\"https:\\\/\\\/www.tiktok.com\\\/@drescherjewellery\"]}]}<\/script>\n<!-- \/ Yoast SEO Premium plugin. -->","yoast_head_json":{"title":"Ovales Silber mit wei\u00dfen Zirkoniasteinen besetzt | Drescher Jewellery","description":"Fedezd fel a leny\u0171g\u00f6z\u0151 Ovales Silber mit wei\u00dfen Zirkoniasteinen besetzt \u00e9kszer\u00fcnket. T\u00f6k\u00e9letes kieg\u00e9sz\u00edt\u0151 mindennapi viselethez \u00e9s k\u00fcl\u00f6nleges alkalmakra egyar\u00e1nt. Rendeld meg most!","robots":{"index":"index","follow":"follow","max-snippet":"max-snippet:-1","max-image-preview":"max-image-preview:large","max-video-preview":"max-video-preview:-1"},"canonical":"https:\/\/drescherjewellery.com\/de\/termek\/ovales-silber-mit-weissen-zirkoniasteinen-besetzt\/","og_locale":"de_DE","og_type":"article","og_title":"Ovales Silber mit wei\u00dfen Zirkoniasteinen besetzt","og_description":"Fedezd fel a leny\u0171g\u00f6z\u0151 Ovales Silber mit wei\u00dfen Zirkoniasteinen besetzt \u00e9kszer\u00fcnket. T\u00f6k\u00e9letes kieg\u00e9sz\u00edt\u0151 mindennapi viselethez \u00e9s k\u00fcl\u00f6nleges alkalmakra egyar\u00e1nt. Rendeld meg most!","og_url":"https:\/\/drescherjewellery.com\/de\/termek\/ovales-silber-mit-weissen-zirkoniasteinen-besetzt\/","og_site_name":"Drescher Jewellery","article_publisher":"https:\/\/www.facebook.com\/drescherjewellery","og_image":[{"width":1350,"height":1800,"url":"https:\/\/drescherjewellery.com\/wp-content\/uploads\/2025\/06\/Ezust-oval-ekszerszett-feher-cirkonia-kovekkel_2.jpg","type":"image\/jpeg"}],"twitter_card":"summary_large_image","twitter_misc":{"Gesch\u00e4tzte Lesezeit":"1\u00a0Minute"},"schema":{"@context":"https:\/\/schema.org","@graph":[{"@type":"WebPage","@id":"https:\/\/drescherjewellery.com\/de\/termek\/ovales-silber-mit-weissen-zirkoniasteinen-besetzt\/","url":"https:\/\/drescherjewellery.com\/de\/termek\/ovales-silber-mit-weissen-zirkoniasteinen-besetzt\/","name":"Ovales Silber mit wei\u00dfen Zirkoniasteinen besetzt | Drescher Jewellery","isPartOf":{"@id":"https:\/\/drescherjewellery.com\/de\/#website"},"primaryImageOfPage":{"@id":"https:\/\/drescherjewellery.com\/de\/termek\/ovales-silber-mit-weissen-zirkoniasteinen-besetzt\/#primaryimage"},"image":{"@id":"https:\/\/drescherjewellery.com\/de\/termek\/ovales-silber-mit-weissen-zirkoniasteinen-besetzt\/#primaryimage"},"thumbnailUrl":"https:\/\/drescherjewellery.com\/wp-content\/uploads\/2025\/06\/Ezust-oval-ekszerszett-feher-cirkonia-kovekkel_2.jpg","datePublished":"2025-06-08T21:28:49+00:00","description":"Fedezd fel a leny\u0171g\u00f6z\u0151 Ovales Silber mit wei\u00dfen Zirkoniasteinen besetzt \u00e9kszer\u00fcnket. T\u00f6k\u00e9letes kieg\u00e9sz\u00edt\u0151 mindennapi viselethez \u00e9s k\u00fcl\u00f6nleges alkalmakra egyar\u00e1nt. Rendeld meg most!","breadcrumb":{"@id":"https:\/\/drescherjewellery.com\/de\/termek\/ovales-silber-mit-weissen-zirkoniasteinen-besetzt\/#breadcrumb"},"inLanguage":"de","potentialAction":[{"@type":"ReadAction","target":["https:\/\/drescherjewellery.com\/de\/termek\/ovales-silber-mit-weissen-zirkoniasteinen-besetzt\/"]}]},{"@type":"ImageObject","inLanguage":"de","@id":"https:\/\/drescherjewellery.com\/de\/termek\/ovales-silber-mit-weissen-zirkoniasteinen-besetzt\/#primaryimage","url":"https:\/\/drescherjewellery.com\/wp-content\/uploads\/2025\/06\/Ezust-oval-ekszerszett-feher-cirkonia-kovekkel_2.jpg","contentUrl":"https:\/\/drescherjewellery.com\/wp-content\/uploads\/2025\/06\/Ezust-oval-ekszerszett-feher-cirkonia-kovekkel_2.jpg","width":1350,"height":1800},{"@type":"BreadcrumbList","@id":"https:\/\/drescherjewellery.com\/de\/termek\/ovales-silber-mit-weissen-zirkoniasteinen-besetzt\/#breadcrumb","itemListElement":[{"@type":"ListItem","position":1,"name":"Kezd\u0151lap","item":"https:\/\/drescherjewellery.com\/de\/"},{"@type":"ListItem","position":2,"name":"Shop","item":"https:\/\/drescherjewellery.com\/de\/shop\/"},{"@type":"ListItem","position":3,"name":"Ovales Silber mit wei\u00dfen Zirkoniasteinen besetzt"}]},{"@type":"WebSite","@id":"https:\/\/drescherjewellery.com\/de\/#website","url":"https:\/\/drescherjewellery.com\/de\/","name":"Drescher Jewellery","description":"Tedd t\u00f6k\u00e9letesebb\u00e9 mindennapjaid a Drescher Jewellery \u00e9kszereivel.","publisher":{"@id":"https:\/\/drescherjewellery.com\/de\/#organization"},"alternateName":"Ez\u00fcst \u00c9kszer Web\u00e1ruh\u00e1z","potentialAction":[{"@type":"SearchAction","target":{"@type":"EntryPoint","urlTemplate":"https:\/\/drescherjewellery.com\/de\/?s={search_term_string}"},"query-input":{"@type":"PropertyValueSpecification","valueRequired":true,"valueName":"search_term_string"}}],"inLanguage":"de"},{"@type":"Organization","@id":"https:\/\/drescherjewellery.com\/de\/#organization","name":"Drescher Jewellery","url":"https:\/\/drescherjewellery.com\/de\/","logo":{"@type":"ImageObject","inLanguage":"de","@id":"https:\/\/drescherjewellery.com\/de\/#\/schema\/logo\/image\/","url":"https:\/\/drescherjewellery.com\/wp-content\/uploads\/2026\/01\/Drescher-Jewellery-wpml.png","contentUrl":"https:\/\/drescherjewellery.com\/wp-content\/uploads\/2026\/01\/Drescher-Jewellery-wpml.png","width":500,"height":500,"caption":"Drescher Jewellery"},"image":{"@id":"https:\/\/drescherjewellery.com\/de\/#\/schema\/logo\/image\/"},"sameAs":["https:\/\/www.facebook.com\/drescherjewellery","https:\/\/www.instagram.com\/drescherjewellery","https:\/\/www.tiktok.com\/@drescherjewellery"]}]}},"_links":{"self":[{"href":"https:\/\/drescherjewellery.com\/de\/wp-json\/wp\/v2\/product\/112283","targetHints":{"allow":["GET"]}}],"collection":[{"href":"https:\/\/drescherjewellery.com\/de\/wp-json\/wp\/v2\/product"}],"about":[{"href":"https:\/\/drescherjewellery.com\/de\/wp-json\/wp\/v2\/types\/product"}],"version-history":[{"count":0,"href":"https:\/\/drescherjewellery.com\/de\/wp-json\/wp\/v2\/product\/112283\/revisions"}],"wp:featuredmedia":[{"embeddable":true,"href":"https:\/\/drescherjewellery.com\/de\/wp-json\/wp\/v2\/media\/106395"}],"wp:attachment":[{"href":"https:\/\/drescherjewellery.com\/de\/wp-json\/wp\/v2\/media?parent=112283"}],"wp:term":[{"taxonomy":"product_brand","embeddable":true,"href":"https:\/\/drescherjewellery.com\/de\/wp-json\/wp\/v2\/product_brand?post=112283"},{"taxonomy":"product_cat","embeddable":true,"href":"https:\/\/drescherjewellery.com\/de\/wp-json\/wp\/v2\/product_cat?post=112283"},{"taxonomy":"product_tag","embeddable":true,"href":"https:\/\/drescherjewellery.com\/de\/wp-json\/wp\/v2\/product_tag?post=112283"}],"curies":[{"name":"wp","href":"https:\/\/api.w.org\/{rel}","templated":true}]}}