{"id":112356,"date":"2025-07-28T11:14:28","date_gmt":"2025-07-28T09:14:28","guid":{"rendered":"https:\/\/dianasilver.hu\/termek\/hellblauer-opal-in-silberfassung-ein-reines-lichtspiel\/"},"modified":"2025-07-28T11:14:28","modified_gmt":"2025-07-28T09:14:28","slug":"hellblauer-opal-in-silberfassung-ein-reines-lichtspiel","status":"publish","type":"product","link":"https:\/\/drescherjewellery.com\/de\/termek\/hellblauer-opal-in-silberfassung-ein-reines-lichtspiel\/","title":{"rendered":"Hellblauer Opal in Silberfassung &#8211; ein reines Lichtspiel"},"content":{"rendered":"<h2 data-start=\"333\" data-end=\"406\"><span dir=\"auto\">Hellblaues opalisierendes Schmuckset &#8211; moderne Weiblichkeit in einem brillanten Farbton<\/span><\/h2>\n<p data-start=\"407\" data-end=\"487\"><strong data-start=\"407\" data-end=\"487\"><span dir=\"auto\">Ein Schmuckst\u00fcck, das perfekt zur eklektischen Garderobe der modernen Frau passt.<\/span><\/strong><\/p>\n<p data-start=\"489\" data-end=\"809\"><span dir=\"auto\">Dieser raffinierte Silberkeil ist mit hellblauen, funkelnden Opaleinlagen verziert. Das geometrische Design verleiht den St\u00fccken einen einzigartigen Charakter aus kantigem Metall, weshalb die <strong>AG<\/strong> <\/span><strong data-start=\"655\" data-end=\"680\"><span dir=\"auto\">925er Sterlingsilber<\/span><\/strong><span dir=\"auto\">  Seine Helligkeit bildet einen eleganten Rahmen f\u00fcr den gl\u00e4nzenden Opal. Der Anh\u00e4nger wird ohne Kette geliefert &#8211; so k\u00f6nnen Sie ihn mit Ihren eigenen Lieblingsst\u00fccken kombinieren. <\/span><\/p>\n<ul data-start=\"811\" data-end=\"1008\">\n<li data-start=\"811\" data-end=\"840\">\n<p data-start=\"813\" data-end=\"840\"><strong data-start=\"813\" data-end=\"840\"><span dir=\"auto\">Moderne, kantige Form<\/span><\/strong><\/p>\n<\/li>\n<li data-start=\"841\" data-end=\"875\">\n<p data-start=\"843\" data-end=\"875\"><strong data-start=\"843\" data-end=\"875\"><span dir=\"auto\">Brillante hellblaue Opalintarsie<\/span><\/strong><\/p>\n<\/li>\n<li data-start=\"876\" data-end=\"904\">\n<p data-start=\"878\" data-end=\"904\"><strong data-start=\"878\" data-end=\"904\"><span dir=\"auto\">AG 925 Silber Material<\/span><\/strong><\/p>\n<\/li>\n<li data-start=\"876\" data-end=\"904\"><strong>Rhodium-Beschichtung<\/strong><\/li>\n<li data-start=\"905\" data-end=\"949\">\n<p data-start=\"907\" data-end=\"949\"><strong data-start=\"907\" data-end=\"949\"><span dir=\"auto\">Ohrstecker, angenehm zu tragen<\/span><\/strong><\/p>\n<\/li>\n<li data-start=\"950\" data-end=\"1008\">\n<p data-start=\"952\" data-end=\"1008\"><strong data-start=\"952\" data-end=\"1008\"><span dir=\"auto\">Wird ohne Kette geliefert &#8211; kostenlose Kombinationsm\u00f6glichkeit<\/span><\/strong><\/p>\n<\/li>\n<\/ul>\n<p data-start=\"1010\" data-end=\"1118\" data-is-last-node=\"\" data-is-only-node=\"\"><span dir=\"auto\">Perfekt f\u00fcr die t\u00e4gliche Eleganz oder als Geschenk &#8211; f\u00fcr besondere Frauen, f\u00fcr besondere Anl\u00e4sse. \ud83d\udc8e\ud83d\udc99 <\/span><\/p>\n","protected":false},"excerpt":{"rendered":"<p>Mit atemberaubenden hellblauen Opaleins\u00e4tzen und moderner Geometrie wird dieses Set alle Blicke auf sich ziehen. Wird ohne Kette geliefert. \ud83d\udcab<\/p>\n","protected":false},"featured_media":107015,"template":"","meta":[],"product_brand":[],"product_cat":[526],"product_tag":[527,634],"class_list":{"0":"post-112356","1":"product","2":"type-product","3":"status-publish","4":"has-post-thumbnail","6":"product_cat-silberschmuck-set","7":"product_tag-damen","8":"product_tag-farbenfroh","9":"description-off","11":"first","12":"instock","13":"taxable","14":"shipping-taxable","15":"purchasable","16":"product-type-simple"},"yoast_head":"<!-- This site is optimized with the Yoast SEO Premium plugin v26.8 (Yoast SEO v27.4) - https:\/\/yoast.com\/product\/yoast-seo-premium-wordpress\/ -->\n<title>Hellblauer Opal in Silberfassung - ein reines Lichtspiel | Drescher Jewellery<\/title>\n<meta name=\"description\" content=\"Fedezd fel a leny\u0171g\u00f6z\u0151 Hellblauer Opal in Silberfassung - ein reines Lichtspiel \u00e9kszer\u00fcnket. T\u00f6k\u00e9letes kieg\u00e9sz\u00edt\u0151 mindennapi viselethez \u00e9s k\u00fcl\u00f6nleges alkalmakra egyar\u00e1nt. Rendeld meg most!\" \/>\n<meta name=\"robots\" content=\"index, follow, max-snippet:-1, max-image-preview:large, max-video-preview:-1\" \/>\n<link rel=\"canonical\" href=\"https:\/\/drescherjewellery.com\/de\/termek\/hellblauer-opal-in-silberfassung-ein-reines-lichtspiel\/\" \/>\n<meta property=\"og:locale\" content=\"de_DE\" \/>\n<meta property=\"og:type\" content=\"article\" \/>\n<meta property=\"og:title\" content=\"Hellblauer Opal in Silberfassung - ein reines Lichtspiel\" \/>\n<meta property=\"og:description\" content=\"Fedezd fel a leny\u0171g\u00f6z\u0151 Hellblauer Opal in Silberfassung - ein reines Lichtspiel \u00e9kszer\u00fcnket. T\u00f6k\u00e9letes kieg\u00e9sz\u00edt\u0151 mindennapi viselethez \u00e9s k\u00fcl\u00f6nleges alkalmakra egyar\u00e1nt. Rendeld meg most!\" \/>\n<meta property=\"og:url\" content=\"https:\/\/drescherjewellery.com\/de\/termek\/hellblauer-opal-in-silberfassung-ein-reines-lichtspiel\/\" \/>\n<meta property=\"og:site_name\" content=\"Drescher Jewellery\" \/>\n<meta property=\"article:publisher\" content=\"https:\/\/www.facebook.com\/drescherjewellery\" \/>\n<meta property=\"og:image\" content=\"https:\/\/drescherjewellery.com\/wp-content\/uploads\/2025\/07\/Vilagoskek-opal-ezust-ekszerszett-\u2013-letisztult-fenyjatek_2.jpg\" \/>\n\t<meta property=\"og:image:width\" content=\"1340\" \/>\n\t<meta property=\"og:image:height\" content=\"1785\" \/>\n\t<meta property=\"og:image:type\" content=\"image\/jpeg\" \/>\n<meta name=\"twitter:card\" content=\"summary_large_image\" \/>\n<meta name=\"twitter:label1\" content=\"Gesch\u00e4tzte Lesezeit\" \/>\n\t<meta name=\"twitter:data1\" content=\"1\u00a0Minute\" \/>\n<script type=\"application\/ld+json\" class=\"yoast-schema-graph\">{\"@context\":\"https:\\\/\\\/schema.org\",\"@graph\":[{\"@type\":\"WebPage\",\"@id\":\"https:\\\/\\\/drescherjewellery.com\\\/de\\\/termek\\\/hellblauer-opal-in-silberfassung-ein-reines-lichtspiel\\\/\",\"url\":\"https:\\\/\\\/drescherjewellery.com\\\/de\\\/termek\\\/hellblauer-opal-in-silberfassung-ein-reines-lichtspiel\\\/\",\"name\":\"Hellblauer Opal in Silberfassung - ein reines Lichtspiel | Drescher Jewellery\",\"isPartOf\":{\"@id\":\"https:\\\/\\\/drescherjewellery.com\\\/de\\\/#website\"},\"primaryImageOfPage\":{\"@id\":\"https:\\\/\\\/drescherjewellery.com\\\/de\\\/termek\\\/hellblauer-opal-in-silberfassung-ein-reines-lichtspiel\\\/#primaryimage\"},\"image\":{\"@id\":\"https:\\\/\\\/drescherjewellery.com\\\/de\\\/termek\\\/hellblauer-opal-in-silberfassung-ein-reines-lichtspiel\\\/#primaryimage\"},\"thumbnailUrl\":\"https:\\\/\\\/drescherjewellery.com\\\/wp-content\\\/uploads\\\/2025\\\/07\\\/Vilagoskek-opal-ezust-ekszerszett-\u2013-letisztult-fenyjatek_2.jpg\",\"datePublished\":\"2025-07-28T09:14:28+00:00\",\"description\":\"Fedezd fel a leny\u0171g\u00f6z\u0151 Hellblauer Opal in Silberfassung - ein reines Lichtspiel \u00e9kszer\u00fcnket. T\u00f6k\u00e9letes kieg\u00e9sz\u00edt\u0151 mindennapi viselethez \u00e9s k\u00fcl\u00f6nleges alkalmakra egyar\u00e1nt. Rendeld meg most!\",\"breadcrumb\":{\"@id\":\"https:\\\/\\\/drescherjewellery.com\\\/de\\\/termek\\\/hellblauer-opal-in-silberfassung-ein-reines-lichtspiel\\\/#breadcrumb\"},\"inLanguage\":\"de\",\"potentialAction\":[{\"@type\":\"ReadAction\",\"target\":[\"https:\\\/\\\/drescherjewellery.com\\\/de\\\/termek\\\/hellblauer-opal-in-silberfassung-ein-reines-lichtspiel\\\/\"]}]},{\"@type\":\"ImageObject\",\"inLanguage\":\"de\",\"@id\":\"https:\\\/\\\/drescherjewellery.com\\\/de\\\/termek\\\/hellblauer-opal-in-silberfassung-ein-reines-lichtspiel\\\/#primaryimage\",\"url\":\"https:\\\/\\\/drescherjewellery.com\\\/wp-content\\\/uploads\\\/2025\\\/07\\\/Vilagoskek-opal-ezust-ekszerszett-\u2013-letisztult-fenyjatek_2.jpg\",\"contentUrl\":\"https:\\\/\\\/drescherjewellery.com\\\/wp-content\\\/uploads\\\/2025\\\/07\\\/Vilagoskek-opal-ezust-ekszerszett-\u2013-letisztult-fenyjatek_2.jpg\",\"width\":1340,\"height\":1785},{\"@type\":\"BreadcrumbList\",\"@id\":\"https:\\\/\\\/drescherjewellery.com\\\/de\\\/termek\\\/hellblauer-opal-in-silberfassung-ein-reines-lichtspiel\\\/#breadcrumb\",\"itemListElement\":[{\"@type\":\"ListItem\",\"position\":1,\"name\":\"Kezd\u0151lap\",\"item\":\"https:\\\/\\\/drescherjewellery.com\\\/de\\\/\"},{\"@type\":\"ListItem\",\"position\":2,\"name\":\"Shop\",\"item\":\"https:\\\/\\\/drescherjewellery.com\\\/de\\\/shop\\\/\"},{\"@type\":\"ListItem\",\"position\":3,\"name\":\"Hellblauer Opal in Silberfassung &#8211; ein reines Lichtspiel\"}]},{\"@type\":\"WebSite\",\"@id\":\"https:\\\/\\\/drescherjewellery.com\\\/de\\\/#website\",\"url\":\"https:\\\/\\\/drescherjewellery.com\\\/de\\\/\",\"name\":\"Drescher Jewellery\",\"description\":\"Tedd t\u00f6k\u00e9letesebb\u00e9 mindennapjaid a Drescher Jewellery \u00e9kszereivel.\",\"publisher\":{\"@id\":\"https:\\\/\\\/drescherjewellery.com\\\/de\\\/#organization\"},\"alternateName\":\"Ez\u00fcst \u00c9kszer Web\u00e1ruh\u00e1z\",\"potentialAction\":[{\"@type\":\"SearchAction\",\"target\":{\"@type\":\"EntryPoint\",\"urlTemplate\":\"https:\\\/\\\/drescherjewellery.com\\\/de\\\/?s={search_term_string}\"},\"query-input\":{\"@type\":\"PropertyValueSpecification\",\"valueRequired\":true,\"valueName\":\"search_term_string\"}}],\"inLanguage\":\"de\"},{\"@type\":\"Organization\",\"@id\":\"https:\\\/\\\/drescherjewellery.com\\\/de\\\/#organization\",\"name\":\"Drescher Jewellery\",\"url\":\"https:\\\/\\\/drescherjewellery.com\\\/de\\\/\",\"logo\":{\"@type\":\"ImageObject\",\"inLanguage\":\"de\",\"@id\":\"https:\\\/\\\/drescherjewellery.com\\\/de\\\/#\\\/schema\\\/logo\\\/image\\\/\",\"url\":\"https:\\\/\\\/drescherjewellery.com\\\/wp-content\\\/uploads\\\/2026\\\/01\\\/Drescher-Jewellery-wpml.png\",\"contentUrl\":\"https:\\\/\\\/drescherjewellery.com\\\/wp-content\\\/uploads\\\/2026\\\/01\\\/Drescher-Jewellery-wpml.png\",\"width\":500,\"height\":500,\"caption\":\"Drescher Jewellery\"},\"image\":{\"@id\":\"https:\\\/\\\/drescherjewellery.com\\\/de\\\/#\\\/schema\\\/logo\\\/image\\\/\"},\"sameAs\":[\"https:\\\/\\\/www.facebook.com\\\/drescherjewellery\",\"https:\\\/\\\/www.instagram.com\\\/drescherjewellery\",\"https:\\\/\\\/www.tiktok.com\\\/@drescherjewellery\"]}]}<\/script>\n<!-- \/ Yoast SEO Premium plugin. -->","yoast_head_json":{"title":"Hellblauer Opal in Silberfassung - ein reines Lichtspiel | Drescher Jewellery","description":"Fedezd fel a leny\u0171g\u00f6z\u0151 Hellblauer Opal in Silberfassung - ein reines Lichtspiel \u00e9kszer\u00fcnket. T\u00f6k\u00e9letes kieg\u00e9sz\u00edt\u0151 mindennapi viselethez \u00e9s k\u00fcl\u00f6nleges alkalmakra egyar\u00e1nt. Rendeld meg most!","robots":{"index":"index","follow":"follow","max-snippet":"max-snippet:-1","max-image-preview":"max-image-preview:large","max-video-preview":"max-video-preview:-1"},"canonical":"https:\/\/drescherjewellery.com\/de\/termek\/hellblauer-opal-in-silberfassung-ein-reines-lichtspiel\/","og_locale":"de_DE","og_type":"article","og_title":"Hellblauer Opal in Silberfassung - ein reines Lichtspiel","og_description":"Fedezd fel a leny\u0171g\u00f6z\u0151 Hellblauer Opal in Silberfassung - ein reines Lichtspiel \u00e9kszer\u00fcnket. T\u00f6k\u00e9letes kieg\u00e9sz\u00edt\u0151 mindennapi viselethez \u00e9s k\u00fcl\u00f6nleges alkalmakra egyar\u00e1nt. Rendeld meg most!","og_url":"https:\/\/drescherjewellery.com\/de\/termek\/hellblauer-opal-in-silberfassung-ein-reines-lichtspiel\/","og_site_name":"Drescher Jewellery","article_publisher":"https:\/\/www.facebook.com\/drescherjewellery","og_image":[{"width":1340,"height":1785,"url":"https:\/\/drescherjewellery.com\/wp-content\/uploads\/2025\/07\/Vilagoskek-opal-ezust-ekszerszett-\u2013-letisztult-fenyjatek_2.jpg","type":"image\/jpeg"}],"twitter_card":"summary_large_image","twitter_misc":{"Gesch\u00e4tzte Lesezeit":"1\u00a0Minute"},"schema":{"@context":"https:\/\/schema.org","@graph":[{"@type":"WebPage","@id":"https:\/\/drescherjewellery.com\/de\/termek\/hellblauer-opal-in-silberfassung-ein-reines-lichtspiel\/","url":"https:\/\/drescherjewellery.com\/de\/termek\/hellblauer-opal-in-silberfassung-ein-reines-lichtspiel\/","name":"Hellblauer Opal in Silberfassung - ein reines Lichtspiel | Drescher Jewellery","isPartOf":{"@id":"https:\/\/drescherjewellery.com\/de\/#website"},"primaryImageOfPage":{"@id":"https:\/\/drescherjewellery.com\/de\/termek\/hellblauer-opal-in-silberfassung-ein-reines-lichtspiel\/#primaryimage"},"image":{"@id":"https:\/\/drescherjewellery.com\/de\/termek\/hellblauer-opal-in-silberfassung-ein-reines-lichtspiel\/#primaryimage"},"thumbnailUrl":"https:\/\/drescherjewellery.com\/wp-content\/uploads\/2025\/07\/Vilagoskek-opal-ezust-ekszerszett-\u2013-letisztult-fenyjatek_2.jpg","datePublished":"2025-07-28T09:14:28+00:00","description":"Fedezd fel a leny\u0171g\u00f6z\u0151 Hellblauer Opal in Silberfassung - ein reines Lichtspiel \u00e9kszer\u00fcnket. T\u00f6k\u00e9letes kieg\u00e9sz\u00edt\u0151 mindennapi viselethez \u00e9s k\u00fcl\u00f6nleges alkalmakra egyar\u00e1nt. Rendeld meg most!","breadcrumb":{"@id":"https:\/\/drescherjewellery.com\/de\/termek\/hellblauer-opal-in-silberfassung-ein-reines-lichtspiel\/#breadcrumb"},"inLanguage":"de","potentialAction":[{"@type":"ReadAction","target":["https:\/\/drescherjewellery.com\/de\/termek\/hellblauer-opal-in-silberfassung-ein-reines-lichtspiel\/"]}]},{"@type":"ImageObject","inLanguage":"de","@id":"https:\/\/drescherjewellery.com\/de\/termek\/hellblauer-opal-in-silberfassung-ein-reines-lichtspiel\/#primaryimage","url":"https:\/\/drescherjewellery.com\/wp-content\/uploads\/2025\/07\/Vilagoskek-opal-ezust-ekszerszett-\u2013-letisztult-fenyjatek_2.jpg","contentUrl":"https:\/\/drescherjewellery.com\/wp-content\/uploads\/2025\/07\/Vilagoskek-opal-ezust-ekszerszett-\u2013-letisztult-fenyjatek_2.jpg","width":1340,"height":1785},{"@type":"BreadcrumbList","@id":"https:\/\/drescherjewellery.com\/de\/termek\/hellblauer-opal-in-silberfassung-ein-reines-lichtspiel\/#breadcrumb","itemListElement":[{"@type":"ListItem","position":1,"name":"Kezd\u0151lap","item":"https:\/\/drescherjewellery.com\/de\/"},{"@type":"ListItem","position":2,"name":"Shop","item":"https:\/\/drescherjewellery.com\/de\/shop\/"},{"@type":"ListItem","position":3,"name":"Hellblauer Opal in Silberfassung &#8211; ein reines Lichtspiel"}]},{"@type":"WebSite","@id":"https:\/\/drescherjewellery.com\/de\/#website","url":"https:\/\/drescherjewellery.com\/de\/","name":"Drescher Jewellery","description":"Tedd t\u00f6k\u00e9letesebb\u00e9 mindennapjaid a Drescher Jewellery \u00e9kszereivel.","publisher":{"@id":"https:\/\/drescherjewellery.com\/de\/#organization"},"alternateName":"Ez\u00fcst \u00c9kszer Web\u00e1ruh\u00e1z","potentialAction":[{"@type":"SearchAction","target":{"@type":"EntryPoint","urlTemplate":"https:\/\/drescherjewellery.com\/de\/?s={search_term_string}"},"query-input":{"@type":"PropertyValueSpecification","valueRequired":true,"valueName":"search_term_string"}}],"inLanguage":"de"},{"@type":"Organization","@id":"https:\/\/drescherjewellery.com\/de\/#organization","name":"Drescher Jewellery","url":"https:\/\/drescherjewellery.com\/de\/","logo":{"@type":"ImageObject","inLanguage":"de","@id":"https:\/\/drescherjewellery.com\/de\/#\/schema\/logo\/image\/","url":"https:\/\/drescherjewellery.com\/wp-content\/uploads\/2026\/01\/Drescher-Jewellery-wpml.png","contentUrl":"https:\/\/drescherjewellery.com\/wp-content\/uploads\/2026\/01\/Drescher-Jewellery-wpml.png","width":500,"height":500,"caption":"Drescher Jewellery"},"image":{"@id":"https:\/\/drescherjewellery.com\/de\/#\/schema\/logo\/image\/"},"sameAs":["https:\/\/www.facebook.com\/drescherjewellery","https:\/\/www.instagram.com\/drescherjewellery","https:\/\/www.tiktok.com\/@drescherjewellery"]}]}},"_links":{"self":[{"href":"https:\/\/drescherjewellery.com\/de\/wp-json\/wp\/v2\/product\/112356","targetHints":{"allow":["GET"]}}],"collection":[{"href":"https:\/\/drescherjewellery.com\/de\/wp-json\/wp\/v2\/product"}],"about":[{"href":"https:\/\/drescherjewellery.com\/de\/wp-json\/wp\/v2\/types\/product"}],"version-history":[{"count":0,"href":"https:\/\/drescherjewellery.com\/de\/wp-json\/wp\/v2\/product\/112356\/revisions"}],"wp:featuredmedia":[{"embeddable":true,"href":"https:\/\/drescherjewellery.com\/de\/wp-json\/wp\/v2\/media\/107015"}],"wp:attachment":[{"href":"https:\/\/drescherjewellery.com\/de\/wp-json\/wp\/v2\/media?parent=112356"}],"wp:term":[{"taxonomy":"product_brand","embeddable":true,"href":"https:\/\/drescherjewellery.com\/de\/wp-json\/wp\/v2\/product_brand?post=112356"},{"taxonomy":"product_cat","embeddable":true,"href":"https:\/\/drescherjewellery.com\/de\/wp-json\/wp\/v2\/product_cat?post=112356"},{"taxonomy":"product_tag","embeddable":true,"href":"https:\/\/drescherjewellery.com\/de\/wp-json\/wp\/v2\/product_tag?post=112356"}],"curies":[{"name":"wp","href":"https:\/\/api.w.org\/{rel}","templated":true}]}}