{"id":112363,"date":"2022-10-24T11:18:13","date_gmt":"2022-10-24T09:18:13","guid":{"rendered":"https:\/\/dianasilver.hu\/termek\/silberne-ohrringe-mit-franzoesischem-verschluss-und-blumenmuster-aus-weissen-steinen\/"},"modified":"2026-04-01T17:19:34","modified_gmt":"2026-04-01T15:19:34","slug":"silberne-ohrringe-mit-franzoesischem-verschluss-und-blumenmuster-aus-weissen-steinen","status":"publish","type":"product","link":"https:\/\/drescherjewellery.com\/de\/termek\/silberne-ohrringe-mit-franzoesischem-verschluss-und-blumenmuster-aus-weissen-steinen\/","title":{"rendered":"Silberne Ohrringe mit franz\u00f6sischem Verschluss und Blumenmuster aus wei\u00dfen Steinen"},"content":{"rendered":"<p><strong>Stylen Sie Ihren Look mit den silbernen Blumenohrringen mit franz\u00f6sischem Verschluss und wei\u00dfem Stein!<\/strong><br \/>\nDieses elegante und charmante Schmuckst\u00fcck verbindet von der Natur inspirierte Sch\u00f6nheit mit modernem Design. Schimmernde wei\u00dfe Steine und zarte Silberverarbeitung machen es zur perfekten Erg\u00e4nzung f\u00fcr jedes Outfit. <\/p>\n<p><strong>Warum sollten Sie diesen Ohrring w\u00e4hlen?<\/strong><\/p>\n<ul>\n<li><strong>Hochwertige Materialien:<\/strong> <strong>AG 925 Silber<\/strong> und <strong>Rhodiumbeschichtung<\/strong> garantieren die Haltbarkeit und den Glanz des Schmucks.<\/li>\n<li><strong>Blumenmotiv und wei\u00dfe Steine:<\/strong> Das zarte Blumenmotiv und die funkelnden wei\u00dfen Steine strahlen Eleganz und Weiblichkeit aus.<\/li>\n<li><strong>Franz\u00f6sischer Verschluss:<\/strong> bequem und sicher zu tragen, der den ganzen Tag \u00fcber fest an seinem Platz bleibt.<\/li>\n<li><strong>Vielseitigkeit:<\/strong> geeignet f\u00fcr den t\u00e4glichen Gebrauch, aber auch das perfekte Accessoire f\u00fcr einen besonderen Anlass.<\/li>\n<\/ul>\n<p><strong>Ein Geschenk, das immer Freude macht!<\/strong><br \/>\nMachen Sie Ihren Tag zu etwas Besonderem mit diesen eleganten Ohrringen &#8211; das perfekte Geschenk f\u00fcr Ihre Liebsten oder f\u00fcr Sie selbst, wenn Sie Ihren Look aufpeppen m\u00f6chten. \ud83c\udf81\ud83c\udf38 <\/p>\n<p><strong>Bestellen Sie jetzt und nehmen Sie die von der Natur inspirierte Eleganz jeden Tag mit!<\/strong> \u2728<\/p>\n","protected":false},"excerpt":{"rendered":"<p><strong>Silberne French Clasp Blumenohrringe mit wei\u00dfem Stein &#8211; Eleganz und Charme in einem St\u00fcck!<\/strong><br \/>\nDieser zarte Ohrring mit Blumenmotiv ist ein raffiniertes Accessoire, das sich perfekt f\u00fcr den Alltag und besondere Anl\u00e4sse eignet. \ud83c\udf38\u2728 <\/p>\n","protected":false},"featured_media":97982,"template":"","meta":[],"product_brand":[],"product_cat":[573],"product_tag":[625,527,650],"class_list":{"0":"post-112363","1":"product","2":"type-product","3":"status-publish","4":"has-post-thumbnail","6":"product_cat-silberne-ohrringe","7":"product_tag-blumig","8":"product_tag-damen","9":"product_tag-kinder-silberschmuck","10":"description-off","12":"first","13":"instock","14":"taxable","15":"shipping-taxable","16":"purchasable","17":"product-type-simple"},"yoast_head":"<!-- This site is optimized with the Yoast SEO Premium plugin v26.8 (Yoast SEO v27.4) - https:\/\/yoast.com\/product\/yoast-seo-premium-wordpress\/ -->\n<title>Silberne Ohrringe mit franz\u00f6sischem Verschluss und Blumenmuster aus wei\u00dfen Steinen | Drescher Jewellery<\/title>\n<meta name=\"description\" content=\"Fedezd fel a leny\u0171g\u00f6z\u0151 Silberne Ohrringe mit franz\u00f6sischem Verschluss und Blumenmuster aus wei\u00dfen Steinen \u00e9kszer\u00fcnket. T\u00f6k\u00e9letes kieg\u00e9sz\u00edt\u0151 mindennapi viselethez \u00e9s k\u00fcl\u00f6nleges alkalmakra egyar\u00e1nt. Rendeld meg most!\" \/>\n<meta name=\"robots\" content=\"index, follow, max-snippet:-1, max-image-preview:large, max-video-preview:-1\" \/>\n<link rel=\"canonical\" href=\"https:\/\/drescherjewellery.com\/de\/termek\/silberne-ohrringe-mit-franzoesischem-verschluss-und-blumenmuster-aus-weissen-steinen\/\" \/>\n<meta property=\"og:locale\" content=\"de_DE\" \/>\n<meta property=\"og:type\" content=\"article\" \/>\n<meta property=\"og:title\" content=\"Silberne Ohrringe mit franz\u00f6sischem Verschluss und Blumenmuster aus wei\u00dfen Steinen\" \/>\n<meta property=\"og:description\" content=\"Fedezd fel a leny\u0171g\u00f6z\u0151 Silberne Ohrringe mit franz\u00f6sischem Verschluss und Blumenmuster aus wei\u00dfen Steinen \u00e9kszer\u00fcnket. T\u00f6k\u00e9letes kieg\u00e9sz\u00edt\u0151 mindennapi viselethez \u00e9s k\u00fcl\u00f6nleges alkalmakra egyar\u00e1nt. Rendeld meg most!\" \/>\n<meta property=\"og:url\" content=\"https:\/\/drescherjewellery.com\/de\/termek\/silberne-ohrringe-mit-franzoesischem-verschluss-und-blumenmuster-aus-weissen-steinen\/\" \/>\n<meta property=\"og:site_name\" content=\"Drescher Jewellery\" \/>\n<meta property=\"article:publisher\" content=\"https:\/\/www.facebook.com\/drescherjewellery\" \/>\n<meta property=\"article:modified_time\" content=\"2026-04-01T15:19:34+00:00\" \/>\n<meta property=\"og:image\" content=\"https:\/\/drescherjewellery.com\/wp-content\/uploads\/2022\/10\/ezust-francia-kapcsos-feher-koves-viragmintas-fulbevalo-3286.jpg\" \/>\n\t<meta property=\"og:image:width\" content=\"500\" \/>\n\t<meta property=\"og:image:height\" content=\"500\" \/>\n\t<meta property=\"og:image:type\" content=\"image\/jpeg\" \/>\n<meta name=\"twitter:card\" content=\"summary_large_image\" \/>\n<meta name=\"twitter:label1\" content=\"Gesch\u00e4tzte Lesezeit\" \/>\n\t<meta name=\"twitter:data1\" content=\"1\u00a0Minute\" \/>\n<script type=\"application\/ld+json\" class=\"yoast-schema-graph\">{\"@context\":\"https:\\\/\\\/schema.org\",\"@graph\":[{\"@type\":\"WebPage\",\"@id\":\"https:\\\/\\\/drescherjewellery.com\\\/de\\\/termek\\\/silberne-ohrringe-mit-franzoesischem-verschluss-und-blumenmuster-aus-weissen-steinen\\\/\",\"url\":\"https:\\\/\\\/drescherjewellery.com\\\/de\\\/termek\\\/silberne-ohrringe-mit-franzoesischem-verschluss-und-blumenmuster-aus-weissen-steinen\\\/\",\"name\":\"Silberne Ohrringe mit franz\u00f6sischem Verschluss und Blumenmuster aus wei\u00dfen Steinen | Drescher Jewellery\",\"isPartOf\":{\"@id\":\"https:\\\/\\\/drescherjewellery.com\\\/de\\\/#website\"},\"primaryImageOfPage\":{\"@id\":\"https:\\\/\\\/drescherjewellery.com\\\/de\\\/termek\\\/silberne-ohrringe-mit-franzoesischem-verschluss-und-blumenmuster-aus-weissen-steinen\\\/#primaryimage\"},\"image\":{\"@id\":\"https:\\\/\\\/drescherjewellery.com\\\/de\\\/termek\\\/silberne-ohrringe-mit-franzoesischem-verschluss-und-blumenmuster-aus-weissen-steinen\\\/#primaryimage\"},\"thumbnailUrl\":\"https:\\\/\\\/drescherjewellery.com\\\/wp-content\\\/uploads\\\/2022\\\/10\\\/ezust-francia-kapcsos-feher-koves-viragmintas-fulbevalo-3286.jpg\",\"datePublished\":\"2022-10-24T09:18:13+00:00\",\"dateModified\":\"2026-04-01T15:19:34+00:00\",\"description\":\"Fedezd fel a leny\u0171g\u00f6z\u0151 Silberne Ohrringe mit franz\u00f6sischem Verschluss und Blumenmuster aus wei\u00dfen Steinen \u00e9kszer\u00fcnket. T\u00f6k\u00e9letes kieg\u00e9sz\u00edt\u0151 mindennapi viselethez \u00e9s k\u00fcl\u00f6nleges alkalmakra egyar\u00e1nt. Rendeld meg most!\",\"breadcrumb\":{\"@id\":\"https:\\\/\\\/drescherjewellery.com\\\/de\\\/termek\\\/silberne-ohrringe-mit-franzoesischem-verschluss-und-blumenmuster-aus-weissen-steinen\\\/#breadcrumb\"},\"inLanguage\":\"de\",\"potentialAction\":[{\"@type\":\"ReadAction\",\"target\":[\"https:\\\/\\\/drescherjewellery.com\\\/de\\\/termek\\\/silberne-ohrringe-mit-franzoesischem-verschluss-und-blumenmuster-aus-weissen-steinen\\\/\"]}]},{\"@type\":\"ImageObject\",\"inLanguage\":\"de\",\"@id\":\"https:\\\/\\\/drescherjewellery.com\\\/de\\\/termek\\\/silberne-ohrringe-mit-franzoesischem-verschluss-und-blumenmuster-aus-weissen-steinen\\\/#primaryimage\",\"url\":\"https:\\\/\\\/drescherjewellery.com\\\/wp-content\\\/uploads\\\/2022\\\/10\\\/ezust-francia-kapcsos-feher-koves-viragmintas-fulbevalo-3286.jpg\",\"contentUrl\":\"https:\\\/\\\/drescherjewellery.com\\\/wp-content\\\/uploads\\\/2022\\\/10\\\/ezust-francia-kapcsos-feher-koves-viragmintas-fulbevalo-3286.jpg\",\"width\":500,\"height\":500},{\"@type\":\"BreadcrumbList\",\"@id\":\"https:\\\/\\\/drescherjewellery.com\\\/de\\\/termek\\\/silberne-ohrringe-mit-franzoesischem-verschluss-und-blumenmuster-aus-weissen-steinen\\\/#breadcrumb\",\"itemListElement\":[{\"@type\":\"ListItem\",\"position\":1,\"name\":\"Kezd\u0151lap\",\"item\":\"https:\\\/\\\/drescherjewellery.com\\\/de\\\/\"},{\"@type\":\"ListItem\",\"position\":2,\"name\":\"Shop\",\"item\":\"https:\\\/\\\/drescherjewellery.com\\\/de\\\/shop\\\/\"},{\"@type\":\"ListItem\",\"position\":3,\"name\":\"Silberne Ohrringe mit franz\u00f6sischem Verschluss und Blumenmuster aus wei\u00dfen Steinen\"}]},{\"@type\":\"WebSite\",\"@id\":\"https:\\\/\\\/drescherjewellery.com\\\/de\\\/#website\",\"url\":\"https:\\\/\\\/drescherjewellery.com\\\/de\\\/\",\"name\":\"Drescher Jewellery\",\"description\":\"Tedd t\u00f6k\u00e9letesebb\u00e9 mindennapjaid a Drescher Jewellery \u00e9kszereivel.\",\"publisher\":{\"@id\":\"https:\\\/\\\/drescherjewellery.com\\\/de\\\/#organization\"},\"alternateName\":\"Ez\u00fcst \u00c9kszer Web\u00e1ruh\u00e1z\",\"potentialAction\":[{\"@type\":\"SearchAction\",\"target\":{\"@type\":\"EntryPoint\",\"urlTemplate\":\"https:\\\/\\\/drescherjewellery.com\\\/de\\\/?s={search_term_string}\"},\"query-input\":{\"@type\":\"PropertyValueSpecification\",\"valueRequired\":true,\"valueName\":\"search_term_string\"}}],\"inLanguage\":\"de\"},{\"@type\":\"Organization\",\"@id\":\"https:\\\/\\\/drescherjewellery.com\\\/de\\\/#organization\",\"name\":\"Drescher Jewellery\",\"url\":\"https:\\\/\\\/drescherjewellery.com\\\/de\\\/\",\"logo\":{\"@type\":\"ImageObject\",\"inLanguage\":\"de\",\"@id\":\"https:\\\/\\\/drescherjewellery.com\\\/de\\\/#\\\/schema\\\/logo\\\/image\\\/\",\"url\":\"https:\\\/\\\/drescherjewellery.com\\\/wp-content\\\/uploads\\\/2026\\\/01\\\/Drescher-Jewellery-wpml.png\",\"contentUrl\":\"https:\\\/\\\/drescherjewellery.com\\\/wp-content\\\/uploads\\\/2026\\\/01\\\/Drescher-Jewellery-wpml.png\",\"width\":500,\"height\":500,\"caption\":\"Drescher Jewellery\"},\"image\":{\"@id\":\"https:\\\/\\\/drescherjewellery.com\\\/de\\\/#\\\/schema\\\/logo\\\/image\\\/\"},\"sameAs\":[\"https:\\\/\\\/www.facebook.com\\\/drescherjewellery\",\"https:\\\/\\\/www.instagram.com\\\/drescherjewellery\",\"https:\\\/\\\/www.tiktok.com\\\/@drescherjewellery\"]}]}<\/script>\n<!-- \/ Yoast SEO Premium plugin. -->","yoast_head_json":{"title":"Silberne Ohrringe mit franz\u00f6sischem Verschluss und Blumenmuster aus wei\u00dfen Steinen | Drescher Jewellery","description":"Fedezd fel a leny\u0171g\u00f6z\u0151 Silberne Ohrringe mit franz\u00f6sischem Verschluss und Blumenmuster aus wei\u00dfen Steinen \u00e9kszer\u00fcnket. T\u00f6k\u00e9letes kieg\u00e9sz\u00edt\u0151 mindennapi viselethez \u00e9s k\u00fcl\u00f6nleges alkalmakra egyar\u00e1nt. Rendeld meg most!","robots":{"index":"index","follow":"follow","max-snippet":"max-snippet:-1","max-image-preview":"max-image-preview:large","max-video-preview":"max-video-preview:-1"},"canonical":"https:\/\/drescherjewellery.com\/de\/termek\/silberne-ohrringe-mit-franzoesischem-verschluss-und-blumenmuster-aus-weissen-steinen\/","og_locale":"de_DE","og_type":"article","og_title":"Silberne Ohrringe mit franz\u00f6sischem Verschluss und Blumenmuster aus wei\u00dfen Steinen","og_description":"Fedezd fel a leny\u0171g\u00f6z\u0151 Silberne Ohrringe mit franz\u00f6sischem Verschluss und Blumenmuster aus wei\u00dfen Steinen \u00e9kszer\u00fcnket. T\u00f6k\u00e9letes kieg\u00e9sz\u00edt\u0151 mindennapi viselethez \u00e9s k\u00fcl\u00f6nleges alkalmakra egyar\u00e1nt. Rendeld meg most!","og_url":"https:\/\/drescherjewellery.com\/de\/termek\/silberne-ohrringe-mit-franzoesischem-verschluss-und-blumenmuster-aus-weissen-steinen\/","og_site_name":"Drescher Jewellery","article_publisher":"https:\/\/www.facebook.com\/drescherjewellery","article_modified_time":"2026-04-01T15:19:34+00:00","og_image":[{"width":500,"height":500,"url":"https:\/\/drescherjewellery.com\/wp-content\/uploads\/2022\/10\/ezust-francia-kapcsos-feher-koves-viragmintas-fulbevalo-3286.jpg","type":"image\/jpeg"}],"twitter_card":"summary_large_image","twitter_misc":{"Gesch\u00e4tzte Lesezeit":"1\u00a0Minute"},"schema":{"@context":"https:\/\/schema.org","@graph":[{"@type":"WebPage","@id":"https:\/\/drescherjewellery.com\/de\/termek\/silberne-ohrringe-mit-franzoesischem-verschluss-und-blumenmuster-aus-weissen-steinen\/","url":"https:\/\/drescherjewellery.com\/de\/termek\/silberne-ohrringe-mit-franzoesischem-verschluss-und-blumenmuster-aus-weissen-steinen\/","name":"Silberne Ohrringe mit franz\u00f6sischem Verschluss und Blumenmuster aus wei\u00dfen Steinen | Drescher Jewellery","isPartOf":{"@id":"https:\/\/drescherjewellery.com\/de\/#website"},"primaryImageOfPage":{"@id":"https:\/\/drescherjewellery.com\/de\/termek\/silberne-ohrringe-mit-franzoesischem-verschluss-und-blumenmuster-aus-weissen-steinen\/#primaryimage"},"image":{"@id":"https:\/\/drescherjewellery.com\/de\/termek\/silberne-ohrringe-mit-franzoesischem-verschluss-und-blumenmuster-aus-weissen-steinen\/#primaryimage"},"thumbnailUrl":"https:\/\/drescherjewellery.com\/wp-content\/uploads\/2022\/10\/ezust-francia-kapcsos-feher-koves-viragmintas-fulbevalo-3286.jpg","datePublished":"2022-10-24T09:18:13+00:00","dateModified":"2026-04-01T15:19:34+00:00","description":"Fedezd fel a leny\u0171g\u00f6z\u0151 Silberne Ohrringe mit franz\u00f6sischem Verschluss und Blumenmuster aus wei\u00dfen Steinen \u00e9kszer\u00fcnket. T\u00f6k\u00e9letes kieg\u00e9sz\u00edt\u0151 mindennapi viselethez \u00e9s k\u00fcl\u00f6nleges alkalmakra egyar\u00e1nt. Rendeld meg most!","breadcrumb":{"@id":"https:\/\/drescherjewellery.com\/de\/termek\/silberne-ohrringe-mit-franzoesischem-verschluss-und-blumenmuster-aus-weissen-steinen\/#breadcrumb"},"inLanguage":"de","potentialAction":[{"@type":"ReadAction","target":["https:\/\/drescherjewellery.com\/de\/termek\/silberne-ohrringe-mit-franzoesischem-verschluss-und-blumenmuster-aus-weissen-steinen\/"]}]},{"@type":"ImageObject","inLanguage":"de","@id":"https:\/\/drescherjewellery.com\/de\/termek\/silberne-ohrringe-mit-franzoesischem-verschluss-und-blumenmuster-aus-weissen-steinen\/#primaryimage","url":"https:\/\/drescherjewellery.com\/wp-content\/uploads\/2022\/10\/ezust-francia-kapcsos-feher-koves-viragmintas-fulbevalo-3286.jpg","contentUrl":"https:\/\/drescherjewellery.com\/wp-content\/uploads\/2022\/10\/ezust-francia-kapcsos-feher-koves-viragmintas-fulbevalo-3286.jpg","width":500,"height":500},{"@type":"BreadcrumbList","@id":"https:\/\/drescherjewellery.com\/de\/termek\/silberne-ohrringe-mit-franzoesischem-verschluss-und-blumenmuster-aus-weissen-steinen\/#breadcrumb","itemListElement":[{"@type":"ListItem","position":1,"name":"Kezd\u0151lap","item":"https:\/\/drescherjewellery.com\/de\/"},{"@type":"ListItem","position":2,"name":"Shop","item":"https:\/\/drescherjewellery.com\/de\/shop\/"},{"@type":"ListItem","position":3,"name":"Silberne Ohrringe mit franz\u00f6sischem Verschluss und Blumenmuster aus wei\u00dfen Steinen"}]},{"@type":"WebSite","@id":"https:\/\/drescherjewellery.com\/de\/#website","url":"https:\/\/drescherjewellery.com\/de\/","name":"Drescher Jewellery","description":"Tedd t\u00f6k\u00e9letesebb\u00e9 mindennapjaid a Drescher Jewellery \u00e9kszereivel.","publisher":{"@id":"https:\/\/drescherjewellery.com\/de\/#organization"},"alternateName":"Ez\u00fcst \u00c9kszer Web\u00e1ruh\u00e1z","potentialAction":[{"@type":"SearchAction","target":{"@type":"EntryPoint","urlTemplate":"https:\/\/drescherjewellery.com\/de\/?s={search_term_string}"},"query-input":{"@type":"PropertyValueSpecification","valueRequired":true,"valueName":"search_term_string"}}],"inLanguage":"de"},{"@type":"Organization","@id":"https:\/\/drescherjewellery.com\/de\/#organization","name":"Drescher Jewellery","url":"https:\/\/drescherjewellery.com\/de\/","logo":{"@type":"ImageObject","inLanguage":"de","@id":"https:\/\/drescherjewellery.com\/de\/#\/schema\/logo\/image\/","url":"https:\/\/drescherjewellery.com\/wp-content\/uploads\/2026\/01\/Drescher-Jewellery-wpml.png","contentUrl":"https:\/\/drescherjewellery.com\/wp-content\/uploads\/2026\/01\/Drescher-Jewellery-wpml.png","width":500,"height":500,"caption":"Drescher Jewellery"},"image":{"@id":"https:\/\/drescherjewellery.com\/de\/#\/schema\/logo\/image\/"},"sameAs":["https:\/\/www.facebook.com\/drescherjewellery","https:\/\/www.instagram.com\/drescherjewellery","https:\/\/www.tiktok.com\/@drescherjewellery"]}]}},"_links":{"self":[{"href":"https:\/\/drescherjewellery.com\/de\/wp-json\/wp\/v2\/product\/112363","targetHints":{"allow":["GET"]}}],"collection":[{"href":"https:\/\/drescherjewellery.com\/de\/wp-json\/wp\/v2\/product"}],"about":[{"href":"https:\/\/drescherjewellery.com\/de\/wp-json\/wp\/v2\/types\/product"}],"version-history":[{"count":0,"href":"https:\/\/drescherjewellery.com\/de\/wp-json\/wp\/v2\/product\/112363\/revisions"}],"wp:featuredmedia":[{"embeddable":true,"href":"https:\/\/drescherjewellery.com\/de\/wp-json\/wp\/v2\/media\/97982"}],"wp:attachment":[{"href":"https:\/\/drescherjewellery.com\/de\/wp-json\/wp\/v2\/media?parent=112363"}],"wp:term":[{"taxonomy":"product_brand","embeddable":true,"href":"https:\/\/drescherjewellery.com\/de\/wp-json\/wp\/v2\/product_brand?post=112363"},{"taxonomy":"product_cat","embeddable":true,"href":"https:\/\/drescherjewellery.com\/de\/wp-json\/wp\/v2\/product_cat?post=112363"},{"taxonomy":"product_tag","embeddable":true,"href":"https:\/\/drescherjewellery.com\/de\/wp-json\/wp\/v2\/product_tag?post=112363"}],"curies":[{"name":"wp","href":"https:\/\/api.w.org\/{rel}","templated":true}]}}