{"id":112446,"date":"2025-09-14T16:45:49","date_gmt":"2025-09-14T14:45:49","guid":{"rendered":"https:\/\/dianasilver.hu\/termek\/zirkoniastein-halskette-mit-herzmotiv-4354-cm\/"},"modified":"2026-02-19T21:48:19","modified_gmt":"2026-02-19T20:48:19","slug":"zirkoniastein-halskette-mit-herzmotiv-4354-cm","status":"publish","type":"product","link":"https:\/\/drescherjewellery.com\/de\/termek\/zirkoniastein-halskette-mit-herzmotiv-4354-cm\/","title":{"rendered":"Zirkoniastein-Halskette mit Herzmotiv &#8211; 43,5+4 cm"},"content":{"rendered":"<h2 data-start=\"340\" data-end=\"405\"><strong data-start=\"340\" data-end=\"403\">Zirkoniastein-Halskette mit Herzmotiv &#8211; eine Botschaft der Liebe<\/strong><\/h2>\n<p data-start=\"407\" data-end=\"712\">Diese 43,5+4 cm lange, verstellbare Halskette mit einer zarten Kette zeigt ein Herzmotiv, das mit drei winzigen Zirkoniasteinen besetzt ist, die Liebe und Zweisamkeit symbolisieren. Die mittig platzierten Herzen funkeln wundersch\u00f6n und die filigrane Verarbeitung sorgt f\u00fcr einen femininen, eleganten Look. <\/p>\n<ul data-start=\"714\" data-end=\"925\">\n<li data-start=\"714\" data-end=\"757\">\n<p data-start=\"716\" data-end=\"757\">Material: AG 925 Silber mit Rhodium-Beschichtung.<\/p>\n<\/li>\n<li data-start=\"758\" data-end=\"797\">\n<p data-start=\"760\" data-end=\"797\">L\u00e4nge: 43,5+4 cm &#8211; einstellbare Gr\u00f6\u00dfe.<\/p>\n<\/li>\n<li data-start=\"798\" data-end=\"840\">\n<p data-start=\"800\" data-end=\"840\">Motiv: drei Herzen mit Zirkoniasteinen.<\/p>\n<\/li>\n<li data-start=\"841\" data-end=\"871\">\n<p data-start=\"843\" data-end=\"871\">Feine, elegante Verarbeitung.<\/p>\n<\/li>\n<li data-start=\"872\" data-end=\"925\">\n<p data-start=\"874\" data-end=\"925\">Ein romantisches Geschenk, das Ihre Gef\u00fchle ausdr\u00fcckt.<\/p>\n<\/li>\n<\/ul>\n<p data-start=\"927\" data-end=\"1076\">Diese Halskette ist die perfekte Wahl f\u00fcr besondere Anl\u00e4sse oder auch f\u00fcr den Alltag, wenn Sie das Funkeln bei sich behalten m\u00f6chten. \ud83d\udc8e\ud83d\udc96 <\/p>\n","protected":false},"excerpt":{"rendered":"<p>Eine romantische Halskette mit drei funkelnden Herzen, die Liebe und Harmonie symbolisieren. Ein eleganter Look f\u00fcr jeden Anlass. \ud83d\udc96<\/p>\n","protected":false},"featured_media":109017,"template":"","meta":[],"product_brand":[],"product_cat":[675],"product_tag":[527,633,650,622],"class_list":{"0":"post-112446","1":"product","2":"type-product","3":"status-publish","4":"has-post-thumbnail","6":"product_cat-silberne-halskette","7":"product_tag-damen","8":"product_tag-herz","9":"product_tag-kinder-silberschmuck","10":"product_tag-muttertagsgeschenk","11":"description-off","13":"first","14":"instock","15":"sale","16":"taxable","17":"shipping-taxable","18":"purchasable","19":"product-type-simple"},"yoast_head":"<!-- This site is optimized with the Yoast SEO Premium plugin v26.8 (Yoast SEO v27.4) - https:\/\/yoast.com\/product\/yoast-seo-premium-wordpress\/ -->\n<title>Zirkoniastein-Halskette mit Herzmotiv - 43,5+4 cm | Drescher Jewellery<\/title>\n<meta name=\"description\" content=\"Fedezd fel a leny\u0171g\u00f6z\u0151 Zirkoniastein-Halskette mit Herzmotiv - 43,5+4 cm \u00e9kszer\u00fcnket. T\u00f6k\u00e9letes kieg\u00e9sz\u00edt\u0151 mindennapi viselethez \u00e9s k\u00fcl\u00f6nleges alkalmakra egyar\u00e1nt. Rendeld meg most!\" \/>\n<meta name=\"robots\" content=\"index, follow, max-snippet:-1, max-image-preview:large, max-video-preview:-1\" \/>\n<link rel=\"canonical\" href=\"https:\/\/drescherjewellery.com\/de\/termek\/zirkoniastein-halskette-mit-herzmotiv-4354-cm\/\" \/>\n<meta property=\"og:locale\" content=\"de_DE\" \/>\n<meta property=\"og:type\" content=\"article\" \/>\n<meta property=\"og:title\" content=\"Zirkoniastein-Halskette mit Herzmotiv - 43,5+4 cm\" \/>\n<meta property=\"og:description\" content=\"Fedezd fel a leny\u0171g\u00f6z\u0151 Zirkoniastein-Halskette mit Herzmotiv - 43,5+4 cm \u00e9kszer\u00fcnket. T\u00f6k\u00e9letes kieg\u00e9sz\u00edt\u0151 mindennapi viselethez \u00e9s k\u00fcl\u00f6nleges alkalmakra egyar\u00e1nt. Rendeld meg most!\" \/>\n<meta property=\"og:url\" content=\"https:\/\/drescherjewellery.com\/de\/termek\/zirkoniastein-halskette-mit-herzmotiv-4354-cm\/\" \/>\n<meta property=\"og:site_name\" content=\"Drescher Jewellery\" \/>\n<meta property=\"article:publisher\" content=\"https:\/\/www.facebook.com\/drescherjewellery\" \/>\n<meta property=\"article:modified_time\" content=\"2026-02-19T20:48:19+00:00\" \/>\n<meta property=\"og:image\" content=\"https:\/\/drescherjewellery.com\/wp-content\/uploads\/2025\/09\/Sziv-motivumos-cirkonia-koves-nyaklanc-\u2013-4354-cm_1.jpg\" \/>\n\t<meta property=\"og:image:width\" content=\"1340\" \/>\n\t<meta property=\"og:image:height\" content=\"1785\" \/>\n\t<meta property=\"og:image:type\" content=\"image\/jpeg\" \/>\n<meta name=\"twitter:card\" content=\"summary_large_image\" \/>\n<meta name=\"twitter:label1\" content=\"Gesch\u00e4tzte Lesezeit\" \/>\n\t<meta name=\"twitter:data1\" content=\"1\u00a0Minute\" \/>\n<script type=\"application\/ld+json\" class=\"yoast-schema-graph\">{\"@context\":\"https:\\\/\\\/schema.org\",\"@graph\":[{\"@type\":\"WebPage\",\"@id\":\"https:\\\/\\\/drescherjewellery.com\\\/de\\\/termek\\\/zirkoniastein-halskette-mit-herzmotiv-4354-cm\\\/\",\"url\":\"https:\\\/\\\/drescherjewellery.com\\\/de\\\/termek\\\/zirkoniastein-halskette-mit-herzmotiv-4354-cm\\\/\",\"name\":\"Zirkoniastein-Halskette mit Herzmotiv - 43,5+4 cm | Drescher Jewellery\",\"isPartOf\":{\"@id\":\"https:\\\/\\\/drescherjewellery.com\\\/de\\\/#website\"},\"primaryImageOfPage\":{\"@id\":\"https:\\\/\\\/drescherjewellery.com\\\/de\\\/termek\\\/zirkoniastein-halskette-mit-herzmotiv-4354-cm\\\/#primaryimage\"},\"image\":{\"@id\":\"https:\\\/\\\/drescherjewellery.com\\\/de\\\/termek\\\/zirkoniastein-halskette-mit-herzmotiv-4354-cm\\\/#primaryimage\"},\"thumbnailUrl\":\"https:\\\/\\\/drescherjewellery.com\\\/wp-content\\\/uploads\\\/2025\\\/09\\\/Sziv-motivumos-cirkonia-koves-nyaklanc-\u2013-4354-cm_1.jpg\",\"datePublished\":\"2025-09-14T14:45:49+00:00\",\"dateModified\":\"2026-02-19T20:48:19+00:00\",\"description\":\"Fedezd fel a leny\u0171g\u00f6z\u0151 Zirkoniastein-Halskette mit Herzmotiv - 43,5+4 cm \u00e9kszer\u00fcnket. T\u00f6k\u00e9letes kieg\u00e9sz\u00edt\u0151 mindennapi viselethez \u00e9s k\u00fcl\u00f6nleges alkalmakra egyar\u00e1nt. Rendeld meg most!\",\"breadcrumb\":{\"@id\":\"https:\\\/\\\/drescherjewellery.com\\\/de\\\/termek\\\/zirkoniastein-halskette-mit-herzmotiv-4354-cm\\\/#breadcrumb\"},\"inLanguage\":\"de\",\"potentialAction\":[{\"@type\":\"ReadAction\",\"target\":[\"https:\\\/\\\/drescherjewellery.com\\\/de\\\/termek\\\/zirkoniastein-halskette-mit-herzmotiv-4354-cm\\\/\"]}]},{\"@type\":\"ImageObject\",\"inLanguage\":\"de\",\"@id\":\"https:\\\/\\\/drescherjewellery.com\\\/de\\\/termek\\\/zirkoniastein-halskette-mit-herzmotiv-4354-cm\\\/#primaryimage\",\"url\":\"https:\\\/\\\/drescherjewellery.com\\\/wp-content\\\/uploads\\\/2025\\\/09\\\/Sziv-motivumos-cirkonia-koves-nyaklanc-\u2013-4354-cm_1.jpg\",\"contentUrl\":\"https:\\\/\\\/drescherjewellery.com\\\/wp-content\\\/uploads\\\/2025\\\/09\\\/Sziv-motivumos-cirkonia-koves-nyaklanc-\u2013-4354-cm_1.jpg\",\"width\":1340,\"height\":1785},{\"@type\":\"BreadcrumbList\",\"@id\":\"https:\\\/\\\/drescherjewellery.com\\\/de\\\/termek\\\/zirkoniastein-halskette-mit-herzmotiv-4354-cm\\\/#breadcrumb\",\"itemListElement\":[{\"@type\":\"ListItem\",\"position\":1,\"name\":\"Kezd\u0151lap\",\"item\":\"https:\\\/\\\/drescherjewellery.com\\\/de\\\/\"},{\"@type\":\"ListItem\",\"position\":2,\"name\":\"Shop\",\"item\":\"https:\\\/\\\/drescherjewellery.com\\\/de\\\/shop\\\/\"},{\"@type\":\"ListItem\",\"position\":3,\"name\":\"Zirkoniastein-Halskette mit Herzmotiv &#8211; 43,5+4 cm\"}]},{\"@type\":\"WebSite\",\"@id\":\"https:\\\/\\\/drescherjewellery.com\\\/de\\\/#website\",\"url\":\"https:\\\/\\\/drescherjewellery.com\\\/de\\\/\",\"name\":\"Drescher Jewellery\",\"description\":\"Tedd t\u00f6k\u00e9letesebb\u00e9 mindennapjaid a Drescher Jewellery \u00e9kszereivel.\",\"publisher\":{\"@id\":\"https:\\\/\\\/drescherjewellery.com\\\/de\\\/#organization\"},\"alternateName\":\"Ez\u00fcst \u00c9kszer Web\u00e1ruh\u00e1z\",\"potentialAction\":[{\"@type\":\"SearchAction\",\"target\":{\"@type\":\"EntryPoint\",\"urlTemplate\":\"https:\\\/\\\/drescherjewellery.com\\\/de\\\/?s={search_term_string}\"},\"query-input\":{\"@type\":\"PropertyValueSpecification\",\"valueRequired\":true,\"valueName\":\"search_term_string\"}}],\"inLanguage\":\"de\"},{\"@type\":\"Organization\",\"@id\":\"https:\\\/\\\/drescherjewellery.com\\\/de\\\/#organization\",\"name\":\"Drescher Jewellery\",\"url\":\"https:\\\/\\\/drescherjewellery.com\\\/de\\\/\",\"logo\":{\"@type\":\"ImageObject\",\"inLanguage\":\"de\",\"@id\":\"https:\\\/\\\/drescherjewellery.com\\\/de\\\/#\\\/schema\\\/logo\\\/image\\\/\",\"url\":\"https:\\\/\\\/drescherjewellery.com\\\/wp-content\\\/uploads\\\/2026\\\/01\\\/Drescher-Jewellery-wpml.png\",\"contentUrl\":\"https:\\\/\\\/drescherjewellery.com\\\/wp-content\\\/uploads\\\/2026\\\/01\\\/Drescher-Jewellery-wpml.png\",\"width\":500,\"height\":500,\"caption\":\"Drescher Jewellery\"},\"image\":{\"@id\":\"https:\\\/\\\/drescherjewellery.com\\\/de\\\/#\\\/schema\\\/logo\\\/image\\\/\"},\"sameAs\":[\"https:\\\/\\\/www.facebook.com\\\/drescherjewellery\",\"https:\\\/\\\/www.instagram.com\\\/drescherjewellery\",\"https:\\\/\\\/www.tiktok.com\\\/@drescherjewellery\"]}]}<\/script>\n<!-- \/ Yoast SEO Premium plugin. -->","yoast_head_json":{"title":"Zirkoniastein-Halskette mit Herzmotiv - 43,5+4 cm | Drescher Jewellery","description":"Fedezd fel a leny\u0171g\u00f6z\u0151 Zirkoniastein-Halskette mit Herzmotiv - 43,5+4 cm \u00e9kszer\u00fcnket. T\u00f6k\u00e9letes kieg\u00e9sz\u00edt\u0151 mindennapi viselethez \u00e9s k\u00fcl\u00f6nleges alkalmakra egyar\u00e1nt. Rendeld meg most!","robots":{"index":"index","follow":"follow","max-snippet":"max-snippet:-1","max-image-preview":"max-image-preview:large","max-video-preview":"max-video-preview:-1"},"canonical":"https:\/\/drescherjewellery.com\/de\/termek\/zirkoniastein-halskette-mit-herzmotiv-4354-cm\/","og_locale":"de_DE","og_type":"article","og_title":"Zirkoniastein-Halskette mit Herzmotiv - 43,5+4 cm","og_description":"Fedezd fel a leny\u0171g\u00f6z\u0151 Zirkoniastein-Halskette mit Herzmotiv - 43,5+4 cm \u00e9kszer\u00fcnket. T\u00f6k\u00e9letes kieg\u00e9sz\u00edt\u0151 mindennapi viselethez \u00e9s k\u00fcl\u00f6nleges alkalmakra egyar\u00e1nt. Rendeld meg most!","og_url":"https:\/\/drescherjewellery.com\/de\/termek\/zirkoniastein-halskette-mit-herzmotiv-4354-cm\/","og_site_name":"Drescher Jewellery","article_publisher":"https:\/\/www.facebook.com\/drescherjewellery","article_modified_time":"2026-02-19T20:48:19+00:00","og_image":[{"width":1340,"height":1785,"url":"https:\/\/drescherjewellery.com\/wp-content\/uploads\/2025\/09\/Sziv-motivumos-cirkonia-koves-nyaklanc-\u2013-4354-cm_1.jpg","type":"image\/jpeg"}],"twitter_card":"summary_large_image","twitter_misc":{"Gesch\u00e4tzte Lesezeit":"1\u00a0Minute"},"schema":{"@context":"https:\/\/schema.org","@graph":[{"@type":"WebPage","@id":"https:\/\/drescherjewellery.com\/de\/termek\/zirkoniastein-halskette-mit-herzmotiv-4354-cm\/","url":"https:\/\/drescherjewellery.com\/de\/termek\/zirkoniastein-halskette-mit-herzmotiv-4354-cm\/","name":"Zirkoniastein-Halskette mit Herzmotiv - 43,5+4 cm | Drescher Jewellery","isPartOf":{"@id":"https:\/\/drescherjewellery.com\/de\/#website"},"primaryImageOfPage":{"@id":"https:\/\/drescherjewellery.com\/de\/termek\/zirkoniastein-halskette-mit-herzmotiv-4354-cm\/#primaryimage"},"image":{"@id":"https:\/\/drescherjewellery.com\/de\/termek\/zirkoniastein-halskette-mit-herzmotiv-4354-cm\/#primaryimage"},"thumbnailUrl":"https:\/\/drescherjewellery.com\/wp-content\/uploads\/2025\/09\/Sziv-motivumos-cirkonia-koves-nyaklanc-\u2013-4354-cm_1.jpg","datePublished":"2025-09-14T14:45:49+00:00","dateModified":"2026-02-19T20:48:19+00:00","description":"Fedezd fel a leny\u0171g\u00f6z\u0151 Zirkoniastein-Halskette mit Herzmotiv - 43,5+4 cm \u00e9kszer\u00fcnket. T\u00f6k\u00e9letes kieg\u00e9sz\u00edt\u0151 mindennapi viselethez \u00e9s k\u00fcl\u00f6nleges alkalmakra egyar\u00e1nt. Rendeld meg most!","breadcrumb":{"@id":"https:\/\/drescherjewellery.com\/de\/termek\/zirkoniastein-halskette-mit-herzmotiv-4354-cm\/#breadcrumb"},"inLanguage":"de","potentialAction":[{"@type":"ReadAction","target":["https:\/\/drescherjewellery.com\/de\/termek\/zirkoniastein-halskette-mit-herzmotiv-4354-cm\/"]}]},{"@type":"ImageObject","inLanguage":"de","@id":"https:\/\/drescherjewellery.com\/de\/termek\/zirkoniastein-halskette-mit-herzmotiv-4354-cm\/#primaryimage","url":"https:\/\/drescherjewellery.com\/wp-content\/uploads\/2025\/09\/Sziv-motivumos-cirkonia-koves-nyaklanc-\u2013-4354-cm_1.jpg","contentUrl":"https:\/\/drescherjewellery.com\/wp-content\/uploads\/2025\/09\/Sziv-motivumos-cirkonia-koves-nyaklanc-\u2013-4354-cm_1.jpg","width":1340,"height":1785},{"@type":"BreadcrumbList","@id":"https:\/\/drescherjewellery.com\/de\/termek\/zirkoniastein-halskette-mit-herzmotiv-4354-cm\/#breadcrumb","itemListElement":[{"@type":"ListItem","position":1,"name":"Kezd\u0151lap","item":"https:\/\/drescherjewellery.com\/de\/"},{"@type":"ListItem","position":2,"name":"Shop","item":"https:\/\/drescherjewellery.com\/de\/shop\/"},{"@type":"ListItem","position":3,"name":"Zirkoniastein-Halskette mit Herzmotiv &#8211; 43,5+4 cm"}]},{"@type":"WebSite","@id":"https:\/\/drescherjewellery.com\/de\/#website","url":"https:\/\/drescherjewellery.com\/de\/","name":"Drescher Jewellery","description":"Tedd t\u00f6k\u00e9letesebb\u00e9 mindennapjaid a Drescher Jewellery \u00e9kszereivel.","publisher":{"@id":"https:\/\/drescherjewellery.com\/de\/#organization"},"alternateName":"Ez\u00fcst \u00c9kszer Web\u00e1ruh\u00e1z","potentialAction":[{"@type":"SearchAction","target":{"@type":"EntryPoint","urlTemplate":"https:\/\/drescherjewellery.com\/de\/?s={search_term_string}"},"query-input":{"@type":"PropertyValueSpecification","valueRequired":true,"valueName":"search_term_string"}}],"inLanguage":"de"},{"@type":"Organization","@id":"https:\/\/drescherjewellery.com\/de\/#organization","name":"Drescher Jewellery","url":"https:\/\/drescherjewellery.com\/de\/","logo":{"@type":"ImageObject","inLanguage":"de","@id":"https:\/\/drescherjewellery.com\/de\/#\/schema\/logo\/image\/","url":"https:\/\/drescherjewellery.com\/wp-content\/uploads\/2026\/01\/Drescher-Jewellery-wpml.png","contentUrl":"https:\/\/drescherjewellery.com\/wp-content\/uploads\/2026\/01\/Drescher-Jewellery-wpml.png","width":500,"height":500,"caption":"Drescher Jewellery"},"image":{"@id":"https:\/\/drescherjewellery.com\/de\/#\/schema\/logo\/image\/"},"sameAs":["https:\/\/www.facebook.com\/drescherjewellery","https:\/\/www.instagram.com\/drescherjewellery","https:\/\/www.tiktok.com\/@drescherjewellery"]}]}},"_links":{"self":[{"href":"https:\/\/drescherjewellery.com\/de\/wp-json\/wp\/v2\/product\/112446","targetHints":{"allow":["GET"]}}],"collection":[{"href":"https:\/\/drescherjewellery.com\/de\/wp-json\/wp\/v2\/product"}],"about":[{"href":"https:\/\/drescherjewellery.com\/de\/wp-json\/wp\/v2\/types\/product"}],"version-history":[{"count":0,"href":"https:\/\/drescherjewellery.com\/de\/wp-json\/wp\/v2\/product\/112446\/revisions"}],"wp:featuredmedia":[{"embeddable":true,"href":"https:\/\/drescherjewellery.com\/de\/wp-json\/wp\/v2\/media\/109017"}],"wp:attachment":[{"href":"https:\/\/drescherjewellery.com\/de\/wp-json\/wp\/v2\/media?parent=112446"}],"wp:term":[{"taxonomy":"product_brand","embeddable":true,"href":"https:\/\/drescherjewellery.com\/de\/wp-json\/wp\/v2\/product_brand?post=112446"},{"taxonomy":"product_cat","embeddable":true,"href":"https:\/\/drescherjewellery.com\/de\/wp-json\/wp\/v2\/product_cat?post=112446"},{"taxonomy":"product_tag","embeddable":true,"href":"https:\/\/drescherjewellery.com\/de\/wp-json\/wp\/v2\/product_tag?post=112446"}],"curies":[{"name":"wp","href":"https:\/\/api.w.org\/{rel}","templated":true}]}}