{"id":112489,"date":"2025-06-02T12:50:59","date_gmt":"2025-06-02T10:50:59","guid":{"rendered":"https:\/\/dianasilver.hu\/termek\/silbernes-armband-mit-wellenfoermigem-zirkonia-dekor\/"},"modified":"2025-06-02T12:50:59","modified_gmt":"2025-06-02T10:50:59","slug":"silbernes-armband-mit-wellenfoermigem-zirkonia-dekor","status":"publish","type":"product","link":"https:\/\/drescherjewellery.com\/de\/termek\/silbernes-armband-mit-wellenfoermigem-zirkonia-dekor\/","title":{"rendered":"Silbernes Armband mit wellenf\u00f6rmigem Zirkonia-Dekor"},"content":{"rendered":"<h2 data-start=\"387\" data-end=\"768\"><strong data-start=\"387\" data-end=\"409\">Die Botschaft der Wellen<\/strong><\/h2>\n<p data-start=\"387\" data-end=\"768\">Dieses Armband ist mehr als nur ein gl\u00e4nzendes Schmuckst\u00fcck &#8211; das wellenf\u00f6rmige Motiv symbolisiert die Sch\u00f6nheit der st\u00e4ndigen Erneuerung und Ver\u00e4nderung. Jede Welle steht f\u00fcr eine neue Gelegenheit, einen neuen Anfang, den Sie mutig angehen k\u00f6nnen. Die sanften Kurven der Wellen stehen f\u00fcr Weiblichkeit, Weichheit und Flie\u00dfen, w\u00e4hrend die Zirkoniasteine inneres Licht und Ausstrahlung hervorrufen. \ud83c\udf0a\u2728   <\/p>\n<p data-start=\"770\" data-end=\"806\"><strong data-start=\"770\" data-end=\"804\">Was macht dieses Armband so besonders?<\/strong><\/p>\n<ul data-start=\"807\" data-end=\"1130\">\n<li data-start=\"807\" data-end=\"885\">\n<p data-start=\"809\" data-end=\"885\">Ein subtiles Wellendesign, das an den Fluss Ihres Lebens und die Erneuerung erinnert<\/p>\n<\/li>\n<li data-start=\"886\" data-end=\"947\">\n<p data-start=\"888\" data-end=\"947\">Funkelnde Zirkoniasteine, Symbole f\u00fcr das strahlende innere Licht<\/p>\n<\/li>\n<li data-start=\"948\" data-end=\"986\">\n<p data-start=\"950\" data-end=\"986\">Material 925er Feinsilber<\/p>\n<\/li>\n<li data-start=\"987\" data-end=\"1059\">\n<p data-start=\"989\" data-end=\"1059\">Verstellbare L\u00e4nge: 19+4 cm, damit es bequem am Handgelenk sitzt<\/p>\n<\/li>\n<li data-start=\"1060\" data-end=\"1130\">\n<p data-start=\"1062\" data-end=\"1130\">Bequem zu tragen f\u00fcr den Alltag und elegante Anl\u00e4sse<\/p>\n<\/li>\n<\/ul>\n<p data-start=\"1132\" data-end=\"1322\">\ud83c\udf81 Das perfekte Geschenk f\u00fcr Sie selbst oder einen geliebten Menschen, wenn Sie nach einem Schmuckst\u00fcck suchen, das nicht nur sch\u00f6n ist, sondern auch eine tiefere Bedeutung hat &#8211; ein Symbol f\u00fcr Ver\u00e4nderung, Erneuerung und Weiblichkeit. \ud83d\ude0a<\/p>\n","protected":false},"excerpt":{"rendered":"<p>Elegantes und feminines Armband mit zarten wellenf\u00f6rmigen Elementen und funkelnden Zirkoniasteinen. Das perfekte Accessoire f\u00fcr den Alltag und besondere Anl\u00e4sse. \ud83d\udc8e<\/p>\n","protected":false},"featured_media":105298,"template":"","meta":[],"product_brand":[],"product_cat":[614],"product_tag":[527],"class_list":{"0":"post-112489","1":"product","2":"type-product","3":"status-publish","4":"has-post-thumbnail","6":"product_cat-silberne-armbander","7":"product_tag-damen","8":"description-off","10":"first","11":"instock","12":"sale","13":"taxable","14":"shipping-taxable","15":"purchasable","16":"product-type-simple"},"yoast_head":"<!-- This site is optimized with the Yoast SEO Premium plugin v26.8 (Yoast SEO v27.4) - https:\/\/yoast.com\/product\/yoast-seo-premium-wordpress\/ -->\n<title>Silbernes Armband mit wellenf\u00f6rmigem Zirkonia-Dekor | Drescher Jewellery<\/title>\n<meta name=\"description\" content=\"Fedezd fel a leny\u0171g\u00f6z\u0151 Silbernes Armband mit wellenf\u00f6rmigem Zirkonia-Dekor \u00e9kszer\u00fcnket. T\u00f6k\u00e9letes kieg\u00e9sz\u00edt\u0151 mindennapi viselethez \u00e9s k\u00fcl\u00f6nleges alkalmakra egyar\u00e1nt. Rendeld meg most!\" \/>\n<meta name=\"robots\" content=\"index, follow, max-snippet:-1, max-image-preview:large, max-video-preview:-1\" \/>\n<link rel=\"canonical\" href=\"https:\/\/drescherjewellery.com\/de\/termek\/silbernes-armband-mit-wellenfoermigem-zirkonia-dekor\/\" \/>\n<meta property=\"og:locale\" content=\"de_DE\" \/>\n<meta property=\"og:type\" content=\"article\" \/>\n<meta property=\"og:title\" content=\"Silbernes Armband mit wellenf\u00f6rmigem Zirkonia-Dekor\" \/>\n<meta property=\"og:description\" content=\"Fedezd fel a leny\u0171g\u00f6z\u0151 Silbernes Armband mit wellenf\u00f6rmigem Zirkonia-Dekor \u00e9kszer\u00fcnket. T\u00f6k\u00e9letes kieg\u00e9sz\u00edt\u0151 mindennapi viselethez \u00e9s k\u00fcl\u00f6nleges alkalmakra egyar\u00e1nt. Rendeld meg most!\" \/>\n<meta property=\"og:url\" content=\"https:\/\/drescherjewellery.com\/de\/termek\/silbernes-armband-mit-wellenfoermigem-zirkonia-dekor\/\" \/>\n<meta property=\"og:site_name\" content=\"Drescher Jewellery\" \/>\n<meta property=\"article:publisher\" content=\"https:\/\/www.facebook.com\/drescherjewellery\" \/>\n<meta property=\"og:image\" content=\"https:\/\/drescherjewellery.com\/wp-content\/uploads\/2025\/06\/Ezust-karkoto-hullam-formaju-cirkonia-diszitessel.jpg\" \/>\n\t<meta property=\"og:image:width\" content=\"1350\" \/>\n\t<meta property=\"og:image:height\" content=\"1800\" \/>\n\t<meta property=\"og:image:type\" content=\"image\/jpeg\" \/>\n<meta name=\"twitter:card\" content=\"summary_large_image\" \/>\n<meta name=\"twitter:label1\" content=\"Gesch\u00e4tzte Lesezeit\" \/>\n\t<meta name=\"twitter:data1\" content=\"1\u00a0Minute\" \/>\n<script type=\"application\/ld+json\" class=\"yoast-schema-graph\">{\"@context\":\"https:\\\/\\\/schema.org\",\"@graph\":[{\"@type\":\"WebPage\",\"@id\":\"https:\\\/\\\/drescherjewellery.com\\\/de\\\/termek\\\/silbernes-armband-mit-wellenfoermigem-zirkonia-dekor\\\/\",\"url\":\"https:\\\/\\\/drescherjewellery.com\\\/de\\\/termek\\\/silbernes-armband-mit-wellenfoermigem-zirkonia-dekor\\\/\",\"name\":\"Silbernes Armband mit wellenf\u00f6rmigem Zirkonia-Dekor | Drescher Jewellery\",\"isPartOf\":{\"@id\":\"https:\\\/\\\/drescherjewellery.com\\\/de\\\/#website\"},\"primaryImageOfPage\":{\"@id\":\"https:\\\/\\\/drescherjewellery.com\\\/de\\\/termek\\\/silbernes-armband-mit-wellenfoermigem-zirkonia-dekor\\\/#primaryimage\"},\"image\":{\"@id\":\"https:\\\/\\\/drescherjewellery.com\\\/de\\\/termek\\\/silbernes-armband-mit-wellenfoermigem-zirkonia-dekor\\\/#primaryimage\"},\"thumbnailUrl\":\"https:\\\/\\\/drescherjewellery.com\\\/wp-content\\\/uploads\\\/2025\\\/06\\\/Ezust-karkoto-hullam-formaju-cirkonia-diszitessel.jpg\",\"datePublished\":\"2025-06-02T10:50:59+00:00\",\"description\":\"Fedezd fel a leny\u0171g\u00f6z\u0151 Silbernes Armband mit wellenf\u00f6rmigem Zirkonia-Dekor \u00e9kszer\u00fcnket. T\u00f6k\u00e9letes kieg\u00e9sz\u00edt\u0151 mindennapi viselethez \u00e9s k\u00fcl\u00f6nleges alkalmakra egyar\u00e1nt. Rendeld meg most!\",\"breadcrumb\":{\"@id\":\"https:\\\/\\\/drescherjewellery.com\\\/de\\\/termek\\\/silbernes-armband-mit-wellenfoermigem-zirkonia-dekor\\\/#breadcrumb\"},\"inLanguage\":\"de\",\"potentialAction\":[{\"@type\":\"ReadAction\",\"target\":[\"https:\\\/\\\/drescherjewellery.com\\\/de\\\/termek\\\/silbernes-armband-mit-wellenfoermigem-zirkonia-dekor\\\/\"]}]},{\"@type\":\"ImageObject\",\"inLanguage\":\"de\",\"@id\":\"https:\\\/\\\/drescherjewellery.com\\\/de\\\/termek\\\/silbernes-armband-mit-wellenfoermigem-zirkonia-dekor\\\/#primaryimage\",\"url\":\"https:\\\/\\\/drescherjewellery.com\\\/wp-content\\\/uploads\\\/2025\\\/06\\\/Ezust-karkoto-hullam-formaju-cirkonia-diszitessel.jpg\",\"contentUrl\":\"https:\\\/\\\/drescherjewellery.com\\\/wp-content\\\/uploads\\\/2025\\\/06\\\/Ezust-karkoto-hullam-formaju-cirkonia-diszitessel.jpg\",\"width\":1350,\"height\":1800},{\"@type\":\"BreadcrumbList\",\"@id\":\"https:\\\/\\\/drescherjewellery.com\\\/de\\\/termek\\\/silbernes-armband-mit-wellenfoermigem-zirkonia-dekor\\\/#breadcrumb\",\"itemListElement\":[{\"@type\":\"ListItem\",\"position\":1,\"name\":\"Kezd\u0151lap\",\"item\":\"https:\\\/\\\/drescherjewellery.com\\\/de\\\/\"},{\"@type\":\"ListItem\",\"position\":2,\"name\":\"Shop\",\"item\":\"https:\\\/\\\/drescherjewellery.com\\\/de\\\/shop\\\/\"},{\"@type\":\"ListItem\",\"position\":3,\"name\":\"Silbernes Armband mit wellenf\u00f6rmigem Zirkonia-Dekor\"}]},{\"@type\":\"WebSite\",\"@id\":\"https:\\\/\\\/drescherjewellery.com\\\/de\\\/#website\",\"url\":\"https:\\\/\\\/drescherjewellery.com\\\/de\\\/\",\"name\":\"Drescher Jewellery\",\"description\":\"Tedd t\u00f6k\u00e9letesebb\u00e9 mindennapjaid a Drescher Jewellery \u00e9kszereivel.\",\"publisher\":{\"@id\":\"https:\\\/\\\/drescherjewellery.com\\\/de\\\/#organization\"},\"alternateName\":\"Ez\u00fcst \u00c9kszer Web\u00e1ruh\u00e1z\",\"potentialAction\":[{\"@type\":\"SearchAction\",\"target\":{\"@type\":\"EntryPoint\",\"urlTemplate\":\"https:\\\/\\\/drescherjewellery.com\\\/de\\\/?s={search_term_string}\"},\"query-input\":{\"@type\":\"PropertyValueSpecification\",\"valueRequired\":true,\"valueName\":\"search_term_string\"}}],\"inLanguage\":\"de\"},{\"@type\":\"Organization\",\"@id\":\"https:\\\/\\\/drescherjewellery.com\\\/de\\\/#organization\",\"name\":\"Drescher Jewellery\",\"url\":\"https:\\\/\\\/drescherjewellery.com\\\/de\\\/\",\"logo\":{\"@type\":\"ImageObject\",\"inLanguage\":\"de\",\"@id\":\"https:\\\/\\\/drescherjewellery.com\\\/de\\\/#\\\/schema\\\/logo\\\/image\\\/\",\"url\":\"https:\\\/\\\/drescherjewellery.com\\\/wp-content\\\/uploads\\\/2026\\\/01\\\/Drescher-Jewellery-wpml.png\",\"contentUrl\":\"https:\\\/\\\/drescherjewellery.com\\\/wp-content\\\/uploads\\\/2026\\\/01\\\/Drescher-Jewellery-wpml.png\",\"width\":500,\"height\":500,\"caption\":\"Drescher Jewellery\"},\"image\":{\"@id\":\"https:\\\/\\\/drescherjewellery.com\\\/de\\\/#\\\/schema\\\/logo\\\/image\\\/\"},\"sameAs\":[\"https:\\\/\\\/www.facebook.com\\\/drescherjewellery\",\"https:\\\/\\\/www.instagram.com\\\/drescherjewellery\",\"https:\\\/\\\/www.tiktok.com\\\/@drescherjewellery\"]}]}<\/script>\n<!-- \/ Yoast SEO Premium plugin. -->","yoast_head_json":{"title":"Silbernes Armband mit wellenf\u00f6rmigem Zirkonia-Dekor | Drescher Jewellery","description":"Fedezd fel a leny\u0171g\u00f6z\u0151 Silbernes Armband mit wellenf\u00f6rmigem Zirkonia-Dekor \u00e9kszer\u00fcnket. T\u00f6k\u00e9letes kieg\u00e9sz\u00edt\u0151 mindennapi viselethez \u00e9s k\u00fcl\u00f6nleges alkalmakra egyar\u00e1nt. Rendeld meg most!","robots":{"index":"index","follow":"follow","max-snippet":"max-snippet:-1","max-image-preview":"max-image-preview:large","max-video-preview":"max-video-preview:-1"},"canonical":"https:\/\/drescherjewellery.com\/de\/termek\/silbernes-armband-mit-wellenfoermigem-zirkonia-dekor\/","og_locale":"de_DE","og_type":"article","og_title":"Silbernes Armband mit wellenf\u00f6rmigem Zirkonia-Dekor","og_description":"Fedezd fel a leny\u0171g\u00f6z\u0151 Silbernes Armband mit wellenf\u00f6rmigem Zirkonia-Dekor \u00e9kszer\u00fcnket. T\u00f6k\u00e9letes kieg\u00e9sz\u00edt\u0151 mindennapi viselethez \u00e9s k\u00fcl\u00f6nleges alkalmakra egyar\u00e1nt. Rendeld meg most!","og_url":"https:\/\/drescherjewellery.com\/de\/termek\/silbernes-armband-mit-wellenfoermigem-zirkonia-dekor\/","og_site_name":"Drescher Jewellery","article_publisher":"https:\/\/www.facebook.com\/drescherjewellery","og_image":[{"width":1350,"height":1800,"url":"https:\/\/drescherjewellery.com\/wp-content\/uploads\/2025\/06\/Ezust-karkoto-hullam-formaju-cirkonia-diszitessel.jpg","type":"image\/jpeg"}],"twitter_card":"summary_large_image","twitter_misc":{"Gesch\u00e4tzte Lesezeit":"1\u00a0Minute"},"schema":{"@context":"https:\/\/schema.org","@graph":[{"@type":"WebPage","@id":"https:\/\/drescherjewellery.com\/de\/termek\/silbernes-armband-mit-wellenfoermigem-zirkonia-dekor\/","url":"https:\/\/drescherjewellery.com\/de\/termek\/silbernes-armband-mit-wellenfoermigem-zirkonia-dekor\/","name":"Silbernes Armband mit wellenf\u00f6rmigem Zirkonia-Dekor | Drescher Jewellery","isPartOf":{"@id":"https:\/\/drescherjewellery.com\/de\/#website"},"primaryImageOfPage":{"@id":"https:\/\/drescherjewellery.com\/de\/termek\/silbernes-armband-mit-wellenfoermigem-zirkonia-dekor\/#primaryimage"},"image":{"@id":"https:\/\/drescherjewellery.com\/de\/termek\/silbernes-armband-mit-wellenfoermigem-zirkonia-dekor\/#primaryimage"},"thumbnailUrl":"https:\/\/drescherjewellery.com\/wp-content\/uploads\/2025\/06\/Ezust-karkoto-hullam-formaju-cirkonia-diszitessel.jpg","datePublished":"2025-06-02T10:50:59+00:00","description":"Fedezd fel a leny\u0171g\u00f6z\u0151 Silbernes Armband mit wellenf\u00f6rmigem Zirkonia-Dekor \u00e9kszer\u00fcnket. T\u00f6k\u00e9letes kieg\u00e9sz\u00edt\u0151 mindennapi viselethez \u00e9s k\u00fcl\u00f6nleges alkalmakra egyar\u00e1nt. Rendeld meg most!","breadcrumb":{"@id":"https:\/\/drescherjewellery.com\/de\/termek\/silbernes-armband-mit-wellenfoermigem-zirkonia-dekor\/#breadcrumb"},"inLanguage":"de","potentialAction":[{"@type":"ReadAction","target":["https:\/\/drescherjewellery.com\/de\/termek\/silbernes-armband-mit-wellenfoermigem-zirkonia-dekor\/"]}]},{"@type":"ImageObject","inLanguage":"de","@id":"https:\/\/drescherjewellery.com\/de\/termek\/silbernes-armband-mit-wellenfoermigem-zirkonia-dekor\/#primaryimage","url":"https:\/\/drescherjewellery.com\/wp-content\/uploads\/2025\/06\/Ezust-karkoto-hullam-formaju-cirkonia-diszitessel.jpg","contentUrl":"https:\/\/drescherjewellery.com\/wp-content\/uploads\/2025\/06\/Ezust-karkoto-hullam-formaju-cirkonia-diszitessel.jpg","width":1350,"height":1800},{"@type":"BreadcrumbList","@id":"https:\/\/drescherjewellery.com\/de\/termek\/silbernes-armband-mit-wellenfoermigem-zirkonia-dekor\/#breadcrumb","itemListElement":[{"@type":"ListItem","position":1,"name":"Kezd\u0151lap","item":"https:\/\/drescherjewellery.com\/de\/"},{"@type":"ListItem","position":2,"name":"Shop","item":"https:\/\/drescherjewellery.com\/de\/shop\/"},{"@type":"ListItem","position":3,"name":"Silbernes Armband mit wellenf\u00f6rmigem Zirkonia-Dekor"}]},{"@type":"WebSite","@id":"https:\/\/drescherjewellery.com\/de\/#website","url":"https:\/\/drescherjewellery.com\/de\/","name":"Drescher Jewellery","description":"Tedd t\u00f6k\u00e9letesebb\u00e9 mindennapjaid a Drescher Jewellery \u00e9kszereivel.","publisher":{"@id":"https:\/\/drescherjewellery.com\/de\/#organization"},"alternateName":"Ez\u00fcst \u00c9kszer Web\u00e1ruh\u00e1z","potentialAction":[{"@type":"SearchAction","target":{"@type":"EntryPoint","urlTemplate":"https:\/\/drescherjewellery.com\/de\/?s={search_term_string}"},"query-input":{"@type":"PropertyValueSpecification","valueRequired":true,"valueName":"search_term_string"}}],"inLanguage":"de"},{"@type":"Organization","@id":"https:\/\/drescherjewellery.com\/de\/#organization","name":"Drescher Jewellery","url":"https:\/\/drescherjewellery.com\/de\/","logo":{"@type":"ImageObject","inLanguage":"de","@id":"https:\/\/drescherjewellery.com\/de\/#\/schema\/logo\/image\/","url":"https:\/\/drescherjewellery.com\/wp-content\/uploads\/2026\/01\/Drescher-Jewellery-wpml.png","contentUrl":"https:\/\/drescherjewellery.com\/wp-content\/uploads\/2026\/01\/Drescher-Jewellery-wpml.png","width":500,"height":500,"caption":"Drescher Jewellery"},"image":{"@id":"https:\/\/drescherjewellery.com\/de\/#\/schema\/logo\/image\/"},"sameAs":["https:\/\/www.facebook.com\/drescherjewellery","https:\/\/www.instagram.com\/drescherjewellery","https:\/\/www.tiktok.com\/@drescherjewellery"]}]}},"_links":{"self":[{"href":"https:\/\/drescherjewellery.com\/de\/wp-json\/wp\/v2\/product\/112489","targetHints":{"allow":["GET"]}}],"collection":[{"href":"https:\/\/drescherjewellery.com\/de\/wp-json\/wp\/v2\/product"}],"about":[{"href":"https:\/\/drescherjewellery.com\/de\/wp-json\/wp\/v2\/types\/product"}],"version-history":[{"count":0,"href":"https:\/\/drescherjewellery.com\/de\/wp-json\/wp\/v2\/product\/112489\/revisions"}],"wp:featuredmedia":[{"embeddable":true,"href":"https:\/\/drescherjewellery.com\/de\/wp-json\/wp\/v2\/media\/105298"}],"wp:attachment":[{"href":"https:\/\/drescherjewellery.com\/de\/wp-json\/wp\/v2\/media?parent=112489"}],"wp:term":[{"taxonomy":"product_brand","embeddable":true,"href":"https:\/\/drescherjewellery.com\/de\/wp-json\/wp\/v2\/product_brand?post=112489"},{"taxonomy":"product_cat","embeddable":true,"href":"https:\/\/drescherjewellery.com\/de\/wp-json\/wp\/v2\/product_cat?post=112489"},{"taxonomy":"product_tag","embeddable":true,"href":"https:\/\/drescherjewellery.com\/de\/wp-json\/wp\/v2\/product_tag?post=112489"}],"curies":[{"name":"wp","href":"https:\/\/api.w.org\/{rel}","templated":true}]}}