{"id":112554,"date":"2022-08-31T14:46:11","date_gmt":"2022-08-31T12:46:11","guid":{"rendered":"https:\/\/dianasilver.hu\/termek\/silberfarbener-weisser-stein-unendlichkeitszeichen-knopf-armband\/"},"modified":"2022-08-31T14:46:11","modified_gmt":"2022-08-31T12:46:11","slug":"silberfarbener-weisser-stein-unendlichkeitszeichen-knopf-armband","status":"publish","type":"product","link":"https:\/\/drescherjewellery.com\/de\/termek\/silberfarbener-weisser-stein-unendlichkeitszeichen-knopf-armband\/","title":{"rendered":"Silberfarbener wei\u00dfer Stein Unendlichkeitszeichen Knopf Armband"},"content":{"rendered":"<h2>\ud83d\udc8e <strong>Silbernes Unendlichkeitsarmband mit wei\u00dfen Steinen &#8211; ein Symbol der Ewigkeit und der emotionalen Bindung<\/strong><\/h2>\n<p>Dieses <strong>Armband aus 925er Sterlingsilber<\/strong> <strong>mit dem Unendlichkeitssymbol<\/strong> und <strong>leuchtenden wei\u00dfen Zirkoniasteinen<\/strong> ist ein Symbol f\u00fcr Gef\u00fchle und unendliche Liebe. Die <strong>Rhodinierung<\/strong> sorgt daf\u00fcr, dass der Schmuck lange seinen Glanz beh\u00e4lt und vor Verf\u00e4rbungen gesch\u00fctzt ist. <\/p>\n<p>\u267e\ufe0f <strong>Was bedeutet das Unendlichkeitssymbol?<\/strong><\/p>\n<ul>\n<li><strong>Er symbolisiert ewige Liebe und dauerhafte Beziehungen.<\/strong><\/li>\n<li><strong>Es vermittelt eine Botschaft der Harmonie und des Gleichgewichts.<\/strong><\/li>\n<li><strong>Ein Symbol f\u00fcr unendliche M\u00f6glichkeiten und Fortschritt.<\/strong><\/li>\n<\/ul>\n<p>\u2728 <strong>Warum sollten Sie dieses Armband w\u00e4hlen?<\/strong><\/p>\n<ul>\n<li><strong>Premiumqualit\u00e4t:<\/strong> <strong>AG 925 Silber<\/strong> <strong>mit Rhodiumbeschichtung<\/strong> f\u00fcr lang anhaltenden Glanz.<\/li>\n<li><strong>Unendliches Zeichendesign:<\/strong> ein Symbol f\u00fcr ewige Verbindungen und M\u00f6glichkeiten.<\/li>\n<li><strong>Gl\u00e4nzende wei\u00dfe Steine:<\/strong> subtile Eleganz f\u00fcr jeden Moment.<\/li>\n<li><strong>Bequem und sicher zu tragen:<\/strong> leicht, perfekt f\u00fcr Alltag und Freizeit.<\/li>\n<\/ul>\n<p>\ud83c\udf81 <strong>Perfektes Geschenk f\u00fcr Ihre Liebsten<\/strong><br \/>\nDieses Armband <strong>hat eine tiefe Bedeutung<\/strong>. Es ist <strong>das ideale Geschenk f\u00fcr Ihre Liebsten<\/strong>, um Sie immer an ihre ewige Liebe und besondere Verbundenheit zu erinnern.<\/p>\n<p>\ud83d\udcab <strong>Bestellen Sie jetzt und tragen Sie das Symbol der unendlichen Eleganz!<\/strong> \u267e\ufe0f\u2728<\/p>\n","protected":false},"excerpt":{"rendered":"<p><strong>Silbernes Unendlichkeitsarmband mit wei\u00dfen Steinen &#8211; ein Symbol f\u00fcr ewige Liebe und Harmonie!<\/strong> \u267e\ufe0f\u2728<br \/>\nEin raffiniertes, elegantes Schmuckst\u00fcck, das eine Botschaft von unendlichen M\u00f6glichkeiten und zeitloser Ausstrahlung vermittelt.<\/p>\n","protected":false},"featured_media":95398,"template":"","meta":[],"product_brand":[],"product_cat":[614],"product_tag":[527,576],"class_list":{"0":"post-112554","1":"product","2":"type-product","3":"status-publish","4":"has-post-thumbnail","6":"product_cat-silberne-armbander","7":"product_tag-damen","8":"product_tag-spirituell","9":"description-off","11":"first","12":"instock","13":"sale","14":"taxable","15":"shipping-taxable","16":"purchasable","17":"product-type-simple"},"yoast_head":"<!-- This site is optimized with the Yoast SEO Premium plugin v26.8 (Yoast SEO v27.4) - https:\/\/yoast.com\/product\/yoast-seo-premium-wordpress\/ -->\n<title>Silberfarbener wei\u00dfer Stein Unendlichkeitszeichen Knopf Armband | Drescher Jewellery<\/title>\n<meta name=\"description\" content=\"Fedezd fel a leny\u0171g\u00f6z\u0151 Silberfarbener wei\u00dfer Stein Unendlichkeitszeichen Knopf Armband \u00e9kszer\u00fcnket. T\u00f6k\u00e9letes kieg\u00e9sz\u00edt\u0151 mindennapi viselethez \u00e9s k\u00fcl\u00f6nleges alkalmakra egyar\u00e1nt. Rendeld meg most!\" \/>\n<meta name=\"robots\" content=\"index, follow, max-snippet:-1, max-image-preview:large, max-video-preview:-1\" \/>\n<link rel=\"canonical\" href=\"https:\/\/drescherjewellery.com\/de\/termek\/silberfarbener-weisser-stein-unendlichkeitszeichen-knopf-armband\/\" \/>\n<meta property=\"og:locale\" content=\"de_DE\" \/>\n<meta property=\"og:type\" content=\"article\" \/>\n<meta property=\"og:title\" content=\"Silberfarbener wei\u00dfer Stein Unendlichkeitszeichen Knopf Armband\" \/>\n<meta property=\"og:description\" content=\"Fedezd fel a leny\u0171g\u00f6z\u0151 Silberfarbener wei\u00dfer Stein Unendlichkeitszeichen Knopf Armband \u00e9kszer\u00fcnket. T\u00f6k\u00e9letes kieg\u00e9sz\u00edt\u0151 mindennapi viselethez \u00e9s k\u00fcl\u00f6nleges alkalmakra egyar\u00e1nt. Rendeld meg most!\" \/>\n<meta property=\"og:url\" content=\"https:\/\/drescherjewellery.com\/de\/termek\/silberfarbener-weisser-stein-unendlichkeitszeichen-knopf-armband\/\" \/>\n<meta property=\"og:site_name\" content=\"Drescher Jewellery\" \/>\n<meta property=\"article:publisher\" content=\"https:\/\/www.facebook.com\/drescherjewellery\" \/>\n<meta property=\"og:image\" content=\"https:\/\/drescherjewellery.com\/wp-content\/uploads\/2022\/08\/1_323ac5de-3c4b-41a4-83fb-c28a0f417736_1024x1024-scaled.jpg\" \/>\n\t<meta property=\"og:image:width\" content=\"800\" \/>\n\t<meta property=\"og:image:height\" content=\"800\" \/>\n\t<meta property=\"og:image:type\" content=\"image\/jpeg\" \/>\n<meta name=\"twitter:card\" content=\"summary_large_image\" \/>\n<meta name=\"twitter:label1\" content=\"Gesch\u00e4tzte Lesezeit\" \/>\n\t<meta name=\"twitter:data1\" content=\"1\u00a0Minute\" \/>\n<script type=\"application\/ld+json\" class=\"yoast-schema-graph\">{\"@context\":\"https:\\\/\\\/schema.org\",\"@graph\":[{\"@type\":\"WebPage\",\"@id\":\"https:\\\/\\\/drescherjewellery.com\\\/de\\\/termek\\\/silberfarbener-weisser-stein-unendlichkeitszeichen-knopf-armband\\\/\",\"url\":\"https:\\\/\\\/drescherjewellery.com\\\/de\\\/termek\\\/silberfarbener-weisser-stein-unendlichkeitszeichen-knopf-armband\\\/\",\"name\":\"Silberfarbener wei\u00dfer Stein Unendlichkeitszeichen Knopf Armband | Drescher Jewellery\",\"isPartOf\":{\"@id\":\"https:\\\/\\\/drescherjewellery.com\\\/de\\\/#website\"},\"primaryImageOfPage\":{\"@id\":\"https:\\\/\\\/drescherjewellery.com\\\/de\\\/termek\\\/silberfarbener-weisser-stein-unendlichkeitszeichen-knopf-armband\\\/#primaryimage\"},\"image\":{\"@id\":\"https:\\\/\\\/drescherjewellery.com\\\/de\\\/termek\\\/silberfarbener-weisser-stein-unendlichkeitszeichen-knopf-armband\\\/#primaryimage\"},\"thumbnailUrl\":\"https:\\\/\\\/drescherjewellery.com\\\/wp-content\\\/uploads\\\/2022\\\/08\\\/1_323ac5de-3c4b-41a4-83fb-c28a0f417736_1024x1024-scaled.jpg\",\"datePublished\":\"2022-08-31T12:46:11+00:00\",\"description\":\"Fedezd fel a leny\u0171g\u00f6z\u0151 Silberfarbener wei\u00dfer Stein Unendlichkeitszeichen Knopf Armband \u00e9kszer\u00fcnket. T\u00f6k\u00e9letes kieg\u00e9sz\u00edt\u0151 mindennapi viselethez \u00e9s k\u00fcl\u00f6nleges alkalmakra egyar\u00e1nt. Rendeld meg most!\",\"breadcrumb\":{\"@id\":\"https:\\\/\\\/drescherjewellery.com\\\/de\\\/termek\\\/silberfarbener-weisser-stein-unendlichkeitszeichen-knopf-armband\\\/#breadcrumb\"},\"inLanguage\":\"de\",\"potentialAction\":[{\"@type\":\"ReadAction\",\"target\":[\"https:\\\/\\\/drescherjewellery.com\\\/de\\\/termek\\\/silberfarbener-weisser-stein-unendlichkeitszeichen-knopf-armband\\\/\"]}]},{\"@type\":\"ImageObject\",\"inLanguage\":\"de\",\"@id\":\"https:\\\/\\\/drescherjewellery.com\\\/de\\\/termek\\\/silberfarbener-weisser-stein-unendlichkeitszeichen-knopf-armband\\\/#primaryimage\",\"url\":\"https:\\\/\\\/drescherjewellery.com\\\/wp-content\\\/uploads\\\/2022\\\/08\\\/1_323ac5de-3c4b-41a4-83fb-c28a0f417736_1024x1024-scaled.jpg\",\"contentUrl\":\"https:\\\/\\\/drescherjewellery.com\\\/wp-content\\\/uploads\\\/2022\\\/08\\\/1_323ac5de-3c4b-41a4-83fb-c28a0f417736_1024x1024-scaled.jpg\",\"width\":800,\"height\":800},{\"@type\":\"BreadcrumbList\",\"@id\":\"https:\\\/\\\/drescherjewellery.com\\\/de\\\/termek\\\/silberfarbener-weisser-stein-unendlichkeitszeichen-knopf-armband\\\/#breadcrumb\",\"itemListElement\":[{\"@type\":\"ListItem\",\"position\":1,\"name\":\"Kezd\u0151lap\",\"item\":\"https:\\\/\\\/drescherjewellery.com\\\/de\\\/\"},{\"@type\":\"ListItem\",\"position\":2,\"name\":\"Shop\",\"item\":\"https:\\\/\\\/drescherjewellery.com\\\/de\\\/shop\\\/\"},{\"@type\":\"ListItem\",\"position\":3,\"name\":\"Silberfarbener wei\u00dfer Stein Unendlichkeitszeichen Knopf Armband\"}]},{\"@type\":\"WebSite\",\"@id\":\"https:\\\/\\\/drescherjewellery.com\\\/de\\\/#website\",\"url\":\"https:\\\/\\\/drescherjewellery.com\\\/de\\\/\",\"name\":\"Drescher Jewellery\",\"description\":\"Tedd t\u00f6k\u00e9letesebb\u00e9 mindennapjaid a Drescher Jewellery \u00e9kszereivel.\",\"publisher\":{\"@id\":\"https:\\\/\\\/drescherjewellery.com\\\/de\\\/#organization\"},\"alternateName\":\"Ez\u00fcst \u00c9kszer Web\u00e1ruh\u00e1z\",\"potentialAction\":[{\"@type\":\"SearchAction\",\"target\":{\"@type\":\"EntryPoint\",\"urlTemplate\":\"https:\\\/\\\/drescherjewellery.com\\\/de\\\/?s={search_term_string}\"},\"query-input\":{\"@type\":\"PropertyValueSpecification\",\"valueRequired\":true,\"valueName\":\"search_term_string\"}}],\"inLanguage\":\"de\"},{\"@type\":\"Organization\",\"@id\":\"https:\\\/\\\/drescherjewellery.com\\\/de\\\/#organization\",\"name\":\"Drescher Jewellery\",\"url\":\"https:\\\/\\\/drescherjewellery.com\\\/de\\\/\",\"logo\":{\"@type\":\"ImageObject\",\"inLanguage\":\"de\",\"@id\":\"https:\\\/\\\/drescherjewellery.com\\\/de\\\/#\\\/schema\\\/logo\\\/image\\\/\",\"url\":\"https:\\\/\\\/drescherjewellery.com\\\/wp-content\\\/uploads\\\/2026\\\/01\\\/Drescher-Jewellery-wpml.png\",\"contentUrl\":\"https:\\\/\\\/drescherjewellery.com\\\/wp-content\\\/uploads\\\/2026\\\/01\\\/Drescher-Jewellery-wpml.png\",\"width\":500,\"height\":500,\"caption\":\"Drescher Jewellery\"},\"image\":{\"@id\":\"https:\\\/\\\/drescherjewellery.com\\\/de\\\/#\\\/schema\\\/logo\\\/image\\\/\"},\"sameAs\":[\"https:\\\/\\\/www.facebook.com\\\/drescherjewellery\",\"https:\\\/\\\/www.instagram.com\\\/drescherjewellery\",\"https:\\\/\\\/www.tiktok.com\\\/@drescherjewellery\"]}]}<\/script>\n<!-- \/ Yoast SEO Premium plugin. -->","yoast_head_json":{"title":"Silberfarbener wei\u00dfer Stein Unendlichkeitszeichen Knopf Armband | Drescher Jewellery","description":"Fedezd fel a leny\u0171g\u00f6z\u0151 Silberfarbener wei\u00dfer Stein Unendlichkeitszeichen Knopf Armband \u00e9kszer\u00fcnket. T\u00f6k\u00e9letes kieg\u00e9sz\u00edt\u0151 mindennapi viselethez \u00e9s k\u00fcl\u00f6nleges alkalmakra egyar\u00e1nt. Rendeld meg most!","robots":{"index":"index","follow":"follow","max-snippet":"max-snippet:-1","max-image-preview":"max-image-preview:large","max-video-preview":"max-video-preview:-1"},"canonical":"https:\/\/drescherjewellery.com\/de\/termek\/silberfarbener-weisser-stein-unendlichkeitszeichen-knopf-armband\/","og_locale":"de_DE","og_type":"article","og_title":"Silberfarbener wei\u00dfer Stein Unendlichkeitszeichen Knopf Armband","og_description":"Fedezd fel a leny\u0171g\u00f6z\u0151 Silberfarbener wei\u00dfer Stein Unendlichkeitszeichen Knopf Armband \u00e9kszer\u00fcnket. T\u00f6k\u00e9letes kieg\u00e9sz\u00edt\u0151 mindennapi viselethez \u00e9s k\u00fcl\u00f6nleges alkalmakra egyar\u00e1nt. Rendeld meg most!","og_url":"https:\/\/drescherjewellery.com\/de\/termek\/silberfarbener-weisser-stein-unendlichkeitszeichen-knopf-armband\/","og_site_name":"Drescher Jewellery","article_publisher":"https:\/\/www.facebook.com\/drescherjewellery","og_image":[{"width":800,"height":800,"url":"https:\/\/drescherjewellery.com\/wp-content\/uploads\/2022\/08\/1_323ac5de-3c4b-41a4-83fb-c28a0f417736_1024x1024-scaled.jpg","type":"image\/jpeg"}],"twitter_card":"summary_large_image","twitter_misc":{"Gesch\u00e4tzte Lesezeit":"1\u00a0Minute"},"schema":{"@context":"https:\/\/schema.org","@graph":[{"@type":"WebPage","@id":"https:\/\/drescherjewellery.com\/de\/termek\/silberfarbener-weisser-stein-unendlichkeitszeichen-knopf-armband\/","url":"https:\/\/drescherjewellery.com\/de\/termek\/silberfarbener-weisser-stein-unendlichkeitszeichen-knopf-armband\/","name":"Silberfarbener wei\u00dfer Stein Unendlichkeitszeichen Knopf Armband | Drescher Jewellery","isPartOf":{"@id":"https:\/\/drescherjewellery.com\/de\/#website"},"primaryImageOfPage":{"@id":"https:\/\/drescherjewellery.com\/de\/termek\/silberfarbener-weisser-stein-unendlichkeitszeichen-knopf-armband\/#primaryimage"},"image":{"@id":"https:\/\/drescherjewellery.com\/de\/termek\/silberfarbener-weisser-stein-unendlichkeitszeichen-knopf-armband\/#primaryimage"},"thumbnailUrl":"https:\/\/drescherjewellery.com\/wp-content\/uploads\/2022\/08\/1_323ac5de-3c4b-41a4-83fb-c28a0f417736_1024x1024-scaled.jpg","datePublished":"2022-08-31T12:46:11+00:00","description":"Fedezd fel a leny\u0171g\u00f6z\u0151 Silberfarbener wei\u00dfer Stein Unendlichkeitszeichen Knopf Armband \u00e9kszer\u00fcnket. T\u00f6k\u00e9letes kieg\u00e9sz\u00edt\u0151 mindennapi viselethez \u00e9s k\u00fcl\u00f6nleges alkalmakra egyar\u00e1nt. Rendeld meg most!","breadcrumb":{"@id":"https:\/\/drescherjewellery.com\/de\/termek\/silberfarbener-weisser-stein-unendlichkeitszeichen-knopf-armband\/#breadcrumb"},"inLanguage":"de","potentialAction":[{"@type":"ReadAction","target":["https:\/\/drescherjewellery.com\/de\/termek\/silberfarbener-weisser-stein-unendlichkeitszeichen-knopf-armband\/"]}]},{"@type":"ImageObject","inLanguage":"de","@id":"https:\/\/drescherjewellery.com\/de\/termek\/silberfarbener-weisser-stein-unendlichkeitszeichen-knopf-armband\/#primaryimage","url":"https:\/\/drescherjewellery.com\/wp-content\/uploads\/2022\/08\/1_323ac5de-3c4b-41a4-83fb-c28a0f417736_1024x1024-scaled.jpg","contentUrl":"https:\/\/drescherjewellery.com\/wp-content\/uploads\/2022\/08\/1_323ac5de-3c4b-41a4-83fb-c28a0f417736_1024x1024-scaled.jpg","width":800,"height":800},{"@type":"BreadcrumbList","@id":"https:\/\/drescherjewellery.com\/de\/termek\/silberfarbener-weisser-stein-unendlichkeitszeichen-knopf-armband\/#breadcrumb","itemListElement":[{"@type":"ListItem","position":1,"name":"Kezd\u0151lap","item":"https:\/\/drescherjewellery.com\/de\/"},{"@type":"ListItem","position":2,"name":"Shop","item":"https:\/\/drescherjewellery.com\/de\/shop\/"},{"@type":"ListItem","position":3,"name":"Silberfarbener wei\u00dfer Stein Unendlichkeitszeichen Knopf Armband"}]},{"@type":"WebSite","@id":"https:\/\/drescherjewellery.com\/de\/#website","url":"https:\/\/drescherjewellery.com\/de\/","name":"Drescher Jewellery","description":"Tedd t\u00f6k\u00e9letesebb\u00e9 mindennapjaid a Drescher Jewellery \u00e9kszereivel.","publisher":{"@id":"https:\/\/drescherjewellery.com\/de\/#organization"},"alternateName":"Ez\u00fcst \u00c9kszer Web\u00e1ruh\u00e1z","potentialAction":[{"@type":"SearchAction","target":{"@type":"EntryPoint","urlTemplate":"https:\/\/drescherjewellery.com\/de\/?s={search_term_string}"},"query-input":{"@type":"PropertyValueSpecification","valueRequired":true,"valueName":"search_term_string"}}],"inLanguage":"de"},{"@type":"Organization","@id":"https:\/\/drescherjewellery.com\/de\/#organization","name":"Drescher Jewellery","url":"https:\/\/drescherjewellery.com\/de\/","logo":{"@type":"ImageObject","inLanguage":"de","@id":"https:\/\/drescherjewellery.com\/de\/#\/schema\/logo\/image\/","url":"https:\/\/drescherjewellery.com\/wp-content\/uploads\/2026\/01\/Drescher-Jewellery-wpml.png","contentUrl":"https:\/\/drescherjewellery.com\/wp-content\/uploads\/2026\/01\/Drescher-Jewellery-wpml.png","width":500,"height":500,"caption":"Drescher Jewellery"},"image":{"@id":"https:\/\/drescherjewellery.com\/de\/#\/schema\/logo\/image\/"},"sameAs":["https:\/\/www.facebook.com\/drescherjewellery","https:\/\/www.instagram.com\/drescherjewellery","https:\/\/www.tiktok.com\/@drescherjewellery"]}]}},"_links":{"self":[{"href":"https:\/\/drescherjewellery.com\/de\/wp-json\/wp\/v2\/product\/112554","targetHints":{"allow":["GET"]}}],"collection":[{"href":"https:\/\/drescherjewellery.com\/de\/wp-json\/wp\/v2\/product"}],"about":[{"href":"https:\/\/drescherjewellery.com\/de\/wp-json\/wp\/v2\/types\/product"}],"version-history":[{"count":0,"href":"https:\/\/drescherjewellery.com\/de\/wp-json\/wp\/v2\/product\/112554\/revisions"}],"wp:featuredmedia":[{"embeddable":true,"href":"https:\/\/drescherjewellery.com\/de\/wp-json\/wp\/v2\/media\/95398"}],"wp:attachment":[{"href":"https:\/\/drescherjewellery.com\/de\/wp-json\/wp\/v2\/media?parent=112554"}],"wp:term":[{"taxonomy":"product_brand","embeddable":true,"href":"https:\/\/drescherjewellery.com\/de\/wp-json\/wp\/v2\/product_brand?post=112554"},{"taxonomy":"product_cat","embeddable":true,"href":"https:\/\/drescherjewellery.com\/de\/wp-json\/wp\/v2\/product_cat?post=112554"},{"taxonomy":"product_tag","embeddable":true,"href":"https:\/\/drescherjewellery.com\/de\/wp-json\/wp\/v2\/product_tag?post=112554"}],"curies":[{"name":"wp","href":"https:\/\/api.w.org\/{rel}","templated":true}]}}