{"id":112562,"date":"2022-08-31T14:46:12","date_gmt":"2022-08-31T12:46:12","guid":{"rendered":"https:\/\/dianasilver.hu\/termek\/silbernes-armband-mit-kleinen-weissen-steinen-und-navetten\/"},"modified":"2022-08-31T14:46:12","modified_gmt":"2022-08-31T12:46:12","slug":"silbernes-armband-mit-kleinen-weissen-steinen-und-navetten","status":"publish","type":"product","link":"https:\/\/drescherjewellery.com\/de\/termek\/silbernes-armband-mit-kleinen-weissen-steinen-und-navetten\/","title":{"rendered":"Silbernes Armband mit kleinen wei\u00dfen Steinen und Navetten"},"content":{"rendered":"<h2>\ud83d\udc8e <strong>Silbernes Armband mit wei\u00dfem Stein in Navette-Form &#8211; der Inbegriff von raffinierter Eleganz und Einzigartigkeit<\/strong><\/h2>\n<p>Dieses <strong>Armband aus 925er Sterlingsilber<\/strong> hat ein einzigartiges <strong>navettenf\u00f6rmiges Motiv<\/strong>, das dem Schmuck einen schicken und modernen Look verleiht. Die <strong>dezent schimmernden wei\u00dfen Steine<\/strong> sorgen f\u00fcr ein zus\u00e4tzliches Funkeln, w\u00e4hrend die <strong>Rhodinierung<\/strong> daf\u00fcr sorgt, dass das Silber seinen Glanz beh\u00e4lt und lange Zeit vor Verf\u00e4rbungen gesch\u00fctzt ist. <\/p>\n<p>\ud83c\udf3f <strong>Was ist die Form der Navette?<\/strong><\/p>\n<ul>\n<li><strong>Die l\u00e4ngliche, elegante Form suggeriert Anmut und Raffinesse.<\/strong><\/li>\n<li><strong>Das von der Natur inspirierte Motiv verleiht einen luftigen und leichten Look.<\/strong><\/li>\n<li><strong>Der Glanz der wei\u00dfen Steine unterstreicht die besondere Balance von Eleganz und Weiblichkeit.<\/strong><\/li>\n<\/ul>\n<p>\u2728 <strong>Warum sollten Sie dieses Armband w\u00e4hlen?<\/strong><\/p>\n<ul>\n<li><strong>Hochwertige Qualit\u00e4t:<\/strong> <strong>AG 925 Silber<\/strong> mit <strong>Rhodiumbeschichtung<\/strong> f\u00fcr einen lang anhaltenden Glanz.<\/li>\n<li><strong>Einzigartiges Navette-Design:<\/strong> exklusive und klare Form.<\/li>\n<li><strong>Funkelnde wei\u00dfe Steine:<\/strong> raffinierte Eleganz f\u00fcr jeden Moment.<\/li>\n<li><strong>Bequem und sicher zu tragen:<\/strong> leichter und dennoch auff\u00e4lliger Schmuck.<\/li>\n<\/ul>\n<p>\ud83c\udf81 <strong>Perfektes Geschenk f\u00fcr Ihre Lieben oder f\u00fcr Sie selbst!<\/strong><br \/>\nWenn <strong>Sie auf der Suche nach einem eleganten, einzigartigen und dezent funkelnden Armband sind<\/strong>, das <strong>zu jedem Anlass passt<\/strong>, ist dieser Schmuck die perfekte Wahl.<\/p>\n<p>\ud83d\udcab <strong>Bestellen Sie jetzt und tragen Sie das Symbol f\u00fcr exklusive Eleganz!<\/strong> \u2728\ud83d\udc8e<\/p>\n","protected":false},"excerpt":{"rendered":"<p><strong>Silbernes Armband mit wei\u00dfen Steinen in Navette-Form &#8211; raffinierter Glamour und exklusive Eleganz!<\/strong> \u2728\ud83d\udc8e<br \/>\nDie einzigartige navettenf\u00f6rmige Verzierung und die funkelnden wei\u00dfen Steine machen dieses elegante Armband einzigartig und atemberaubend.<\/p>\n","protected":false},"featured_media":95536,"template":"","meta":[],"product_brand":[],"product_cat":[614],"product_tag":[527],"class_list":{"0":"post-112562","1":"product","2":"type-product","3":"status-publish","4":"has-post-thumbnail","6":"product_cat-silberne-armbander","7":"product_tag-damen","8":"description-off","10":"first","11":"instock","12":"sale","13":"taxable","14":"shipping-taxable","15":"purchasable","16":"product-type-simple"},"yoast_head":"<!-- This site is optimized with the Yoast SEO Premium plugin v26.8 (Yoast SEO v27.4) - https:\/\/yoast.com\/product\/yoast-seo-premium-wordpress\/ -->\n<title>Silbernes Armband mit kleinen wei\u00dfen Steinen und Navetten | Drescher Jewellery<\/title>\n<meta name=\"description\" content=\"Fedezd fel a leny\u0171g\u00f6z\u0151 Silbernes Armband mit kleinen wei\u00dfen Steinen und Navetten \u00e9kszer\u00fcnket. T\u00f6k\u00e9letes kieg\u00e9sz\u00edt\u0151 mindennapi viselethez \u00e9s k\u00fcl\u00f6nleges alkalmakra egyar\u00e1nt. Rendeld meg most!\" \/>\n<meta name=\"robots\" content=\"index, follow, max-snippet:-1, max-image-preview:large, max-video-preview:-1\" \/>\n<link rel=\"canonical\" href=\"https:\/\/drescherjewellery.com\/de\/termek\/silbernes-armband-mit-kleinen-weissen-steinen-und-navetten\/\" \/>\n<meta property=\"og:locale\" content=\"de_DE\" \/>\n<meta property=\"og:type\" content=\"article\" \/>\n<meta property=\"og:title\" content=\"Silbernes Armband mit kleinen wei\u00dfen Steinen und Navetten\" \/>\n<meta property=\"og:description\" content=\"Fedezd fel a leny\u0171g\u00f6z\u0151 Silbernes Armband mit kleinen wei\u00dfen Steinen und Navetten \u00e9kszer\u00fcnket. T\u00f6k\u00e9letes kieg\u00e9sz\u00edt\u0151 mindennapi viselethez \u00e9s k\u00fcl\u00f6nleges alkalmakra egyar\u00e1nt. Rendeld meg most!\" \/>\n<meta property=\"og:url\" content=\"https:\/\/drescherjewellery.com\/de\/termek\/silbernes-armband-mit-kleinen-weissen-steinen-und-navetten\/\" \/>\n<meta property=\"og:site_name\" content=\"Drescher Jewellery\" \/>\n<meta property=\"article:publisher\" content=\"https:\/\/www.facebook.com\/drescherjewellery\" \/>\n<meta property=\"og:image\" content=\"https:\/\/drescherjewellery.com\/wp-content\/uploads\/2022\/08\/1_871c7682-5fa6-491b-94fb-ec5f03876719_1024x1024-scaled.jpg\" \/>\n\t<meta property=\"og:image:width\" content=\"800\" \/>\n\t<meta property=\"og:image:height\" content=\"800\" \/>\n\t<meta property=\"og:image:type\" content=\"image\/jpeg\" \/>\n<meta name=\"twitter:card\" content=\"summary_large_image\" \/>\n<meta name=\"twitter:label1\" content=\"Gesch\u00e4tzte Lesezeit\" \/>\n\t<meta name=\"twitter:data1\" content=\"1\u00a0Minute\" \/>\n<script type=\"application\/ld+json\" class=\"yoast-schema-graph\">{\"@context\":\"https:\\\/\\\/schema.org\",\"@graph\":[{\"@type\":\"WebPage\",\"@id\":\"https:\\\/\\\/drescherjewellery.com\\\/de\\\/termek\\\/silbernes-armband-mit-kleinen-weissen-steinen-und-navetten\\\/\",\"url\":\"https:\\\/\\\/drescherjewellery.com\\\/de\\\/termek\\\/silbernes-armband-mit-kleinen-weissen-steinen-und-navetten\\\/\",\"name\":\"Silbernes Armband mit kleinen wei\u00dfen Steinen und Navetten | Drescher Jewellery\",\"isPartOf\":{\"@id\":\"https:\\\/\\\/drescherjewellery.com\\\/de\\\/#website\"},\"primaryImageOfPage\":{\"@id\":\"https:\\\/\\\/drescherjewellery.com\\\/de\\\/termek\\\/silbernes-armband-mit-kleinen-weissen-steinen-und-navetten\\\/#primaryimage\"},\"image\":{\"@id\":\"https:\\\/\\\/drescherjewellery.com\\\/de\\\/termek\\\/silbernes-armband-mit-kleinen-weissen-steinen-und-navetten\\\/#primaryimage\"},\"thumbnailUrl\":\"https:\\\/\\\/drescherjewellery.com\\\/wp-content\\\/uploads\\\/2022\\\/08\\\/1_871c7682-5fa6-491b-94fb-ec5f03876719_1024x1024-scaled.jpg\",\"datePublished\":\"2022-08-31T12:46:12+00:00\",\"description\":\"Fedezd fel a leny\u0171g\u00f6z\u0151 Silbernes Armband mit kleinen wei\u00dfen Steinen und Navetten \u00e9kszer\u00fcnket. T\u00f6k\u00e9letes kieg\u00e9sz\u00edt\u0151 mindennapi viselethez \u00e9s k\u00fcl\u00f6nleges alkalmakra egyar\u00e1nt. Rendeld meg most!\",\"breadcrumb\":{\"@id\":\"https:\\\/\\\/drescherjewellery.com\\\/de\\\/termek\\\/silbernes-armband-mit-kleinen-weissen-steinen-und-navetten\\\/#breadcrumb\"},\"inLanguage\":\"de\",\"potentialAction\":[{\"@type\":\"ReadAction\",\"target\":[\"https:\\\/\\\/drescherjewellery.com\\\/de\\\/termek\\\/silbernes-armband-mit-kleinen-weissen-steinen-und-navetten\\\/\"]}]},{\"@type\":\"ImageObject\",\"inLanguage\":\"de\",\"@id\":\"https:\\\/\\\/drescherjewellery.com\\\/de\\\/termek\\\/silbernes-armband-mit-kleinen-weissen-steinen-und-navetten\\\/#primaryimage\",\"url\":\"https:\\\/\\\/drescherjewellery.com\\\/wp-content\\\/uploads\\\/2022\\\/08\\\/1_871c7682-5fa6-491b-94fb-ec5f03876719_1024x1024-scaled.jpg\",\"contentUrl\":\"https:\\\/\\\/drescherjewellery.com\\\/wp-content\\\/uploads\\\/2022\\\/08\\\/1_871c7682-5fa6-491b-94fb-ec5f03876719_1024x1024-scaled.jpg\",\"width\":800,\"height\":800},{\"@type\":\"BreadcrumbList\",\"@id\":\"https:\\\/\\\/drescherjewellery.com\\\/de\\\/termek\\\/silbernes-armband-mit-kleinen-weissen-steinen-und-navetten\\\/#breadcrumb\",\"itemListElement\":[{\"@type\":\"ListItem\",\"position\":1,\"name\":\"Kezd\u0151lap\",\"item\":\"https:\\\/\\\/drescherjewellery.com\\\/de\\\/\"},{\"@type\":\"ListItem\",\"position\":2,\"name\":\"Shop\",\"item\":\"https:\\\/\\\/drescherjewellery.com\\\/de\\\/shop\\\/\"},{\"@type\":\"ListItem\",\"position\":3,\"name\":\"Silbernes Armband mit kleinen wei\u00dfen Steinen und Navetten\"}]},{\"@type\":\"WebSite\",\"@id\":\"https:\\\/\\\/drescherjewellery.com\\\/de\\\/#website\",\"url\":\"https:\\\/\\\/drescherjewellery.com\\\/de\\\/\",\"name\":\"Drescher Jewellery\",\"description\":\"Tedd t\u00f6k\u00e9letesebb\u00e9 mindennapjaid a Drescher Jewellery \u00e9kszereivel.\",\"publisher\":{\"@id\":\"https:\\\/\\\/drescherjewellery.com\\\/de\\\/#organization\"},\"alternateName\":\"Ez\u00fcst \u00c9kszer Web\u00e1ruh\u00e1z\",\"potentialAction\":[{\"@type\":\"SearchAction\",\"target\":{\"@type\":\"EntryPoint\",\"urlTemplate\":\"https:\\\/\\\/drescherjewellery.com\\\/de\\\/?s={search_term_string}\"},\"query-input\":{\"@type\":\"PropertyValueSpecification\",\"valueRequired\":true,\"valueName\":\"search_term_string\"}}],\"inLanguage\":\"de\"},{\"@type\":\"Organization\",\"@id\":\"https:\\\/\\\/drescherjewellery.com\\\/de\\\/#organization\",\"name\":\"Drescher Jewellery\",\"url\":\"https:\\\/\\\/drescherjewellery.com\\\/de\\\/\",\"logo\":{\"@type\":\"ImageObject\",\"inLanguage\":\"de\",\"@id\":\"https:\\\/\\\/drescherjewellery.com\\\/de\\\/#\\\/schema\\\/logo\\\/image\\\/\",\"url\":\"https:\\\/\\\/drescherjewellery.com\\\/wp-content\\\/uploads\\\/2026\\\/01\\\/Drescher-Jewellery-wpml.png\",\"contentUrl\":\"https:\\\/\\\/drescherjewellery.com\\\/wp-content\\\/uploads\\\/2026\\\/01\\\/Drescher-Jewellery-wpml.png\",\"width\":500,\"height\":500,\"caption\":\"Drescher Jewellery\"},\"image\":{\"@id\":\"https:\\\/\\\/drescherjewellery.com\\\/de\\\/#\\\/schema\\\/logo\\\/image\\\/\"},\"sameAs\":[\"https:\\\/\\\/www.facebook.com\\\/drescherjewellery\",\"https:\\\/\\\/www.instagram.com\\\/drescherjewellery\",\"https:\\\/\\\/www.tiktok.com\\\/@drescherjewellery\"]}]}<\/script>\n<!-- \/ Yoast SEO Premium plugin. -->","yoast_head_json":{"title":"Silbernes Armband mit kleinen wei\u00dfen Steinen und Navetten | Drescher Jewellery","description":"Fedezd fel a leny\u0171g\u00f6z\u0151 Silbernes Armband mit kleinen wei\u00dfen Steinen und Navetten \u00e9kszer\u00fcnket. T\u00f6k\u00e9letes kieg\u00e9sz\u00edt\u0151 mindennapi viselethez \u00e9s k\u00fcl\u00f6nleges alkalmakra egyar\u00e1nt. Rendeld meg most!","robots":{"index":"index","follow":"follow","max-snippet":"max-snippet:-1","max-image-preview":"max-image-preview:large","max-video-preview":"max-video-preview:-1"},"canonical":"https:\/\/drescherjewellery.com\/de\/termek\/silbernes-armband-mit-kleinen-weissen-steinen-und-navetten\/","og_locale":"de_DE","og_type":"article","og_title":"Silbernes Armband mit kleinen wei\u00dfen Steinen und Navetten","og_description":"Fedezd fel a leny\u0171g\u00f6z\u0151 Silbernes Armband mit kleinen wei\u00dfen Steinen und Navetten \u00e9kszer\u00fcnket. T\u00f6k\u00e9letes kieg\u00e9sz\u00edt\u0151 mindennapi viselethez \u00e9s k\u00fcl\u00f6nleges alkalmakra egyar\u00e1nt. Rendeld meg most!","og_url":"https:\/\/drescherjewellery.com\/de\/termek\/silbernes-armband-mit-kleinen-weissen-steinen-und-navetten\/","og_site_name":"Drescher Jewellery","article_publisher":"https:\/\/www.facebook.com\/drescherjewellery","og_image":[{"width":800,"height":800,"url":"https:\/\/drescherjewellery.com\/wp-content\/uploads\/2022\/08\/1_871c7682-5fa6-491b-94fb-ec5f03876719_1024x1024-scaled.jpg","type":"image\/jpeg"}],"twitter_card":"summary_large_image","twitter_misc":{"Gesch\u00e4tzte Lesezeit":"1\u00a0Minute"},"schema":{"@context":"https:\/\/schema.org","@graph":[{"@type":"WebPage","@id":"https:\/\/drescherjewellery.com\/de\/termek\/silbernes-armband-mit-kleinen-weissen-steinen-und-navetten\/","url":"https:\/\/drescherjewellery.com\/de\/termek\/silbernes-armband-mit-kleinen-weissen-steinen-und-navetten\/","name":"Silbernes Armband mit kleinen wei\u00dfen Steinen und Navetten | Drescher Jewellery","isPartOf":{"@id":"https:\/\/drescherjewellery.com\/de\/#website"},"primaryImageOfPage":{"@id":"https:\/\/drescherjewellery.com\/de\/termek\/silbernes-armband-mit-kleinen-weissen-steinen-und-navetten\/#primaryimage"},"image":{"@id":"https:\/\/drescherjewellery.com\/de\/termek\/silbernes-armband-mit-kleinen-weissen-steinen-und-navetten\/#primaryimage"},"thumbnailUrl":"https:\/\/drescherjewellery.com\/wp-content\/uploads\/2022\/08\/1_871c7682-5fa6-491b-94fb-ec5f03876719_1024x1024-scaled.jpg","datePublished":"2022-08-31T12:46:12+00:00","description":"Fedezd fel a leny\u0171g\u00f6z\u0151 Silbernes Armband mit kleinen wei\u00dfen Steinen und Navetten \u00e9kszer\u00fcnket. T\u00f6k\u00e9letes kieg\u00e9sz\u00edt\u0151 mindennapi viselethez \u00e9s k\u00fcl\u00f6nleges alkalmakra egyar\u00e1nt. Rendeld meg most!","breadcrumb":{"@id":"https:\/\/drescherjewellery.com\/de\/termek\/silbernes-armband-mit-kleinen-weissen-steinen-und-navetten\/#breadcrumb"},"inLanguage":"de","potentialAction":[{"@type":"ReadAction","target":["https:\/\/drescherjewellery.com\/de\/termek\/silbernes-armband-mit-kleinen-weissen-steinen-und-navetten\/"]}]},{"@type":"ImageObject","inLanguage":"de","@id":"https:\/\/drescherjewellery.com\/de\/termek\/silbernes-armband-mit-kleinen-weissen-steinen-und-navetten\/#primaryimage","url":"https:\/\/drescherjewellery.com\/wp-content\/uploads\/2022\/08\/1_871c7682-5fa6-491b-94fb-ec5f03876719_1024x1024-scaled.jpg","contentUrl":"https:\/\/drescherjewellery.com\/wp-content\/uploads\/2022\/08\/1_871c7682-5fa6-491b-94fb-ec5f03876719_1024x1024-scaled.jpg","width":800,"height":800},{"@type":"BreadcrumbList","@id":"https:\/\/drescherjewellery.com\/de\/termek\/silbernes-armband-mit-kleinen-weissen-steinen-und-navetten\/#breadcrumb","itemListElement":[{"@type":"ListItem","position":1,"name":"Kezd\u0151lap","item":"https:\/\/drescherjewellery.com\/de\/"},{"@type":"ListItem","position":2,"name":"Shop","item":"https:\/\/drescherjewellery.com\/de\/shop\/"},{"@type":"ListItem","position":3,"name":"Silbernes Armband mit kleinen wei\u00dfen Steinen und Navetten"}]},{"@type":"WebSite","@id":"https:\/\/drescherjewellery.com\/de\/#website","url":"https:\/\/drescherjewellery.com\/de\/","name":"Drescher Jewellery","description":"Tedd t\u00f6k\u00e9letesebb\u00e9 mindennapjaid a Drescher Jewellery \u00e9kszereivel.","publisher":{"@id":"https:\/\/drescherjewellery.com\/de\/#organization"},"alternateName":"Ez\u00fcst \u00c9kszer Web\u00e1ruh\u00e1z","potentialAction":[{"@type":"SearchAction","target":{"@type":"EntryPoint","urlTemplate":"https:\/\/drescherjewellery.com\/de\/?s={search_term_string}"},"query-input":{"@type":"PropertyValueSpecification","valueRequired":true,"valueName":"search_term_string"}}],"inLanguage":"de"},{"@type":"Organization","@id":"https:\/\/drescherjewellery.com\/de\/#organization","name":"Drescher Jewellery","url":"https:\/\/drescherjewellery.com\/de\/","logo":{"@type":"ImageObject","inLanguage":"de","@id":"https:\/\/drescherjewellery.com\/de\/#\/schema\/logo\/image\/","url":"https:\/\/drescherjewellery.com\/wp-content\/uploads\/2026\/01\/Drescher-Jewellery-wpml.png","contentUrl":"https:\/\/drescherjewellery.com\/wp-content\/uploads\/2026\/01\/Drescher-Jewellery-wpml.png","width":500,"height":500,"caption":"Drescher Jewellery"},"image":{"@id":"https:\/\/drescherjewellery.com\/de\/#\/schema\/logo\/image\/"},"sameAs":["https:\/\/www.facebook.com\/drescherjewellery","https:\/\/www.instagram.com\/drescherjewellery","https:\/\/www.tiktok.com\/@drescherjewellery"]}]}},"_links":{"self":[{"href":"https:\/\/drescherjewellery.com\/de\/wp-json\/wp\/v2\/product\/112562","targetHints":{"allow":["GET"]}}],"collection":[{"href":"https:\/\/drescherjewellery.com\/de\/wp-json\/wp\/v2\/product"}],"about":[{"href":"https:\/\/drescherjewellery.com\/de\/wp-json\/wp\/v2\/types\/product"}],"version-history":[{"count":0,"href":"https:\/\/drescherjewellery.com\/de\/wp-json\/wp\/v2\/product\/112562\/revisions"}],"wp:featuredmedia":[{"embeddable":true,"href":"https:\/\/drescherjewellery.com\/de\/wp-json\/wp\/v2\/media\/95536"}],"wp:attachment":[{"href":"https:\/\/drescherjewellery.com\/de\/wp-json\/wp\/v2\/media?parent=112562"}],"wp:term":[{"taxonomy":"product_brand","embeddable":true,"href":"https:\/\/drescherjewellery.com\/de\/wp-json\/wp\/v2\/product_brand?post=112562"},{"taxonomy":"product_cat","embeddable":true,"href":"https:\/\/drescherjewellery.com\/de\/wp-json\/wp\/v2\/product_cat?post=112562"},{"taxonomy":"product_tag","embeddable":true,"href":"https:\/\/drescherjewellery.com\/de\/wp-json\/wp\/v2\/product_tag?post=112562"}],"curies":[{"name":"wp","href":"https:\/\/api.w.org\/{rel}","templated":true}]}}