{"id":112590,"date":"2022-10-14T08:10:31","date_gmt":"2022-10-14T06:10:31","guid":{"rendered":"https:\/\/dianasilver.hu\/termek\/weisser-stein-konturierter-kreuz-anhaenger\/"},"modified":"2026-04-01T17:19:23","modified_gmt":"2026-04-01T15:19:23","slug":"weisser-stein-konturierter-kreuz-anhaenger","status":"publish","type":"product","link":"https:\/\/drescherjewellery.com\/de\/termek\/weisser-stein-konturierter-kreuz-anhaenger\/","title":{"rendered":"Wei\u00dfer Stein konturierter Kreuz-Anh\u00e4nger"},"content":{"rendered":"<h2><strong>Kreuzanh\u00e4nger aus wei\u00dfem Stein &#8211; ein Symbol f\u00fcr spirituelle Kraft und Sch\u00f6nheit<\/strong><\/h2>\n<p>Dieser <strong>Kreuzanh\u00e4nger aus 925er Sterlingsilber<\/strong> vereint schlichte Eleganz und tiefe Symbolik des Glaubens. Das fein gearbeitete <g id=\"gid_1\">, konturierte Design<\/g> und die <g id=\"gid_2\">brillanten wei\u00dfen Steine<\/g> verleihen dem Schmuckst\u00fcck einen besonderen Glanz, der bei jeder Bewegung lebendig wird. Die <strong>Rhodinierung<\/strong> sch\u00fctzt das Silber vor Verf\u00e4rbung und bewahrt seinen Glanz \u00fcber die Zeit.  <\/p>\n<p>\u271d\ufe0f <strong>Die Bedeutung des Kreuzes<\/strong><br \/>\nDas Kreuz ist ein Symbol des <strong>Glaubens, des Schutzes und der inneren St\u00e4rke.<\/strong> Es ist ein Schmuckst\u00fcck, das nicht nur ein elegantes Accessoire ist, sondern auch eine tiefe Bedeutung hat. Damit ist es die perfekte Wahl f\u00fcr alle, die Werte und geistige Harmonie sch\u00e4tzen. <\/p>\n<p>\u2728 <strong>Warum sollten Sie diesen Anh\u00e4nger w\u00e4hlen?<\/strong><\/p>\n<ul>\n<li><strong>Hochwertige Qualit\u00e4t:<\/strong> das <strong>AG 925<\/strong> ist <strong>Silber<\/strong> <strong>mit Rhodiumbeschichtung<\/strong> f\u00fcr Langlebigkeit.<\/li>\n<li><strong>Gl\u00e4nzende wei\u00dfe Steine:<\/strong> fein geschliffene Details mit einem eleganten Lichteffekt.<\/li>\n<li><strong>Anspruchsvolles Design:<\/strong> modern und doch zeitlos.<\/li>\n<li><strong>Symbol und Sch\u00f6nheit in einem:<\/strong> die Bedeutung des Kreuzes und der Schimmer des Silbers sind in perfekter Harmonie.<\/li>\n<\/ul>\n<p>\ud83c\udf81 <strong>Auch eine tolle Wahl als Geschenk!<\/strong><br \/>\nEin elegantes, zeitloses Schmuckst\u00fcck, das eine besondere \u00dcberraschung f\u00fcr Ihre Lieben sein kann.<\/p>\n<p>\ud83d\udcab <strong>Bestellen Sie jetzt und tragen Sie das Symbol des Glaubens und der Eleganz!<\/strong> \u271d\ufe0f\u2728<\/p>\n","protected":false},"excerpt":{"rendered":"<p><strong>Kreuzanh\u00e4nger mit wei\u00dfen Steinen &#8211; die Harmonie von Glaube und Eleganz!<\/strong> \u271d\ufe0f\u2728<br \/>\nEin raffinierter Kreuzanh\u00e4nger aus Silber, verziert mit funkelnden wei\u00dfen Steinen, perfekt f\u00fcr das t\u00e4gliche Tragen oder als Geschenk.<\/p>\n","protected":false},"featured_media":96584,"template":"","meta":[],"product_brand":[],"product_cat":[616,617],"product_tag":[527,576],"class_list":{"0":"post-112590","1":"product","2":"type-product","3":"status-publish","4":"has-post-thumbnail","6":"product_cat-silberne-anhanger","7":"product_cat-silberne-kreuzanhanger","8":"product_tag-damen","9":"product_tag-spirituell","10":"description-off","12":"first","13":"instock","14":"taxable","15":"shipping-taxable","16":"purchasable","17":"product-type-simple"},"yoast_head":"<!-- This site is optimized with the Yoast SEO Premium plugin v26.8 (Yoast SEO v27.4) - https:\/\/yoast.com\/product\/yoast-seo-premium-wordpress\/ -->\n<title>Wei\u00dfer Stein konturierter Kreuz-Anh\u00e4nger | Drescher Jewellery<\/title>\n<meta name=\"description\" content=\"Fedezd fel a leny\u0171g\u00f6z\u0151 Wei\u00dfer Stein konturierter Kreuz-Anh\u00e4nger \u00e9kszer\u00fcnket. T\u00f6k\u00e9letes kieg\u00e9sz\u00edt\u0151 mindennapi viselethez \u00e9s k\u00fcl\u00f6nleges alkalmakra egyar\u00e1nt. Rendeld meg most!\" \/>\n<meta name=\"robots\" content=\"index, follow, max-snippet:-1, max-image-preview:large, max-video-preview:-1\" \/>\n<link rel=\"canonical\" href=\"https:\/\/drescherjewellery.com\/de\/termek\/weisser-stein-konturierter-kreuz-anhaenger\/\" \/>\n<meta property=\"og:locale\" content=\"de_DE\" \/>\n<meta property=\"og:type\" content=\"article\" \/>\n<meta property=\"og:title\" content=\"Wei\u00dfer Stein konturierter Kreuz-Anh\u00e4nger\" \/>\n<meta property=\"og:description\" content=\"Fedezd fel a leny\u0171g\u00f6z\u0151 Wei\u00dfer Stein konturierter Kreuz-Anh\u00e4nger \u00e9kszer\u00fcnket. T\u00f6k\u00e9letes kieg\u00e9sz\u00edt\u0151 mindennapi viselethez \u00e9s k\u00fcl\u00f6nleges alkalmakra egyar\u00e1nt. Rendeld meg most!\" \/>\n<meta property=\"og:url\" content=\"https:\/\/drescherjewellery.com\/de\/termek\/weisser-stein-konturierter-kreuz-anhaenger\/\" \/>\n<meta property=\"og:site_name\" content=\"Drescher Jewellery\" \/>\n<meta property=\"article:publisher\" content=\"https:\/\/www.facebook.com\/drescherjewellery\" \/>\n<meta property=\"article:modified_time\" content=\"2026-04-01T15:19:23+00:00\" \/>\n<meta property=\"og:image\" content=\"https:\/\/drescherjewellery.com\/wp-content\/uploads\/2022\/10\/feher-koves-konturos-kereszt-medal-2382.jpg\" \/>\n\t<meta property=\"og:image:width\" content=\"800\" \/>\n\t<meta property=\"og:image:height\" content=\"800\" \/>\n\t<meta property=\"og:image:type\" content=\"image\/jpeg\" \/>\n<meta name=\"twitter:card\" content=\"summary_large_image\" \/>\n<meta name=\"twitter:label1\" content=\"Gesch\u00e4tzte Lesezeit\" \/>\n\t<meta name=\"twitter:data1\" content=\"1\u00a0Minute\" \/>\n<script type=\"application\/ld+json\" class=\"yoast-schema-graph\">{\"@context\":\"https:\\\/\\\/schema.org\",\"@graph\":[{\"@type\":\"WebPage\",\"@id\":\"https:\\\/\\\/drescherjewellery.com\\\/de\\\/termek\\\/weisser-stein-konturierter-kreuz-anhaenger\\\/\",\"url\":\"https:\\\/\\\/drescherjewellery.com\\\/de\\\/termek\\\/weisser-stein-konturierter-kreuz-anhaenger\\\/\",\"name\":\"Wei\u00dfer Stein konturierter Kreuz-Anh\u00e4nger | Drescher Jewellery\",\"isPartOf\":{\"@id\":\"https:\\\/\\\/drescherjewellery.com\\\/de\\\/#website\"},\"primaryImageOfPage\":{\"@id\":\"https:\\\/\\\/drescherjewellery.com\\\/de\\\/termek\\\/weisser-stein-konturierter-kreuz-anhaenger\\\/#primaryimage\"},\"image\":{\"@id\":\"https:\\\/\\\/drescherjewellery.com\\\/de\\\/termek\\\/weisser-stein-konturierter-kreuz-anhaenger\\\/#primaryimage\"},\"thumbnailUrl\":\"https:\\\/\\\/drescherjewellery.com\\\/wp-content\\\/uploads\\\/2022\\\/10\\\/feher-koves-konturos-kereszt-medal-2382.jpg\",\"datePublished\":\"2022-10-14T06:10:31+00:00\",\"dateModified\":\"2026-04-01T15:19:23+00:00\",\"description\":\"Fedezd fel a leny\u0171g\u00f6z\u0151 Wei\u00dfer Stein konturierter Kreuz-Anh\u00e4nger \u00e9kszer\u00fcnket. T\u00f6k\u00e9letes kieg\u00e9sz\u00edt\u0151 mindennapi viselethez \u00e9s k\u00fcl\u00f6nleges alkalmakra egyar\u00e1nt. Rendeld meg most!\",\"breadcrumb\":{\"@id\":\"https:\\\/\\\/drescherjewellery.com\\\/de\\\/termek\\\/weisser-stein-konturierter-kreuz-anhaenger\\\/#breadcrumb\"},\"inLanguage\":\"de\",\"potentialAction\":[{\"@type\":\"ReadAction\",\"target\":[\"https:\\\/\\\/drescherjewellery.com\\\/de\\\/termek\\\/weisser-stein-konturierter-kreuz-anhaenger\\\/\"]}]},{\"@type\":\"ImageObject\",\"inLanguage\":\"de\",\"@id\":\"https:\\\/\\\/drescherjewellery.com\\\/de\\\/termek\\\/weisser-stein-konturierter-kreuz-anhaenger\\\/#primaryimage\",\"url\":\"https:\\\/\\\/drescherjewellery.com\\\/wp-content\\\/uploads\\\/2022\\\/10\\\/feher-koves-konturos-kereszt-medal-2382.jpg\",\"contentUrl\":\"https:\\\/\\\/drescherjewellery.com\\\/wp-content\\\/uploads\\\/2022\\\/10\\\/feher-koves-konturos-kereszt-medal-2382.jpg\",\"width\":800,\"height\":800},{\"@type\":\"BreadcrumbList\",\"@id\":\"https:\\\/\\\/drescherjewellery.com\\\/de\\\/termek\\\/weisser-stein-konturierter-kreuz-anhaenger\\\/#breadcrumb\",\"itemListElement\":[{\"@type\":\"ListItem\",\"position\":1,\"name\":\"Kezd\u0151lap\",\"item\":\"https:\\\/\\\/drescherjewellery.com\\\/de\\\/\"},{\"@type\":\"ListItem\",\"position\":2,\"name\":\"Shop\",\"item\":\"https:\\\/\\\/drescherjewellery.com\\\/de\\\/shop\\\/\"},{\"@type\":\"ListItem\",\"position\":3,\"name\":\"Wei\u00dfer Stein konturierter Kreuz-Anh\u00e4nger\"}]},{\"@type\":\"WebSite\",\"@id\":\"https:\\\/\\\/drescherjewellery.com\\\/de\\\/#website\",\"url\":\"https:\\\/\\\/drescherjewellery.com\\\/de\\\/\",\"name\":\"Drescher Jewellery\",\"description\":\"Tedd t\u00f6k\u00e9letesebb\u00e9 mindennapjaid a Drescher Jewellery \u00e9kszereivel.\",\"publisher\":{\"@id\":\"https:\\\/\\\/drescherjewellery.com\\\/de\\\/#organization\"},\"alternateName\":\"Ez\u00fcst \u00c9kszer Web\u00e1ruh\u00e1z\",\"potentialAction\":[{\"@type\":\"SearchAction\",\"target\":{\"@type\":\"EntryPoint\",\"urlTemplate\":\"https:\\\/\\\/drescherjewellery.com\\\/de\\\/?s={search_term_string}\"},\"query-input\":{\"@type\":\"PropertyValueSpecification\",\"valueRequired\":true,\"valueName\":\"search_term_string\"}}],\"inLanguage\":\"de\"},{\"@type\":\"Organization\",\"@id\":\"https:\\\/\\\/drescherjewellery.com\\\/de\\\/#organization\",\"name\":\"Drescher Jewellery\",\"url\":\"https:\\\/\\\/drescherjewellery.com\\\/de\\\/\",\"logo\":{\"@type\":\"ImageObject\",\"inLanguage\":\"de\",\"@id\":\"https:\\\/\\\/drescherjewellery.com\\\/de\\\/#\\\/schema\\\/logo\\\/image\\\/\",\"url\":\"https:\\\/\\\/drescherjewellery.com\\\/wp-content\\\/uploads\\\/2026\\\/01\\\/Drescher-Jewellery-wpml.png\",\"contentUrl\":\"https:\\\/\\\/drescherjewellery.com\\\/wp-content\\\/uploads\\\/2026\\\/01\\\/Drescher-Jewellery-wpml.png\",\"width\":500,\"height\":500,\"caption\":\"Drescher Jewellery\"},\"image\":{\"@id\":\"https:\\\/\\\/drescherjewellery.com\\\/de\\\/#\\\/schema\\\/logo\\\/image\\\/\"},\"sameAs\":[\"https:\\\/\\\/www.facebook.com\\\/drescherjewellery\",\"https:\\\/\\\/www.instagram.com\\\/drescherjewellery\",\"https:\\\/\\\/www.tiktok.com\\\/@drescherjewellery\"]}]}<\/script>\n<!-- \/ Yoast SEO Premium plugin. -->","yoast_head_json":{"title":"Wei\u00dfer Stein konturierter Kreuz-Anh\u00e4nger | Drescher Jewellery","description":"Fedezd fel a leny\u0171g\u00f6z\u0151 Wei\u00dfer Stein konturierter Kreuz-Anh\u00e4nger \u00e9kszer\u00fcnket. T\u00f6k\u00e9letes kieg\u00e9sz\u00edt\u0151 mindennapi viselethez \u00e9s k\u00fcl\u00f6nleges alkalmakra egyar\u00e1nt. Rendeld meg most!","robots":{"index":"index","follow":"follow","max-snippet":"max-snippet:-1","max-image-preview":"max-image-preview:large","max-video-preview":"max-video-preview:-1"},"canonical":"https:\/\/drescherjewellery.com\/de\/termek\/weisser-stein-konturierter-kreuz-anhaenger\/","og_locale":"de_DE","og_type":"article","og_title":"Wei\u00dfer Stein konturierter Kreuz-Anh\u00e4nger","og_description":"Fedezd fel a leny\u0171g\u00f6z\u0151 Wei\u00dfer Stein konturierter Kreuz-Anh\u00e4nger \u00e9kszer\u00fcnket. T\u00f6k\u00e9letes kieg\u00e9sz\u00edt\u0151 mindennapi viselethez \u00e9s k\u00fcl\u00f6nleges alkalmakra egyar\u00e1nt. Rendeld meg most!","og_url":"https:\/\/drescherjewellery.com\/de\/termek\/weisser-stein-konturierter-kreuz-anhaenger\/","og_site_name":"Drescher Jewellery","article_publisher":"https:\/\/www.facebook.com\/drescherjewellery","article_modified_time":"2026-04-01T15:19:23+00:00","og_image":[{"width":800,"height":800,"url":"https:\/\/drescherjewellery.com\/wp-content\/uploads\/2022\/10\/feher-koves-konturos-kereszt-medal-2382.jpg","type":"image\/jpeg"}],"twitter_card":"summary_large_image","twitter_misc":{"Gesch\u00e4tzte Lesezeit":"1\u00a0Minute"},"schema":{"@context":"https:\/\/schema.org","@graph":[{"@type":"WebPage","@id":"https:\/\/drescherjewellery.com\/de\/termek\/weisser-stein-konturierter-kreuz-anhaenger\/","url":"https:\/\/drescherjewellery.com\/de\/termek\/weisser-stein-konturierter-kreuz-anhaenger\/","name":"Wei\u00dfer Stein konturierter Kreuz-Anh\u00e4nger | Drescher Jewellery","isPartOf":{"@id":"https:\/\/drescherjewellery.com\/de\/#website"},"primaryImageOfPage":{"@id":"https:\/\/drescherjewellery.com\/de\/termek\/weisser-stein-konturierter-kreuz-anhaenger\/#primaryimage"},"image":{"@id":"https:\/\/drescherjewellery.com\/de\/termek\/weisser-stein-konturierter-kreuz-anhaenger\/#primaryimage"},"thumbnailUrl":"https:\/\/drescherjewellery.com\/wp-content\/uploads\/2022\/10\/feher-koves-konturos-kereszt-medal-2382.jpg","datePublished":"2022-10-14T06:10:31+00:00","dateModified":"2026-04-01T15:19:23+00:00","description":"Fedezd fel a leny\u0171g\u00f6z\u0151 Wei\u00dfer Stein konturierter Kreuz-Anh\u00e4nger \u00e9kszer\u00fcnket. T\u00f6k\u00e9letes kieg\u00e9sz\u00edt\u0151 mindennapi viselethez \u00e9s k\u00fcl\u00f6nleges alkalmakra egyar\u00e1nt. Rendeld meg most!","breadcrumb":{"@id":"https:\/\/drescherjewellery.com\/de\/termek\/weisser-stein-konturierter-kreuz-anhaenger\/#breadcrumb"},"inLanguage":"de","potentialAction":[{"@type":"ReadAction","target":["https:\/\/drescherjewellery.com\/de\/termek\/weisser-stein-konturierter-kreuz-anhaenger\/"]}]},{"@type":"ImageObject","inLanguage":"de","@id":"https:\/\/drescherjewellery.com\/de\/termek\/weisser-stein-konturierter-kreuz-anhaenger\/#primaryimage","url":"https:\/\/drescherjewellery.com\/wp-content\/uploads\/2022\/10\/feher-koves-konturos-kereszt-medal-2382.jpg","contentUrl":"https:\/\/drescherjewellery.com\/wp-content\/uploads\/2022\/10\/feher-koves-konturos-kereszt-medal-2382.jpg","width":800,"height":800},{"@type":"BreadcrumbList","@id":"https:\/\/drescherjewellery.com\/de\/termek\/weisser-stein-konturierter-kreuz-anhaenger\/#breadcrumb","itemListElement":[{"@type":"ListItem","position":1,"name":"Kezd\u0151lap","item":"https:\/\/drescherjewellery.com\/de\/"},{"@type":"ListItem","position":2,"name":"Shop","item":"https:\/\/drescherjewellery.com\/de\/shop\/"},{"@type":"ListItem","position":3,"name":"Wei\u00dfer Stein konturierter Kreuz-Anh\u00e4nger"}]},{"@type":"WebSite","@id":"https:\/\/drescherjewellery.com\/de\/#website","url":"https:\/\/drescherjewellery.com\/de\/","name":"Drescher Jewellery","description":"Tedd t\u00f6k\u00e9letesebb\u00e9 mindennapjaid a Drescher Jewellery \u00e9kszereivel.","publisher":{"@id":"https:\/\/drescherjewellery.com\/de\/#organization"},"alternateName":"Ez\u00fcst \u00c9kszer Web\u00e1ruh\u00e1z","potentialAction":[{"@type":"SearchAction","target":{"@type":"EntryPoint","urlTemplate":"https:\/\/drescherjewellery.com\/de\/?s={search_term_string}"},"query-input":{"@type":"PropertyValueSpecification","valueRequired":true,"valueName":"search_term_string"}}],"inLanguage":"de"},{"@type":"Organization","@id":"https:\/\/drescherjewellery.com\/de\/#organization","name":"Drescher Jewellery","url":"https:\/\/drescherjewellery.com\/de\/","logo":{"@type":"ImageObject","inLanguage":"de","@id":"https:\/\/drescherjewellery.com\/de\/#\/schema\/logo\/image\/","url":"https:\/\/drescherjewellery.com\/wp-content\/uploads\/2026\/01\/Drescher-Jewellery-wpml.png","contentUrl":"https:\/\/drescherjewellery.com\/wp-content\/uploads\/2026\/01\/Drescher-Jewellery-wpml.png","width":500,"height":500,"caption":"Drescher Jewellery"},"image":{"@id":"https:\/\/drescherjewellery.com\/de\/#\/schema\/logo\/image\/"},"sameAs":["https:\/\/www.facebook.com\/drescherjewellery","https:\/\/www.instagram.com\/drescherjewellery","https:\/\/www.tiktok.com\/@drescherjewellery"]}]}},"_links":{"self":[{"href":"https:\/\/drescherjewellery.com\/de\/wp-json\/wp\/v2\/product\/112590","targetHints":{"allow":["GET"]}}],"collection":[{"href":"https:\/\/drescherjewellery.com\/de\/wp-json\/wp\/v2\/product"}],"about":[{"href":"https:\/\/drescherjewellery.com\/de\/wp-json\/wp\/v2\/types\/product"}],"version-history":[{"count":0,"href":"https:\/\/drescherjewellery.com\/de\/wp-json\/wp\/v2\/product\/112590\/revisions"}],"wp:featuredmedia":[{"embeddable":true,"href":"https:\/\/drescherjewellery.com\/de\/wp-json\/wp\/v2\/media\/96584"}],"wp:attachment":[{"href":"https:\/\/drescherjewellery.com\/de\/wp-json\/wp\/v2\/media?parent=112590"}],"wp:term":[{"taxonomy":"product_brand","embeddable":true,"href":"https:\/\/drescherjewellery.com\/de\/wp-json\/wp\/v2\/product_brand?post=112590"},{"taxonomy":"product_cat","embeddable":true,"href":"https:\/\/drescherjewellery.com\/de\/wp-json\/wp\/v2\/product_cat?post=112590"},{"taxonomy":"product_tag","embeddable":true,"href":"https:\/\/drescherjewellery.com\/de\/wp-json\/wp\/v2\/product_tag?post=112590"}],"curies":[{"name":"wp","href":"https:\/\/api.w.org\/{rel}","templated":true}]}}