{"id":112642,"date":"2022-10-17T08:17:20","date_gmt":"2022-10-17T06:17:20","guid":{"rendered":"https:\/\/dianasilver.hu\/termek\/silberne-french-lock-ohrringe-mit-weissem-stein-fuer-frauen\/"},"modified":"2026-04-01T17:19:38","modified_gmt":"2026-04-01T15:19:38","slug":"silberne-french-lock-ohrringe-mit-weissem-stein-fuer-frauen","status":"publish","type":"product","link":"https:\/\/drescherjewellery.com\/de\/termek\/silberne-french-lock-ohrringe-mit-weissem-stein-fuer-frauen\/","title":{"rendered":"Silberne French Lock Ohrringe mit wei\u00dfem Stein f\u00fcr Frauen"},"content":{"rendered":"<h2 data-pm-slice=\"1 1 []\"><strong>Silberne French Lock Ohrringe f\u00fcr Damen mit wei\u00dfem Stein &#8211; zeitlose Sch\u00f6nheit und raffiniertes Funkeln!<\/strong><\/h2>\n<p data-pm-slice=\"1 1 []\">\nEin Ohrring, der subtile Eleganz ausstrahlt und perfekt f\u00fcr jede Gelegenheit ist. Das <g id=\"gid_0\">French-Lock-Design<\/g> sorgt f\u00fcr einen bequemen und sicheren Halt, w\u00e4hrend der <g id=\"gid_1\">funkelnde wei\u00dfe Stein<\/g> die Sch\u00f6nheit Ihres Gesichts unterstreicht. Die <strong>silberne Fassung<\/strong> sorgt f\u00fcr einen modernen und klaren Look, der Ihr Outfit unaufdringlich und doch auff\u00e4llig erg\u00e4nzt.  <\/p>\n<p>\u2728 <strong>Warum sollten Sie diesen Ohrring w\u00e4hlen?<\/strong><\/p>\n<ul data-spread=\"false\">\n<li><strong>Premium-Qualit\u00e4t:<\/strong> Der <strong>Silberglanz des AG 925<\/strong> wird durch eine <strong>Rhodium-Beschichtung<\/strong> vor Abnutzung und Verf\u00e4rbung gesch\u00fctzt.<\/li>\n<li><strong>Elegantes und zeitloses Design:<\/strong> eine klassische Form, die zu jeder Gelegenheit passt.<\/li>\n<li><strong>Schimmernder wei\u00dfer Stein:<\/strong> reflektiert sanft das Licht und verleiht ihm einen besonderen Glanz.<\/li>\n<li><strong>Franz\u00f6sisches Schloss-Design:<\/strong> <strong>Stabil und bequem zu tragen, bleibt sicher an seinem Platz.<\/strong><\/li>\n<li><strong>Vielseitiges Accessoire:<\/strong> perfekt f\u00fcr den Alltag und elegante Anl\u00e4sse.<\/li>\n<\/ul>\n<p>\ud83c\udf81 <strong>Ideal auch als Geschenk!<\/strong><br \/>\n\u00dcberraschen Sie Ihre Liebsten mit diesen raffinierten und eleganten Ohrringen oder entscheiden Sie sich f\u00fcr ein klassisches und doch glamour\u00f6ses Schmuckst\u00fcck f\u00fcr sich selbst.<\/p>\n<p><strong>Bestellen Sie es jetzt und lassen Sie den wei\u00dfen Stein in Ihrem Look funkeln und gl\u00e4nzen!<\/strong>  \u2728\ud83d\udc8e<\/p>\n","protected":false},"excerpt":{"rendered":"<p data-pm-slice=\"1 1 []\"><strong>Silberne French-Lock-Ohrringe mit wei\u00dfem Stein f\u00fcr Damen &#8211; raffiniertes Funkeln und sicherer Halt!<\/strong> \u2728<br \/>\nDie perfekte Mischung aus klassischer Eleganz und modernem Design, passend zu jedem Anlass. \ud83d\udc8e<\/p>\n","protected":false},"featured_media":98060,"template":"","meta":[],"product_brand":[],"product_cat":[573],"product_tag":[527],"class_list":{"0":"post-112642","1":"product","2":"type-product","3":"status-publish","4":"has-post-thumbnail","6":"product_cat-silberne-ohrringe","7":"product_tag-damen","8":"description-off","10":"first","11":"instock","12":"taxable","13":"shipping-taxable","14":"purchasable","15":"product-type-simple"},"yoast_head":"<!-- This site is optimized with the Yoast SEO Premium plugin v26.8 (Yoast SEO v27.4) - https:\/\/yoast.com\/product\/yoast-seo-premium-wordpress\/ -->\n<title>Silberne French Lock Ohrringe mit wei\u00dfem Stein f\u00fcr Frauen | Drescher Jewellery<\/title>\n<meta name=\"description\" content=\"Fedezd fel a leny\u0171g\u00f6z\u0151 Silberne French Lock Ohrringe mit wei\u00dfem Stein f\u00fcr Frauen \u00e9kszer\u00fcnket. T\u00f6k\u00e9letes kieg\u00e9sz\u00edt\u0151 mindennapi viselethez \u00e9s k\u00fcl\u00f6nleges alkalmakra egyar\u00e1nt. Rendeld meg most!\" \/>\n<meta name=\"robots\" content=\"index, follow, max-snippet:-1, max-image-preview:large, max-video-preview:-1\" \/>\n<link rel=\"canonical\" href=\"https:\/\/drescherjewellery.com\/de\/termek\/silberne-french-lock-ohrringe-mit-weissem-stein-fuer-frauen\/\" \/>\n<meta property=\"og:locale\" content=\"de_DE\" \/>\n<meta property=\"og:type\" content=\"article\" \/>\n<meta property=\"og:title\" content=\"Silberne French Lock Ohrringe mit wei\u00dfem Stein f\u00fcr Frauen\" \/>\n<meta property=\"og:description\" content=\"Fedezd fel a leny\u0171g\u00f6z\u0151 Silberne French Lock Ohrringe mit wei\u00dfem Stein f\u00fcr Frauen \u00e9kszer\u00fcnket. T\u00f6k\u00e9letes kieg\u00e9sz\u00edt\u0151 mindennapi viselethez \u00e9s k\u00fcl\u00f6nleges alkalmakra egyar\u00e1nt. Rendeld meg most!\" \/>\n<meta property=\"og:url\" content=\"https:\/\/drescherjewellery.com\/de\/termek\/silberne-french-lock-ohrringe-mit-weissem-stein-fuer-frauen\/\" \/>\n<meta property=\"og:site_name\" content=\"Drescher Jewellery\" \/>\n<meta property=\"article:publisher\" content=\"https:\/\/www.facebook.com\/drescherjewellery\" \/>\n<meta property=\"article:modified_time\" content=\"2026-04-01T15:19:38+00:00\" \/>\n<meta property=\"og:image\" content=\"https:\/\/drescherjewellery.com\/wp-content\/uploads\/2022\/10\/ezust-feher-koves-franciazaras-noi-fulbevalo-3420.jpg\" \/>\n\t<meta property=\"og:image:width\" content=\"300\" \/>\n\t<meta property=\"og:image:height\" content=\"300\" \/>\n\t<meta property=\"og:image:type\" content=\"image\/jpeg\" \/>\n<meta name=\"twitter:card\" content=\"summary_large_image\" \/>\n<meta name=\"twitter:label1\" content=\"Gesch\u00e4tzte Lesezeit\" \/>\n\t<meta name=\"twitter:data1\" content=\"1\u00a0Minute\" \/>\n<script type=\"application\/ld+json\" class=\"yoast-schema-graph\">{\"@context\":\"https:\\\/\\\/schema.org\",\"@graph\":[{\"@type\":\"WebPage\",\"@id\":\"https:\\\/\\\/drescherjewellery.com\\\/de\\\/termek\\\/silberne-french-lock-ohrringe-mit-weissem-stein-fuer-frauen\\\/\",\"url\":\"https:\\\/\\\/drescherjewellery.com\\\/de\\\/termek\\\/silberne-french-lock-ohrringe-mit-weissem-stein-fuer-frauen\\\/\",\"name\":\"Silberne French Lock Ohrringe mit wei\u00dfem Stein f\u00fcr Frauen | Drescher Jewellery\",\"isPartOf\":{\"@id\":\"https:\\\/\\\/drescherjewellery.com\\\/de\\\/#website\"},\"primaryImageOfPage\":{\"@id\":\"https:\\\/\\\/drescherjewellery.com\\\/de\\\/termek\\\/silberne-french-lock-ohrringe-mit-weissem-stein-fuer-frauen\\\/#primaryimage\"},\"image\":{\"@id\":\"https:\\\/\\\/drescherjewellery.com\\\/de\\\/termek\\\/silberne-french-lock-ohrringe-mit-weissem-stein-fuer-frauen\\\/#primaryimage\"},\"thumbnailUrl\":\"https:\\\/\\\/drescherjewellery.com\\\/wp-content\\\/uploads\\\/2022\\\/10\\\/ezust-feher-koves-franciazaras-noi-fulbevalo-3420.jpg\",\"datePublished\":\"2022-10-17T06:17:20+00:00\",\"dateModified\":\"2026-04-01T15:19:38+00:00\",\"description\":\"Fedezd fel a leny\u0171g\u00f6z\u0151 Silberne French Lock Ohrringe mit wei\u00dfem Stein f\u00fcr Frauen \u00e9kszer\u00fcnket. T\u00f6k\u00e9letes kieg\u00e9sz\u00edt\u0151 mindennapi viselethez \u00e9s k\u00fcl\u00f6nleges alkalmakra egyar\u00e1nt. Rendeld meg most!\",\"breadcrumb\":{\"@id\":\"https:\\\/\\\/drescherjewellery.com\\\/de\\\/termek\\\/silberne-french-lock-ohrringe-mit-weissem-stein-fuer-frauen\\\/#breadcrumb\"},\"inLanguage\":\"de\",\"potentialAction\":[{\"@type\":\"ReadAction\",\"target\":[\"https:\\\/\\\/drescherjewellery.com\\\/de\\\/termek\\\/silberne-french-lock-ohrringe-mit-weissem-stein-fuer-frauen\\\/\"]}]},{\"@type\":\"ImageObject\",\"inLanguage\":\"de\",\"@id\":\"https:\\\/\\\/drescherjewellery.com\\\/de\\\/termek\\\/silberne-french-lock-ohrringe-mit-weissem-stein-fuer-frauen\\\/#primaryimage\",\"url\":\"https:\\\/\\\/drescherjewellery.com\\\/wp-content\\\/uploads\\\/2022\\\/10\\\/ezust-feher-koves-franciazaras-noi-fulbevalo-3420.jpg\",\"contentUrl\":\"https:\\\/\\\/drescherjewellery.com\\\/wp-content\\\/uploads\\\/2022\\\/10\\\/ezust-feher-koves-franciazaras-noi-fulbevalo-3420.jpg\",\"width\":300,\"height\":300},{\"@type\":\"BreadcrumbList\",\"@id\":\"https:\\\/\\\/drescherjewellery.com\\\/de\\\/termek\\\/silberne-french-lock-ohrringe-mit-weissem-stein-fuer-frauen\\\/#breadcrumb\",\"itemListElement\":[{\"@type\":\"ListItem\",\"position\":1,\"name\":\"Kezd\u0151lap\",\"item\":\"https:\\\/\\\/drescherjewellery.com\\\/de\\\/\"},{\"@type\":\"ListItem\",\"position\":2,\"name\":\"Shop\",\"item\":\"https:\\\/\\\/drescherjewellery.com\\\/de\\\/shop\\\/\"},{\"@type\":\"ListItem\",\"position\":3,\"name\":\"Silberne French Lock Ohrringe mit wei\u00dfem Stein f\u00fcr Frauen\"}]},{\"@type\":\"WebSite\",\"@id\":\"https:\\\/\\\/drescherjewellery.com\\\/de\\\/#website\",\"url\":\"https:\\\/\\\/drescherjewellery.com\\\/de\\\/\",\"name\":\"Drescher Jewellery\",\"description\":\"Tedd t\u00f6k\u00e9letesebb\u00e9 mindennapjaid a Drescher Jewellery \u00e9kszereivel.\",\"publisher\":{\"@id\":\"https:\\\/\\\/drescherjewellery.com\\\/de\\\/#organization\"},\"alternateName\":\"Ez\u00fcst \u00c9kszer Web\u00e1ruh\u00e1z\",\"potentialAction\":[{\"@type\":\"SearchAction\",\"target\":{\"@type\":\"EntryPoint\",\"urlTemplate\":\"https:\\\/\\\/drescherjewellery.com\\\/de\\\/?s={search_term_string}\"},\"query-input\":{\"@type\":\"PropertyValueSpecification\",\"valueRequired\":true,\"valueName\":\"search_term_string\"}}],\"inLanguage\":\"de\"},{\"@type\":\"Organization\",\"@id\":\"https:\\\/\\\/drescherjewellery.com\\\/de\\\/#organization\",\"name\":\"Drescher Jewellery\",\"url\":\"https:\\\/\\\/drescherjewellery.com\\\/de\\\/\",\"logo\":{\"@type\":\"ImageObject\",\"inLanguage\":\"de\",\"@id\":\"https:\\\/\\\/drescherjewellery.com\\\/de\\\/#\\\/schema\\\/logo\\\/image\\\/\",\"url\":\"https:\\\/\\\/drescherjewellery.com\\\/wp-content\\\/uploads\\\/2026\\\/01\\\/Drescher-Jewellery-wpml.png\",\"contentUrl\":\"https:\\\/\\\/drescherjewellery.com\\\/wp-content\\\/uploads\\\/2026\\\/01\\\/Drescher-Jewellery-wpml.png\",\"width\":500,\"height\":500,\"caption\":\"Drescher Jewellery\"},\"image\":{\"@id\":\"https:\\\/\\\/drescherjewellery.com\\\/de\\\/#\\\/schema\\\/logo\\\/image\\\/\"},\"sameAs\":[\"https:\\\/\\\/www.facebook.com\\\/drescherjewellery\",\"https:\\\/\\\/www.instagram.com\\\/drescherjewellery\",\"https:\\\/\\\/www.tiktok.com\\\/@drescherjewellery\"]}]}<\/script>\n<!-- \/ Yoast SEO Premium plugin. -->","yoast_head_json":{"title":"Silberne French Lock Ohrringe mit wei\u00dfem Stein f\u00fcr Frauen | Drescher Jewellery","description":"Fedezd fel a leny\u0171g\u00f6z\u0151 Silberne French Lock Ohrringe mit wei\u00dfem Stein f\u00fcr Frauen \u00e9kszer\u00fcnket. T\u00f6k\u00e9letes kieg\u00e9sz\u00edt\u0151 mindennapi viselethez \u00e9s k\u00fcl\u00f6nleges alkalmakra egyar\u00e1nt. Rendeld meg most!","robots":{"index":"index","follow":"follow","max-snippet":"max-snippet:-1","max-image-preview":"max-image-preview:large","max-video-preview":"max-video-preview:-1"},"canonical":"https:\/\/drescherjewellery.com\/de\/termek\/silberne-french-lock-ohrringe-mit-weissem-stein-fuer-frauen\/","og_locale":"de_DE","og_type":"article","og_title":"Silberne French Lock Ohrringe mit wei\u00dfem Stein f\u00fcr Frauen","og_description":"Fedezd fel a leny\u0171g\u00f6z\u0151 Silberne French Lock Ohrringe mit wei\u00dfem Stein f\u00fcr Frauen \u00e9kszer\u00fcnket. T\u00f6k\u00e9letes kieg\u00e9sz\u00edt\u0151 mindennapi viselethez \u00e9s k\u00fcl\u00f6nleges alkalmakra egyar\u00e1nt. Rendeld meg most!","og_url":"https:\/\/drescherjewellery.com\/de\/termek\/silberne-french-lock-ohrringe-mit-weissem-stein-fuer-frauen\/","og_site_name":"Drescher Jewellery","article_publisher":"https:\/\/www.facebook.com\/drescherjewellery","article_modified_time":"2026-04-01T15:19:38+00:00","og_image":[{"width":300,"height":300,"url":"https:\/\/drescherjewellery.com\/wp-content\/uploads\/2022\/10\/ezust-feher-koves-franciazaras-noi-fulbevalo-3420.jpg","type":"image\/jpeg"}],"twitter_card":"summary_large_image","twitter_misc":{"Gesch\u00e4tzte Lesezeit":"1\u00a0Minute"},"schema":{"@context":"https:\/\/schema.org","@graph":[{"@type":"WebPage","@id":"https:\/\/drescherjewellery.com\/de\/termek\/silberne-french-lock-ohrringe-mit-weissem-stein-fuer-frauen\/","url":"https:\/\/drescherjewellery.com\/de\/termek\/silberne-french-lock-ohrringe-mit-weissem-stein-fuer-frauen\/","name":"Silberne French Lock Ohrringe mit wei\u00dfem Stein f\u00fcr Frauen | Drescher Jewellery","isPartOf":{"@id":"https:\/\/drescherjewellery.com\/de\/#website"},"primaryImageOfPage":{"@id":"https:\/\/drescherjewellery.com\/de\/termek\/silberne-french-lock-ohrringe-mit-weissem-stein-fuer-frauen\/#primaryimage"},"image":{"@id":"https:\/\/drescherjewellery.com\/de\/termek\/silberne-french-lock-ohrringe-mit-weissem-stein-fuer-frauen\/#primaryimage"},"thumbnailUrl":"https:\/\/drescherjewellery.com\/wp-content\/uploads\/2022\/10\/ezust-feher-koves-franciazaras-noi-fulbevalo-3420.jpg","datePublished":"2022-10-17T06:17:20+00:00","dateModified":"2026-04-01T15:19:38+00:00","description":"Fedezd fel a leny\u0171g\u00f6z\u0151 Silberne French Lock Ohrringe mit wei\u00dfem Stein f\u00fcr Frauen \u00e9kszer\u00fcnket. T\u00f6k\u00e9letes kieg\u00e9sz\u00edt\u0151 mindennapi viselethez \u00e9s k\u00fcl\u00f6nleges alkalmakra egyar\u00e1nt. Rendeld meg most!","breadcrumb":{"@id":"https:\/\/drescherjewellery.com\/de\/termek\/silberne-french-lock-ohrringe-mit-weissem-stein-fuer-frauen\/#breadcrumb"},"inLanguage":"de","potentialAction":[{"@type":"ReadAction","target":["https:\/\/drescherjewellery.com\/de\/termek\/silberne-french-lock-ohrringe-mit-weissem-stein-fuer-frauen\/"]}]},{"@type":"ImageObject","inLanguage":"de","@id":"https:\/\/drescherjewellery.com\/de\/termek\/silberne-french-lock-ohrringe-mit-weissem-stein-fuer-frauen\/#primaryimage","url":"https:\/\/drescherjewellery.com\/wp-content\/uploads\/2022\/10\/ezust-feher-koves-franciazaras-noi-fulbevalo-3420.jpg","contentUrl":"https:\/\/drescherjewellery.com\/wp-content\/uploads\/2022\/10\/ezust-feher-koves-franciazaras-noi-fulbevalo-3420.jpg","width":300,"height":300},{"@type":"BreadcrumbList","@id":"https:\/\/drescherjewellery.com\/de\/termek\/silberne-french-lock-ohrringe-mit-weissem-stein-fuer-frauen\/#breadcrumb","itemListElement":[{"@type":"ListItem","position":1,"name":"Kezd\u0151lap","item":"https:\/\/drescherjewellery.com\/de\/"},{"@type":"ListItem","position":2,"name":"Shop","item":"https:\/\/drescherjewellery.com\/de\/shop\/"},{"@type":"ListItem","position":3,"name":"Silberne French Lock Ohrringe mit wei\u00dfem Stein f\u00fcr Frauen"}]},{"@type":"WebSite","@id":"https:\/\/drescherjewellery.com\/de\/#website","url":"https:\/\/drescherjewellery.com\/de\/","name":"Drescher Jewellery","description":"Tedd t\u00f6k\u00e9letesebb\u00e9 mindennapjaid a Drescher Jewellery \u00e9kszereivel.","publisher":{"@id":"https:\/\/drescherjewellery.com\/de\/#organization"},"alternateName":"Ez\u00fcst \u00c9kszer Web\u00e1ruh\u00e1z","potentialAction":[{"@type":"SearchAction","target":{"@type":"EntryPoint","urlTemplate":"https:\/\/drescherjewellery.com\/de\/?s={search_term_string}"},"query-input":{"@type":"PropertyValueSpecification","valueRequired":true,"valueName":"search_term_string"}}],"inLanguage":"de"},{"@type":"Organization","@id":"https:\/\/drescherjewellery.com\/de\/#organization","name":"Drescher Jewellery","url":"https:\/\/drescherjewellery.com\/de\/","logo":{"@type":"ImageObject","inLanguage":"de","@id":"https:\/\/drescherjewellery.com\/de\/#\/schema\/logo\/image\/","url":"https:\/\/drescherjewellery.com\/wp-content\/uploads\/2026\/01\/Drescher-Jewellery-wpml.png","contentUrl":"https:\/\/drescherjewellery.com\/wp-content\/uploads\/2026\/01\/Drescher-Jewellery-wpml.png","width":500,"height":500,"caption":"Drescher Jewellery"},"image":{"@id":"https:\/\/drescherjewellery.com\/de\/#\/schema\/logo\/image\/"},"sameAs":["https:\/\/www.facebook.com\/drescherjewellery","https:\/\/www.instagram.com\/drescherjewellery","https:\/\/www.tiktok.com\/@drescherjewellery"]}]}},"_links":{"self":[{"href":"https:\/\/drescherjewellery.com\/de\/wp-json\/wp\/v2\/product\/112642","targetHints":{"allow":["GET"]}}],"collection":[{"href":"https:\/\/drescherjewellery.com\/de\/wp-json\/wp\/v2\/product"}],"about":[{"href":"https:\/\/drescherjewellery.com\/de\/wp-json\/wp\/v2\/types\/product"}],"version-history":[{"count":0,"href":"https:\/\/drescherjewellery.com\/de\/wp-json\/wp\/v2\/product\/112642\/revisions"}],"wp:featuredmedia":[{"embeddable":true,"href":"https:\/\/drescherjewellery.com\/de\/wp-json\/wp\/v2\/media\/98060"}],"wp:attachment":[{"href":"https:\/\/drescherjewellery.com\/de\/wp-json\/wp\/v2\/media?parent=112642"}],"wp:term":[{"taxonomy":"product_brand","embeddable":true,"href":"https:\/\/drescherjewellery.com\/de\/wp-json\/wp\/v2\/product_brand?post=112642"},{"taxonomy":"product_cat","embeddable":true,"href":"https:\/\/drescherjewellery.com\/de\/wp-json\/wp\/v2\/product_cat?post=112642"},{"taxonomy":"product_tag","embeddable":true,"href":"https:\/\/drescherjewellery.com\/de\/wp-json\/wp\/v2\/product_tag?post=112642"}],"curies":[{"name":"wp","href":"https:\/\/api.w.org\/{rel}","templated":true}]}}