{"id":112790,"date":"2022-10-21T09:45:18","date_gmt":"2022-10-21T07:45:18","guid":{"rendered":"https:\/\/dianasilver.hu\/termek\/perlmuttohrstecker-aus-silber-und-anhaenger-mit-weissem-stein\/"},"modified":"2022-10-21T09:45:18","modified_gmt":"2022-10-21T07:45:18","slug":"perlmuttohrstecker-aus-silber-und-anhaenger-mit-weissem-stein","status":"publish","type":"product","link":"https:\/\/drescherjewellery.com\/de\/termek\/perlmuttohrstecker-aus-silber-und-anhaenger-mit-weissem-stein\/","title":{"rendered":"Perlmuttohrstecker aus Silber und Anh\u00e4nger mit wei\u00dfem Stein"},"content":{"rendered":"<p><strong>Perlenbesetzte Silberohrstecker und Anh\u00e4nger mit wei\u00dfen Steinen &#8211; pure Eleganz f\u00fcr jeden Anlass!<\/strong><br \/>\nDieses geschmackvolle Schmuckset kombiniert den <strong>klassischen Charme von Perlen<\/strong> mit dem <strong>subtilen Funkeln wei\u00dfer Steine<\/strong> und ist die perfekte Erg\u00e4nzung f\u00fcr jedes Outfit. Die <strong>Ohrringe aus Sterlingsilber<\/strong> bieten einen angenehmen Tragekomfort, w\u00e4hrend der passende <strong>Anh\u00e4nger<\/strong> f\u00fcr ein raffiniertes Funkeln sorgt. <\/p>\n<p>\u2728 <strong>Warum sollten Sie dieses Schmuckset w\u00e4hlen?<\/strong><\/p>\n<ul>\n<li><strong>Hochwertige Materialien:<\/strong> Das <strong>AG 925 Silber<\/strong> sorgt f\u00fcr die Langlebigkeit des Schmucks, w\u00e4hrend die <strong>Rhodiumbeschichtung<\/strong> f\u00fcr lang anhaltenden Glanz und Schutz sorgt.<\/li>\n<li><strong>Harmonie von Perle und wei\u00dfen Steinen:<\/strong> die elegante Perle und die strahlend wei\u00dfen Steine verleihen dem Schmuckst\u00fcck einen besonderen Glanz.<\/li>\n<li><strong>Ohrstecker:<\/strong> leicht und angenehm zu tragen, sie bleiben den ganzen Tag an ihrem Platz.<\/li>\n<li><strong>Vielseitig einsetzbar:<\/strong> perfekt f\u00fcr den Alltag und die Freizeit.<\/li>\n<\/ul>\n<p>\ud83c\udf81 <strong>Perfekt auch als Geschenk!<\/strong><br \/>\n\u00dcberraschen Sie Ihre Liebsten mit diesem raffinierten Schmuckst\u00fcck oder w\u00e4hlen Sie es f\u00fcr sich selbst, wenn Sie auf der Suche nach einem zeitlosen und stilvollen Accessoire sind.<\/p>\n<p><strong>Bestellen Sie jetzt und entdecken Sie die Magie der Perlen und wei\u00dfen Steine!<\/strong> \u2728<\/p>\n","protected":false},"excerpt":{"rendered":"<p><strong>Perlenbesetzte silberne Ohrstecker und Anh\u00e4nger mit wei\u00dfen Steinen &#8211; raffinierter Stil in einem perfekten Schmuckset!<\/strong><br \/>\nDie nat\u00fcrliche Sch\u00f6nheit der Perle und die Brillanz der wei\u00dfen Steine verleihen einen eleganten Look.<\/p>\n","protected":false},"featured_media":102649,"template":"","meta":[],"product_brand":[],"product_cat":[610,526],"product_tag":[527],"class_list":{"0":"post-112790","1":"product","2":"type-product","3":"status-publish","4":"has-post-thumbnail","6":"product_cat-silberne-perlenschmuck-sets","7":"product_cat-silberschmuck-set","8":"product_tag-damen","9":"description-off","11":"first","12":"instock","13":"taxable","14":"shipping-taxable","15":"purchasable","16":"product-type-simple"},"yoast_head":"<!-- This site is optimized with the Yoast SEO Premium plugin v26.8 (Yoast SEO v27.4) - https:\/\/yoast.com\/product\/yoast-seo-premium-wordpress\/ -->\n<title>Perlmuttohrstecker aus Silber und Anh\u00e4nger mit wei\u00dfem Stein | Drescher Jewellery<\/title>\n<meta name=\"description\" content=\"Fedezd fel a leny\u0171g\u00f6z\u0151 Perlmuttohrstecker aus Silber und Anh\u00e4nger mit wei\u00dfem Stein \u00e9kszer\u00fcnket. T\u00f6k\u00e9letes kieg\u00e9sz\u00edt\u0151 mindennapi viselethez \u00e9s k\u00fcl\u00f6nleges alkalmakra egyar\u00e1nt. Rendeld meg most!\" \/>\n<meta name=\"robots\" content=\"index, follow, max-snippet:-1, max-image-preview:large, max-video-preview:-1\" \/>\n<link rel=\"canonical\" href=\"https:\/\/drescherjewellery.com\/de\/termek\/perlmuttohrstecker-aus-silber-und-anhaenger-mit-weissem-stein\/\" \/>\n<meta property=\"og:locale\" content=\"de_DE\" \/>\n<meta property=\"og:type\" content=\"article\" \/>\n<meta property=\"og:title\" content=\"Perlmuttohrstecker aus Silber und Anh\u00e4nger mit wei\u00dfem Stein\" \/>\n<meta property=\"og:description\" content=\"Fedezd fel a leny\u0171g\u00f6z\u0151 Perlmuttohrstecker aus Silber und Anh\u00e4nger mit wei\u00dfem Stein \u00e9kszer\u00fcnket. T\u00f6k\u00e9letes kieg\u00e9sz\u00edt\u0151 mindennapi viselethez \u00e9s k\u00fcl\u00f6nleges alkalmakra egyar\u00e1nt. Rendeld meg most!\" \/>\n<meta property=\"og:url\" content=\"https:\/\/drescherjewellery.com\/de\/termek\/perlmuttohrstecker-aus-silber-und-anhaenger-mit-weissem-stein\/\" \/>\n<meta property=\"og:site_name\" content=\"Drescher Jewellery\" \/>\n<meta property=\"article:publisher\" content=\"https:\/\/www.facebook.com\/drescherjewellery\" \/>\n<meta property=\"og:image\" content=\"https:\/\/drescherjewellery.com\/wp-content\/uploads\/2022\/10\/gyongyos-ezust-stekkeres-fulbevalo-es-medal-feher-kovel-102647.jpg\" \/>\n\t<meta property=\"og:image:width\" content=\"800\" \/>\n\t<meta property=\"og:image:height\" content=\"800\" \/>\n\t<meta property=\"og:image:type\" content=\"image\/jpeg\" \/>\n<meta name=\"twitter:card\" content=\"summary_large_image\" \/>\n<meta name=\"twitter:label1\" content=\"Gesch\u00e4tzte Lesezeit\" \/>\n\t<meta name=\"twitter:data1\" content=\"1\u00a0Minute\" \/>\n<script type=\"application\/ld+json\" class=\"yoast-schema-graph\">{\"@context\":\"https:\\\/\\\/schema.org\",\"@graph\":[{\"@type\":\"WebPage\",\"@id\":\"https:\\\/\\\/drescherjewellery.com\\\/de\\\/termek\\\/perlmuttohrstecker-aus-silber-und-anhaenger-mit-weissem-stein\\\/\",\"url\":\"https:\\\/\\\/drescherjewellery.com\\\/de\\\/termek\\\/perlmuttohrstecker-aus-silber-und-anhaenger-mit-weissem-stein\\\/\",\"name\":\"Perlmuttohrstecker aus Silber und Anh\u00e4nger mit wei\u00dfem Stein | Drescher Jewellery\",\"isPartOf\":{\"@id\":\"https:\\\/\\\/drescherjewellery.com\\\/de\\\/#website\"},\"primaryImageOfPage\":{\"@id\":\"https:\\\/\\\/drescherjewellery.com\\\/de\\\/termek\\\/perlmuttohrstecker-aus-silber-und-anhaenger-mit-weissem-stein\\\/#primaryimage\"},\"image\":{\"@id\":\"https:\\\/\\\/drescherjewellery.com\\\/de\\\/termek\\\/perlmuttohrstecker-aus-silber-und-anhaenger-mit-weissem-stein\\\/#primaryimage\"},\"thumbnailUrl\":\"https:\\\/\\\/drescherjewellery.com\\\/wp-content\\\/uploads\\\/2022\\\/10\\\/gyongyos-ezust-stekkeres-fulbevalo-es-medal-feher-kovel-102647.jpg\",\"datePublished\":\"2022-10-21T07:45:18+00:00\",\"description\":\"Fedezd fel a leny\u0171g\u00f6z\u0151 Perlmuttohrstecker aus Silber und Anh\u00e4nger mit wei\u00dfem Stein \u00e9kszer\u00fcnket. T\u00f6k\u00e9letes kieg\u00e9sz\u00edt\u0151 mindennapi viselethez \u00e9s k\u00fcl\u00f6nleges alkalmakra egyar\u00e1nt. Rendeld meg most!\",\"breadcrumb\":{\"@id\":\"https:\\\/\\\/drescherjewellery.com\\\/de\\\/termek\\\/perlmuttohrstecker-aus-silber-und-anhaenger-mit-weissem-stein\\\/#breadcrumb\"},\"inLanguage\":\"de\",\"potentialAction\":[{\"@type\":\"ReadAction\",\"target\":[\"https:\\\/\\\/drescherjewellery.com\\\/de\\\/termek\\\/perlmuttohrstecker-aus-silber-und-anhaenger-mit-weissem-stein\\\/\"]}]},{\"@type\":\"ImageObject\",\"inLanguage\":\"de\",\"@id\":\"https:\\\/\\\/drescherjewellery.com\\\/de\\\/termek\\\/perlmuttohrstecker-aus-silber-und-anhaenger-mit-weissem-stein\\\/#primaryimage\",\"url\":\"https:\\\/\\\/drescherjewellery.com\\\/wp-content\\\/uploads\\\/2022\\\/10\\\/gyongyos-ezust-stekkeres-fulbevalo-es-medal-feher-kovel-102647.jpg\",\"contentUrl\":\"https:\\\/\\\/drescherjewellery.com\\\/wp-content\\\/uploads\\\/2022\\\/10\\\/gyongyos-ezust-stekkeres-fulbevalo-es-medal-feher-kovel-102647.jpg\",\"width\":800,\"height\":800},{\"@type\":\"BreadcrumbList\",\"@id\":\"https:\\\/\\\/drescherjewellery.com\\\/de\\\/termek\\\/perlmuttohrstecker-aus-silber-und-anhaenger-mit-weissem-stein\\\/#breadcrumb\",\"itemListElement\":[{\"@type\":\"ListItem\",\"position\":1,\"name\":\"Kezd\u0151lap\",\"item\":\"https:\\\/\\\/drescherjewellery.com\\\/de\\\/\"},{\"@type\":\"ListItem\",\"position\":2,\"name\":\"Shop\",\"item\":\"https:\\\/\\\/drescherjewellery.com\\\/de\\\/shop\\\/\"},{\"@type\":\"ListItem\",\"position\":3,\"name\":\"Perlmuttohrstecker aus Silber und Anh\u00e4nger mit wei\u00dfem Stein\"}]},{\"@type\":\"WebSite\",\"@id\":\"https:\\\/\\\/drescherjewellery.com\\\/de\\\/#website\",\"url\":\"https:\\\/\\\/drescherjewellery.com\\\/de\\\/\",\"name\":\"Drescher Jewellery\",\"description\":\"Tedd t\u00f6k\u00e9letesebb\u00e9 mindennapjaid a Drescher Jewellery \u00e9kszereivel.\",\"publisher\":{\"@id\":\"https:\\\/\\\/drescherjewellery.com\\\/de\\\/#organization\"},\"alternateName\":\"Ez\u00fcst \u00c9kszer Web\u00e1ruh\u00e1z\",\"potentialAction\":[{\"@type\":\"SearchAction\",\"target\":{\"@type\":\"EntryPoint\",\"urlTemplate\":\"https:\\\/\\\/drescherjewellery.com\\\/de\\\/?s={search_term_string}\"},\"query-input\":{\"@type\":\"PropertyValueSpecification\",\"valueRequired\":true,\"valueName\":\"search_term_string\"}}],\"inLanguage\":\"de\"},{\"@type\":\"Organization\",\"@id\":\"https:\\\/\\\/drescherjewellery.com\\\/de\\\/#organization\",\"name\":\"Drescher Jewellery\",\"url\":\"https:\\\/\\\/drescherjewellery.com\\\/de\\\/\",\"logo\":{\"@type\":\"ImageObject\",\"inLanguage\":\"de\",\"@id\":\"https:\\\/\\\/drescherjewellery.com\\\/de\\\/#\\\/schema\\\/logo\\\/image\\\/\",\"url\":\"https:\\\/\\\/drescherjewellery.com\\\/wp-content\\\/uploads\\\/2026\\\/01\\\/Drescher-Jewellery-wpml.png\",\"contentUrl\":\"https:\\\/\\\/drescherjewellery.com\\\/wp-content\\\/uploads\\\/2026\\\/01\\\/Drescher-Jewellery-wpml.png\",\"width\":500,\"height\":500,\"caption\":\"Drescher Jewellery\"},\"image\":{\"@id\":\"https:\\\/\\\/drescherjewellery.com\\\/de\\\/#\\\/schema\\\/logo\\\/image\\\/\"},\"sameAs\":[\"https:\\\/\\\/www.facebook.com\\\/drescherjewellery\",\"https:\\\/\\\/www.instagram.com\\\/drescherjewellery\",\"https:\\\/\\\/www.tiktok.com\\\/@drescherjewellery\"]}]}<\/script>\n<!-- \/ Yoast SEO Premium plugin. -->","yoast_head_json":{"title":"Perlmuttohrstecker aus Silber und Anh\u00e4nger mit wei\u00dfem Stein | Drescher Jewellery","description":"Fedezd fel a leny\u0171g\u00f6z\u0151 Perlmuttohrstecker aus Silber und Anh\u00e4nger mit wei\u00dfem Stein \u00e9kszer\u00fcnket. T\u00f6k\u00e9letes kieg\u00e9sz\u00edt\u0151 mindennapi viselethez \u00e9s k\u00fcl\u00f6nleges alkalmakra egyar\u00e1nt. Rendeld meg most!","robots":{"index":"index","follow":"follow","max-snippet":"max-snippet:-1","max-image-preview":"max-image-preview:large","max-video-preview":"max-video-preview:-1"},"canonical":"https:\/\/drescherjewellery.com\/de\/termek\/perlmuttohrstecker-aus-silber-und-anhaenger-mit-weissem-stein\/","og_locale":"de_DE","og_type":"article","og_title":"Perlmuttohrstecker aus Silber und Anh\u00e4nger mit wei\u00dfem Stein","og_description":"Fedezd fel a leny\u0171g\u00f6z\u0151 Perlmuttohrstecker aus Silber und Anh\u00e4nger mit wei\u00dfem Stein \u00e9kszer\u00fcnket. T\u00f6k\u00e9letes kieg\u00e9sz\u00edt\u0151 mindennapi viselethez \u00e9s k\u00fcl\u00f6nleges alkalmakra egyar\u00e1nt. Rendeld meg most!","og_url":"https:\/\/drescherjewellery.com\/de\/termek\/perlmuttohrstecker-aus-silber-und-anhaenger-mit-weissem-stein\/","og_site_name":"Drescher Jewellery","article_publisher":"https:\/\/www.facebook.com\/drescherjewellery","og_image":[{"width":800,"height":800,"url":"https:\/\/drescherjewellery.com\/wp-content\/uploads\/2022\/10\/gyongyos-ezust-stekkeres-fulbevalo-es-medal-feher-kovel-102647.jpg","type":"image\/jpeg"}],"twitter_card":"summary_large_image","twitter_misc":{"Gesch\u00e4tzte Lesezeit":"1\u00a0Minute"},"schema":{"@context":"https:\/\/schema.org","@graph":[{"@type":"WebPage","@id":"https:\/\/drescherjewellery.com\/de\/termek\/perlmuttohrstecker-aus-silber-und-anhaenger-mit-weissem-stein\/","url":"https:\/\/drescherjewellery.com\/de\/termek\/perlmuttohrstecker-aus-silber-und-anhaenger-mit-weissem-stein\/","name":"Perlmuttohrstecker aus Silber und Anh\u00e4nger mit wei\u00dfem Stein | Drescher Jewellery","isPartOf":{"@id":"https:\/\/drescherjewellery.com\/de\/#website"},"primaryImageOfPage":{"@id":"https:\/\/drescherjewellery.com\/de\/termek\/perlmuttohrstecker-aus-silber-und-anhaenger-mit-weissem-stein\/#primaryimage"},"image":{"@id":"https:\/\/drescherjewellery.com\/de\/termek\/perlmuttohrstecker-aus-silber-und-anhaenger-mit-weissem-stein\/#primaryimage"},"thumbnailUrl":"https:\/\/drescherjewellery.com\/wp-content\/uploads\/2022\/10\/gyongyos-ezust-stekkeres-fulbevalo-es-medal-feher-kovel-102647.jpg","datePublished":"2022-10-21T07:45:18+00:00","description":"Fedezd fel a leny\u0171g\u00f6z\u0151 Perlmuttohrstecker aus Silber und Anh\u00e4nger mit wei\u00dfem Stein \u00e9kszer\u00fcnket. T\u00f6k\u00e9letes kieg\u00e9sz\u00edt\u0151 mindennapi viselethez \u00e9s k\u00fcl\u00f6nleges alkalmakra egyar\u00e1nt. Rendeld meg most!","breadcrumb":{"@id":"https:\/\/drescherjewellery.com\/de\/termek\/perlmuttohrstecker-aus-silber-und-anhaenger-mit-weissem-stein\/#breadcrumb"},"inLanguage":"de","potentialAction":[{"@type":"ReadAction","target":["https:\/\/drescherjewellery.com\/de\/termek\/perlmuttohrstecker-aus-silber-und-anhaenger-mit-weissem-stein\/"]}]},{"@type":"ImageObject","inLanguage":"de","@id":"https:\/\/drescherjewellery.com\/de\/termek\/perlmuttohrstecker-aus-silber-und-anhaenger-mit-weissem-stein\/#primaryimage","url":"https:\/\/drescherjewellery.com\/wp-content\/uploads\/2022\/10\/gyongyos-ezust-stekkeres-fulbevalo-es-medal-feher-kovel-102647.jpg","contentUrl":"https:\/\/drescherjewellery.com\/wp-content\/uploads\/2022\/10\/gyongyos-ezust-stekkeres-fulbevalo-es-medal-feher-kovel-102647.jpg","width":800,"height":800},{"@type":"BreadcrumbList","@id":"https:\/\/drescherjewellery.com\/de\/termek\/perlmuttohrstecker-aus-silber-und-anhaenger-mit-weissem-stein\/#breadcrumb","itemListElement":[{"@type":"ListItem","position":1,"name":"Kezd\u0151lap","item":"https:\/\/drescherjewellery.com\/de\/"},{"@type":"ListItem","position":2,"name":"Shop","item":"https:\/\/drescherjewellery.com\/de\/shop\/"},{"@type":"ListItem","position":3,"name":"Perlmuttohrstecker aus Silber und Anh\u00e4nger mit wei\u00dfem Stein"}]},{"@type":"WebSite","@id":"https:\/\/drescherjewellery.com\/de\/#website","url":"https:\/\/drescherjewellery.com\/de\/","name":"Drescher Jewellery","description":"Tedd t\u00f6k\u00e9letesebb\u00e9 mindennapjaid a Drescher Jewellery \u00e9kszereivel.","publisher":{"@id":"https:\/\/drescherjewellery.com\/de\/#organization"},"alternateName":"Ez\u00fcst \u00c9kszer Web\u00e1ruh\u00e1z","potentialAction":[{"@type":"SearchAction","target":{"@type":"EntryPoint","urlTemplate":"https:\/\/drescherjewellery.com\/de\/?s={search_term_string}"},"query-input":{"@type":"PropertyValueSpecification","valueRequired":true,"valueName":"search_term_string"}}],"inLanguage":"de"},{"@type":"Organization","@id":"https:\/\/drescherjewellery.com\/de\/#organization","name":"Drescher Jewellery","url":"https:\/\/drescherjewellery.com\/de\/","logo":{"@type":"ImageObject","inLanguage":"de","@id":"https:\/\/drescherjewellery.com\/de\/#\/schema\/logo\/image\/","url":"https:\/\/drescherjewellery.com\/wp-content\/uploads\/2026\/01\/Drescher-Jewellery-wpml.png","contentUrl":"https:\/\/drescherjewellery.com\/wp-content\/uploads\/2026\/01\/Drescher-Jewellery-wpml.png","width":500,"height":500,"caption":"Drescher Jewellery"},"image":{"@id":"https:\/\/drescherjewellery.com\/de\/#\/schema\/logo\/image\/"},"sameAs":["https:\/\/www.facebook.com\/drescherjewellery","https:\/\/www.instagram.com\/drescherjewellery","https:\/\/www.tiktok.com\/@drescherjewellery"]}]}},"_links":{"self":[{"href":"https:\/\/drescherjewellery.com\/de\/wp-json\/wp\/v2\/product\/112790","targetHints":{"allow":["GET"]}}],"collection":[{"href":"https:\/\/drescherjewellery.com\/de\/wp-json\/wp\/v2\/product"}],"about":[{"href":"https:\/\/drescherjewellery.com\/de\/wp-json\/wp\/v2\/types\/product"}],"version-history":[{"count":0,"href":"https:\/\/drescherjewellery.com\/de\/wp-json\/wp\/v2\/product\/112790\/revisions"}],"wp:featuredmedia":[{"embeddable":true,"href":"https:\/\/drescherjewellery.com\/de\/wp-json\/wp\/v2\/media\/102649"}],"wp:attachment":[{"href":"https:\/\/drescherjewellery.com\/de\/wp-json\/wp\/v2\/media?parent=112790"}],"wp:term":[{"taxonomy":"product_brand","embeddable":true,"href":"https:\/\/drescherjewellery.com\/de\/wp-json\/wp\/v2\/product_brand?post=112790"},{"taxonomy":"product_cat","embeddable":true,"href":"https:\/\/drescherjewellery.com\/de\/wp-json\/wp\/v2\/product_cat?post=112790"},{"taxonomy":"product_tag","embeddable":true,"href":"https:\/\/drescherjewellery.com\/de\/wp-json\/wp\/v2\/product_tag?post=112790"}],"curies":[{"name":"wp","href":"https:\/\/api.w.org\/{rel}","templated":true}]}}