{"id":112798,"date":"2022-10-21T10:12:56","date_gmt":"2022-10-21T08:12:56","guid":{"rendered":"https:\/\/dianasilver.hu\/termek\/silberne-ohrringe-mit-weissem-stein-und-anhaenger-mit-perlen\/"},"modified":"2022-10-21T10:12:56","modified_gmt":"2022-10-21T08:12:56","slug":"silberne-ohrringe-mit-weissem-stein-und-anhaenger-mit-perlen","status":"publish","type":"product","link":"https:\/\/drescherjewellery.com\/de\/termek\/silberne-ohrringe-mit-weissem-stein-und-anhaenger-mit-perlen\/","title":{"rendered":"Silberne Ohrringe mit wei\u00dfem Stein und Anh\u00e4nger mit Perlen"},"content":{"rendered":"<p><strong>Machen Sie Ihren Look zu etwas Besonderem mit den White Stone Beaded Silver Dangle Earrings with Pendant!<\/strong><br \/>\nDieser zart gearbeitete Ohrring kombiniert die klassische Sch\u00f6nheit von Perlen, das Funkeln wei\u00dfer Steine und die elegante Bewegung eines baumelnden Designs. Das perfekte Accessoire f\u00fcr den Alltag und elegante Anl\u00e4sse. <\/p>\n<p><strong>Warum sollten Sie diesen Ohrring w\u00e4hlen?<\/strong><\/p>\n<ul>\n<li><strong>Hochwertige Materialien:<\/strong> Das <strong>AG 925 Silber<\/strong> sorgt f\u00fcr einen dauerhaften Glanz und zuverl\u00e4ssigen Tragekomfort, w\u00e4hrend die <strong>Rhodiumbeschichtung<\/strong> den Schmuck vor Abnutzung und Verf\u00e4rbung sch\u00fctzt.<\/li>\n<li><strong>Perlen und wei\u00dfe Steine:<\/strong> Der zarte Charme von Perlen und der Glanz von wei\u00dfen Steinen sorgen f\u00fcr Harmonie im Erscheinungsbild des Schmucks.<\/li>\n<li><strong>H\u00e4ngendes Design mit Anh\u00e4nger:<\/strong> Das sich sanft bewegende Design sorgt f\u00fcr einen dynamischen und auff\u00e4lligen Look.<\/li>\n<li><strong>Vielseitig tragbar:<\/strong> ideal f\u00fcr den Alltag, aber auch garantiert ein Hingucker bei besonderen Anl\u00e4ssen.<\/li>\n<\/ul>\n<p><strong>Ein Geschenk, an das Sie sich immer erinnern werden!<\/strong><br \/>\nSchenken Sie Ihren Liebsten diesen eleganten und stilvollen Ohrring oder w\u00e4hlen Sie ihn f\u00fcr sich selbst, um Ihren Look aufzuwerten. \ud83c\udf81<\/p>\n<p><strong>Bestellen Sie jetzt und entdecken Sie die perfekte Harmonie von Perlen und Steinen mit diesem atemberaubenden Ohrring!<\/strong> \u2728<\/p>\n","protected":false},"excerpt":{"rendered":"<p><strong>Wei\u00dfe Steinperlen Silber Ohrringe mit Anh\u00e4nger &#8211; die Harmonie von Raffinesse und Bewegung!<\/strong><br \/>\nDieses besondere Schmuckst\u00fcck vereint den Charme von Perlen und den Glanz von wei\u00dfen Steinen \u2728.<\/p>\n","protected":false},"featured_media":97560,"template":"","meta":[],"product_brand":[],"product_cat":[610,526],"product_tag":[527],"class_list":{"0":"post-112798","1":"product","2":"type-product","3":"status-publish","4":"has-post-thumbnail","6":"product_cat-silberne-perlenschmuck-sets","7":"product_cat-silberschmuck-set","8":"product_tag-damen","9":"description-off","11":"first","12":"instock","13":"taxable","14":"shipping-taxable","15":"purchasable","16":"product-type-simple"},"yoast_head":"<!-- This site is optimized with the Yoast SEO Premium plugin v26.8 (Yoast SEO v27.4) - https:\/\/yoast.com\/product\/yoast-seo-premium-wordpress\/ -->\n<title>Silberne Ohrringe mit wei\u00dfem Stein und Anh\u00e4nger mit Perlen | Drescher Jewellery<\/title>\n<meta name=\"description\" content=\"Fedezd fel a leny\u0171g\u00f6z\u0151 Silberne Ohrringe mit wei\u00dfem Stein und Anh\u00e4nger mit Perlen \u00e9kszer\u00fcnket. T\u00f6k\u00e9letes kieg\u00e9sz\u00edt\u0151 mindennapi viselethez \u00e9s k\u00fcl\u00f6nleges alkalmakra egyar\u00e1nt. Rendeld meg most!\" \/>\n<meta name=\"robots\" content=\"index, follow, max-snippet:-1, max-image-preview:large, max-video-preview:-1\" \/>\n<link rel=\"canonical\" href=\"https:\/\/drescherjewellery.com\/de\/termek\/silberne-ohrringe-mit-weissem-stein-und-anhaenger-mit-perlen\/\" \/>\n<meta property=\"og:locale\" content=\"de_DE\" \/>\n<meta property=\"og:type\" content=\"article\" \/>\n<meta property=\"og:title\" content=\"Silberne Ohrringe mit wei\u00dfem Stein und Anh\u00e4nger mit Perlen\" \/>\n<meta property=\"og:description\" content=\"Fedezd fel a leny\u0171g\u00f6z\u0151 Silberne Ohrringe mit wei\u00dfem Stein und Anh\u00e4nger mit Perlen \u00e9kszer\u00fcnket. T\u00f6k\u00e9letes kieg\u00e9sz\u00edt\u0151 mindennapi viselethez \u00e9s k\u00fcl\u00f6nleges alkalmakra egyar\u00e1nt. Rendeld meg most!\" \/>\n<meta property=\"og:url\" content=\"https:\/\/drescherjewellery.com\/de\/termek\/silberne-ohrringe-mit-weissem-stein-und-anhaenger-mit-perlen\/\" \/>\n<meta property=\"og:site_name\" content=\"Drescher Jewellery\" \/>\n<meta property=\"article:publisher\" content=\"https:\/\/www.facebook.com\/drescherjewellery\" \/>\n<meta property=\"og:image\" content=\"https:\/\/drescherjewellery.com\/wp-content\/uploads\/2022\/10\/feher-koves-gyongyos-ezust-logos-fulbevalo-medallal-3009.jpg\" \/>\n\t<meta property=\"og:image:width\" content=\"800\" \/>\n\t<meta property=\"og:image:height\" content=\"800\" \/>\n\t<meta property=\"og:image:type\" content=\"image\/jpeg\" \/>\n<meta name=\"twitter:card\" content=\"summary_large_image\" \/>\n<meta name=\"twitter:label1\" content=\"Gesch\u00e4tzte Lesezeit\" \/>\n\t<meta name=\"twitter:data1\" content=\"1\u00a0Minute\" \/>\n<script type=\"application\/ld+json\" class=\"yoast-schema-graph\">{\"@context\":\"https:\\\/\\\/schema.org\",\"@graph\":[{\"@type\":\"WebPage\",\"@id\":\"https:\\\/\\\/drescherjewellery.com\\\/de\\\/termek\\\/silberne-ohrringe-mit-weissem-stein-und-anhaenger-mit-perlen\\\/\",\"url\":\"https:\\\/\\\/drescherjewellery.com\\\/de\\\/termek\\\/silberne-ohrringe-mit-weissem-stein-und-anhaenger-mit-perlen\\\/\",\"name\":\"Silberne Ohrringe mit wei\u00dfem Stein und Anh\u00e4nger mit Perlen | Drescher Jewellery\",\"isPartOf\":{\"@id\":\"https:\\\/\\\/drescherjewellery.com\\\/de\\\/#website\"},\"primaryImageOfPage\":{\"@id\":\"https:\\\/\\\/drescherjewellery.com\\\/de\\\/termek\\\/silberne-ohrringe-mit-weissem-stein-und-anhaenger-mit-perlen\\\/#primaryimage\"},\"image\":{\"@id\":\"https:\\\/\\\/drescherjewellery.com\\\/de\\\/termek\\\/silberne-ohrringe-mit-weissem-stein-und-anhaenger-mit-perlen\\\/#primaryimage\"},\"thumbnailUrl\":\"https:\\\/\\\/drescherjewellery.com\\\/wp-content\\\/uploads\\\/2022\\\/10\\\/feher-koves-gyongyos-ezust-logos-fulbevalo-medallal-3009.jpg\",\"datePublished\":\"2022-10-21T08:12:56+00:00\",\"description\":\"Fedezd fel a leny\u0171g\u00f6z\u0151 Silberne Ohrringe mit wei\u00dfem Stein und Anh\u00e4nger mit Perlen \u00e9kszer\u00fcnket. T\u00f6k\u00e9letes kieg\u00e9sz\u00edt\u0151 mindennapi viselethez \u00e9s k\u00fcl\u00f6nleges alkalmakra egyar\u00e1nt. Rendeld meg most!\",\"breadcrumb\":{\"@id\":\"https:\\\/\\\/drescherjewellery.com\\\/de\\\/termek\\\/silberne-ohrringe-mit-weissem-stein-und-anhaenger-mit-perlen\\\/#breadcrumb\"},\"inLanguage\":\"de\",\"potentialAction\":[{\"@type\":\"ReadAction\",\"target\":[\"https:\\\/\\\/drescherjewellery.com\\\/de\\\/termek\\\/silberne-ohrringe-mit-weissem-stein-und-anhaenger-mit-perlen\\\/\"]}]},{\"@type\":\"ImageObject\",\"inLanguage\":\"de\",\"@id\":\"https:\\\/\\\/drescherjewellery.com\\\/de\\\/termek\\\/silberne-ohrringe-mit-weissem-stein-und-anhaenger-mit-perlen\\\/#primaryimage\",\"url\":\"https:\\\/\\\/drescherjewellery.com\\\/wp-content\\\/uploads\\\/2022\\\/10\\\/feher-koves-gyongyos-ezust-logos-fulbevalo-medallal-3009.jpg\",\"contentUrl\":\"https:\\\/\\\/drescherjewellery.com\\\/wp-content\\\/uploads\\\/2022\\\/10\\\/feher-koves-gyongyos-ezust-logos-fulbevalo-medallal-3009.jpg\",\"width\":800,\"height\":800},{\"@type\":\"BreadcrumbList\",\"@id\":\"https:\\\/\\\/drescherjewellery.com\\\/de\\\/termek\\\/silberne-ohrringe-mit-weissem-stein-und-anhaenger-mit-perlen\\\/#breadcrumb\",\"itemListElement\":[{\"@type\":\"ListItem\",\"position\":1,\"name\":\"Kezd\u0151lap\",\"item\":\"https:\\\/\\\/drescherjewellery.com\\\/de\\\/\"},{\"@type\":\"ListItem\",\"position\":2,\"name\":\"Shop\",\"item\":\"https:\\\/\\\/drescherjewellery.com\\\/de\\\/shop\\\/\"},{\"@type\":\"ListItem\",\"position\":3,\"name\":\"Silberne Ohrringe mit wei\u00dfem Stein und Anh\u00e4nger mit Perlen\"}]},{\"@type\":\"WebSite\",\"@id\":\"https:\\\/\\\/drescherjewellery.com\\\/de\\\/#website\",\"url\":\"https:\\\/\\\/drescherjewellery.com\\\/de\\\/\",\"name\":\"Drescher Jewellery\",\"description\":\"Tedd t\u00f6k\u00e9letesebb\u00e9 mindennapjaid a Drescher Jewellery \u00e9kszereivel.\",\"publisher\":{\"@id\":\"https:\\\/\\\/drescherjewellery.com\\\/de\\\/#organization\"},\"alternateName\":\"Ez\u00fcst \u00c9kszer Web\u00e1ruh\u00e1z\",\"potentialAction\":[{\"@type\":\"SearchAction\",\"target\":{\"@type\":\"EntryPoint\",\"urlTemplate\":\"https:\\\/\\\/drescherjewellery.com\\\/de\\\/?s={search_term_string}\"},\"query-input\":{\"@type\":\"PropertyValueSpecification\",\"valueRequired\":true,\"valueName\":\"search_term_string\"}}],\"inLanguage\":\"de\"},{\"@type\":\"Organization\",\"@id\":\"https:\\\/\\\/drescherjewellery.com\\\/de\\\/#organization\",\"name\":\"Drescher Jewellery\",\"url\":\"https:\\\/\\\/drescherjewellery.com\\\/de\\\/\",\"logo\":{\"@type\":\"ImageObject\",\"inLanguage\":\"de\",\"@id\":\"https:\\\/\\\/drescherjewellery.com\\\/de\\\/#\\\/schema\\\/logo\\\/image\\\/\",\"url\":\"https:\\\/\\\/drescherjewellery.com\\\/wp-content\\\/uploads\\\/2026\\\/01\\\/Drescher-Jewellery-wpml.png\",\"contentUrl\":\"https:\\\/\\\/drescherjewellery.com\\\/wp-content\\\/uploads\\\/2026\\\/01\\\/Drescher-Jewellery-wpml.png\",\"width\":500,\"height\":500,\"caption\":\"Drescher Jewellery\"},\"image\":{\"@id\":\"https:\\\/\\\/drescherjewellery.com\\\/de\\\/#\\\/schema\\\/logo\\\/image\\\/\"},\"sameAs\":[\"https:\\\/\\\/www.facebook.com\\\/drescherjewellery\",\"https:\\\/\\\/www.instagram.com\\\/drescherjewellery\",\"https:\\\/\\\/www.tiktok.com\\\/@drescherjewellery\"]}]}<\/script>\n<!-- \/ Yoast SEO Premium plugin. -->","yoast_head_json":{"title":"Silberne Ohrringe mit wei\u00dfem Stein und Anh\u00e4nger mit Perlen | Drescher Jewellery","description":"Fedezd fel a leny\u0171g\u00f6z\u0151 Silberne Ohrringe mit wei\u00dfem Stein und Anh\u00e4nger mit Perlen \u00e9kszer\u00fcnket. T\u00f6k\u00e9letes kieg\u00e9sz\u00edt\u0151 mindennapi viselethez \u00e9s k\u00fcl\u00f6nleges alkalmakra egyar\u00e1nt. Rendeld meg most!","robots":{"index":"index","follow":"follow","max-snippet":"max-snippet:-1","max-image-preview":"max-image-preview:large","max-video-preview":"max-video-preview:-1"},"canonical":"https:\/\/drescherjewellery.com\/de\/termek\/silberne-ohrringe-mit-weissem-stein-und-anhaenger-mit-perlen\/","og_locale":"de_DE","og_type":"article","og_title":"Silberne Ohrringe mit wei\u00dfem Stein und Anh\u00e4nger mit Perlen","og_description":"Fedezd fel a leny\u0171g\u00f6z\u0151 Silberne Ohrringe mit wei\u00dfem Stein und Anh\u00e4nger mit Perlen \u00e9kszer\u00fcnket. T\u00f6k\u00e9letes kieg\u00e9sz\u00edt\u0151 mindennapi viselethez \u00e9s k\u00fcl\u00f6nleges alkalmakra egyar\u00e1nt. Rendeld meg most!","og_url":"https:\/\/drescherjewellery.com\/de\/termek\/silberne-ohrringe-mit-weissem-stein-und-anhaenger-mit-perlen\/","og_site_name":"Drescher Jewellery","article_publisher":"https:\/\/www.facebook.com\/drescherjewellery","og_image":[{"width":800,"height":800,"url":"https:\/\/drescherjewellery.com\/wp-content\/uploads\/2022\/10\/feher-koves-gyongyos-ezust-logos-fulbevalo-medallal-3009.jpg","type":"image\/jpeg"}],"twitter_card":"summary_large_image","twitter_misc":{"Gesch\u00e4tzte Lesezeit":"1\u00a0Minute"},"schema":{"@context":"https:\/\/schema.org","@graph":[{"@type":"WebPage","@id":"https:\/\/drescherjewellery.com\/de\/termek\/silberne-ohrringe-mit-weissem-stein-und-anhaenger-mit-perlen\/","url":"https:\/\/drescherjewellery.com\/de\/termek\/silberne-ohrringe-mit-weissem-stein-und-anhaenger-mit-perlen\/","name":"Silberne Ohrringe mit wei\u00dfem Stein und Anh\u00e4nger mit Perlen | Drescher Jewellery","isPartOf":{"@id":"https:\/\/drescherjewellery.com\/de\/#website"},"primaryImageOfPage":{"@id":"https:\/\/drescherjewellery.com\/de\/termek\/silberne-ohrringe-mit-weissem-stein-und-anhaenger-mit-perlen\/#primaryimage"},"image":{"@id":"https:\/\/drescherjewellery.com\/de\/termek\/silberne-ohrringe-mit-weissem-stein-und-anhaenger-mit-perlen\/#primaryimage"},"thumbnailUrl":"https:\/\/drescherjewellery.com\/wp-content\/uploads\/2022\/10\/feher-koves-gyongyos-ezust-logos-fulbevalo-medallal-3009.jpg","datePublished":"2022-10-21T08:12:56+00:00","description":"Fedezd fel a leny\u0171g\u00f6z\u0151 Silberne Ohrringe mit wei\u00dfem Stein und Anh\u00e4nger mit Perlen \u00e9kszer\u00fcnket. T\u00f6k\u00e9letes kieg\u00e9sz\u00edt\u0151 mindennapi viselethez \u00e9s k\u00fcl\u00f6nleges alkalmakra egyar\u00e1nt. Rendeld meg most!","breadcrumb":{"@id":"https:\/\/drescherjewellery.com\/de\/termek\/silberne-ohrringe-mit-weissem-stein-und-anhaenger-mit-perlen\/#breadcrumb"},"inLanguage":"de","potentialAction":[{"@type":"ReadAction","target":["https:\/\/drescherjewellery.com\/de\/termek\/silberne-ohrringe-mit-weissem-stein-und-anhaenger-mit-perlen\/"]}]},{"@type":"ImageObject","inLanguage":"de","@id":"https:\/\/drescherjewellery.com\/de\/termek\/silberne-ohrringe-mit-weissem-stein-und-anhaenger-mit-perlen\/#primaryimage","url":"https:\/\/drescherjewellery.com\/wp-content\/uploads\/2022\/10\/feher-koves-gyongyos-ezust-logos-fulbevalo-medallal-3009.jpg","contentUrl":"https:\/\/drescherjewellery.com\/wp-content\/uploads\/2022\/10\/feher-koves-gyongyos-ezust-logos-fulbevalo-medallal-3009.jpg","width":800,"height":800},{"@type":"BreadcrumbList","@id":"https:\/\/drescherjewellery.com\/de\/termek\/silberne-ohrringe-mit-weissem-stein-und-anhaenger-mit-perlen\/#breadcrumb","itemListElement":[{"@type":"ListItem","position":1,"name":"Kezd\u0151lap","item":"https:\/\/drescherjewellery.com\/de\/"},{"@type":"ListItem","position":2,"name":"Shop","item":"https:\/\/drescherjewellery.com\/de\/shop\/"},{"@type":"ListItem","position":3,"name":"Silberne Ohrringe mit wei\u00dfem Stein und Anh\u00e4nger mit Perlen"}]},{"@type":"WebSite","@id":"https:\/\/drescherjewellery.com\/de\/#website","url":"https:\/\/drescherjewellery.com\/de\/","name":"Drescher Jewellery","description":"Tedd t\u00f6k\u00e9letesebb\u00e9 mindennapjaid a Drescher Jewellery \u00e9kszereivel.","publisher":{"@id":"https:\/\/drescherjewellery.com\/de\/#organization"},"alternateName":"Ez\u00fcst \u00c9kszer Web\u00e1ruh\u00e1z","potentialAction":[{"@type":"SearchAction","target":{"@type":"EntryPoint","urlTemplate":"https:\/\/drescherjewellery.com\/de\/?s={search_term_string}"},"query-input":{"@type":"PropertyValueSpecification","valueRequired":true,"valueName":"search_term_string"}}],"inLanguage":"de"},{"@type":"Organization","@id":"https:\/\/drescherjewellery.com\/de\/#organization","name":"Drescher Jewellery","url":"https:\/\/drescherjewellery.com\/de\/","logo":{"@type":"ImageObject","inLanguage":"de","@id":"https:\/\/drescherjewellery.com\/de\/#\/schema\/logo\/image\/","url":"https:\/\/drescherjewellery.com\/wp-content\/uploads\/2026\/01\/Drescher-Jewellery-wpml.png","contentUrl":"https:\/\/drescherjewellery.com\/wp-content\/uploads\/2026\/01\/Drescher-Jewellery-wpml.png","width":500,"height":500,"caption":"Drescher Jewellery"},"image":{"@id":"https:\/\/drescherjewellery.com\/de\/#\/schema\/logo\/image\/"},"sameAs":["https:\/\/www.facebook.com\/drescherjewellery","https:\/\/www.instagram.com\/drescherjewellery","https:\/\/www.tiktok.com\/@drescherjewellery"]}]}},"_links":{"self":[{"href":"https:\/\/drescherjewellery.com\/de\/wp-json\/wp\/v2\/product\/112798","targetHints":{"allow":["GET"]}}],"collection":[{"href":"https:\/\/drescherjewellery.com\/de\/wp-json\/wp\/v2\/product"}],"about":[{"href":"https:\/\/drescherjewellery.com\/de\/wp-json\/wp\/v2\/types\/product"}],"version-history":[{"count":0,"href":"https:\/\/drescherjewellery.com\/de\/wp-json\/wp\/v2\/product\/112798\/revisions"}],"wp:featuredmedia":[{"embeddable":true,"href":"https:\/\/drescherjewellery.com\/de\/wp-json\/wp\/v2\/media\/97560"}],"wp:attachment":[{"href":"https:\/\/drescherjewellery.com\/de\/wp-json\/wp\/v2\/media?parent=112798"}],"wp:term":[{"taxonomy":"product_brand","embeddable":true,"href":"https:\/\/drescherjewellery.com\/de\/wp-json\/wp\/v2\/product_brand?post=112798"},{"taxonomy":"product_cat","embeddable":true,"href":"https:\/\/drescherjewellery.com\/de\/wp-json\/wp\/v2\/product_cat?post=112798"},{"taxonomy":"product_tag","embeddable":true,"href":"https:\/\/drescherjewellery.com\/de\/wp-json\/wp\/v2\/product_tag?post=112798"}],"curies":[{"name":"wp","href":"https:\/\/api.w.org\/{rel}","templated":true}]}}