{"id":112942,"date":"2025-05-15T13:50:05","date_gmt":"2025-05-15T11:50:05","guid":{"rendered":"https:\/\/dianasilver.hu\/termek\/silbernes-rechteckiges-schmuckstueck-mit-schwarzem-stein\/"},"modified":"2025-05-15T13:50:05","modified_gmt":"2025-05-15T11:50:05","slug":"silbernes-rechteckiges-schmuckstueck-mit-schwarzem-stein","status":"publish","type":"product","link":"https:\/\/drescherjewellery.com\/de\/termek\/silbernes-rechteckiges-schmuckstueck-mit-schwarzem-stein\/","title":{"rendered":"Silbernes rechteckiges Schmuckst\u00fcck mit schwarzem Stein"},"content":{"rendered":"<h3 data-start=\"442\" data-end=\"533\"><strong data-start=\"446\" data-end=\"533\">Silberner rechteckiger Kronleuchter aus schwarzem Stein &#8211; moderner Stil mit elegantem Aussehen<\/strong><\/h3>\n<p data-start=\"535\" data-end=\"804\">Dieses einzigartige Schmuckset <strong data-start=\"551\" data-end=\"570\">von AG 925 Silber<\/strong> kombiniert minimalistische Linien mit charaktervollen Details. Das Set umfasst einen akzentuierten rechteckigen Anh\u00e4nger (ohne Kette) und ein Paar <strong data-start=\"722\" data-end=\"748\">Ohrringe mit Patentverschluss<\/strong>, die beide mit zarten schwarzen Steinen verziert sind. <\/p>\n<p data-start=\"806\" data-end=\"1026\">Der Kontrast aus geometrischen Formen und schwarzen Steinen sorgt f\u00fcr einen einzigartigen Stil, ob f\u00fcr l\u00e4ssige Kleidung oder f\u00fcr einen eleganten Look. Die <strong data-start=\"954\" data-end=\"979\">Ohrringe mit Patentverschluss<\/strong> sorgen f\u00fcr einen sicheren und bequemen Tragekomfort. <\/p>\n<p data-start=\"1028\" data-end=\"1071\">\ud83d\udda4 <strong data-start=\"1031\" data-end=\"1069\">Was symbolisieren die schwarzen Steine?<\/strong><\/p>\n<ul data-start=\"1072\" data-end=\"1243\">\n<li data-start=\"1072\" data-end=\"1119\">\n<p data-start=\"1074\" data-end=\"1119\">Sie sind Ausdruck von Kraft, Tiefe und Geheimnis.<\/p>\n<\/li>\n<li data-start=\"1120\" data-end=\"1180\">\n<p data-start=\"1122\" data-end=\"1180\">Symbole f\u00fcr raffinierten Geschmack und selbstbewusstes Auftreten.<\/p>\n<\/li>\n<li data-start=\"1181\" data-end=\"1243\">\n<p data-start=\"1183\" data-end=\"1243\">Sie passen perfekt zu einem modernen, k\u00fchnen Stil.<\/p>\n<\/li>\n<\/ul>\n<p data-start=\"1245\" data-end=\"1288\">\u2728 <strong data-start=\"1247\" data-end=\"1286\">Warum sollten Sie dieses Schmuckset w\u00e4hlen?<\/strong><\/p>\n<ul data-start=\"1289\" data-end=\"1561\">\n<li data-start=\"1289\" data-end=\"1354\">\n<p data-start=\"1291\" data-end=\"1354\"><strong data-start=\"1291\" data-end=\"1315\">Hochwertiges 925er Sterlingsilber<\/strong> mit Rhodiumbeschichtung f\u00fcr einen lang anhaltenden Glanz.<\/p>\n<\/li>\n<li data-start=\"1355\" data-end=\"1414\">\n<p data-start=\"1357\" data-end=\"1414\"><strong data-start=\"1357\" data-end=\"1379\">Geometrisches Design<\/strong>: rechteckige Form mit schwarzen Steinen.<\/p>\n<\/li>\n<li data-start=\"1415\" data-end=\"1488\">\n<p data-start=\"1417\" data-end=\"1488\"><strong data-start=\"1417\" data-end=\"1452\">Bequeme Ohrringe mit Patentverschluss<\/strong>: sicher den ganzen Tag zu tragen.<\/p>\n<\/li>\n<li data-start=\"1489\" data-end=\"1561\">\n<p data-start=\"1491\" data-end=\"1561\"><strong data-start=\"1491\" data-end=\"1513\">Anh\u00e4nger ohne Kette<\/strong>: frei kombinierbar mit Ihrer eigenen Halskette.<\/p>\n<\/li>\n<\/ul>\n<p data-start=\"1563\" data-end=\"1691\">\ud83c\udf81 <strong data-start=\"1566\" data-end=\"1687\">Perfekt als Geschenk &#8211; oder w\u00e4hlen Sie dieses moderne und doch dezent elegante Set, um Ihren eigenen Stil zu unterstreichen!<\/strong> \ud83d\udda4\u2728<\/p>\n","protected":false},"excerpt":{"rendered":"<p>Silberner rechteckiger Kronleuchter aus schwarzen Steinen &#8211; klare Form, charaktervoller Stil! \u2728<br data-start=\"285\" data-end=\"288\">Modernes, geometrisches Design und brillante schwarze Steine machen dieses Set zu einem stilvollen Accessoire. Der Anh\u00e4nger ist ohne Kette erh\u00e4ltlich. <\/p>\n","protected":false},"featured_media":104001,"template":"","meta":[],"product_brand":[],"product_cat":[526],"product_tag":[527,634],"class_list":{"0":"post-112942","1":"product","2":"type-product","3":"status-publish","4":"has-post-thumbnail","6":"product_cat-silberschmuck-set","7":"product_tag-damen","8":"product_tag-farbenfroh","9":"description-off","11":"first","12":"instock","13":"taxable","14":"shipping-taxable","15":"purchasable","16":"product-type-simple"},"yoast_head":"<!-- This site is optimized with the Yoast SEO Premium plugin v26.8 (Yoast SEO v27.4) - https:\/\/yoast.com\/product\/yoast-seo-premium-wordpress\/ -->\n<title>Silbernes rechteckiges Schmuckst\u00fcck mit schwarzem Stein | Drescher Jewellery<\/title>\n<meta name=\"description\" content=\"Fedezd fel a leny\u0171g\u00f6z\u0151 Silbernes rechteckiges Schmuckst\u00fcck mit schwarzem Stein \u00e9kszer\u00fcnket. T\u00f6k\u00e9letes kieg\u00e9sz\u00edt\u0151 mindennapi viselethez \u00e9s k\u00fcl\u00f6nleges alkalmakra egyar\u00e1nt. Rendeld meg most!\" \/>\n<meta name=\"robots\" content=\"index, follow, max-snippet:-1, max-image-preview:large, max-video-preview:-1\" \/>\n<link rel=\"canonical\" href=\"https:\/\/drescherjewellery.com\/de\/termek\/silbernes-rechteckiges-schmuckstueck-mit-schwarzem-stein\/\" \/>\n<meta property=\"og:locale\" content=\"de_DE\" \/>\n<meta property=\"og:type\" content=\"article\" \/>\n<meta property=\"og:title\" content=\"Silbernes rechteckiges Schmuckst\u00fcck mit schwarzem Stein\" \/>\n<meta property=\"og:description\" content=\"Fedezd fel a leny\u0171g\u00f6z\u0151 Silbernes rechteckiges Schmuckst\u00fcck mit schwarzem Stein \u00e9kszer\u00fcnket. T\u00f6k\u00e9letes kieg\u00e9sz\u00edt\u0151 mindennapi viselethez \u00e9s k\u00fcl\u00f6nleges alkalmakra egyar\u00e1nt. Rendeld meg most!\" \/>\n<meta property=\"og:url\" content=\"https:\/\/drescherjewellery.com\/de\/termek\/silbernes-rechteckiges-schmuckstueck-mit-schwarzem-stein\/\" \/>\n<meta property=\"og:site_name\" content=\"Drescher Jewellery\" \/>\n<meta property=\"article:publisher\" content=\"https:\/\/www.facebook.com\/drescherjewellery\" \/>\n<meta property=\"og:image\" content=\"https:\/\/drescherjewellery.com\/wp-content\/uploads\/2025\/05\/Ezust-teglalap-alaku-fekete-koves-ekszerszett_2-2.jpg\" \/>\n\t<meta property=\"og:image:width\" content=\"1350\" \/>\n\t<meta property=\"og:image:height\" content=\"1800\" \/>\n\t<meta property=\"og:image:type\" content=\"image\/jpeg\" \/>\n<meta name=\"twitter:card\" content=\"summary_large_image\" \/>\n<meta name=\"twitter:label1\" content=\"Gesch\u00e4tzte Lesezeit\" \/>\n\t<meta name=\"twitter:data1\" content=\"1\u00a0Minute\" \/>\n<script type=\"application\/ld+json\" class=\"yoast-schema-graph\">{\"@context\":\"https:\\\/\\\/schema.org\",\"@graph\":[{\"@type\":\"WebPage\",\"@id\":\"https:\\\/\\\/drescherjewellery.com\\\/de\\\/termek\\\/silbernes-rechteckiges-schmuckstueck-mit-schwarzem-stein\\\/\",\"url\":\"https:\\\/\\\/drescherjewellery.com\\\/de\\\/termek\\\/silbernes-rechteckiges-schmuckstueck-mit-schwarzem-stein\\\/\",\"name\":\"Silbernes rechteckiges Schmuckst\u00fcck mit schwarzem Stein | Drescher Jewellery\",\"isPartOf\":{\"@id\":\"https:\\\/\\\/drescherjewellery.com\\\/de\\\/#website\"},\"primaryImageOfPage\":{\"@id\":\"https:\\\/\\\/drescherjewellery.com\\\/de\\\/termek\\\/silbernes-rechteckiges-schmuckstueck-mit-schwarzem-stein\\\/#primaryimage\"},\"image\":{\"@id\":\"https:\\\/\\\/drescherjewellery.com\\\/de\\\/termek\\\/silbernes-rechteckiges-schmuckstueck-mit-schwarzem-stein\\\/#primaryimage\"},\"thumbnailUrl\":\"https:\\\/\\\/drescherjewellery.com\\\/wp-content\\\/uploads\\\/2025\\\/05\\\/Ezust-teglalap-alaku-fekete-koves-ekszerszett_2-2.jpg\",\"datePublished\":\"2025-05-15T11:50:05+00:00\",\"description\":\"Fedezd fel a leny\u0171g\u00f6z\u0151 Silbernes rechteckiges Schmuckst\u00fcck mit schwarzem Stein \u00e9kszer\u00fcnket. T\u00f6k\u00e9letes kieg\u00e9sz\u00edt\u0151 mindennapi viselethez \u00e9s k\u00fcl\u00f6nleges alkalmakra egyar\u00e1nt. Rendeld meg most!\",\"breadcrumb\":{\"@id\":\"https:\\\/\\\/drescherjewellery.com\\\/de\\\/termek\\\/silbernes-rechteckiges-schmuckstueck-mit-schwarzem-stein\\\/#breadcrumb\"},\"inLanguage\":\"de\",\"potentialAction\":[{\"@type\":\"ReadAction\",\"target\":[\"https:\\\/\\\/drescherjewellery.com\\\/de\\\/termek\\\/silbernes-rechteckiges-schmuckstueck-mit-schwarzem-stein\\\/\"]}]},{\"@type\":\"ImageObject\",\"inLanguage\":\"de\",\"@id\":\"https:\\\/\\\/drescherjewellery.com\\\/de\\\/termek\\\/silbernes-rechteckiges-schmuckstueck-mit-schwarzem-stein\\\/#primaryimage\",\"url\":\"https:\\\/\\\/drescherjewellery.com\\\/wp-content\\\/uploads\\\/2025\\\/05\\\/Ezust-teglalap-alaku-fekete-koves-ekszerszett_2-2.jpg\",\"contentUrl\":\"https:\\\/\\\/drescherjewellery.com\\\/wp-content\\\/uploads\\\/2025\\\/05\\\/Ezust-teglalap-alaku-fekete-koves-ekszerszett_2-2.jpg\",\"width\":1350,\"height\":1800},{\"@type\":\"BreadcrumbList\",\"@id\":\"https:\\\/\\\/drescherjewellery.com\\\/de\\\/termek\\\/silbernes-rechteckiges-schmuckstueck-mit-schwarzem-stein\\\/#breadcrumb\",\"itemListElement\":[{\"@type\":\"ListItem\",\"position\":1,\"name\":\"Kezd\u0151lap\",\"item\":\"https:\\\/\\\/drescherjewellery.com\\\/de\\\/\"},{\"@type\":\"ListItem\",\"position\":2,\"name\":\"Shop\",\"item\":\"https:\\\/\\\/drescherjewellery.com\\\/de\\\/shop\\\/\"},{\"@type\":\"ListItem\",\"position\":3,\"name\":\"Silbernes rechteckiges Schmuckst\u00fcck mit schwarzem Stein\"}]},{\"@type\":\"WebSite\",\"@id\":\"https:\\\/\\\/drescherjewellery.com\\\/de\\\/#website\",\"url\":\"https:\\\/\\\/drescherjewellery.com\\\/de\\\/\",\"name\":\"Drescher Jewellery\",\"description\":\"Tedd t\u00f6k\u00e9letesebb\u00e9 mindennapjaid a Drescher Jewellery \u00e9kszereivel.\",\"publisher\":{\"@id\":\"https:\\\/\\\/drescherjewellery.com\\\/de\\\/#organization\"},\"alternateName\":\"Ez\u00fcst \u00c9kszer Web\u00e1ruh\u00e1z\",\"potentialAction\":[{\"@type\":\"SearchAction\",\"target\":{\"@type\":\"EntryPoint\",\"urlTemplate\":\"https:\\\/\\\/drescherjewellery.com\\\/de\\\/?s={search_term_string}\"},\"query-input\":{\"@type\":\"PropertyValueSpecification\",\"valueRequired\":true,\"valueName\":\"search_term_string\"}}],\"inLanguage\":\"de\"},{\"@type\":\"Organization\",\"@id\":\"https:\\\/\\\/drescherjewellery.com\\\/de\\\/#organization\",\"name\":\"Drescher Jewellery\",\"url\":\"https:\\\/\\\/drescherjewellery.com\\\/de\\\/\",\"logo\":{\"@type\":\"ImageObject\",\"inLanguage\":\"de\",\"@id\":\"https:\\\/\\\/drescherjewellery.com\\\/de\\\/#\\\/schema\\\/logo\\\/image\\\/\",\"url\":\"https:\\\/\\\/drescherjewellery.com\\\/wp-content\\\/uploads\\\/2026\\\/01\\\/Drescher-Jewellery-wpml.png\",\"contentUrl\":\"https:\\\/\\\/drescherjewellery.com\\\/wp-content\\\/uploads\\\/2026\\\/01\\\/Drescher-Jewellery-wpml.png\",\"width\":500,\"height\":500,\"caption\":\"Drescher Jewellery\"},\"image\":{\"@id\":\"https:\\\/\\\/drescherjewellery.com\\\/de\\\/#\\\/schema\\\/logo\\\/image\\\/\"},\"sameAs\":[\"https:\\\/\\\/www.facebook.com\\\/drescherjewellery\",\"https:\\\/\\\/www.instagram.com\\\/drescherjewellery\",\"https:\\\/\\\/www.tiktok.com\\\/@drescherjewellery\"]}]}<\/script>\n<!-- \/ Yoast SEO Premium plugin. -->","yoast_head_json":{"title":"Silbernes rechteckiges Schmuckst\u00fcck mit schwarzem Stein | Drescher Jewellery","description":"Fedezd fel a leny\u0171g\u00f6z\u0151 Silbernes rechteckiges Schmuckst\u00fcck mit schwarzem Stein \u00e9kszer\u00fcnket. T\u00f6k\u00e9letes kieg\u00e9sz\u00edt\u0151 mindennapi viselethez \u00e9s k\u00fcl\u00f6nleges alkalmakra egyar\u00e1nt. Rendeld meg most!","robots":{"index":"index","follow":"follow","max-snippet":"max-snippet:-1","max-image-preview":"max-image-preview:large","max-video-preview":"max-video-preview:-1"},"canonical":"https:\/\/drescherjewellery.com\/de\/termek\/silbernes-rechteckiges-schmuckstueck-mit-schwarzem-stein\/","og_locale":"de_DE","og_type":"article","og_title":"Silbernes rechteckiges Schmuckst\u00fcck mit schwarzem Stein","og_description":"Fedezd fel a leny\u0171g\u00f6z\u0151 Silbernes rechteckiges Schmuckst\u00fcck mit schwarzem Stein \u00e9kszer\u00fcnket. T\u00f6k\u00e9letes kieg\u00e9sz\u00edt\u0151 mindennapi viselethez \u00e9s k\u00fcl\u00f6nleges alkalmakra egyar\u00e1nt. Rendeld meg most!","og_url":"https:\/\/drescherjewellery.com\/de\/termek\/silbernes-rechteckiges-schmuckstueck-mit-schwarzem-stein\/","og_site_name":"Drescher Jewellery","article_publisher":"https:\/\/www.facebook.com\/drescherjewellery","og_image":[{"width":1350,"height":1800,"url":"https:\/\/drescherjewellery.com\/wp-content\/uploads\/2025\/05\/Ezust-teglalap-alaku-fekete-koves-ekszerszett_2-2.jpg","type":"image\/jpeg"}],"twitter_card":"summary_large_image","twitter_misc":{"Gesch\u00e4tzte Lesezeit":"1\u00a0Minute"},"schema":{"@context":"https:\/\/schema.org","@graph":[{"@type":"WebPage","@id":"https:\/\/drescherjewellery.com\/de\/termek\/silbernes-rechteckiges-schmuckstueck-mit-schwarzem-stein\/","url":"https:\/\/drescherjewellery.com\/de\/termek\/silbernes-rechteckiges-schmuckstueck-mit-schwarzem-stein\/","name":"Silbernes rechteckiges Schmuckst\u00fcck mit schwarzem Stein | Drescher Jewellery","isPartOf":{"@id":"https:\/\/drescherjewellery.com\/de\/#website"},"primaryImageOfPage":{"@id":"https:\/\/drescherjewellery.com\/de\/termek\/silbernes-rechteckiges-schmuckstueck-mit-schwarzem-stein\/#primaryimage"},"image":{"@id":"https:\/\/drescherjewellery.com\/de\/termek\/silbernes-rechteckiges-schmuckstueck-mit-schwarzem-stein\/#primaryimage"},"thumbnailUrl":"https:\/\/drescherjewellery.com\/wp-content\/uploads\/2025\/05\/Ezust-teglalap-alaku-fekete-koves-ekszerszett_2-2.jpg","datePublished":"2025-05-15T11:50:05+00:00","description":"Fedezd fel a leny\u0171g\u00f6z\u0151 Silbernes rechteckiges Schmuckst\u00fcck mit schwarzem Stein \u00e9kszer\u00fcnket. T\u00f6k\u00e9letes kieg\u00e9sz\u00edt\u0151 mindennapi viselethez \u00e9s k\u00fcl\u00f6nleges alkalmakra egyar\u00e1nt. Rendeld meg most!","breadcrumb":{"@id":"https:\/\/drescherjewellery.com\/de\/termek\/silbernes-rechteckiges-schmuckstueck-mit-schwarzem-stein\/#breadcrumb"},"inLanguage":"de","potentialAction":[{"@type":"ReadAction","target":["https:\/\/drescherjewellery.com\/de\/termek\/silbernes-rechteckiges-schmuckstueck-mit-schwarzem-stein\/"]}]},{"@type":"ImageObject","inLanguage":"de","@id":"https:\/\/drescherjewellery.com\/de\/termek\/silbernes-rechteckiges-schmuckstueck-mit-schwarzem-stein\/#primaryimage","url":"https:\/\/drescherjewellery.com\/wp-content\/uploads\/2025\/05\/Ezust-teglalap-alaku-fekete-koves-ekszerszett_2-2.jpg","contentUrl":"https:\/\/drescherjewellery.com\/wp-content\/uploads\/2025\/05\/Ezust-teglalap-alaku-fekete-koves-ekszerszett_2-2.jpg","width":1350,"height":1800},{"@type":"BreadcrumbList","@id":"https:\/\/drescherjewellery.com\/de\/termek\/silbernes-rechteckiges-schmuckstueck-mit-schwarzem-stein\/#breadcrumb","itemListElement":[{"@type":"ListItem","position":1,"name":"Kezd\u0151lap","item":"https:\/\/drescherjewellery.com\/de\/"},{"@type":"ListItem","position":2,"name":"Shop","item":"https:\/\/drescherjewellery.com\/de\/shop\/"},{"@type":"ListItem","position":3,"name":"Silbernes rechteckiges Schmuckst\u00fcck mit schwarzem Stein"}]},{"@type":"WebSite","@id":"https:\/\/drescherjewellery.com\/de\/#website","url":"https:\/\/drescherjewellery.com\/de\/","name":"Drescher Jewellery","description":"Tedd t\u00f6k\u00e9letesebb\u00e9 mindennapjaid a Drescher Jewellery \u00e9kszereivel.","publisher":{"@id":"https:\/\/drescherjewellery.com\/de\/#organization"},"alternateName":"Ez\u00fcst \u00c9kszer Web\u00e1ruh\u00e1z","potentialAction":[{"@type":"SearchAction","target":{"@type":"EntryPoint","urlTemplate":"https:\/\/drescherjewellery.com\/de\/?s={search_term_string}"},"query-input":{"@type":"PropertyValueSpecification","valueRequired":true,"valueName":"search_term_string"}}],"inLanguage":"de"},{"@type":"Organization","@id":"https:\/\/drescherjewellery.com\/de\/#organization","name":"Drescher Jewellery","url":"https:\/\/drescherjewellery.com\/de\/","logo":{"@type":"ImageObject","inLanguage":"de","@id":"https:\/\/drescherjewellery.com\/de\/#\/schema\/logo\/image\/","url":"https:\/\/drescherjewellery.com\/wp-content\/uploads\/2026\/01\/Drescher-Jewellery-wpml.png","contentUrl":"https:\/\/drescherjewellery.com\/wp-content\/uploads\/2026\/01\/Drescher-Jewellery-wpml.png","width":500,"height":500,"caption":"Drescher Jewellery"},"image":{"@id":"https:\/\/drescherjewellery.com\/de\/#\/schema\/logo\/image\/"},"sameAs":["https:\/\/www.facebook.com\/drescherjewellery","https:\/\/www.instagram.com\/drescherjewellery","https:\/\/www.tiktok.com\/@drescherjewellery"]}]}},"_links":{"self":[{"href":"https:\/\/drescherjewellery.com\/de\/wp-json\/wp\/v2\/product\/112942","targetHints":{"allow":["GET"]}}],"collection":[{"href":"https:\/\/drescherjewellery.com\/de\/wp-json\/wp\/v2\/product"}],"about":[{"href":"https:\/\/drescherjewellery.com\/de\/wp-json\/wp\/v2\/types\/product"}],"version-history":[{"count":0,"href":"https:\/\/drescherjewellery.com\/de\/wp-json\/wp\/v2\/product\/112942\/revisions"}],"wp:featuredmedia":[{"embeddable":true,"href":"https:\/\/drescherjewellery.com\/de\/wp-json\/wp\/v2\/media\/104001"}],"wp:attachment":[{"href":"https:\/\/drescherjewellery.com\/de\/wp-json\/wp\/v2\/media?parent=112942"}],"wp:term":[{"taxonomy":"product_brand","embeddable":true,"href":"https:\/\/drescherjewellery.com\/de\/wp-json\/wp\/v2\/product_brand?post=112942"},{"taxonomy":"product_cat","embeddable":true,"href":"https:\/\/drescherjewellery.com\/de\/wp-json\/wp\/v2\/product_cat?post=112942"},{"taxonomy":"product_tag","embeddable":true,"href":"https:\/\/drescherjewellery.com\/de\/wp-json\/wp\/v2\/product_tag?post=112942"}],"curies":[{"name":"wp","href":"https:\/\/api.w.org\/{rel}","templated":true}]}}