{"id":112991,"date":"2025-05-26T13:03:14","date_gmt":"2025-05-26T11:03:14","guid":{"rendered":"https:\/\/dianasilver.hu\/termek\/silberne-badminton-und-badmintonball-anhaenger-halskette-mit-weissem-zirkonia-und-perle\/"},"modified":"2025-05-26T13:03:14","modified_gmt":"2025-05-26T11:03:14","slug":"silberne-badminton-und-badmintonball-anhaenger-halskette-mit-weissem-zirkonia-und-perle","status":"publish","type":"product","link":"https:\/\/drescherjewellery.com\/de\/termek\/silberne-badminton-und-badmintonball-anhaenger-halskette-mit-weissem-zirkonia-und-perle\/","title":{"rendered":"Silberne Badminton und Badmintonball Anh\u00e4nger Halskette mit wei\u00dfem Zirkonia und Perle"},"content":{"rendered":"<h2 data-start=\"461\" data-end=\"867\">Silberner Badminton-Schl\u00e4ger und Badminton-Halskette &#8211; Bewegung, Verspieltheit und Stil in einem Schmuckst\u00fcck<\/h2>\n<p data-start=\"461\" data-end=\"867\">Diese atemberaubende Halskette aus 925er Sterlingsilber von AG zaubert eine einzigartige, sportliche Ausstrahlung. Der mit Zirkonia besetzte Badmintonschl\u00e4ger und der zarte, mit Perlen besetzte Badminton-Anh\u00e4nger stehen f\u00fcr Bewegungsfreiheit und Weiblichkeit. Die Halskette hat einen subtilen Glanz, perfekt f\u00fcr den Alltag und besondere Anl\u00e4sse.  <\/p>\n<p data-start=\"869\" data-end=\"925\">\ud83c\udfbe Was symbolisiert der Badmintonschl\u00e4ger und die Badmintonform?<\/p>\n<ul data-start=\"926\" data-end=\"1074\">\n<li data-start=\"926\" data-end=\"967\">\n<p data-start=\"928\" data-end=\"967\">Die Freiheit und Dynamik der Bewegung.<\/p>\n<\/li>\n<li data-start=\"968\" data-end=\"1009\">\n<p data-start=\"970\" data-end=\"1009\">Eine sportliche, energiegeladene Einstellung zum Leben.<\/p>\n<\/li>\n<li data-start=\"1010\" data-end=\"1074\">\n<p data-start=\"1012\" data-end=\"1074\">Ein femininer und verspielter Charme, der die Pers\u00f6nlichkeit der Tr\u00e4gerin unterstreicht.<\/p>\n<\/li>\n<\/ul>\n<p data-start=\"1076\" data-end=\"1111\">\u2728 Warum sollten Sie diese Halskette w\u00e4hlen?<\/p>\n<ul data-start=\"1112\" data-end=\"1379\">\n<li data-start=\"1112\" data-end=\"1157\">\n<p data-start=\"1114\" data-end=\"1157\">Hochwertiges AG 925 Silber mit Rhodiumbeschichtung.<\/p>\n<\/li>\n<li data-start=\"1158\" data-end=\"1207\">\n<p data-start=\"1160\" data-end=\"1207\">Brillante wei\u00dfe Zirkonia-Verzierung auf der Federtorte.<\/p>\n<\/li>\n<li data-start=\"1208\" data-end=\"1273\">\n<p data-start=\"1210\" data-end=\"1273\">Das Ende des Badmintonballs ist mit feinen Perlen verziert &#8211; ein einzigartiges Detail.<\/p>\n<\/li>\n<li data-start=\"1274\" data-end=\"1308\">\n<p data-start=\"1276\" data-end=\"1308\">Sportliches und doch elegantes Design.<\/p>\n<\/li>\n<li data-start=\"1309\" data-end=\"1379\">\n<p data-start=\"1311\" data-end=\"1379\">\ud83d\udccf <strong data-start=\"1314\" data-end=\"1324\">L\u00e4nge:<\/strong> 45 cm + 4 cm Verl\u00e4ngerung am Schloss &#8211; einstellbare Gr\u00f6\u00dfe.<\/p>\n<\/li>\n<\/ul>\n<p data-start=\"1381\" data-end=\"1502\">\ud83c\udf81 Perfekt f\u00fcr einen sportlichen Look oder als Geschenk f\u00fcr eine energiegeladene Frau &#8211; strahlen und sich frei bewegen! \ud83c\udfbe\u2728 <\/p>\n","protected":false},"excerpt":{"rendered":"<p>Silberne Badminton- und Federball-Anh\u00e4nger-Halskette &#8211; sportlicher Charme und Glamour f\u00fcr jeden Tag! \u2728<br data-start=\"350\" data-end=\"353\">Das verspielte und elegante Design strahlt die perfekte Harmonie von Bewegung und Weiblichkeit aus.<\/p>\n","protected":false},"featured_media":103911,"template":"","meta":[],"product_brand":[],"product_cat":[679],"product_tag":[527,650,636],"class_list":{"0":"post-112991","1":"product","2":"type-product","3":"status-publish","4":"has-post-thumbnail","6":"product_cat-silberne-halskette-mit-anhanger","7":"product_tag-damen","8":"product_tag-kinder-silberschmuck","9":"product_tag-sport","10":"description-off","12":"first","13":"instock","14":"taxable","15":"shipping-taxable","16":"purchasable","17":"product-type-simple"},"yoast_head":"<!-- This site is optimized with the Yoast SEO Premium plugin v26.8 (Yoast SEO v27.4) - https:\/\/yoast.com\/product\/yoast-seo-premium-wordpress\/ -->\n<title>Silberne Badminton und Badmintonball Anh\u00e4nger Halskette mit wei\u00dfem Zirkonia und Perle | Drescher Jewellery<\/title>\n<meta name=\"description\" content=\"Fedezd fel a leny\u0171g\u00f6z\u0151 Silberne Badminton und Badmintonball Anh\u00e4nger Halskette mit wei\u00dfem Zirkonia und Perle \u00e9kszer\u00fcnket. T\u00f6k\u00e9letes kieg\u00e9sz\u00edt\u0151 mindennapi viselethez \u00e9s k\u00fcl\u00f6nleges alkalmakra egyar\u00e1nt. Rendeld meg most!\" \/>\n<meta name=\"robots\" content=\"index, follow, max-snippet:-1, max-image-preview:large, max-video-preview:-1\" \/>\n<link rel=\"canonical\" href=\"https:\/\/drescherjewellery.com\/de\/termek\/silberne-badminton-und-badmintonball-anhaenger-halskette-mit-weissem-zirkonia-und-perle\/\" \/>\n<meta property=\"og:locale\" content=\"de_DE\" \/>\n<meta property=\"og:type\" content=\"article\" \/>\n<meta property=\"og:title\" content=\"Silberne Badminton und Badmintonball Anh\u00e4nger Halskette mit wei\u00dfem Zirkonia und Perle\" \/>\n<meta property=\"og:description\" content=\"Fedezd fel a leny\u0171g\u00f6z\u0151 Silberne Badminton und Badmintonball Anh\u00e4nger Halskette mit wei\u00dfem Zirkonia und Perle \u00e9kszer\u00fcnket. T\u00f6k\u00e9letes kieg\u00e9sz\u00edt\u0151 mindennapi viselethez \u00e9s k\u00fcl\u00f6nleges alkalmakra egyar\u00e1nt. Rendeld meg most!\" \/>\n<meta property=\"og:url\" content=\"https:\/\/drescherjewellery.com\/de\/termek\/silberne-badminton-und-badmintonball-anhaenger-halskette-mit-weissem-zirkonia-und-perle\/\" \/>\n<meta property=\"og:site_name\" content=\"Drescher Jewellery\" \/>\n<meta property=\"article:publisher\" content=\"https:\/\/www.facebook.com\/drescherjewellery\" \/>\n<meta property=\"og:image\" content=\"https:\/\/drescherjewellery.com\/wp-content\/uploads\/2025\/05\/Ezust-tollasuto-es-tollaslabda-medalos-nyaklanc-feher-cirkoniaval-es-gyonggyel_1.jpg\" \/>\n\t<meta property=\"og:image:width\" content=\"1350\" \/>\n\t<meta property=\"og:image:height\" content=\"1800\" \/>\n\t<meta property=\"og:image:type\" content=\"image\/jpeg\" \/>\n<meta name=\"twitter:card\" content=\"summary_large_image\" \/>\n<meta name=\"twitter:label1\" content=\"Gesch\u00e4tzte Lesezeit\" \/>\n\t<meta name=\"twitter:data1\" content=\"1\u00a0Minute\" \/>\n<script type=\"application\/ld+json\" class=\"yoast-schema-graph\">{\"@context\":\"https:\\\/\\\/schema.org\",\"@graph\":[{\"@type\":\"WebPage\",\"@id\":\"https:\\\/\\\/drescherjewellery.com\\\/de\\\/termek\\\/silberne-badminton-und-badmintonball-anhaenger-halskette-mit-weissem-zirkonia-und-perle\\\/\",\"url\":\"https:\\\/\\\/drescherjewellery.com\\\/de\\\/termek\\\/silberne-badminton-und-badmintonball-anhaenger-halskette-mit-weissem-zirkonia-und-perle\\\/\",\"name\":\"Silberne Badminton und Badmintonball Anh\u00e4nger Halskette mit wei\u00dfem Zirkonia und Perle | Drescher Jewellery\",\"isPartOf\":{\"@id\":\"https:\\\/\\\/drescherjewellery.com\\\/de\\\/#website\"},\"primaryImageOfPage\":{\"@id\":\"https:\\\/\\\/drescherjewellery.com\\\/de\\\/termek\\\/silberne-badminton-und-badmintonball-anhaenger-halskette-mit-weissem-zirkonia-und-perle\\\/#primaryimage\"},\"image\":{\"@id\":\"https:\\\/\\\/drescherjewellery.com\\\/de\\\/termek\\\/silberne-badminton-und-badmintonball-anhaenger-halskette-mit-weissem-zirkonia-und-perle\\\/#primaryimage\"},\"thumbnailUrl\":\"https:\\\/\\\/drescherjewellery.com\\\/wp-content\\\/uploads\\\/2025\\\/05\\\/Ezust-tollasuto-es-tollaslabda-medalos-nyaklanc-feher-cirkoniaval-es-gyonggyel_1.jpg\",\"datePublished\":\"2025-05-26T11:03:14+00:00\",\"description\":\"Fedezd fel a leny\u0171g\u00f6z\u0151 Silberne Badminton und Badmintonball Anh\u00e4nger Halskette mit wei\u00dfem Zirkonia und Perle \u00e9kszer\u00fcnket. T\u00f6k\u00e9letes kieg\u00e9sz\u00edt\u0151 mindennapi viselethez \u00e9s k\u00fcl\u00f6nleges alkalmakra egyar\u00e1nt. Rendeld meg most!\",\"breadcrumb\":{\"@id\":\"https:\\\/\\\/drescherjewellery.com\\\/de\\\/termek\\\/silberne-badminton-und-badmintonball-anhaenger-halskette-mit-weissem-zirkonia-und-perle\\\/#breadcrumb\"},\"inLanguage\":\"de\",\"potentialAction\":[{\"@type\":\"ReadAction\",\"target\":[\"https:\\\/\\\/drescherjewellery.com\\\/de\\\/termek\\\/silberne-badminton-und-badmintonball-anhaenger-halskette-mit-weissem-zirkonia-und-perle\\\/\"]}]},{\"@type\":\"ImageObject\",\"inLanguage\":\"de\",\"@id\":\"https:\\\/\\\/drescherjewellery.com\\\/de\\\/termek\\\/silberne-badminton-und-badmintonball-anhaenger-halskette-mit-weissem-zirkonia-und-perle\\\/#primaryimage\",\"url\":\"https:\\\/\\\/drescherjewellery.com\\\/wp-content\\\/uploads\\\/2025\\\/05\\\/Ezust-tollasuto-es-tollaslabda-medalos-nyaklanc-feher-cirkoniaval-es-gyonggyel_1.jpg\",\"contentUrl\":\"https:\\\/\\\/drescherjewellery.com\\\/wp-content\\\/uploads\\\/2025\\\/05\\\/Ezust-tollasuto-es-tollaslabda-medalos-nyaklanc-feher-cirkoniaval-es-gyonggyel_1.jpg\",\"width\":1350,\"height\":1800},{\"@type\":\"BreadcrumbList\",\"@id\":\"https:\\\/\\\/drescherjewellery.com\\\/de\\\/termek\\\/silberne-badminton-und-badmintonball-anhaenger-halskette-mit-weissem-zirkonia-und-perle\\\/#breadcrumb\",\"itemListElement\":[{\"@type\":\"ListItem\",\"position\":1,\"name\":\"Kezd\u0151lap\",\"item\":\"https:\\\/\\\/drescherjewellery.com\\\/de\\\/\"},{\"@type\":\"ListItem\",\"position\":2,\"name\":\"Shop\",\"item\":\"https:\\\/\\\/drescherjewellery.com\\\/de\\\/shop\\\/\"},{\"@type\":\"ListItem\",\"position\":3,\"name\":\"Silberne Badminton und Badmintonball Anh\u00e4nger Halskette mit wei\u00dfem Zirkonia und Perle\"}]},{\"@type\":\"WebSite\",\"@id\":\"https:\\\/\\\/drescherjewellery.com\\\/de\\\/#website\",\"url\":\"https:\\\/\\\/drescherjewellery.com\\\/de\\\/\",\"name\":\"Drescher Jewellery\",\"description\":\"Tedd t\u00f6k\u00e9letesebb\u00e9 mindennapjaid a Drescher Jewellery \u00e9kszereivel.\",\"publisher\":{\"@id\":\"https:\\\/\\\/drescherjewellery.com\\\/de\\\/#organization\"},\"alternateName\":\"Ez\u00fcst \u00c9kszer Web\u00e1ruh\u00e1z\",\"potentialAction\":[{\"@type\":\"SearchAction\",\"target\":{\"@type\":\"EntryPoint\",\"urlTemplate\":\"https:\\\/\\\/drescherjewellery.com\\\/de\\\/?s={search_term_string}\"},\"query-input\":{\"@type\":\"PropertyValueSpecification\",\"valueRequired\":true,\"valueName\":\"search_term_string\"}}],\"inLanguage\":\"de\"},{\"@type\":\"Organization\",\"@id\":\"https:\\\/\\\/drescherjewellery.com\\\/de\\\/#organization\",\"name\":\"Drescher Jewellery\",\"url\":\"https:\\\/\\\/drescherjewellery.com\\\/de\\\/\",\"logo\":{\"@type\":\"ImageObject\",\"inLanguage\":\"de\",\"@id\":\"https:\\\/\\\/drescherjewellery.com\\\/de\\\/#\\\/schema\\\/logo\\\/image\\\/\",\"url\":\"https:\\\/\\\/drescherjewellery.com\\\/wp-content\\\/uploads\\\/2026\\\/01\\\/Drescher-Jewellery-wpml.png\",\"contentUrl\":\"https:\\\/\\\/drescherjewellery.com\\\/wp-content\\\/uploads\\\/2026\\\/01\\\/Drescher-Jewellery-wpml.png\",\"width\":500,\"height\":500,\"caption\":\"Drescher Jewellery\"},\"image\":{\"@id\":\"https:\\\/\\\/drescherjewellery.com\\\/de\\\/#\\\/schema\\\/logo\\\/image\\\/\"},\"sameAs\":[\"https:\\\/\\\/www.facebook.com\\\/drescherjewellery\",\"https:\\\/\\\/www.instagram.com\\\/drescherjewellery\",\"https:\\\/\\\/www.tiktok.com\\\/@drescherjewellery\"]}]}<\/script>\n<!-- \/ Yoast SEO Premium plugin. -->","yoast_head_json":{"title":"Silberne Badminton und Badmintonball Anh\u00e4nger Halskette mit wei\u00dfem Zirkonia und Perle | Drescher Jewellery","description":"Fedezd fel a leny\u0171g\u00f6z\u0151 Silberne Badminton und Badmintonball Anh\u00e4nger Halskette mit wei\u00dfem Zirkonia und Perle \u00e9kszer\u00fcnket. T\u00f6k\u00e9letes kieg\u00e9sz\u00edt\u0151 mindennapi viselethez \u00e9s k\u00fcl\u00f6nleges alkalmakra egyar\u00e1nt. Rendeld meg most!","robots":{"index":"index","follow":"follow","max-snippet":"max-snippet:-1","max-image-preview":"max-image-preview:large","max-video-preview":"max-video-preview:-1"},"canonical":"https:\/\/drescherjewellery.com\/de\/termek\/silberne-badminton-und-badmintonball-anhaenger-halskette-mit-weissem-zirkonia-und-perle\/","og_locale":"de_DE","og_type":"article","og_title":"Silberne Badminton und Badmintonball Anh\u00e4nger Halskette mit wei\u00dfem Zirkonia und Perle","og_description":"Fedezd fel a leny\u0171g\u00f6z\u0151 Silberne Badminton und Badmintonball Anh\u00e4nger Halskette mit wei\u00dfem Zirkonia und Perle \u00e9kszer\u00fcnket. T\u00f6k\u00e9letes kieg\u00e9sz\u00edt\u0151 mindennapi viselethez \u00e9s k\u00fcl\u00f6nleges alkalmakra egyar\u00e1nt. Rendeld meg most!","og_url":"https:\/\/drescherjewellery.com\/de\/termek\/silberne-badminton-und-badmintonball-anhaenger-halskette-mit-weissem-zirkonia-und-perle\/","og_site_name":"Drescher Jewellery","article_publisher":"https:\/\/www.facebook.com\/drescherjewellery","og_image":[{"width":1350,"height":1800,"url":"https:\/\/drescherjewellery.com\/wp-content\/uploads\/2025\/05\/Ezust-tollasuto-es-tollaslabda-medalos-nyaklanc-feher-cirkoniaval-es-gyonggyel_1.jpg","type":"image\/jpeg"}],"twitter_card":"summary_large_image","twitter_misc":{"Gesch\u00e4tzte Lesezeit":"1\u00a0Minute"},"schema":{"@context":"https:\/\/schema.org","@graph":[{"@type":"WebPage","@id":"https:\/\/drescherjewellery.com\/de\/termek\/silberne-badminton-und-badmintonball-anhaenger-halskette-mit-weissem-zirkonia-und-perle\/","url":"https:\/\/drescherjewellery.com\/de\/termek\/silberne-badminton-und-badmintonball-anhaenger-halskette-mit-weissem-zirkonia-und-perle\/","name":"Silberne Badminton und Badmintonball Anh\u00e4nger Halskette mit wei\u00dfem Zirkonia und Perle | Drescher Jewellery","isPartOf":{"@id":"https:\/\/drescherjewellery.com\/de\/#website"},"primaryImageOfPage":{"@id":"https:\/\/drescherjewellery.com\/de\/termek\/silberne-badminton-und-badmintonball-anhaenger-halskette-mit-weissem-zirkonia-und-perle\/#primaryimage"},"image":{"@id":"https:\/\/drescherjewellery.com\/de\/termek\/silberne-badminton-und-badmintonball-anhaenger-halskette-mit-weissem-zirkonia-und-perle\/#primaryimage"},"thumbnailUrl":"https:\/\/drescherjewellery.com\/wp-content\/uploads\/2025\/05\/Ezust-tollasuto-es-tollaslabda-medalos-nyaklanc-feher-cirkoniaval-es-gyonggyel_1.jpg","datePublished":"2025-05-26T11:03:14+00:00","description":"Fedezd fel a leny\u0171g\u00f6z\u0151 Silberne Badminton und Badmintonball Anh\u00e4nger Halskette mit wei\u00dfem Zirkonia und Perle \u00e9kszer\u00fcnket. T\u00f6k\u00e9letes kieg\u00e9sz\u00edt\u0151 mindennapi viselethez \u00e9s k\u00fcl\u00f6nleges alkalmakra egyar\u00e1nt. Rendeld meg most!","breadcrumb":{"@id":"https:\/\/drescherjewellery.com\/de\/termek\/silberne-badminton-und-badmintonball-anhaenger-halskette-mit-weissem-zirkonia-und-perle\/#breadcrumb"},"inLanguage":"de","potentialAction":[{"@type":"ReadAction","target":["https:\/\/drescherjewellery.com\/de\/termek\/silberne-badminton-und-badmintonball-anhaenger-halskette-mit-weissem-zirkonia-und-perle\/"]}]},{"@type":"ImageObject","inLanguage":"de","@id":"https:\/\/drescherjewellery.com\/de\/termek\/silberne-badminton-und-badmintonball-anhaenger-halskette-mit-weissem-zirkonia-und-perle\/#primaryimage","url":"https:\/\/drescherjewellery.com\/wp-content\/uploads\/2025\/05\/Ezust-tollasuto-es-tollaslabda-medalos-nyaklanc-feher-cirkoniaval-es-gyonggyel_1.jpg","contentUrl":"https:\/\/drescherjewellery.com\/wp-content\/uploads\/2025\/05\/Ezust-tollasuto-es-tollaslabda-medalos-nyaklanc-feher-cirkoniaval-es-gyonggyel_1.jpg","width":1350,"height":1800},{"@type":"BreadcrumbList","@id":"https:\/\/drescherjewellery.com\/de\/termek\/silberne-badminton-und-badmintonball-anhaenger-halskette-mit-weissem-zirkonia-und-perle\/#breadcrumb","itemListElement":[{"@type":"ListItem","position":1,"name":"Kezd\u0151lap","item":"https:\/\/drescherjewellery.com\/de\/"},{"@type":"ListItem","position":2,"name":"Shop","item":"https:\/\/drescherjewellery.com\/de\/shop\/"},{"@type":"ListItem","position":3,"name":"Silberne Badminton und Badmintonball Anh\u00e4nger Halskette mit wei\u00dfem Zirkonia und Perle"}]},{"@type":"WebSite","@id":"https:\/\/drescherjewellery.com\/de\/#website","url":"https:\/\/drescherjewellery.com\/de\/","name":"Drescher Jewellery","description":"Tedd t\u00f6k\u00e9letesebb\u00e9 mindennapjaid a Drescher Jewellery \u00e9kszereivel.","publisher":{"@id":"https:\/\/drescherjewellery.com\/de\/#organization"},"alternateName":"Ez\u00fcst \u00c9kszer Web\u00e1ruh\u00e1z","potentialAction":[{"@type":"SearchAction","target":{"@type":"EntryPoint","urlTemplate":"https:\/\/drescherjewellery.com\/de\/?s={search_term_string}"},"query-input":{"@type":"PropertyValueSpecification","valueRequired":true,"valueName":"search_term_string"}}],"inLanguage":"de"},{"@type":"Organization","@id":"https:\/\/drescherjewellery.com\/de\/#organization","name":"Drescher Jewellery","url":"https:\/\/drescherjewellery.com\/de\/","logo":{"@type":"ImageObject","inLanguage":"de","@id":"https:\/\/drescherjewellery.com\/de\/#\/schema\/logo\/image\/","url":"https:\/\/drescherjewellery.com\/wp-content\/uploads\/2026\/01\/Drescher-Jewellery-wpml.png","contentUrl":"https:\/\/drescherjewellery.com\/wp-content\/uploads\/2026\/01\/Drescher-Jewellery-wpml.png","width":500,"height":500,"caption":"Drescher Jewellery"},"image":{"@id":"https:\/\/drescherjewellery.com\/de\/#\/schema\/logo\/image\/"},"sameAs":["https:\/\/www.facebook.com\/drescherjewellery","https:\/\/www.instagram.com\/drescherjewellery","https:\/\/www.tiktok.com\/@drescherjewellery"]}]}},"_links":{"self":[{"href":"https:\/\/drescherjewellery.com\/de\/wp-json\/wp\/v2\/product\/112991","targetHints":{"allow":["GET"]}}],"collection":[{"href":"https:\/\/drescherjewellery.com\/de\/wp-json\/wp\/v2\/product"}],"about":[{"href":"https:\/\/drescherjewellery.com\/de\/wp-json\/wp\/v2\/types\/product"}],"version-history":[{"count":0,"href":"https:\/\/drescherjewellery.com\/de\/wp-json\/wp\/v2\/product\/112991\/revisions"}],"wp:featuredmedia":[{"embeddable":true,"href":"https:\/\/drescherjewellery.com\/de\/wp-json\/wp\/v2\/media\/103911"}],"wp:attachment":[{"href":"https:\/\/drescherjewellery.com\/de\/wp-json\/wp\/v2\/media?parent=112991"}],"wp:term":[{"taxonomy":"product_brand","embeddable":true,"href":"https:\/\/drescherjewellery.com\/de\/wp-json\/wp\/v2\/product_brand?post=112991"},{"taxonomy":"product_cat","embeddable":true,"href":"https:\/\/drescherjewellery.com\/de\/wp-json\/wp\/v2\/product_cat?post=112991"},{"taxonomy":"product_tag","embeddable":true,"href":"https:\/\/drescherjewellery.com\/de\/wp-json\/wp\/v2\/product_tag?post=112991"}],"curies":[{"name":"wp","href":"https:\/\/api.w.org\/{rel}","templated":true}]}}