{"id":112996,"date":"2025-05-26T13:22:43","date_gmt":"2025-05-26T11:22:43","guid":{"rendered":"https:\/\/dianasilver.hu\/termek\/silberne-tischtennisschlaeger-und-ball-anhaenger-halskette-mit-burgunderfarbener-emaille-und-perle\/"},"modified":"2025-05-26T13:22:43","modified_gmt":"2025-05-26T11:22:43","slug":"silberne-tischtennisschlaeger-und-ball-anhaenger-halskette-mit-burgunderfarbener-emaille-und-perle","status":"publish","type":"product","link":"https:\/\/drescherjewellery.com\/de\/termek\/silberne-tischtennisschlaeger-und-ball-anhaenger-halskette-mit-burgunderfarbener-emaille-und-perle\/","title":{"rendered":"Silberne Tischtennisschl\u00e4ger- und Ball-Anh\u00e4nger-Halskette mit burgunderfarbener Emaille und Perle"},"content":{"rendered":"<h2 data-start=\"319\" data-end=\"687\">Silberne Tischtennisschl\u00e4ger- und Ball-Anh\u00e4nger-Halskette &#8211; ein sportlicher Spa\u00df<\/h2>\n<p data-start=\"319\" data-end=\"687\">Diese rhodinierte Halskette aus 925er Sterlingsilber von AG ist der perfekte Ausdruck von Sportlichkeit und Verspieltheit. Der burgunderfarbene, emaillierte Schlaganh\u00e4nger und die zarte Perlenkugel verleihen ihr einen modernen und dennoch verspielten Stil. Die perfekte Wahl, wenn Sie Ihre einzigartige sportliche Seite zeigen m\u00f6chten.  <\/p>\n<p data-start=\"689\" data-end=\"739\">\ud83c\udfd3 Was symbolisieren der Tischtennisschl\u00e4ger und die Ballform?<\/p>\n<ul data-start=\"740\" data-end=\"862\">\n<li data-start=\"740\" data-end=\"775\">\n<p data-start=\"742\" data-end=\"775\">Ein spielerischer und wettbewerbsorientierter Geist.<\/p>\n<\/li>\n<li data-start=\"776\" data-end=\"818\">\n<p data-start=\"778\" data-end=\"818\">Die Liebe zum Sport und ein aktiver Lebensstil.<\/p>\n<\/li>\n<li data-start=\"819\" data-end=\"862\">\n<p data-start=\"821\" data-end=\"862\">Eine Darstellung von Fr\u00f6hlichkeit und Leichtigkeit.<\/p>\n<\/li>\n<\/ul>\n<p data-start=\"864\" data-end=\"899\">\u2728 Warum sollten Sie diese Halskette w\u00e4hlen?<\/p>\n<ul data-start=\"900\" data-end=\"1145\">\n<li data-start=\"900\" data-end=\"936\">\n<p data-start=\"902\" data-end=\"936\">AG 925 Silber, rhodiniert.<\/p>\n<\/li>\n<li data-start=\"937\" data-end=\"985\">\n<p data-start=\"939\" data-end=\"985\">Tischtennis-Anh\u00e4nger mit roter Emaille verziert.<\/p>\n<\/li>\n<li data-start=\"986\" data-end=\"1039\">\n<p data-start=\"988\" data-end=\"1039\">Perlenbesetzter Kugel-Anh\u00e4nger &#8211; einzigartiges Detail.<\/p>\n<\/li>\n<li data-start=\"1040\" data-end=\"1074\">\n<p data-start=\"1042\" data-end=\"1074\">Sportlicher und doch eleganter Stil.<\/p>\n<\/li>\n<li data-start=\"1075\" data-end=\"1145\">\n<p data-start=\"1077\" data-end=\"1145\">\ud83d\udccf <strong data-start=\"1080\" data-end=\"1090\">L\u00e4nge:<\/strong> 45 cm + 4 cm Verl\u00e4ngerung am Schloss &#8211; einstellbare Gr\u00f6\u00dfe.<\/p>\n<\/li>\n<\/ul>\n<p data-start=\"1147\" data-end=\"1255\">\ud83c\udf81 Perfekt f\u00fcr einen sportlichen und verspielten Stil &#8211; zeigen Sie Ihre Liebe f\u00fcr ein lustiges, aktives Leben! \ud83c\udfd3\u2728 <\/p>\n","protected":false},"excerpt":{"rendered":"<p>Silberne Tischtennisschl\u00e4ger und Ball Anh\u00e4nger Halskette &#8211; sportliche Einzigartigkeit und lustiger Stil! \u2728<br data-start=\"193\" data-end=\"196\">Der rot emaillierte Schl\u00e4ger und der perlenbesetzte Ball sind ein echter Blickfang.<\/p>\n","protected":false},"featured_media":103938,"template":"","meta":[],"product_brand":[],"product_cat":[679],"product_tag":[527,634,650,636],"class_list":{"0":"post-112996","1":"product","2":"type-product","3":"status-publish","4":"has-post-thumbnail","6":"product_cat-silberne-halskette-mit-anhanger","7":"product_tag-damen","8":"product_tag-farbenfroh","9":"product_tag-kinder-silberschmuck","10":"product_tag-sport","11":"description-off","13":"first","14":"instock","15":"taxable","16":"shipping-taxable","17":"purchasable","18":"product-type-simple"},"yoast_head":"<!-- This site is optimized with the Yoast SEO Premium plugin v26.8 (Yoast SEO v27.4) - https:\/\/yoast.com\/product\/yoast-seo-premium-wordpress\/ -->\n<title>Silberne Tischtennisschl\u00e4ger- und Ball-Anh\u00e4nger-Halskette mit burgunderfarbener Emaille und Perle | Drescher Jewellery<\/title>\n<meta name=\"description\" content=\"Fedezd fel a leny\u0171g\u00f6z\u0151 Silberne Tischtennisschl\u00e4ger- und Ball-Anh\u00e4nger-Halskette mit burgunderfarbener Emaille und Perle \u00e9kszer\u00fcnket. T\u00f6k\u00e9letes kieg\u00e9sz\u00edt\u0151 mindennapi viselethez \u00e9s k\u00fcl\u00f6nleges alkalmakra egyar\u00e1nt. Rendeld meg most!\" \/>\n<meta name=\"robots\" content=\"index, follow, max-snippet:-1, max-image-preview:large, max-video-preview:-1\" \/>\n<link rel=\"canonical\" href=\"https:\/\/drescherjewellery.com\/de\/termek\/silberne-tischtennisschlaeger-und-ball-anhaenger-halskette-mit-burgunderfarbener-emaille-und-perle\/\" \/>\n<meta property=\"og:locale\" content=\"de_DE\" \/>\n<meta property=\"og:type\" content=\"article\" \/>\n<meta property=\"og:title\" content=\"Silberne Tischtennisschl\u00e4ger- und Ball-Anh\u00e4nger-Halskette mit burgunderfarbener Emaille und Perle\" \/>\n<meta property=\"og:description\" content=\"Fedezd fel a leny\u0171g\u00f6z\u0151 Silberne Tischtennisschl\u00e4ger- und Ball-Anh\u00e4nger-Halskette mit burgunderfarbener Emaille und Perle \u00e9kszer\u00fcnket. T\u00f6k\u00e9letes kieg\u00e9sz\u00edt\u0151 mindennapi viselethez \u00e9s k\u00fcl\u00f6nleges alkalmakra egyar\u00e1nt. Rendeld meg most!\" \/>\n<meta property=\"og:url\" content=\"https:\/\/drescherjewellery.com\/de\/termek\/silberne-tischtennisschlaeger-und-ball-anhaenger-halskette-mit-burgunderfarbener-emaille-und-perle\/\" \/>\n<meta property=\"og:site_name\" content=\"Drescher Jewellery\" \/>\n<meta property=\"article:publisher\" content=\"https:\/\/www.facebook.com\/drescherjewellery\" \/>\n<meta property=\"og:image\" content=\"https:\/\/drescherjewellery.com\/wp-content\/uploads\/2025\/05\/Ezust-pingponguto-es-labda-medalos-nyaklanc-piros-zomanccal-es-gyonggyel_1.jpg\" \/>\n\t<meta property=\"og:image:width\" content=\"1350\" \/>\n\t<meta property=\"og:image:height\" content=\"1800\" \/>\n\t<meta property=\"og:image:type\" content=\"image\/jpeg\" \/>\n<meta name=\"twitter:card\" content=\"summary_large_image\" \/>\n<meta name=\"twitter:label1\" content=\"Gesch\u00e4tzte Lesezeit\" \/>\n\t<meta name=\"twitter:data1\" content=\"1\u00a0Minute\" \/>\n<script type=\"application\/ld+json\" class=\"yoast-schema-graph\">{\"@context\":\"https:\\\/\\\/schema.org\",\"@graph\":[{\"@type\":\"WebPage\",\"@id\":\"https:\\\/\\\/drescherjewellery.com\\\/de\\\/termek\\\/silberne-tischtennisschlaeger-und-ball-anhaenger-halskette-mit-burgunderfarbener-emaille-und-perle\\\/\",\"url\":\"https:\\\/\\\/drescherjewellery.com\\\/de\\\/termek\\\/silberne-tischtennisschlaeger-und-ball-anhaenger-halskette-mit-burgunderfarbener-emaille-und-perle\\\/\",\"name\":\"Silberne Tischtennisschl\u00e4ger- und Ball-Anh\u00e4nger-Halskette mit burgunderfarbener Emaille und Perle | Drescher Jewellery\",\"isPartOf\":{\"@id\":\"https:\\\/\\\/drescherjewellery.com\\\/de\\\/#website\"},\"primaryImageOfPage\":{\"@id\":\"https:\\\/\\\/drescherjewellery.com\\\/de\\\/termek\\\/silberne-tischtennisschlaeger-und-ball-anhaenger-halskette-mit-burgunderfarbener-emaille-und-perle\\\/#primaryimage\"},\"image\":{\"@id\":\"https:\\\/\\\/drescherjewellery.com\\\/de\\\/termek\\\/silberne-tischtennisschlaeger-und-ball-anhaenger-halskette-mit-burgunderfarbener-emaille-und-perle\\\/#primaryimage\"},\"thumbnailUrl\":\"https:\\\/\\\/drescherjewellery.com\\\/wp-content\\\/uploads\\\/2025\\\/05\\\/Ezust-pingponguto-es-labda-medalos-nyaklanc-piros-zomanccal-es-gyonggyel_1.jpg\",\"datePublished\":\"2025-05-26T11:22:43+00:00\",\"description\":\"Fedezd fel a leny\u0171g\u00f6z\u0151 Silberne Tischtennisschl\u00e4ger- und Ball-Anh\u00e4nger-Halskette mit burgunderfarbener Emaille und Perle \u00e9kszer\u00fcnket. T\u00f6k\u00e9letes kieg\u00e9sz\u00edt\u0151 mindennapi viselethez \u00e9s k\u00fcl\u00f6nleges alkalmakra egyar\u00e1nt. Rendeld meg most!\",\"breadcrumb\":{\"@id\":\"https:\\\/\\\/drescherjewellery.com\\\/de\\\/termek\\\/silberne-tischtennisschlaeger-und-ball-anhaenger-halskette-mit-burgunderfarbener-emaille-und-perle\\\/#breadcrumb\"},\"inLanguage\":\"de\",\"potentialAction\":[{\"@type\":\"ReadAction\",\"target\":[\"https:\\\/\\\/drescherjewellery.com\\\/de\\\/termek\\\/silberne-tischtennisschlaeger-und-ball-anhaenger-halskette-mit-burgunderfarbener-emaille-und-perle\\\/\"]}]},{\"@type\":\"ImageObject\",\"inLanguage\":\"de\",\"@id\":\"https:\\\/\\\/drescherjewellery.com\\\/de\\\/termek\\\/silberne-tischtennisschlaeger-und-ball-anhaenger-halskette-mit-burgunderfarbener-emaille-und-perle\\\/#primaryimage\",\"url\":\"https:\\\/\\\/drescherjewellery.com\\\/wp-content\\\/uploads\\\/2025\\\/05\\\/Ezust-pingponguto-es-labda-medalos-nyaklanc-piros-zomanccal-es-gyonggyel_1.jpg\",\"contentUrl\":\"https:\\\/\\\/drescherjewellery.com\\\/wp-content\\\/uploads\\\/2025\\\/05\\\/Ezust-pingponguto-es-labda-medalos-nyaklanc-piros-zomanccal-es-gyonggyel_1.jpg\",\"width\":1350,\"height\":1800},{\"@type\":\"BreadcrumbList\",\"@id\":\"https:\\\/\\\/drescherjewellery.com\\\/de\\\/termek\\\/silberne-tischtennisschlaeger-und-ball-anhaenger-halskette-mit-burgunderfarbener-emaille-und-perle\\\/#breadcrumb\",\"itemListElement\":[{\"@type\":\"ListItem\",\"position\":1,\"name\":\"Kezd\u0151lap\",\"item\":\"https:\\\/\\\/drescherjewellery.com\\\/de\\\/\"},{\"@type\":\"ListItem\",\"position\":2,\"name\":\"Shop\",\"item\":\"https:\\\/\\\/drescherjewellery.com\\\/de\\\/shop\\\/\"},{\"@type\":\"ListItem\",\"position\":3,\"name\":\"Silberne Tischtennisschl\u00e4ger- und Ball-Anh\u00e4nger-Halskette mit burgunderfarbener Emaille und Perle\"}]},{\"@type\":\"WebSite\",\"@id\":\"https:\\\/\\\/drescherjewellery.com\\\/de\\\/#website\",\"url\":\"https:\\\/\\\/drescherjewellery.com\\\/de\\\/\",\"name\":\"Drescher Jewellery\",\"description\":\"Tedd t\u00f6k\u00e9letesebb\u00e9 mindennapjaid a Drescher Jewellery \u00e9kszereivel.\",\"publisher\":{\"@id\":\"https:\\\/\\\/drescherjewellery.com\\\/de\\\/#organization\"},\"alternateName\":\"Ez\u00fcst \u00c9kszer Web\u00e1ruh\u00e1z\",\"potentialAction\":[{\"@type\":\"SearchAction\",\"target\":{\"@type\":\"EntryPoint\",\"urlTemplate\":\"https:\\\/\\\/drescherjewellery.com\\\/de\\\/?s={search_term_string}\"},\"query-input\":{\"@type\":\"PropertyValueSpecification\",\"valueRequired\":true,\"valueName\":\"search_term_string\"}}],\"inLanguage\":\"de\"},{\"@type\":\"Organization\",\"@id\":\"https:\\\/\\\/drescherjewellery.com\\\/de\\\/#organization\",\"name\":\"Drescher Jewellery\",\"url\":\"https:\\\/\\\/drescherjewellery.com\\\/de\\\/\",\"logo\":{\"@type\":\"ImageObject\",\"inLanguage\":\"de\",\"@id\":\"https:\\\/\\\/drescherjewellery.com\\\/de\\\/#\\\/schema\\\/logo\\\/image\\\/\",\"url\":\"https:\\\/\\\/drescherjewellery.com\\\/wp-content\\\/uploads\\\/2026\\\/01\\\/Drescher-Jewellery-wpml.png\",\"contentUrl\":\"https:\\\/\\\/drescherjewellery.com\\\/wp-content\\\/uploads\\\/2026\\\/01\\\/Drescher-Jewellery-wpml.png\",\"width\":500,\"height\":500,\"caption\":\"Drescher Jewellery\"},\"image\":{\"@id\":\"https:\\\/\\\/drescherjewellery.com\\\/de\\\/#\\\/schema\\\/logo\\\/image\\\/\"},\"sameAs\":[\"https:\\\/\\\/www.facebook.com\\\/drescherjewellery\",\"https:\\\/\\\/www.instagram.com\\\/drescherjewellery\",\"https:\\\/\\\/www.tiktok.com\\\/@drescherjewellery\"]}]}<\/script>\n<!-- \/ Yoast SEO Premium plugin. -->","yoast_head_json":{"title":"Silberne Tischtennisschl\u00e4ger- und Ball-Anh\u00e4nger-Halskette mit burgunderfarbener Emaille und Perle | Drescher Jewellery","description":"Fedezd fel a leny\u0171g\u00f6z\u0151 Silberne Tischtennisschl\u00e4ger- und Ball-Anh\u00e4nger-Halskette mit burgunderfarbener Emaille und Perle \u00e9kszer\u00fcnket. T\u00f6k\u00e9letes kieg\u00e9sz\u00edt\u0151 mindennapi viselethez \u00e9s k\u00fcl\u00f6nleges alkalmakra egyar\u00e1nt. Rendeld meg most!","robots":{"index":"index","follow":"follow","max-snippet":"max-snippet:-1","max-image-preview":"max-image-preview:large","max-video-preview":"max-video-preview:-1"},"canonical":"https:\/\/drescherjewellery.com\/de\/termek\/silberne-tischtennisschlaeger-und-ball-anhaenger-halskette-mit-burgunderfarbener-emaille-und-perle\/","og_locale":"de_DE","og_type":"article","og_title":"Silberne Tischtennisschl\u00e4ger- und Ball-Anh\u00e4nger-Halskette mit burgunderfarbener Emaille und Perle","og_description":"Fedezd fel a leny\u0171g\u00f6z\u0151 Silberne Tischtennisschl\u00e4ger- und Ball-Anh\u00e4nger-Halskette mit burgunderfarbener Emaille und Perle \u00e9kszer\u00fcnket. T\u00f6k\u00e9letes kieg\u00e9sz\u00edt\u0151 mindennapi viselethez \u00e9s k\u00fcl\u00f6nleges alkalmakra egyar\u00e1nt. Rendeld meg most!","og_url":"https:\/\/drescherjewellery.com\/de\/termek\/silberne-tischtennisschlaeger-und-ball-anhaenger-halskette-mit-burgunderfarbener-emaille-und-perle\/","og_site_name":"Drescher Jewellery","article_publisher":"https:\/\/www.facebook.com\/drescherjewellery","og_image":[{"width":1350,"height":1800,"url":"https:\/\/drescherjewellery.com\/wp-content\/uploads\/2025\/05\/Ezust-pingponguto-es-labda-medalos-nyaklanc-piros-zomanccal-es-gyonggyel_1.jpg","type":"image\/jpeg"}],"twitter_card":"summary_large_image","twitter_misc":{"Gesch\u00e4tzte Lesezeit":"1\u00a0Minute"},"schema":{"@context":"https:\/\/schema.org","@graph":[{"@type":"WebPage","@id":"https:\/\/drescherjewellery.com\/de\/termek\/silberne-tischtennisschlaeger-und-ball-anhaenger-halskette-mit-burgunderfarbener-emaille-und-perle\/","url":"https:\/\/drescherjewellery.com\/de\/termek\/silberne-tischtennisschlaeger-und-ball-anhaenger-halskette-mit-burgunderfarbener-emaille-und-perle\/","name":"Silberne Tischtennisschl\u00e4ger- und Ball-Anh\u00e4nger-Halskette mit burgunderfarbener Emaille und Perle | Drescher Jewellery","isPartOf":{"@id":"https:\/\/drescherjewellery.com\/de\/#website"},"primaryImageOfPage":{"@id":"https:\/\/drescherjewellery.com\/de\/termek\/silberne-tischtennisschlaeger-und-ball-anhaenger-halskette-mit-burgunderfarbener-emaille-und-perle\/#primaryimage"},"image":{"@id":"https:\/\/drescherjewellery.com\/de\/termek\/silberne-tischtennisschlaeger-und-ball-anhaenger-halskette-mit-burgunderfarbener-emaille-und-perle\/#primaryimage"},"thumbnailUrl":"https:\/\/drescherjewellery.com\/wp-content\/uploads\/2025\/05\/Ezust-pingponguto-es-labda-medalos-nyaklanc-piros-zomanccal-es-gyonggyel_1.jpg","datePublished":"2025-05-26T11:22:43+00:00","description":"Fedezd fel a leny\u0171g\u00f6z\u0151 Silberne Tischtennisschl\u00e4ger- und Ball-Anh\u00e4nger-Halskette mit burgunderfarbener Emaille und Perle \u00e9kszer\u00fcnket. T\u00f6k\u00e9letes kieg\u00e9sz\u00edt\u0151 mindennapi viselethez \u00e9s k\u00fcl\u00f6nleges alkalmakra egyar\u00e1nt. Rendeld meg most!","breadcrumb":{"@id":"https:\/\/drescherjewellery.com\/de\/termek\/silberne-tischtennisschlaeger-und-ball-anhaenger-halskette-mit-burgunderfarbener-emaille-und-perle\/#breadcrumb"},"inLanguage":"de","potentialAction":[{"@type":"ReadAction","target":["https:\/\/drescherjewellery.com\/de\/termek\/silberne-tischtennisschlaeger-und-ball-anhaenger-halskette-mit-burgunderfarbener-emaille-und-perle\/"]}]},{"@type":"ImageObject","inLanguage":"de","@id":"https:\/\/drescherjewellery.com\/de\/termek\/silberne-tischtennisschlaeger-und-ball-anhaenger-halskette-mit-burgunderfarbener-emaille-und-perle\/#primaryimage","url":"https:\/\/drescherjewellery.com\/wp-content\/uploads\/2025\/05\/Ezust-pingponguto-es-labda-medalos-nyaklanc-piros-zomanccal-es-gyonggyel_1.jpg","contentUrl":"https:\/\/drescherjewellery.com\/wp-content\/uploads\/2025\/05\/Ezust-pingponguto-es-labda-medalos-nyaklanc-piros-zomanccal-es-gyonggyel_1.jpg","width":1350,"height":1800},{"@type":"BreadcrumbList","@id":"https:\/\/drescherjewellery.com\/de\/termek\/silberne-tischtennisschlaeger-und-ball-anhaenger-halskette-mit-burgunderfarbener-emaille-und-perle\/#breadcrumb","itemListElement":[{"@type":"ListItem","position":1,"name":"Kezd\u0151lap","item":"https:\/\/drescherjewellery.com\/de\/"},{"@type":"ListItem","position":2,"name":"Shop","item":"https:\/\/drescherjewellery.com\/de\/shop\/"},{"@type":"ListItem","position":3,"name":"Silberne Tischtennisschl\u00e4ger- und Ball-Anh\u00e4nger-Halskette mit burgunderfarbener Emaille und Perle"}]},{"@type":"WebSite","@id":"https:\/\/drescherjewellery.com\/de\/#website","url":"https:\/\/drescherjewellery.com\/de\/","name":"Drescher Jewellery","description":"Tedd t\u00f6k\u00e9letesebb\u00e9 mindennapjaid a Drescher Jewellery \u00e9kszereivel.","publisher":{"@id":"https:\/\/drescherjewellery.com\/de\/#organization"},"alternateName":"Ez\u00fcst \u00c9kszer Web\u00e1ruh\u00e1z","potentialAction":[{"@type":"SearchAction","target":{"@type":"EntryPoint","urlTemplate":"https:\/\/drescherjewellery.com\/de\/?s={search_term_string}"},"query-input":{"@type":"PropertyValueSpecification","valueRequired":true,"valueName":"search_term_string"}}],"inLanguage":"de"},{"@type":"Organization","@id":"https:\/\/drescherjewellery.com\/de\/#organization","name":"Drescher Jewellery","url":"https:\/\/drescherjewellery.com\/de\/","logo":{"@type":"ImageObject","inLanguage":"de","@id":"https:\/\/drescherjewellery.com\/de\/#\/schema\/logo\/image\/","url":"https:\/\/drescherjewellery.com\/wp-content\/uploads\/2026\/01\/Drescher-Jewellery-wpml.png","contentUrl":"https:\/\/drescherjewellery.com\/wp-content\/uploads\/2026\/01\/Drescher-Jewellery-wpml.png","width":500,"height":500,"caption":"Drescher Jewellery"},"image":{"@id":"https:\/\/drescherjewellery.com\/de\/#\/schema\/logo\/image\/"},"sameAs":["https:\/\/www.facebook.com\/drescherjewellery","https:\/\/www.instagram.com\/drescherjewellery","https:\/\/www.tiktok.com\/@drescherjewellery"]}]}},"_links":{"self":[{"href":"https:\/\/drescherjewellery.com\/de\/wp-json\/wp\/v2\/product\/112996","targetHints":{"allow":["GET"]}}],"collection":[{"href":"https:\/\/drescherjewellery.com\/de\/wp-json\/wp\/v2\/product"}],"about":[{"href":"https:\/\/drescherjewellery.com\/de\/wp-json\/wp\/v2\/types\/product"}],"version-history":[{"count":0,"href":"https:\/\/drescherjewellery.com\/de\/wp-json\/wp\/v2\/product\/112996\/revisions"}],"wp:featuredmedia":[{"embeddable":true,"href":"https:\/\/drescherjewellery.com\/de\/wp-json\/wp\/v2\/media\/103938"}],"wp:attachment":[{"href":"https:\/\/drescherjewellery.com\/de\/wp-json\/wp\/v2\/media?parent=112996"}],"wp:term":[{"taxonomy":"product_brand","embeddable":true,"href":"https:\/\/drescherjewellery.com\/de\/wp-json\/wp\/v2\/product_brand?post=112996"},{"taxonomy":"product_cat","embeddable":true,"href":"https:\/\/drescherjewellery.com\/de\/wp-json\/wp\/v2\/product_cat?post=112996"},{"taxonomy":"product_tag","embeddable":true,"href":"https:\/\/drescherjewellery.com\/de\/wp-json\/wp\/v2\/product_tag?post=112996"}],"curies":[{"name":"wp","href":"https:\/\/api.w.org\/{rel}","templated":true}]}}