{"id":113347,"date":"2022-08-31T13:38:17","date_gmt":"2022-08-31T11:38:17","guid":{"rendered":"https:\/\/dianasilver.hu\/termek\/silberne-vierblaettrige-kleeblatt-ohrringe-mit-weissen-steinen\/"},"modified":"2026-04-01T17:19:42","modified_gmt":"2026-04-01T15:19:42","slug":"silberne-vierblaettrige-kleeblatt-ohrringe-mit-weissen-steinen","status":"publish","type":"product","link":"https:\/\/drescherjewellery.com\/de\/termek\/silberne-vierblaettrige-kleeblatt-ohrringe-mit-weissen-steinen\/","title":{"rendered":"Silberne vierbl\u00e4ttrige Kleeblatt-Ohrringe mit wei\u00dfen Steinen"},"content":{"rendered":"<h2 data-start=\"319\" data-end=\"773\">\ud83d\udc8e <strong data-start=\"322\" data-end=\"420\">Silberne vierbl\u00e4ttrige Kleeblatt-Ohrringe mit wei\u00dfen Steinen &#8211; die perfekte Verbindung von Gl\u00fcck und Glamour!<\/strong><\/h2>\n<p data-start=\"319\" data-end=\"773\">Dieser wundersch\u00f6ne Ohrring <strong data-start=\"437\" data-end=\"456\">aus 925er Sterlingsilber<\/strong> mit dem <strong data-start=\"477\" data-end=\"498\">vierbl\u00e4ttrigen Kleeblattmotiv<\/strong> symbolisiert nicht nur Gl\u00fcck, sondern verleiht der Tr\u00e4gerin auch einen eleganten und femininen Look. Das subtile Funkeln der wei\u00dfen Zirkoniasteine akzentuiert das Design, w\u00e4hrend die <strong data-start=\"678\" data-end=\"696\">Rhodinierung<\/strong> dem Schmuck einen lang anhaltenden Glanz verleiht und ihn vor Verf\u00e4rbungen sch\u00fctzt. <\/p>\n<p data-start=\"775\" data-end=\"820\">\ud83c\udf40 <strong data-start=\"778\" data-end=\"818\">Was symbolisiert das vierbl\u00e4ttrige Kleeblatt?<\/strong><\/p>\n<ul data-start=\"821\" data-end=\"1028\">\n<li data-start=\"821\" data-end=\"865\">Ein ikonisches Symbol des Gl\u00fccks und des Wohlstands.<\/li>\n<li data-start=\"866\" data-end=\"936\">Die vier Buchstaben stehen f\u00fcr Glaube, Hoffnung, Liebe und Gl\u00fcck.<\/li>\n<li data-start=\"937\" data-end=\"1028\">Die perfekte Wahl f\u00fcr alle, die positive Energie und Eleganz ausstrahlen m\u00f6chten.<\/li>\n<\/ul>\n<p data-start=\"1030\" data-end=\"1069\">\u2728 <strong data-start=\"1032\" data-end=\"1067\">Warum sollten Sie diesen Ohrring w\u00e4hlen?<\/strong><\/p>\n<ul data-start=\"1070\" data-end=\"1402\">\n<li data-start=\"1070\" data-end=\"1158\"><strong data-start=\"1072\" data-end=\"1092\">Premiumqualit\u00e4t:<\/strong> <strong data-start=\"1093\" data-end=\"1128\">AG 925 Silber mit Rhodiumbeschichtung<\/strong> f\u00fcr lang anhaltenden Glanz.<\/li>\n<li data-start=\"1159\" data-end=\"1237\"><strong data-start=\"1161\" data-end=\"1191\">Gl\u00fcckssymbol:<\/strong> Das vierbl\u00e4ttrige Kleeblattmotiv ist immer ein gutes Omen.<\/li>\n<li data-start=\"1238\" data-end=\"1327\"><strong data-start=\"1240\" data-end=\"1265\">Schimmernde wei\u00dfe Steine:<\/strong> zart platzierte Zirkonia verleihen ein besonderes Funkeln.<\/li>\n<li data-start=\"1328\" data-end=\"1402\"><strong data-start=\"1330\" data-end=\"1352\">Perfekt zu tragen:<\/strong> leicht, bequem und stilvoll f\u00fcr alle Gelegenheiten.<\/li>\n<\/ul>\n<p data-start=\"1404\" data-end=\"1603\">\ud83c\udf81 <strong data-start=\"1407\" data-end=\"1437\">Geschenkidee mit Gl\u00fcck!<\/strong><br data-start=\"1437\" data-end=\"1440\">Diese Ohrringe sind das ideale Geschenk f\u00fcr Ihre Lieben oder auch f\u00fcr Sie selbst, wenn Sie ein wenig positive Energie und Stil in Ihren Alltag bringen m\u00f6chten!<\/p>\n<p data-start=\"1605\" data-end=\"1693\" data-is-last-node=\"\">\ud83d\udcab B <strong data-start=\"1608\" data-end=\"1689\">ringen Sie Gl\u00fcck und Glamour in Ihr Leben mit diesem besonderen Schmuckst\u00fcck!<\/strong> \ud83c\udf40\u2728<\/p>\n","protected":false},"excerpt":{"rendered":"<p><strong data-start=\"32\" data-end=\"84\">Silberne vierbl\u00e4ttrige Kleeblatt-Ohrringe mit wei\u00dfen Steinen<\/strong> &#8211; tragen Sie sie jeden Tag als Gl\u00fccksbringer! \ud83c\udf40\u2728<br data-start=\"120\" data-end=\"123\">Das zart gearbeitete vierbl\u00e4ttrige Kleeblattmotiv mit funkelnden wei\u00dfen Steinen bringt Ihnen die Energie des Gl\u00fccks und raffinierte Eleganz. <\/p>\n","protected":false},"featured_media":97324,"template":"","meta":[],"product_brand":[],"product_cat":[573],"product_tag":[527,650,576],"class_list":{"0":"post-113347","1":"product","2":"type-product","3":"status-publish","4":"has-post-thumbnail","6":"product_cat-silberne-ohrringe","7":"product_tag-damen","8":"product_tag-kinder-silberschmuck","9":"product_tag-spirituell","10":"description-off","12":"first","13":"instock","14":"taxable","15":"shipping-taxable","16":"purchasable","17":"product-type-simple"},"yoast_head":"<!-- This site is optimized with the Yoast SEO Premium plugin v26.8 (Yoast SEO v27.4) - https:\/\/yoast.com\/product\/yoast-seo-premium-wordpress\/ -->\n<title>Silberne vierbl\u00e4ttrige Kleeblatt-Ohrringe mit wei\u00dfen Steinen | Drescher Jewellery<\/title>\n<meta name=\"description\" content=\"Fedezd fel a leny\u0171g\u00f6z\u0151 Silberne vierbl\u00e4ttrige Kleeblatt-Ohrringe mit wei\u00dfen Steinen \u00e9kszer\u00fcnket. T\u00f6k\u00e9letes kieg\u00e9sz\u00edt\u0151 mindennapi viselethez \u00e9s k\u00fcl\u00f6nleges alkalmakra egyar\u00e1nt. Rendeld meg most!\" \/>\n<meta name=\"robots\" content=\"index, follow, max-snippet:-1, max-image-preview:large, max-video-preview:-1\" \/>\n<link rel=\"canonical\" href=\"https:\/\/drescherjewellery.com\/de\/termek\/silberne-vierblaettrige-kleeblatt-ohrringe-mit-weissen-steinen\/\" \/>\n<meta property=\"og:locale\" content=\"de_DE\" \/>\n<meta property=\"og:type\" content=\"article\" \/>\n<meta property=\"og:title\" content=\"Silberne vierbl\u00e4ttrige Kleeblatt-Ohrringe mit wei\u00dfen Steinen\" \/>\n<meta property=\"og:description\" content=\"Fedezd fel a leny\u0171g\u00f6z\u0151 Silberne vierbl\u00e4ttrige Kleeblatt-Ohrringe mit wei\u00dfen Steinen \u00e9kszer\u00fcnket. T\u00f6k\u00e9letes kieg\u00e9sz\u00edt\u0151 mindennapi viselethez \u00e9s k\u00fcl\u00f6nleges alkalmakra egyar\u00e1nt. Rendeld meg most!\" \/>\n<meta property=\"og:url\" content=\"https:\/\/drescherjewellery.com\/de\/termek\/silberne-vierblaettrige-kleeblatt-ohrringe-mit-weissen-steinen\/\" \/>\n<meta property=\"og:site_name\" content=\"Drescher Jewellery\" \/>\n<meta property=\"article:publisher\" content=\"https:\/\/www.facebook.com\/drescherjewellery\" \/>\n<meta property=\"article:modified_time\" content=\"2026-04-01T15:19:42+00:00\" \/>\n<meta property=\"og:image\" content=\"https:\/\/drescherjewellery.com\/wp-content\/uploads\/2022\/08\/ezust-negylevelu-lohere-fulbevalo-feher-kovekkel-2875.jpg\" \/>\n\t<meta property=\"og:image:width\" content=\"800\" \/>\n\t<meta property=\"og:image:height\" content=\"800\" \/>\n\t<meta property=\"og:image:type\" content=\"image\/jpeg\" \/>\n<meta name=\"twitter:card\" content=\"summary_large_image\" \/>\n<meta name=\"twitter:label1\" content=\"Gesch\u00e4tzte Lesezeit\" \/>\n\t<meta name=\"twitter:data1\" content=\"1\u00a0Minute\" \/>\n<script type=\"application\/ld+json\" class=\"yoast-schema-graph\">{\"@context\":\"https:\\\/\\\/schema.org\",\"@graph\":[{\"@type\":\"WebPage\",\"@id\":\"https:\\\/\\\/drescherjewellery.com\\\/de\\\/termek\\\/silberne-vierblaettrige-kleeblatt-ohrringe-mit-weissen-steinen\\\/\",\"url\":\"https:\\\/\\\/drescherjewellery.com\\\/de\\\/termek\\\/silberne-vierblaettrige-kleeblatt-ohrringe-mit-weissen-steinen\\\/\",\"name\":\"Silberne vierbl\u00e4ttrige Kleeblatt-Ohrringe mit wei\u00dfen Steinen | Drescher Jewellery\",\"isPartOf\":{\"@id\":\"https:\\\/\\\/drescherjewellery.com\\\/de\\\/#website\"},\"primaryImageOfPage\":{\"@id\":\"https:\\\/\\\/drescherjewellery.com\\\/de\\\/termek\\\/silberne-vierblaettrige-kleeblatt-ohrringe-mit-weissen-steinen\\\/#primaryimage\"},\"image\":{\"@id\":\"https:\\\/\\\/drescherjewellery.com\\\/de\\\/termek\\\/silberne-vierblaettrige-kleeblatt-ohrringe-mit-weissen-steinen\\\/#primaryimage\"},\"thumbnailUrl\":\"https:\\\/\\\/drescherjewellery.com\\\/wp-content\\\/uploads\\\/2022\\\/08\\\/ezust-negylevelu-lohere-fulbevalo-feher-kovekkel-2875.jpg\",\"datePublished\":\"2022-08-31T11:38:17+00:00\",\"dateModified\":\"2026-04-01T15:19:42+00:00\",\"description\":\"Fedezd fel a leny\u0171g\u00f6z\u0151 Silberne vierbl\u00e4ttrige Kleeblatt-Ohrringe mit wei\u00dfen Steinen \u00e9kszer\u00fcnket. T\u00f6k\u00e9letes kieg\u00e9sz\u00edt\u0151 mindennapi viselethez \u00e9s k\u00fcl\u00f6nleges alkalmakra egyar\u00e1nt. Rendeld meg most!\",\"breadcrumb\":{\"@id\":\"https:\\\/\\\/drescherjewellery.com\\\/de\\\/termek\\\/silberne-vierblaettrige-kleeblatt-ohrringe-mit-weissen-steinen\\\/#breadcrumb\"},\"inLanguage\":\"de\",\"potentialAction\":[{\"@type\":\"ReadAction\",\"target\":[\"https:\\\/\\\/drescherjewellery.com\\\/de\\\/termek\\\/silberne-vierblaettrige-kleeblatt-ohrringe-mit-weissen-steinen\\\/\"]}]},{\"@type\":\"ImageObject\",\"inLanguage\":\"de\",\"@id\":\"https:\\\/\\\/drescherjewellery.com\\\/de\\\/termek\\\/silberne-vierblaettrige-kleeblatt-ohrringe-mit-weissen-steinen\\\/#primaryimage\",\"url\":\"https:\\\/\\\/drescherjewellery.com\\\/wp-content\\\/uploads\\\/2022\\\/08\\\/ezust-negylevelu-lohere-fulbevalo-feher-kovekkel-2875.jpg\",\"contentUrl\":\"https:\\\/\\\/drescherjewellery.com\\\/wp-content\\\/uploads\\\/2022\\\/08\\\/ezust-negylevelu-lohere-fulbevalo-feher-kovekkel-2875.jpg\",\"width\":800,\"height\":800},{\"@type\":\"BreadcrumbList\",\"@id\":\"https:\\\/\\\/drescherjewellery.com\\\/de\\\/termek\\\/silberne-vierblaettrige-kleeblatt-ohrringe-mit-weissen-steinen\\\/#breadcrumb\",\"itemListElement\":[{\"@type\":\"ListItem\",\"position\":1,\"name\":\"Kezd\u0151lap\",\"item\":\"https:\\\/\\\/drescherjewellery.com\\\/de\\\/\"},{\"@type\":\"ListItem\",\"position\":2,\"name\":\"Shop\",\"item\":\"https:\\\/\\\/drescherjewellery.com\\\/de\\\/shop\\\/\"},{\"@type\":\"ListItem\",\"position\":3,\"name\":\"Silberne vierbl\u00e4ttrige Kleeblatt-Ohrringe mit wei\u00dfen Steinen\"}]},{\"@type\":\"WebSite\",\"@id\":\"https:\\\/\\\/drescherjewellery.com\\\/de\\\/#website\",\"url\":\"https:\\\/\\\/drescherjewellery.com\\\/de\\\/\",\"name\":\"Drescher Jewellery\",\"description\":\"Tedd t\u00f6k\u00e9letesebb\u00e9 mindennapjaid a Drescher Jewellery \u00e9kszereivel.\",\"publisher\":{\"@id\":\"https:\\\/\\\/drescherjewellery.com\\\/de\\\/#organization\"},\"alternateName\":\"Ez\u00fcst \u00c9kszer Web\u00e1ruh\u00e1z\",\"potentialAction\":[{\"@type\":\"SearchAction\",\"target\":{\"@type\":\"EntryPoint\",\"urlTemplate\":\"https:\\\/\\\/drescherjewellery.com\\\/de\\\/?s={search_term_string}\"},\"query-input\":{\"@type\":\"PropertyValueSpecification\",\"valueRequired\":true,\"valueName\":\"search_term_string\"}}],\"inLanguage\":\"de\"},{\"@type\":\"Organization\",\"@id\":\"https:\\\/\\\/drescherjewellery.com\\\/de\\\/#organization\",\"name\":\"Drescher Jewellery\",\"url\":\"https:\\\/\\\/drescherjewellery.com\\\/de\\\/\",\"logo\":{\"@type\":\"ImageObject\",\"inLanguage\":\"de\",\"@id\":\"https:\\\/\\\/drescherjewellery.com\\\/de\\\/#\\\/schema\\\/logo\\\/image\\\/\",\"url\":\"https:\\\/\\\/drescherjewellery.com\\\/wp-content\\\/uploads\\\/2026\\\/01\\\/Drescher-Jewellery-wpml.png\",\"contentUrl\":\"https:\\\/\\\/drescherjewellery.com\\\/wp-content\\\/uploads\\\/2026\\\/01\\\/Drescher-Jewellery-wpml.png\",\"width\":500,\"height\":500,\"caption\":\"Drescher Jewellery\"},\"image\":{\"@id\":\"https:\\\/\\\/drescherjewellery.com\\\/de\\\/#\\\/schema\\\/logo\\\/image\\\/\"},\"sameAs\":[\"https:\\\/\\\/www.facebook.com\\\/drescherjewellery\",\"https:\\\/\\\/www.instagram.com\\\/drescherjewellery\",\"https:\\\/\\\/www.tiktok.com\\\/@drescherjewellery\"]}]}<\/script>\n<!-- \/ Yoast SEO Premium plugin. -->","yoast_head_json":{"title":"Silberne vierbl\u00e4ttrige Kleeblatt-Ohrringe mit wei\u00dfen Steinen | Drescher Jewellery","description":"Fedezd fel a leny\u0171g\u00f6z\u0151 Silberne vierbl\u00e4ttrige Kleeblatt-Ohrringe mit wei\u00dfen Steinen \u00e9kszer\u00fcnket. T\u00f6k\u00e9letes kieg\u00e9sz\u00edt\u0151 mindennapi viselethez \u00e9s k\u00fcl\u00f6nleges alkalmakra egyar\u00e1nt. Rendeld meg most!","robots":{"index":"index","follow":"follow","max-snippet":"max-snippet:-1","max-image-preview":"max-image-preview:large","max-video-preview":"max-video-preview:-1"},"canonical":"https:\/\/drescherjewellery.com\/de\/termek\/silberne-vierblaettrige-kleeblatt-ohrringe-mit-weissen-steinen\/","og_locale":"de_DE","og_type":"article","og_title":"Silberne vierbl\u00e4ttrige Kleeblatt-Ohrringe mit wei\u00dfen Steinen","og_description":"Fedezd fel a leny\u0171g\u00f6z\u0151 Silberne vierbl\u00e4ttrige Kleeblatt-Ohrringe mit wei\u00dfen Steinen \u00e9kszer\u00fcnket. T\u00f6k\u00e9letes kieg\u00e9sz\u00edt\u0151 mindennapi viselethez \u00e9s k\u00fcl\u00f6nleges alkalmakra egyar\u00e1nt. Rendeld meg most!","og_url":"https:\/\/drescherjewellery.com\/de\/termek\/silberne-vierblaettrige-kleeblatt-ohrringe-mit-weissen-steinen\/","og_site_name":"Drescher Jewellery","article_publisher":"https:\/\/www.facebook.com\/drescherjewellery","article_modified_time":"2026-04-01T15:19:42+00:00","og_image":[{"width":800,"height":800,"url":"https:\/\/drescherjewellery.com\/wp-content\/uploads\/2022\/08\/ezust-negylevelu-lohere-fulbevalo-feher-kovekkel-2875.jpg","type":"image\/jpeg"}],"twitter_card":"summary_large_image","twitter_misc":{"Gesch\u00e4tzte Lesezeit":"1\u00a0Minute"},"schema":{"@context":"https:\/\/schema.org","@graph":[{"@type":"WebPage","@id":"https:\/\/drescherjewellery.com\/de\/termek\/silberne-vierblaettrige-kleeblatt-ohrringe-mit-weissen-steinen\/","url":"https:\/\/drescherjewellery.com\/de\/termek\/silberne-vierblaettrige-kleeblatt-ohrringe-mit-weissen-steinen\/","name":"Silberne vierbl\u00e4ttrige Kleeblatt-Ohrringe mit wei\u00dfen Steinen | Drescher Jewellery","isPartOf":{"@id":"https:\/\/drescherjewellery.com\/de\/#website"},"primaryImageOfPage":{"@id":"https:\/\/drescherjewellery.com\/de\/termek\/silberne-vierblaettrige-kleeblatt-ohrringe-mit-weissen-steinen\/#primaryimage"},"image":{"@id":"https:\/\/drescherjewellery.com\/de\/termek\/silberne-vierblaettrige-kleeblatt-ohrringe-mit-weissen-steinen\/#primaryimage"},"thumbnailUrl":"https:\/\/drescherjewellery.com\/wp-content\/uploads\/2022\/08\/ezust-negylevelu-lohere-fulbevalo-feher-kovekkel-2875.jpg","datePublished":"2022-08-31T11:38:17+00:00","dateModified":"2026-04-01T15:19:42+00:00","description":"Fedezd fel a leny\u0171g\u00f6z\u0151 Silberne vierbl\u00e4ttrige Kleeblatt-Ohrringe mit wei\u00dfen Steinen \u00e9kszer\u00fcnket. T\u00f6k\u00e9letes kieg\u00e9sz\u00edt\u0151 mindennapi viselethez \u00e9s k\u00fcl\u00f6nleges alkalmakra egyar\u00e1nt. Rendeld meg most!","breadcrumb":{"@id":"https:\/\/drescherjewellery.com\/de\/termek\/silberne-vierblaettrige-kleeblatt-ohrringe-mit-weissen-steinen\/#breadcrumb"},"inLanguage":"de","potentialAction":[{"@type":"ReadAction","target":["https:\/\/drescherjewellery.com\/de\/termek\/silberne-vierblaettrige-kleeblatt-ohrringe-mit-weissen-steinen\/"]}]},{"@type":"ImageObject","inLanguage":"de","@id":"https:\/\/drescherjewellery.com\/de\/termek\/silberne-vierblaettrige-kleeblatt-ohrringe-mit-weissen-steinen\/#primaryimage","url":"https:\/\/drescherjewellery.com\/wp-content\/uploads\/2022\/08\/ezust-negylevelu-lohere-fulbevalo-feher-kovekkel-2875.jpg","contentUrl":"https:\/\/drescherjewellery.com\/wp-content\/uploads\/2022\/08\/ezust-negylevelu-lohere-fulbevalo-feher-kovekkel-2875.jpg","width":800,"height":800},{"@type":"BreadcrumbList","@id":"https:\/\/drescherjewellery.com\/de\/termek\/silberne-vierblaettrige-kleeblatt-ohrringe-mit-weissen-steinen\/#breadcrumb","itemListElement":[{"@type":"ListItem","position":1,"name":"Kezd\u0151lap","item":"https:\/\/drescherjewellery.com\/de\/"},{"@type":"ListItem","position":2,"name":"Shop","item":"https:\/\/drescherjewellery.com\/de\/shop\/"},{"@type":"ListItem","position":3,"name":"Silberne vierbl\u00e4ttrige Kleeblatt-Ohrringe mit wei\u00dfen Steinen"}]},{"@type":"WebSite","@id":"https:\/\/drescherjewellery.com\/de\/#website","url":"https:\/\/drescherjewellery.com\/de\/","name":"Drescher Jewellery","description":"Tedd t\u00f6k\u00e9letesebb\u00e9 mindennapjaid a Drescher Jewellery \u00e9kszereivel.","publisher":{"@id":"https:\/\/drescherjewellery.com\/de\/#organization"},"alternateName":"Ez\u00fcst \u00c9kszer Web\u00e1ruh\u00e1z","potentialAction":[{"@type":"SearchAction","target":{"@type":"EntryPoint","urlTemplate":"https:\/\/drescherjewellery.com\/de\/?s={search_term_string}"},"query-input":{"@type":"PropertyValueSpecification","valueRequired":true,"valueName":"search_term_string"}}],"inLanguage":"de"},{"@type":"Organization","@id":"https:\/\/drescherjewellery.com\/de\/#organization","name":"Drescher Jewellery","url":"https:\/\/drescherjewellery.com\/de\/","logo":{"@type":"ImageObject","inLanguage":"de","@id":"https:\/\/drescherjewellery.com\/de\/#\/schema\/logo\/image\/","url":"https:\/\/drescherjewellery.com\/wp-content\/uploads\/2026\/01\/Drescher-Jewellery-wpml.png","contentUrl":"https:\/\/drescherjewellery.com\/wp-content\/uploads\/2026\/01\/Drescher-Jewellery-wpml.png","width":500,"height":500,"caption":"Drescher Jewellery"},"image":{"@id":"https:\/\/drescherjewellery.com\/de\/#\/schema\/logo\/image\/"},"sameAs":["https:\/\/www.facebook.com\/drescherjewellery","https:\/\/www.instagram.com\/drescherjewellery","https:\/\/www.tiktok.com\/@drescherjewellery"]}]}},"_links":{"self":[{"href":"https:\/\/drescherjewellery.com\/de\/wp-json\/wp\/v2\/product\/113347","targetHints":{"allow":["GET"]}}],"collection":[{"href":"https:\/\/drescherjewellery.com\/de\/wp-json\/wp\/v2\/product"}],"about":[{"href":"https:\/\/drescherjewellery.com\/de\/wp-json\/wp\/v2\/types\/product"}],"version-history":[{"count":0,"href":"https:\/\/drescherjewellery.com\/de\/wp-json\/wp\/v2\/product\/113347\/revisions"}],"wp:featuredmedia":[{"embeddable":true,"href":"https:\/\/drescherjewellery.com\/de\/wp-json\/wp\/v2\/media\/97324"}],"wp:attachment":[{"href":"https:\/\/drescherjewellery.com\/de\/wp-json\/wp\/v2\/media?parent=113347"}],"wp:term":[{"taxonomy":"product_brand","embeddable":true,"href":"https:\/\/drescherjewellery.com\/de\/wp-json\/wp\/v2\/product_brand?post=113347"},{"taxonomy":"product_cat","embeddable":true,"href":"https:\/\/drescherjewellery.com\/de\/wp-json\/wp\/v2\/product_cat?post=113347"},{"taxonomy":"product_tag","embeddable":true,"href":"https:\/\/drescherjewellery.com\/de\/wp-json\/wp\/v2\/product_tag?post=113347"}],"curies":[{"name":"wp","href":"https:\/\/api.w.org\/{rel}","templated":true}]}}