{"id":113354,"date":"2022-09-30T10:42:21","date_gmt":"2022-09-30T08:42:21","guid":{"rendered":"https:\/\/dianasilver.hu\/termek\/weisser-stein-silber-schmetterling-ohrringe-mit-silber-stecker-ohrringe-anhaenger\/"},"modified":"2022-09-30T10:42:21","modified_gmt":"2022-09-30T08:42:21","slug":"weisser-stein-silber-schmetterling-ohrringe-mit-silber-stecker-ohrringe-anhaenger","status":"publish","type":"product","link":"https:\/\/drescherjewellery.com\/de\/termek\/weisser-stein-silber-schmetterling-ohrringe-mit-silber-stecker-ohrringe-anhaenger\/","title":{"rendered":"Wei\u00dfer Stein Silber Schmetterling Ohrringe mit Silber Stecker Ohrringe Anh\u00e4nger"},"content":{"rendered":"<h2>\ud83d\udc8e <strong>Silberne Schmetterlingsohrringe mit wei\u00dfem Stein und Ohrring-Anh\u00e4nger &#8211; ein Symbol f\u00fcr Freiheit und Weiblichkeit<\/strong><\/h2>\n<p>Dieses <strong>Set aus Ohrringen und Anh\u00e4ngern aus 925er Sterlingsilber<\/strong> bringt <strong>die zarte Eleganz des Schmetterlingssymbols<\/strong> zum Ausdruck, das f\u00fcr Freiheit, Wiedergeburt und Weiblichkeit steht. Das <g id=\"gid_2\">sorgf\u00e4ltig gearbeitete Schmetterlingsmotiv<\/g> ist mit winzigen, funkelnden wei\u00dfen Steinen verziert, die bei jeder Bewegung ein schillerndes Licht reflektieren. Die <strong>Rhodinierung<\/strong> sorgt f\u00fcr einen lang anhaltenden Glanz und sch\u00fctzt den Schmuck vor Verf\u00e4rbungen.  <\/p>\n<p>\ud83e\udd8b <strong>Die Bedeutung des Schmetterlings<\/strong><br \/>\nDer Schmetterling <strong>ist ein Symbol f\u00fcr Verwandlung, Freiheit und Sch\u00f6nheit<\/strong>. Dieses Juwel erinnert uns daran, dass das Leben voller Ver\u00e4nderungen und Entwicklungen ist, die mit Mut gelebt werden m\u00fcssen. <\/p>\n<p>\u2728 <strong>Warum sollten Sie dieses Schmuckset w\u00e4hlen?<\/strong><\/p>\n<ul>\n<li><strong>Premiumqualit\u00e4t:<\/strong> <strong>AG 925 Silber<\/strong> <strong>mit Rhodiumbeschichtung<\/strong> f\u00fcr lang anhaltenden Glanz.<\/li>\n<li><strong>Leichtes und feminines Design: die<\/strong> zarte, detaillierte Form des Schmetterlings.<\/li>\n<li><strong>Harmonisches Set:<\/strong> die Ohrringe und der Anh\u00e4nger sind perfekt aufeinander abgestimmt.<\/li>\n<li><strong>Schimmernde wei\u00dfe Steine:<\/strong> ein subtiles Funkeln, das den femininen Charme unterstreicht.<\/li>\n<\/ul>\n<p>\ud83c\udf81 <strong>Perfekt auch als Geschenk!<\/strong><br \/>\nWenn Sie nach einem <strong>leichten, luftigen und raffinierten Schmuckset<\/strong> suchen, das perfekt <strong>f\u00fcr einen Geburtstag, einen Jahrestag oder einen besonderen Anlass ist,<\/strong> wird Sie dieses Set garantiert begeistern.<\/p>\n<p>\ud83d\udcab <strong>Bestellen Sie jetzt und tragen Sie das perfekte Symbol f\u00fcr Freiheit und Sch\u00f6nheit!<\/strong> \ud83e\udd8b\u2728<\/p>\n","protected":false},"excerpt":{"rendered":"<p><strong>Silberne Schmetterlingsohrringe mit wei\u00dfen Steinen und Ohrringanh\u00e4nger &#8211; ein Symbol der Leichtigkeit und Verwandlung!<\/strong> \ud83e\udd8b\u2728<br \/>\nDieses wundersch\u00f6ne Schmuckset kombiniert die luftige Sch\u00f6nheit des Schmetterlings und den Glanz wei\u00dfer Steine zu einem einzigartigen und eleganten Accessoire f\u00fcr jeden Anlass.<\/p>\n","protected":false},"featured_media":96112,"template":"","meta":[],"product_brand":[],"product_cat":[526],"product_tag":[527,650,628],"class_list":{"0":"post-113354","1":"product","2":"type-product","3":"status-publish","4":"has-post-thumbnail","6":"product_cat-silberschmuck-set","7":"product_tag-damen","8":"product_tag-kinder-silberschmuck","9":"product_tag-tiermotiv","10":"description-off","12":"first","13":"instock","14":"taxable","15":"shipping-taxable","16":"purchasable","17":"product-type-simple"},"yoast_head":"<!-- This site is optimized with the Yoast SEO Premium plugin v26.8 (Yoast SEO v27.4) - https:\/\/yoast.com\/product\/yoast-seo-premium-wordpress\/ -->\n<title>Wei\u00dfer Stein Silber Schmetterling Ohrringe mit Silber Stecker Ohrringe Anh\u00e4nger | Drescher Jewellery<\/title>\n<meta name=\"description\" content=\"Fedezd fel a leny\u0171g\u00f6z\u0151 Wei\u00dfer Stein Silber Schmetterling Ohrringe mit Silber Stecker Ohrringe Anh\u00e4nger \u00e9kszer\u00fcnket. T\u00f6k\u00e9letes kieg\u00e9sz\u00edt\u0151 mindennapi viselethez \u00e9s k\u00fcl\u00f6nleges alkalmakra egyar\u00e1nt. Rendeld meg most!\" \/>\n<meta name=\"robots\" content=\"index, follow, max-snippet:-1, max-image-preview:large, max-video-preview:-1\" \/>\n<link rel=\"canonical\" href=\"https:\/\/drescherjewellery.com\/de\/termek\/weisser-stein-silber-schmetterling-ohrringe-mit-silber-stecker-ohrringe-anhaenger\/\" \/>\n<meta property=\"og:locale\" content=\"de_DE\" \/>\n<meta property=\"og:type\" content=\"article\" \/>\n<meta property=\"og:title\" content=\"Wei\u00dfer Stein Silber Schmetterling Ohrringe mit Silber Stecker Ohrringe Anh\u00e4nger\" \/>\n<meta property=\"og:description\" content=\"Fedezd fel a leny\u0171g\u00f6z\u0151 Wei\u00dfer Stein Silber Schmetterling Ohrringe mit Silber Stecker Ohrringe Anh\u00e4nger \u00e9kszer\u00fcnket. T\u00f6k\u00e9letes kieg\u00e9sz\u00edt\u0151 mindennapi viselethez \u00e9s k\u00fcl\u00f6nleges alkalmakra egyar\u00e1nt. Rendeld meg most!\" \/>\n<meta property=\"og:url\" content=\"https:\/\/drescherjewellery.com\/de\/termek\/weisser-stein-silber-schmetterling-ohrringe-mit-silber-stecker-ohrringe-anhaenger\/\" \/>\n<meta property=\"og:site_name\" content=\"Drescher Jewellery\" \/>\n<meta property=\"article:publisher\" content=\"https:\/\/www.facebook.com\/drescherjewellery\" \/>\n<meta property=\"og:image\" content=\"https:\/\/drescherjewellery.com\/wp-content\/uploads\/2022\/09\/1-4-compress-scaled.jpg\" \/>\n\t<meta property=\"og:image:width\" content=\"800\" \/>\n\t<meta property=\"og:image:height\" content=\"800\" \/>\n\t<meta property=\"og:image:type\" content=\"image\/jpeg\" \/>\n<meta name=\"twitter:card\" content=\"summary_large_image\" \/>\n<meta name=\"twitter:label1\" content=\"Gesch\u00e4tzte Lesezeit\" \/>\n\t<meta name=\"twitter:data1\" content=\"1\u00a0Minute\" \/>\n<script type=\"application\/ld+json\" class=\"yoast-schema-graph\">{\"@context\":\"https:\\\/\\\/schema.org\",\"@graph\":[{\"@type\":\"WebPage\",\"@id\":\"https:\\\/\\\/drescherjewellery.com\\\/de\\\/termek\\\/weisser-stein-silber-schmetterling-ohrringe-mit-silber-stecker-ohrringe-anhaenger\\\/\",\"url\":\"https:\\\/\\\/drescherjewellery.com\\\/de\\\/termek\\\/weisser-stein-silber-schmetterling-ohrringe-mit-silber-stecker-ohrringe-anhaenger\\\/\",\"name\":\"Wei\u00dfer Stein Silber Schmetterling Ohrringe mit Silber Stecker Ohrringe Anh\u00e4nger | Drescher Jewellery\",\"isPartOf\":{\"@id\":\"https:\\\/\\\/drescherjewellery.com\\\/de\\\/#website\"},\"primaryImageOfPage\":{\"@id\":\"https:\\\/\\\/drescherjewellery.com\\\/de\\\/termek\\\/weisser-stein-silber-schmetterling-ohrringe-mit-silber-stecker-ohrringe-anhaenger\\\/#primaryimage\"},\"image\":{\"@id\":\"https:\\\/\\\/drescherjewellery.com\\\/de\\\/termek\\\/weisser-stein-silber-schmetterling-ohrringe-mit-silber-stecker-ohrringe-anhaenger\\\/#primaryimage\"},\"thumbnailUrl\":\"https:\\\/\\\/drescherjewellery.com\\\/wp-content\\\/uploads\\\/2022\\\/09\\\/1-4-compress-scaled.jpg\",\"datePublished\":\"2022-09-30T08:42:21+00:00\",\"description\":\"Fedezd fel a leny\u0171g\u00f6z\u0151 Wei\u00dfer Stein Silber Schmetterling Ohrringe mit Silber Stecker Ohrringe Anh\u00e4nger \u00e9kszer\u00fcnket. T\u00f6k\u00e9letes kieg\u00e9sz\u00edt\u0151 mindennapi viselethez \u00e9s k\u00fcl\u00f6nleges alkalmakra egyar\u00e1nt. Rendeld meg most!\",\"breadcrumb\":{\"@id\":\"https:\\\/\\\/drescherjewellery.com\\\/de\\\/termek\\\/weisser-stein-silber-schmetterling-ohrringe-mit-silber-stecker-ohrringe-anhaenger\\\/#breadcrumb\"},\"inLanguage\":\"de\",\"potentialAction\":[{\"@type\":\"ReadAction\",\"target\":[\"https:\\\/\\\/drescherjewellery.com\\\/de\\\/termek\\\/weisser-stein-silber-schmetterling-ohrringe-mit-silber-stecker-ohrringe-anhaenger\\\/\"]}]},{\"@type\":\"ImageObject\",\"inLanguage\":\"de\",\"@id\":\"https:\\\/\\\/drescherjewellery.com\\\/de\\\/termek\\\/weisser-stein-silber-schmetterling-ohrringe-mit-silber-stecker-ohrringe-anhaenger\\\/#primaryimage\",\"url\":\"https:\\\/\\\/drescherjewellery.com\\\/wp-content\\\/uploads\\\/2022\\\/09\\\/1-4-compress-scaled.jpg\",\"contentUrl\":\"https:\\\/\\\/drescherjewellery.com\\\/wp-content\\\/uploads\\\/2022\\\/09\\\/1-4-compress-scaled.jpg\",\"width\":800,\"height\":800},{\"@type\":\"BreadcrumbList\",\"@id\":\"https:\\\/\\\/drescherjewellery.com\\\/de\\\/termek\\\/weisser-stein-silber-schmetterling-ohrringe-mit-silber-stecker-ohrringe-anhaenger\\\/#breadcrumb\",\"itemListElement\":[{\"@type\":\"ListItem\",\"position\":1,\"name\":\"Kezd\u0151lap\",\"item\":\"https:\\\/\\\/drescherjewellery.com\\\/de\\\/\"},{\"@type\":\"ListItem\",\"position\":2,\"name\":\"Shop\",\"item\":\"https:\\\/\\\/drescherjewellery.com\\\/de\\\/shop\\\/\"},{\"@type\":\"ListItem\",\"position\":3,\"name\":\"Wei\u00dfer Stein Silber Schmetterling Ohrringe mit Silber Stecker Ohrringe Anh\u00e4nger\"}]},{\"@type\":\"WebSite\",\"@id\":\"https:\\\/\\\/drescherjewellery.com\\\/de\\\/#website\",\"url\":\"https:\\\/\\\/drescherjewellery.com\\\/de\\\/\",\"name\":\"Drescher Jewellery\",\"description\":\"Tedd t\u00f6k\u00e9letesebb\u00e9 mindennapjaid a Drescher Jewellery \u00e9kszereivel.\",\"publisher\":{\"@id\":\"https:\\\/\\\/drescherjewellery.com\\\/de\\\/#organization\"},\"alternateName\":\"Ez\u00fcst \u00c9kszer Web\u00e1ruh\u00e1z\",\"potentialAction\":[{\"@type\":\"SearchAction\",\"target\":{\"@type\":\"EntryPoint\",\"urlTemplate\":\"https:\\\/\\\/drescherjewellery.com\\\/de\\\/?s={search_term_string}\"},\"query-input\":{\"@type\":\"PropertyValueSpecification\",\"valueRequired\":true,\"valueName\":\"search_term_string\"}}],\"inLanguage\":\"de\"},{\"@type\":\"Organization\",\"@id\":\"https:\\\/\\\/drescherjewellery.com\\\/de\\\/#organization\",\"name\":\"Drescher Jewellery\",\"url\":\"https:\\\/\\\/drescherjewellery.com\\\/de\\\/\",\"logo\":{\"@type\":\"ImageObject\",\"inLanguage\":\"de\",\"@id\":\"https:\\\/\\\/drescherjewellery.com\\\/de\\\/#\\\/schema\\\/logo\\\/image\\\/\",\"url\":\"https:\\\/\\\/drescherjewellery.com\\\/wp-content\\\/uploads\\\/2026\\\/01\\\/Drescher-Jewellery-wpml.png\",\"contentUrl\":\"https:\\\/\\\/drescherjewellery.com\\\/wp-content\\\/uploads\\\/2026\\\/01\\\/Drescher-Jewellery-wpml.png\",\"width\":500,\"height\":500,\"caption\":\"Drescher Jewellery\"},\"image\":{\"@id\":\"https:\\\/\\\/drescherjewellery.com\\\/de\\\/#\\\/schema\\\/logo\\\/image\\\/\"},\"sameAs\":[\"https:\\\/\\\/www.facebook.com\\\/drescherjewellery\",\"https:\\\/\\\/www.instagram.com\\\/drescherjewellery\",\"https:\\\/\\\/www.tiktok.com\\\/@drescherjewellery\"]}]}<\/script>\n<!-- \/ Yoast SEO Premium plugin. -->","yoast_head_json":{"title":"Wei\u00dfer Stein Silber Schmetterling Ohrringe mit Silber Stecker Ohrringe Anh\u00e4nger | Drescher Jewellery","description":"Fedezd fel a leny\u0171g\u00f6z\u0151 Wei\u00dfer Stein Silber Schmetterling Ohrringe mit Silber Stecker Ohrringe Anh\u00e4nger \u00e9kszer\u00fcnket. T\u00f6k\u00e9letes kieg\u00e9sz\u00edt\u0151 mindennapi viselethez \u00e9s k\u00fcl\u00f6nleges alkalmakra egyar\u00e1nt. Rendeld meg most!","robots":{"index":"index","follow":"follow","max-snippet":"max-snippet:-1","max-image-preview":"max-image-preview:large","max-video-preview":"max-video-preview:-1"},"canonical":"https:\/\/drescherjewellery.com\/de\/termek\/weisser-stein-silber-schmetterling-ohrringe-mit-silber-stecker-ohrringe-anhaenger\/","og_locale":"de_DE","og_type":"article","og_title":"Wei\u00dfer Stein Silber Schmetterling Ohrringe mit Silber Stecker Ohrringe Anh\u00e4nger","og_description":"Fedezd fel a leny\u0171g\u00f6z\u0151 Wei\u00dfer Stein Silber Schmetterling Ohrringe mit Silber Stecker Ohrringe Anh\u00e4nger \u00e9kszer\u00fcnket. T\u00f6k\u00e9letes kieg\u00e9sz\u00edt\u0151 mindennapi viselethez \u00e9s k\u00fcl\u00f6nleges alkalmakra egyar\u00e1nt. Rendeld meg most!","og_url":"https:\/\/drescherjewellery.com\/de\/termek\/weisser-stein-silber-schmetterling-ohrringe-mit-silber-stecker-ohrringe-anhaenger\/","og_site_name":"Drescher Jewellery","article_publisher":"https:\/\/www.facebook.com\/drescherjewellery","og_image":[{"width":800,"height":800,"url":"https:\/\/drescherjewellery.com\/wp-content\/uploads\/2022\/09\/1-4-compress-scaled.jpg","type":"image\/jpeg"}],"twitter_card":"summary_large_image","twitter_misc":{"Gesch\u00e4tzte Lesezeit":"1\u00a0Minute"},"schema":{"@context":"https:\/\/schema.org","@graph":[{"@type":"WebPage","@id":"https:\/\/drescherjewellery.com\/de\/termek\/weisser-stein-silber-schmetterling-ohrringe-mit-silber-stecker-ohrringe-anhaenger\/","url":"https:\/\/drescherjewellery.com\/de\/termek\/weisser-stein-silber-schmetterling-ohrringe-mit-silber-stecker-ohrringe-anhaenger\/","name":"Wei\u00dfer Stein Silber Schmetterling Ohrringe mit Silber Stecker Ohrringe Anh\u00e4nger | Drescher Jewellery","isPartOf":{"@id":"https:\/\/drescherjewellery.com\/de\/#website"},"primaryImageOfPage":{"@id":"https:\/\/drescherjewellery.com\/de\/termek\/weisser-stein-silber-schmetterling-ohrringe-mit-silber-stecker-ohrringe-anhaenger\/#primaryimage"},"image":{"@id":"https:\/\/drescherjewellery.com\/de\/termek\/weisser-stein-silber-schmetterling-ohrringe-mit-silber-stecker-ohrringe-anhaenger\/#primaryimage"},"thumbnailUrl":"https:\/\/drescherjewellery.com\/wp-content\/uploads\/2022\/09\/1-4-compress-scaled.jpg","datePublished":"2022-09-30T08:42:21+00:00","description":"Fedezd fel a leny\u0171g\u00f6z\u0151 Wei\u00dfer Stein Silber Schmetterling Ohrringe mit Silber Stecker Ohrringe Anh\u00e4nger \u00e9kszer\u00fcnket. T\u00f6k\u00e9letes kieg\u00e9sz\u00edt\u0151 mindennapi viselethez \u00e9s k\u00fcl\u00f6nleges alkalmakra egyar\u00e1nt. Rendeld meg most!","breadcrumb":{"@id":"https:\/\/drescherjewellery.com\/de\/termek\/weisser-stein-silber-schmetterling-ohrringe-mit-silber-stecker-ohrringe-anhaenger\/#breadcrumb"},"inLanguage":"de","potentialAction":[{"@type":"ReadAction","target":["https:\/\/drescherjewellery.com\/de\/termek\/weisser-stein-silber-schmetterling-ohrringe-mit-silber-stecker-ohrringe-anhaenger\/"]}]},{"@type":"ImageObject","inLanguage":"de","@id":"https:\/\/drescherjewellery.com\/de\/termek\/weisser-stein-silber-schmetterling-ohrringe-mit-silber-stecker-ohrringe-anhaenger\/#primaryimage","url":"https:\/\/drescherjewellery.com\/wp-content\/uploads\/2022\/09\/1-4-compress-scaled.jpg","contentUrl":"https:\/\/drescherjewellery.com\/wp-content\/uploads\/2022\/09\/1-4-compress-scaled.jpg","width":800,"height":800},{"@type":"BreadcrumbList","@id":"https:\/\/drescherjewellery.com\/de\/termek\/weisser-stein-silber-schmetterling-ohrringe-mit-silber-stecker-ohrringe-anhaenger\/#breadcrumb","itemListElement":[{"@type":"ListItem","position":1,"name":"Kezd\u0151lap","item":"https:\/\/drescherjewellery.com\/de\/"},{"@type":"ListItem","position":2,"name":"Shop","item":"https:\/\/drescherjewellery.com\/de\/shop\/"},{"@type":"ListItem","position":3,"name":"Wei\u00dfer Stein Silber Schmetterling Ohrringe mit Silber Stecker Ohrringe Anh\u00e4nger"}]},{"@type":"WebSite","@id":"https:\/\/drescherjewellery.com\/de\/#website","url":"https:\/\/drescherjewellery.com\/de\/","name":"Drescher Jewellery","description":"Tedd t\u00f6k\u00e9letesebb\u00e9 mindennapjaid a Drescher Jewellery \u00e9kszereivel.","publisher":{"@id":"https:\/\/drescherjewellery.com\/de\/#organization"},"alternateName":"Ez\u00fcst \u00c9kszer Web\u00e1ruh\u00e1z","potentialAction":[{"@type":"SearchAction","target":{"@type":"EntryPoint","urlTemplate":"https:\/\/drescherjewellery.com\/de\/?s={search_term_string}"},"query-input":{"@type":"PropertyValueSpecification","valueRequired":true,"valueName":"search_term_string"}}],"inLanguage":"de"},{"@type":"Organization","@id":"https:\/\/drescherjewellery.com\/de\/#organization","name":"Drescher Jewellery","url":"https:\/\/drescherjewellery.com\/de\/","logo":{"@type":"ImageObject","inLanguage":"de","@id":"https:\/\/drescherjewellery.com\/de\/#\/schema\/logo\/image\/","url":"https:\/\/drescherjewellery.com\/wp-content\/uploads\/2026\/01\/Drescher-Jewellery-wpml.png","contentUrl":"https:\/\/drescherjewellery.com\/wp-content\/uploads\/2026\/01\/Drescher-Jewellery-wpml.png","width":500,"height":500,"caption":"Drescher Jewellery"},"image":{"@id":"https:\/\/drescherjewellery.com\/de\/#\/schema\/logo\/image\/"},"sameAs":["https:\/\/www.facebook.com\/drescherjewellery","https:\/\/www.instagram.com\/drescherjewellery","https:\/\/www.tiktok.com\/@drescherjewellery"]}]}},"_links":{"self":[{"href":"https:\/\/drescherjewellery.com\/de\/wp-json\/wp\/v2\/product\/113354","targetHints":{"allow":["GET"]}}],"collection":[{"href":"https:\/\/drescherjewellery.com\/de\/wp-json\/wp\/v2\/product"}],"about":[{"href":"https:\/\/drescherjewellery.com\/de\/wp-json\/wp\/v2\/types\/product"}],"version-history":[{"count":0,"href":"https:\/\/drescherjewellery.com\/de\/wp-json\/wp\/v2\/product\/113354\/revisions"}],"wp:featuredmedia":[{"embeddable":true,"href":"https:\/\/drescherjewellery.com\/de\/wp-json\/wp\/v2\/media\/96112"}],"wp:attachment":[{"href":"https:\/\/drescherjewellery.com\/de\/wp-json\/wp\/v2\/media?parent=113354"}],"wp:term":[{"taxonomy":"product_brand","embeddable":true,"href":"https:\/\/drescherjewellery.com\/de\/wp-json\/wp\/v2\/product_brand?post=113354"},{"taxonomy":"product_cat","embeddable":true,"href":"https:\/\/drescherjewellery.com\/de\/wp-json\/wp\/v2\/product_cat?post=113354"},{"taxonomy":"product_tag","embeddable":true,"href":"https:\/\/drescherjewellery.com\/de\/wp-json\/wp\/v2\/product_tag?post=113354"}],"curies":[{"name":"wp","href":"https:\/\/api.w.org\/{rel}","templated":true}]}}