{"id":117834,"date":"2026-01-12T00:03:35","date_gmt":"2026-01-11T23:03:35","guid":{"rendered":"https:\/\/drescherjewellery.com\/termek\/asymmetrischer-herz-anhaenger-mit-zirkonia-ag-925-sterling-silber-rhodiniert-ohne-kette\/"},"modified":"2026-04-01T17:19:20","modified_gmt":"2026-04-01T15:19:20","slug":"asymmetrischer-herz-anhaenger-mit-zirkonia-ag-925-sterling-silber-rhodiniert-ohne-kette","status":"publish","type":"product","link":"https:\/\/drescherjewellery.com\/de\/termek\/asymmetrischer-herz-anhaenger-mit-zirkonia-ag-925-sterling-silber-rhodiniert-ohne-kette\/","title":{"rendered":"Asymmetrischer Herz-Anh\u00e4nger mit Zirkonia &#8211; AG 925 Sterling Silber, rhodiniert (ohne Kette)"},"content":{"rendered":"<h2 data-start=\"319\" data-end=\"401\"><strong data-start=\"322\" data-end=\"401\">Asymmetrischer Herz-Anh\u00e4nger &#8211; ein modernes Symbol der Zweisamkeit (ohne Kette)<\/strong><\/h2>\n<h3 data-start=\"403\" data-end=\"436\">Was symbolisiert die Herzform?<\/h3>\n<ul data-start=\"437\" data-end=\"676\">\n<li data-start=\"437\" data-end=\"505\">\n<p data-start=\"439\" data-end=\"505\"><strong data-start=\"441\" data-end=\"478\">Liebe und emotionale Bindung<\/strong> in einem modernen Ansatz.<\/p>\n<\/li>\n<li data-start=\"506\" data-end=\"603\">\n<p data-start=\"508\" data-end=\"603\">Die Kombination des gr\u00f6\u00dferen und des kleineren Herzens dr\u00fcckt <strong data-start=\"548\" data-end=\"590\">Zusammengeh\u00f6rigkeit und Einigkeit<\/strong> aus.<\/p>\n<\/li>\n<li data-start=\"604\" data-end=\"676\">\n<p data-start=\"606\" data-end=\"676\">Der Zirkoniabogen steht f\u00fcr <strong data-start=\"623\" data-end=\"665\">strahlende Emotionen und reine Absicht.<\/strong> <\/p>\n<\/li>\n<\/ul>\n<h3 data-start=\"678\" data-end=\"696\">Warum w\u00e4hlen Sie es?<\/h3>\n<ul data-start=\"697\" data-end=\"1108\">\n<li data-start=\"697\" data-end=\"777\">\n<p data-start=\"699\" data-end=\"777\"><strong data-start=\"699\" data-end=\"715\">AG 925 Silber<\/strong> mit Rhodium-Beschichtung f\u00fcr dauerhaften Glanz und Verschlei\u00dffestigkeit.<\/p>\n<\/li>\n<li data-start=\"778\" data-end=\"876\">\n<p data-start=\"780\" data-end=\"876\">Ein Herz <strong data-start=\"796\" data-end=\"835\">ist mit wei\u00dfen Zirkoniasteinen besetzt<\/strong>, die dem Anh\u00e4nger ein elegantes Funkeln verleihen.<\/p>\n<\/li>\n<li data-start=\"877\" data-end=\"972\">\n<p data-start=\"879\" data-end=\"972\">Asymmetrisches, modernes Design &#8211; eine einzigartige Alternative zum klassischen Herzschmuck.<\/p>\n<\/li>\n<li data-start=\"973\" data-end=\"1044\">\n<p data-start=\"975\" data-end=\"1044\">Leichtes Design, angenehm zu tragen mit jeder Kette.<\/p>\n<\/li>\n<li data-start=\"1045\" data-end=\"1108\">\n<p data-start=\"1047\" data-end=\"1108\">Ein von Herzen kommendes Geschenk, das sowohl romantisch als auch stilvoll ist.<\/p>\n<\/li>\n<\/ul>\n<p data-start=\"1110\" data-end=\"1238\" data-is-last-node=\"\" data-is-only-node=\"\">Dieser asymmetrische Herzanh\u00e4nger ist eine subtile Botschaft der Liebe &#8211; perfekt, wenn Sie auf der Suche nach einem einzigartigen und doch gef\u00fchlvollen Schmuckst\u00fcck sind. \ud83e\udd0d\u2728<\/p>\n","protected":false},"excerpt":{"rendered":"<p>\ud83e\udd0d Ein unverwechselbares modernes Herzmotiv, bei dem die klaren silbernen Kurven und die <strong data-start=\"162\" data-end=\"204\">wei\u00dfen Zirkoniasteine<\/strong> ein zartes Gleichgewicht schaffen. Elegant und doch voller Emotionen, ist es ein Schmuckst\u00fcck, das sofort ins Auge f\u00e4llt. \u2728<\/p>\n","protected":false},"featured_media":117616,"template":"","meta":[],"product_brand":[],"product_cat":[616],"product_tag":[527,633,622],"class_list":{"0":"post-117834","1":"product","2":"type-product","3":"status-publish","4":"has-post-thumbnail","6":"product_cat-silberne-anhanger","7":"product_tag-damen","8":"product_tag-herz","9":"product_tag-muttertagsgeschenk","10":"description-off","12":"first","13":"instock","14":"sale","15":"taxable","16":"shipping-taxable","17":"purchasable","18":"product-type-simple"},"yoast_head":"<!-- This site is optimized with the Yoast SEO Premium plugin v26.8 (Yoast SEO v27.4) - https:\/\/yoast.com\/product\/yoast-seo-premium-wordpress\/ -->\n<title>Asymmetrischer Herz-Anh\u00e4nger mit Zirkonia - AG 925 Sterling Silber, rhodiniert (ohne Kette) | Drescher Jewellery<\/title>\n<meta name=\"description\" content=\"Fedezd fel a leny\u0171g\u00f6z\u0151 Asymmetrischer Herz-Anh\u00e4nger mit Zirkonia - AG 925 Sterling Silber, rhodiniert (ohne Kette) \u00e9kszer\u00fcnket. T\u00f6k\u00e9letes kieg\u00e9sz\u00edt\u0151 mindennapi viselethez \u00e9s k\u00fcl\u00f6nleges alkalmakra egyar\u00e1nt. Rendeld meg most!\" \/>\n<meta name=\"robots\" content=\"index, follow, max-snippet:-1, max-image-preview:large, max-video-preview:-1\" \/>\n<link rel=\"canonical\" href=\"https:\/\/drescherjewellery.com\/de\/termek\/asymmetrischer-herz-anhaenger-mit-zirkonia-ag-925-sterling-silber-rhodiniert-ohne-kette\/\" \/>\n<meta property=\"og:locale\" content=\"de_DE\" \/>\n<meta property=\"og:type\" content=\"article\" \/>\n<meta property=\"og:title\" content=\"Asymmetrischer Herz-Anh\u00e4nger mit Zirkonia - AG 925 Sterling Silber, rhodiniert (ohne Kette)\" \/>\n<meta property=\"og:description\" content=\"Fedezd fel a leny\u0171g\u00f6z\u0151 Asymmetrischer Herz-Anh\u00e4nger mit Zirkonia - AG 925 Sterling Silber, rhodiniert (ohne Kette) \u00e9kszer\u00fcnket. T\u00f6k\u00e9letes kieg\u00e9sz\u00edt\u0151 mindennapi viselethez \u00e9s k\u00fcl\u00f6nleges alkalmakra egyar\u00e1nt. Rendeld meg most!\" \/>\n<meta property=\"og:url\" content=\"https:\/\/drescherjewellery.com\/de\/termek\/asymmetrischer-herz-anhaenger-mit-zirkonia-ag-925-sterling-silber-rhodiniert-ohne-kette\/\" \/>\n<meta property=\"og:site_name\" content=\"Drescher Jewellery\" \/>\n<meta property=\"article:publisher\" content=\"https:\/\/www.facebook.com\/drescherjewellery\" \/>\n<meta property=\"article:modified_time\" content=\"2026-04-01T15:19:20+00:00\" \/>\n<meta property=\"og:image\" content=\"https:\/\/drescherjewellery.com\/wp-content\/uploads\/2026\/01\/Aszimmetrikus-sziv-medal-cirkoniaval_2.jpg\" \/>\n\t<meta property=\"og:image:width\" content=\"1340\" \/>\n\t<meta property=\"og:image:height\" content=\"1785\" \/>\n\t<meta property=\"og:image:type\" content=\"image\/jpeg\" \/>\n<meta name=\"twitter:card\" content=\"summary_large_image\" \/>\n<meta name=\"twitter:label1\" content=\"Gesch\u00e4tzte Lesezeit\" \/>\n\t<meta name=\"twitter:data1\" content=\"1\u00a0Minute\" \/>\n<script type=\"application\/ld+json\" class=\"yoast-schema-graph\">{\"@context\":\"https:\\\/\\\/schema.org\",\"@graph\":[{\"@type\":\"WebPage\",\"@id\":\"https:\\\/\\\/drescherjewellery.com\\\/de\\\/termek\\\/asymmetrischer-herz-anhaenger-mit-zirkonia-ag-925-sterling-silber-rhodiniert-ohne-kette\\\/\",\"url\":\"https:\\\/\\\/drescherjewellery.com\\\/de\\\/termek\\\/asymmetrischer-herz-anhaenger-mit-zirkonia-ag-925-sterling-silber-rhodiniert-ohne-kette\\\/\",\"name\":\"Asymmetrischer Herz-Anh\u00e4nger mit Zirkonia - AG 925 Sterling Silber, rhodiniert (ohne Kette) | Drescher Jewellery\",\"isPartOf\":{\"@id\":\"https:\\\/\\\/drescherjewellery.com\\\/de\\\/#website\"},\"primaryImageOfPage\":{\"@id\":\"https:\\\/\\\/drescherjewellery.com\\\/de\\\/termek\\\/asymmetrischer-herz-anhaenger-mit-zirkonia-ag-925-sterling-silber-rhodiniert-ohne-kette\\\/#primaryimage\"},\"image\":{\"@id\":\"https:\\\/\\\/drescherjewellery.com\\\/de\\\/termek\\\/asymmetrischer-herz-anhaenger-mit-zirkonia-ag-925-sterling-silber-rhodiniert-ohne-kette\\\/#primaryimage\"},\"thumbnailUrl\":\"https:\\\/\\\/drescherjewellery.com\\\/wp-content\\\/uploads\\\/2026\\\/01\\\/Aszimmetrikus-sziv-medal-cirkoniaval_2.jpg\",\"datePublished\":\"2026-01-11T23:03:35+00:00\",\"dateModified\":\"2026-04-01T15:19:20+00:00\",\"description\":\"Fedezd fel a leny\u0171g\u00f6z\u0151 Asymmetrischer Herz-Anh\u00e4nger mit Zirkonia - AG 925 Sterling Silber, rhodiniert (ohne Kette) \u00e9kszer\u00fcnket. T\u00f6k\u00e9letes kieg\u00e9sz\u00edt\u0151 mindennapi viselethez \u00e9s k\u00fcl\u00f6nleges alkalmakra egyar\u00e1nt. Rendeld meg most!\",\"breadcrumb\":{\"@id\":\"https:\\\/\\\/drescherjewellery.com\\\/de\\\/termek\\\/asymmetrischer-herz-anhaenger-mit-zirkonia-ag-925-sterling-silber-rhodiniert-ohne-kette\\\/#breadcrumb\"},\"inLanguage\":\"de\",\"potentialAction\":[{\"@type\":\"ReadAction\",\"target\":[\"https:\\\/\\\/drescherjewellery.com\\\/de\\\/termek\\\/asymmetrischer-herz-anhaenger-mit-zirkonia-ag-925-sterling-silber-rhodiniert-ohne-kette\\\/\"]}]},{\"@type\":\"ImageObject\",\"inLanguage\":\"de\",\"@id\":\"https:\\\/\\\/drescherjewellery.com\\\/de\\\/termek\\\/asymmetrischer-herz-anhaenger-mit-zirkonia-ag-925-sterling-silber-rhodiniert-ohne-kette\\\/#primaryimage\",\"url\":\"https:\\\/\\\/drescherjewellery.com\\\/wp-content\\\/uploads\\\/2026\\\/01\\\/Aszimmetrikus-sziv-medal-cirkoniaval_2.jpg\",\"contentUrl\":\"https:\\\/\\\/drescherjewellery.com\\\/wp-content\\\/uploads\\\/2026\\\/01\\\/Aszimmetrikus-sziv-medal-cirkoniaval_2.jpg\",\"width\":1340,\"height\":1785},{\"@type\":\"BreadcrumbList\",\"@id\":\"https:\\\/\\\/drescherjewellery.com\\\/de\\\/termek\\\/asymmetrischer-herz-anhaenger-mit-zirkonia-ag-925-sterling-silber-rhodiniert-ohne-kette\\\/#breadcrumb\",\"itemListElement\":[{\"@type\":\"ListItem\",\"position\":1,\"name\":\"Kezd\u0151lap\",\"item\":\"https:\\\/\\\/drescherjewellery.com\\\/de\\\/\"},{\"@type\":\"ListItem\",\"position\":2,\"name\":\"Shop\",\"item\":\"https:\\\/\\\/drescherjewellery.com\\\/de\\\/shop\\\/\"},{\"@type\":\"ListItem\",\"position\":3,\"name\":\"Asymmetrischer Herz-Anh\u00e4nger mit Zirkonia &#8211; AG 925 Sterling Silber, rhodiniert (ohne Kette)\"}]},{\"@type\":\"WebSite\",\"@id\":\"https:\\\/\\\/drescherjewellery.com\\\/de\\\/#website\",\"url\":\"https:\\\/\\\/drescherjewellery.com\\\/de\\\/\",\"name\":\"Drescher Jewellery\",\"description\":\"Tedd t\u00f6k\u00e9letesebb\u00e9 mindennapjaid a Drescher Jewellery \u00e9kszereivel.\",\"publisher\":{\"@id\":\"https:\\\/\\\/drescherjewellery.com\\\/de\\\/#organization\"},\"alternateName\":\"Ez\u00fcst \u00c9kszer Web\u00e1ruh\u00e1z\",\"potentialAction\":[{\"@type\":\"SearchAction\",\"target\":{\"@type\":\"EntryPoint\",\"urlTemplate\":\"https:\\\/\\\/drescherjewellery.com\\\/de\\\/?s={search_term_string}\"},\"query-input\":{\"@type\":\"PropertyValueSpecification\",\"valueRequired\":true,\"valueName\":\"search_term_string\"}}],\"inLanguage\":\"de\"},{\"@type\":\"Organization\",\"@id\":\"https:\\\/\\\/drescherjewellery.com\\\/de\\\/#organization\",\"name\":\"Drescher Jewellery\",\"url\":\"https:\\\/\\\/drescherjewellery.com\\\/de\\\/\",\"logo\":{\"@type\":\"ImageObject\",\"inLanguage\":\"de\",\"@id\":\"https:\\\/\\\/drescherjewellery.com\\\/de\\\/#\\\/schema\\\/logo\\\/image\\\/\",\"url\":\"https:\\\/\\\/drescherjewellery.com\\\/wp-content\\\/uploads\\\/2026\\\/01\\\/Drescher-Jewellery-wpml.png\",\"contentUrl\":\"https:\\\/\\\/drescherjewellery.com\\\/wp-content\\\/uploads\\\/2026\\\/01\\\/Drescher-Jewellery-wpml.png\",\"width\":500,\"height\":500,\"caption\":\"Drescher Jewellery\"},\"image\":{\"@id\":\"https:\\\/\\\/drescherjewellery.com\\\/de\\\/#\\\/schema\\\/logo\\\/image\\\/\"},\"sameAs\":[\"https:\\\/\\\/www.facebook.com\\\/drescherjewellery\",\"https:\\\/\\\/www.instagram.com\\\/drescherjewellery\",\"https:\\\/\\\/www.tiktok.com\\\/@drescherjewellery\"]}]}<\/script>\n<!-- \/ Yoast SEO Premium plugin. -->","yoast_head_json":{"title":"Asymmetrischer Herz-Anh\u00e4nger mit Zirkonia - AG 925 Sterling Silber, rhodiniert (ohne Kette) | Drescher Jewellery","description":"Fedezd fel a leny\u0171g\u00f6z\u0151 Asymmetrischer Herz-Anh\u00e4nger mit Zirkonia - AG 925 Sterling Silber, rhodiniert (ohne Kette) \u00e9kszer\u00fcnket. T\u00f6k\u00e9letes kieg\u00e9sz\u00edt\u0151 mindennapi viselethez \u00e9s k\u00fcl\u00f6nleges alkalmakra egyar\u00e1nt. Rendeld meg most!","robots":{"index":"index","follow":"follow","max-snippet":"max-snippet:-1","max-image-preview":"max-image-preview:large","max-video-preview":"max-video-preview:-1"},"canonical":"https:\/\/drescherjewellery.com\/de\/termek\/asymmetrischer-herz-anhaenger-mit-zirkonia-ag-925-sterling-silber-rhodiniert-ohne-kette\/","og_locale":"de_DE","og_type":"article","og_title":"Asymmetrischer Herz-Anh\u00e4nger mit Zirkonia - AG 925 Sterling Silber, rhodiniert (ohne Kette)","og_description":"Fedezd fel a leny\u0171g\u00f6z\u0151 Asymmetrischer Herz-Anh\u00e4nger mit Zirkonia - AG 925 Sterling Silber, rhodiniert (ohne Kette) \u00e9kszer\u00fcnket. T\u00f6k\u00e9letes kieg\u00e9sz\u00edt\u0151 mindennapi viselethez \u00e9s k\u00fcl\u00f6nleges alkalmakra egyar\u00e1nt. Rendeld meg most!","og_url":"https:\/\/drescherjewellery.com\/de\/termek\/asymmetrischer-herz-anhaenger-mit-zirkonia-ag-925-sterling-silber-rhodiniert-ohne-kette\/","og_site_name":"Drescher Jewellery","article_publisher":"https:\/\/www.facebook.com\/drescherjewellery","article_modified_time":"2026-04-01T15:19:20+00:00","og_image":[{"width":1340,"height":1785,"url":"https:\/\/drescherjewellery.com\/wp-content\/uploads\/2026\/01\/Aszimmetrikus-sziv-medal-cirkoniaval_2.jpg","type":"image\/jpeg"}],"twitter_card":"summary_large_image","twitter_misc":{"Gesch\u00e4tzte Lesezeit":"1\u00a0Minute"},"schema":{"@context":"https:\/\/schema.org","@graph":[{"@type":"WebPage","@id":"https:\/\/drescherjewellery.com\/de\/termek\/asymmetrischer-herz-anhaenger-mit-zirkonia-ag-925-sterling-silber-rhodiniert-ohne-kette\/","url":"https:\/\/drescherjewellery.com\/de\/termek\/asymmetrischer-herz-anhaenger-mit-zirkonia-ag-925-sterling-silber-rhodiniert-ohne-kette\/","name":"Asymmetrischer Herz-Anh\u00e4nger mit Zirkonia - AG 925 Sterling Silber, rhodiniert (ohne Kette) | Drescher Jewellery","isPartOf":{"@id":"https:\/\/drescherjewellery.com\/de\/#website"},"primaryImageOfPage":{"@id":"https:\/\/drescherjewellery.com\/de\/termek\/asymmetrischer-herz-anhaenger-mit-zirkonia-ag-925-sterling-silber-rhodiniert-ohne-kette\/#primaryimage"},"image":{"@id":"https:\/\/drescherjewellery.com\/de\/termek\/asymmetrischer-herz-anhaenger-mit-zirkonia-ag-925-sterling-silber-rhodiniert-ohne-kette\/#primaryimage"},"thumbnailUrl":"https:\/\/drescherjewellery.com\/wp-content\/uploads\/2026\/01\/Aszimmetrikus-sziv-medal-cirkoniaval_2.jpg","datePublished":"2026-01-11T23:03:35+00:00","dateModified":"2026-04-01T15:19:20+00:00","description":"Fedezd fel a leny\u0171g\u00f6z\u0151 Asymmetrischer Herz-Anh\u00e4nger mit Zirkonia - AG 925 Sterling Silber, rhodiniert (ohne Kette) \u00e9kszer\u00fcnket. T\u00f6k\u00e9letes kieg\u00e9sz\u00edt\u0151 mindennapi viselethez \u00e9s k\u00fcl\u00f6nleges alkalmakra egyar\u00e1nt. Rendeld meg most!","breadcrumb":{"@id":"https:\/\/drescherjewellery.com\/de\/termek\/asymmetrischer-herz-anhaenger-mit-zirkonia-ag-925-sterling-silber-rhodiniert-ohne-kette\/#breadcrumb"},"inLanguage":"de","potentialAction":[{"@type":"ReadAction","target":["https:\/\/drescherjewellery.com\/de\/termek\/asymmetrischer-herz-anhaenger-mit-zirkonia-ag-925-sterling-silber-rhodiniert-ohne-kette\/"]}]},{"@type":"ImageObject","inLanguage":"de","@id":"https:\/\/drescherjewellery.com\/de\/termek\/asymmetrischer-herz-anhaenger-mit-zirkonia-ag-925-sterling-silber-rhodiniert-ohne-kette\/#primaryimage","url":"https:\/\/drescherjewellery.com\/wp-content\/uploads\/2026\/01\/Aszimmetrikus-sziv-medal-cirkoniaval_2.jpg","contentUrl":"https:\/\/drescherjewellery.com\/wp-content\/uploads\/2026\/01\/Aszimmetrikus-sziv-medal-cirkoniaval_2.jpg","width":1340,"height":1785},{"@type":"BreadcrumbList","@id":"https:\/\/drescherjewellery.com\/de\/termek\/asymmetrischer-herz-anhaenger-mit-zirkonia-ag-925-sterling-silber-rhodiniert-ohne-kette\/#breadcrumb","itemListElement":[{"@type":"ListItem","position":1,"name":"Kezd\u0151lap","item":"https:\/\/drescherjewellery.com\/de\/"},{"@type":"ListItem","position":2,"name":"Shop","item":"https:\/\/drescherjewellery.com\/de\/shop\/"},{"@type":"ListItem","position":3,"name":"Asymmetrischer Herz-Anh\u00e4nger mit Zirkonia &#8211; AG 925 Sterling Silber, rhodiniert (ohne Kette)"}]},{"@type":"WebSite","@id":"https:\/\/drescherjewellery.com\/de\/#website","url":"https:\/\/drescherjewellery.com\/de\/","name":"Drescher Jewellery","description":"Tedd t\u00f6k\u00e9letesebb\u00e9 mindennapjaid a Drescher Jewellery \u00e9kszereivel.","publisher":{"@id":"https:\/\/drescherjewellery.com\/de\/#organization"},"alternateName":"Ez\u00fcst \u00c9kszer Web\u00e1ruh\u00e1z","potentialAction":[{"@type":"SearchAction","target":{"@type":"EntryPoint","urlTemplate":"https:\/\/drescherjewellery.com\/de\/?s={search_term_string}"},"query-input":{"@type":"PropertyValueSpecification","valueRequired":true,"valueName":"search_term_string"}}],"inLanguage":"de"},{"@type":"Organization","@id":"https:\/\/drescherjewellery.com\/de\/#organization","name":"Drescher Jewellery","url":"https:\/\/drescherjewellery.com\/de\/","logo":{"@type":"ImageObject","inLanguage":"de","@id":"https:\/\/drescherjewellery.com\/de\/#\/schema\/logo\/image\/","url":"https:\/\/drescherjewellery.com\/wp-content\/uploads\/2026\/01\/Drescher-Jewellery-wpml.png","contentUrl":"https:\/\/drescherjewellery.com\/wp-content\/uploads\/2026\/01\/Drescher-Jewellery-wpml.png","width":500,"height":500,"caption":"Drescher Jewellery"},"image":{"@id":"https:\/\/drescherjewellery.com\/de\/#\/schema\/logo\/image\/"},"sameAs":["https:\/\/www.facebook.com\/drescherjewellery","https:\/\/www.instagram.com\/drescherjewellery","https:\/\/www.tiktok.com\/@drescherjewellery"]}]}},"_links":{"self":[{"href":"https:\/\/drescherjewellery.com\/de\/wp-json\/wp\/v2\/product\/117834","targetHints":{"allow":["GET"]}}],"collection":[{"href":"https:\/\/drescherjewellery.com\/de\/wp-json\/wp\/v2\/product"}],"about":[{"href":"https:\/\/drescherjewellery.com\/de\/wp-json\/wp\/v2\/types\/product"}],"version-history":[{"count":0,"href":"https:\/\/drescherjewellery.com\/de\/wp-json\/wp\/v2\/product\/117834\/revisions"}],"wp:featuredmedia":[{"embeddable":true,"href":"https:\/\/drescherjewellery.com\/de\/wp-json\/wp\/v2\/media\/117616"}],"wp:attachment":[{"href":"https:\/\/drescherjewellery.com\/de\/wp-json\/wp\/v2\/media?parent=117834"}],"wp:term":[{"taxonomy":"product_brand","embeddable":true,"href":"https:\/\/drescherjewellery.com\/de\/wp-json\/wp\/v2\/product_brand?post=117834"},{"taxonomy":"product_cat","embeddable":true,"href":"https:\/\/drescherjewellery.com\/de\/wp-json\/wp\/v2\/product_cat?post=117834"},{"taxonomy":"product_tag","embeddable":true,"href":"https:\/\/drescherjewellery.com\/de\/wp-json\/wp\/v2\/product_tag?post=117834"}],"curies":[{"name":"wp","href":"https:\/\/api.w.org\/{rel}","templated":true}]}}