{"id":103356,"date":"2025-05-15T14:52:11","date_gmt":"2025-05-15T12:52:11","guid":{"rendered":"https:\/\/dianasilver.hu\/?post_type=product&#038;p=103356"},"modified":"2026-04-01T17:19:21","modified_gmt":"2026-04-01T15:19:21","slug":"ezust-klasszikus-kereszt-medal","status":"publish","type":"product","link":"https:\/\/drescherjewellery.com\/hu\/termek\/ezust-klasszikus-kereszt-medal\/","title":{"rendered":"Ez\u00fcst klasszikus kereszt med\u00e1l"},"content":{"rendered":"<article class=\"text-token-text-primary w-full\" dir=\"auto\" data-testid=\"conversation-turn-1257\" data-scroll-anchor=\"true\">\n<div class=\"text-base my-auto mx-auto py-5 [--thread-content-margin:--spacing(4)] @[37rem]:[--thread-content-margin:--spacing(6)] @[72rem]:[--thread-content-margin:--spacing(16)] px-(--thread-content-margin)\">\n<div class=\"[--thread-content-max-width:32rem] @[34rem]:[--thread-content-max-width:40rem] @[64rem]:[--thread-content-max-width:48rem] mx-auto flex max-w-(--thread-content-max-width) flex-1 text-base gap-4 md:gap-5 lg:gap-6 group\/turn-messages focus-visible:outline-hidden\" tabindex=\"-1\">\n<div class=\"group\/conversation-turn relative flex w-full min-w-0 flex-col agent-turn\">\n<div class=\"relative flex-col gap-1 md:gap-3\">\n<div class=\"flex max-w-full flex-col grow\">\n<div class=\"min-h-8 text-message relative flex w-full flex-col items-end gap-2 text-start break-words whitespace-normal [.text-message+&amp;]:mt-5\" dir=\"auto\" data-message-author-role=\"assistant\" data-message-id=\"1878f62a-a6ad-41ab-8c22-f6273a479e1a\" data-message-model-slug=\"gpt-4o\">\n<div class=\"flex w-full flex-col gap-1 empty:hidden first:pt-[3px]\">\n<div class=\"markdown prose dark:prose-invert w-full break-words light\">\n<h3 data-start=\"351\" data-end=\"424\"><strong data-start=\"355\" data-end=\"424\">Ez\u00fcst klasszikus kereszt med\u00e1l \u2013 hit, v\u00e9delem \u00e9s tiszta elegancia<\/strong><\/h3>\n<p data-start=\"426\" data-end=\"670\">Ez a gy\u00f6ny\u00f6r\u0171, <strong data-start=\"441\" data-end=\"460\">AG 925 ez\u00fcstb\u0151l<\/strong> k\u00e9sz\u00fclt klasszikus kereszt med\u00e1l letisztult formavil\u00e1g\u00e1val id\u0151tlen st\u00edlust k\u00e9pvisel. A f\u00e9nyes, sima fel\u00fclet eleganci\u00e1t sug\u00e1roz, mik\u00f6zben m\u00e9ly szimbolik\u00e1t hordoz \u2013 a hit, a v\u00e9delem \u00e9s a rem\u00e9ny megtestes\u00edt\u0151je.<\/p>\n<p data-start=\"672\" data-end=\"820\">A med\u00e1lt <strong data-start=\"681\" data-end=\"696\">l\u00e1nc n\u00e9lk\u00fcl<\/strong> sz\u00e1ll\u00edtjuk, \u00edgy k\u00f6nnyed\u00e9n kombin\u00e1lhat\u00f3 b\u00e1rmilyen st\u00edlus\u00fa nyakl\u00e1nccal \u2013 legyen sz\u00f3 v\u00e9kony, finom vagy hangs\u00falyosabb l\u00e1ncr\u00f3l.<\/p>\n<p data-start=\"822\" data-end=\"865\">\u271d\ufe0f <strong data-start=\"825\" data-end=\"863\">Mit szimboliz\u00e1l a kereszt mot\u00edvum?<\/strong><\/p>\n<ul data-start=\"866\" data-end=\"1043\">\n<li data-start=\"866\" data-end=\"917\">\n<p data-start=\"868\" data-end=\"917\">A hit \u00e9s a spiritu\u00e1lis v\u00e9delem id\u0151tlen jelk\u00e9pe.<\/p>\n<\/li>\n<li data-start=\"918\" data-end=\"968\">\n<p data-start=\"920\" data-end=\"968\">A meg\u00fajul\u00e1s, szeretet \u00e9s bels\u0151 er\u0151 szimb\u00f3luma.<\/p>\n<\/li>\n<li data-start=\"969\" data-end=\"1043\">\n<p data-start=\"971\" data-end=\"1043\">Egyszer\u0171s\u00e9g\u00e9ben rejlik a m\u00e9lys\u00e9ge \u2013 t\u00f6k\u00e9letes mindennapi viseletk\u00e9nt is.<\/p>\n<\/li>\n<\/ul>\n<p data-start=\"1045\" data-end=\"1080\">\u2728 <strong data-start=\"1047\" data-end=\"1078\">Mi\u00e9rt v\u00e1laszd ezt a med\u00e1lt?<\/strong><\/p>\n<ul data-start=\"1081\" data-end=\"1354\">\n<li data-start=\"1081\" data-end=\"1152\">\n<p data-start=\"1083\" data-end=\"1152\"><strong data-start=\"1083\" data-end=\"1099\">AG 925 ez\u00fcst<\/strong>, r\u00f3dium bevonattal a tart\u00f3ss\u00e1g\u00e9rt \u00e9s f\u00e9nyess\u00e9g\u00e9rt.<\/p>\n<\/li>\n<li data-start=\"1153\" data-end=\"1220\">\n<p data-start=\"1155\" data-end=\"1220\"><strong data-start=\"1155\" data-end=\"1195\">Letisztult, klasszikus kereszt forma<\/strong>, minden koroszt\u00e1lynak.<\/p>\n<\/li>\n<li data-start=\"1221\" data-end=\"1284\">\n<p data-start=\"1223\" data-end=\"1284\"><strong data-start=\"1223\" data-end=\"1238\">L\u00e1nc n\u00e9lk\u00fcl<\/strong>, \u00edgy szabadon kombin\u00e1lhat\u00f3 m\u00e1s \u00e9kszerekkel.<\/p>\n<\/li>\n<li data-start=\"1285\" data-end=\"1354\">\n<p data-start=\"1287\" data-end=\"1354\"><strong data-start=\"1287\" data-end=\"1326\">Spiritu\u00e1lis jelent\u00e9ssel b\u00edr\u00f3 \u00e9kszer<\/strong>, aj\u00e1nd\u00e9kk\u00e9nt is k\u00fcl\u00f6nleges.<\/p>\n<\/li>\n<\/ul>\n<p data-start=\"1356\" data-end=\"1463\">\ud83c\udf81 <strong data-start=\"1359\" data-end=\"1461\">Aj\u00e1nd\u00e9kozz sz\u00edvet melenget\u0151 szimb\u00f3lumot \u2013 vagy viseld magadon a hit, szeretet \u00e9s v\u00e9delem jelk\u00e9p\u00e9t.<\/strong> \u2728<\/p>\n<\/div>\n<\/div>\n<\/div>\n<\/div>\n<div class=\"flex absolute start-0 end-0 flex justify-start\">\n<div class=\"touch:-me-2 touch:-ms-3.5 -ms-2.5 -me-1 flex items-center p-1 select-none -mt-1 focus-within:transition-none hover:transition-none duration-500 group-hover\/turn-messages:delay-300 pointer-events-none [mask-image:linear-gradient(to_right,black_33%,transparent_66%)] [mask-position:100%_0%] [mask-size:300%_100%] motion-safe:transition-[mask-position] group-hover\/turn-messages:pointer-events-auto group-hover\/turn-messages:[mask-position:0_0] group-focus-within\/turn-messages:pointer-events-auto group-focus-within\/turn-messages:[mask-position:0_0] has-data-[state=open]:pointer-events-auto has-data-[state=open]:[mask-position:0_0]\"><\/div>\n<\/div>\n<\/div>\n<div class=\"absolute\">\n<div class=\"flex items-center justify-center\"><\/div>\n<\/div>\n<\/div>\n<\/div>\n<\/div>\n<\/article>\n<div class=\"pointer-events-none h-px w-px\" aria-hidden=\"true\" data-edge=\"true\"><\/div>\n","protected":false},"excerpt":{"rendered":"<p>Ez\u00fcst klasszikus kereszt med\u00e1l \u2013 letisztult forma, m\u00e9ly jelent\u00e9startalom. \u2728<br data-start=\"169\" data-end=\"172\" \/>Kifinomult \u00e9s id\u0151t\u00e1ll\u00f3 diz\u00e1jn, amely m\u00e9lt\u00f3s\u00e1got \u00e9s hitet k\u00f6zvet\u00edt. T\u00f6k\u00e9letes v\u00e1laszt\u00e1s aj\u00e1nd\u00e9knak vagy szem\u00e9lyes szimb\u00f3lumnak \u2013 l\u00e1nc n\u00e9lk\u00fcl kaphat\u00f3.<\/p>\n","protected":false},"featured_media":103360,"template":"","meta":[],"product_brand":[],"product_cat":[554,30],"product_tag":[512,514,560,513,530],"class_list":{"0":"post-103356","1":"product","2":"type-product","3":"status-publish","4":"has-post-thumbnail","6":"product_cat-ezust-kereszt-medal","7":"product_cat-ezust-medal","8":"product_tag-ferfi-ezust-ekszerek","9":"product_tag-gyermek-ezust-ekszer","10":"product_tag-keresztelo-ajandek","11":"product_tag-noi-ezust-ekszerek","12":"product_tag-spiritualis","13":"description-off","15":"first","16":"instock","17":"taxable","18":"shipping-taxable","19":"purchasable","20":"product-type-simple"},"yoast_head":"<!-- This site is optimized with the Yoast SEO Premium plugin v26.8 (Yoast SEO v27.4) - https:\/\/yoast.com\/product\/yoast-seo-premium-wordpress\/ -->\n<title>Ez\u00fcst klasszikus kereszt med\u00e1l | Drescher Jewellery<\/title>\n<meta name=\"description\" content=\"Fedezd fel a leny\u0171g\u00f6z\u0151 Ez\u00fcst klasszikus kereszt med\u00e1l \u00e9kszer\u00fcnket. T\u00f6k\u00e9letes kieg\u00e9sz\u00edt\u0151 mindennapi viselethez \u00e9s k\u00fcl\u00f6nleges alkalmakra egyar\u00e1nt. Rendeld meg most!\" \/>\n<meta name=\"robots\" content=\"index, follow, max-snippet:-1, max-image-preview:large, max-video-preview:-1\" \/>\n<link rel=\"canonical\" href=\"https:\/\/drescherjewellery.com\/hu\/termek\/ezust-klasszikus-kereszt-medal\/\" \/>\n<meta property=\"og:locale\" content=\"hu_HU\" \/>\n<meta property=\"og:type\" content=\"article\" \/>\n<meta property=\"og:title\" content=\"Ez\u00fcst klasszikus kereszt med\u00e1l\" \/>\n<meta property=\"og:description\" content=\"Fedezd fel a leny\u0171g\u00f6z\u0151 Ez\u00fcst klasszikus kereszt med\u00e1l \u00e9kszer\u00fcnket. T\u00f6k\u00e9letes kieg\u00e9sz\u00edt\u0151 mindennapi viselethez \u00e9s k\u00fcl\u00f6nleges alkalmakra egyar\u00e1nt. Rendeld meg most!\" \/>\n<meta property=\"og:url\" content=\"https:\/\/drescherjewellery.com\/hu\/termek\/ezust-klasszikus-kereszt-medal\/\" \/>\n<meta property=\"og:site_name\" content=\"Drescher Jewellery\" \/>\n<meta property=\"article:publisher\" content=\"https:\/\/www.facebook.com\/drescherjewellery\" \/>\n<meta property=\"article:modified_time\" content=\"2026-04-01T15:19:21+00:00\" \/>\n<meta property=\"og:image\" content=\"https:\/\/drescherjewellery.com\/wp-content\/uploads\/2025\/05\/Ezust-klasszikus-kereszt-medal_1.jpg\" \/>\n\t<meta property=\"og:image:width\" content=\"1286\" \/>\n\t<meta property=\"og:image:height\" content=\"1358\" \/>\n\t<meta property=\"og:image:type\" content=\"image\/jpeg\" \/>\n<meta name=\"twitter:card\" content=\"summary_large_image\" \/>\n<meta name=\"twitter:label1\" content=\"Becs\u00fclt olvas\u00e1si id\u0151\" \/>\n\t<meta name=\"twitter:data1\" content=\"1 perc\" \/>\n<script type=\"application\/ld+json\" class=\"yoast-schema-graph\">{\"@context\":\"https:\\\/\\\/schema.org\",\"@graph\":[{\"@type\":\"WebPage\",\"@id\":\"https:\\\/\\\/drescherjewellery.com\\\/hu\\\/termek\\\/ezust-klasszikus-kereszt-medal\\\/\",\"url\":\"https:\\\/\\\/drescherjewellery.com\\\/hu\\\/termek\\\/ezust-klasszikus-kereszt-medal\\\/\",\"name\":\"Ez\u00fcst klasszikus kereszt med\u00e1l | Drescher Jewellery\",\"isPartOf\":{\"@id\":\"https:\\\/\\\/drescherjewellery.com\\\/hu\\\/#website\"},\"primaryImageOfPage\":{\"@id\":\"https:\\\/\\\/drescherjewellery.com\\\/hu\\\/termek\\\/ezust-klasszikus-kereszt-medal\\\/#primaryimage\"},\"image\":{\"@id\":\"https:\\\/\\\/drescherjewellery.com\\\/hu\\\/termek\\\/ezust-klasszikus-kereszt-medal\\\/#primaryimage\"},\"thumbnailUrl\":\"https:\\\/\\\/drescherjewellery.com\\\/wp-content\\\/uploads\\\/2025\\\/05\\\/Ezust-klasszikus-kereszt-medal_1.jpg\",\"datePublished\":\"2025-05-15T12:52:11+00:00\",\"dateModified\":\"2026-04-01T15:19:21+00:00\",\"description\":\"Fedezd fel a leny\u0171g\u00f6z\u0151 Ez\u00fcst klasszikus kereszt med\u00e1l \u00e9kszer\u00fcnket. T\u00f6k\u00e9letes kieg\u00e9sz\u00edt\u0151 mindennapi viselethez \u00e9s k\u00fcl\u00f6nleges alkalmakra egyar\u00e1nt. Rendeld meg most!\",\"breadcrumb\":{\"@id\":\"https:\\\/\\\/drescherjewellery.com\\\/hu\\\/termek\\\/ezust-klasszikus-kereszt-medal\\\/#breadcrumb\"},\"inLanguage\":\"hu\",\"potentialAction\":[{\"@type\":\"ReadAction\",\"target\":[\"https:\\\/\\\/drescherjewellery.com\\\/hu\\\/termek\\\/ezust-klasszikus-kereszt-medal\\\/\"]}]},{\"@type\":\"ImageObject\",\"inLanguage\":\"hu\",\"@id\":\"https:\\\/\\\/drescherjewellery.com\\\/hu\\\/termek\\\/ezust-klasszikus-kereszt-medal\\\/#primaryimage\",\"url\":\"https:\\\/\\\/drescherjewellery.com\\\/wp-content\\\/uploads\\\/2025\\\/05\\\/Ezust-klasszikus-kereszt-medal_1.jpg\",\"contentUrl\":\"https:\\\/\\\/drescherjewellery.com\\\/wp-content\\\/uploads\\\/2025\\\/05\\\/Ezust-klasszikus-kereszt-medal_1.jpg\",\"width\":1286,\"height\":1358},{\"@type\":\"BreadcrumbList\",\"@id\":\"https:\\\/\\\/drescherjewellery.com\\\/hu\\\/termek\\\/ezust-klasszikus-kereszt-medal\\\/#breadcrumb\",\"itemListElement\":[{\"@type\":\"ListItem\",\"position\":1,\"name\":\"Kezd\u0151lap\",\"item\":\"https:\\\/\\\/drescherjewellery.com\\\/hu\\\/\"},{\"@type\":\"ListItem\",\"position\":2,\"name\":\"Shop\",\"item\":\"https:\\\/\\\/drescherjewellery.com\\\/shop\\\/\"},{\"@type\":\"ListItem\",\"position\":3,\"name\":\"Ez\u00fcst klasszikus kereszt med\u00e1l\"}]},{\"@type\":\"WebSite\",\"@id\":\"https:\\\/\\\/drescherjewellery.com\\\/hu\\\/#website\",\"url\":\"https:\\\/\\\/drescherjewellery.com\\\/hu\\\/\",\"name\":\"Drescher Jewellery\",\"description\":\"Tedd t\u00f6k\u00e9letesebb\u00e9 mindennapjaid a Drescher Jewellery \u00e9kszereivel.\",\"publisher\":{\"@id\":\"https:\\\/\\\/drescherjewellery.com\\\/hu\\\/#organization\"},\"alternateName\":\"Ez\u00fcst \u00c9kszer Web\u00e1ruh\u00e1z\",\"potentialAction\":[{\"@type\":\"SearchAction\",\"target\":{\"@type\":\"EntryPoint\",\"urlTemplate\":\"https:\\\/\\\/drescherjewellery.com\\\/hu\\\/?s={search_term_string}\"},\"query-input\":{\"@type\":\"PropertyValueSpecification\",\"valueRequired\":true,\"valueName\":\"search_term_string\"}}],\"inLanguage\":\"hu\"},{\"@type\":\"Organization\",\"@id\":\"https:\\\/\\\/drescherjewellery.com\\\/hu\\\/#organization\",\"name\":\"Drescher Jewellery\",\"url\":\"https:\\\/\\\/drescherjewellery.com\\\/hu\\\/\",\"logo\":{\"@type\":\"ImageObject\",\"inLanguage\":\"hu\",\"@id\":\"https:\\\/\\\/drescherjewellery.com\\\/hu\\\/#\\\/schema\\\/logo\\\/image\\\/\",\"url\":\"https:\\\/\\\/drescherjewellery.com\\\/wp-content\\\/uploads\\\/2026\\\/01\\\/Drescher-Jewellery-wpml.png\",\"contentUrl\":\"https:\\\/\\\/drescherjewellery.com\\\/wp-content\\\/uploads\\\/2026\\\/01\\\/Drescher-Jewellery-wpml.png\",\"width\":500,\"height\":500,\"caption\":\"Drescher Jewellery\"},\"image\":{\"@id\":\"https:\\\/\\\/drescherjewellery.com\\\/hu\\\/#\\\/schema\\\/logo\\\/image\\\/\"},\"sameAs\":[\"https:\\\/\\\/www.facebook.com\\\/drescherjewellery\",\"https:\\\/\\\/www.instagram.com\\\/drescherjewellery\",\"https:\\\/\\\/www.tiktok.com\\\/@drescherjewellery\"]}]}<\/script>\n<!-- \/ Yoast SEO Premium plugin. -->","yoast_head_json":{"title":"Ez\u00fcst klasszikus kereszt med\u00e1l | Drescher Jewellery","description":"Fedezd fel a leny\u0171g\u00f6z\u0151 Ez\u00fcst klasszikus kereszt med\u00e1l \u00e9kszer\u00fcnket. T\u00f6k\u00e9letes kieg\u00e9sz\u00edt\u0151 mindennapi viselethez \u00e9s k\u00fcl\u00f6nleges alkalmakra egyar\u00e1nt. Rendeld meg most!","robots":{"index":"index","follow":"follow","max-snippet":"max-snippet:-1","max-image-preview":"max-image-preview:large","max-video-preview":"max-video-preview:-1"},"canonical":"https:\/\/drescherjewellery.com\/hu\/termek\/ezust-klasszikus-kereszt-medal\/","og_locale":"hu_HU","og_type":"article","og_title":"Ez\u00fcst klasszikus kereszt med\u00e1l","og_description":"Fedezd fel a leny\u0171g\u00f6z\u0151 Ez\u00fcst klasszikus kereszt med\u00e1l \u00e9kszer\u00fcnket. T\u00f6k\u00e9letes kieg\u00e9sz\u00edt\u0151 mindennapi viselethez \u00e9s k\u00fcl\u00f6nleges alkalmakra egyar\u00e1nt. Rendeld meg most!","og_url":"https:\/\/drescherjewellery.com\/hu\/termek\/ezust-klasszikus-kereszt-medal\/","og_site_name":"Drescher Jewellery","article_publisher":"https:\/\/www.facebook.com\/drescherjewellery","article_modified_time":"2026-04-01T15:19:21+00:00","og_image":[{"width":1286,"height":1358,"url":"https:\/\/drescherjewellery.com\/wp-content\/uploads\/2025\/05\/Ezust-klasszikus-kereszt-medal_1.jpg","type":"image\/jpeg"}],"twitter_card":"summary_large_image","twitter_misc":{"Becs\u00fclt olvas\u00e1si id\u0151":"1 perc"},"schema":{"@context":"https:\/\/schema.org","@graph":[{"@type":"WebPage","@id":"https:\/\/drescherjewellery.com\/hu\/termek\/ezust-klasszikus-kereszt-medal\/","url":"https:\/\/drescherjewellery.com\/hu\/termek\/ezust-klasszikus-kereszt-medal\/","name":"Ez\u00fcst klasszikus kereszt med\u00e1l | Drescher Jewellery","isPartOf":{"@id":"https:\/\/drescherjewellery.com\/hu\/#website"},"primaryImageOfPage":{"@id":"https:\/\/drescherjewellery.com\/hu\/termek\/ezust-klasszikus-kereszt-medal\/#primaryimage"},"image":{"@id":"https:\/\/drescherjewellery.com\/hu\/termek\/ezust-klasszikus-kereszt-medal\/#primaryimage"},"thumbnailUrl":"https:\/\/drescherjewellery.com\/wp-content\/uploads\/2025\/05\/Ezust-klasszikus-kereszt-medal_1.jpg","datePublished":"2025-05-15T12:52:11+00:00","dateModified":"2026-04-01T15:19:21+00:00","description":"Fedezd fel a leny\u0171g\u00f6z\u0151 Ez\u00fcst klasszikus kereszt med\u00e1l \u00e9kszer\u00fcnket. T\u00f6k\u00e9letes kieg\u00e9sz\u00edt\u0151 mindennapi viselethez \u00e9s k\u00fcl\u00f6nleges alkalmakra egyar\u00e1nt. Rendeld meg most!","breadcrumb":{"@id":"https:\/\/drescherjewellery.com\/hu\/termek\/ezust-klasszikus-kereszt-medal\/#breadcrumb"},"inLanguage":"hu","potentialAction":[{"@type":"ReadAction","target":["https:\/\/drescherjewellery.com\/hu\/termek\/ezust-klasszikus-kereszt-medal\/"]}]},{"@type":"ImageObject","inLanguage":"hu","@id":"https:\/\/drescherjewellery.com\/hu\/termek\/ezust-klasszikus-kereszt-medal\/#primaryimage","url":"https:\/\/drescherjewellery.com\/wp-content\/uploads\/2025\/05\/Ezust-klasszikus-kereszt-medal_1.jpg","contentUrl":"https:\/\/drescherjewellery.com\/wp-content\/uploads\/2025\/05\/Ezust-klasszikus-kereszt-medal_1.jpg","width":1286,"height":1358},{"@type":"BreadcrumbList","@id":"https:\/\/drescherjewellery.com\/hu\/termek\/ezust-klasszikus-kereszt-medal\/#breadcrumb","itemListElement":[{"@type":"ListItem","position":1,"name":"Kezd\u0151lap","item":"https:\/\/drescherjewellery.com\/hu\/"},{"@type":"ListItem","position":2,"name":"Shop","item":"https:\/\/drescherjewellery.com\/shop\/"},{"@type":"ListItem","position":3,"name":"Ez\u00fcst klasszikus kereszt med\u00e1l"}]},{"@type":"WebSite","@id":"https:\/\/drescherjewellery.com\/hu\/#website","url":"https:\/\/drescherjewellery.com\/hu\/","name":"Drescher Jewellery","description":"Tedd t\u00f6k\u00e9letesebb\u00e9 mindennapjaid a Drescher Jewellery \u00e9kszereivel.","publisher":{"@id":"https:\/\/drescherjewellery.com\/hu\/#organization"},"alternateName":"Ez\u00fcst \u00c9kszer Web\u00e1ruh\u00e1z","potentialAction":[{"@type":"SearchAction","target":{"@type":"EntryPoint","urlTemplate":"https:\/\/drescherjewellery.com\/hu\/?s={search_term_string}"},"query-input":{"@type":"PropertyValueSpecification","valueRequired":true,"valueName":"search_term_string"}}],"inLanguage":"hu"},{"@type":"Organization","@id":"https:\/\/drescherjewellery.com\/hu\/#organization","name":"Drescher Jewellery","url":"https:\/\/drescherjewellery.com\/hu\/","logo":{"@type":"ImageObject","inLanguage":"hu","@id":"https:\/\/drescherjewellery.com\/hu\/#\/schema\/logo\/image\/","url":"https:\/\/drescherjewellery.com\/wp-content\/uploads\/2026\/01\/Drescher-Jewellery-wpml.png","contentUrl":"https:\/\/drescherjewellery.com\/wp-content\/uploads\/2026\/01\/Drescher-Jewellery-wpml.png","width":500,"height":500,"caption":"Drescher Jewellery"},"image":{"@id":"https:\/\/drescherjewellery.com\/hu\/#\/schema\/logo\/image\/"},"sameAs":["https:\/\/www.facebook.com\/drescherjewellery","https:\/\/www.instagram.com\/drescherjewellery","https:\/\/www.tiktok.com\/@drescherjewellery"]}]}},"_links":{"self":[{"href":"https:\/\/drescherjewellery.com\/hu\/wp-json\/wp\/v2\/product\/103356","targetHints":{"allow":["GET"]}}],"collection":[{"href":"https:\/\/drescherjewellery.com\/hu\/wp-json\/wp\/v2\/product"}],"about":[{"href":"https:\/\/drescherjewellery.com\/hu\/wp-json\/wp\/v2\/types\/product"}],"version-history":[{"count":1,"href":"https:\/\/drescherjewellery.com\/hu\/wp-json\/wp\/v2\/product\/103356\/revisions"}],"predecessor-version":[{"id":119238,"href":"https:\/\/drescherjewellery.com\/hu\/wp-json\/wp\/v2\/product\/103356\/revisions\/119238"}],"wp:featuredmedia":[{"embeddable":true,"href":"https:\/\/drescherjewellery.com\/hu\/wp-json\/wp\/v2\/media\/103360"}],"wp:attachment":[{"href":"https:\/\/drescherjewellery.com\/hu\/wp-json\/wp\/v2\/media?parent=103356"}],"wp:term":[{"taxonomy":"product_brand","embeddable":true,"href":"https:\/\/drescherjewellery.com\/hu\/wp-json\/wp\/v2\/product_brand?post=103356"},{"taxonomy":"product_cat","embeddable":true,"href":"https:\/\/drescherjewellery.com\/hu\/wp-json\/wp\/v2\/product_cat?post=103356"},{"taxonomy":"product_tag","embeddable":true,"href":"https:\/\/drescherjewellery.com\/hu\/wp-json\/wp\/v2\/product_tag?post=103356"}],"curies":[{"name":"wp","href":"https:\/\/api.w.org\/{rel}","templated":true}]}}