{"id":103908,"date":"2025-05-26T13:03:14","date_gmt":"2025-05-26T11:03:14","guid":{"rendered":"https:\/\/dianasilver.hu\/?post_type=product&#038;p=103908"},"modified":"2026-02-21T01:47:39","modified_gmt":"2026-02-21T00:47:39","slug":"ezust-tollasuto-es-tollaslabda-medalos-nyaklanc-feher-cirkoniaval-es-gyonggyel","status":"publish","type":"product","link":"https:\/\/drescherjewellery.com\/hu\/termek\/ezust-tollasuto-es-tollaslabda-medalos-nyaklanc-feher-cirkoniaval-es-gyonggyel\/","title":{"rendered":"Ez\u00fcst tollas\u00fct\u0151 \u00e9s tollaslabda med\u00e1los nyakl\u00e1nc feh\u00e9r cirk\u00f3ni\u00e1val \u00e9s gy\u00f6nggyel"},"content":{"rendered":"<h2 data-start=\"461\" data-end=\"867\">Ez\u00fcst tollas\u00fct\u0151 \u00e9s tollaslabda med\u00e1los nyakl\u00e1nc \u2013 mozg\u00e1s, j\u00e1t\u00e9koss\u00e1g \u00e9s st\u00edlus egy \u00e9kszerben<\/h2>\n<p data-start=\"461\" data-end=\"867\">Ez a leny\u0171g\u00f6z\u0151 AG 925 ez\u00fcstb\u0151l k\u00e9sz\u00fclt nyakl\u00e1nc egyedi, sportos hangulatot var\u00e1zsol. A cirk\u00f3ni\u00e1val d\u00edsz\u00edtett tollas\u00fct\u0151 \u00e9s a finom gy\u00f6nggyel d\u00edsz\u00edtett tollaslabda med\u00e1l a mozg\u00e1s szabads\u00e1g\u00e1t \u00e9s a n\u0151iess\u00e9get id\u00e9zi. A nyakl\u00e1nc finoman csillog, t\u00f6k\u00e9letes v\u00e1laszt\u00e1s mindennapi viseletre \u00e9s k\u00fcl\u00f6nleges alkalmakra is.<\/p>\n<p data-start=\"869\" data-end=\"925\">\ud83c\udfbe Mit szimboliz\u00e1l a tollas\u00fct\u0151 \u00e9s a tollaslabda forma?<\/p>\n<ul data-start=\"926\" data-end=\"1074\">\n<li data-start=\"926\" data-end=\"967\">\n<p data-start=\"928\" data-end=\"967\">A mozg\u00e1s szabads\u00e1g\u00e1t \u00e9s dinamizmus\u00e1t.<\/p>\n<\/li>\n<li data-start=\"968\" data-end=\"1009\">\n<p data-start=\"970\" data-end=\"1009\">A sportos, energikus \u00e9letszeml\u00e9letet.<\/p>\n<\/li>\n<li data-start=\"1010\" data-end=\"1074\">\n<p data-start=\"1012\" data-end=\"1074\">A n\u0151ies \u00e9s j\u00e1t\u00e9kos b\u00e1jt, amely kiemeli a visel\u0151 egy\u00e9nis\u00e9g\u00e9t.<\/p>\n<\/li>\n<\/ul>\n<p data-start=\"1076\" data-end=\"1111\">\u2728 Mi\u00e9rt v\u00e1laszd ezt a nyakl\u00e1ncot?<\/p>\n<ul data-start=\"1112\" data-end=\"1379\">\n<li data-start=\"1112\" data-end=\"1157\">\n<p data-start=\"1114\" data-end=\"1157\">Min\u0151s\u00e9gi AG 925 ez\u00fcst, r\u00f3dium bevonattal.<\/p>\n<\/li>\n<li data-start=\"1158\" data-end=\"1207\">\n<p data-start=\"1160\" data-end=\"1207\">Ragyog\u00f3 feh\u00e9r cirk\u00f3nia d\u00edsz\u00edt\u00e9s a tollas\u00fct\u0151n.<\/p>\n<\/li>\n<li data-start=\"1208\" data-end=\"1273\">\n<p data-start=\"1210\" data-end=\"1273\">A tollaslabda v\u00e9ge finom gy\u00f6nggyel d\u00edsz\u00edtve \u2013 egyedi r\u00e9szlet.<\/p>\n<\/li>\n<li data-start=\"1274\" data-end=\"1308\">\n<p data-start=\"1276\" data-end=\"1308\">Sportos, m\u00e9gis eleg\u00e1ns diz\u00e1jn.<\/p>\n<\/li>\n<li data-start=\"1309\" data-end=\"1379\">\n<p data-start=\"1311\" data-end=\"1379\">\ud83d\udccf <strong data-start=\"1314\" data-end=\"1324\">Hossz:<\/strong> 45 cm + 4 cm hosszabb\u00edt\u00f3 a z\u00e1rn\u00e1l \u2013 \u00e1ll\u00edthat\u00f3 m\u00e9ret.<\/p>\n<\/li>\n<\/ul>\n<p data-start=\"1381\" data-end=\"1502\">\ud83c\udf81 T\u00f6k\u00e9letes v\u00e1laszt\u00e1s sportos megjelen\u00e9shez vagy aj\u00e1nd\u00e9knak egy energikus n\u0151 sz\u00e1m\u00e1ra \u2013 ragyogj \u00e9s mozogj szabadon! \ud83c\udfbe\u2728<\/p>\n","protected":false},"excerpt":{"rendered":"<p>Ez\u00fcst tollas\u00fct\u0151 \u00e9s tollaslabda med\u00e1los nyakl\u00e1nc \u2013 sportos b\u00e1j \u00e9s ragyog\u00e1s a mindennapokra! \u2728<br data-start=\"350\" data-end=\"353\" \/>A j\u00e1t\u00e9kos \u00e9s eleg\u00e1ns diz\u00e1jn a mozg\u00e1s \u00e9s a n\u0151iess\u00e9g t\u00f6k\u00e9letes harm\u00f3ni\u00e1j\u00e1t sug\u00e1rozza.<\/p>\n","protected":false},"featured_media":103909,"template":"","meta":[],"product_brand":[],"product_cat":[26],"product_tag":[514,513,528],"class_list":{"0":"post-103908","1":"product","2":"type-product","3":"status-publish","4":"has-post-thumbnail","6":"product_cat-ezust-nyaklanc-medallal","7":"product_tag-gyermek-ezust-ekszer","8":"product_tag-noi-ezust-ekszerek","9":"product_tag-sport","10":"description-off","12":"first","13":"instock","14":"taxable","15":"shipping-taxable","16":"purchasable","17":"product-type-simple"},"yoast_head":"<!-- This site is optimized with the Yoast SEO Premium plugin v26.8 (Yoast SEO v27.4) - https:\/\/yoast.com\/product\/yoast-seo-premium-wordpress\/ -->\n<title>Ez\u00fcst tollas\u00fct\u0151 \u00e9s tollaslabda med\u00e1los nyakl\u00e1nc feh\u00e9r cirk\u00f3ni\u00e1val \u00e9s gy\u00f6nggyel | Drescher Jewellery<\/title>\n<meta name=\"description\" content=\"Fedezd fel a leny\u0171g\u00f6z\u0151 Ez\u00fcst tollas\u00fct\u0151 \u00e9s tollaslabda med\u00e1los nyakl\u00e1nc feh\u00e9r cirk\u00f3ni\u00e1val \u00e9s gy\u00f6nggyel \u00e9kszer\u00fcnket. T\u00f6k\u00e9letes kieg\u00e9sz\u00edt\u0151 mindennapi viselethez \u00e9s k\u00fcl\u00f6nleges alkalmakra egyar\u00e1nt. Rendeld meg most!\" \/>\n<meta name=\"robots\" content=\"index, follow, max-snippet:-1, max-image-preview:large, max-video-preview:-1\" \/>\n<link rel=\"canonical\" href=\"https:\/\/drescherjewellery.com\/hu\/termek\/ezust-tollasuto-es-tollaslabda-medalos-nyaklanc-feher-cirkoniaval-es-gyonggyel\/\" \/>\n<meta property=\"og:locale\" content=\"hu_HU\" \/>\n<meta property=\"og:type\" content=\"article\" \/>\n<meta property=\"og:title\" content=\"Ez\u00fcst tollas\u00fct\u0151 \u00e9s tollaslabda med\u00e1los nyakl\u00e1nc feh\u00e9r cirk\u00f3ni\u00e1val \u00e9s gy\u00f6nggyel\" \/>\n<meta property=\"og:description\" content=\"Fedezd fel a leny\u0171g\u00f6z\u0151 Ez\u00fcst tollas\u00fct\u0151 \u00e9s tollaslabda med\u00e1los nyakl\u00e1nc feh\u00e9r cirk\u00f3ni\u00e1val \u00e9s gy\u00f6nggyel \u00e9kszer\u00fcnket. T\u00f6k\u00e9letes kieg\u00e9sz\u00edt\u0151 mindennapi viselethez \u00e9s k\u00fcl\u00f6nleges alkalmakra egyar\u00e1nt. Rendeld meg most!\" \/>\n<meta property=\"og:url\" content=\"https:\/\/drescherjewellery.com\/hu\/termek\/ezust-tollasuto-es-tollaslabda-medalos-nyaklanc-feher-cirkoniaval-es-gyonggyel\/\" \/>\n<meta property=\"og:site_name\" content=\"Drescher Jewellery\" \/>\n<meta property=\"article:publisher\" content=\"https:\/\/www.facebook.com\/drescherjewellery\" \/>\n<meta property=\"article:modified_time\" content=\"2026-02-21T00:47:39+00:00\" \/>\n<meta property=\"og:image\" content=\"https:\/\/drescherjewellery.com\/wp-content\/uploads\/2025\/05\/Ezust-tollasuto-es-tollaslabda-medalos-nyaklanc-feher-cirkoniaval-es-gyonggyel_1.jpg\" \/>\n\t<meta property=\"og:image:width\" content=\"1350\" \/>\n\t<meta property=\"og:image:height\" content=\"1800\" \/>\n\t<meta property=\"og:image:type\" content=\"image\/jpeg\" \/>\n<meta name=\"twitter:card\" content=\"summary_large_image\" \/>\n<meta name=\"twitter:label1\" content=\"Becs\u00fclt olvas\u00e1si id\u0151\" \/>\n\t<meta name=\"twitter:data1\" content=\"1 perc\" \/>\n<script type=\"application\/ld+json\" class=\"yoast-schema-graph\">{\"@context\":\"https:\\\/\\\/schema.org\",\"@graph\":[{\"@type\":\"WebPage\",\"@id\":\"https:\\\/\\\/drescherjewellery.com\\\/hu\\\/termek\\\/ezust-tollasuto-es-tollaslabda-medalos-nyaklanc-feher-cirkoniaval-es-gyonggyel\\\/\",\"url\":\"https:\\\/\\\/drescherjewellery.com\\\/hu\\\/termek\\\/ezust-tollasuto-es-tollaslabda-medalos-nyaklanc-feher-cirkoniaval-es-gyonggyel\\\/\",\"name\":\"Ez\u00fcst tollas\u00fct\u0151 \u00e9s tollaslabda med\u00e1los nyakl\u00e1nc feh\u00e9r cirk\u00f3ni\u00e1val \u00e9s gy\u00f6nggyel | Drescher Jewellery\",\"isPartOf\":{\"@id\":\"https:\\\/\\\/drescherjewellery.com\\\/hu\\\/#website\"},\"primaryImageOfPage\":{\"@id\":\"https:\\\/\\\/drescherjewellery.com\\\/hu\\\/termek\\\/ezust-tollasuto-es-tollaslabda-medalos-nyaklanc-feher-cirkoniaval-es-gyonggyel\\\/#primaryimage\"},\"image\":{\"@id\":\"https:\\\/\\\/drescherjewellery.com\\\/hu\\\/termek\\\/ezust-tollasuto-es-tollaslabda-medalos-nyaklanc-feher-cirkoniaval-es-gyonggyel\\\/#primaryimage\"},\"thumbnailUrl\":\"https:\\\/\\\/drescherjewellery.com\\\/wp-content\\\/uploads\\\/2025\\\/05\\\/Ezust-tollasuto-es-tollaslabda-medalos-nyaklanc-feher-cirkoniaval-es-gyonggyel_1.jpg\",\"datePublished\":\"2025-05-26T11:03:14+00:00\",\"dateModified\":\"2026-02-21T00:47:39+00:00\",\"description\":\"Fedezd fel a leny\u0171g\u00f6z\u0151 Ez\u00fcst tollas\u00fct\u0151 \u00e9s tollaslabda med\u00e1los nyakl\u00e1nc feh\u00e9r cirk\u00f3ni\u00e1val \u00e9s gy\u00f6nggyel \u00e9kszer\u00fcnket. T\u00f6k\u00e9letes kieg\u00e9sz\u00edt\u0151 mindennapi viselethez \u00e9s k\u00fcl\u00f6nleges alkalmakra egyar\u00e1nt. Rendeld meg most!\",\"breadcrumb\":{\"@id\":\"https:\\\/\\\/drescherjewellery.com\\\/hu\\\/termek\\\/ezust-tollasuto-es-tollaslabda-medalos-nyaklanc-feher-cirkoniaval-es-gyonggyel\\\/#breadcrumb\"},\"inLanguage\":\"hu\",\"potentialAction\":[{\"@type\":\"ReadAction\",\"target\":[\"https:\\\/\\\/drescherjewellery.com\\\/hu\\\/termek\\\/ezust-tollasuto-es-tollaslabda-medalos-nyaklanc-feher-cirkoniaval-es-gyonggyel\\\/\"]}]},{\"@type\":\"ImageObject\",\"inLanguage\":\"hu\",\"@id\":\"https:\\\/\\\/drescherjewellery.com\\\/hu\\\/termek\\\/ezust-tollasuto-es-tollaslabda-medalos-nyaklanc-feher-cirkoniaval-es-gyonggyel\\\/#primaryimage\",\"url\":\"https:\\\/\\\/drescherjewellery.com\\\/wp-content\\\/uploads\\\/2025\\\/05\\\/Ezust-tollasuto-es-tollaslabda-medalos-nyaklanc-feher-cirkoniaval-es-gyonggyel_1.jpg\",\"contentUrl\":\"https:\\\/\\\/drescherjewellery.com\\\/wp-content\\\/uploads\\\/2025\\\/05\\\/Ezust-tollasuto-es-tollaslabda-medalos-nyaklanc-feher-cirkoniaval-es-gyonggyel_1.jpg\",\"width\":1350,\"height\":1800},{\"@type\":\"BreadcrumbList\",\"@id\":\"https:\\\/\\\/drescherjewellery.com\\\/hu\\\/termek\\\/ezust-tollasuto-es-tollaslabda-medalos-nyaklanc-feher-cirkoniaval-es-gyonggyel\\\/#breadcrumb\",\"itemListElement\":[{\"@type\":\"ListItem\",\"position\":1,\"name\":\"Kezd\u0151lap\",\"item\":\"https:\\\/\\\/drescherjewellery.com\\\/hu\\\/\"},{\"@type\":\"ListItem\",\"position\":2,\"name\":\"Shop\",\"item\":\"https:\\\/\\\/drescherjewellery.com\\\/shop\\\/\"},{\"@type\":\"ListItem\",\"position\":3,\"name\":\"Ez\u00fcst tollas\u00fct\u0151 \u00e9s tollaslabda med\u00e1los nyakl\u00e1nc feh\u00e9r cirk\u00f3ni\u00e1val \u00e9s gy\u00f6nggyel\"}]},{\"@type\":\"WebSite\",\"@id\":\"https:\\\/\\\/drescherjewellery.com\\\/hu\\\/#website\",\"url\":\"https:\\\/\\\/drescherjewellery.com\\\/hu\\\/\",\"name\":\"Drescher Jewellery\",\"description\":\"Tedd t\u00f6k\u00e9letesebb\u00e9 mindennapjaid a Drescher Jewellery \u00e9kszereivel.\",\"publisher\":{\"@id\":\"https:\\\/\\\/drescherjewellery.com\\\/hu\\\/#organization\"},\"alternateName\":\"Ez\u00fcst \u00c9kszer Web\u00e1ruh\u00e1z\",\"potentialAction\":[{\"@type\":\"SearchAction\",\"target\":{\"@type\":\"EntryPoint\",\"urlTemplate\":\"https:\\\/\\\/drescherjewellery.com\\\/hu\\\/?s={search_term_string}\"},\"query-input\":{\"@type\":\"PropertyValueSpecification\",\"valueRequired\":true,\"valueName\":\"search_term_string\"}}],\"inLanguage\":\"hu\"},{\"@type\":\"Organization\",\"@id\":\"https:\\\/\\\/drescherjewellery.com\\\/hu\\\/#organization\",\"name\":\"Drescher Jewellery\",\"url\":\"https:\\\/\\\/drescherjewellery.com\\\/hu\\\/\",\"logo\":{\"@type\":\"ImageObject\",\"inLanguage\":\"hu\",\"@id\":\"https:\\\/\\\/drescherjewellery.com\\\/hu\\\/#\\\/schema\\\/logo\\\/image\\\/\",\"url\":\"https:\\\/\\\/drescherjewellery.com\\\/wp-content\\\/uploads\\\/2026\\\/01\\\/Drescher-Jewellery-wpml.png\",\"contentUrl\":\"https:\\\/\\\/drescherjewellery.com\\\/wp-content\\\/uploads\\\/2026\\\/01\\\/Drescher-Jewellery-wpml.png\",\"width\":500,\"height\":500,\"caption\":\"Drescher Jewellery\"},\"image\":{\"@id\":\"https:\\\/\\\/drescherjewellery.com\\\/hu\\\/#\\\/schema\\\/logo\\\/image\\\/\"},\"sameAs\":[\"https:\\\/\\\/www.facebook.com\\\/drescherjewellery\",\"https:\\\/\\\/www.instagram.com\\\/drescherjewellery\",\"https:\\\/\\\/www.tiktok.com\\\/@drescherjewellery\"]}]}<\/script>\n<!-- \/ Yoast SEO Premium plugin. -->","yoast_head_json":{"title":"Ez\u00fcst tollas\u00fct\u0151 \u00e9s tollaslabda med\u00e1los nyakl\u00e1nc feh\u00e9r cirk\u00f3ni\u00e1val \u00e9s gy\u00f6nggyel | Drescher Jewellery","description":"Fedezd fel a leny\u0171g\u00f6z\u0151 Ez\u00fcst tollas\u00fct\u0151 \u00e9s tollaslabda med\u00e1los nyakl\u00e1nc feh\u00e9r cirk\u00f3ni\u00e1val \u00e9s gy\u00f6nggyel \u00e9kszer\u00fcnket. T\u00f6k\u00e9letes kieg\u00e9sz\u00edt\u0151 mindennapi viselethez \u00e9s k\u00fcl\u00f6nleges alkalmakra egyar\u00e1nt. Rendeld meg most!","robots":{"index":"index","follow":"follow","max-snippet":"max-snippet:-1","max-image-preview":"max-image-preview:large","max-video-preview":"max-video-preview:-1"},"canonical":"https:\/\/drescherjewellery.com\/hu\/termek\/ezust-tollasuto-es-tollaslabda-medalos-nyaklanc-feher-cirkoniaval-es-gyonggyel\/","og_locale":"hu_HU","og_type":"article","og_title":"Ez\u00fcst tollas\u00fct\u0151 \u00e9s tollaslabda med\u00e1los nyakl\u00e1nc feh\u00e9r cirk\u00f3ni\u00e1val \u00e9s gy\u00f6nggyel","og_description":"Fedezd fel a leny\u0171g\u00f6z\u0151 Ez\u00fcst tollas\u00fct\u0151 \u00e9s tollaslabda med\u00e1los nyakl\u00e1nc feh\u00e9r cirk\u00f3ni\u00e1val \u00e9s gy\u00f6nggyel \u00e9kszer\u00fcnket. T\u00f6k\u00e9letes kieg\u00e9sz\u00edt\u0151 mindennapi viselethez \u00e9s k\u00fcl\u00f6nleges alkalmakra egyar\u00e1nt. Rendeld meg most!","og_url":"https:\/\/drescherjewellery.com\/hu\/termek\/ezust-tollasuto-es-tollaslabda-medalos-nyaklanc-feher-cirkoniaval-es-gyonggyel\/","og_site_name":"Drescher Jewellery","article_publisher":"https:\/\/www.facebook.com\/drescherjewellery","article_modified_time":"2026-02-21T00:47:39+00:00","og_image":[{"width":1350,"height":1800,"url":"https:\/\/drescherjewellery.com\/wp-content\/uploads\/2025\/05\/Ezust-tollasuto-es-tollaslabda-medalos-nyaklanc-feher-cirkoniaval-es-gyonggyel_1.jpg","type":"image\/jpeg"}],"twitter_card":"summary_large_image","twitter_misc":{"Becs\u00fclt olvas\u00e1si id\u0151":"1 perc"},"schema":{"@context":"https:\/\/schema.org","@graph":[{"@type":"WebPage","@id":"https:\/\/drescherjewellery.com\/hu\/termek\/ezust-tollasuto-es-tollaslabda-medalos-nyaklanc-feher-cirkoniaval-es-gyonggyel\/","url":"https:\/\/drescherjewellery.com\/hu\/termek\/ezust-tollasuto-es-tollaslabda-medalos-nyaklanc-feher-cirkoniaval-es-gyonggyel\/","name":"Ez\u00fcst tollas\u00fct\u0151 \u00e9s tollaslabda med\u00e1los nyakl\u00e1nc feh\u00e9r cirk\u00f3ni\u00e1val \u00e9s gy\u00f6nggyel | Drescher Jewellery","isPartOf":{"@id":"https:\/\/drescherjewellery.com\/hu\/#website"},"primaryImageOfPage":{"@id":"https:\/\/drescherjewellery.com\/hu\/termek\/ezust-tollasuto-es-tollaslabda-medalos-nyaklanc-feher-cirkoniaval-es-gyonggyel\/#primaryimage"},"image":{"@id":"https:\/\/drescherjewellery.com\/hu\/termek\/ezust-tollasuto-es-tollaslabda-medalos-nyaklanc-feher-cirkoniaval-es-gyonggyel\/#primaryimage"},"thumbnailUrl":"https:\/\/drescherjewellery.com\/wp-content\/uploads\/2025\/05\/Ezust-tollasuto-es-tollaslabda-medalos-nyaklanc-feher-cirkoniaval-es-gyonggyel_1.jpg","datePublished":"2025-05-26T11:03:14+00:00","dateModified":"2026-02-21T00:47:39+00:00","description":"Fedezd fel a leny\u0171g\u00f6z\u0151 Ez\u00fcst tollas\u00fct\u0151 \u00e9s tollaslabda med\u00e1los nyakl\u00e1nc feh\u00e9r cirk\u00f3ni\u00e1val \u00e9s gy\u00f6nggyel \u00e9kszer\u00fcnket. T\u00f6k\u00e9letes kieg\u00e9sz\u00edt\u0151 mindennapi viselethez \u00e9s k\u00fcl\u00f6nleges alkalmakra egyar\u00e1nt. Rendeld meg most!","breadcrumb":{"@id":"https:\/\/drescherjewellery.com\/hu\/termek\/ezust-tollasuto-es-tollaslabda-medalos-nyaklanc-feher-cirkoniaval-es-gyonggyel\/#breadcrumb"},"inLanguage":"hu","potentialAction":[{"@type":"ReadAction","target":["https:\/\/drescherjewellery.com\/hu\/termek\/ezust-tollasuto-es-tollaslabda-medalos-nyaklanc-feher-cirkoniaval-es-gyonggyel\/"]}]},{"@type":"ImageObject","inLanguage":"hu","@id":"https:\/\/drescherjewellery.com\/hu\/termek\/ezust-tollasuto-es-tollaslabda-medalos-nyaklanc-feher-cirkoniaval-es-gyonggyel\/#primaryimage","url":"https:\/\/drescherjewellery.com\/wp-content\/uploads\/2025\/05\/Ezust-tollasuto-es-tollaslabda-medalos-nyaklanc-feher-cirkoniaval-es-gyonggyel_1.jpg","contentUrl":"https:\/\/drescherjewellery.com\/wp-content\/uploads\/2025\/05\/Ezust-tollasuto-es-tollaslabda-medalos-nyaklanc-feher-cirkoniaval-es-gyonggyel_1.jpg","width":1350,"height":1800},{"@type":"BreadcrumbList","@id":"https:\/\/drescherjewellery.com\/hu\/termek\/ezust-tollasuto-es-tollaslabda-medalos-nyaklanc-feher-cirkoniaval-es-gyonggyel\/#breadcrumb","itemListElement":[{"@type":"ListItem","position":1,"name":"Kezd\u0151lap","item":"https:\/\/drescherjewellery.com\/hu\/"},{"@type":"ListItem","position":2,"name":"Shop","item":"https:\/\/drescherjewellery.com\/shop\/"},{"@type":"ListItem","position":3,"name":"Ez\u00fcst tollas\u00fct\u0151 \u00e9s tollaslabda med\u00e1los nyakl\u00e1nc feh\u00e9r cirk\u00f3ni\u00e1val \u00e9s gy\u00f6nggyel"}]},{"@type":"WebSite","@id":"https:\/\/drescherjewellery.com\/hu\/#website","url":"https:\/\/drescherjewellery.com\/hu\/","name":"Drescher Jewellery","description":"Tedd t\u00f6k\u00e9letesebb\u00e9 mindennapjaid a Drescher Jewellery \u00e9kszereivel.","publisher":{"@id":"https:\/\/drescherjewellery.com\/hu\/#organization"},"alternateName":"Ez\u00fcst \u00c9kszer Web\u00e1ruh\u00e1z","potentialAction":[{"@type":"SearchAction","target":{"@type":"EntryPoint","urlTemplate":"https:\/\/drescherjewellery.com\/hu\/?s={search_term_string}"},"query-input":{"@type":"PropertyValueSpecification","valueRequired":true,"valueName":"search_term_string"}}],"inLanguage":"hu"},{"@type":"Organization","@id":"https:\/\/drescherjewellery.com\/hu\/#organization","name":"Drescher Jewellery","url":"https:\/\/drescherjewellery.com\/hu\/","logo":{"@type":"ImageObject","inLanguage":"hu","@id":"https:\/\/drescherjewellery.com\/hu\/#\/schema\/logo\/image\/","url":"https:\/\/drescherjewellery.com\/wp-content\/uploads\/2026\/01\/Drescher-Jewellery-wpml.png","contentUrl":"https:\/\/drescherjewellery.com\/wp-content\/uploads\/2026\/01\/Drescher-Jewellery-wpml.png","width":500,"height":500,"caption":"Drescher Jewellery"},"image":{"@id":"https:\/\/drescherjewellery.com\/hu\/#\/schema\/logo\/image\/"},"sameAs":["https:\/\/www.facebook.com\/drescherjewellery","https:\/\/www.instagram.com\/drescherjewellery","https:\/\/www.tiktok.com\/@drescherjewellery"]}]}},"_links":{"self":[{"href":"https:\/\/drescherjewellery.com\/hu\/wp-json\/wp\/v2\/product\/103908","targetHints":{"allow":["GET"]}}],"collection":[{"href":"https:\/\/drescherjewellery.com\/hu\/wp-json\/wp\/v2\/product"}],"about":[{"href":"https:\/\/drescherjewellery.com\/hu\/wp-json\/wp\/v2\/types\/product"}],"version-history":[{"count":1,"href":"https:\/\/drescherjewellery.com\/hu\/wp-json\/wp\/v2\/product\/103908\/revisions"}],"predecessor-version":[{"id":119261,"href":"https:\/\/drescherjewellery.com\/hu\/wp-json\/wp\/v2\/product\/103908\/revisions\/119261"}],"wp:featuredmedia":[{"embeddable":true,"href":"https:\/\/drescherjewellery.com\/hu\/wp-json\/wp\/v2\/media\/103909"}],"wp:attachment":[{"href":"https:\/\/drescherjewellery.com\/hu\/wp-json\/wp\/v2\/media?parent=103908"}],"wp:term":[{"taxonomy":"product_brand","embeddable":true,"href":"https:\/\/drescherjewellery.com\/hu\/wp-json\/wp\/v2\/product_brand?post=103908"},{"taxonomy":"product_cat","embeddable":true,"href":"https:\/\/drescherjewellery.com\/hu\/wp-json\/wp\/v2\/product_cat?post=103908"},{"taxonomy":"product_tag","embeddable":true,"href":"https:\/\/drescherjewellery.com\/hu\/wp-json\/wp\/v2\/product_tag?post=103908"}],"curies":[{"name":"wp","href":"https:\/\/api.w.org\/{rel}","templated":true}]}}