{"id":103926,"date":"2025-05-26T13:22:43","date_gmt":"2025-05-26T11:22:43","guid":{"rendered":"https:\/\/dianasilver.hu\/?post_type=product&#038;p=103926"},"modified":"2026-02-21T01:47:40","modified_gmt":"2026-02-21T00:47:40","slug":"ezust-pingponguto-es-labda-medalos-nyaklanc-piros-zomanccal-es-gyonggyel","status":"publish","type":"product","link":"https:\/\/drescherjewellery.com\/hu\/termek\/ezust-pingponguto-es-labda-medalos-nyaklanc-piros-zomanccal-es-gyonggyel\/","title":{"rendered":"Ez\u00fcst pingpong\u00fct\u0151 \u00e9s labda med\u00e1los nyakl\u00e1nc bord\u00f3 zom\u00e1nccal \u00e9s gy\u00f6nggyel"},"content":{"rendered":"<h2 data-start=\"319\" data-end=\"687\">Ez\u00fcst pingpong\u00fct\u0151 \u00e9s labda med\u00e1los nyakl\u00e1nc \u2013 vid\u00e1m sportos hangulat<\/h2>\n<p data-start=\"319\" data-end=\"687\">Ez az AG 925 ez\u00fcstb\u0151l k\u00e9sz\u00fclt, r\u00f3dium bevonattal d\u00edsz\u00edtett nyakl\u00e1nc a sportos \u00e9let\u00e9rz\u00e9s \u00e9s a j\u00e1t\u00e9koss\u00e1g t\u00f6k\u00e9letes kifejez\u0151je. A bord\u00f3 zom\u00e1nccal bevont \u00fct\u0151 med\u00e1l \u00e9s a finom gy\u00f6ngy labda modern, m\u00e9gis j\u00e1t\u00e9kos st\u00edlust k\u00f6lcs\u00f6n\u00f6z. T\u00f6k\u00e9letes v\u00e1laszt\u00e1s, ha szeretn\u00e9d megmutatni egyedi, sportos oldalad.<\/p>\n<p data-start=\"689\" data-end=\"739\">\ud83c\udfd3 Mit szimboliz\u00e1l a pingpong\u00fct\u0151 \u00e9s labda forma?<\/p>\n<ul data-start=\"740\" data-end=\"862\">\n<li data-start=\"740\" data-end=\"775\">\n<p data-start=\"742\" data-end=\"775\">A j\u00e1t\u00e9koss\u00e1g \u00e9s versenyszellem.<\/p>\n<\/li>\n<li data-start=\"776\" data-end=\"818\">\n<p data-start=\"778\" data-end=\"818\">A sport szeretete \u00e9s az akt\u00edv \u00e9letm\u00f3d.<\/p>\n<\/li>\n<li data-start=\"819\" data-end=\"862\">\n<p data-start=\"821\" data-end=\"862\">A vid\u00e1ms\u00e1g \u00e9s k\u00f6nnyeds\u00e9g megjelen\u00edt\u00e9se.<\/p>\n<\/li>\n<\/ul>\n<p data-start=\"864\" data-end=\"899\">\u2728 Mi\u00e9rt v\u00e1laszd ezt a nyakl\u00e1ncot?<\/p>\n<ul data-start=\"900\" data-end=\"1145\">\n<li data-start=\"900\" data-end=\"936\">\n<p data-start=\"902\" data-end=\"936\">AG 925 ez\u00fcst, r\u00f3dium bevonattal.<\/p>\n<\/li>\n<li data-start=\"937\" data-end=\"985\">\n<p data-start=\"939\" data-end=\"985\">Piros zom\u00e1nccal d\u00edsz\u00edtett pingpong\u00fct\u0151 med\u00e1l.<\/p>\n<\/li>\n<li data-start=\"986\" data-end=\"1039\">\n<p data-start=\"988\" data-end=\"1039\">Gy\u00f6nggyel d\u00edsz\u00edtett labda med\u00e1l \u2013 egyedi r\u00e9szlet.<\/p>\n<\/li>\n<li data-start=\"1040\" data-end=\"1074\">\n<p data-start=\"1042\" data-end=\"1074\">Sportos, m\u00e9gis eleg\u00e1ns st\u00edlus.<\/p>\n<\/li>\n<li data-start=\"1075\" data-end=\"1145\">\n<p data-start=\"1077\" data-end=\"1145\">\ud83d\udccf <strong data-start=\"1080\" data-end=\"1090\">Hossz:<\/strong> 45 cm + 4 cm hosszabb\u00edt\u00f3 a z\u00e1rn\u00e1l \u2013 \u00e1ll\u00edthat\u00f3 m\u00e9ret.<\/p>\n<\/li>\n<\/ul>\n<p data-start=\"1147\" data-end=\"1255\">\ud83c\udf81 T\u00f6k\u00e9letes v\u00e1laszt\u00e1s sportos \u00e9s j\u00e1t\u00e9kos st\u00edlushoz \u2013 mutasd meg, hogy szereted a vid\u00e1m, akt\u00edv \u00e9letet! \ud83c\udfd3\u2728<\/p>\n","protected":false},"excerpt":{"rendered":"<p>Ez\u00fcst pingpong\u00fct\u0151 \u00e9s labda med\u00e1los nyakl\u00e1nc \u2013 sportos egyedis\u00e9g \u00e9s vid\u00e1m st\u00edlus! \u2728<br data-start=\"193\" data-end=\"196\" \/>A piros zom\u00e1nccal d\u00edsz\u00edtett \u00fct\u0151 \u00e9s a gy\u00f6ngy\u00f6s labda igaz\u00e1n figyelemfelkelt\u0151 megjelen\u00e9st k\u00f6lcs\u00f6n\u00f6z.<\/p>\n","protected":false},"featured_media":103936,"template":"","meta":[],"product_brand":[],"product_cat":[26],"product_tag":[514,513,528,533],"class_list":{"0":"post-103926","1":"product","2":"type-product","3":"status-publish","4":"has-post-thumbnail","6":"product_cat-ezust-nyaklanc-medallal","7":"product_tag-gyermek-ezust-ekszer","8":"product_tag-noi-ezust-ekszerek","9":"product_tag-sport","10":"product_tag-szines","11":"description-off","13":"first","14":"instock","15":"taxable","16":"shipping-taxable","17":"purchasable","18":"product-type-simple"},"yoast_head":"<!-- This site is optimized with the Yoast SEO Premium plugin v26.8 (Yoast SEO v27.4) - https:\/\/yoast.com\/product\/yoast-seo-premium-wordpress\/ -->\n<title>Ez\u00fcst pingpong\u00fct\u0151 \u00e9s labda med\u00e1los nyakl\u00e1nc bord\u00f3 zom\u00e1nccal \u00e9s gy\u00f6nggyel | Drescher Jewellery<\/title>\n<meta name=\"description\" content=\"Fedezd fel a leny\u0171g\u00f6z\u0151 Ez\u00fcst pingpong\u00fct\u0151 \u00e9s labda med\u00e1los nyakl\u00e1nc bord\u00f3 zom\u00e1nccal \u00e9s gy\u00f6nggyel \u00e9kszer\u00fcnket. T\u00f6k\u00e9letes kieg\u00e9sz\u00edt\u0151 mindennapi viselethez \u00e9s k\u00fcl\u00f6nleges alkalmakra egyar\u00e1nt. Rendeld meg most!\" \/>\n<meta name=\"robots\" content=\"index, follow, max-snippet:-1, max-image-preview:large, max-video-preview:-1\" \/>\n<link rel=\"canonical\" href=\"https:\/\/drescherjewellery.com\/hu\/termek\/ezust-pingponguto-es-labda-medalos-nyaklanc-piros-zomanccal-es-gyonggyel\/\" \/>\n<meta property=\"og:locale\" content=\"hu_HU\" \/>\n<meta property=\"og:type\" content=\"article\" \/>\n<meta property=\"og:title\" content=\"Ez\u00fcst pingpong\u00fct\u0151 \u00e9s labda med\u00e1los nyakl\u00e1nc bord\u00f3 zom\u00e1nccal \u00e9s gy\u00f6nggyel\" \/>\n<meta property=\"og:description\" content=\"Fedezd fel a leny\u0171g\u00f6z\u0151 Ez\u00fcst pingpong\u00fct\u0151 \u00e9s labda med\u00e1los nyakl\u00e1nc bord\u00f3 zom\u00e1nccal \u00e9s gy\u00f6nggyel \u00e9kszer\u00fcnket. T\u00f6k\u00e9letes kieg\u00e9sz\u00edt\u0151 mindennapi viselethez \u00e9s k\u00fcl\u00f6nleges alkalmakra egyar\u00e1nt. Rendeld meg most!\" \/>\n<meta property=\"og:url\" content=\"https:\/\/drescherjewellery.com\/hu\/termek\/ezust-pingponguto-es-labda-medalos-nyaklanc-piros-zomanccal-es-gyonggyel\/\" \/>\n<meta property=\"og:site_name\" content=\"Drescher Jewellery\" \/>\n<meta property=\"article:publisher\" content=\"https:\/\/www.facebook.com\/drescherjewellery\" \/>\n<meta property=\"article:modified_time\" content=\"2026-02-21T00:47:40+00:00\" \/>\n<meta property=\"og:image\" content=\"https:\/\/drescherjewellery.com\/wp-content\/uploads\/2025\/05\/Ezust-pingponguto-es-labda-medalos-nyaklanc-piros-zomanccal-es-gyonggyel_1.jpg\" \/>\n\t<meta property=\"og:image:width\" content=\"1350\" \/>\n\t<meta property=\"og:image:height\" content=\"1800\" \/>\n\t<meta property=\"og:image:type\" content=\"image\/jpeg\" \/>\n<meta name=\"twitter:card\" content=\"summary_large_image\" \/>\n<meta name=\"twitter:label1\" content=\"Becs\u00fclt olvas\u00e1si id\u0151\" \/>\n\t<meta name=\"twitter:data1\" content=\"1 perc\" \/>\n<script type=\"application\/ld+json\" class=\"yoast-schema-graph\">{\"@context\":\"https:\\\/\\\/schema.org\",\"@graph\":[{\"@type\":\"WebPage\",\"@id\":\"https:\\\/\\\/drescherjewellery.com\\\/hu\\\/termek\\\/ezust-pingponguto-es-labda-medalos-nyaklanc-piros-zomanccal-es-gyonggyel\\\/\",\"url\":\"https:\\\/\\\/drescherjewellery.com\\\/hu\\\/termek\\\/ezust-pingponguto-es-labda-medalos-nyaklanc-piros-zomanccal-es-gyonggyel\\\/\",\"name\":\"Ez\u00fcst pingpong\u00fct\u0151 \u00e9s labda med\u00e1los nyakl\u00e1nc bord\u00f3 zom\u00e1nccal \u00e9s gy\u00f6nggyel | Drescher Jewellery\",\"isPartOf\":{\"@id\":\"https:\\\/\\\/drescherjewellery.com\\\/hu\\\/#website\"},\"primaryImageOfPage\":{\"@id\":\"https:\\\/\\\/drescherjewellery.com\\\/hu\\\/termek\\\/ezust-pingponguto-es-labda-medalos-nyaklanc-piros-zomanccal-es-gyonggyel\\\/#primaryimage\"},\"image\":{\"@id\":\"https:\\\/\\\/drescherjewellery.com\\\/hu\\\/termek\\\/ezust-pingponguto-es-labda-medalos-nyaklanc-piros-zomanccal-es-gyonggyel\\\/#primaryimage\"},\"thumbnailUrl\":\"https:\\\/\\\/drescherjewellery.com\\\/wp-content\\\/uploads\\\/2025\\\/05\\\/Ezust-pingponguto-es-labda-medalos-nyaklanc-piros-zomanccal-es-gyonggyel_1.jpg\",\"datePublished\":\"2025-05-26T11:22:43+00:00\",\"dateModified\":\"2026-02-21T00:47:40+00:00\",\"description\":\"Fedezd fel a leny\u0171g\u00f6z\u0151 Ez\u00fcst pingpong\u00fct\u0151 \u00e9s labda med\u00e1los nyakl\u00e1nc bord\u00f3 zom\u00e1nccal \u00e9s gy\u00f6nggyel \u00e9kszer\u00fcnket. T\u00f6k\u00e9letes kieg\u00e9sz\u00edt\u0151 mindennapi viselethez \u00e9s k\u00fcl\u00f6nleges alkalmakra egyar\u00e1nt. Rendeld meg most!\",\"breadcrumb\":{\"@id\":\"https:\\\/\\\/drescherjewellery.com\\\/hu\\\/termek\\\/ezust-pingponguto-es-labda-medalos-nyaklanc-piros-zomanccal-es-gyonggyel\\\/#breadcrumb\"},\"inLanguage\":\"hu\",\"potentialAction\":[{\"@type\":\"ReadAction\",\"target\":[\"https:\\\/\\\/drescherjewellery.com\\\/hu\\\/termek\\\/ezust-pingponguto-es-labda-medalos-nyaklanc-piros-zomanccal-es-gyonggyel\\\/\"]}]},{\"@type\":\"ImageObject\",\"inLanguage\":\"hu\",\"@id\":\"https:\\\/\\\/drescherjewellery.com\\\/hu\\\/termek\\\/ezust-pingponguto-es-labda-medalos-nyaklanc-piros-zomanccal-es-gyonggyel\\\/#primaryimage\",\"url\":\"https:\\\/\\\/drescherjewellery.com\\\/wp-content\\\/uploads\\\/2025\\\/05\\\/Ezust-pingponguto-es-labda-medalos-nyaklanc-piros-zomanccal-es-gyonggyel_1.jpg\",\"contentUrl\":\"https:\\\/\\\/drescherjewellery.com\\\/wp-content\\\/uploads\\\/2025\\\/05\\\/Ezust-pingponguto-es-labda-medalos-nyaklanc-piros-zomanccal-es-gyonggyel_1.jpg\",\"width\":1350,\"height\":1800},{\"@type\":\"BreadcrumbList\",\"@id\":\"https:\\\/\\\/drescherjewellery.com\\\/hu\\\/termek\\\/ezust-pingponguto-es-labda-medalos-nyaklanc-piros-zomanccal-es-gyonggyel\\\/#breadcrumb\",\"itemListElement\":[{\"@type\":\"ListItem\",\"position\":1,\"name\":\"Kezd\u0151lap\",\"item\":\"https:\\\/\\\/drescherjewellery.com\\\/hu\\\/\"},{\"@type\":\"ListItem\",\"position\":2,\"name\":\"Shop\",\"item\":\"https:\\\/\\\/drescherjewellery.com\\\/shop\\\/\"},{\"@type\":\"ListItem\",\"position\":3,\"name\":\"Ez\u00fcst pingpong\u00fct\u0151 \u00e9s labda med\u00e1los nyakl\u00e1nc bord\u00f3 zom\u00e1nccal \u00e9s gy\u00f6nggyel\"}]},{\"@type\":\"WebSite\",\"@id\":\"https:\\\/\\\/drescherjewellery.com\\\/hu\\\/#website\",\"url\":\"https:\\\/\\\/drescherjewellery.com\\\/hu\\\/\",\"name\":\"Drescher Jewellery\",\"description\":\"Tedd t\u00f6k\u00e9letesebb\u00e9 mindennapjaid a Drescher Jewellery \u00e9kszereivel.\",\"publisher\":{\"@id\":\"https:\\\/\\\/drescherjewellery.com\\\/hu\\\/#organization\"},\"alternateName\":\"Ez\u00fcst \u00c9kszer Web\u00e1ruh\u00e1z\",\"potentialAction\":[{\"@type\":\"SearchAction\",\"target\":{\"@type\":\"EntryPoint\",\"urlTemplate\":\"https:\\\/\\\/drescherjewellery.com\\\/hu\\\/?s={search_term_string}\"},\"query-input\":{\"@type\":\"PropertyValueSpecification\",\"valueRequired\":true,\"valueName\":\"search_term_string\"}}],\"inLanguage\":\"hu\"},{\"@type\":\"Organization\",\"@id\":\"https:\\\/\\\/drescherjewellery.com\\\/hu\\\/#organization\",\"name\":\"Drescher Jewellery\",\"url\":\"https:\\\/\\\/drescherjewellery.com\\\/hu\\\/\",\"logo\":{\"@type\":\"ImageObject\",\"inLanguage\":\"hu\",\"@id\":\"https:\\\/\\\/drescherjewellery.com\\\/hu\\\/#\\\/schema\\\/logo\\\/image\\\/\",\"url\":\"https:\\\/\\\/drescherjewellery.com\\\/wp-content\\\/uploads\\\/2026\\\/01\\\/Drescher-Jewellery-wpml.png\",\"contentUrl\":\"https:\\\/\\\/drescherjewellery.com\\\/wp-content\\\/uploads\\\/2026\\\/01\\\/Drescher-Jewellery-wpml.png\",\"width\":500,\"height\":500,\"caption\":\"Drescher Jewellery\"},\"image\":{\"@id\":\"https:\\\/\\\/drescherjewellery.com\\\/hu\\\/#\\\/schema\\\/logo\\\/image\\\/\"},\"sameAs\":[\"https:\\\/\\\/www.facebook.com\\\/drescherjewellery\",\"https:\\\/\\\/www.instagram.com\\\/drescherjewellery\",\"https:\\\/\\\/www.tiktok.com\\\/@drescherjewellery\"]}]}<\/script>\n<!-- \/ Yoast SEO Premium plugin. -->","yoast_head_json":{"title":"Ez\u00fcst pingpong\u00fct\u0151 \u00e9s labda med\u00e1los nyakl\u00e1nc bord\u00f3 zom\u00e1nccal \u00e9s gy\u00f6nggyel | Drescher Jewellery","description":"Fedezd fel a leny\u0171g\u00f6z\u0151 Ez\u00fcst pingpong\u00fct\u0151 \u00e9s labda med\u00e1los nyakl\u00e1nc bord\u00f3 zom\u00e1nccal \u00e9s gy\u00f6nggyel \u00e9kszer\u00fcnket. T\u00f6k\u00e9letes kieg\u00e9sz\u00edt\u0151 mindennapi viselethez \u00e9s k\u00fcl\u00f6nleges alkalmakra egyar\u00e1nt. Rendeld meg most!","robots":{"index":"index","follow":"follow","max-snippet":"max-snippet:-1","max-image-preview":"max-image-preview:large","max-video-preview":"max-video-preview:-1"},"canonical":"https:\/\/drescherjewellery.com\/hu\/termek\/ezust-pingponguto-es-labda-medalos-nyaklanc-piros-zomanccal-es-gyonggyel\/","og_locale":"hu_HU","og_type":"article","og_title":"Ez\u00fcst pingpong\u00fct\u0151 \u00e9s labda med\u00e1los nyakl\u00e1nc bord\u00f3 zom\u00e1nccal \u00e9s gy\u00f6nggyel","og_description":"Fedezd fel a leny\u0171g\u00f6z\u0151 Ez\u00fcst pingpong\u00fct\u0151 \u00e9s labda med\u00e1los nyakl\u00e1nc bord\u00f3 zom\u00e1nccal \u00e9s gy\u00f6nggyel \u00e9kszer\u00fcnket. T\u00f6k\u00e9letes kieg\u00e9sz\u00edt\u0151 mindennapi viselethez \u00e9s k\u00fcl\u00f6nleges alkalmakra egyar\u00e1nt. Rendeld meg most!","og_url":"https:\/\/drescherjewellery.com\/hu\/termek\/ezust-pingponguto-es-labda-medalos-nyaklanc-piros-zomanccal-es-gyonggyel\/","og_site_name":"Drescher Jewellery","article_publisher":"https:\/\/www.facebook.com\/drescherjewellery","article_modified_time":"2026-02-21T00:47:40+00:00","og_image":[{"width":1350,"height":1800,"url":"https:\/\/drescherjewellery.com\/wp-content\/uploads\/2025\/05\/Ezust-pingponguto-es-labda-medalos-nyaklanc-piros-zomanccal-es-gyonggyel_1.jpg","type":"image\/jpeg"}],"twitter_card":"summary_large_image","twitter_misc":{"Becs\u00fclt olvas\u00e1si id\u0151":"1 perc"},"schema":{"@context":"https:\/\/schema.org","@graph":[{"@type":"WebPage","@id":"https:\/\/drescherjewellery.com\/hu\/termek\/ezust-pingponguto-es-labda-medalos-nyaklanc-piros-zomanccal-es-gyonggyel\/","url":"https:\/\/drescherjewellery.com\/hu\/termek\/ezust-pingponguto-es-labda-medalos-nyaklanc-piros-zomanccal-es-gyonggyel\/","name":"Ez\u00fcst pingpong\u00fct\u0151 \u00e9s labda med\u00e1los nyakl\u00e1nc bord\u00f3 zom\u00e1nccal \u00e9s gy\u00f6nggyel | Drescher Jewellery","isPartOf":{"@id":"https:\/\/drescherjewellery.com\/hu\/#website"},"primaryImageOfPage":{"@id":"https:\/\/drescherjewellery.com\/hu\/termek\/ezust-pingponguto-es-labda-medalos-nyaklanc-piros-zomanccal-es-gyonggyel\/#primaryimage"},"image":{"@id":"https:\/\/drescherjewellery.com\/hu\/termek\/ezust-pingponguto-es-labda-medalos-nyaklanc-piros-zomanccal-es-gyonggyel\/#primaryimage"},"thumbnailUrl":"https:\/\/drescherjewellery.com\/wp-content\/uploads\/2025\/05\/Ezust-pingponguto-es-labda-medalos-nyaklanc-piros-zomanccal-es-gyonggyel_1.jpg","datePublished":"2025-05-26T11:22:43+00:00","dateModified":"2026-02-21T00:47:40+00:00","description":"Fedezd fel a leny\u0171g\u00f6z\u0151 Ez\u00fcst pingpong\u00fct\u0151 \u00e9s labda med\u00e1los nyakl\u00e1nc bord\u00f3 zom\u00e1nccal \u00e9s gy\u00f6nggyel \u00e9kszer\u00fcnket. T\u00f6k\u00e9letes kieg\u00e9sz\u00edt\u0151 mindennapi viselethez \u00e9s k\u00fcl\u00f6nleges alkalmakra egyar\u00e1nt. Rendeld meg most!","breadcrumb":{"@id":"https:\/\/drescherjewellery.com\/hu\/termek\/ezust-pingponguto-es-labda-medalos-nyaklanc-piros-zomanccal-es-gyonggyel\/#breadcrumb"},"inLanguage":"hu","potentialAction":[{"@type":"ReadAction","target":["https:\/\/drescherjewellery.com\/hu\/termek\/ezust-pingponguto-es-labda-medalos-nyaklanc-piros-zomanccal-es-gyonggyel\/"]}]},{"@type":"ImageObject","inLanguage":"hu","@id":"https:\/\/drescherjewellery.com\/hu\/termek\/ezust-pingponguto-es-labda-medalos-nyaklanc-piros-zomanccal-es-gyonggyel\/#primaryimage","url":"https:\/\/drescherjewellery.com\/wp-content\/uploads\/2025\/05\/Ezust-pingponguto-es-labda-medalos-nyaklanc-piros-zomanccal-es-gyonggyel_1.jpg","contentUrl":"https:\/\/drescherjewellery.com\/wp-content\/uploads\/2025\/05\/Ezust-pingponguto-es-labda-medalos-nyaklanc-piros-zomanccal-es-gyonggyel_1.jpg","width":1350,"height":1800},{"@type":"BreadcrumbList","@id":"https:\/\/drescherjewellery.com\/hu\/termek\/ezust-pingponguto-es-labda-medalos-nyaklanc-piros-zomanccal-es-gyonggyel\/#breadcrumb","itemListElement":[{"@type":"ListItem","position":1,"name":"Kezd\u0151lap","item":"https:\/\/drescherjewellery.com\/hu\/"},{"@type":"ListItem","position":2,"name":"Shop","item":"https:\/\/drescherjewellery.com\/shop\/"},{"@type":"ListItem","position":3,"name":"Ez\u00fcst pingpong\u00fct\u0151 \u00e9s labda med\u00e1los nyakl\u00e1nc bord\u00f3 zom\u00e1nccal \u00e9s gy\u00f6nggyel"}]},{"@type":"WebSite","@id":"https:\/\/drescherjewellery.com\/hu\/#website","url":"https:\/\/drescherjewellery.com\/hu\/","name":"Drescher Jewellery","description":"Tedd t\u00f6k\u00e9letesebb\u00e9 mindennapjaid a Drescher Jewellery \u00e9kszereivel.","publisher":{"@id":"https:\/\/drescherjewellery.com\/hu\/#organization"},"alternateName":"Ez\u00fcst \u00c9kszer Web\u00e1ruh\u00e1z","potentialAction":[{"@type":"SearchAction","target":{"@type":"EntryPoint","urlTemplate":"https:\/\/drescherjewellery.com\/hu\/?s={search_term_string}"},"query-input":{"@type":"PropertyValueSpecification","valueRequired":true,"valueName":"search_term_string"}}],"inLanguage":"hu"},{"@type":"Organization","@id":"https:\/\/drescherjewellery.com\/hu\/#organization","name":"Drescher Jewellery","url":"https:\/\/drescherjewellery.com\/hu\/","logo":{"@type":"ImageObject","inLanguage":"hu","@id":"https:\/\/drescherjewellery.com\/hu\/#\/schema\/logo\/image\/","url":"https:\/\/drescherjewellery.com\/wp-content\/uploads\/2026\/01\/Drescher-Jewellery-wpml.png","contentUrl":"https:\/\/drescherjewellery.com\/wp-content\/uploads\/2026\/01\/Drescher-Jewellery-wpml.png","width":500,"height":500,"caption":"Drescher Jewellery"},"image":{"@id":"https:\/\/drescherjewellery.com\/hu\/#\/schema\/logo\/image\/"},"sameAs":["https:\/\/www.facebook.com\/drescherjewellery","https:\/\/www.instagram.com\/drescherjewellery","https:\/\/www.tiktok.com\/@drescherjewellery"]}]}},"_links":{"self":[{"href":"https:\/\/drescherjewellery.com\/hu\/wp-json\/wp\/v2\/product\/103926","targetHints":{"allow":["GET"]}}],"collection":[{"href":"https:\/\/drescherjewellery.com\/hu\/wp-json\/wp\/v2\/product"}],"about":[{"href":"https:\/\/drescherjewellery.com\/hu\/wp-json\/wp\/v2\/types\/product"}],"version-history":[{"count":1,"href":"https:\/\/drescherjewellery.com\/hu\/wp-json\/wp\/v2\/product\/103926\/revisions"}],"predecessor-version":[{"id":119262,"href":"https:\/\/drescherjewellery.com\/hu\/wp-json\/wp\/v2\/product\/103926\/revisions\/119262"}],"wp:featuredmedia":[{"embeddable":true,"href":"https:\/\/drescherjewellery.com\/hu\/wp-json\/wp\/v2\/media\/103936"}],"wp:attachment":[{"href":"https:\/\/drescherjewellery.com\/hu\/wp-json\/wp\/v2\/media?parent=103926"}],"wp:term":[{"taxonomy":"product_brand","embeddable":true,"href":"https:\/\/drescherjewellery.com\/hu\/wp-json\/wp\/v2\/product_brand?post=103926"},{"taxonomy":"product_cat","embeddable":true,"href":"https:\/\/drescherjewellery.com\/hu\/wp-json\/wp\/v2\/product_cat?post=103926"},{"taxonomy":"product_tag","embeddable":true,"href":"https:\/\/drescherjewellery.com\/hu\/wp-json\/wp\/v2\/product_tag?post=103926"}],"curies":[{"name":"wp","href":"https:\/\/api.w.org\/{rel}","templated":true}]}}