{"id":104151,"date":"2025-05-27T12:34:04","date_gmt":"2025-05-27T10:34:04","guid":{"rendered":"https:\/\/dianasilver.hu\/?post_type=product&#038;p=104151"},"modified":"2026-04-01T17:20:23","modified_gmt":"2026-04-01T15:20:23","slug":"ezust-lancszem-dizajnu-gyuru-feher-cirkoniakkal","status":"publish","type":"product","link":"https:\/\/drescherjewellery.com\/hu\/termek\/ezust-lancszem-dizajnu-gyuru-feher-cirkoniakkal\/","title":{"rendered":"Ez\u00fcst l\u00e1ncszem diz\u00e1jn\u00fa gy\u0171r\u0171 feh\u00e9r cirk\u00f3ni\u00e1kkal"},"content":{"rendered":"<h2 data-start=\"309\" data-end=\"713\">Ez\u00fcst l\u00e1ncszem diz\u00e1jn\u00fa gy\u0171r\u0171 feh\u00e9r cirk\u00f3ni\u00e1kkal \u2013 modern elegancia, egyedi megjelen\u00e9s<\/h2>\n<p data-start=\"309\" data-end=\"713\">Ez a k\u00fcl\u00f6nleges, AG 925 ez\u00fcstb\u0151l k\u00e9sz\u00fclt gy\u0171r\u0171 a l\u00e1ncszem forma modern, j\u00e1t\u00e9kos v\u00e1ltozat\u00e1t kelti \u00e9letre. A feh\u00e9r cirk\u00f3nia k\u00f6vek ragyog\u00e1sa csod\u00e1san kiemeli a diz\u00e1jnt, m\u00edg a r\u00f3dium bevonat f\u00e9nyess\u00e9ge id\u0151t\u00e1ll\u00f3v\u00e1 \u00e9s eleg\u00e1nss\u00e1 teszi az \u00e9kszert. K\u00e9nyelmes viselet, ami st\u00edlust \u00e9s egyedis\u00e9get k\u00f6lcs\u00f6n\u00f6z a megjelen\u00e9sednek.<\/p>\n<p data-start=\"715\" data-end=\"753\">\ud83d\udc8e Mit szimboliz\u00e1l a l\u00e1ncszem forma?<\/p>\n<ul data-start=\"754\" data-end=\"943\">\n<li data-start=\"754\" data-end=\"810\">\n<p data-start=\"756\" data-end=\"810\">Az \u00f6sszetartoz\u00e1st, er\u0151t \u00e9s a v\u00e9gtelen lehet\u0151s\u00e9geket.<\/p>\n<\/li>\n<li data-start=\"811\" data-end=\"876\">\n<p data-start=\"813\" data-end=\"876\">A feh\u00e9r cirk\u00f3nia ragyog\u00e1sa a tisztas\u00e1g \u00e9s a n\u0151iess\u00e9g jelk\u00e9pe.<\/p>\n<\/li>\n<li data-start=\"877\" data-end=\"943\">\n<p data-start=\"879\" data-end=\"943\">Modern \u00e9s id\u0151t\u00e1ll\u00f3 diz\u00e1jn, amely kiemeli a visel\u0151 egyedis\u00e9g\u00e9t.<\/p>\n<\/li>\n<\/ul>\n<p data-start=\"945\" data-end=\"976\">\u2728 Mi\u00e9rt v\u00e1laszd ezt a gy\u0171r\u0171t?<\/p>\n<ul data-start=\"977\" data-end=\"1171\">\n<li data-start=\"977\" data-end=\"1029\">\n<p data-start=\"979\" data-end=\"1029\">Kiv\u00e1l\u00f3 min\u0151s\u00e9g\u0171 AG 925 ez\u00fcst, r\u00f3dium bevonattal.<\/p>\n<\/li>\n<li data-start=\"1030\" data-end=\"1082\">\n<p data-start=\"1032\" data-end=\"1082\">L\u00e1ncszem forma, ragyog\u00f3 feh\u00e9r cirk\u00f3nia k\u00f6vekkel.<\/p>\n<\/li>\n<li data-start=\"1083\" data-end=\"1120\">\n<p data-start=\"1085\" data-end=\"1120\">K\u00e9nyelmes \u00e9s biztons\u00e1gos viselet.<\/p>\n<\/li>\n<li data-start=\"1121\" data-end=\"1171\">\n<p data-start=\"1123\" data-end=\"1171\">Eleg\u00e1ns \u00e9s egyedi kieg\u00e9sz\u00edt\u0151 minden alkalomra.<\/p>\n<\/li>\n<\/ul>\n<p data-start=\"1173\" data-end=\"1258\" data-is-last-node=\"\" data-is-only-node=\"\">\ud83c\udf81 Lepd meg magad vagy egy k\u00fcl\u00f6nleges szem\u00e9lyt ezzel a modern, ragyog\u00f3 \u00e9kszerrel! \ud83d\udc8e\u2728<\/p>\n","protected":false},"excerpt":{"rendered":"<p>Egyedi ez\u00fcst gy\u0171r\u0171, mely a l\u00e1ncszem forma modern \u00e9s eleg\u00e1ns megjelen\u00e9s\u00e9t \u00f6tv\u00f6zi a ragyog\u00f3 feh\u00e9r cirk\u00f3ni\u00e1kkal! \u2728<br data-start=\"197\" data-end=\"200\" \/>A st\u00edlusos diz\u00e1jn t\u00f6k\u00e9letes kieg\u00e9sz\u00edt\u0151je a mindennapoknak \u00e9s k\u00fcl\u00f6nleges alkalmaknak.<\/p>\n","protected":false},"featured_media":104161,"template":"","meta":[],"product_brand":[],"product_cat":[25],"product_tag":[513],"class_list":{"0":"post-104151","1":"product","2":"type-product","3":"status-publish","4":"has-post-thumbnail","6":"product_cat-ezust-gyuru","7":"product_tag-noi-ezust-ekszerek","8":"description-off","10":"first","11":"instock","12":"taxable","13":"shipping-taxable","14":"purchasable","15":"product-type-variable"},"yoast_head":"<!-- This site is optimized with the Yoast SEO Premium plugin v26.8 (Yoast SEO v27.4) - https:\/\/yoast.com\/product\/yoast-seo-premium-wordpress\/ -->\n<title>Ez\u00fcst l\u00e1ncszem diz\u00e1jn\u00fa gy\u0171r\u0171 feh\u00e9r cirk\u00f3ni\u00e1kkal | Drescher Jewellery<\/title>\n<meta name=\"description\" content=\"Fedezd fel a leny\u0171g\u00f6z\u0151 Ez\u00fcst l\u00e1ncszem diz\u00e1jn\u00fa gy\u0171r\u0171 feh\u00e9r cirk\u00f3ni\u00e1kkal \u00e9kszer\u00fcnket. T\u00f6k\u00e9letes kieg\u00e9sz\u00edt\u0151 mindennapi viselethez \u00e9s k\u00fcl\u00f6nleges alkalmakra egyar\u00e1nt. Rendeld meg most!\" \/>\n<meta name=\"robots\" content=\"index, follow, max-snippet:-1, max-image-preview:large, max-video-preview:-1\" \/>\n<link rel=\"canonical\" href=\"https:\/\/drescherjewellery.com\/hu\/termek\/ezust-lancszem-dizajnu-gyuru-feher-cirkoniakkal\/\" \/>\n<meta property=\"og:locale\" content=\"hu_HU\" \/>\n<meta property=\"og:type\" content=\"article\" \/>\n<meta property=\"og:title\" content=\"Ez\u00fcst l\u00e1ncszem diz\u00e1jn\u00fa gy\u0171r\u0171 feh\u00e9r cirk\u00f3ni\u00e1kkal\" \/>\n<meta property=\"og:description\" content=\"Fedezd fel a leny\u0171g\u00f6z\u0151 Ez\u00fcst l\u00e1ncszem diz\u00e1jn\u00fa gy\u0171r\u0171 feh\u00e9r cirk\u00f3ni\u00e1kkal \u00e9kszer\u00fcnket. T\u00f6k\u00e9letes kieg\u00e9sz\u00edt\u0151 mindennapi viselethez \u00e9s k\u00fcl\u00f6nleges alkalmakra egyar\u00e1nt. Rendeld meg most!\" \/>\n<meta property=\"og:url\" content=\"https:\/\/drescherjewellery.com\/hu\/termek\/ezust-lancszem-dizajnu-gyuru-feher-cirkoniakkal\/\" \/>\n<meta property=\"og:site_name\" content=\"Drescher Jewellery\" \/>\n<meta property=\"article:publisher\" content=\"https:\/\/www.facebook.com\/drescherjewellery\" \/>\n<meta property=\"article:modified_time\" content=\"2026-04-01T15:20:23+00:00\" \/>\n<meta property=\"og:image\" content=\"https:\/\/drescherjewellery.com\/wp-content\/uploads\/2025\/05\/Ezust-lancszem-dizajnu-gyuru-feher-cirkoniakkal_4.jpg\" \/>\n\t<meta property=\"og:image:width\" content=\"1350\" \/>\n\t<meta property=\"og:image:height\" content=\"1800\" \/>\n\t<meta property=\"og:image:type\" content=\"image\/jpeg\" \/>\n<meta name=\"twitter:card\" content=\"summary_large_image\" \/>\n<meta name=\"twitter:label1\" content=\"Becs\u00fclt olvas\u00e1si id\u0151\" \/>\n\t<meta name=\"twitter:data1\" content=\"1 perc\" \/>\n<script type=\"application\/ld+json\" class=\"yoast-schema-graph\">{\"@context\":\"https:\\\/\\\/schema.org\",\"@graph\":[{\"@type\":\"WebPage\",\"@id\":\"https:\\\/\\\/drescherjewellery.com\\\/hu\\\/termek\\\/ezust-lancszem-dizajnu-gyuru-feher-cirkoniakkal\\\/\",\"url\":\"https:\\\/\\\/drescherjewellery.com\\\/hu\\\/termek\\\/ezust-lancszem-dizajnu-gyuru-feher-cirkoniakkal\\\/\",\"name\":\"Ez\u00fcst l\u00e1ncszem diz\u00e1jn\u00fa gy\u0171r\u0171 feh\u00e9r cirk\u00f3ni\u00e1kkal | Drescher Jewellery\",\"isPartOf\":{\"@id\":\"https:\\\/\\\/drescherjewellery.com\\\/hu\\\/#website\"},\"primaryImageOfPage\":{\"@id\":\"https:\\\/\\\/drescherjewellery.com\\\/hu\\\/termek\\\/ezust-lancszem-dizajnu-gyuru-feher-cirkoniakkal\\\/#primaryimage\"},\"image\":{\"@id\":\"https:\\\/\\\/drescherjewellery.com\\\/hu\\\/termek\\\/ezust-lancszem-dizajnu-gyuru-feher-cirkoniakkal\\\/#primaryimage\"},\"thumbnailUrl\":\"https:\\\/\\\/drescherjewellery.com\\\/wp-content\\\/uploads\\\/2025\\\/05\\\/Ezust-lancszem-dizajnu-gyuru-feher-cirkoniakkal_4.jpg\",\"datePublished\":\"2025-05-27T10:34:04+00:00\",\"dateModified\":\"2026-04-01T15:20:23+00:00\",\"description\":\"Fedezd fel a leny\u0171g\u00f6z\u0151 Ez\u00fcst l\u00e1ncszem diz\u00e1jn\u00fa gy\u0171r\u0171 feh\u00e9r cirk\u00f3ni\u00e1kkal \u00e9kszer\u00fcnket. T\u00f6k\u00e9letes kieg\u00e9sz\u00edt\u0151 mindennapi viselethez \u00e9s k\u00fcl\u00f6nleges alkalmakra egyar\u00e1nt. Rendeld meg most!\",\"breadcrumb\":{\"@id\":\"https:\\\/\\\/drescherjewellery.com\\\/hu\\\/termek\\\/ezust-lancszem-dizajnu-gyuru-feher-cirkoniakkal\\\/#breadcrumb\"},\"inLanguage\":\"hu\",\"potentialAction\":[{\"@type\":\"ReadAction\",\"target\":[\"https:\\\/\\\/drescherjewellery.com\\\/hu\\\/termek\\\/ezust-lancszem-dizajnu-gyuru-feher-cirkoniakkal\\\/\"]}]},{\"@type\":\"ImageObject\",\"inLanguage\":\"hu\",\"@id\":\"https:\\\/\\\/drescherjewellery.com\\\/hu\\\/termek\\\/ezust-lancszem-dizajnu-gyuru-feher-cirkoniakkal\\\/#primaryimage\",\"url\":\"https:\\\/\\\/drescherjewellery.com\\\/wp-content\\\/uploads\\\/2025\\\/05\\\/Ezust-lancszem-dizajnu-gyuru-feher-cirkoniakkal_4.jpg\",\"contentUrl\":\"https:\\\/\\\/drescherjewellery.com\\\/wp-content\\\/uploads\\\/2025\\\/05\\\/Ezust-lancszem-dizajnu-gyuru-feher-cirkoniakkal_4.jpg\",\"width\":1350,\"height\":1800},{\"@type\":\"BreadcrumbList\",\"@id\":\"https:\\\/\\\/drescherjewellery.com\\\/hu\\\/termek\\\/ezust-lancszem-dizajnu-gyuru-feher-cirkoniakkal\\\/#breadcrumb\",\"itemListElement\":[{\"@type\":\"ListItem\",\"position\":1,\"name\":\"Kezd\u0151lap\",\"item\":\"https:\\\/\\\/drescherjewellery.com\\\/hu\\\/\"},{\"@type\":\"ListItem\",\"position\":2,\"name\":\"Shop\",\"item\":\"https:\\\/\\\/drescherjewellery.com\\\/shop\\\/\"},{\"@type\":\"ListItem\",\"position\":3,\"name\":\"Ez\u00fcst l\u00e1ncszem diz\u00e1jn\u00fa gy\u0171r\u0171 feh\u00e9r cirk\u00f3ni\u00e1kkal\"}]},{\"@type\":\"WebSite\",\"@id\":\"https:\\\/\\\/drescherjewellery.com\\\/hu\\\/#website\",\"url\":\"https:\\\/\\\/drescherjewellery.com\\\/hu\\\/\",\"name\":\"Drescher Jewellery\",\"description\":\"Tedd t\u00f6k\u00e9letesebb\u00e9 mindennapjaid a Drescher Jewellery \u00e9kszereivel.\",\"publisher\":{\"@id\":\"https:\\\/\\\/drescherjewellery.com\\\/hu\\\/#organization\"},\"alternateName\":\"Ez\u00fcst \u00c9kszer Web\u00e1ruh\u00e1z\",\"potentialAction\":[{\"@type\":\"SearchAction\",\"target\":{\"@type\":\"EntryPoint\",\"urlTemplate\":\"https:\\\/\\\/drescherjewellery.com\\\/hu\\\/?s={search_term_string}\"},\"query-input\":{\"@type\":\"PropertyValueSpecification\",\"valueRequired\":true,\"valueName\":\"search_term_string\"}}],\"inLanguage\":\"hu\"},{\"@type\":\"Organization\",\"@id\":\"https:\\\/\\\/drescherjewellery.com\\\/hu\\\/#organization\",\"name\":\"Drescher Jewellery\",\"url\":\"https:\\\/\\\/drescherjewellery.com\\\/hu\\\/\",\"logo\":{\"@type\":\"ImageObject\",\"inLanguage\":\"hu\",\"@id\":\"https:\\\/\\\/drescherjewellery.com\\\/hu\\\/#\\\/schema\\\/logo\\\/image\\\/\",\"url\":\"https:\\\/\\\/drescherjewellery.com\\\/wp-content\\\/uploads\\\/2026\\\/01\\\/Drescher-Jewellery-wpml.png\",\"contentUrl\":\"https:\\\/\\\/drescherjewellery.com\\\/wp-content\\\/uploads\\\/2026\\\/01\\\/Drescher-Jewellery-wpml.png\",\"width\":500,\"height\":500,\"caption\":\"Drescher Jewellery\"},\"image\":{\"@id\":\"https:\\\/\\\/drescherjewellery.com\\\/hu\\\/#\\\/schema\\\/logo\\\/image\\\/\"},\"sameAs\":[\"https:\\\/\\\/www.facebook.com\\\/drescherjewellery\",\"https:\\\/\\\/www.instagram.com\\\/drescherjewellery\",\"https:\\\/\\\/www.tiktok.com\\\/@drescherjewellery\"]}]}<\/script>\n<!-- \/ Yoast SEO Premium plugin. -->","yoast_head_json":{"title":"Ez\u00fcst l\u00e1ncszem diz\u00e1jn\u00fa gy\u0171r\u0171 feh\u00e9r cirk\u00f3ni\u00e1kkal | Drescher Jewellery","description":"Fedezd fel a leny\u0171g\u00f6z\u0151 Ez\u00fcst l\u00e1ncszem diz\u00e1jn\u00fa gy\u0171r\u0171 feh\u00e9r cirk\u00f3ni\u00e1kkal \u00e9kszer\u00fcnket. T\u00f6k\u00e9letes kieg\u00e9sz\u00edt\u0151 mindennapi viselethez \u00e9s k\u00fcl\u00f6nleges alkalmakra egyar\u00e1nt. Rendeld meg most!","robots":{"index":"index","follow":"follow","max-snippet":"max-snippet:-1","max-image-preview":"max-image-preview:large","max-video-preview":"max-video-preview:-1"},"canonical":"https:\/\/drescherjewellery.com\/hu\/termek\/ezust-lancszem-dizajnu-gyuru-feher-cirkoniakkal\/","og_locale":"hu_HU","og_type":"article","og_title":"Ez\u00fcst l\u00e1ncszem diz\u00e1jn\u00fa gy\u0171r\u0171 feh\u00e9r cirk\u00f3ni\u00e1kkal","og_description":"Fedezd fel a leny\u0171g\u00f6z\u0151 Ez\u00fcst l\u00e1ncszem diz\u00e1jn\u00fa gy\u0171r\u0171 feh\u00e9r cirk\u00f3ni\u00e1kkal \u00e9kszer\u00fcnket. T\u00f6k\u00e9letes kieg\u00e9sz\u00edt\u0151 mindennapi viselethez \u00e9s k\u00fcl\u00f6nleges alkalmakra egyar\u00e1nt. Rendeld meg most!","og_url":"https:\/\/drescherjewellery.com\/hu\/termek\/ezust-lancszem-dizajnu-gyuru-feher-cirkoniakkal\/","og_site_name":"Drescher Jewellery","article_publisher":"https:\/\/www.facebook.com\/drescherjewellery","article_modified_time":"2026-04-01T15:20:23+00:00","og_image":[{"width":1350,"height":1800,"url":"https:\/\/drescherjewellery.com\/wp-content\/uploads\/2025\/05\/Ezust-lancszem-dizajnu-gyuru-feher-cirkoniakkal_4.jpg","type":"image\/jpeg"}],"twitter_card":"summary_large_image","twitter_misc":{"Becs\u00fclt olvas\u00e1si id\u0151":"1 perc"},"schema":{"@context":"https:\/\/schema.org","@graph":[{"@type":"WebPage","@id":"https:\/\/drescherjewellery.com\/hu\/termek\/ezust-lancszem-dizajnu-gyuru-feher-cirkoniakkal\/","url":"https:\/\/drescherjewellery.com\/hu\/termek\/ezust-lancszem-dizajnu-gyuru-feher-cirkoniakkal\/","name":"Ez\u00fcst l\u00e1ncszem diz\u00e1jn\u00fa gy\u0171r\u0171 feh\u00e9r cirk\u00f3ni\u00e1kkal | Drescher Jewellery","isPartOf":{"@id":"https:\/\/drescherjewellery.com\/hu\/#website"},"primaryImageOfPage":{"@id":"https:\/\/drescherjewellery.com\/hu\/termek\/ezust-lancszem-dizajnu-gyuru-feher-cirkoniakkal\/#primaryimage"},"image":{"@id":"https:\/\/drescherjewellery.com\/hu\/termek\/ezust-lancszem-dizajnu-gyuru-feher-cirkoniakkal\/#primaryimage"},"thumbnailUrl":"https:\/\/drescherjewellery.com\/wp-content\/uploads\/2025\/05\/Ezust-lancszem-dizajnu-gyuru-feher-cirkoniakkal_4.jpg","datePublished":"2025-05-27T10:34:04+00:00","dateModified":"2026-04-01T15:20:23+00:00","description":"Fedezd fel a leny\u0171g\u00f6z\u0151 Ez\u00fcst l\u00e1ncszem diz\u00e1jn\u00fa gy\u0171r\u0171 feh\u00e9r cirk\u00f3ni\u00e1kkal \u00e9kszer\u00fcnket. T\u00f6k\u00e9letes kieg\u00e9sz\u00edt\u0151 mindennapi viselethez \u00e9s k\u00fcl\u00f6nleges alkalmakra egyar\u00e1nt. Rendeld meg most!","breadcrumb":{"@id":"https:\/\/drescherjewellery.com\/hu\/termek\/ezust-lancszem-dizajnu-gyuru-feher-cirkoniakkal\/#breadcrumb"},"inLanguage":"hu","potentialAction":[{"@type":"ReadAction","target":["https:\/\/drescherjewellery.com\/hu\/termek\/ezust-lancszem-dizajnu-gyuru-feher-cirkoniakkal\/"]}]},{"@type":"ImageObject","inLanguage":"hu","@id":"https:\/\/drescherjewellery.com\/hu\/termek\/ezust-lancszem-dizajnu-gyuru-feher-cirkoniakkal\/#primaryimage","url":"https:\/\/drescherjewellery.com\/wp-content\/uploads\/2025\/05\/Ezust-lancszem-dizajnu-gyuru-feher-cirkoniakkal_4.jpg","contentUrl":"https:\/\/drescherjewellery.com\/wp-content\/uploads\/2025\/05\/Ezust-lancszem-dizajnu-gyuru-feher-cirkoniakkal_4.jpg","width":1350,"height":1800},{"@type":"BreadcrumbList","@id":"https:\/\/drescherjewellery.com\/hu\/termek\/ezust-lancszem-dizajnu-gyuru-feher-cirkoniakkal\/#breadcrumb","itemListElement":[{"@type":"ListItem","position":1,"name":"Kezd\u0151lap","item":"https:\/\/drescherjewellery.com\/hu\/"},{"@type":"ListItem","position":2,"name":"Shop","item":"https:\/\/drescherjewellery.com\/shop\/"},{"@type":"ListItem","position":3,"name":"Ez\u00fcst l\u00e1ncszem diz\u00e1jn\u00fa gy\u0171r\u0171 feh\u00e9r cirk\u00f3ni\u00e1kkal"}]},{"@type":"WebSite","@id":"https:\/\/drescherjewellery.com\/hu\/#website","url":"https:\/\/drescherjewellery.com\/hu\/","name":"Drescher Jewellery","description":"Tedd t\u00f6k\u00e9letesebb\u00e9 mindennapjaid a Drescher Jewellery \u00e9kszereivel.","publisher":{"@id":"https:\/\/drescherjewellery.com\/hu\/#organization"},"alternateName":"Ez\u00fcst \u00c9kszer Web\u00e1ruh\u00e1z","potentialAction":[{"@type":"SearchAction","target":{"@type":"EntryPoint","urlTemplate":"https:\/\/drescherjewellery.com\/hu\/?s={search_term_string}"},"query-input":{"@type":"PropertyValueSpecification","valueRequired":true,"valueName":"search_term_string"}}],"inLanguage":"hu"},{"@type":"Organization","@id":"https:\/\/drescherjewellery.com\/hu\/#organization","name":"Drescher Jewellery","url":"https:\/\/drescherjewellery.com\/hu\/","logo":{"@type":"ImageObject","inLanguage":"hu","@id":"https:\/\/drescherjewellery.com\/hu\/#\/schema\/logo\/image\/","url":"https:\/\/drescherjewellery.com\/wp-content\/uploads\/2026\/01\/Drescher-Jewellery-wpml.png","contentUrl":"https:\/\/drescherjewellery.com\/wp-content\/uploads\/2026\/01\/Drescher-Jewellery-wpml.png","width":500,"height":500,"caption":"Drescher Jewellery"},"image":{"@id":"https:\/\/drescherjewellery.com\/hu\/#\/schema\/logo\/image\/"},"sameAs":["https:\/\/www.facebook.com\/drescherjewellery","https:\/\/www.instagram.com\/drescherjewellery","https:\/\/www.tiktok.com\/@drescherjewellery"]}]}},"_links":{"self":[{"href":"https:\/\/drescherjewellery.com\/hu\/wp-json\/wp\/v2\/product\/104151","targetHints":{"allow":["GET"]}}],"collection":[{"href":"https:\/\/drescherjewellery.com\/hu\/wp-json\/wp\/v2\/product"}],"about":[{"href":"https:\/\/drescherjewellery.com\/hu\/wp-json\/wp\/v2\/types\/product"}],"version-history":[{"count":1,"href":"https:\/\/drescherjewellery.com\/hu\/wp-json\/wp\/v2\/product\/104151\/revisions"}],"predecessor-version":[{"id":119272,"href":"https:\/\/drescherjewellery.com\/hu\/wp-json\/wp\/v2\/product\/104151\/revisions\/119272"}],"wp:featuredmedia":[{"embeddable":true,"href":"https:\/\/drescherjewellery.com\/hu\/wp-json\/wp\/v2\/media\/104161"}],"wp:attachment":[{"href":"https:\/\/drescherjewellery.com\/hu\/wp-json\/wp\/v2\/media?parent=104151"}],"wp:term":[{"taxonomy":"product_brand","embeddable":true,"href":"https:\/\/drescherjewellery.com\/hu\/wp-json\/wp\/v2\/product_brand?post=104151"},{"taxonomy":"product_cat","embeddable":true,"href":"https:\/\/drescherjewellery.com\/hu\/wp-json\/wp\/v2\/product_cat?post=104151"},{"taxonomy":"product_tag","embeddable":true,"href":"https:\/\/drescherjewellery.com\/hu\/wp-json\/wp\/v2\/product_tag?post=104151"}],"curies":[{"name":"wp","href":"https:\/\/api.w.org\/{rel}","templated":true}]}}