{"id":106389,"date":"2025-06-08T23:28:49","date_gmt":"2025-06-08T21:28:49","guid":{"rendered":"https:\/\/dianasilver.hu\/?post_type=product&#038;p=106389"},"modified":"2026-02-21T01:50:17","modified_gmt":"2026-02-21T00:50:17","slug":"ezust-oval-ekszerszett-feher-cirkonia-kovekkel","status":"publish","type":"product","link":"https:\/\/drescherjewellery.com\/hu\/termek\/ezust-oval-ekszerszett-feher-cirkonia-kovekkel\/","title":{"rendered":"Ez\u00fcst ov\u00e1l \u00e9kszerszett feh\u00e9r cirk\u00f3nia k\u00f6vekkel"},"content":{"rendered":"<h2  data-start=\"380\" data-end=\"437\"><strong data-start=\"380\" data-end=\"437\">Kifinomult ragyog\u00e1s a mindennapokra \u00e9s alkalmakra is.<\/strong><\/h2>\n<p  data-start=\"439\" data-end=\"681\">Ez az ov\u00e1lis form\u00e1kb\u00f3l \u00e1ll\u00f3 f\u00fclbeval\u00f3 \u00e9s med\u00e1l szett a visszafogott elegancia mintap\u00e9ld\u00e1ja. A feh\u00e9r cirk\u00f3nia k\u00f6vekkel d\u00edsz\u00edtett fels\u0151 r\u00e9sz finoman vonzza a tekintetet, m\u00edg az ov\u00e1l form\u00e1k k\u00f6nnyed mozg\u00e1st \u00e9s modern megjelen\u00e9st k\u00f6lcs\u00f6n\u00f6znek. \ud83e\udd0d\u2728<\/p>\n<p  data-start=\"683\" data-end=\"944\">A stekkeres f\u00fclbeval\u00f3 k\u00e9nyelmes viseletet biztos\u00edt, a med\u00e1l pedig szinte b\u00e1rmilyen nyakl\u00e1nccal harmoniz\u00e1l. A geometrikus formavil\u00e1g letisztults\u00e1got \u00e9s frissess\u00e9get sugall, \u00edgy remek kieg\u00e9sz\u00edt\u0151je lehet irodai szetteknek, vagy ak\u00e1r k\u00fcl\u00f6nleges alkalmaknak is. \ud83d\udcbc\ud83c\udf1f<\/p>\n<ul data-start=\"946\" data-end=\"1135\">\n<li  data-start=\"946\" data-end=\"975\">\n<p  data-start=\"948\" data-end=\"975\"><strong data-start=\"948\" data-end=\"973\">AG 925 sterling ez\u00fcst<\/strong><\/p>\n<\/li>\n<li  data-start=\"976\" data-end=\"1014\">\n<p  data-start=\"978\" data-end=\"1014\"><strong data-start=\"978\" data-end=\"1012\">Feh\u00e9r cirk\u00f3nia k\u00f6vek ragyog\u00e1sa<\/strong><\/p>\n<\/li>\n<li  data-start=\"1015\" data-end=\"1059\">\n<p  data-start=\"1017\" data-end=\"1059\"><strong data-start=\"1017\" data-end=\"1057\">Modern ov\u00e1l forma med\u00e1l \u00e9s f\u00fclbeval\u00f3<\/strong><\/p>\n<\/li>\n<li  data-start=\"1060\" data-end=\"1095\">\n<p  data-start=\"1062\" data-end=\"1095\"><strong data-start=\"1062\" data-end=\"1093\">Stekkeres f\u00fclbeval\u00f3 z\u00e1r\u00f3d\u00e1s<\/strong><\/p>\n<\/li>\n<li  data-start=\"1096\" data-end=\"1135\">\n<p  data-start=\"1098\" data-end=\"1135\"><strong data-start=\"1098\" data-end=\"1135\">Minimalista st\u00edlus, eleg\u00e1ns hat\u00e1s<\/strong><\/p>\n<\/li>\n<\/ul>\n<p  data-start=\"1137\" data-end=\"1286\" data-is-last-node=\"\" data-is-only-node=\"\">L\u00e9gy Te is a kifinomult n\u0151iess\u00e9g megtestes\u00edt\u0151je \u2013 kattints, \u00e9s v\u00e1laszd ezt az eleg\u00e1ns szettet, hogy ragyog\u00f3 r\u00e9szlet legyen a mindennapjaidban! \ud83d\udc8d\ud83d\uded2\ud83d\udc95<\/p>\n","protected":false},"excerpt":{"rendered":"<p>Modern ov\u00e1l forma, letisztult csillog\u00e1ssal.<br data-start=\"256\" data-end=\"259\" \/>T\u00f6k\u00e9letes v\u00e1laszt\u00e1s eleg\u00e1ns, m\u00e9gis trendi megjelen\u00e9shez. \ud83d\udcab\ud83e\udd0d<\/p>\n","protected":false},"featured_media":106393,"template":"","meta":[],"product_brand":[],"product_cat":[29],"product_tag":[513],"class_list":{"0":"post-106389","1":"product","2":"type-product","3":"status-publish","4":"has-post-thumbnail","6":"product_cat-ezust-ekszer-szett","7":"product_tag-noi-ezust-ekszerek","8":"description-off","10":"first","11":"instock","12":"taxable","13":"shipping-taxable","14":"purchasable","15":"product-type-simple"},"yoast_head":"<!-- This site is optimized with the Yoast SEO Premium plugin v26.8 (Yoast SEO v27.4) - https:\/\/yoast.com\/product\/yoast-seo-premium-wordpress\/ -->\n<title>Ez\u00fcst ov\u00e1l \u00e9kszerszett feh\u00e9r cirk\u00f3nia k\u00f6vekkel | Drescher Jewellery<\/title>\n<meta name=\"description\" content=\"Fedezd fel a leny\u0171g\u00f6z\u0151 Ez\u00fcst ov\u00e1l \u00e9kszerszett feh\u00e9r cirk\u00f3nia k\u00f6vekkel \u00e9kszer\u00fcnket. T\u00f6k\u00e9letes kieg\u00e9sz\u00edt\u0151 mindennapi viselethez \u00e9s k\u00fcl\u00f6nleges alkalmakra egyar\u00e1nt. Rendeld meg most!\" \/>\n<meta name=\"robots\" content=\"index, follow, max-snippet:-1, max-image-preview:large, max-video-preview:-1\" \/>\n<link rel=\"canonical\" href=\"https:\/\/drescherjewellery.com\/hu\/termek\/ezust-oval-ekszerszett-feher-cirkonia-kovekkel\/\" \/>\n<meta property=\"og:locale\" content=\"hu_HU\" \/>\n<meta property=\"og:type\" content=\"article\" \/>\n<meta property=\"og:title\" content=\"Ez\u00fcst ov\u00e1l \u00e9kszerszett feh\u00e9r cirk\u00f3nia k\u00f6vekkel\" \/>\n<meta property=\"og:description\" content=\"Fedezd fel a leny\u0171g\u00f6z\u0151 Ez\u00fcst ov\u00e1l \u00e9kszerszett feh\u00e9r cirk\u00f3nia k\u00f6vekkel \u00e9kszer\u00fcnket. T\u00f6k\u00e9letes kieg\u00e9sz\u00edt\u0151 mindennapi viselethez \u00e9s k\u00fcl\u00f6nleges alkalmakra egyar\u00e1nt. Rendeld meg most!\" \/>\n<meta property=\"og:url\" content=\"https:\/\/drescherjewellery.com\/hu\/termek\/ezust-oval-ekszerszett-feher-cirkonia-kovekkel\/\" \/>\n<meta property=\"og:site_name\" content=\"Drescher Jewellery\" \/>\n<meta property=\"article:publisher\" content=\"https:\/\/www.facebook.com\/drescherjewellery\" \/>\n<meta property=\"article:modified_time\" content=\"2026-02-21T00:50:17+00:00\" \/>\n<meta property=\"og:image\" content=\"https:\/\/drescherjewellery.com\/wp-content\/uploads\/2025\/06\/Ezust-oval-ekszerszett-feher-cirkonia-kovekkel_2.jpg\" \/>\n\t<meta property=\"og:image:width\" content=\"1350\" \/>\n\t<meta property=\"og:image:height\" content=\"1800\" \/>\n\t<meta property=\"og:image:type\" content=\"image\/jpeg\" \/>\n<meta name=\"twitter:card\" content=\"summary_large_image\" \/>\n<meta name=\"twitter:label1\" content=\"Becs\u00fclt olvas\u00e1si id\u0151\" \/>\n\t<meta name=\"twitter:data1\" content=\"1 perc\" \/>\n<script type=\"application\/ld+json\" class=\"yoast-schema-graph\">{\"@context\":\"https:\\\/\\\/schema.org\",\"@graph\":[{\"@type\":\"WebPage\",\"@id\":\"https:\\\/\\\/drescherjewellery.com\\\/hu\\\/termek\\\/ezust-oval-ekszerszett-feher-cirkonia-kovekkel\\\/\",\"url\":\"https:\\\/\\\/drescherjewellery.com\\\/hu\\\/termek\\\/ezust-oval-ekszerszett-feher-cirkonia-kovekkel\\\/\",\"name\":\"Ez\u00fcst ov\u00e1l \u00e9kszerszett feh\u00e9r cirk\u00f3nia k\u00f6vekkel | Drescher Jewellery\",\"isPartOf\":{\"@id\":\"https:\\\/\\\/drescherjewellery.com\\\/hu\\\/#website\"},\"primaryImageOfPage\":{\"@id\":\"https:\\\/\\\/drescherjewellery.com\\\/hu\\\/termek\\\/ezust-oval-ekszerszett-feher-cirkonia-kovekkel\\\/#primaryimage\"},\"image\":{\"@id\":\"https:\\\/\\\/drescherjewellery.com\\\/hu\\\/termek\\\/ezust-oval-ekszerszett-feher-cirkonia-kovekkel\\\/#primaryimage\"},\"thumbnailUrl\":\"https:\\\/\\\/drescherjewellery.com\\\/wp-content\\\/uploads\\\/2025\\\/06\\\/Ezust-oval-ekszerszett-feher-cirkonia-kovekkel_2.jpg\",\"datePublished\":\"2025-06-08T21:28:49+00:00\",\"dateModified\":\"2026-02-21T00:50:17+00:00\",\"description\":\"Fedezd fel a leny\u0171g\u00f6z\u0151 Ez\u00fcst ov\u00e1l \u00e9kszerszett feh\u00e9r cirk\u00f3nia k\u00f6vekkel \u00e9kszer\u00fcnket. T\u00f6k\u00e9letes kieg\u00e9sz\u00edt\u0151 mindennapi viselethez \u00e9s k\u00fcl\u00f6nleges alkalmakra egyar\u00e1nt. Rendeld meg most!\",\"breadcrumb\":{\"@id\":\"https:\\\/\\\/drescherjewellery.com\\\/hu\\\/termek\\\/ezust-oval-ekszerszett-feher-cirkonia-kovekkel\\\/#breadcrumb\"},\"inLanguage\":\"hu\",\"potentialAction\":[{\"@type\":\"ReadAction\",\"target\":[\"https:\\\/\\\/drescherjewellery.com\\\/hu\\\/termek\\\/ezust-oval-ekszerszett-feher-cirkonia-kovekkel\\\/\"]}]},{\"@type\":\"ImageObject\",\"inLanguage\":\"hu\",\"@id\":\"https:\\\/\\\/drescherjewellery.com\\\/hu\\\/termek\\\/ezust-oval-ekszerszett-feher-cirkonia-kovekkel\\\/#primaryimage\",\"url\":\"https:\\\/\\\/drescherjewellery.com\\\/wp-content\\\/uploads\\\/2025\\\/06\\\/Ezust-oval-ekszerszett-feher-cirkonia-kovekkel_2.jpg\",\"contentUrl\":\"https:\\\/\\\/drescherjewellery.com\\\/wp-content\\\/uploads\\\/2025\\\/06\\\/Ezust-oval-ekszerszett-feher-cirkonia-kovekkel_2.jpg\",\"width\":1350,\"height\":1800},{\"@type\":\"BreadcrumbList\",\"@id\":\"https:\\\/\\\/drescherjewellery.com\\\/hu\\\/termek\\\/ezust-oval-ekszerszett-feher-cirkonia-kovekkel\\\/#breadcrumb\",\"itemListElement\":[{\"@type\":\"ListItem\",\"position\":1,\"name\":\"Kezd\u0151lap\",\"item\":\"https:\\\/\\\/drescherjewellery.com\\\/hu\\\/\"},{\"@type\":\"ListItem\",\"position\":2,\"name\":\"Shop\",\"item\":\"https:\\\/\\\/drescherjewellery.com\\\/shop\\\/\"},{\"@type\":\"ListItem\",\"position\":3,\"name\":\"Ez\u00fcst ov\u00e1l \u00e9kszerszett feh\u00e9r cirk\u00f3nia k\u00f6vekkel\"}]},{\"@type\":\"WebSite\",\"@id\":\"https:\\\/\\\/drescherjewellery.com\\\/hu\\\/#website\",\"url\":\"https:\\\/\\\/drescherjewellery.com\\\/hu\\\/\",\"name\":\"Drescher Jewellery\",\"description\":\"Tedd t\u00f6k\u00e9letesebb\u00e9 mindennapjaid a Drescher Jewellery \u00e9kszereivel.\",\"publisher\":{\"@id\":\"https:\\\/\\\/drescherjewellery.com\\\/hu\\\/#organization\"},\"alternateName\":\"Ez\u00fcst \u00c9kszer Web\u00e1ruh\u00e1z\",\"potentialAction\":[{\"@type\":\"SearchAction\",\"target\":{\"@type\":\"EntryPoint\",\"urlTemplate\":\"https:\\\/\\\/drescherjewellery.com\\\/hu\\\/?s={search_term_string}\"},\"query-input\":{\"@type\":\"PropertyValueSpecification\",\"valueRequired\":true,\"valueName\":\"search_term_string\"}}],\"inLanguage\":\"hu\"},{\"@type\":\"Organization\",\"@id\":\"https:\\\/\\\/drescherjewellery.com\\\/hu\\\/#organization\",\"name\":\"Drescher Jewellery\",\"url\":\"https:\\\/\\\/drescherjewellery.com\\\/hu\\\/\",\"logo\":{\"@type\":\"ImageObject\",\"inLanguage\":\"hu\",\"@id\":\"https:\\\/\\\/drescherjewellery.com\\\/hu\\\/#\\\/schema\\\/logo\\\/image\\\/\",\"url\":\"https:\\\/\\\/drescherjewellery.com\\\/wp-content\\\/uploads\\\/2026\\\/01\\\/Drescher-Jewellery-wpml.png\",\"contentUrl\":\"https:\\\/\\\/drescherjewellery.com\\\/wp-content\\\/uploads\\\/2026\\\/01\\\/Drescher-Jewellery-wpml.png\",\"width\":500,\"height\":500,\"caption\":\"Drescher Jewellery\"},\"image\":{\"@id\":\"https:\\\/\\\/drescherjewellery.com\\\/hu\\\/#\\\/schema\\\/logo\\\/image\\\/\"},\"sameAs\":[\"https:\\\/\\\/www.facebook.com\\\/drescherjewellery\",\"https:\\\/\\\/www.instagram.com\\\/drescherjewellery\",\"https:\\\/\\\/www.tiktok.com\\\/@drescherjewellery\"]}]}<\/script>\n<!-- \/ Yoast SEO Premium plugin. -->","yoast_head_json":{"title":"Ez\u00fcst ov\u00e1l \u00e9kszerszett feh\u00e9r cirk\u00f3nia k\u00f6vekkel | Drescher Jewellery","description":"Fedezd fel a leny\u0171g\u00f6z\u0151 Ez\u00fcst ov\u00e1l \u00e9kszerszett feh\u00e9r cirk\u00f3nia k\u00f6vekkel \u00e9kszer\u00fcnket. T\u00f6k\u00e9letes kieg\u00e9sz\u00edt\u0151 mindennapi viselethez \u00e9s k\u00fcl\u00f6nleges alkalmakra egyar\u00e1nt. Rendeld meg most!","robots":{"index":"index","follow":"follow","max-snippet":"max-snippet:-1","max-image-preview":"max-image-preview:large","max-video-preview":"max-video-preview:-1"},"canonical":"https:\/\/drescherjewellery.com\/hu\/termek\/ezust-oval-ekszerszett-feher-cirkonia-kovekkel\/","og_locale":"hu_HU","og_type":"article","og_title":"Ez\u00fcst ov\u00e1l \u00e9kszerszett feh\u00e9r cirk\u00f3nia k\u00f6vekkel","og_description":"Fedezd fel a leny\u0171g\u00f6z\u0151 Ez\u00fcst ov\u00e1l \u00e9kszerszett feh\u00e9r cirk\u00f3nia k\u00f6vekkel \u00e9kszer\u00fcnket. T\u00f6k\u00e9letes kieg\u00e9sz\u00edt\u0151 mindennapi viselethez \u00e9s k\u00fcl\u00f6nleges alkalmakra egyar\u00e1nt. Rendeld meg most!","og_url":"https:\/\/drescherjewellery.com\/hu\/termek\/ezust-oval-ekszerszett-feher-cirkonia-kovekkel\/","og_site_name":"Drescher Jewellery","article_publisher":"https:\/\/www.facebook.com\/drescherjewellery","article_modified_time":"2026-02-21T00:50:17+00:00","og_image":[{"width":1350,"height":1800,"url":"https:\/\/drescherjewellery.com\/wp-content\/uploads\/2025\/06\/Ezust-oval-ekszerszett-feher-cirkonia-kovekkel_2.jpg","type":"image\/jpeg"}],"twitter_card":"summary_large_image","twitter_misc":{"Becs\u00fclt olvas\u00e1si id\u0151":"1 perc"},"schema":{"@context":"https:\/\/schema.org","@graph":[{"@type":"WebPage","@id":"https:\/\/drescherjewellery.com\/hu\/termek\/ezust-oval-ekszerszett-feher-cirkonia-kovekkel\/","url":"https:\/\/drescherjewellery.com\/hu\/termek\/ezust-oval-ekszerszett-feher-cirkonia-kovekkel\/","name":"Ez\u00fcst ov\u00e1l \u00e9kszerszett feh\u00e9r cirk\u00f3nia k\u00f6vekkel | Drescher Jewellery","isPartOf":{"@id":"https:\/\/drescherjewellery.com\/hu\/#website"},"primaryImageOfPage":{"@id":"https:\/\/drescherjewellery.com\/hu\/termek\/ezust-oval-ekszerszett-feher-cirkonia-kovekkel\/#primaryimage"},"image":{"@id":"https:\/\/drescherjewellery.com\/hu\/termek\/ezust-oval-ekszerszett-feher-cirkonia-kovekkel\/#primaryimage"},"thumbnailUrl":"https:\/\/drescherjewellery.com\/wp-content\/uploads\/2025\/06\/Ezust-oval-ekszerszett-feher-cirkonia-kovekkel_2.jpg","datePublished":"2025-06-08T21:28:49+00:00","dateModified":"2026-02-21T00:50:17+00:00","description":"Fedezd fel a leny\u0171g\u00f6z\u0151 Ez\u00fcst ov\u00e1l \u00e9kszerszett feh\u00e9r cirk\u00f3nia k\u00f6vekkel \u00e9kszer\u00fcnket. T\u00f6k\u00e9letes kieg\u00e9sz\u00edt\u0151 mindennapi viselethez \u00e9s k\u00fcl\u00f6nleges alkalmakra egyar\u00e1nt. Rendeld meg most!","breadcrumb":{"@id":"https:\/\/drescherjewellery.com\/hu\/termek\/ezust-oval-ekszerszett-feher-cirkonia-kovekkel\/#breadcrumb"},"inLanguage":"hu","potentialAction":[{"@type":"ReadAction","target":["https:\/\/drescherjewellery.com\/hu\/termek\/ezust-oval-ekszerszett-feher-cirkonia-kovekkel\/"]}]},{"@type":"ImageObject","inLanguage":"hu","@id":"https:\/\/drescherjewellery.com\/hu\/termek\/ezust-oval-ekszerszett-feher-cirkonia-kovekkel\/#primaryimage","url":"https:\/\/drescherjewellery.com\/wp-content\/uploads\/2025\/06\/Ezust-oval-ekszerszett-feher-cirkonia-kovekkel_2.jpg","contentUrl":"https:\/\/drescherjewellery.com\/wp-content\/uploads\/2025\/06\/Ezust-oval-ekszerszett-feher-cirkonia-kovekkel_2.jpg","width":1350,"height":1800},{"@type":"BreadcrumbList","@id":"https:\/\/drescherjewellery.com\/hu\/termek\/ezust-oval-ekszerszett-feher-cirkonia-kovekkel\/#breadcrumb","itemListElement":[{"@type":"ListItem","position":1,"name":"Kezd\u0151lap","item":"https:\/\/drescherjewellery.com\/hu\/"},{"@type":"ListItem","position":2,"name":"Shop","item":"https:\/\/drescherjewellery.com\/shop\/"},{"@type":"ListItem","position":3,"name":"Ez\u00fcst ov\u00e1l \u00e9kszerszett feh\u00e9r cirk\u00f3nia k\u00f6vekkel"}]},{"@type":"WebSite","@id":"https:\/\/drescherjewellery.com\/hu\/#website","url":"https:\/\/drescherjewellery.com\/hu\/","name":"Drescher Jewellery","description":"Tedd t\u00f6k\u00e9letesebb\u00e9 mindennapjaid a Drescher Jewellery \u00e9kszereivel.","publisher":{"@id":"https:\/\/drescherjewellery.com\/hu\/#organization"},"alternateName":"Ez\u00fcst \u00c9kszer Web\u00e1ruh\u00e1z","potentialAction":[{"@type":"SearchAction","target":{"@type":"EntryPoint","urlTemplate":"https:\/\/drescherjewellery.com\/hu\/?s={search_term_string}"},"query-input":{"@type":"PropertyValueSpecification","valueRequired":true,"valueName":"search_term_string"}}],"inLanguage":"hu"},{"@type":"Organization","@id":"https:\/\/drescherjewellery.com\/hu\/#organization","name":"Drescher Jewellery","url":"https:\/\/drescherjewellery.com\/hu\/","logo":{"@type":"ImageObject","inLanguage":"hu","@id":"https:\/\/drescherjewellery.com\/hu\/#\/schema\/logo\/image\/","url":"https:\/\/drescherjewellery.com\/wp-content\/uploads\/2026\/01\/Drescher-Jewellery-wpml.png","contentUrl":"https:\/\/drescherjewellery.com\/wp-content\/uploads\/2026\/01\/Drescher-Jewellery-wpml.png","width":500,"height":500,"caption":"Drescher Jewellery"},"image":{"@id":"https:\/\/drescherjewellery.com\/hu\/#\/schema\/logo\/image\/"},"sameAs":["https:\/\/www.facebook.com\/drescherjewellery","https:\/\/www.instagram.com\/drescherjewellery","https:\/\/www.tiktok.com\/@drescherjewellery"]}]}},"_links":{"self":[{"href":"https:\/\/drescherjewellery.com\/hu\/wp-json\/wp\/v2\/product\/106389","targetHints":{"allow":["GET"]}}],"collection":[{"href":"https:\/\/drescherjewellery.com\/hu\/wp-json\/wp\/v2\/product"}],"about":[{"href":"https:\/\/drescherjewellery.com\/hu\/wp-json\/wp\/v2\/types\/product"}],"version-history":[{"count":1,"href":"https:\/\/drescherjewellery.com\/hu\/wp-json\/wp\/v2\/product\/106389\/revisions"}],"predecessor-version":[{"id":119323,"href":"https:\/\/drescherjewellery.com\/hu\/wp-json\/wp\/v2\/product\/106389\/revisions\/119323"}],"wp:featuredmedia":[{"embeddable":true,"href":"https:\/\/drescherjewellery.com\/hu\/wp-json\/wp\/v2\/media\/106393"}],"wp:attachment":[{"href":"https:\/\/drescherjewellery.com\/hu\/wp-json\/wp\/v2\/media?parent=106389"}],"wp:term":[{"taxonomy":"product_brand","embeddable":true,"href":"https:\/\/drescherjewellery.com\/hu\/wp-json\/wp\/v2\/product_brand?post=106389"},{"taxonomy":"product_cat","embeddable":true,"href":"https:\/\/drescherjewellery.com\/hu\/wp-json\/wp\/v2\/product_cat?post=106389"},{"taxonomy":"product_tag","embeddable":true,"href":"https:\/\/drescherjewellery.com\/hu\/wp-json\/wp\/v2\/product_tag?post=106389"}],"curies":[{"name":"wp","href":"https:\/\/api.w.org\/{rel}","templated":true}]}}