{"id":107008,"date":"2025-07-28T11:14:28","date_gmt":"2025-07-28T09:14:28","guid":{"rendered":"https:\/\/dianasilver.hu\/?post_type=product&#038;p=107008"},"modified":"2026-02-21T01:51:07","modified_gmt":"2026-02-21T00:51:07","slug":"vilagoskek-opal-ezust-ekszerszett-letisztult-fenyjatek","status":"publish","type":"product","link":"https:\/\/drescherjewellery.com\/hu\/termek\/vilagoskek-opal-ezust-ekszerszett-letisztult-fenyjatek\/","title":{"rendered":"Vil\u00e1gosk\u00e9k op\u00e1l ez\u00fcst \u00e9kszerszett \u2013 letisztult f\u00e9nyj\u00e1t\u00e9k"},"content":{"rendered":"<h2 data-start=\"333\" data-end=\"406\"><span dir=\"auto\">Vil\u00e1gosk\u00e9k op\u00e1los \u00e9kszerszett \u2013 modern n\u0151iess\u00e9g ragyog\u00f3 \u00e1rnyalatban<\/span><\/h2>\n<p data-start=\"407\" data-end=\"487\"><strong data-start=\"407\" data-end=\"487\"><span dir=\"auto\">A modern n\u0151 v\u00e1laszt\u00e9kos ruhat\u00e1r\u00e1t t\u00f6k\u00e9letesen kiel\u00e9g\u00edt\u0151 \u00e9kszerk\u00fcl\u00f6nlegess\u00e9g.<\/span><\/strong><\/p>\n<p data-start=\"489\" data-end=\"809\"><span dir=\"auto\">Ez a kifinomult ez\u00fcst \u00e9kszerszett vil\u00e1gosk\u00e9k, csillog\u00f3 op\u00e1lbet\u00e9tekkel d\u00edsz\u00edtett. A geometrikus formavil\u00e1g k\u00fcl\u00f6nleges karakter ad a daraboknak sz\u00f6gletes f\u00e9met, ez\u00e9rt a <strong>AG<\/strong><\/span><strong data-start=\"655\" data-end=\"680\"><span dir=\"auto\">925-\u00f6s sterling ez\u00fcst<\/span><\/strong><span dir=\"auto\"> f\u00e9nyess\u00e9ge eleg\u00e1ns keretet biztos\u00edt a f\u00e9nyl\u0151 op\u00e1lnak. A med\u00e1lhoz nem tartozik l\u00e1nc \u2013 \u00edgy saj\u00e1t kedvenceddel kombin\u00e1lhatod.<\/span><\/p>\n<ul data-start=\"811\" data-end=\"1008\">\n<li data-start=\"811\" data-end=\"840\">\n<p data-start=\"813\" data-end=\"840\"><strong data-start=\"813\" data-end=\"840\"><span dir=\"auto\">Modern, sz\u00f6gletes forma<\/span><\/strong><\/p>\n<\/li>\n<li data-start=\"841\" data-end=\"875\">\n<p data-start=\"843\" data-end=\"875\"><strong data-start=\"843\" data-end=\"875\"><span dir=\"auto\">Ragyog\u00f3 vil\u00e1gosk\u00e9k op\u00e1lbet\u00e9t<\/span><\/strong><\/p>\n<\/li>\n<li data-start=\"876\" data-end=\"904\">\n<p data-start=\"878\" data-end=\"904\"><strong data-start=\"878\" data-end=\"904\"><span dir=\"auto\">AG 925 ez\u00fcst alapanyag<\/span><\/strong><\/p>\n<\/li>\n<li data-start=\"876\" data-end=\"904\"><strong>R\u00f3dium bevonat<\/strong><\/li>\n<li data-start=\"905\" data-end=\"949\">\n<p data-start=\"907\" data-end=\"949\"><strong data-start=\"907\" data-end=\"949\"><span dir=\"auto\">Stekkeres f\u00fclbeval\u00f3, k\u00e9nyelmes viselet<\/span><\/strong><\/p>\n<\/li>\n<li data-start=\"950\" data-end=\"1008\">\n<p data-start=\"952\" data-end=\"1008\"><strong data-start=\"952\" data-end=\"1008\"><span dir=\"auto\">L\u00e1nc n\u00e9lk\u00fcl sz\u00e1ll\u00edtva \u2013 szabad kombin\u00e1l\u00e1s lehet\u0151s\u00e9ge<\/span><\/strong><\/p>\n<\/li>\n<\/ul>\n<p data-start=\"1010\" data-end=\"1118\" data-is-last-node=\"\" data-is-only-node=\"\"><span dir=\"auto\">T\u00f6k\u00e9letes v\u00e1laszt\u00e1s mindennapi eleganci\u00e1hoz vagy aj\u00e1nd\u00e9knak \u2013 k\u00fcl\u00f6nleges n\u0151knek, k\u00fcl\u00f6nleges alkalmakra. \ud83d\udc8e\ud83d\udc99<\/span><\/p>\n","protected":false},"excerpt":{"rendered":"<p>L\u00e9legzetel\u00e1ll\u00edt\u00f3 vil\u00e1gosk\u00e9k op\u00e1lbet\u00e9tek \u00e9s modern geometria \u2013 ez a szett minden szemp\u00e1rt megbabon\u00e1z. L\u00e1nc n\u00e9lk\u00fcl sz\u00e1ll\u00edtva. \ud83d\udcab<\/p>\n","protected":false},"featured_media":107013,"template":"","meta":[],"product_brand":[],"product_cat":[29],"product_tag":[513,533],"class_list":{"0":"post-107008","1":"product","2":"type-product","3":"status-publish","4":"has-post-thumbnail","6":"product_cat-ezust-ekszer-szett","7":"product_tag-noi-ezust-ekszerek","8":"product_tag-szines","9":"description-off","11":"first","12":"instock","13":"taxable","14":"shipping-taxable","15":"purchasable","16":"product-type-simple"},"yoast_head":"<!-- This site is optimized with the Yoast SEO Premium plugin v26.8 (Yoast SEO v27.4) - https:\/\/yoast.com\/product\/yoast-seo-premium-wordpress\/ -->\n<title>Vil\u00e1gosk\u00e9k op\u00e1l ez\u00fcst \u00e9kszerszett \u2013 letisztult f\u00e9nyj\u00e1t\u00e9k | Drescher Jewellery<\/title>\n<meta name=\"description\" content=\"Fedezd fel a leny\u0171g\u00f6z\u0151 Vil\u00e1gosk\u00e9k op\u00e1l ez\u00fcst \u00e9kszerszett \u2013 letisztult f\u00e9nyj\u00e1t\u00e9k \u00e9kszer\u00fcnket. T\u00f6k\u00e9letes kieg\u00e9sz\u00edt\u0151 mindennapi viselethez \u00e9s k\u00fcl\u00f6nleges alkalmakra egyar\u00e1nt. Rendeld meg most!\" \/>\n<meta name=\"robots\" content=\"index, follow, max-snippet:-1, max-image-preview:large, max-video-preview:-1\" \/>\n<link rel=\"canonical\" href=\"https:\/\/drescherjewellery.com\/hu\/termek\/vilagoskek-opal-ezust-ekszerszett-letisztult-fenyjatek\/\" \/>\n<meta property=\"og:locale\" content=\"hu_HU\" \/>\n<meta property=\"og:type\" content=\"article\" \/>\n<meta property=\"og:title\" content=\"Vil\u00e1gosk\u00e9k op\u00e1l ez\u00fcst \u00e9kszerszett \u2013 letisztult f\u00e9nyj\u00e1t\u00e9k\" \/>\n<meta property=\"og:description\" content=\"Fedezd fel a leny\u0171g\u00f6z\u0151 Vil\u00e1gosk\u00e9k op\u00e1l ez\u00fcst \u00e9kszerszett \u2013 letisztult f\u00e9nyj\u00e1t\u00e9k \u00e9kszer\u00fcnket. T\u00f6k\u00e9letes kieg\u00e9sz\u00edt\u0151 mindennapi viselethez \u00e9s k\u00fcl\u00f6nleges alkalmakra egyar\u00e1nt. Rendeld meg most!\" \/>\n<meta property=\"og:url\" content=\"https:\/\/drescherjewellery.com\/hu\/termek\/vilagoskek-opal-ezust-ekszerszett-letisztult-fenyjatek\/\" \/>\n<meta property=\"og:site_name\" content=\"Drescher Jewellery\" \/>\n<meta property=\"article:publisher\" content=\"https:\/\/www.facebook.com\/drescherjewellery\" \/>\n<meta property=\"article:modified_time\" content=\"2026-02-21T00:51:07+00:00\" \/>\n<meta property=\"og:image\" content=\"https:\/\/drescherjewellery.com\/wp-content\/uploads\/2025\/07\/Vilagoskek-opal-ezust-ekszerszett-\u2013-letisztult-fenyjatek_2.jpg\" \/>\n\t<meta property=\"og:image:width\" content=\"1340\" \/>\n\t<meta property=\"og:image:height\" content=\"1785\" \/>\n\t<meta property=\"og:image:type\" content=\"image\/jpeg\" \/>\n<meta name=\"twitter:card\" content=\"summary_large_image\" \/>\n<meta name=\"twitter:label1\" content=\"Becs\u00fclt olvas\u00e1si id\u0151\" \/>\n\t<meta name=\"twitter:data1\" content=\"1 perc\" \/>\n<script type=\"application\/ld+json\" class=\"yoast-schema-graph\">{\"@context\":\"https:\\\/\\\/schema.org\",\"@graph\":[{\"@type\":\"WebPage\",\"@id\":\"https:\\\/\\\/drescherjewellery.com\\\/hu\\\/termek\\\/vilagoskek-opal-ezust-ekszerszett-letisztult-fenyjatek\\\/\",\"url\":\"https:\\\/\\\/drescherjewellery.com\\\/hu\\\/termek\\\/vilagoskek-opal-ezust-ekszerszett-letisztult-fenyjatek\\\/\",\"name\":\"Vil\u00e1gosk\u00e9k op\u00e1l ez\u00fcst \u00e9kszerszett \u2013 letisztult f\u00e9nyj\u00e1t\u00e9k | Drescher Jewellery\",\"isPartOf\":{\"@id\":\"https:\\\/\\\/drescherjewellery.com\\\/hu\\\/#website\"},\"primaryImageOfPage\":{\"@id\":\"https:\\\/\\\/drescherjewellery.com\\\/hu\\\/termek\\\/vilagoskek-opal-ezust-ekszerszett-letisztult-fenyjatek\\\/#primaryimage\"},\"image\":{\"@id\":\"https:\\\/\\\/drescherjewellery.com\\\/hu\\\/termek\\\/vilagoskek-opal-ezust-ekszerszett-letisztult-fenyjatek\\\/#primaryimage\"},\"thumbnailUrl\":\"https:\\\/\\\/drescherjewellery.com\\\/wp-content\\\/uploads\\\/2025\\\/07\\\/Vilagoskek-opal-ezust-ekszerszett-\u2013-letisztult-fenyjatek_2.jpg\",\"datePublished\":\"2025-07-28T09:14:28+00:00\",\"dateModified\":\"2026-02-21T00:51:07+00:00\",\"description\":\"Fedezd fel a leny\u0171g\u00f6z\u0151 Vil\u00e1gosk\u00e9k op\u00e1l ez\u00fcst \u00e9kszerszett \u2013 letisztult f\u00e9nyj\u00e1t\u00e9k \u00e9kszer\u00fcnket. T\u00f6k\u00e9letes kieg\u00e9sz\u00edt\u0151 mindennapi viselethez \u00e9s k\u00fcl\u00f6nleges alkalmakra egyar\u00e1nt. Rendeld meg most!\",\"breadcrumb\":{\"@id\":\"https:\\\/\\\/drescherjewellery.com\\\/hu\\\/termek\\\/vilagoskek-opal-ezust-ekszerszett-letisztult-fenyjatek\\\/#breadcrumb\"},\"inLanguage\":\"hu\",\"potentialAction\":[{\"@type\":\"ReadAction\",\"target\":[\"https:\\\/\\\/drescherjewellery.com\\\/hu\\\/termek\\\/vilagoskek-opal-ezust-ekszerszett-letisztult-fenyjatek\\\/\"]}]},{\"@type\":\"ImageObject\",\"inLanguage\":\"hu\",\"@id\":\"https:\\\/\\\/drescherjewellery.com\\\/hu\\\/termek\\\/vilagoskek-opal-ezust-ekszerszett-letisztult-fenyjatek\\\/#primaryimage\",\"url\":\"https:\\\/\\\/drescherjewellery.com\\\/wp-content\\\/uploads\\\/2025\\\/07\\\/Vilagoskek-opal-ezust-ekszerszett-\u2013-letisztult-fenyjatek_2.jpg\",\"contentUrl\":\"https:\\\/\\\/drescherjewellery.com\\\/wp-content\\\/uploads\\\/2025\\\/07\\\/Vilagoskek-opal-ezust-ekszerszett-\u2013-letisztult-fenyjatek_2.jpg\",\"width\":1340,\"height\":1785},{\"@type\":\"BreadcrumbList\",\"@id\":\"https:\\\/\\\/drescherjewellery.com\\\/hu\\\/termek\\\/vilagoskek-opal-ezust-ekszerszett-letisztult-fenyjatek\\\/#breadcrumb\",\"itemListElement\":[{\"@type\":\"ListItem\",\"position\":1,\"name\":\"Kezd\u0151lap\",\"item\":\"https:\\\/\\\/drescherjewellery.com\\\/hu\\\/\"},{\"@type\":\"ListItem\",\"position\":2,\"name\":\"Shop\",\"item\":\"https:\\\/\\\/drescherjewellery.com\\\/shop\\\/\"},{\"@type\":\"ListItem\",\"position\":3,\"name\":\"Vil\u00e1gosk\u00e9k op\u00e1l ez\u00fcst \u00e9kszerszett \u2013 letisztult f\u00e9nyj\u00e1t\u00e9k\"}]},{\"@type\":\"WebSite\",\"@id\":\"https:\\\/\\\/drescherjewellery.com\\\/hu\\\/#website\",\"url\":\"https:\\\/\\\/drescherjewellery.com\\\/hu\\\/\",\"name\":\"Drescher Jewellery\",\"description\":\"Tedd t\u00f6k\u00e9letesebb\u00e9 mindennapjaid a Drescher Jewellery \u00e9kszereivel.\",\"publisher\":{\"@id\":\"https:\\\/\\\/drescherjewellery.com\\\/hu\\\/#organization\"},\"alternateName\":\"Ez\u00fcst \u00c9kszer Web\u00e1ruh\u00e1z\",\"potentialAction\":[{\"@type\":\"SearchAction\",\"target\":{\"@type\":\"EntryPoint\",\"urlTemplate\":\"https:\\\/\\\/drescherjewellery.com\\\/hu\\\/?s={search_term_string}\"},\"query-input\":{\"@type\":\"PropertyValueSpecification\",\"valueRequired\":true,\"valueName\":\"search_term_string\"}}],\"inLanguage\":\"hu\"},{\"@type\":\"Organization\",\"@id\":\"https:\\\/\\\/drescherjewellery.com\\\/hu\\\/#organization\",\"name\":\"Drescher Jewellery\",\"url\":\"https:\\\/\\\/drescherjewellery.com\\\/hu\\\/\",\"logo\":{\"@type\":\"ImageObject\",\"inLanguage\":\"hu\",\"@id\":\"https:\\\/\\\/drescherjewellery.com\\\/hu\\\/#\\\/schema\\\/logo\\\/image\\\/\",\"url\":\"https:\\\/\\\/drescherjewellery.com\\\/wp-content\\\/uploads\\\/2026\\\/01\\\/Drescher-Jewellery-wpml.png\",\"contentUrl\":\"https:\\\/\\\/drescherjewellery.com\\\/wp-content\\\/uploads\\\/2026\\\/01\\\/Drescher-Jewellery-wpml.png\",\"width\":500,\"height\":500,\"caption\":\"Drescher Jewellery\"},\"image\":{\"@id\":\"https:\\\/\\\/drescherjewellery.com\\\/hu\\\/#\\\/schema\\\/logo\\\/image\\\/\"},\"sameAs\":[\"https:\\\/\\\/www.facebook.com\\\/drescherjewellery\",\"https:\\\/\\\/www.instagram.com\\\/drescherjewellery\",\"https:\\\/\\\/www.tiktok.com\\\/@drescherjewellery\"]}]}<\/script>\n<!-- \/ Yoast SEO Premium plugin. -->","yoast_head_json":{"title":"Vil\u00e1gosk\u00e9k op\u00e1l ez\u00fcst \u00e9kszerszett \u2013 letisztult f\u00e9nyj\u00e1t\u00e9k | Drescher Jewellery","description":"Fedezd fel a leny\u0171g\u00f6z\u0151 Vil\u00e1gosk\u00e9k op\u00e1l ez\u00fcst \u00e9kszerszett \u2013 letisztult f\u00e9nyj\u00e1t\u00e9k \u00e9kszer\u00fcnket. T\u00f6k\u00e9letes kieg\u00e9sz\u00edt\u0151 mindennapi viselethez \u00e9s k\u00fcl\u00f6nleges alkalmakra egyar\u00e1nt. Rendeld meg most!","robots":{"index":"index","follow":"follow","max-snippet":"max-snippet:-1","max-image-preview":"max-image-preview:large","max-video-preview":"max-video-preview:-1"},"canonical":"https:\/\/drescherjewellery.com\/hu\/termek\/vilagoskek-opal-ezust-ekszerszett-letisztult-fenyjatek\/","og_locale":"hu_HU","og_type":"article","og_title":"Vil\u00e1gosk\u00e9k op\u00e1l ez\u00fcst \u00e9kszerszett \u2013 letisztult f\u00e9nyj\u00e1t\u00e9k","og_description":"Fedezd fel a leny\u0171g\u00f6z\u0151 Vil\u00e1gosk\u00e9k op\u00e1l ez\u00fcst \u00e9kszerszett \u2013 letisztult f\u00e9nyj\u00e1t\u00e9k \u00e9kszer\u00fcnket. T\u00f6k\u00e9letes kieg\u00e9sz\u00edt\u0151 mindennapi viselethez \u00e9s k\u00fcl\u00f6nleges alkalmakra egyar\u00e1nt. Rendeld meg most!","og_url":"https:\/\/drescherjewellery.com\/hu\/termek\/vilagoskek-opal-ezust-ekszerszett-letisztult-fenyjatek\/","og_site_name":"Drescher Jewellery","article_publisher":"https:\/\/www.facebook.com\/drescherjewellery","article_modified_time":"2026-02-21T00:51:07+00:00","og_image":[{"width":1340,"height":1785,"url":"https:\/\/drescherjewellery.com\/wp-content\/uploads\/2025\/07\/Vilagoskek-opal-ezust-ekszerszett-\u2013-letisztult-fenyjatek_2.jpg","type":"image\/jpeg"}],"twitter_card":"summary_large_image","twitter_misc":{"Becs\u00fclt olvas\u00e1si id\u0151":"1 perc"},"schema":{"@context":"https:\/\/schema.org","@graph":[{"@type":"WebPage","@id":"https:\/\/drescherjewellery.com\/hu\/termek\/vilagoskek-opal-ezust-ekszerszett-letisztult-fenyjatek\/","url":"https:\/\/drescherjewellery.com\/hu\/termek\/vilagoskek-opal-ezust-ekszerszett-letisztult-fenyjatek\/","name":"Vil\u00e1gosk\u00e9k op\u00e1l ez\u00fcst \u00e9kszerszett \u2013 letisztult f\u00e9nyj\u00e1t\u00e9k | Drescher Jewellery","isPartOf":{"@id":"https:\/\/drescherjewellery.com\/hu\/#website"},"primaryImageOfPage":{"@id":"https:\/\/drescherjewellery.com\/hu\/termek\/vilagoskek-opal-ezust-ekszerszett-letisztult-fenyjatek\/#primaryimage"},"image":{"@id":"https:\/\/drescherjewellery.com\/hu\/termek\/vilagoskek-opal-ezust-ekszerszett-letisztult-fenyjatek\/#primaryimage"},"thumbnailUrl":"https:\/\/drescherjewellery.com\/wp-content\/uploads\/2025\/07\/Vilagoskek-opal-ezust-ekszerszett-\u2013-letisztult-fenyjatek_2.jpg","datePublished":"2025-07-28T09:14:28+00:00","dateModified":"2026-02-21T00:51:07+00:00","description":"Fedezd fel a leny\u0171g\u00f6z\u0151 Vil\u00e1gosk\u00e9k op\u00e1l ez\u00fcst \u00e9kszerszett \u2013 letisztult f\u00e9nyj\u00e1t\u00e9k \u00e9kszer\u00fcnket. T\u00f6k\u00e9letes kieg\u00e9sz\u00edt\u0151 mindennapi viselethez \u00e9s k\u00fcl\u00f6nleges alkalmakra egyar\u00e1nt. Rendeld meg most!","breadcrumb":{"@id":"https:\/\/drescherjewellery.com\/hu\/termek\/vilagoskek-opal-ezust-ekszerszett-letisztult-fenyjatek\/#breadcrumb"},"inLanguage":"hu","potentialAction":[{"@type":"ReadAction","target":["https:\/\/drescherjewellery.com\/hu\/termek\/vilagoskek-opal-ezust-ekszerszett-letisztult-fenyjatek\/"]}]},{"@type":"ImageObject","inLanguage":"hu","@id":"https:\/\/drescherjewellery.com\/hu\/termek\/vilagoskek-opal-ezust-ekszerszett-letisztult-fenyjatek\/#primaryimage","url":"https:\/\/drescherjewellery.com\/wp-content\/uploads\/2025\/07\/Vilagoskek-opal-ezust-ekszerszett-\u2013-letisztult-fenyjatek_2.jpg","contentUrl":"https:\/\/drescherjewellery.com\/wp-content\/uploads\/2025\/07\/Vilagoskek-opal-ezust-ekszerszett-\u2013-letisztult-fenyjatek_2.jpg","width":1340,"height":1785},{"@type":"BreadcrumbList","@id":"https:\/\/drescherjewellery.com\/hu\/termek\/vilagoskek-opal-ezust-ekszerszett-letisztult-fenyjatek\/#breadcrumb","itemListElement":[{"@type":"ListItem","position":1,"name":"Kezd\u0151lap","item":"https:\/\/drescherjewellery.com\/hu\/"},{"@type":"ListItem","position":2,"name":"Shop","item":"https:\/\/drescherjewellery.com\/shop\/"},{"@type":"ListItem","position":3,"name":"Vil\u00e1gosk\u00e9k op\u00e1l ez\u00fcst \u00e9kszerszett \u2013 letisztult f\u00e9nyj\u00e1t\u00e9k"}]},{"@type":"WebSite","@id":"https:\/\/drescherjewellery.com\/hu\/#website","url":"https:\/\/drescherjewellery.com\/hu\/","name":"Drescher Jewellery","description":"Tedd t\u00f6k\u00e9letesebb\u00e9 mindennapjaid a Drescher Jewellery \u00e9kszereivel.","publisher":{"@id":"https:\/\/drescherjewellery.com\/hu\/#organization"},"alternateName":"Ez\u00fcst \u00c9kszer Web\u00e1ruh\u00e1z","potentialAction":[{"@type":"SearchAction","target":{"@type":"EntryPoint","urlTemplate":"https:\/\/drescherjewellery.com\/hu\/?s={search_term_string}"},"query-input":{"@type":"PropertyValueSpecification","valueRequired":true,"valueName":"search_term_string"}}],"inLanguage":"hu"},{"@type":"Organization","@id":"https:\/\/drescherjewellery.com\/hu\/#organization","name":"Drescher Jewellery","url":"https:\/\/drescherjewellery.com\/hu\/","logo":{"@type":"ImageObject","inLanguage":"hu","@id":"https:\/\/drescherjewellery.com\/hu\/#\/schema\/logo\/image\/","url":"https:\/\/drescherjewellery.com\/wp-content\/uploads\/2026\/01\/Drescher-Jewellery-wpml.png","contentUrl":"https:\/\/drescherjewellery.com\/wp-content\/uploads\/2026\/01\/Drescher-Jewellery-wpml.png","width":500,"height":500,"caption":"Drescher Jewellery"},"image":{"@id":"https:\/\/drescherjewellery.com\/hu\/#\/schema\/logo\/image\/"},"sameAs":["https:\/\/www.facebook.com\/drescherjewellery","https:\/\/www.instagram.com\/drescherjewellery","https:\/\/www.tiktok.com\/@drescherjewellery"]}]}},"_links":{"self":[{"href":"https:\/\/drescherjewellery.com\/hu\/wp-json\/wp\/v2\/product\/107008","targetHints":{"allow":["GET"]}}],"collection":[{"href":"https:\/\/drescherjewellery.com\/hu\/wp-json\/wp\/v2\/product"}],"about":[{"href":"https:\/\/drescherjewellery.com\/hu\/wp-json\/wp\/v2\/types\/product"}],"version-history":[{"count":1,"href":"https:\/\/drescherjewellery.com\/hu\/wp-json\/wp\/v2\/product\/107008\/revisions"}],"predecessor-version":[{"id":119340,"href":"https:\/\/drescherjewellery.com\/hu\/wp-json\/wp\/v2\/product\/107008\/revisions\/119340"}],"wp:featuredmedia":[{"embeddable":true,"href":"https:\/\/drescherjewellery.com\/hu\/wp-json\/wp\/v2\/media\/107013"}],"wp:attachment":[{"href":"https:\/\/drescherjewellery.com\/hu\/wp-json\/wp\/v2\/media?parent=107008"}],"wp:term":[{"taxonomy":"product_brand","embeddable":true,"href":"https:\/\/drescherjewellery.com\/hu\/wp-json\/wp\/v2\/product_brand?post=107008"},{"taxonomy":"product_cat","embeddable":true,"href":"https:\/\/drescherjewellery.com\/hu\/wp-json\/wp\/v2\/product_cat?post=107008"},{"taxonomy":"product_tag","embeddable":true,"href":"https:\/\/drescherjewellery.com\/hu\/wp-json\/wp\/v2\/product_tag?post=107008"}],"curies":[{"name":"wp","href":"https:\/\/api.w.org\/{rel}","templated":true}]}}