{"id":107912,"date":"2025-09-05T22:11:16","date_gmt":"2025-09-05T20:11:16","guid":{"rendered":"https:\/\/dianasilver.hu\/?post_type=product&#038;p=107912"},"modified":"2026-02-21T01:51:30","modified_gmt":"2026-02-21T00:51:30","slug":"kor-alaku-cirkonia-ekszerszett-ragyogas-minden-pillanatban","status":"publish","type":"product","link":"https:\/\/drescherjewellery.com\/hu\/termek\/kor-alaku-cirkonia-ekszerszett-ragyogas-minden-pillanatban\/","title":{"rendered":"K\u00f6r alak\u00fa cirk\u00f3nia \u00e9kszerszett \u2013 ragyog\u00e1s minden pillanatban"},"content":{"rendered":"<h2 data-start=\"257\" data-end=\"563\">Ez a gy\u00f6ny\u00f6r\u0171 \u00e9kszerszett a <strong data-start=\"309\" data-end=\"365\">teljess\u00e9g, az egys\u00e9g \u00e9s az \u00f6r\u00f6kk\u00e9val\u00f3s\u00e1g szimb\u00f3lum\u00e1t<\/strong> hordozza mag\u00e1ban a k\u00f6r mot\u00edvum \u00e1ltal.<\/h2>\n<p data-start=\"257\" data-end=\"563\">A finoman kidolgozott f\u00fclbeval\u00f3k \u00e9s a med\u00e1l egyar\u00e1nt <strong data-start=\"457\" data-end=\"487\">csillog\u00f3 cirk\u00f3nia k\u00f6vekkel<\/strong> vannak kirakva, \u00edgy b\u00e1rmilyen \u00f6lt\u00f6zethez f\u00e9nyt \u00e9s ragyog\u00e1st k\u00f6lcs\u00f6n\u00f6znek.<\/p>\n<p data-start=\"565\" data-end=\"743\"><strong data-start=\"565\" data-end=\"597\">Mit szimboliz\u00e1l a k\u00f6r forma?<\/strong><br data-start=\"597\" data-end=\"600\" \/>\u2022 Az <strong data-start=\"605\" data-end=\"634\">\u00f6r\u00f6kk\u00e9val\u00f3s\u00e1g \u00e9s harm\u00f3nia<\/strong> jelk\u00e9pe.<br data-start=\"643\" data-end=\"646\" \/>\u2022 A <strong data-start=\"650\" data-end=\"673\">teljess\u00e9g \u00e9s egys\u00e9g<\/strong> szimb\u00f3luma.<br data-start=\"685\" data-end=\"688\" \/>\u2022 Mindig eleg\u00e1ns, klasszikus \u00e9s id\u0151n t\u00falmutat\u00f3 forma.<\/p>\n<p data-start=\"745\" data-end=\"1096\"><strong data-start=\"745\" data-end=\"784\">Mi\u00e9rt v\u00e1laszd ezt az \u00e9kszerszettet?<\/strong><br data-start=\"784\" data-end=\"787\" \/>\u2022 <strong data-start=\"789\" data-end=\"808\">AG 925 ez\u00fcstb\u0151l<\/strong> k\u00e9sz\u00fclt, <strong data-start=\"818\" data-end=\"839\">r\u00f3dium bevonattal<\/strong>, amely f\u00e9nyes, tart\u00f3s \u00e9s hipoallerg\u00e9n.<br data-start=\"878\" data-end=\"881\" \/>\u2022 A cirk\u00f3nia k\u00f6vek finom csillog\u00e1sa kiemeli a n\u0151iess\u00e9get.<br data-start=\"938\" data-end=\"941\" \/>\u2022 A f\u00fclbeval\u00f3k <strong data-start=\"956\" data-end=\"979\" data-is-only-node=\"\">stekeres z\u00e1r\u00f3d\u00e1s\u00faak<\/strong>, \u00edgy k\u00e9nyelmes \u00e9s biztons\u00e1gos viseletet biztos\u00edtanak.<br data-start=\"1033\" data-end=\"1036\" \/>\u2022 Klasszikus k\u00f6r design, amely b\u00e1rmilyen alkalomhoz illik.<\/p>\n<p data-start=\"1098\" data-end=\"1256\">\ud83d\udc96 Ez a k\u00fcl\u00f6nleges szett remek aj\u00e1nd\u00e9k lehet szeretteidnek, vagy \u00e9ppen saj\u00e1t \u00e9kszergy\u0171jtem\u00e9nyed eleg\u00e1ns darabja. V\u00e1laszd, \u00e9s t\u00fcnd\u00f6k\u00f6lj minden pillanatban! \u2728<\/p>\n","protected":false},"excerpt":{"rendered":"<p>Eleg\u00e1ns k\u00f6r form\u00e1j\u00fa \u00e9kszerszett, melyet apr\u00f3, csillog\u00f3 cirk\u00f3nia k\u00f6vek d\u00edsz\u00edtenek. T\u00f6k\u00e9letes v\u00e1laszt\u00e1s mindennapi viseletre \u00e9s k\u00fcl\u00f6nleges alkalmakra is. \u2728\ud83d\udc96<\/p>\n","protected":false},"featured_media":107931,"template":"","meta":[],"product_brand":[],"product_cat":[29],"product_tag":[513],"class_list":{"0":"post-107912","1":"product","2":"type-product","3":"status-publish","4":"has-post-thumbnail","6":"product_cat-ezust-ekszer-szett","7":"product_tag-noi-ezust-ekszerek","8":"description-off","10":"first","11":"instock","12":"taxable","13":"shipping-taxable","14":"purchasable","15":"product-type-simple"},"yoast_head":"<!-- This site is optimized with the Yoast SEO Premium plugin v26.8 (Yoast SEO v27.4) - https:\/\/yoast.com\/product\/yoast-seo-premium-wordpress\/ -->\n<title>K\u00f6r alak\u00fa cirk\u00f3nia \u00e9kszerszett \u2013 ragyog\u00e1s minden pillanatban | Drescher Jewellery<\/title>\n<meta name=\"description\" content=\"Fedezd fel a leny\u0171g\u00f6z\u0151 K\u00f6r alak\u00fa cirk\u00f3nia \u00e9kszerszett \u2013 ragyog\u00e1s minden pillanatban \u00e9kszer\u00fcnket. T\u00f6k\u00e9letes kieg\u00e9sz\u00edt\u0151 mindennapi viselethez \u00e9s k\u00fcl\u00f6nleges alkalmakra egyar\u00e1nt. Rendeld meg most!\" \/>\n<meta name=\"robots\" content=\"index, follow, max-snippet:-1, max-image-preview:large, max-video-preview:-1\" \/>\n<link rel=\"canonical\" href=\"https:\/\/drescherjewellery.com\/hu\/termek\/kor-alaku-cirkonia-ekszerszett-ragyogas-minden-pillanatban\/\" \/>\n<meta property=\"og:locale\" content=\"hu_HU\" \/>\n<meta property=\"og:type\" content=\"article\" \/>\n<meta property=\"og:title\" content=\"K\u00f6r alak\u00fa cirk\u00f3nia \u00e9kszerszett \u2013 ragyog\u00e1s minden pillanatban\" \/>\n<meta property=\"og:description\" content=\"Fedezd fel a leny\u0171g\u00f6z\u0151 K\u00f6r alak\u00fa cirk\u00f3nia \u00e9kszerszett \u2013 ragyog\u00e1s minden pillanatban \u00e9kszer\u00fcnket. T\u00f6k\u00e9letes kieg\u00e9sz\u00edt\u0151 mindennapi viselethez \u00e9s k\u00fcl\u00f6nleges alkalmakra egyar\u00e1nt. Rendeld meg most!\" \/>\n<meta property=\"og:url\" content=\"https:\/\/drescherjewellery.com\/hu\/termek\/kor-alaku-cirkonia-ekszerszett-ragyogas-minden-pillanatban\/\" \/>\n<meta property=\"og:site_name\" content=\"Drescher Jewellery\" \/>\n<meta property=\"article:publisher\" content=\"https:\/\/www.facebook.com\/drescherjewellery\" \/>\n<meta property=\"article:modified_time\" content=\"2026-02-21T00:51:30+00:00\" \/>\n<meta property=\"og:image\" content=\"https:\/\/drescherjewellery.com\/wp-content\/uploads\/2025\/09\/Kor-alaku-cirkonia-ekszerszett_2.jpg\" \/>\n\t<meta property=\"og:image:width\" content=\"1340\" \/>\n\t<meta property=\"og:image:height\" content=\"1785\" \/>\n\t<meta property=\"og:image:type\" content=\"image\/jpeg\" \/>\n<meta name=\"twitter:card\" content=\"summary_large_image\" \/>\n<meta name=\"twitter:label1\" content=\"Becs\u00fclt olvas\u00e1si id\u0151\" \/>\n\t<meta name=\"twitter:data1\" content=\"1 perc\" \/>\n<script type=\"application\/ld+json\" class=\"yoast-schema-graph\">{\"@context\":\"https:\\\/\\\/schema.org\",\"@graph\":[{\"@type\":\"WebPage\",\"@id\":\"https:\\\/\\\/drescherjewellery.com\\\/hu\\\/termek\\\/kor-alaku-cirkonia-ekszerszett-ragyogas-minden-pillanatban\\\/\",\"url\":\"https:\\\/\\\/drescherjewellery.com\\\/hu\\\/termek\\\/kor-alaku-cirkonia-ekszerszett-ragyogas-minden-pillanatban\\\/\",\"name\":\"K\u00f6r alak\u00fa cirk\u00f3nia \u00e9kszerszett \u2013 ragyog\u00e1s minden pillanatban | Drescher Jewellery\",\"isPartOf\":{\"@id\":\"https:\\\/\\\/drescherjewellery.com\\\/hu\\\/#website\"},\"primaryImageOfPage\":{\"@id\":\"https:\\\/\\\/drescherjewellery.com\\\/hu\\\/termek\\\/kor-alaku-cirkonia-ekszerszett-ragyogas-minden-pillanatban\\\/#primaryimage\"},\"image\":{\"@id\":\"https:\\\/\\\/drescherjewellery.com\\\/hu\\\/termek\\\/kor-alaku-cirkonia-ekszerszett-ragyogas-minden-pillanatban\\\/#primaryimage\"},\"thumbnailUrl\":\"https:\\\/\\\/drescherjewellery.com\\\/wp-content\\\/uploads\\\/2025\\\/09\\\/Kor-alaku-cirkonia-ekszerszett_2.jpg\",\"datePublished\":\"2025-09-05T20:11:16+00:00\",\"dateModified\":\"2026-02-21T00:51:30+00:00\",\"description\":\"Fedezd fel a leny\u0171g\u00f6z\u0151 K\u00f6r alak\u00fa cirk\u00f3nia \u00e9kszerszett \u2013 ragyog\u00e1s minden pillanatban \u00e9kszer\u00fcnket. T\u00f6k\u00e9letes kieg\u00e9sz\u00edt\u0151 mindennapi viselethez \u00e9s k\u00fcl\u00f6nleges alkalmakra egyar\u00e1nt. Rendeld meg most!\",\"breadcrumb\":{\"@id\":\"https:\\\/\\\/drescherjewellery.com\\\/hu\\\/termek\\\/kor-alaku-cirkonia-ekszerszett-ragyogas-minden-pillanatban\\\/#breadcrumb\"},\"inLanguage\":\"hu\",\"potentialAction\":[{\"@type\":\"ReadAction\",\"target\":[\"https:\\\/\\\/drescherjewellery.com\\\/hu\\\/termek\\\/kor-alaku-cirkonia-ekszerszett-ragyogas-minden-pillanatban\\\/\"]}]},{\"@type\":\"ImageObject\",\"inLanguage\":\"hu\",\"@id\":\"https:\\\/\\\/drescherjewellery.com\\\/hu\\\/termek\\\/kor-alaku-cirkonia-ekszerszett-ragyogas-minden-pillanatban\\\/#primaryimage\",\"url\":\"https:\\\/\\\/drescherjewellery.com\\\/wp-content\\\/uploads\\\/2025\\\/09\\\/Kor-alaku-cirkonia-ekszerszett_2.jpg\",\"contentUrl\":\"https:\\\/\\\/drescherjewellery.com\\\/wp-content\\\/uploads\\\/2025\\\/09\\\/Kor-alaku-cirkonia-ekszerszett_2.jpg\",\"width\":1340,\"height\":1785},{\"@type\":\"BreadcrumbList\",\"@id\":\"https:\\\/\\\/drescherjewellery.com\\\/hu\\\/termek\\\/kor-alaku-cirkonia-ekszerszett-ragyogas-minden-pillanatban\\\/#breadcrumb\",\"itemListElement\":[{\"@type\":\"ListItem\",\"position\":1,\"name\":\"Kezd\u0151lap\",\"item\":\"https:\\\/\\\/drescherjewellery.com\\\/hu\\\/\"},{\"@type\":\"ListItem\",\"position\":2,\"name\":\"Shop\",\"item\":\"https:\\\/\\\/drescherjewellery.com\\\/shop\\\/\"},{\"@type\":\"ListItem\",\"position\":3,\"name\":\"K\u00f6r alak\u00fa cirk\u00f3nia \u00e9kszerszett \u2013 ragyog\u00e1s minden pillanatban\"}]},{\"@type\":\"WebSite\",\"@id\":\"https:\\\/\\\/drescherjewellery.com\\\/hu\\\/#website\",\"url\":\"https:\\\/\\\/drescherjewellery.com\\\/hu\\\/\",\"name\":\"Drescher Jewellery\",\"description\":\"Tedd t\u00f6k\u00e9letesebb\u00e9 mindennapjaid a Drescher Jewellery \u00e9kszereivel.\",\"publisher\":{\"@id\":\"https:\\\/\\\/drescherjewellery.com\\\/hu\\\/#organization\"},\"alternateName\":\"Ez\u00fcst \u00c9kszer Web\u00e1ruh\u00e1z\",\"potentialAction\":[{\"@type\":\"SearchAction\",\"target\":{\"@type\":\"EntryPoint\",\"urlTemplate\":\"https:\\\/\\\/drescherjewellery.com\\\/hu\\\/?s={search_term_string}\"},\"query-input\":{\"@type\":\"PropertyValueSpecification\",\"valueRequired\":true,\"valueName\":\"search_term_string\"}}],\"inLanguage\":\"hu\"},{\"@type\":\"Organization\",\"@id\":\"https:\\\/\\\/drescherjewellery.com\\\/hu\\\/#organization\",\"name\":\"Drescher Jewellery\",\"url\":\"https:\\\/\\\/drescherjewellery.com\\\/hu\\\/\",\"logo\":{\"@type\":\"ImageObject\",\"inLanguage\":\"hu\",\"@id\":\"https:\\\/\\\/drescherjewellery.com\\\/hu\\\/#\\\/schema\\\/logo\\\/image\\\/\",\"url\":\"https:\\\/\\\/drescherjewellery.com\\\/wp-content\\\/uploads\\\/2026\\\/01\\\/Drescher-Jewellery-wpml.png\",\"contentUrl\":\"https:\\\/\\\/drescherjewellery.com\\\/wp-content\\\/uploads\\\/2026\\\/01\\\/Drescher-Jewellery-wpml.png\",\"width\":500,\"height\":500,\"caption\":\"Drescher Jewellery\"},\"image\":{\"@id\":\"https:\\\/\\\/drescherjewellery.com\\\/hu\\\/#\\\/schema\\\/logo\\\/image\\\/\"},\"sameAs\":[\"https:\\\/\\\/www.facebook.com\\\/drescherjewellery\",\"https:\\\/\\\/www.instagram.com\\\/drescherjewellery\",\"https:\\\/\\\/www.tiktok.com\\\/@drescherjewellery\"]}]}<\/script>\n<!-- \/ Yoast SEO Premium plugin. -->","yoast_head_json":{"title":"K\u00f6r alak\u00fa cirk\u00f3nia \u00e9kszerszett \u2013 ragyog\u00e1s minden pillanatban | Drescher Jewellery","description":"Fedezd fel a leny\u0171g\u00f6z\u0151 K\u00f6r alak\u00fa cirk\u00f3nia \u00e9kszerszett \u2013 ragyog\u00e1s minden pillanatban \u00e9kszer\u00fcnket. T\u00f6k\u00e9letes kieg\u00e9sz\u00edt\u0151 mindennapi viselethez \u00e9s k\u00fcl\u00f6nleges alkalmakra egyar\u00e1nt. Rendeld meg most!","robots":{"index":"index","follow":"follow","max-snippet":"max-snippet:-1","max-image-preview":"max-image-preview:large","max-video-preview":"max-video-preview:-1"},"canonical":"https:\/\/drescherjewellery.com\/hu\/termek\/kor-alaku-cirkonia-ekszerszett-ragyogas-minden-pillanatban\/","og_locale":"hu_HU","og_type":"article","og_title":"K\u00f6r alak\u00fa cirk\u00f3nia \u00e9kszerszett \u2013 ragyog\u00e1s minden pillanatban","og_description":"Fedezd fel a leny\u0171g\u00f6z\u0151 K\u00f6r alak\u00fa cirk\u00f3nia \u00e9kszerszett \u2013 ragyog\u00e1s minden pillanatban \u00e9kszer\u00fcnket. T\u00f6k\u00e9letes kieg\u00e9sz\u00edt\u0151 mindennapi viselethez \u00e9s k\u00fcl\u00f6nleges alkalmakra egyar\u00e1nt. Rendeld meg most!","og_url":"https:\/\/drescherjewellery.com\/hu\/termek\/kor-alaku-cirkonia-ekszerszett-ragyogas-minden-pillanatban\/","og_site_name":"Drescher Jewellery","article_publisher":"https:\/\/www.facebook.com\/drescherjewellery","article_modified_time":"2026-02-21T00:51:30+00:00","og_image":[{"width":1340,"height":1785,"url":"https:\/\/drescherjewellery.com\/wp-content\/uploads\/2025\/09\/Kor-alaku-cirkonia-ekszerszett_2.jpg","type":"image\/jpeg"}],"twitter_card":"summary_large_image","twitter_misc":{"Becs\u00fclt olvas\u00e1si id\u0151":"1 perc"},"schema":{"@context":"https:\/\/schema.org","@graph":[{"@type":"WebPage","@id":"https:\/\/drescherjewellery.com\/hu\/termek\/kor-alaku-cirkonia-ekszerszett-ragyogas-minden-pillanatban\/","url":"https:\/\/drescherjewellery.com\/hu\/termek\/kor-alaku-cirkonia-ekszerszett-ragyogas-minden-pillanatban\/","name":"K\u00f6r alak\u00fa cirk\u00f3nia \u00e9kszerszett \u2013 ragyog\u00e1s minden pillanatban | Drescher Jewellery","isPartOf":{"@id":"https:\/\/drescherjewellery.com\/hu\/#website"},"primaryImageOfPage":{"@id":"https:\/\/drescherjewellery.com\/hu\/termek\/kor-alaku-cirkonia-ekszerszett-ragyogas-minden-pillanatban\/#primaryimage"},"image":{"@id":"https:\/\/drescherjewellery.com\/hu\/termek\/kor-alaku-cirkonia-ekszerszett-ragyogas-minden-pillanatban\/#primaryimage"},"thumbnailUrl":"https:\/\/drescherjewellery.com\/wp-content\/uploads\/2025\/09\/Kor-alaku-cirkonia-ekszerszett_2.jpg","datePublished":"2025-09-05T20:11:16+00:00","dateModified":"2026-02-21T00:51:30+00:00","description":"Fedezd fel a leny\u0171g\u00f6z\u0151 K\u00f6r alak\u00fa cirk\u00f3nia \u00e9kszerszett \u2013 ragyog\u00e1s minden pillanatban \u00e9kszer\u00fcnket. T\u00f6k\u00e9letes kieg\u00e9sz\u00edt\u0151 mindennapi viselethez \u00e9s k\u00fcl\u00f6nleges alkalmakra egyar\u00e1nt. Rendeld meg most!","breadcrumb":{"@id":"https:\/\/drescherjewellery.com\/hu\/termek\/kor-alaku-cirkonia-ekszerszett-ragyogas-minden-pillanatban\/#breadcrumb"},"inLanguage":"hu","potentialAction":[{"@type":"ReadAction","target":["https:\/\/drescherjewellery.com\/hu\/termek\/kor-alaku-cirkonia-ekszerszett-ragyogas-minden-pillanatban\/"]}]},{"@type":"ImageObject","inLanguage":"hu","@id":"https:\/\/drescherjewellery.com\/hu\/termek\/kor-alaku-cirkonia-ekszerszett-ragyogas-minden-pillanatban\/#primaryimage","url":"https:\/\/drescherjewellery.com\/wp-content\/uploads\/2025\/09\/Kor-alaku-cirkonia-ekszerszett_2.jpg","contentUrl":"https:\/\/drescherjewellery.com\/wp-content\/uploads\/2025\/09\/Kor-alaku-cirkonia-ekszerszett_2.jpg","width":1340,"height":1785},{"@type":"BreadcrumbList","@id":"https:\/\/drescherjewellery.com\/hu\/termek\/kor-alaku-cirkonia-ekszerszett-ragyogas-minden-pillanatban\/#breadcrumb","itemListElement":[{"@type":"ListItem","position":1,"name":"Kezd\u0151lap","item":"https:\/\/drescherjewellery.com\/hu\/"},{"@type":"ListItem","position":2,"name":"Shop","item":"https:\/\/drescherjewellery.com\/shop\/"},{"@type":"ListItem","position":3,"name":"K\u00f6r alak\u00fa cirk\u00f3nia \u00e9kszerszett \u2013 ragyog\u00e1s minden pillanatban"}]},{"@type":"WebSite","@id":"https:\/\/drescherjewellery.com\/hu\/#website","url":"https:\/\/drescherjewellery.com\/hu\/","name":"Drescher Jewellery","description":"Tedd t\u00f6k\u00e9letesebb\u00e9 mindennapjaid a Drescher Jewellery \u00e9kszereivel.","publisher":{"@id":"https:\/\/drescherjewellery.com\/hu\/#organization"},"alternateName":"Ez\u00fcst \u00c9kszer Web\u00e1ruh\u00e1z","potentialAction":[{"@type":"SearchAction","target":{"@type":"EntryPoint","urlTemplate":"https:\/\/drescherjewellery.com\/hu\/?s={search_term_string}"},"query-input":{"@type":"PropertyValueSpecification","valueRequired":true,"valueName":"search_term_string"}}],"inLanguage":"hu"},{"@type":"Organization","@id":"https:\/\/drescherjewellery.com\/hu\/#organization","name":"Drescher Jewellery","url":"https:\/\/drescherjewellery.com\/hu\/","logo":{"@type":"ImageObject","inLanguage":"hu","@id":"https:\/\/drescherjewellery.com\/hu\/#\/schema\/logo\/image\/","url":"https:\/\/drescherjewellery.com\/wp-content\/uploads\/2026\/01\/Drescher-Jewellery-wpml.png","contentUrl":"https:\/\/drescherjewellery.com\/wp-content\/uploads\/2026\/01\/Drescher-Jewellery-wpml.png","width":500,"height":500,"caption":"Drescher Jewellery"},"image":{"@id":"https:\/\/drescherjewellery.com\/hu\/#\/schema\/logo\/image\/"},"sameAs":["https:\/\/www.facebook.com\/drescherjewellery","https:\/\/www.instagram.com\/drescherjewellery","https:\/\/www.tiktok.com\/@drescherjewellery"]}]}},"_links":{"self":[{"href":"https:\/\/drescherjewellery.com\/hu\/wp-json\/wp\/v2\/product\/107912","targetHints":{"allow":["GET"]}}],"collection":[{"href":"https:\/\/drescherjewellery.com\/hu\/wp-json\/wp\/v2\/product"}],"about":[{"href":"https:\/\/drescherjewellery.com\/hu\/wp-json\/wp\/v2\/types\/product"}],"version-history":[{"count":1,"href":"https:\/\/drescherjewellery.com\/hu\/wp-json\/wp\/v2\/product\/107912\/revisions"}],"predecessor-version":[{"id":119359,"href":"https:\/\/drescherjewellery.com\/hu\/wp-json\/wp\/v2\/product\/107912\/revisions\/119359"}],"wp:featuredmedia":[{"embeddable":true,"href":"https:\/\/drescherjewellery.com\/hu\/wp-json\/wp\/v2\/media\/107931"}],"wp:attachment":[{"href":"https:\/\/drescherjewellery.com\/hu\/wp-json\/wp\/v2\/media?parent=107912"}],"wp:term":[{"taxonomy":"product_brand","embeddable":true,"href":"https:\/\/drescherjewellery.com\/hu\/wp-json\/wp\/v2\/product_brand?post=107912"},{"taxonomy":"product_cat","embeddable":true,"href":"https:\/\/drescherjewellery.com\/hu\/wp-json\/wp\/v2\/product_cat?post=107912"},{"taxonomy":"product_tag","embeddable":true,"href":"https:\/\/drescherjewellery.com\/hu\/wp-json\/wp\/v2\/product_tag?post=107912"}],"curies":[{"name":"wp","href":"https:\/\/api.w.org\/{rel}","templated":true}]}}