{"id":107958,"date":"2025-09-05T22:44:14","date_gmt":"2025-09-05T20:44:14","guid":{"rendered":"https:\/\/dianasilver.hu\/?post_type=product&#038;p=107958"},"modified":"2026-02-21T01:51:31","modified_gmt":"2026-02-21T00:51:31","slug":"kor-alaku-fukszia-piros-koves-ekszerszett-ero-es-elegancia","status":"publish","type":"product","link":"https:\/\/drescherjewellery.com\/hu\/termek\/kor-alaku-fukszia-piros-koves-ekszerszett-ero-es-elegancia\/","title":{"rendered":"K\u00f6r alak\u00fa fukszia piros k\u00f6ves \u00e9kszerszett \u2013 er\u0151 \u00e9s elegancia"},"content":{"rendered":"<h2 data-start=\"482\" data-end=\"733\">Ez a k\u00f6r alak\u00fa fukszia piros k\u00f6ves \u00e9kszerszett a <strong data-start=\"555\" data-end=\"592\">teljess\u00e9g \u00e9s harm\u00f3nia szimb\u00f3lum\u00e1t<\/strong> egyes\u00edti a pirosas \u00e1rnyalat t\u00fczes erej\u00e9vel.<\/h2>\n<p data-start=\"482\" data-end=\"733\">A szett nyakl\u00e1ncb\u00f3l \u00e9s stekkeres f\u00fclbeval\u00f3b\u00f3l \u00e1ll, mely minden alkalmat \u00fcnnep\u00e9lyess\u00e9 var\u00e1zsol.<\/p>\n<p data-start=\"735\" data-end=\"997\"><strong data-start=\"735\" data-end=\"785\">Mit szimboliz\u00e1l a k\u00f6r \u00e9s a fukszia piros sz\u00edn?<\/strong><br data-start=\"785\" data-end=\"788\" \/>\u2022 A k\u00f6r a <strong data-start=\"798\" data-end=\"838\">v\u00e9gtelens\u00e9g, egys\u00e9g \u00e9s \u00f6sszetartoz\u00e1s<\/strong> jelk\u00e9pe.<br data-start=\"847\" data-end=\"850\" \/>\u2022 A fukszia piros a <strong data-start=\"870\" data-end=\"909\">szenved\u00e9lyt, b\u00e1tors\u00e1got \u00e9s \u00e9leter\u0151t<\/strong> sug\u00e1rozza.<br data-start=\"920\" data-end=\"923\" \/>\u2022 Egy\u00fctt a magabiztos n\u0151i energi\u00e1k \u00e9s a harm\u00f3nia \u00f6sszhangj\u00e1t fejezik ki.<\/p>\n<p data-start=\"999\" data-end=\"1419\"><strong data-start=\"999\" data-end=\"1038\">Mi\u00e9rt v\u00e1laszd ezt az \u00e9kszerszettet?<\/strong><br data-start=\"1038\" data-end=\"1041\" \/>\u2022 K\u00e9sz\u00fclt <strong data-start=\"1051\" data-end=\"1089\">AG 925 ez\u00fcstb\u0151l, r\u00f3dium bevonattal<\/strong>, amely extra v\u00e9delmet \u00e9s csillog\u00e1st biztos\u00edt.<br data-start=\"1135\" data-end=\"1138\" \/>\u2022 D\u00edsz\u00edt\u00e9se: k\u00fcl\u00f6nleges <strong data-start=\"1162\" data-end=\"1185\">fukszia piros k\u00f6vek<\/strong>, melyek er\u0151teljes, karakteres hat\u00e1st keltenek.<br data-start=\"1232\" data-end=\"1235\" \/>\u2022 A f\u00fclbeval\u00f3k <strong data-start=\"1250\" data-end=\"1273\">stekeres z\u00e1r\u00f3d\u00e1ssal<\/strong> k\u00e9sz\u00fclnek a k\u00e9nyelmes \u00e9s biztons\u00e1gos viselet \u00e9rdek\u00e9ben.<br data-start=\"1329\" data-end=\"1332\" \/>\u2022 K\u00f6r alak\u00fa, modern design, amely a klasszikus eleganci\u00e1t \u00f6tv\u00f6zi a vibr\u00e1l\u00f3 sz\u00ednekkel.<\/p>\n<p data-start=\"1421\" data-end=\"1577\">\u2764\ufe0f Tedd egyediv\u00e9 megjelen\u00e9sed ezzel a k\u00fcl\u00f6nleges szettel, amely energi\u00e1t \u00e9s kifinomult st\u00edlust sug\u00e1roz! Rendeld meg most, \u00e9s ragyogj minden pillanatban! \u2728<\/p>\n","protected":false},"excerpt":{"rendered":"<p data-start=\"303\" data-end=\"475\">St\u00edlusos k\u00f6r alak\u00fa \u00e9kszerszett ragyog\u00f3 fukszia piros k\u00f6vekkel. T\u00f6k\u00e9letes v\u00e1laszt\u00e1s, ha k\u00fcl\u00f6nleges energi\u00e1t \u00e9s szenved\u00e9lyes megjelen\u00e9st keresel. \ud83d\udc8e\ud83d\udd25<\/p>\n","protected":false},"featured_media":107965,"template":"","meta":[],"product_brand":[],"product_cat":[29],"product_tag":[513,533],"class_list":{"0":"post-107958","1":"product","2":"type-product","3":"status-publish","4":"has-post-thumbnail","6":"product_cat-ezust-ekszer-szett","7":"product_tag-noi-ezust-ekszerek","8":"product_tag-szines","9":"description-off","11":"first","12":"instock","13":"taxable","14":"shipping-taxable","15":"purchasable","16":"product-type-simple"},"yoast_head":"<!-- This site is optimized with the Yoast SEO Premium plugin v26.8 (Yoast SEO v27.4) - https:\/\/yoast.com\/product\/yoast-seo-premium-wordpress\/ -->\n<title>K\u00f6r alak\u00fa fukszia piros k\u00f6ves \u00e9kszerszett \u2013 er\u0151 \u00e9s elegancia | Drescher Jewellery<\/title>\n<meta name=\"description\" content=\"Fedezd fel a leny\u0171g\u00f6z\u0151 K\u00f6r alak\u00fa fukszia piros k\u00f6ves \u00e9kszerszett \u2013 er\u0151 \u00e9s elegancia \u00e9kszer\u00fcnket. T\u00f6k\u00e9letes kieg\u00e9sz\u00edt\u0151 mindennapi viselethez \u00e9s k\u00fcl\u00f6nleges alkalmakra egyar\u00e1nt. Rendeld meg most!\" \/>\n<meta name=\"robots\" content=\"index, follow, max-snippet:-1, max-image-preview:large, max-video-preview:-1\" \/>\n<link rel=\"canonical\" href=\"https:\/\/drescherjewellery.com\/hu\/termek\/kor-alaku-fukszia-piros-koves-ekszerszett-ero-es-elegancia\/\" \/>\n<meta property=\"og:locale\" content=\"hu_HU\" \/>\n<meta property=\"og:type\" content=\"article\" \/>\n<meta property=\"og:title\" content=\"K\u00f6r alak\u00fa fukszia piros k\u00f6ves \u00e9kszerszett \u2013 er\u0151 \u00e9s elegancia\" \/>\n<meta property=\"og:description\" content=\"Fedezd fel a leny\u0171g\u00f6z\u0151 K\u00f6r alak\u00fa fukszia piros k\u00f6ves \u00e9kszerszett \u2013 er\u0151 \u00e9s elegancia \u00e9kszer\u00fcnket. T\u00f6k\u00e9letes kieg\u00e9sz\u00edt\u0151 mindennapi viselethez \u00e9s k\u00fcl\u00f6nleges alkalmakra egyar\u00e1nt. Rendeld meg most!\" \/>\n<meta property=\"og:url\" content=\"https:\/\/drescherjewellery.com\/hu\/termek\/kor-alaku-fukszia-piros-koves-ekszerszett-ero-es-elegancia\/\" \/>\n<meta property=\"og:site_name\" content=\"Drescher Jewellery\" \/>\n<meta property=\"article:publisher\" content=\"https:\/\/www.facebook.com\/drescherjewellery\" \/>\n<meta property=\"article:modified_time\" content=\"2026-02-21T00:51:31+00:00\" \/>\n<meta property=\"og:image\" content=\"https:\/\/drescherjewellery.com\/wp-content\/uploads\/2025\/09\/Kor-alaku-fukszia-piros-koves-ekszerszett_2.jpg\" \/>\n\t<meta property=\"og:image:width\" content=\"1340\" \/>\n\t<meta property=\"og:image:height\" content=\"1785\" \/>\n\t<meta property=\"og:image:type\" content=\"image\/jpeg\" \/>\n<meta name=\"twitter:card\" content=\"summary_large_image\" \/>\n<meta name=\"twitter:label1\" content=\"Becs\u00fclt olvas\u00e1si id\u0151\" \/>\n\t<meta name=\"twitter:data1\" content=\"2 perc\" \/>\n<script type=\"application\/ld+json\" class=\"yoast-schema-graph\">{\"@context\":\"https:\\\/\\\/schema.org\",\"@graph\":[{\"@type\":\"WebPage\",\"@id\":\"https:\\\/\\\/drescherjewellery.com\\\/hu\\\/termek\\\/kor-alaku-fukszia-piros-koves-ekszerszett-ero-es-elegancia\\\/\",\"url\":\"https:\\\/\\\/drescherjewellery.com\\\/hu\\\/termek\\\/kor-alaku-fukszia-piros-koves-ekszerszett-ero-es-elegancia\\\/\",\"name\":\"K\u00f6r alak\u00fa fukszia piros k\u00f6ves \u00e9kszerszett \u2013 er\u0151 \u00e9s elegancia | Drescher Jewellery\",\"isPartOf\":{\"@id\":\"https:\\\/\\\/drescherjewellery.com\\\/hu\\\/#website\"},\"primaryImageOfPage\":{\"@id\":\"https:\\\/\\\/drescherjewellery.com\\\/hu\\\/termek\\\/kor-alaku-fukszia-piros-koves-ekszerszett-ero-es-elegancia\\\/#primaryimage\"},\"image\":{\"@id\":\"https:\\\/\\\/drescherjewellery.com\\\/hu\\\/termek\\\/kor-alaku-fukszia-piros-koves-ekszerszett-ero-es-elegancia\\\/#primaryimage\"},\"thumbnailUrl\":\"https:\\\/\\\/drescherjewellery.com\\\/wp-content\\\/uploads\\\/2025\\\/09\\\/Kor-alaku-fukszia-piros-koves-ekszerszett_2.jpg\",\"datePublished\":\"2025-09-05T20:44:14+00:00\",\"dateModified\":\"2026-02-21T00:51:31+00:00\",\"description\":\"Fedezd fel a leny\u0171g\u00f6z\u0151 K\u00f6r alak\u00fa fukszia piros k\u00f6ves \u00e9kszerszett \u2013 er\u0151 \u00e9s elegancia \u00e9kszer\u00fcnket. T\u00f6k\u00e9letes kieg\u00e9sz\u00edt\u0151 mindennapi viselethez \u00e9s k\u00fcl\u00f6nleges alkalmakra egyar\u00e1nt. Rendeld meg most!\",\"breadcrumb\":{\"@id\":\"https:\\\/\\\/drescherjewellery.com\\\/hu\\\/termek\\\/kor-alaku-fukszia-piros-koves-ekszerszett-ero-es-elegancia\\\/#breadcrumb\"},\"inLanguage\":\"hu\",\"potentialAction\":[{\"@type\":\"ReadAction\",\"target\":[\"https:\\\/\\\/drescherjewellery.com\\\/hu\\\/termek\\\/kor-alaku-fukszia-piros-koves-ekszerszett-ero-es-elegancia\\\/\"]}]},{\"@type\":\"ImageObject\",\"inLanguage\":\"hu\",\"@id\":\"https:\\\/\\\/drescherjewellery.com\\\/hu\\\/termek\\\/kor-alaku-fukszia-piros-koves-ekszerszett-ero-es-elegancia\\\/#primaryimage\",\"url\":\"https:\\\/\\\/drescherjewellery.com\\\/wp-content\\\/uploads\\\/2025\\\/09\\\/Kor-alaku-fukszia-piros-koves-ekszerszett_2.jpg\",\"contentUrl\":\"https:\\\/\\\/drescherjewellery.com\\\/wp-content\\\/uploads\\\/2025\\\/09\\\/Kor-alaku-fukszia-piros-koves-ekszerszett_2.jpg\",\"width\":1340,\"height\":1785},{\"@type\":\"BreadcrumbList\",\"@id\":\"https:\\\/\\\/drescherjewellery.com\\\/hu\\\/termek\\\/kor-alaku-fukszia-piros-koves-ekszerszett-ero-es-elegancia\\\/#breadcrumb\",\"itemListElement\":[{\"@type\":\"ListItem\",\"position\":1,\"name\":\"Kezd\u0151lap\",\"item\":\"https:\\\/\\\/drescherjewellery.com\\\/hu\\\/\"},{\"@type\":\"ListItem\",\"position\":2,\"name\":\"Shop\",\"item\":\"https:\\\/\\\/drescherjewellery.com\\\/shop\\\/\"},{\"@type\":\"ListItem\",\"position\":3,\"name\":\"K\u00f6r alak\u00fa fukszia piros k\u00f6ves \u00e9kszerszett \u2013 er\u0151 \u00e9s elegancia\"}]},{\"@type\":\"WebSite\",\"@id\":\"https:\\\/\\\/drescherjewellery.com\\\/hu\\\/#website\",\"url\":\"https:\\\/\\\/drescherjewellery.com\\\/hu\\\/\",\"name\":\"Drescher Jewellery\",\"description\":\"Tedd t\u00f6k\u00e9letesebb\u00e9 mindennapjaid a Drescher Jewellery \u00e9kszereivel.\",\"publisher\":{\"@id\":\"https:\\\/\\\/drescherjewellery.com\\\/hu\\\/#organization\"},\"alternateName\":\"Ez\u00fcst \u00c9kszer Web\u00e1ruh\u00e1z\",\"potentialAction\":[{\"@type\":\"SearchAction\",\"target\":{\"@type\":\"EntryPoint\",\"urlTemplate\":\"https:\\\/\\\/drescherjewellery.com\\\/hu\\\/?s={search_term_string}\"},\"query-input\":{\"@type\":\"PropertyValueSpecification\",\"valueRequired\":true,\"valueName\":\"search_term_string\"}}],\"inLanguage\":\"hu\"},{\"@type\":\"Organization\",\"@id\":\"https:\\\/\\\/drescherjewellery.com\\\/hu\\\/#organization\",\"name\":\"Drescher Jewellery\",\"url\":\"https:\\\/\\\/drescherjewellery.com\\\/hu\\\/\",\"logo\":{\"@type\":\"ImageObject\",\"inLanguage\":\"hu\",\"@id\":\"https:\\\/\\\/drescherjewellery.com\\\/hu\\\/#\\\/schema\\\/logo\\\/image\\\/\",\"url\":\"https:\\\/\\\/drescherjewellery.com\\\/wp-content\\\/uploads\\\/2026\\\/01\\\/Drescher-Jewellery-wpml.png\",\"contentUrl\":\"https:\\\/\\\/drescherjewellery.com\\\/wp-content\\\/uploads\\\/2026\\\/01\\\/Drescher-Jewellery-wpml.png\",\"width\":500,\"height\":500,\"caption\":\"Drescher Jewellery\"},\"image\":{\"@id\":\"https:\\\/\\\/drescherjewellery.com\\\/hu\\\/#\\\/schema\\\/logo\\\/image\\\/\"},\"sameAs\":[\"https:\\\/\\\/www.facebook.com\\\/drescherjewellery\",\"https:\\\/\\\/www.instagram.com\\\/drescherjewellery\",\"https:\\\/\\\/www.tiktok.com\\\/@drescherjewellery\"]}]}<\/script>\n<!-- \/ Yoast SEO Premium plugin. -->","yoast_head_json":{"title":"K\u00f6r alak\u00fa fukszia piros k\u00f6ves \u00e9kszerszett \u2013 er\u0151 \u00e9s elegancia | Drescher Jewellery","description":"Fedezd fel a leny\u0171g\u00f6z\u0151 K\u00f6r alak\u00fa fukszia piros k\u00f6ves \u00e9kszerszett \u2013 er\u0151 \u00e9s elegancia \u00e9kszer\u00fcnket. T\u00f6k\u00e9letes kieg\u00e9sz\u00edt\u0151 mindennapi viselethez \u00e9s k\u00fcl\u00f6nleges alkalmakra egyar\u00e1nt. Rendeld meg most!","robots":{"index":"index","follow":"follow","max-snippet":"max-snippet:-1","max-image-preview":"max-image-preview:large","max-video-preview":"max-video-preview:-1"},"canonical":"https:\/\/drescherjewellery.com\/hu\/termek\/kor-alaku-fukszia-piros-koves-ekszerszett-ero-es-elegancia\/","og_locale":"hu_HU","og_type":"article","og_title":"K\u00f6r alak\u00fa fukszia piros k\u00f6ves \u00e9kszerszett \u2013 er\u0151 \u00e9s elegancia","og_description":"Fedezd fel a leny\u0171g\u00f6z\u0151 K\u00f6r alak\u00fa fukszia piros k\u00f6ves \u00e9kszerszett \u2013 er\u0151 \u00e9s elegancia \u00e9kszer\u00fcnket. T\u00f6k\u00e9letes kieg\u00e9sz\u00edt\u0151 mindennapi viselethez \u00e9s k\u00fcl\u00f6nleges alkalmakra egyar\u00e1nt. Rendeld meg most!","og_url":"https:\/\/drescherjewellery.com\/hu\/termek\/kor-alaku-fukszia-piros-koves-ekszerszett-ero-es-elegancia\/","og_site_name":"Drescher Jewellery","article_publisher":"https:\/\/www.facebook.com\/drescherjewellery","article_modified_time":"2026-02-21T00:51:31+00:00","og_image":[{"width":1340,"height":1785,"url":"https:\/\/drescherjewellery.com\/wp-content\/uploads\/2025\/09\/Kor-alaku-fukszia-piros-koves-ekszerszett_2.jpg","type":"image\/jpeg"}],"twitter_card":"summary_large_image","twitter_misc":{"Becs\u00fclt olvas\u00e1si id\u0151":"2 perc"},"schema":{"@context":"https:\/\/schema.org","@graph":[{"@type":"WebPage","@id":"https:\/\/drescherjewellery.com\/hu\/termek\/kor-alaku-fukszia-piros-koves-ekszerszett-ero-es-elegancia\/","url":"https:\/\/drescherjewellery.com\/hu\/termek\/kor-alaku-fukszia-piros-koves-ekszerszett-ero-es-elegancia\/","name":"K\u00f6r alak\u00fa fukszia piros k\u00f6ves \u00e9kszerszett \u2013 er\u0151 \u00e9s elegancia | Drescher Jewellery","isPartOf":{"@id":"https:\/\/drescherjewellery.com\/hu\/#website"},"primaryImageOfPage":{"@id":"https:\/\/drescherjewellery.com\/hu\/termek\/kor-alaku-fukszia-piros-koves-ekszerszett-ero-es-elegancia\/#primaryimage"},"image":{"@id":"https:\/\/drescherjewellery.com\/hu\/termek\/kor-alaku-fukszia-piros-koves-ekszerszett-ero-es-elegancia\/#primaryimage"},"thumbnailUrl":"https:\/\/drescherjewellery.com\/wp-content\/uploads\/2025\/09\/Kor-alaku-fukszia-piros-koves-ekszerszett_2.jpg","datePublished":"2025-09-05T20:44:14+00:00","dateModified":"2026-02-21T00:51:31+00:00","description":"Fedezd fel a leny\u0171g\u00f6z\u0151 K\u00f6r alak\u00fa fukszia piros k\u00f6ves \u00e9kszerszett \u2013 er\u0151 \u00e9s elegancia \u00e9kszer\u00fcnket. T\u00f6k\u00e9letes kieg\u00e9sz\u00edt\u0151 mindennapi viselethez \u00e9s k\u00fcl\u00f6nleges alkalmakra egyar\u00e1nt. Rendeld meg most!","breadcrumb":{"@id":"https:\/\/drescherjewellery.com\/hu\/termek\/kor-alaku-fukszia-piros-koves-ekszerszett-ero-es-elegancia\/#breadcrumb"},"inLanguage":"hu","potentialAction":[{"@type":"ReadAction","target":["https:\/\/drescherjewellery.com\/hu\/termek\/kor-alaku-fukszia-piros-koves-ekszerszett-ero-es-elegancia\/"]}]},{"@type":"ImageObject","inLanguage":"hu","@id":"https:\/\/drescherjewellery.com\/hu\/termek\/kor-alaku-fukszia-piros-koves-ekszerszett-ero-es-elegancia\/#primaryimage","url":"https:\/\/drescherjewellery.com\/wp-content\/uploads\/2025\/09\/Kor-alaku-fukszia-piros-koves-ekszerszett_2.jpg","contentUrl":"https:\/\/drescherjewellery.com\/wp-content\/uploads\/2025\/09\/Kor-alaku-fukszia-piros-koves-ekszerszett_2.jpg","width":1340,"height":1785},{"@type":"BreadcrumbList","@id":"https:\/\/drescherjewellery.com\/hu\/termek\/kor-alaku-fukszia-piros-koves-ekszerszett-ero-es-elegancia\/#breadcrumb","itemListElement":[{"@type":"ListItem","position":1,"name":"Kezd\u0151lap","item":"https:\/\/drescherjewellery.com\/hu\/"},{"@type":"ListItem","position":2,"name":"Shop","item":"https:\/\/drescherjewellery.com\/shop\/"},{"@type":"ListItem","position":3,"name":"K\u00f6r alak\u00fa fukszia piros k\u00f6ves \u00e9kszerszett \u2013 er\u0151 \u00e9s elegancia"}]},{"@type":"WebSite","@id":"https:\/\/drescherjewellery.com\/hu\/#website","url":"https:\/\/drescherjewellery.com\/hu\/","name":"Drescher Jewellery","description":"Tedd t\u00f6k\u00e9letesebb\u00e9 mindennapjaid a Drescher Jewellery \u00e9kszereivel.","publisher":{"@id":"https:\/\/drescherjewellery.com\/hu\/#organization"},"alternateName":"Ez\u00fcst \u00c9kszer Web\u00e1ruh\u00e1z","potentialAction":[{"@type":"SearchAction","target":{"@type":"EntryPoint","urlTemplate":"https:\/\/drescherjewellery.com\/hu\/?s={search_term_string}"},"query-input":{"@type":"PropertyValueSpecification","valueRequired":true,"valueName":"search_term_string"}}],"inLanguage":"hu"},{"@type":"Organization","@id":"https:\/\/drescherjewellery.com\/hu\/#organization","name":"Drescher Jewellery","url":"https:\/\/drescherjewellery.com\/hu\/","logo":{"@type":"ImageObject","inLanguage":"hu","@id":"https:\/\/drescherjewellery.com\/hu\/#\/schema\/logo\/image\/","url":"https:\/\/drescherjewellery.com\/wp-content\/uploads\/2026\/01\/Drescher-Jewellery-wpml.png","contentUrl":"https:\/\/drescherjewellery.com\/wp-content\/uploads\/2026\/01\/Drescher-Jewellery-wpml.png","width":500,"height":500,"caption":"Drescher Jewellery"},"image":{"@id":"https:\/\/drescherjewellery.com\/hu\/#\/schema\/logo\/image\/"},"sameAs":["https:\/\/www.facebook.com\/drescherjewellery","https:\/\/www.instagram.com\/drescherjewellery","https:\/\/www.tiktok.com\/@drescherjewellery"]}]}},"_links":{"self":[{"href":"https:\/\/drescherjewellery.com\/hu\/wp-json\/wp\/v2\/product\/107958","targetHints":{"allow":["GET"]}}],"collection":[{"href":"https:\/\/drescherjewellery.com\/hu\/wp-json\/wp\/v2\/product"}],"about":[{"href":"https:\/\/drescherjewellery.com\/hu\/wp-json\/wp\/v2\/types\/product"}],"version-history":[{"count":1,"href":"https:\/\/drescherjewellery.com\/hu\/wp-json\/wp\/v2\/product\/107958\/revisions"}],"predecessor-version":[{"id":119361,"href":"https:\/\/drescherjewellery.com\/hu\/wp-json\/wp\/v2\/product\/107958\/revisions\/119361"}],"wp:featuredmedia":[{"embeddable":true,"href":"https:\/\/drescherjewellery.com\/hu\/wp-json\/wp\/v2\/media\/107965"}],"wp:attachment":[{"href":"https:\/\/drescherjewellery.com\/hu\/wp-json\/wp\/v2\/media?parent=107958"}],"wp:term":[{"taxonomy":"product_brand","embeddable":true,"href":"https:\/\/drescherjewellery.com\/hu\/wp-json\/wp\/v2\/product_brand?post=107958"},{"taxonomy":"product_cat","embeddable":true,"href":"https:\/\/drescherjewellery.com\/hu\/wp-json\/wp\/v2\/product_cat?post=107958"},{"taxonomy":"product_tag","embeddable":true,"href":"https:\/\/drescherjewellery.com\/hu\/wp-json\/wp\/v2\/product_tag?post=107958"}],"curies":[{"name":"wp","href":"https:\/\/api.w.org\/{rel}","templated":true}]}}