{"id":108028,"date":"2025-09-06T20:28:02","date_gmt":"2025-09-06T18:28:02","guid":{"rendered":"https:\/\/dianasilver.hu\/?post_type=product&#038;p=108028"},"modified":"2026-02-21T01:51:35","modified_gmt":"2026-02-21T00:51:35","slug":"haromszog-formaju-ekszerszett-feher-cirkonia-kovekkel","status":"publish","type":"product","link":"https:\/\/drescherjewellery.com\/hu\/termek\/haromszog-formaju-ekszerszett-feher-cirkonia-kovekkel\/","title":{"rendered":"H\u00e1romsz\u00f6g form\u00e1j\u00fa \u00e9kszerszett feh\u00e9r cirk\u00f3nia k\u00f6vekkel"},"content":{"rendered":"<h2 data-start=\"290\" data-end=\"607\">Ez a k\u00fcl\u00f6nleges \u00e9kszerszett modern h\u00e1romsz\u00f6g form\u00e1j\u00e1val \u00e9s feh\u00e9r cirk\u00f3nia k\u00f6vekkel a n\u0151iess\u00e9g \u00e9s a kifinomults\u00e1g t\u00f6k\u00e9letes megtestes\u00edt\u0151je.<\/h2>\n<p data-start=\"290\" data-end=\"607\">A geometrikus design \u00e9s a k\u00e1pr\u00e1zatos csillog\u00e1s harmonikusan \u00f6tv\u00f6z\u0151dik, \u00edgy a szett egyszerre fiatalos, trendi \u00e9s eleg\u00e1ns.<\/p>\n<p data-start=\"609\" data-end=\"851\"><strong data-start=\"609\" data-end=\"645\">Mit szimboliz\u00e1l a forma \u00e9s a k\u0151?<\/strong><br data-start=\"645\" data-end=\"648\" \/>\u2022 A h\u00e1romsz\u00f6g forma az er\u0151t, stabilit\u00e1st \u00e9s harm\u00f3ni\u00e1t jelk\u00e9pezi.<br data-start=\"712\" data-end=\"715\" \/>\u2022 A feh\u00e9r cirk\u00f3nia a tisztas\u00e1got, f\u00e9nyt \u00e9s a ragyog\u00e1st id\u00e9zi.<br data-start=\"776\" data-end=\"779\" \/>\u2022 Egy \u00e9kszer, amely minden megjelen\u00e9st emel \u00e9s magabiztoss\u00e1got sugall.<\/p>\n<p data-start=\"853\" data-end=\"1187\"><strong data-start=\"853\" data-end=\"892\">Mi\u00e9rt v\u00e1laszd ezt az \u00e9kszerszettet?<\/strong><br data-start=\"892\" data-end=\"895\" \/>\u2022 K\u00e9sz\u00fclt <strong data-start=\"905\" data-end=\"943\">AG 925 ez\u00fcstb\u0151l, r\u00f3dium bevonattal<\/strong> a hosszan tart\u00f3 f\u00e9ny \u00e9s tart\u00f3ss\u00e1g \u00e9rdek\u00e9ben.<br data-start=\"988\" data-end=\"991\" \/>\u2022 Modern, geometrikus design, amely kiemeli a st\u00edlus\u00e9rz\u00e9ked.<br data-start=\"1051\" data-end=\"1054\" \/>\u2022 Ragyog\u00f3 feh\u00e9r cirk\u00f3nia k\u00f6vek, pav\u00e9 foglal\u00e1sban.<br data-start=\"1103\" data-end=\"1106\" \/>\u2022 K\u00f6nnyed viselet, amely feldobja mind a h\u00e9tk\u00f6znapi, mind az alkalmi \u00f6lt\u00f6zetet.<\/p>\n<p data-start=\"1189\" data-end=\"1308\">\ud83c\udf81 Lepd meg magad vagy szeretteidet ezzel az eleg\u00e1ns szettel, \u00e9s tedd k\u00fcl\u00f6nlegess\u00e9 a megjelen\u00e9st minden alkalommal! \u2728<\/p>\n<p data-start=\"1189\" data-end=\"1308\">-A term\u00e9k l\u00e1nc n\u00e9lk\u00fcl \u00e9rkezik!<\/p>\n","protected":false},"excerpt":{"rendered":"<p>Modern h\u00e1romsz\u00f6g form\u00e1j\u00fa \u00e9kszerszett, ragyog\u00f3 feh\u00e9r cirk\u00f3nia k\u00f6vekkel d\u00edsz\u00edtve. AG 925 ez\u00fcstb\u0151l, r\u00f3dium bevonattal k\u00e9sz\u00fclt, eleg\u00e1ns v\u00e1laszt\u00e1s k\u00fcl\u00f6nleges alkalmakra \u00e9s mindennapi viseletre is. \u2728<\/p>\n<p>-A term\u00e9k l\u00e1nc n\u00e9lk\u00fcl \u00e9rkezik!<\/p>\n","protected":false},"featured_media":108087,"template":"","meta":[],"product_brand":[],"product_cat":[29],"product_tag":[513],"class_list":{"0":"post-108028","1":"product","2":"type-product","3":"status-publish","4":"has-post-thumbnail","6":"product_cat-ezust-ekszer-szett","7":"product_tag-noi-ezust-ekszerek","8":"description-off","10":"first","11":"instock","12":"taxable","13":"shipping-taxable","14":"purchasable","15":"product-type-simple"},"yoast_head":"<!-- This site is optimized with the Yoast SEO Premium plugin v26.8 (Yoast SEO v27.4) - https:\/\/yoast.com\/product\/yoast-seo-premium-wordpress\/ -->\n<title>H\u00e1romsz\u00f6g form\u00e1j\u00fa \u00e9kszerszett feh\u00e9r cirk\u00f3nia k\u00f6vekkel | Drescher Jewellery<\/title>\n<meta name=\"description\" content=\"Fedezd fel a leny\u0171g\u00f6z\u0151 H\u00e1romsz\u00f6g form\u00e1j\u00fa \u00e9kszerszett feh\u00e9r cirk\u00f3nia k\u00f6vekkel \u00e9kszer\u00fcnket. T\u00f6k\u00e9letes kieg\u00e9sz\u00edt\u0151 mindennapi viselethez \u00e9s k\u00fcl\u00f6nleges alkalmakra egyar\u00e1nt. Rendeld meg most!\" \/>\n<meta name=\"robots\" content=\"index, follow, max-snippet:-1, max-image-preview:large, max-video-preview:-1\" \/>\n<link rel=\"canonical\" href=\"https:\/\/drescherjewellery.com\/hu\/termek\/haromszog-formaju-ekszerszett-feher-cirkonia-kovekkel\/\" \/>\n<meta property=\"og:locale\" content=\"hu_HU\" \/>\n<meta property=\"og:type\" content=\"article\" \/>\n<meta property=\"og:title\" content=\"H\u00e1romsz\u00f6g form\u00e1j\u00fa \u00e9kszerszett feh\u00e9r cirk\u00f3nia k\u00f6vekkel\" \/>\n<meta property=\"og:description\" content=\"Fedezd fel a leny\u0171g\u00f6z\u0151 H\u00e1romsz\u00f6g form\u00e1j\u00fa \u00e9kszerszett feh\u00e9r cirk\u00f3nia k\u00f6vekkel \u00e9kszer\u00fcnket. T\u00f6k\u00e9letes kieg\u00e9sz\u00edt\u0151 mindennapi viselethez \u00e9s k\u00fcl\u00f6nleges alkalmakra egyar\u00e1nt. Rendeld meg most!\" \/>\n<meta property=\"og:url\" content=\"https:\/\/drescherjewellery.com\/hu\/termek\/haromszog-formaju-ekszerszett-feher-cirkonia-kovekkel\/\" \/>\n<meta property=\"og:site_name\" content=\"Drescher Jewellery\" \/>\n<meta property=\"article:publisher\" content=\"https:\/\/www.facebook.com\/drescherjewellery\" \/>\n<meta property=\"article:modified_time\" content=\"2026-02-21T00:51:35+00:00\" \/>\n<meta property=\"og:image\" content=\"https:\/\/drescherjewellery.com\/wp-content\/uploads\/2025\/09\/Haromszog-formaju-ekszerszett-feher-cirkonia-kovekkel_2.jpg\" \/>\n\t<meta property=\"og:image:width\" content=\"1340\" \/>\n\t<meta property=\"og:image:height\" content=\"1785\" \/>\n\t<meta property=\"og:image:type\" content=\"image\/jpeg\" \/>\n<meta name=\"twitter:card\" content=\"summary_large_image\" \/>\n<meta name=\"twitter:label1\" content=\"Becs\u00fclt olvas\u00e1si id\u0151\" \/>\n\t<meta name=\"twitter:data1\" content=\"1 perc\" \/>\n<script type=\"application\/ld+json\" class=\"yoast-schema-graph\">{\"@context\":\"https:\\\/\\\/schema.org\",\"@graph\":[{\"@type\":\"WebPage\",\"@id\":\"https:\\\/\\\/drescherjewellery.com\\\/hu\\\/termek\\\/haromszog-formaju-ekszerszett-feher-cirkonia-kovekkel\\\/\",\"url\":\"https:\\\/\\\/drescherjewellery.com\\\/hu\\\/termek\\\/haromszog-formaju-ekszerszett-feher-cirkonia-kovekkel\\\/\",\"name\":\"H\u00e1romsz\u00f6g form\u00e1j\u00fa \u00e9kszerszett feh\u00e9r cirk\u00f3nia k\u00f6vekkel | Drescher Jewellery\",\"isPartOf\":{\"@id\":\"https:\\\/\\\/drescherjewellery.com\\\/hu\\\/#website\"},\"primaryImageOfPage\":{\"@id\":\"https:\\\/\\\/drescherjewellery.com\\\/hu\\\/termek\\\/haromszog-formaju-ekszerszett-feher-cirkonia-kovekkel\\\/#primaryimage\"},\"image\":{\"@id\":\"https:\\\/\\\/drescherjewellery.com\\\/hu\\\/termek\\\/haromszog-formaju-ekszerszett-feher-cirkonia-kovekkel\\\/#primaryimage\"},\"thumbnailUrl\":\"https:\\\/\\\/drescherjewellery.com\\\/wp-content\\\/uploads\\\/2025\\\/09\\\/Haromszog-formaju-ekszerszett-feher-cirkonia-kovekkel_2.jpg\",\"datePublished\":\"2025-09-06T18:28:02+00:00\",\"dateModified\":\"2026-02-21T00:51:35+00:00\",\"description\":\"Fedezd fel a leny\u0171g\u00f6z\u0151 H\u00e1romsz\u00f6g form\u00e1j\u00fa \u00e9kszerszett feh\u00e9r cirk\u00f3nia k\u00f6vekkel \u00e9kszer\u00fcnket. T\u00f6k\u00e9letes kieg\u00e9sz\u00edt\u0151 mindennapi viselethez \u00e9s k\u00fcl\u00f6nleges alkalmakra egyar\u00e1nt. Rendeld meg most!\",\"breadcrumb\":{\"@id\":\"https:\\\/\\\/drescherjewellery.com\\\/hu\\\/termek\\\/haromszog-formaju-ekszerszett-feher-cirkonia-kovekkel\\\/#breadcrumb\"},\"inLanguage\":\"hu\",\"potentialAction\":[{\"@type\":\"ReadAction\",\"target\":[\"https:\\\/\\\/drescherjewellery.com\\\/hu\\\/termek\\\/haromszog-formaju-ekszerszett-feher-cirkonia-kovekkel\\\/\"]}]},{\"@type\":\"ImageObject\",\"inLanguage\":\"hu\",\"@id\":\"https:\\\/\\\/drescherjewellery.com\\\/hu\\\/termek\\\/haromszog-formaju-ekszerszett-feher-cirkonia-kovekkel\\\/#primaryimage\",\"url\":\"https:\\\/\\\/drescherjewellery.com\\\/wp-content\\\/uploads\\\/2025\\\/09\\\/Haromszog-formaju-ekszerszett-feher-cirkonia-kovekkel_2.jpg\",\"contentUrl\":\"https:\\\/\\\/drescherjewellery.com\\\/wp-content\\\/uploads\\\/2025\\\/09\\\/Haromszog-formaju-ekszerszett-feher-cirkonia-kovekkel_2.jpg\",\"width\":1340,\"height\":1785},{\"@type\":\"BreadcrumbList\",\"@id\":\"https:\\\/\\\/drescherjewellery.com\\\/hu\\\/termek\\\/haromszog-formaju-ekszerszett-feher-cirkonia-kovekkel\\\/#breadcrumb\",\"itemListElement\":[{\"@type\":\"ListItem\",\"position\":1,\"name\":\"Kezd\u0151lap\",\"item\":\"https:\\\/\\\/drescherjewellery.com\\\/hu\\\/\"},{\"@type\":\"ListItem\",\"position\":2,\"name\":\"Shop\",\"item\":\"https:\\\/\\\/drescherjewellery.com\\\/shop\\\/\"},{\"@type\":\"ListItem\",\"position\":3,\"name\":\"H\u00e1romsz\u00f6g form\u00e1j\u00fa \u00e9kszerszett feh\u00e9r cirk\u00f3nia k\u00f6vekkel\"}]},{\"@type\":\"WebSite\",\"@id\":\"https:\\\/\\\/drescherjewellery.com\\\/hu\\\/#website\",\"url\":\"https:\\\/\\\/drescherjewellery.com\\\/hu\\\/\",\"name\":\"Drescher Jewellery\",\"description\":\"Tedd t\u00f6k\u00e9letesebb\u00e9 mindennapjaid a Drescher Jewellery \u00e9kszereivel.\",\"publisher\":{\"@id\":\"https:\\\/\\\/drescherjewellery.com\\\/hu\\\/#organization\"},\"alternateName\":\"Ez\u00fcst \u00c9kszer Web\u00e1ruh\u00e1z\",\"potentialAction\":[{\"@type\":\"SearchAction\",\"target\":{\"@type\":\"EntryPoint\",\"urlTemplate\":\"https:\\\/\\\/drescherjewellery.com\\\/hu\\\/?s={search_term_string}\"},\"query-input\":{\"@type\":\"PropertyValueSpecification\",\"valueRequired\":true,\"valueName\":\"search_term_string\"}}],\"inLanguage\":\"hu\"},{\"@type\":\"Organization\",\"@id\":\"https:\\\/\\\/drescherjewellery.com\\\/hu\\\/#organization\",\"name\":\"Drescher Jewellery\",\"url\":\"https:\\\/\\\/drescherjewellery.com\\\/hu\\\/\",\"logo\":{\"@type\":\"ImageObject\",\"inLanguage\":\"hu\",\"@id\":\"https:\\\/\\\/drescherjewellery.com\\\/hu\\\/#\\\/schema\\\/logo\\\/image\\\/\",\"url\":\"https:\\\/\\\/drescherjewellery.com\\\/wp-content\\\/uploads\\\/2026\\\/01\\\/Drescher-Jewellery-wpml.png\",\"contentUrl\":\"https:\\\/\\\/drescherjewellery.com\\\/wp-content\\\/uploads\\\/2026\\\/01\\\/Drescher-Jewellery-wpml.png\",\"width\":500,\"height\":500,\"caption\":\"Drescher Jewellery\"},\"image\":{\"@id\":\"https:\\\/\\\/drescherjewellery.com\\\/hu\\\/#\\\/schema\\\/logo\\\/image\\\/\"},\"sameAs\":[\"https:\\\/\\\/www.facebook.com\\\/drescherjewellery\",\"https:\\\/\\\/www.instagram.com\\\/drescherjewellery\",\"https:\\\/\\\/www.tiktok.com\\\/@drescherjewellery\"]}]}<\/script>\n<!-- \/ Yoast SEO Premium plugin. -->","yoast_head_json":{"title":"H\u00e1romsz\u00f6g form\u00e1j\u00fa \u00e9kszerszett feh\u00e9r cirk\u00f3nia k\u00f6vekkel | Drescher Jewellery","description":"Fedezd fel a leny\u0171g\u00f6z\u0151 H\u00e1romsz\u00f6g form\u00e1j\u00fa \u00e9kszerszett feh\u00e9r cirk\u00f3nia k\u00f6vekkel \u00e9kszer\u00fcnket. T\u00f6k\u00e9letes kieg\u00e9sz\u00edt\u0151 mindennapi viselethez \u00e9s k\u00fcl\u00f6nleges alkalmakra egyar\u00e1nt. Rendeld meg most!","robots":{"index":"index","follow":"follow","max-snippet":"max-snippet:-1","max-image-preview":"max-image-preview:large","max-video-preview":"max-video-preview:-1"},"canonical":"https:\/\/drescherjewellery.com\/hu\/termek\/haromszog-formaju-ekszerszett-feher-cirkonia-kovekkel\/","og_locale":"hu_HU","og_type":"article","og_title":"H\u00e1romsz\u00f6g form\u00e1j\u00fa \u00e9kszerszett feh\u00e9r cirk\u00f3nia k\u00f6vekkel","og_description":"Fedezd fel a leny\u0171g\u00f6z\u0151 H\u00e1romsz\u00f6g form\u00e1j\u00fa \u00e9kszerszett feh\u00e9r cirk\u00f3nia k\u00f6vekkel \u00e9kszer\u00fcnket. T\u00f6k\u00e9letes kieg\u00e9sz\u00edt\u0151 mindennapi viselethez \u00e9s k\u00fcl\u00f6nleges alkalmakra egyar\u00e1nt. Rendeld meg most!","og_url":"https:\/\/drescherjewellery.com\/hu\/termek\/haromszog-formaju-ekszerszett-feher-cirkonia-kovekkel\/","og_site_name":"Drescher Jewellery","article_publisher":"https:\/\/www.facebook.com\/drescherjewellery","article_modified_time":"2026-02-21T00:51:35+00:00","og_image":[{"width":1340,"height":1785,"url":"https:\/\/drescherjewellery.com\/wp-content\/uploads\/2025\/09\/Haromszog-formaju-ekszerszett-feher-cirkonia-kovekkel_2.jpg","type":"image\/jpeg"}],"twitter_card":"summary_large_image","twitter_misc":{"Becs\u00fclt olvas\u00e1si id\u0151":"1 perc"},"schema":{"@context":"https:\/\/schema.org","@graph":[{"@type":"WebPage","@id":"https:\/\/drescherjewellery.com\/hu\/termek\/haromszog-formaju-ekszerszett-feher-cirkonia-kovekkel\/","url":"https:\/\/drescherjewellery.com\/hu\/termek\/haromszog-formaju-ekszerszett-feher-cirkonia-kovekkel\/","name":"H\u00e1romsz\u00f6g form\u00e1j\u00fa \u00e9kszerszett feh\u00e9r cirk\u00f3nia k\u00f6vekkel | Drescher Jewellery","isPartOf":{"@id":"https:\/\/drescherjewellery.com\/hu\/#website"},"primaryImageOfPage":{"@id":"https:\/\/drescherjewellery.com\/hu\/termek\/haromszog-formaju-ekszerszett-feher-cirkonia-kovekkel\/#primaryimage"},"image":{"@id":"https:\/\/drescherjewellery.com\/hu\/termek\/haromszog-formaju-ekszerszett-feher-cirkonia-kovekkel\/#primaryimage"},"thumbnailUrl":"https:\/\/drescherjewellery.com\/wp-content\/uploads\/2025\/09\/Haromszog-formaju-ekszerszett-feher-cirkonia-kovekkel_2.jpg","datePublished":"2025-09-06T18:28:02+00:00","dateModified":"2026-02-21T00:51:35+00:00","description":"Fedezd fel a leny\u0171g\u00f6z\u0151 H\u00e1romsz\u00f6g form\u00e1j\u00fa \u00e9kszerszett feh\u00e9r cirk\u00f3nia k\u00f6vekkel \u00e9kszer\u00fcnket. T\u00f6k\u00e9letes kieg\u00e9sz\u00edt\u0151 mindennapi viselethez \u00e9s k\u00fcl\u00f6nleges alkalmakra egyar\u00e1nt. Rendeld meg most!","breadcrumb":{"@id":"https:\/\/drescherjewellery.com\/hu\/termek\/haromszog-formaju-ekszerszett-feher-cirkonia-kovekkel\/#breadcrumb"},"inLanguage":"hu","potentialAction":[{"@type":"ReadAction","target":["https:\/\/drescherjewellery.com\/hu\/termek\/haromszog-formaju-ekszerszett-feher-cirkonia-kovekkel\/"]}]},{"@type":"ImageObject","inLanguage":"hu","@id":"https:\/\/drescherjewellery.com\/hu\/termek\/haromszog-formaju-ekszerszett-feher-cirkonia-kovekkel\/#primaryimage","url":"https:\/\/drescherjewellery.com\/wp-content\/uploads\/2025\/09\/Haromszog-formaju-ekszerszett-feher-cirkonia-kovekkel_2.jpg","contentUrl":"https:\/\/drescherjewellery.com\/wp-content\/uploads\/2025\/09\/Haromszog-formaju-ekszerszett-feher-cirkonia-kovekkel_2.jpg","width":1340,"height":1785},{"@type":"BreadcrumbList","@id":"https:\/\/drescherjewellery.com\/hu\/termek\/haromszog-formaju-ekszerszett-feher-cirkonia-kovekkel\/#breadcrumb","itemListElement":[{"@type":"ListItem","position":1,"name":"Kezd\u0151lap","item":"https:\/\/drescherjewellery.com\/hu\/"},{"@type":"ListItem","position":2,"name":"Shop","item":"https:\/\/drescherjewellery.com\/shop\/"},{"@type":"ListItem","position":3,"name":"H\u00e1romsz\u00f6g form\u00e1j\u00fa \u00e9kszerszett feh\u00e9r cirk\u00f3nia k\u00f6vekkel"}]},{"@type":"WebSite","@id":"https:\/\/drescherjewellery.com\/hu\/#website","url":"https:\/\/drescherjewellery.com\/hu\/","name":"Drescher Jewellery","description":"Tedd t\u00f6k\u00e9letesebb\u00e9 mindennapjaid a Drescher Jewellery \u00e9kszereivel.","publisher":{"@id":"https:\/\/drescherjewellery.com\/hu\/#organization"},"alternateName":"Ez\u00fcst \u00c9kszer Web\u00e1ruh\u00e1z","potentialAction":[{"@type":"SearchAction","target":{"@type":"EntryPoint","urlTemplate":"https:\/\/drescherjewellery.com\/hu\/?s={search_term_string}"},"query-input":{"@type":"PropertyValueSpecification","valueRequired":true,"valueName":"search_term_string"}}],"inLanguage":"hu"},{"@type":"Organization","@id":"https:\/\/drescherjewellery.com\/hu\/#organization","name":"Drescher Jewellery","url":"https:\/\/drescherjewellery.com\/hu\/","logo":{"@type":"ImageObject","inLanguage":"hu","@id":"https:\/\/drescherjewellery.com\/hu\/#\/schema\/logo\/image\/","url":"https:\/\/drescherjewellery.com\/wp-content\/uploads\/2026\/01\/Drescher-Jewellery-wpml.png","contentUrl":"https:\/\/drescherjewellery.com\/wp-content\/uploads\/2026\/01\/Drescher-Jewellery-wpml.png","width":500,"height":500,"caption":"Drescher Jewellery"},"image":{"@id":"https:\/\/drescherjewellery.com\/hu\/#\/schema\/logo\/image\/"},"sameAs":["https:\/\/www.facebook.com\/drescherjewellery","https:\/\/www.instagram.com\/drescherjewellery","https:\/\/www.tiktok.com\/@drescherjewellery"]}]}},"_links":{"self":[{"href":"https:\/\/drescherjewellery.com\/hu\/wp-json\/wp\/v2\/product\/108028","targetHints":{"allow":["GET"]}}],"collection":[{"href":"https:\/\/drescherjewellery.com\/hu\/wp-json\/wp\/v2\/product"}],"about":[{"href":"https:\/\/drescherjewellery.com\/hu\/wp-json\/wp\/v2\/types\/product"}],"version-history":[{"count":1,"href":"https:\/\/drescherjewellery.com\/hu\/wp-json\/wp\/v2\/product\/108028\/revisions"}],"predecessor-version":[{"id":119364,"href":"https:\/\/drescherjewellery.com\/hu\/wp-json\/wp\/v2\/product\/108028\/revisions\/119364"}],"wp:featuredmedia":[{"embeddable":true,"href":"https:\/\/drescherjewellery.com\/hu\/wp-json\/wp\/v2\/media\/108087"}],"wp:attachment":[{"href":"https:\/\/drescherjewellery.com\/hu\/wp-json\/wp\/v2\/media?parent=108028"}],"wp:term":[{"taxonomy":"product_brand","embeddable":true,"href":"https:\/\/drescherjewellery.com\/hu\/wp-json\/wp\/v2\/product_brand?post=108028"},{"taxonomy":"product_cat","embeddable":true,"href":"https:\/\/drescherjewellery.com\/hu\/wp-json\/wp\/v2\/product_cat?post=108028"},{"taxonomy":"product_tag","embeddable":true,"href":"https:\/\/drescherjewellery.com\/hu\/wp-json\/wp\/v2\/product_tag?post=108028"}],"curies":[{"name":"wp","href":"https:\/\/api.w.org\/{rel}","templated":true}]}}