{"id":110344,"date":"2025-10-25T17:01:41","date_gmt":"2025-10-25T15:01:41","guid":{"rendered":"https:\/\/dianasilver.hu\/?post_type=product&#038;p=110344"},"modified":"2026-04-01T17:19:20","modified_gmt":"2026-04-01T15:19:20","slug":"ezust-cirkonia-koves-eletfa-medal-rodium-bevonattal-lanc-nelkul","status":"publish","type":"product","link":"https:\/\/drescherjewellery.com\/hu\/termek\/ezust-cirkonia-koves-eletfa-medal-rodium-bevonattal-lanc-nelkul\/","title":{"rendered":"Ez\u00fcst cirk\u00f3nia k\u00f6ves \u00e9letfa med\u00e1l r\u00f3dium bevonattal \u2013 l\u00e1nc n\u00e9lk\u00fcl"},"content":{"rendered":"<h2 data-start=\"370\" data-end=\"445\"><strong data-start=\"370\" data-end=\"443\">Cirk\u00f3nia k\u00f6ves \u00e9letfa ez\u00fcst med\u00e1l \u2013 a harm\u00f3nia \u00e9s a meg\u00fajul\u00e1s \u00e9kszere<\/strong><\/h2>\n<ul data-start=\"447\" data-end=\"1101\">\n<li data-start=\"447\" data-end=\"576\">\n<p data-start=\"449\" data-end=\"576\">K\u00e9sz\u00fclt <strong data-start=\"457\" data-end=\"476\">AG 925 ez\u00fcstb\u0151l<\/strong>, <strong data-start=\"478\" data-end=\"499\">r\u00f3dium bevonattal<\/strong>, amely f\u00e9ny\u00e9t hossz\u00fa t\u00e1von meg\u0151rzi, \u00e9s v\u00e9di az \u00e9kszert az elsz\u00ednez\u0151d\u00e9st\u0151l.<\/p>\n<\/li>\n<li data-start=\"577\" data-end=\"717\">\n<p data-start=\"579\" data-end=\"717\">A <strong data-start=\"581\" data-end=\"600\">k\u00f6r alak\u00fa keret<\/strong> finoman csillog\u00f3 cirk\u00f3ni\u00e1kkal van kirakva, amelyek kiemelik a bels\u0151 <strong data-start=\"669\" data-end=\"687\">\u00e9letfa mot\u00edvum<\/strong> r\u00e9szletgazdag kidolgoz\u00e1s\u00e1t.<\/p>\n<\/li>\n<li data-start=\"718\" data-end=\"867\">\n<p data-start=\"720\" data-end=\"867\">Az \u00e9letfa szimbolik\u00e1ja az <strong data-start=\"746\" data-end=\"789\">er\u0151t, a n\u00f6veked\u00e9st \u00e9s az \u00f6sszetartoz\u00e1st<\/strong> jelk\u00e9pezi \u2013 \u00edgy k\u00fcl\u00f6nleges jelent\u00e9ssel b\u00edr\u00f3 aj\u00e1nd\u00e9k is lehet szeretteidnek.<\/p>\n<\/li>\n<li data-start=\"868\" data-end=\"998\">\n<p data-start=\"870\" data-end=\"998\"><strong data-start=\"870\" data-end=\"885\">L\u00e1nc n\u00e9lk\u00fcl<\/strong> kaphat\u00f3, \u00edgy szabadon kombin\u00e1lhat\u00f3 b\u00e1rmilyen ez\u00fcst nyakl\u00e1nccal \u2013 ak\u00e1r v\u00e9konyabb, ak\u00e1r karakteresebb st\u00edlusban.<\/p>\n<\/li>\n<li data-start=\"999\" data-end=\"1101\">\n<p data-start=\"1001\" data-end=\"1101\">Kifinomult, modern megjelen\u00e9se t\u00f6k\u00e9letesen illik a mindennapi viselethez \u00e9s \u00fcnnepi alkalmakhoz is.<\/p>\n<\/li>\n<\/ul>\n<p data-start=\"1103\" data-end=\"1218\" data-is-last-node=\"\" data-is-only-node=\"\">Egy med\u00e1l, amely nemcsak \u00e9kes\u00edt, hanem m\u00e9ly \u00fczenetet is hordoz \u2013 az \u00e9let k\u00f6rforg\u00e1s\u00e1nak \u00e9s erej\u00e9nek szimb\u00f3luma. \ud83c\udf3f\ud83d\udcab<\/p>\n","protected":false},"excerpt":{"rendered":"<p>Az \u00e9let, a n\u00f6veked\u00e9s \u00e9s a harm\u00f3nia szimb\u00f3luma ez a csod\u00e1latos <strong data-start=\"281\" data-end=\"297\">\u00e9letfa med\u00e1l<\/strong>, mely ragyog\u00f3 cirk\u00f3nia k\u00f6vekkel d\u00edsz\u00edtett. \ud83c\udf33\u2728<\/p>\n","protected":false},"featured_media":110348,"template":"","meta":[],"product_brand":[],"product_cat":[30],"product_tag":[513,530],"class_list":{"0":"post-110344","1":"product","2":"type-product","3":"status-publish","4":"has-post-thumbnail","6":"product_cat-ezust-medal","7":"product_tag-noi-ezust-ekszerek","8":"product_tag-spiritualis","9":"description-off","11":"first","12":"instock","13":"taxable","14":"shipping-taxable","15":"purchasable","16":"product-type-simple"},"yoast_head":"<!-- This site is optimized with the Yoast SEO Premium plugin v26.8 (Yoast SEO v27.5) - https:\/\/yoast.com\/product\/yoast-seo-premium-wordpress\/ -->\n<title>Ez\u00fcst cirk\u00f3nia k\u00f6ves \u00e9letfa med\u00e1l r\u00f3dium bevonattal \u2013 l\u00e1nc n\u00e9lk\u00fcl | Drescher Jewellery<\/title>\n<meta name=\"description\" content=\"Fedezd fel a leny\u0171g\u00f6z\u0151 Ez\u00fcst cirk\u00f3nia k\u00f6ves \u00e9letfa med\u00e1l r\u00f3dium bevonattal \u2013 l\u00e1nc n\u00e9lk\u00fcl \u00e9kszer\u00fcnket. T\u00f6k\u00e9letes kieg\u00e9sz\u00edt\u0151 mindennapi viselethez \u00e9s k\u00fcl\u00f6nleges alkalmakra egyar\u00e1nt. Rendeld meg most!\" \/>\n<meta name=\"robots\" content=\"index, follow, max-snippet:-1, max-image-preview:large, max-video-preview:-1\" \/>\n<link rel=\"canonical\" href=\"https:\/\/drescherjewellery.com\/hu\/termek\/ezust-cirkonia-koves-eletfa-medal-rodium-bevonattal-lanc-nelkul\/\" \/>\n<meta property=\"og:locale\" content=\"hu_HU\" \/>\n<meta property=\"og:type\" content=\"article\" \/>\n<meta property=\"og:title\" content=\"Ez\u00fcst cirk\u00f3nia k\u00f6ves \u00e9letfa med\u00e1l r\u00f3dium bevonattal \u2013 l\u00e1nc n\u00e9lk\u00fcl\" \/>\n<meta property=\"og:description\" content=\"Fedezd fel a leny\u0171g\u00f6z\u0151 Ez\u00fcst cirk\u00f3nia k\u00f6ves \u00e9letfa med\u00e1l r\u00f3dium bevonattal \u2013 l\u00e1nc n\u00e9lk\u00fcl \u00e9kszer\u00fcnket. T\u00f6k\u00e9letes kieg\u00e9sz\u00edt\u0151 mindennapi viselethez \u00e9s k\u00fcl\u00f6nleges alkalmakra egyar\u00e1nt. Rendeld meg most!\" \/>\n<meta property=\"og:url\" content=\"https:\/\/drescherjewellery.com\/hu\/termek\/ezust-cirkonia-koves-eletfa-medal-rodium-bevonattal-lanc-nelkul\/\" \/>\n<meta property=\"og:site_name\" content=\"Drescher Jewellery\" \/>\n<meta property=\"article:publisher\" content=\"https:\/\/www.facebook.com\/drescherjewellery\" \/>\n<meta property=\"article:modified_time\" content=\"2026-04-01T15:19:20+00:00\" \/>\n<meta property=\"og:image\" content=\"https:\/\/drescherjewellery.com\/wp-content\/uploads\/2025\/10\/Ezust-cirkonia-koves-eletfa-medal-rodium-bevonattal_2.jpg\" \/>\n\t<meta property=\"og:image:width\" content=\"1340\" \/>\n\t<meta property=\"og:image:height\" content=\"1785\" \/>\n\t<meta property=\"og:image:type\" content=\"image\/jpeg\" \/>\n<meta name=\"twitter:card\" content=\"summary_large_image\" \/>\n<meta name=\"twitter:label1\" content=\"Becs\u00fclt olvas\u00e1si id\u0151\" \/>\n\t<meta name=\"twitter:data1\" content=\"1 perc\" \/>\n<script type=\"application\/ld+json\" class=\"yoast-schema-graph\">{\"@context\":\"https:\\\/\\\/schema.org\",\"@graph\":[{\"@type\":\"WebPage\",\"@id\":\"https:\\\/\\\/drescherjewellery.com\\\/hu\\\/termek\\\/ezust-cirkonia-koves-eletfa-medal-rodium-bevonattal-lanc-nelkul\\\/\",\"url\":\"https:\\\/\\\/drescherjewellery.com\\\/hu\\\/termek\\\/ezust-cirkonia-koves-eletfa-medal-rodium-bevonattal-lanc-nelkul\\\/\",\"name\":\"Ez\u00fcst cirk\u00f3nia k\u00f6ves \u00e9letfa med\u00e1l r\u00f3dium bevonattal \u2013 l\u00e1nc n\u00e9lk\u00fcl | Drescher Jewellery\",\"isPartOf\":{\"@id\":\"https:\\\/\\\/drescherjewellery.com\\\/hu\\\/#website\"},\"primaryImageOfPage\":{\"@id\":\"https:\\\/\\\/drescherjewellery.com\\\/hu\\\/termek\\\/ezust-cirkonia-koves-eletfa-medal-rodium-bevonattal-lanc-nelkul\\\/#primaryimage\"},\"image\":{\"@id\":\"https:\\\/\\\/drescherjewellery.com\\\/hu\\\/termek\\\/ezust-cirkonia-koves-eletfa-medal-rodium-bevonattal-lanc-nelkul\\\/#primaryimage\"},\"thumbnailUrl\":\"https:\\\/\\\/drescherjewellery.com\\\/wp-content\\\/uploads\\\/2025\\\/10\\\/Ezust-cirkonia-koves-eletfa-medal-rodium-bevonattal_2.jpg\",\"datePublished\":\"2025-10-25T15:01:41+00:00\",\"dateModified\":\"2026-04-01T15:19:20+00:00\",\"description\":\"Fedezd fel a leny\u0171g\u00f6z\u0151 Ez\u00fcst cirk\u00f3nia k\u00f6ves \u00e9letfa med\u00e1l r\u00f3dium bevonattal \u2013 l\u00e1nc n\u00e9lk\u00fcl \u00e9kszer\u00fcnket. T\u00f6k\u00e9letes kieg\u00e9sz\u00edt\u0151 mindennapi viselethez \u00e9s k\u00fcl\u00f6nleges alkalmakra egyar\u00e1nt. Rendeld meg most!\",\"breadcrumb\":{\"@id\":\"https:\\\/\\\/drescherjewellery.com\\\/hu\\\/termek\\\/ezust-cirkonia-koves-eletfa-medal-rodium-bevonattal-lanc-nelkul\\\/#breadcrumb\"},\"inLanguage\":\"hu\",\"potentialAction\":[{\"@type\":\"ReadAction\",\"target\":[\"https:\\\/\\\/drescherjewellery.com\\\/hu\\\/termek\\\/ezust-cirkonia-koves-eletfa-medal-rodium-bevonattal-lanc-nelkul\\\/\"]}]},{\"@type\":\"ImageObject\",\"inLanguage\":\"hu\",\"@id\":\"https:\\\/\\\/drescherjewellery.com\\\/hu\\\/termek\\\/ezust-cirkonia-koves-eletfa-medal-rodium-bevonattal-lanc-nelkul\\\/#primaryimage\",\"url\":\"https:\\\/\\\/drescherjewellery.com\\\/wp-content\\\/uploads\\\/2025\\\/10\\\/Ezust-cirkonia-koves-eletfa-medal-rodium-bevonattal_2.jpg\",\"contentUrl\":\"https:\\\/\\\/drescherjewellery.com\\\/wp-content\\\/uploads\\\/2025\\\/10\\\/Ezust-cirkonia-koves-eletfa-medal-rodium-bevonattal_2.jpg\",\"width\":1340,\"height\":1785},{\"@type\":\"BreadcrumbList\",\"@id\":\"https:\\\/\\\/drescherjewellery.com\\\/hu\\\/termek\\\/ezust-cirkonia-koves-eletfa-medal-rodium-bevonattal-lanc-nelkul\\\/#breadcrumb\",\"itemListElement\":[{\"@type\":\"ListItem\",\"position\":1,\"name\":\"Kezd\u0151lap\",\"item\":\"https:\\\/\\\/drescherjewellery.com\\\/hu\\\/\"},{\"@type\":\"ListItem\",\"position\":2,\"name\":\"Shop\",\"item\":\"https:\\\/\\\/drescherjewellery.com\\\/shop\\\/\"},{\"@type\":\"ListItem\",\"position\":3,\"name\":\"Ez\u00fcst cirk\u00f3nia k\u00f6ves \u00e9letfa med\u00e1l r\u00f3dium bevonattal \u2013 l\u00e1nc n\u00e9lk\u00fcl\"}]},{\"@type\":\"WebSite\",\"@id\":\"https:\\\/\\\/drescherjewellery.com\\\/hu\\\/#website\",\"url\":\"https:\\\/\\\/drescherjewellery.com\\\/hu\\\/\",\"name\":\"Drescher Jewellery\",\"description\":\"Tedd t\u00f6k\u00e9letesebb\u00e9 mindennapjaid a Drescher Jewellery \u00e9kszereivel.\",\"publisher\":{\"@id\":\"https:\\\/\\\/drescherjewellery.com\\\/hu\\\/#organization\"},\"alternateName\":\"Ez\u00fcst \u00c9kszer Web\u00e1ruh\u00e1z\",\"potentialAction\":[{\"@type\":\"SearchAction\",\"target\":{\"@type\":\"EntryPoint\",\"urlTemplate\":\"https:\\\/\\\/drescherjewellery.com\\\/hu\\\/?s={search_term_string}\"},\"query-input\":{\"@type\":\"PropertyValueSpecification\",\"valueRequired\":true,\"valueName\":\"search_term_string\"}}],\"inLanguage\":\"hu\"},{\"@type\":\"Organization\",\"@id\":\"https:\\\/\\\/drescherjewellery.com\\\/hu\\\/#organization\",\"name\":\"Drescher Jewellery\",\"url\":\"https:\\\/\\\/drescherjewellery.com\\\/hu\\\/\",\"logo\":{\"@type\":\"ImageObject\",\"inLanguage\":\"hu\",\"@id\":\"https:\\\/\\\/drescherjewellery.com\\\/hu\\\/#\\\/schema\\\/logo\\\/image\\\/\",\"url\":\"https:\\\/\\\/drescherjewellery.com\\\/wp-content\\\/uploads\\\/2026\\\/01\\\/Drescher-Jewellery-wpml.png\",\"contentUrl\":\"https:\\\/\\\/drescherjewellery.com\\\/wp-content\\\/uploads\\\/2026\\\/01\\\/Drescher-Jewellery-wpml.png\",\"width\":500,\"height\":500,\"caption\":\"Drescher Jewellery\"},\"image\":{\"@id\":\"https:\\\/\\\/drescherjewellery.com\\\/hu\\\/#\\\/schema\\\/logo\\\/image\\\/\"},\"sameAs\":[\"https:\\\/\\\/www.facebook.com\\\/drescherjewellery\",\"https:\\\/\\\/www.instagram.com\\\/drescherjewellery\",\"https:\\\/\\\/www.tiktok.com\\\/@drescherjewellery\"]}]}<\/script>\n<!-- \/ Yoast SEO Premium plugin. -->","yoast_head_json":{"title":"Ez\u00fcst cirk\u00f3nia k\u00f6ves \u00e9letfa med\u00e1l r\u00f3dium bevonattal \u2013 l\u00e1nc n\u00e9lk\u00fcl | Drescher Jewellery","description":"Fedezd fel a leny\u0171g\u00f6z\u0151 Ez\u00fcst cirk\u00f3nia k\u00f6ves \u00e9letfa med\u00e1l r\u00f3dium bevonattal \u2013 l\u00e1nc n\u00e9lk\u00fcl \u00e9kszer\u00fcnket. T\u00f6k\u00e9letes kieg\u00e9sz\u00edt\u0151 mindennapi viselethez \u00e9s k\u00fcl\u00f6nleges alkalmakra egyar\u00e1nt. Rendeld meg most!","robots":{"index":"index","follow":"follow","max-snippet":"max-snippet:-1","max-image-preview":"max-image-preview:large","max-video-preview":"max-video-preview:-1"},"canonical":"https:\/\/drescherjewellery.com\/hu\/termek\/ezust-cirkonia-koves-eletfa-medal-rodium-bevonattal-lanc-nelkul\/","og_locale":"hu_HU","og_type":"article","og_title":"Ez\u00fcst cirk\u00f3nia k\u00f6ves \u00e9letfa med\u00e1l r\u00f3dium bevonattal \u2013 l\u00e1nc n\u00e9lk\u00fcl","og_description":"Fedezd fel a leny\u0171g\u00f6z\u0151 Ez\u00fcst cirk\u00f3nia k\u00f6ves \u00e9letfa med\u00e1l r\u00f3dium bevonattal \u2013 l\u00e1nc n\u00e9lk\u00fcl \u00e9kszer\u00fcnket. T\u00f6k\u00e9letes kieg\u00e9sz\u00edt\u0151 mindennapi viselethez \u00e9s k\u00fcl\u00f6nleges alkalmakra egyar\u00e1nt. Rendeld meg most!","og_url":"https:\/\/drescherjewellery.com\/hu\/termek\/ezust-cirkonia-koves-eletfa-medal-rodium-bevonattal-lanc-nelkul\/","og_site_name":"Drescher Jewellery","article_publisher":"https:\/\/www.facebook.com\/drescherjewellery","article_modified_time":"2026-04-01T15:19:20+00:00","og_image":[{"width":1340,"height":1785,"url":"https:\/\/drescherjewellery.com\/wp-content\/uploads\/2025\/10\/Ezust-cirkonia-koves-eletfa-medal-rodium-bevonattal_2.jpg","type":"image\/jpeg"}],"twitter_card":"summary_large_image","twitter_misc":{"Becs\u00fclt olvas\u00e1si id\u0151":"1 perc"},"schema":{"@context":"https:\/\/schema.org","@graph":[{"@type":"WebPage","@id":"https:\/\/drescherjewellery.com\/hu\/termek\/ezust-cirkonia-koves-eletfa-medal-rodium-bevonattal-lanc-nelkul\/","url":"https:\/\/drescherjewellery.com\/hu\/termek\/ezust-cirkonia-koves-eletfa-medal-rodium-bevonattal-lanc-nelkul\/","name":"Ez\u00fcst cirk\u00f3nia k\u00f6ves \u00e9letfa med\u00e1l r\u00f3dium bevonattal \u2013 l\u00e1nc n\u00e9lk\u00fcl | Drescher Jewellery","isPartOf":{"@id":"https:\/\/drescherjewellery.com\/hu\/#website"},"primaryImageOfPage":{"@id":"https:\/\/drescherjewellery.com\/hu\/termek\/ezust-cirkonia-koves-eletfa-medal-rodium-bevonattal-lanc-nelkul\/#primaryimage"},"image":{"@id":"https:\/\/drescherjewellery.com\/hu\/termek\/ezust-cirkonia-koves-eletfa-medal-rodium-bevonattal-lanc-nelkul\/#primaryimage"},"thumbnailUrl":"https:\/\/drescherjewellery.com\/wp-content\/uploads\/2025\/10\/Ezust-cirkonia-koves-eletfa-medal-rodium-bevonattal_2.jpg","datePublished":"2025-10-25T15:01:41+00:00","dateModified":"2026-04-01T15:19:20+00:00","description":"Fedezd fel a leny\u0171g\u00f6z\u0151 Ez\u00fcst cirk\u00f3nia k\u00f6ves \u00e9letfa med\u00e1l r\u00f3dium bevonattal \u2013 l\u00e1nc n\u00e9lk\u00fcl \u00e9kszer\u00fcnket. T\u00f6k\u00e9letes kieg\u00e9sz\u00edt\u0151 mindennapi viselethez \u00e9s k\u00fcl\u00f6nleges alkalmakra egyar\u00e1nt. Rendeld meg most!","breadcrumb":{"@id":"https:\/\/drescherjewellery.com\/hu\/termek\/ezust-cirkonia-koves-eletfa-medal-rodium-bevonattal-lanc-nelkul\/#breadcrumb"},"inLanguage":"hu","potentialAction":[{"@type":"ReadAction","target":["https:\/\/drescherjewellery.com\/hu\/termek\/ezust-cirkonia-koves-eletfa-medal-rodium-bevonattal-lanc-nelkul\/"]}]},{"@type":"ImageObject","inLanguage":"hu","@id":"https:\/\/drescherjewellery.com\/hu\/termek\/ezust-cirkonia-koves-eletfa-medal-rodium-bevonattal-lanc-nelkul\/#primaryimage","url":"https:\/\/drescherjewellery.com\/wp-content\/uploads\/2025\/10\/Ezust-cirkonia-koves-eletfa-medal-rodium-bevonattal_2.jpg","contentUrl":"https:\/\/drescherjewellery.com\/wp-content\/uploads\/2025\/10\/Ezust-cirkonia-koves-eletfa-medal-rodium-bevonattal_2.jpg","width":1340,"height":1785},{"@type":"BreadcrumbList","@id":"https:\/\/drescherjewellery.com\/hu\/termek\/ezust-cirkonia-koves-eletfa-medal-rodium-bevonattal-lanc-nelkul\/#breadcrumb","itemListElement":[{"@type":"ListItem","position":1,"name":"Kezd\u0151lap","item":"https:\/\/drescherjewellery.com\/hu\/"},{"@type":"ListItem","position":2,"name":"Shop","item":"https:\/\/drescherjewellery.com\/shop\/"},{"@type":"ListItem","position":3,"name":"Ez\u00fcst cirk\u00f3nia k\u00f6ves \u00e9letfa med\u00e1l r\u00f3dium bevonattal \u2013 l\u00e1nc n\u00e9lk\u00fcl"}]},{"@type":"WebSite","@id":"https:\/\/drescherjewellery.com\/hu\/#website","url":"https:\/\/drescherjewellery.com\/hu\/","name":"Drescher Jewellery","description":"Tedd t\u00f6k\u00e9letesebb\u00e9 mindennapjaid a Drescher Jewellery \u00e9kszereivel.","publisher":{"@id":"https:\/\/drescherjewellery.com\/hu\/#organization"},"alternateName":"Ez\u00fcst \u00c9kszer Web\u00e1ruh\u00e1z","potentialAction":[{"@type":"SearchAction","target":{"@type":"EntryPoint","urlTemplate":"https:\/\/drescherjewellery.com\/hu\/?s={search_term_string}"},"query-input":{"@type":"PropertyValueSpecification","valueRequired":true,"valueName":"search_term_string"}}],"inLanguage":"hu"},{"@type":"Organization","@id":"https:\/\/drescherjewellery.com\/hu\/#organization","name":"Drescher Jewellery","url":"https:\/\/drescherjewellery.com\/hu\/","logo":{"@type":"ImageObject","inLanguage":"hu","@id":"https:\/\/drescherjewellery.com\/hu\/#\/schema\/logo\/image\/","url":"https:\/\/drescherjewellery.com\/wp-content\/uploads\/2026\/01\/Drescher-Jewellery-wpml.png","contentUrl":"https:\/\/drescherjewellery.com\/wp-content\/uploads\/2026\/01\/Drescher-Jewellery-wpml.png","width":500,"height":500,"caption":"Drescher Jewellery"},"image":{"@id":"https:\/\/drescherjewellery.com\/hu\/#\/schema\/logo\/image\/"},"sameAs":["https:\/\/www.facebook.com\/drescherjewellery","https:\/\/www.instagram.com\/drescherjewellery","https:\/\/www.tiktok.com\/@drescherjewellery"]}]}},"_links":{"self":[{"href":"https:\/\/drescherjewellery.com\/hu\/wp-json\/wp\/v2\/product\/110344","targetHints":{"allow":["GET"]}}],"collection":[{"href":"https:\/\/drescherjewellery.com\/hu\/wp-json\/wp\/v2\/product"}],"about":[{"href":"https:\/\/drescherjewellery.com\/hu\/wp-json\/wp\/v2\/types\/product"}],"version-history":[{"count":1,"href":"https:\/\/drescherjewellery.com\/hu\/wp-json\/wp\/v2\/product\/110344\/revisions"}],"predecessor-version":[{"id":119457,"href":"https:\/\/drescherjewellery.com\/hu\/wp-json\/wp\/v2\/product\/110344\/revisions\/119457"}],"wp:featuredmedia":[{"embeddable":true,"href":"https:\/\/drescherjewellery.com\/hu\/wp-json\/wp\/v2\/media\/110348"}],"wp:attachment":[{"href":"https:\/\/drescherjewellery.com\/hu\/wp-json\/wp\/v2\/media?parent=110344"}],"wp:term":[{"taxonomy":"product_brand","embeddable":true,"href":"https:\/\/drescherjewellery.com\/hu\/wp-json\/wp\/v2\/product_brand?post=110344"},{"taxonomy":"product_cat","embeddable":true,"href":"https:\/\/drescherjewellery.com\/hu\/wp-json\/wp\/v2\/product_cat?post=110344"},{"taxonomy":"product_tag","embeddable":true,"href":"https:\/\/drescherjewellery.com\/hu\/wp-json\/wp\/v2\/product_tag?post=110344"}],"curies":[{"name":"wp","href":"https:\/\/api.w.org\/{rel}","templated":true}]}}