{"id":110486,"date":"2025-10-25T20:13:57","date_gmt":"2025-10-25T18:13:57","guid":{"rendered":"https:\/\/dianasilver.hu\/?post_type=product&#038;p=110486"},"modified":"2026-04-01T17:20:04","modified_gmt":"2026-04-01T15:20:04","slug":"feher-cirkonia-koves-ezust-gyuru-rodium-bevonattal-sokkoves-szoliter-stilusban","status":"publish","type":"product","link":"https:\/\/drescherjewellery.com\/hu\/termek\/feher-cirkonia-koves-ezust-gyuru-rodium-bevonattal-sokkoves-szoliter-stilusban\/","title":{"rendered":"Feh\u00e9r cirk\u00f3nia k\u00f6ves ez\u00fcst gy\u0171r\u0171 r\u00f3dium bevonattal sokk\u00f6ves szoliter st\u00edlusban"},"content":{"rendered":"<h2 data-start=\"273\" data-end=\"362\"><strong data-start=\"273\" data-end=\"360\">Feh\u00e9r cirk\u00f3nia k\u00f6ves szoliter ez\u00fcst gy\u0171r\u0171 \u2013 az elegancia \u00e9s a romantika tal\u00e1lkoz\u00e1sa<\/strong><\/h2>\n<ul data-start=\"364\" data-end=\"980\">\n<li data-start=\"364\" data-end=\"505\">\n<p data-start=\"366\" data-end=\"505\">Kiv\u00e1l\u00f3 min\u0151s\u00e9g\u0171 <strong data-start=\"382\" data-end=\"401\">AG 925 ez\u00fcstb\u0151l<\/strong> k\u00e9sz\u00fclt, <strong data-start=\"411\" data-end=\"432\">r\u00f3dium bevonattal<\/strong>, amely hosszan meg\u0151rzi a gy\u0171r\u0171 f\u00e9ny\u00e9t \u00e9s v\u00e9delmet ny\u00fajt a kop\u00e1s ellen.<\/p>\n<\/li>\n<li data-start=\"506\" data-end=\"669\">\n<p data-start=\"508\" data-end=\"669\">K\u00f6z\u00e9ppontj\u00e1ban egy <strong data-start=\"527\" data-end=\"574\">nagy, brili\u00e1ns csiszol\u00e1s\u00fa feh\u00e9r cirk\u00f3nia k\u0151<\/strong> ragyog, amelyet apr\u00f3bb cirk\u00f3ni\u00e1k koszor\u00faja vesz k\u00f6r\u00fcl \u2013 k\u00e1pr\u00e1zatosan csillog\u00f3 hat\u00e1st keltve.<\/p>\n<\/li>\n<li data-start=\"670\" data-end=\"802\">\n<p data-start=\"672\" data-end=\"802\">Klasszikus <strong data-start=\"683\" data-end=\"702\">szoliter diz\u00e1jn<\/strong>, amely az eljegyz\u00e9si gy\u0171r\u0171k id\u0151tlen eleganci\u00e1j\u00e1t id\u00e9zi, m\u00e9gis modern, letisztult vonalvezet\u00e9ssel.<\/p>\n<\/li>\n<li data-start=\"803\" data-end=\"868\">\n<p data-start=\"805\" data-end=\"868\">Finoman \u00edvelt gy\u0171r\u0171sz\u00e1ra n\u0151ies, eleg\u00e1ns megjelen\u00e9st biztos\u00edt.<\/p>\n<\/li>\n<li data-start=\"869\" data-end=\"980\">\n<p data-start=\"871\" data-end=\"980\">Kiv\u00e1l\u00f3 v\u00e1laszt\u00e1s eljegyz\u00e9shez, aj\u00e1nd\u00e9kba vagy b\u00e1rmely alkalomra, amikor a csillog\u00e1snak k\u00fcl\u00f6n jelent\u00e9se van.<\/p>\n<\/li>\n<\/ul>\n<p data-start=\"982\" data-end=\"1054\" data-is-last-node=\"\" data-is-only-node=\"\">Ez a gy\u0171r\u0171 nemcsak a f\u00e9nyt t\u00fckr\u00f6zi vissza \u2013 hanem az \u00e9rz\u00e9seidet is. \ud83d\udc8e\ud83d\udc96<\/p>\n","protected":false},"excerpt":{"rendered":"<p>T\u00f6k\u00e9letes v\u00e1laszt\u00e1s eljegyz\u00e9sre vagy k\u00fcl\u00f6nleges alkalomra \u2013 ez a <strong data-start=\"161\" data-end=\"193\">szoliter st\u00edlus\u00fa ez\u00fcst gy\u0171r\u0171<\/strong> a tiszta ragyog\u00e1s \u00e9s az \u00f6r\u00f6k szerelem szimb\u00f3luma. \ud83d\udc8d\u2728<\/p>\n","protected":false},"featured_media":110507,"template":"","meta":[],"product_brand":[],"product_cat":[559,25],"product_tag":[513],"class_list":{"0":"post-110486","1":"product","2":"type-product","3":"status-publish","4":"has-post-thumbnail","6":"product_cat-eljegyzesi-gyuru","7":"product_cat-ezust-gyuru","8":"product_tag-noi-ezust-ekszerek","9":"description-off","11":"first","12":"instock","13":"taxable","14":"shipping-taxable","15":"purchasable","16":"product-type-variable"},"yoast_head":"<!-- This site is optimized with the Yoast SEO Premium plugin v26.8 (Yoast SEO v27.4) - https:\/\/yoast.com\/product\/yoast-seo-premium-wordpress\/ -->\n<title>Feh\u00e9r cirk\u00f3nia k\u00f6ves ez\u00fcst gy\u0171r\u0171 r\u00f3dium bevonattal sokk\u00f6ves szoliter st\u00edlusban | Drescher Jewellery<\/title>\n<meta name=\"description\" content=\"Fedezd fel a leny\u0171g\u00f6z\u0151 Feh\u00e9r cirk\u00f3nia k\u00f6ves ez\u00fcst gy\u0171r\u0171 r\u00f3dium bevonattal sokk\u00f6ves szoliter st\u00edlusban \u00e9kszer\u00fcnket. T\u00f6k\u00e9letes kieg\u00e9sz\u00edt\u0151 mindennapi viselethez \u00e9s k\u00fcl\u00f6nleges alkalmakra egyar\u00e1nt. Rendeld meg most!\" \/>\n<meta name=\"robots\" content=\"index, follow, max-snippet:-1, max-image-preview:large, max-video-preview:-1\" \/>\n<link rel=\"canonical\" href=\"https:\/\/drescherjewellery.com\/hu\/termek\/feher-cirkonia-koves-ezust-gyuru-rodium-bevonattal-sokkoves-szoliter-stilusban\/\" \/>\n<meta property=\"og:locale\" content=\"hu_HU\" \/>\n<meta property=\"og:type\" content=\"article\" \/>\n<meta property=\"og:title\" content=\"Feh\u00e9r cirk\u00f3nia k\u00f6ves ez\u00fcst gy\u0171r\u0171 r\u00f3dium bevonattal sokk\u00f6ves szoliter st\u00edlusban\" \/>\n<meta property=\"og:description\" content=\"Fedezd fel a leny\u0171g\u00f6z\u0151 Feh\u00e9r cirk\u00f3nia k\u00f6ves ez\u00fcst gy\u0171r\u0171 r\u00f3dium bevonattal sokk\u00f6ves szoliter st\u00edlusban \u00e9kszer\u00fcnket. T\u00f6k\u00e9letes kieg\u00e9sz\u00edt\u0151 mindennapi viselethez \u00e9s k\u00fcl\u00f6nleges alkalmakra egyar\u00e1nt. Rendeld meg most!\" \/>\n<meta property=\"og:url\" content=\"https:\/\/drescherjewellery.com\/hu\/termek\/feher-cirkonia-koves-ezust-gyuru-rodium-bevonattal-sokkoves-szoliter-stilusban\/\" \/>\n<meta property=\"og:site_name\" content=\"Drescher Jewellery\" \/>\n<meta property=\"article:publisher\" content=\"https:\/\/www.facebook.com\/drescherjewellery\" \/>\n<meta property=\"article:modified_time\" content=\"2026-04-01T15:20:04+00:00\" \/>\n<meta property=\"og:image\" content=\"https:\/\/drescherjewellery.com\/wp-content\/uploads\/2025\/10\/Feher-cirkonia-koves-ezust-gyuru-rodium-bevonattal-sokkoves-szoliter-stilusban_1.jpg\" \/>\n\t<meta property=\"og:image:width\" content=\"1350\" \/>\n\t<meta property=\"og:image:height\" content=\"1800\" \/>\n\t<meta property=\"og:image:type\" content=\"image\/jpeg\" \/>\n<meta name=\"twitter:card\" content=\"summary_large_image\" \/>\n<meta name=\"twitter:label1\" content=\"Becs\u00fclt olvas\u00e1si id\u0151\" \/>\n\t<meta name=\"twitter:data1\" content=\"1 perc\" \/>\n<script type=\"application\/ld+json\" class=\"yoast-schema-graph\">{\"@context\":\"https:\\\/\\\/schema.org\",\"@graph\":[{\"@type\":\"WebPage\",\"@id\":\"https:\\\/\\\/drescherjewellery.com\\\/hu\\\/termek\\\/feher-cirkonia-koves-ezust-gyuru-rodium-bevonattal-sokkoves-szoliter-stilusban\\\/\",\"url\":\"https:\\\/\\\/drescherjewellery.com\\\/hu\\\/termek\\\/feher-cirkonia-koves-ezust-gyuru-rodium-bevonattal-sokkoves-szoliter-stilusban\\\/\",\"name\":\"Feh\u00e9r cirk\u00f3nia k\u00f6ves ez\u00fcst gy\u0171r\u0171 r\u00f3dium bevonattal sokk\u00f6ves szoliter st\u00edlusban | Drescher Jewellery\",\"isPartOf\":{\"@id\":\"https:\\\/\\\/drescherjewellery.com\\\/hu\\\/#website\"},\"primaryImageOfPage\":{\"@id\":\"https:\\\/\\\/drescherjewellery.com\\\/hu\\\/termek\\\/feher-cirkonia-koves-ezust-gyuru-rodium-bevonattal-sokkoves-szoliter-stilusban\\\/#primaryimage\"},\"image\":{\"@id\":\"https:\\\/\\\/drescherjewellery.com\\\/hu\\\/termek\\\/feher-cirkonia-koves-ezust-gyuru-rodium-bevonattal-sokkoves-szoliter-stilusban\\\/#primaryimage\"},\"thumbnailUrl\":\"https:\\\/\\\/drescherjewellery.com\\\/wp-content\\\/uploads\\\/2025\\\/10\\\/Feher-cirkonia-koves-ezust-gyuru-rodium-bevonattal-sokkoves-szoliter-stilusban_1.jpg\",\"datePublished\":\"2025-10-25T18:13:57+00:00\",\"dateModified\":\"2026-04-01T15:20:04+00:00\",\"description\":\"Fedezd fel a leny\u0171g\u00f6z\u0151 Feh\u00e9r cirk\u00f3nia k\u00f6ves ez\u00fcst gy\u0171r\u0171 r\u00f3dium bevonattal sokk\u00f6ves szoliter st\u00edlusban \u00e9kszer\u00fcnket. T\u00f6k\u00e9letes kieg\u00e9sz\u00edt\u0151 mindennapi viselethez \u00e9s k\u00fcl\u00f6nleges alkalmakra egyar\u00e1nt. Rendeld meg most!\",\"breadcrumb\":{\"@id\":\"https:\\\/\\\/drescherjewellery.com\\\/hu\\\/termek\\\/feher-cirkonia-koves-ezust-gyuru-rodium-bevonattal-sokkoves-szoliter-stilusban\\\/#breadcrumb\"},\"inLanguage\":\"hu\",\"potentialAction\":[{\"@type\":\"ReadAction\",\"target\":[\"https:\\\/\\\/drescherjewellery.com\\\/hu\\\/termek\\\/feher-cirkonia-koves-ezust-gyuru-rodium-bevonattal-sokkoves-szoliter-stilusban\\\/\"]}]},{\"@type\":\"ImageObject\",\"inLanguage\":\"hu\",\"@id\":\"https:\\\/\\\/drescherjewellery.com\\\/hu\\\/termek\\\/feher-cirkonia-koves-ezust-gyuru-rodium-bevonattal-sokkoves-szoliter-stilusban\\\/#primaryimage\",\"url\":\"https:\\\/\\\/drescherjewellery.com\\\/wp-content\\\/uploads\\\/2025\\\/10\\\/Feher-cirkonia-koves-ezust-gyuru-rodium-bevonattal-sokkoves-szoliter-stilusban_1.jpg\",\"contentUrl\":\"https:\\\/\\\/drescherjewellery.com\\\/wp-content\\\/uploads\\\/2025\\\/10\\\/Feher-cirkonia-koves-ezust-gyuru-rodium-bevonattal-sokkoves-szoliter-stilusban_1.jpg\",\"width\":1350,\"height\":1800},{\"@type\":\"BreadcrumbList\",\"@id\":\"https:\\\/\\\/drescherjewellery.com\\\/hu\\\/termek\\\/feher-cirkonia-koves-ezust-gyuru-rodium-bevonattal-sokkoves-szoliter-stilusban\\\/#breadcrumb\",\"itemListElement\":[{\"@type\":\"ListItem\",\"position\":1,\"name\":\"Kezd\u0151lap\",\"item\":\"https:\\\/\\\/drescherjewellery.com\\\/hu\\\/\"},{\"@type\":\"ListItem\",\"position\":2,\"name\":\"Shop\",\"item\":\"https:\\\/\\\/drescherjewellery.com\\\/shop\\\/\"},{\"@type\":\"ListItem\",\"position\":3,\"name\":\"Feh\u00e9r cirk\u00f3nia k\u00f6ves ez\u00fcst gy\u0171r\u0171 r\u00f3dium bevonattal sokk\u00f6ves szoliter st\u00edlusban\"}]},{\"@type\":\"WebSite\",\"@id\":\"https:\\\/\\\/drescherjewellery.com\\\/hu\\\/#website\",\"url\":\"https:\\\/\\\/drescherjewellery.com\\\/hu\\\/\",\"name\":\"Drescher Jewellery\",\"description\":\"Tedd t\u00f6k\u00e9letesebb\u00e9 mindennapjaid a Drescher Jewellery \u00e9kszereivel.\",\"publisher\":{\"@id\":\"https:\\\/\\\/drescherjewellery.com\\\/hu\\\/#organization\"},\"alternateName\":\"Ez\u00fcst \u00c9kszer Web\u00e1ruh\u00e1z\",\"potentialAction\":[{\"@type\":\"SearchAction\",\"target\":{\"@type\":\"EntryPoint\",\"urlTemplate\":\"https:\\\/\\\/drescherjewellery.com\\\/hu\\\/?s={search_term_string}\"},\"query-input\":{\"@type\":\"PropertyValueSpecification\",\"valueRequired\":true,\"valueName\":\"search_term_string\"}}],\"inLanguage\":\"hu\"},{\"@type\":\"Organization\",\"@id\":\"https:\\\/\\\/drescherjewellery.com\\\/hu\\\/#organization\",\"name\":\"Drescher Jewellery\",\"url\":\"https:\\\/\\\/drescherjewellery.com\\\/hu\\\/\",\"logo\":{\"@type\":\"ImageObject\",\"inLanguage\":\"hu\",\"@id\":\"https:\\\/\\\/drescherjewellery.com\\\/hu\\\/#\\\/schema\\\/logo\\\/image\\\/\",\"url\":\"https:\\\/\\\/drescherjewellery.com\\\/wp-content\\\/uploads\\\/2026\\\/01\\\/Drescher-Jewellery-wpml.png\",\"contentUrl\":\"https:\\\/\\\/drescherjewellery.com\\\/wp-content\\\/uploads\\\/2026\\\/01\\\/Drescher-Jewellery-wpml.png\",\"width\":500,\"height\":500,\"caption\":\"Drescher Jewellery\"},\"image\":{\"@id\":\"https:\\\/\\\/drescherjewellery.com\\\/hu\\\/#\\\/schema\\\/logo\\\/image\\\/\"},\"sameAs\":[\"https:\\\/\\\/www.facebook.com\\\/drescherjewellery\",\"https:\\\/\\\/www.instagram.com\\\/drescherjewellery\",\"https:\\\/\\\/www.tiktok.com\\\/@drescherjewellery\"]}]}<\/script>\n<!-- \/ Yoast SEO Premium plugin. -->","yoast_head_json":{"title":"Feh\u00e9r cirk\u00f3nia k\u00f6ves ez\u00fcst gy\u0171r\u0171 r\u00f3dium bevonattal sokk\u00f6ves szoliter st\u00edlusban | Drescher Jewellery","description":"Fedezd fel a leny\u0171g\u00f6z\u0151 Feh\u00e9r cirk\u00f3nia k\u00f6ves ez\u00fcst gy\u0171r\u0171 r\u00f3dium bevonattal sokk\u00f6ves szoliter st\u00edlusban \u00e9kszer\u00fcnket. T\u00f6k\u00e9letes kieg\u00e9sz\u00edt\u0151 mindennapi viselethez \u00e9s k\u00fcl\u00f6nleges alkalmakra egyar\u00e1nt. Rendeld meg most!","robots":{"index":"index","follow":"follow","max-snippet":"max-snippet:-1","max-image-preview":"max-image-preview:large","max-video-preview":"max-video-preview:-1"},"canonical":"https:\/\/drescherjewellery.com\/hu\/termek\/feher-cirkonia-koves-ezust-gyuru-rodium-bevonattal-sokkoves-szoliter-stilusban\/","og_locale":"hu_HU","og_type":"article","og_title":"Feh\u00e9r cirk\u00f3nia k\u00f6ves ez\u00fcst gy\u0171r\u0171 r\u00f3dium bevonattal sokk\u00f6ves szoliter st\u00edlusban","og_description":"Fedezd fel a leny\u0171g\u00f6z\u0151 Feh\u00e9r cirk\u00f3nia k\u00f6ves ez\u00fcst gy\u0171r\u0171 r\u00f3dium bevonattal sokk\u00f6ves szoliter st\u00edlusban \u00e9kszer\u00fcnket. T\u00f6k\u00e9letes kieg\u00e9sz\u00edt\u0151 mindennapi viselethez \u00e9s k\u00fcl\u00f6nleges alkalmakra egyar\u00e1nt. Rendeld meg most!","og_url":"https:\/\/drescherjewellery.com\/hu\/termek\/feher-cirkonia-koves-ezust-gyuru-rodium-bevonattal-sokkoves-szoliter-stilusban\/","og_site_name":"Drescher Jewellery","article_publisher":"https:\/\/www.facebook.com\/drescherjewellery","article_modified_time":"2026-04-01T15:20:04+00:00","og_image":[{"width":1350,"height":1800,"url":"https:\/\/drescherjewellery.com\/wp-content\/uploads\/2025\/10\/Feher-cirkonia-koves-ezust-gyuru-rodium-bevonattal-sokkoves-szoliter-stilusban_1.jpg","type":"image\/jpeg"}],"twitter_card":"summary_large_image","twitter_misc":{"Becs\u00fclt olvas\u00e1si id\u0151":"1 perc"},"schema":{"@context":"https:\/\/schema.org","@graph":[{"@type":"WebPage","@id":"https:\/\/drescherjewellery.com\/hu\/termek\/feher-cirkonia-koves-ezust-gyuru-rodium-bevonattal-sokkoves-szoliter-stilusban\/","url":"https:\/\/drescherjewellery.com\/hu\/termek\/feher-cirkonia-koves-ezust-gyuru-rodium-bevonattal-sokkoves-szoliter-stilusban\/","name":"Feh\u00e9r cirk\u00f3nia k\u00f6ves ez\u00fcst gy\u0171r\u0171 r\u00f3dium bevonattal sokk\u00f6ves szoliter st\u00edlusban | Drescher Jewellery","isPartOf":{"@id":"https:\/\/drescherjewellery.com\/hu\/#website"},"primaryImageOfPage":{"@id":"https:\/\/drescherjewellery.com\/hu\/termek\/feher-cirkonia-koves-ezust-gyuru-rodium-bevonattal-sokkoves-szoliter-stilusban\/#primaryimage"},"image":{"@id":"https:\/\/drescherjewellery.com\/hu\/termek\/feher-cirkonia-koves-ezust-gyuru-rodium-bevonattal-sokkoves-szoliter-stilusban\/#primaryimage"},"thumbnailUrl":"https:\/\/drescherjewellery.com\/wp-content\/uploads\/2025\/10\/Feher-cirkonia-koves-ezust-gyuru-rodium-bevonattal-sokkoves-szoliter-stilusban_1.jpg","datePublished":"2025-10-25T18:13:57+00:00","dateModified":"2026-04-01T15:20:04+00:00","description":"Fedezd fel a leny\u0171g\u00f6z\u0151 Feh\u00e9r cirk\u00f3nia k\u00f6ves ez\u00fcst gy\u0171r\u0171 r\u00f3dium bevonattal sokk\u00f6ves szoliter st\u00edlusban \u00e9kszer\u00fcnket. T\u00f6k\u00e9letes kieg\u00e9sz\u00edt\u0151 mindennapi viselethez \u00e9s k\u00fcl\u00f6nleges alkalmakra egyar\u00e1nt. Rendeld meg most!","breadcrumb":{"@id":"https:\/\/drescherjewellery.com\/hu\/termek\/feher-cirkonia-koves-ezust-gyuru-rodium-bevonattal-sokkoves-szoliter-stilusban\/#breadcrumb"},"inLanguage":"hu","potentialAction":[{"@type":"ReadAction","target":["https:\/\/drescherjewellery.com\/hu\/termek\/feher-cirkonia-koves-ezust-gyuru-rodium-bevonattal-sokkoves-szoliter-stilusban\/"]}]},{"@type":"ImageObject","inLanguage":"hu","@id":"https:\/\/drescherjewellery.com\/hu\/termek\/feher-cirkonia-koves-ezust-gyuru-rodium-bevonattal-sokkoves-szoliter-stilusban\/#primaryimage","url":"https:\/\/drescherjewellery.com\/wp-content\/uploads\/2025\/10\/Feher-cirkonia-koves-ezust-gyuru-rodium-bevonattal-sokkoves-szoliter-stilusban_1.jpg","contentUrl":"https:\/\/drescherjewellery.com\/wp-content\/uploads\/2025\/10\/Feher-cirkonia-koves-ezust-gyuru-rodium-bevonattal-sokkoves-szoliter-stilusban_1.jpg","width":1350,"height":1800},{"@type":"BreadcrumbList","@id":"https:\/\/drescherjewellery.com\/hu\/termek\/feher-cirkonia-koves-ezust-gyuru-rodium-bevonattal-sokkoves-szoliter-stilusban\/#breadcrumb","itemListElement":[{"@type":"ListItem","position":1,"name":"Kezd\u0151lap","item":"https:\/\/drescherjewellery.com\/hu\/"},{"@type":"ListItem","position":2,"name":"Shop","item":"https:\/\/drescherjewellery.com\/shop\/"},{"@type":"ListItem","position":3,"name":"Feh\u00e9r cirk\u00f3nia k\u00f6ves ez\u00fcst gy\u0171r\u0171 r\u00f3dium bevonattal sokk\u00f6ves szoliter st\u00edlusban"}]},{"@type":"WebSite","@id":"https:\/\/drescherjewellery.com\/hu\/#website","url":"https:\/\/drescherjewellery.com\/hu\/","name":"Drescher Jewellery","description":"Tedd t\u00f6k\u00e9letesebb\u00e9 mindennapjaid a Drescher Jewellery \u00e9kszereivel.","publisher":{"@id":"https:\/\/drescherjewellery.com\/hu\/#organization"},"alternateName":"Ez\u00fcst \u00c9kszer Web\u00e1ruh\u00e1z","potentialAction":[{"@type":"SearchAction","target":{"@type":"EntryPoint","urlTemplate":"https:\/\/drescherjewellery.com\/hu\/?s={search_term_string}"},"query-input":{"@type":"PropertyValueSpecification","valueRequired":true,"valueName":"search_term_string"}}],"inLanguage":"hu"},{"@type":"Organization","@id":"https:\/\/drescherjewellery.com\/hu\/#organization","name":"Drescher Jewellery","url":"https:\/\/drescherjewellery.com\/hu\/","logo":{"@type":"ImageObject","inLanguage":"hu","@id":"https:\/\/drescherjewellery.com\/hu\/#\/schema\/logo\/image\/","url":"https:\/\/drescherjewellery.com\/wp-content\/uploads\/2026\/01\/Drescher-Jewellery-wpml.png","contentUrl":"https:\/\/drescherjewellery.com\/wp-content\/uploads\/2026\/01\/Drescher-Jewellery-wpml.png","width":500,"height":500,"caption":"Drescher Jewellery"},"image":{"@id":"https:\/\/drescherjewellery.com\/hu\/#\/schema\/logo\/image\/"},"sameAs":["https:\/\/www.facebook.com\/drescherjewellery","https:\/\/www.instagram.com\/drescherjewellery","https:\/\/www.tiktok.com\/@drescherjewellery"]}]}},"_links":{"self":[{"href":"https:\/\/drescherjewellery.com\/hu\/wp-json\/wp\/v2\/product\/110486","targetHints":{"allow":["GET"]}}],"collection":[{"href":"https:\/\/drescherjewellery.com\/hu\/wp-json\/wp\/v2\/product"}],"about":[{"href":"https:\/\/drescherjewellery.com\/hu\/wp-json\/wp\/v2\/types\/product"}],"version-history":[{"count":1,"href":"https:\/\/drescherjewellery.com\/hu\/wp-json\/wp\/v2\/product\/110486\/revisions"}],"predecessor-version":[{"id":119465,"href":"https:\/\/drescherjewellery.com\/hu\/wp-json\/wp\/v2\/product\/110486\/revisions\/119465"}],"wp:featuredmedia":[{"embeddable":true,"href":"https:\/\/drescherjewellery.com\/hu\/wp-json\/wp\/v2\/media\/110507"}],"wp:attachment":[{"href":"https:\/\/drescherjewellery.com\/hu\/wp-json\/wp\/v2\/media?parent=110486"}],"wp:term":[{"taxonomy":"product_brand","embeddable":true,"href":"https:\/\/drescherjewellery.com\/hu\/wp-json\/wp\/v2\/product_brand?post=110486"},{"taxonomy":"product_cat","embeddable":true,"href":"https:\/\/drescherjewellery.com\/hu\/wp-json\/wp\/v2\/product_cat?post=110486"},{"taxonomy":"product_tag","embeddable":true,"href":"https:\/\/drescherjewellery.com\/hu\/wp-json\/wp\/v2\/product_tag?post=110486"}],"curies":[{"name":"wp","href":"https:\/\/api.w.org\/{rel}","templated":true}]}}