{"id":110511,"date":"2025-10-25T20:43:48","date_gmt":"2025-10-25T18:43:48","guid":{"rendered":"https:\/\/dianasilver.hu\/?post_type=product&#038;p=110511"},"modified":"2026-04-01T17:20:03","modified_gmt":"2026-04-01T15:20:03","slug":"feher-cirkonia-koves-ezust-gyuru-rodium-bevonattal-klasszikus-szoliter-eljegyzesi-gyuru","status":"publish","type":"product","link":"https:\/\/drescherjewellery.com\/hu\/termek\/feher-cirkonia-koves-ezust-gyuru-rodium-bevonattal-klasszikus-szoliter-eljegyzesi-gyuru\/","title":{"rendered":"Feh\u00e9r cirk\u00f3nia k\u00f6ves ez\u00fcst gy\u0171r\u0171 r\u00f3dium bevonattal \u2013 klasszikus szoliter eljegyz\u00e9si gy\u0171r\u0171"},"content":{"rendered":"<h2 data-start=\"322\" data-end=\"411\"><strong data-start=\"322\" data-end=\"409\">Feh\u00e9r cirk\u00f3nia k\u00f6ves szoliter ez\u00fcst gy\u0171r\u0171 \u2013 a szerelem ragyog\u00e1sa minden pillanatban<\/strong><\/h2>\n<ul data-start=\"413\" data-end=\"968\">\n<li data-start=\"413\" data-end=\"538\">\n<p data-start=\"415\" data-end=\"538\">Kiv\u00e1l\u00f3 min\u0151s\u00e9g\u0171 <strong data-start=\"431\" data-end=\"450\">AG 925 ez\u00fcstb\u0151l<\/strong> k\u00e9sz\u00fclt, <strong data-start=\"460\" data-end=\"481\">r\u00f3dium bevonattal<\/strong>, amely extra f\u00e9nyt ad \u00e9s v\u00e9di a gy\u0171r\u0171t az oxid\u00e1ci\u00f3t\u00f3l.<\/p>\n<\/li>\n<li data-start=\"539\" data-end=\"673\">\n<p data-start=\"541\" data-end=\"673\">K\u00f6z\u00e9pen egy <strong data-start=\"553\" data-end=\"594\">brili\u00e1ns csiszol\u00e1s\u00fa feh\u00e9r cirk\u00f3nia k\u0151<\/strong> t\u00fcnd\u00f6k\u00f6l, amelyet a gy\u0171r\u0171 sz\u00e1r\u00e1n sorakoz\u00f3 apr\u00f3bb k\u00f6vek m\u00e9g jobban kiemelnek.<\/p>\n<\/li>\n<li data-start=\"674\" data-end=\"779\">\n<p data-start=\"676\" data-end=\"779\">A szoliter st\u00edlus a klasszikus eljegyz\u00e9si gy\u0171r\u0171k \u00f6r\u00f6k jelk\u00e9pe \u2013 letisztult, eleg\u00e1ns, m\u00e9gis l\u00e1tv\u00e1nyos.<\/p>\n<\/li>\n<li data-start=\"780\" data-end=\"874\">\n<p data-start=\"782\" data-end=\"874\">Finoman \u00edvelt vonalai n\u0151ies megjelen\u00e9st k\u00f6lcs\u00f6n\u00f6znek, mik\u00f6zben a k\u0151 minden sz\u00f6gb\u0151l ragyog.<\/p>\n<\/li>\n<li data-start=\"875\" data-end=\"968\">\n<p data-start=\"877\" data-end=\"968\">Ide\u00e1lis v\u00e1laszt\u00e1s eljegyz\u00e9shez, \u00e9vfordul\u00f3ra vagy aj\u00e1nd\u00e9kk\u00e9nt annak, akit igaz\u00e1n szeretsz.<\/p>\n<\/li>\n<\/ul>\n<p data-start=\"970\" data-end=\"1041\" data-is-last-node=\"\" data-is-only-node=\"\">A h\u00e1rom sz\u00f3, ami jellemzi: <strong data-start=\"997\" data-end=\"1036\">ragyog\u00e1s, tisztas\u00e1g, \u00f6r\u00f6kk\u00e9val\u00f3s\u00e1g.<\/strong> \ud83d\udc8e\ud83d\udc96<\/p>\n","protected":false},"excerpt":{"rendered":"<p>T\u00f6k\u00e9letes v\u00e1laszt\u00e1s, ha egy gy\u0171r\u0171vel szeretn\u00e9d kifejezni az \u00f6r\u00f6k szerelmet \u00e9s a tiszta \u00e9rzelmeket. Ez a <strong data-start=\"210\" data-end=\"255\">feh\u00e9r cirk\u00f3nia k\u00f6ves szoliter ez\u00fcst gy\u0171r\u0171<\/strong> az elegancia \u00e9s n\u0151iess\u00e9g szimb\u00f3luma. \ud83d\udc8d\u2728<\/p>\n","protected":false},"featured_media":110521,"template":"","meta":[],"product_brand":[],"product_cat":[559,25],"product_tag":[513],"class_list":{"0":"post-110511","1":"product","2":"type-product","3":"status-publish","4":"has-post-thumbnail","6":"product_cat-eljegyzesi-gyuru","7":"product_cat-ezust-gyuru","8":"product_tag-noi-ezust-ekszerek","9":"description-off","11":"first","12":"instock","13":"taxable","14":"shipping-taxable","15":"purchasable","16":"product-type-variable"},"yoast_head":"<!-- This site is optimized with the Yoast SEO Premium plugin v26.8 (Yoast SEO v27.4) - https:\/\/yoast.com\/product\/yoast-seo-premium-wordpress\/ -->\n<title>Feh\u00e9r cirk\u00f3nia k\u00f6ves ez\u00fcst gy\u0171r\u0171 r\u00f3dium bevonattal \u2013 klasszikus szoliter eljegyz\u00e9si gy\u0171r\u0171 | Drescher Jewellery<\/title>\n<meta name=\"description\" content=\"Fedezd fel a leny\u0171g\u00f6z\u0151 Feh\u00e9r cirk\u00f3nia k\u00f6ves ez\u00fcst gy\u0171r\u0171 r\u00f3dium bevonattal \u2013 klasszikus szoliter eljegyz\u00e9si gy\u0171r\u0171 \u00e9kszer\u00fcnket. T\u00f6k\u00e9letes kieg\u00e9sz\u00edt\u0151 mindennapi viselethez \u00e9s k\u00fcl\u00f6nleges alkalmakra egyar\u00e1nt. Rendeld meg most!\" \/>\n<meta name=\"robots\" content=\"index, follow, max-snippet:-1, max-image-preview:large, max-video-preview:-1\" \/>\n<link rel=\"canonical\" href=\"https:\/\/drescherjewellery.com\/hu\/termek\/feher-cirkonia-koves-ezust-gyuru-rodium-bevonattal-klasszikus-szoliter-eljegyzesi-gyuru\/\" \/>\n<meta property=\"og:locale\" content=\"hu_HU\" \/>\n<meta property=\"og:type\" content=\"article\" \/>\n<meta property=\"og:title\" content=\"Feh\u00e9r cirk\u00f3nia k\u00f6ves ez\u00fcst gy\u0171r\u0171 r\u00f3dium bevonattal \u2013 klasszikus szoliter eljegyz\u00e9si gy\u0171r\u0171\" \/>\n<meta property=\"og:description\" content=\"Fedezd fel a leny\u0171g\u00f6z\u0151 Feh\u00e9r cirk\u00f3nia k\u00f6ves ez\u00fcst gy\u0171r\u0171 r\u00f3dium bevonattal \u2013 klasszikus szoliter eljegyz\u00e9si gy\u0171r\u0171 \u00e9kszer\u00fcnket. T\u00f6k\u00e9letes kieg\u00e9sz\u00edt\u0151 mindennapi viselethez \u00e9s k\u00fcl\u00f6nleges alkalmakra egyar\u00e1nt. Rendeld meg most!\" \/>\n<meta property=\"og:url\" content=\"https:\/\/drescherjewellery.com\/hu\/termek\/feher-cirkonia-koves-ezust-gyuru-rodium-bevonattal-klasszikus-szoliter-eljegyzesi-gyuru\/\" \/>\n<meta property=\"og:site_name\" content=\"Drescher Jewellery\" \/>\n<meta property=\"article:publisher\" content=\"https:\/\/www.facebook.com\/drescherjewellery\" \/>\n<meta property=\"article:modified_time\" content=\"2026-04-01T15:20:03+00:00\" \/>\n<meta property=\"og:image\" content=\"https:\/\/drescherjewellery.com\/wp-content\/uploads\/2025\/10\/Feher-cirkonia-koves-ezust-gyuru-rodium-bevonattal_1.jpg\" \/>\n\t<meta property=\"og:image:width\" content=\"1350\" \/>\n\t<meta property=\"og:image:height\" content=\"1800\" \/>\n\t<meta property=\"og:image:type\" content=\"image\/jpeg\" \/>\n<meta name=\"twitter:card\" content=\"summary_large_image\" \/>\n<meta name=\"twitter:label1\" content=\"Becs\u00fclt olvas\u00e1si id\u0151\" \/>\n\t<meta name=\"twitter:data1\" content=\"1 perc\" \/>\n<script type=\"application\/ld+json\" class=\"yoast-schema-graph\">{\"@context\":\"https:\\\/\\\/schema.org\",\"@graph\":[{\"@type\":\"WebPage\",\"@id\":\"https:\\\/\\\/drescherjewellery.com\\\/hu\\\/termek\\\/feher-cirkonia-koves-ezust-gyuru-rodium-bevonattal-klasszikus-szoliter-eljegyzesi-gyuru\\\/\",\"url\":\"https:\\\/\\\/drescherjewellery.com\\\/hu\\\/termek\\\/feher-cirkonia-koves-ezust-gyuru-rodium-bevonattal-klasszikus-szoliter-eljegyzesi-gyuru\\\/\",\"name\":\"Feh\u00e9r cirk\u00f3nia k\u00f6ves ez\u00fcst gy\u0171r\u0171 r\u00f3dium bevonattal \u2013 klasszikus szoliter eljegyz\u00e9si gy\u0171r\u0171 | Drescher Jewellery\",\"isPartOf\":{\"@id\":\"https:\\\/\\\/drescherjewellery.com\\\/hu\\\/#website\"},\"primaryImageOfPage\":{\"@id\":\"https:\\\/\\\/drescherjewellery.com\\\/hu\\\/termek\\\/feher-cirkonia-koves-ezust-gyuru-rodium-bevonattal-klasszikus-szoliter-eljegyzesi-gyuru\\\/#primaryimage\"},\"image\":{\"@id\":\"https:\\\/\\\/drescherjewellery.com\\\/hu\\\/termek\\\/feher-cirkonia-koves-ezust-gyuru-rodium-bevonattal-klasszikus-szoliter-eljegyzesi-gyuru\\\/#primaryimage\"},\"thumbnailUrl\":\"https:\\\/\\\/drescherjewellery.com\\\/wp-content\\\/uploads\\\/2025\\\/10\\\/Feher-cirkonia-koves-ezust-gyuru-rodium-bevonattal_1.jpg\",\"datePublished\":\"2025-10-25T18:43:48+00:00\",\"dateModified\":\"2026-04-01T15:20:03+00:00\",\"description\":\"Fedezd fel a leny\u0171g\u00f6z\u0151 Feh\u00e9r cirk\u00f3nia k\u00f6ves ez\u00fcst gy\u0171r\u0171 r\u00f3dium bevonattal \u2013 klasszikus szoliter eljegyz\u00e9si gy\u0171r\u0171 \u00e9kszer\u00fcnket. T\u00f6k\u00e9letes kieg\u00e9sz\u00edt\u0151 mindennapi viselethez \u00e9s k\u00fcl\u00f6nleges alkalmakra egyar\u00e1nt. Rendeld meg most!\",\"breadcrumb\":{\"@id\":\"https:\\\/\\\/drescherjewellery.com\\\/hu\\\/termek\\\/feher-cirkonia-koves-ezust-gyuru-rodium-bevonattal-klasszikus-szoliter-eljegyzesi-gyuru\\\/#breadcrumb\"},\"inLanguage\":\"hu\",\"potentialAction\":[{\"@type\":\"ReadAction\",\"target\":[\"https:\\\/\\\/drescherjewellery.com\\\/hu\\\/termek\\\/feher-cirkonia-koves-ezust-gyuru-rodium-bevonattal-klasszikus-szoliter-eljegyzesi-gyuru\\\/\"]}]},{\"@type\":\"ImageObject\",\"inLanguage\":\"hu\",\"@id\":\"https:\\\/\\\/drescherjewellery.com\\\/hu\\\/termek\\\/feher-cirkonia-koves-ezust-gyuru-rodium-bevonattal-klasszikus-szoliter-eljegyzesi-gyuru\\\/#primaryimage\",\"url\":\"https:\\\/\\\/drescherjewellery.com\\\/wp-content\\\/uploads\\\/2025\\\/10\\\/Feher-cirkonia-koves-ezust-gyuru-rodium-bevonattal_1.jpg\",\"contentUrl\":\"https:\\\/\\\/drescherjewellery.com\\\/wp-content\\\/uploads\\\/2025\\\/10\\\/Feher-cirkonia-koves-ezust-gyuru-rodium-bevonattal_1.jpg\",\"width\":1350,\"height\":1800},{\"@type\":\"BreadcrumbList\",\"@id\":\"https:\\\/\\\/drescherjewellery.com\\\/hu\\\/termek\\\/feher-cirkonia-koves-ezust-gyuru-rodium-bevonattal-klasszikus-szoliter-eljegyzesi-gyuru\\\/#breadcrumb\",\"itemListElement\":[{\"@type\":\"ListItem\",\"position\":1,\"name\":\"Kezd\u0151lap\",\"item\":\"https:\\\/\\\/drescherjewellery.com\\\/hu\\\/\"},{\"@type\":\"ListItem\",\"position\":2,\"name\":\"Shop\",\"item\":\"https:\\\/\\\/drescherjewellery.com\\\/shop\\\/\"},{\"@type\":\"ListItem\",\"position\":3,\"name\":\"Feh\u00e9r cirk\u00f3nia k\u00f6ves ez\u00fcst gy\u0171r\u0171 r\u00f3dium bevonattal \u2013 klasszikus szoliter eljegyz\u00e9si gy\u0171r\u0171\"}]},{\"@type\":\"WebSite\",\"@id\":\"https:\\\/\\\/drescherjewellery.com\\\/hu\\\/#website\",\"url\":\"https:\\\/\\\/drescherjewellery.com\\\/hu\\\/\",\"name\":\"Drescher Jewellery\",\"description\":\"Tedd t\u00f6k\u00e9letesebb\u00e9 mindennapjaid a Drescher Jewellery \u00e9kszereivel.\",\"publisher\":{\"@id\":\"https:\\\/\\\/drescherjewellery.com\\\/hu\\\/#organization\"},\"alternateName\":\"Ez\u00fcst \u00c9kszer Web\u00e1ruh\u00e1z\",\"potentialAction\":[{\"@type\":\"SearchAction\",\"target\":{\"@type\":\"EntryPoint\",\"urlTemplate\":\"https:\\\/\\\/drescherjewellery.com\\\/hu\\\/?s={search_term_string}\"},\"query-input\":{\"@type\":\"PropertyValueSpecification\",\"valueRequired\":true,\"valueName\":\"search_term_string\"}}],\"inLanguage\":\"hu\"},{\"@type\":\"Organization\",\"@id\":\"https:\\\/\\\/drescherjewellery.com\\\/hu\\\/#organization\",\"name\":\"Drescher Jewellery\",\"url\":\"https:\\\/\\\/drescherjewellery.com\\\/hu\\\/\",\"logo\":{\"@type\":\"ImageObject\",\"inLanguage\":\"hu\",\"@id\":\"https:\\\/\\\/drescherjewellery.com\\\/hu\\\/#\\\/schema\\\/logo\\\/image\\\/\",\"url\":\"https:\\\/\\\/drescherjewellery.com\\\/wp-content\\\/uploads\\\/2026\\\/01\\\/Drescher-Jewellery-wpml.png\",\"contentUrl\":\"https:\\\/\\\/drescherjewellery.com\\\/wp-content\\\/uploads\\\/2026\\\/01\\\/Drescher-Jewellery-wpml.png\",\"width\":500,\"height\":500,\"caption\":\"Drescher Jewellery\"},\"image\":{\"@id\":\"https:\\\/\\\/drescherjewellery.com\\\/hu\\\/#\\\/schema\\\/logo\\\/image\\\/\"},\"sameAs\":[\"https:\\\/\\\/www.facebook.com\\\/drescherjewellery\",\"https:\\\/\\\/www.instagram.com\\\/drescherjewellery\",\"https:\\\/\\\/www.tiktok.com\\\/@drescherjewellery\"]}]}<\/script>\n<!-- \/ Yoast SEO Premium plugin. -->","yoast_head_json":{"title":"Feh\u00e9r cirk\u00f3nia k\u00f6ves ez\u00fcst gy\u0171r\u0171 r\u00f3dium bevonattal \u2013 klasszikus szoliter eljegyz\u00e9si gy\u0171r\u0171 | Drescher Jewellery","description":"Fedezd fel a leny\u0171g\u00f6z\u0151 Feh\u00e9r cirk\u00f3nia k\u00f6ves ez\u00fcst gy\u0171r\u0171 r\u00f3dium bevonattal \u2013 klasszikus szoliter eljegyz\u00e9si gy\u0171r\u0171 \u00e9kszer\u00fcnket. T\u00f6k\u00e9letes kieg\u00e9sz\u00edt\u0151 mindennapi viselethez \u00e9s k\u00fcl\u00f6nleges alkalmakra egyar\u00e1nt. Rendeld meg most!","robots":{"index":"index","follow":"follow","max-snippet":"max-snippet:-1","max-image-preview":"max-image-preview:large","max-video-preview":"max-video-preview:-1"},"canonical":"https:\/\/drescherjewellery.com\/hu\/termek\/feher-cirkonia-koves-ezust-gyuru-rodium-bevonattal-klasszikus-szoliter-eljegyzesi-gyuru\/","og_locale":"hu_HU","og_type":"article","og_title":"Feh\u00e9r cirk\u00f3nia k\u00f6ves ez\u00fcst gy\u0171r\u0171 r\u00f3dium bevonattal \u2013 klasszikus szoliter eljegyz\u00e9si gy\u0171r\u0171","og_description":"Fedezd fel a leny\u0171g\u00f6z\u0151 Feh\u00e9r cirk\u00f3nia k\u00f6ves ez\u00fcst gy\u0171r\u0171 r\u00f3dium bevonattal \u2013 klasszikus szoliter eljegyz\u00e9si gy\u0171r\u0171 \u00e9kszer\u00fcnket. T\u00f6k\u00e9letes kieg\u00e9sz\u00edt\u0151 mindennapi viselethez \u00e9s k\u00fcl\u00f6nleges alkalmakra egyar\u00e1nt. Rendeld meg most!","og_url":"https:\/\/drescherjewellery.com\/hu\/termek\/feher-cirkonia-koves-ezust-gyuru-rodium-bevonattal-klasszikus-szoliter-eljegyzesi-gyuru\/","og_site_name":"Drescher Jewellery","article_publisher":"https:\/\/www.facebook.com\/drescherjewellery","article_modified_time":"2026-04-01T15:20:03+00:00","og_image":[{"width":1350,"height":1800,"url":"https:\/\/drescherjewellery.com\/wp-content\/uploads\/2025\/10\/Feher-cirkonia-koves-ezust-gyuru-rodium-bevonattal_1.jpg","type":"image\/jpeg"}],"twitter_card":"summary_large_image","twitter_misc":{"Becs\u00fclt olvas\u00e1si id\u0151":"1 perc"},"schema":{"@context":"https:\/\/schema.org","@graph":[{"@type":"WebPage","@id":"https:\/\/drescherjewellery.com\/hu\/termek\/feher-cirkonia-koves-ezust-gyuru-rodium-bevonattal-klasszikus-szoliter-eljegyzesi-gyuru\/","url":"https:\/\/drescherjewellery.com\/hu\/termek\/feher-cirkonia-koves-ezust-gyuru-rodium-bevonattal-klasszikus-szoliter-eljegyzesi-gyuru\/","name":"Feh\u00e9r cirk\u00f3nia k\u00f6ves ez\u00fcst gy\u0171r\u0171 r\u00f3dium bevonattal \u2013 klasszikus szoliter eljegyz\u00e9si gy\u0171r\u0171 | Drescher Jewellery","isPartOf":{"@id":"https:\/\/drescherjewellery.com\/hu\/#website"},"primaryImageOfPage":{"@id":"https:\/\/drescherjewellery.com\/hu\/termek\/feher-cirkonia-koves-ezust-gyuru-rodium-bevonattal-klasszikus-szoliter-eljegyzesi-gyuru\/#primaryimage"},"image":{"@id":"https:\/\/drescherjewellery.com\/hu\/termek\/feher-cirkonia-koves-ezust-gyuru-rodium-bevonattal-klasszikus-szoliter-eljegyzesi-gyuru\/#primaryimage"},"thumbnailUrl":"https:\/\/drescherjewellery.com\/wp-content\/uploads\/2025\/10\/Feher-cirkonia-koves-ezust-gyuru-rodium-bevonattal_1.jpg","datePublished":"2025-10-25T18:43:48+00:00","dateModified":"2026-04-01T15:20:03+00:00","description":"Fedezd fel a leny\u0171g\u00f6z\u0151 Feh\u00e9r cirk\u00f3nia k\u00f6ves ez\u00fcst gy\u0171r\u0171 r\u00f3dium bevonattal \u2013 klasszikus szoliter eljegyz\u00e9si gy\u0171r\u0171 \u00e9kszer\u00fcnket. T\u00f6k\u00e9letes kieg\u00e9sz\u00edt\u0151 mindennapi viselethez \u00e9s k\u00fcl\u00f6nleges alkalmakra egyar\u00e1nt. Rendeld meg most!","breadcrumb":{"@id":"https:\/\/drescherjewellery.com\/hu\/termek\/feher-cirkonia-koves-ezust-gyuru-rodium-bevonattal-klasszikus-szoliter-eljegyzesi-gyuru\/#breadcrumb"},"inLanguage":"hu","potentialAction":[{"@type":"ReadAction","target":["https:\/\/drescherjewellery.com\/hu\/termek\/feher-cirkonia-koves-ezust-gyuru-rodium-bevonattal-klasszikus-szoliter-eljegyzesi-gyuru\/"]}]},{"@type":"ImageObject","inLanguage":"hu","@id":"https:\/\/drescherjewellery.com\/hu\/termek\/feher-cirkonia-koves-ezust-gyuru-rodium-bevonattal-klasszikus-szoliter-eljegyzesi-gyuru\/#primaryimage","url":"https:\/\/drescherjewellery.com\/wp-content\/uploads\/2025\/10\/Feher-cirkonia-koves-ezust-gyuru-rodium-bevonattal_1.jpg","contentUrl":"https:\/\/drescherjewellery.com\/wp-content\/uploads\/2025\/10\/Feher-cirkonia-koves-ezust-gyuru-rodium-bevonattal_1.jpg","width":1350,"height":1800},{"@type":"BreadcrumbList","@id":"https:\/\/drescherjewellery.com\/hu\/termek\/feher-cirkonia-koves-ezust-gyuru-rodium-bevonattal-klasszikus-szoliter-eljegyzesi-gyuru\/#breadcrumb","itemListElement":[{"@type":"ListItem","position":1,"name":"Kezd\u0151lap","item":"https:\/\/drescherjewellery.com\/hu\/"},{"@type":"ListItem","position":2,"name":"Shop","item":"https:\/\/drescherjewellery.com\/shop\/"},{"@type":"ListItem","position":3,"name":"Feh\u00e9r cirk\u00f3nia k\u00f6ves ez\u00fcst gy\u0171r\u0171 r\u00f3dium bevonattal \u2013 klasszikus szoliter eljegyz\u00e9si gy\u0171r\u0171"}]},{"@type":"WebSite","@id":"https:\/\/drescherjewellery.com\/hu\/#website","url":"https:\/\/drescherjewellery.com\/hu\/","name":"Drescher Jewellery","description":"Tedd t\u00f6k\u00e9letesebb\u00e9 mindennapjaid a Drescher Jewellery \u00e9kszereivel.","publisher":{"@id":"https:\/\/drescherjewellery.com\/hu\/#organization"},"alternateName":"Ez\u00fcst \u00c9kszer Web\u00e1ruh\u00e1z","potentialAction":[{"@type":"SearchAction","target":{"@type":"EntryPoint","urlTemplate":"https:\/\/drescherjewellery.com\/hu\/?s={search_term_string}"},"query-input":{"@type":"PropertyValueSpecification","valueRequired":true,"valueName":"search_term_string"}}],"inLanguage":"hu"},{"@type":"Organization","@id":"https:\/\/drescherjewellery.com\/hu\/#organization","name":"Drescher Jewellery","url":"https:\/\/drescherjewellery.com\/hu\/","logo":{"@type":"ImageObject","inLanguage":"hu","@id":"https:\/\/drescherjewellery.com\/hu\/#\/schema\/logo\/image\/","url":"https:\/\/drescherjewellery.com\/wp-content\/uploads\/2026\/01\/Drescher-Jewellery-wpml.png","contentUrl":"https:\/\/drescherjewellery.com\/wp-content\/uploads\/2026\/01\/Drescher-Jewellery-wpml.png","width":500,"height":500,"caption":"Drescher Jewellery"},"image":{"@id":"https:\/\/drescherjewellery.com\/hu\/#\/schema\/logo\/image\/"},"sameAs":["https:\/\/www.facebook.com\/drescherjewellery","https:\/\/www.instagram.com\/drescherjewellery","https:\/\/www.tiktok.com\/@drescherjewellery"]}]}},"_links":{"self":[{"href":"https:\/\/drescherjewellery.com\/hu\/wp-json\/wp\/v2\/product\/110511","targetHints":{"allow":["GET"]}}],"collection":[{"href":"https:\/\/drescherjewellery.com\/hu\/wp-json\/wp\/v2\/product"}],"about":[{"href":"https:\/\/drescherjewellery.com\/hu\/wp-json\/wp\/v2\/types\/product"}],"version-history":[{"count":1,"href":"https:\/\/drescherjewellery.com\/hu\/wp-json\/wp\/v2\/product\/110511\/revisions"}],"predecessor-version":[{"id":119466,"href":"https:\/\/drescherjewellery.com\/hu\/wp-json\/wp\/v2\/product\/110511\/revisions\/119466"}],"wp:featuredmedia":[{"embeddable":true,"href":"https:\/\/drescherjewellery.com\/hu\/wp-json\/wp\/v2\/media\/110521"}],"wp:attachment":[{"href":"https:\/\/drescherjewellery.com\/hu\/wp-json\/wp\/v2\/media?parent=110511"}],"wp:term":[{"taxonomy":"product_brand","embeddable":true,"href":"https:\/\/drescherjewellery.com\/hu\/wp-json\/wp\/v2\/product_brand?post=110511"},{"taxonomy":"product_cat","embeddable":true,"href":"https:\/\/drescherjewellery.com\/hu\/wp-json\/wp\/v2\/product_cat?post=110511"},{"taxonomy":"product_tag","embeddable":true,"href":"https:\/\/drescherjewellery.com\/hu\/wp-json\/wp\/v2\/product_tag?post=110511"}],"curies":[{"name":"wp","href":"https:\/\/api.w.org\/{rel}","templated":true}]}}