{"id":110587,"date":"2025-10-26T19:39:05","date_gmt":"2025-10-26T18:39:05","guid":{"rendered":"https:\/\/dianasilver.hu\/?post_type=product&#038;p=110587"},"modified":"2026-04-01T17:20:02","modified_gmt":"2026-04-01T15:20:02","slug":"feher-cirkonia-koves-ezust-gyuru-rodium-bevonattal-letisztult-szoliter-stilus","status":"publish","type":"product","link":"https:\/\/drescherjewellery.com\/hu\/termek\/feher-cirkonia-koves-ezust-gyuru-rodium-bevonattal-letisztult-szoliter-stilus\/","title":{"rendered":"Feh\u00e9r cirk\u00f3nia k\u00f6ves ez\u00fcst gy\u0171r\u0171 r\u00f3dium bevonattal \u2013 letisztult szoliter st\u00edlus"},"content":{"rendered":"<h2 data-start=\"249\" data-end=\"325\"><strong data-start=\"249\" data-end=\"323\">Feh\u00e9r cirk\u00f3nia k\u00f6ves szoliter ez\u00fcst gy\u0171r\u0171 \u2013 a kifinomults\u00e1g szimb\u00f3luma<\/strong><\/h2>\n<p data-start=\"327\" data-end=\"882\">\u2022 Kiv\u00e1l\u00f3 min\u0151s\u00e9g\u0171 <strong data-start=\"345\" data-end=\"364\">AG 925 ez\u00fcstb\u0151l<\/strong> k\u00e9sz\u00fclt, <strong data-start=\"374\" data-end=\"395\">r\u00f3dium bevonattal<\/strong>, ami tart\u00f3s f\u00e9nyt \u00e9s v\u00e9delmet biztos\u00edt az oxid\u00e1ci\u00f3 ellen.<br data-start=\"453\" data-end=\"456\" \/>\u2022 K\u00f6z\u00e9pen egy <strong data-start=\"470\" data-end=\"511\">brili\u00e1ns csiszol\u00e1s\u00fa feh\u00e9r cirk\u00f3nia k\u0151<\/strong> ragyog, hatkarmos foglalatban, amely kiemeli a k\u0151 tisztas\u00e1g\u00e1t \u00e9s f\u00e9ny\u00e9t.<br data-start=\"584\" data-end=\"587\" data-is-only-node=\"\" \/>\u2022 <strong data-start=\"589\" data-end=\"618\">V\u00e9kony, eleg\u00e1ns gy\u0171r\u0171sz\u00e1r<\/strong> teszi k\u00fcl\u00f6n\u00f6sen n\u0151iess\u00e9 \u00e9s k\u00f6nnyedd\u00e9 a megjelen\u00e9st.<br data-start=\"670\" data-end=\"673\" \/>\u2022 Klasszikus szoliter st\u00edlus, amely t\u00f6k\u00e9letes v\u00e1laszt\u00e1s eljegyz\u00e9shez, aj\u00e1nd\u00e9kba vagy a mindennapok diszkr\u00e9t ragyog\u00e1s\u00e1hoz.<br data-start=\"794\" data-end=\"797\" \/>\u2022 A minimalista forma \u00e9s a csillog\u00f3 k\u0151 harm\u00f3ni\u00e1ja a modern n\u0151 eleganci\u00e1j\u00e1t t\u00fckr\u00f6zi.<\/p>\n<p data-start=\"884\" data-end=\"976\" data-is-last-node=\"\" data-is-only-node=\"\">Egy apr\u00f3, m\u00e9gis jelent\u0151s\u00e9gteljes \u00e9kszer \u2013 mert n\u00e9ha a legegyszer\u0171bb ragyog\u00e1s a legszebb. \ud83d\udc8e\u2728<\/p>\n","protected":false},"excerpt":{"rendered":"<p>Finom, n\u0151ies \u00e9s eleg\u00e1ns \u2013 ez a <strong data-start=\"127\" data-end=\"151\">szoliter ez\u00fcst gy\u0171r\u0171<\/strong> a klasszikus sz\u00e9ps\u00e9g megtestes\u00edt\u0151je, amely minden alkalomhoz illik. \ud83d\udc8d\u2728<\/p>\n","protected":false},"featured_media":110598,"template":"","meta":[],"product_brand":[],"product_cat":[559,25],"product_tag":[513],"class_list":{"0":"post-110587","1":"product","2":"type-product","3":"status-publish","4":"has-post-thumbnail","6":"product_cat-eljegyzesi-gyuru","7":"product_cat-ezust-gyuru","8":"product_tag-noi-ezust-ekszerek","9":"description-off","11":"first","12":"instock","13":"taxable","14":"shipping-taxable","15":"purchasable","16":"product-type-variable"},"yoast_head":"<!-- This site is optimized with the Yoast SEO Premium plugin v26.8 (Yoast SEO v27.4) - https:\/\/yoast.com\/product\/yoast-seo-premium-wordpress\/ -->\n<title>Feh\u00e9r cirk\u00f3nia k\u00f6ves ez\u00fcst gy\u0171r\u0171 r\u00f3dium bevonattal \u2013 letisztult szoliter st\u00edlus | Drescher Jewellery<\/title>\n<meta name=\"description\" content=\"Fedezd fel a leny\u0171g\u00f6z\u0151 Feh\u00e9r cirk\u00f3nia k\u00f6ves ez\u00fcst gy\u0171r\u0171 r\u00f3dium bevonattal \u2013 letisztult szoliter st\u00edlus \u00e9kszer\u00fcnket. T\u00f6k\u00e9letes kieg\u00e9sz\u00edt\u0151 mindennapi viselethez \u00e9s k\u00fcl\u00f6nleges alkalmakra egyar\u00e1nt. Rendeld meg most!\" \/>\n<meta name=\"robots\" content=\"index, follow, max-snippet:-1, max-image-preview:large, max-video-preview:-1\" \/>\n<link rel=\"canonical\" href=\"https:\/\/drescherjewellery.com\/hu\/termek\/feher-cirkonia-koves-ezust-gyuru-rodium-bevonattal-letisztult-szoliter-stilus\/\" \/>\n<meta property=\"og:locale\" content=\"hu_HU\" \/>\n<meta property=\"og:type\" content=\"article\" \/>\n<meta property=\"og:title\" content=\"Feh\u00e9r cirk\u00f3nia k\u00f6ves ez\u00fcst gy\u0171r\u0171 r\u00f3dium bevonattal \u2013 letisztult szoliter st\u00edlus\" \/>\n<meta property=\"og:description\" content=\"Fedezd fel a leny\u0171g\u00f6z\u0151 Feh\u00e9r cirk\u00f3nia k\u00f6ves ez\u00fcst gy\u0171r\u0171 r\u00f3dium bevonattal \u2013 letisztult szoliter st\u00edlus \u00e9kszer\u00fcnket. T\u00f6k\u00e9letes kieg\u00e9sz\u00edt\u0151 mindennapi viselethez \u00e9s k\u00fcl\u00f6nleges alkalmakra egyar\u00e1nt. Rendeld meg most!\" \/>\n<meta property=\"og:url\" content=\"https:\/\/drescherjewellery.com\/hu\/termek\/feher-cirkonia-koves-ezust-gyuru-rodium-bevonattal-letisztult-szoliter-stilus\/\" \/>\n<meta property=\"og:site_name\" content=\"Drescher Jewellery\" \/>\n<meta property=\"article:publisher\" content=\"https:\/\/www.facebook.com\/drescherjewellery\" \/>\n<meta property=\"article:modified_time\" content=\"2026-04-01T15:20:02+00:00\" \/>\n<meta property=\"og:image\" content=\"https:\/\/drescherjewellery.com\/wp-content\/uploads\/2025\/10\/Feher-cirkonia-koves-ezust-gyuru-AG-925-rodium-bevonattal-\u2013-letisztult-szoliter-stilus_1.jpg\" \/>\n\t<meta property=\"og:image:width\" content=\"1340\" \/>\n\t<meta property=\"og:image:height\" content=\"1785\" \/>\n\t<meta property=\"og:image:type\" content=\"image\/jpeg\" \/>\n<meta name=\"twitter:card\" content=\"summary_large_image\" \/>\n<meta name=\"twitter:label1\" content=\"Becs\u00fclt olvas\u00e1si id\u0151\" \/>\n\t<meta name=\"twitter:data1\" content=\"1 perc\" \/>\n<script type=\"application\/ld+json\" class=\"yoast-schema-graph\">{\"@context\":\"https:\\\/\\\/schema.org\",\"@graph\":[{\"@type\":\"WebPage\",\"@id\":\"https:\\\/\\\/drescherjewellery.com\\\/hu\\\/termek\\\/feher-cirkonia-koves-ezust-gyuru-rodium-bevonattal-letisztult-szoliter-stilus\\\/\",\"url\":\"https:\\\/\\\/drescherjewellery.com\\\/hu\\\/termek\\\/feher-cirkonia-koves-ezust-gyuru-rodium-bevonattal-letisztult-szoliter-stilus\\\/\",\"name\":\"Feh\u00e9r cirk\u00f3nia k\u00f6ves ez\u00fcst gy\u0171r\u0171 r\u00f3dium bevonattal \u2013 letisztult szoliter st\u00edlus | Drescher Jewellery\",\"isPartOf\":{\"@id\":\"https:\\\/\\\/drescherjewellery.com\\\/hu\\\/#website\"},\"primaryImageOfPage\":{\"@id\":\"https:\\\/\\\/drescherjewellery.com\\\/hu\\\/termek\\\/feher-cirkonia-koves-ezust-gyuru-rodium-bevonattal-letisztult-szoliter-stilus\\\/#primaryimage\"},\"image\":{\"@id\":\"https:\\\/\\\/drescherjewellery.com\\\/hu\\\/termek\\\/feher-cirkonia-koves-ezust-gyuru-rodium-bevonattal-letisztult-szoliter-stilus\\\/#primaryimage\"},\"thumbnailUrl\":\"https:\\\/\\\/drescherjewellery.com\\\/wp-content\\\/uploads\\\/2025\\\/10\\\/Feher-cirkonia-koves-ezust-gyuru-AG-925-rodium-bevonattal-\u2013-letisztult-szoliter-stilus_1.jpg\",\"datePublished\":\"2025-10-26T18:39:05+00:00\",\"dateModified\":\"2026-04-01T15:20:02+00:00\",\"description\":\"Fedezd fel a leny\u0171g\u00f6z\u0151 Feh\u00e9r cirk\u00f3nia k\u00f6ves ez\u00fcst gy\u0171r\u0171 r\u00f3dium bevonattal \u2013 letisztult szoliter st\u00edlus \u00e9kszer\u00fcnket. T\u00f6k\u00e9letes kieg\u00e9sz\u00edt\u0151 mindennapi viselethez \u00e9s k\u00fcl\u00f6nleges alkalmakra egyar\u00e1nt. Rendeld meg most!\",\"breadcrumb\":{\"@id\":\"https:\\\/\\\/drescherjewellery.com\\\/hu\\\/termek\\\/feher-cirkonia-koves-ezust-gyuru-rodium-bevonattal-letisztult-szoliter-stilus\\\/#breadcrumb\"},\"inLanguage\":\"hu\",\"potentialAction\":[{\"@type\":\"ReadAction\",\"target\":[\"https:\\\/\\\/drescherjewellery.com\\\/hu\\\/termek\\\/feher-cirkonia-koves-ezust-gyuru-rodium-bevonattal-letisztult-szoliter-stilus\\\/\"]}]},{\"@type\":\"ImageObject\",\"inLanguage\":\"hu\",\"@id\":\"https:\\\/\\\/drescherjewellery.com\\\/hu\\\/termek\\\/feher-cirkonia-koves-ezust-gyuru-rodium-bevonattal-letisztult-szoliter-stilus\\\/#primaryimage\",\"url\":\"https:\\\/\\\/drescherjewellery.com\\\/wp-content\\\/uploads\\\/2025\\\/10\\\/Feher-cirkonia-koves-ezust-gyuru-AG-925-rodium-bevonattal-\u2013-letisztult-szoliter-stilus_1.jpg\",\"contentUrl\":\"https:\\\/\\\/drescherjewellery.com\\\/wp-content\\\/uploads\\\/2025\\\/10\\\/Feher-cirkonia-koves-ezust-gyuru-AG-925-rodium-bevonattal-\u2013-letisztult-szoliter-stilus_1.jpg\",\"width\":1340,\"height\":1785},{\"@type\":\"BreadcrumbList\",\"@id\":\"https:\\\/\\\/drescherjewellery.com\\\/hu\\\/termek\\\/feher-cirkonia-koves-ezust-gyuru-rodium-bevonattal-letisztult-szoliter-stilus\\\/#breadcrumb\",\"itemListElement\":[{\"@type\":\"ListItem\",\"position\":1,\"name\":\"Kezd\u0151lap\",\"item\":\"https:\\\/\\\/drescherjewellery.com\\\/hu\\\/\"},{\"@type\":\"ListItem\",\"position\":2,\"name\":\"Shop\",\"item\":\"https:\\\/\\\/drescherjewellery.com\\\/shop\\\/\"},{\"@type\":\"ListItem\",\"position\":3,\"name\":\"Feh\u00e9r cirk\u00f3nia k\u00f6ves ez\u00fcst gy\u0171r\u0171 r\u00f3dium bevonattal \u2013 letisztult szoliter st\u00edlus\"}]},{\"@type\":\"WebSite\",\"@id\":\"https:\\\/\\\/drescherjewellery.com\\\/hu\\\/#website\",\"url\":\"https:\\\/\\\/drescherjewellery.com\\\/hu\\\/\",\"name\":\"Drescher Jewellery\",\"description\":\"Tedd t\u00f6k\u00e9letesebb\u00e9 mindennapjaid a Drescher Jewellery \u00e9kszereivel.\",\"publisher\":{\"@id\":\"https:\\\/\\\/drescherjewellery.com\\\/hu\\\/#organization\"},\"alternateName\":\"Ez\u00fcst \u00c9kszer Web\u00e1ruh\u00e1z\",\"potentialAction\":[{\"@type\":\"SearchAction\",\"target\":{\"@type\":\"EntryPoint\",\"urlTemplate\":\"https:\\\/\\\/drescherjewellery.com\\\/hu\\\/?s={search_term_string}\"},\"query-input\":{\"@type\":\"PropertyValueSpecification\",\"valueRequired\":true,\"valueName\":\"search_term_string\"}}],\"inLanguage\":\"hu\"},{\"@type\":\"Organization\",\"@id\":\"https:\\\/\\\/drescherjewellery.com\\\/hu\\\/#organization\",\"name\":\"Drescher Jewellery\",\"url\":\"https:\\\/\\\/drescherjewellery.com\\\/hu\\\/\",\"logo\":{\"@type\":\"ImageObject\",\"inLanguage\":\"hu\",\"@id\":\"https:\\\/\\\/drescherjewellery.com\\\/hu\\\/#\\\/schema\\\/logo\\\/image\\\/\",\"url\":\"https:\\\/\\\/drescherjewellery.com\\\/wp-content\\\/uploads\\\/2026\\\/01\\\/Drescher-Jewellery-wpml.png\",\"contentUrl\":\"https:\\\/\\\/drescherjewellery.com\\\/wp-content\\\/uploads\\\/2026\\\/01\\\/Drescher-Jewellery-wpml.png\",\"width\":500,\"height\":500,\"caption\":\"Drescher Jewellery\"},\"image\":{\"@id\":\"https:\\\/\\\/drescherjewellery.com\\\/hu\\\/#\\\/schema\\\/logo\\\/image\\\/\"},\"sameAs\":[\"https:\\\/\\\/www.facebook.com\\\/drescherjewellery\",\"https:\\\/\\\/www.instagram.com\\\/drescherjewellery\",\"https:\\\/\\\/www.tiktok.com\\\/@drescherjewellery\"]}]}<\/script>\n<!-- \/ Yoast SEO Premium plugin. -->","yoast_head_json":{"title":"Feh\u00e9r cirk\u00f3nia k\u00f6ves ez\u00fcst gy\u0171r\u0171 r\u00f3dium bevonattal \u2013 letisztult szoliter st\u00edlus | Drescher Jewellery","description":"Fedezd fel a leny\u0171g\u00f6z\u0151 Feh\u00e9r cirk\u00f3nia k\u00f6ves ez\u00fcst gy\u0171r\u0171 r\u00f3dium bevonattal \u2013 letisztult szoliter st\u00edlus \u00e9kszer\u00fcnket. T\u00f6k\u00e9letes kieg\u00e9sz\u00edt\u0151 mindennapi viselethez \u00e9s k\u00fcl\u00f6nleges alkalmakra egyar\u00e1nt. Rendeld meg most!","robots":{"index":"index","follow":"follow","max-snippet":"max-snippet:-1","max-image-preview":"max-image-preview:large","max-video-preview":"max-video-preview:-1"},"canonical":"https:\/\/drescherjewellery.com\/hu\/termek\/feher-cirkonia-koves-ezust-gyuru-rodium-bevonattal-letisztult-szoliter-stilus\/","og_locale":"hu_HU","og_type":"article","og_title":"Feh\u00e9r cirk\u00f3nia k\u00f6ves ez\u00fcst gy\u0171r\u0171 r\u00f3dium bevonattal \u2013 letisztult szoliter st\u00edlus","og_description":"Fedezd fel a leny\u0171g\u00f6z\u0151 Feh\u00e9r cirk\u00f3nia k\u00f6ves ez\u00fcst gy\u0171r\u0171 r\u00f3dium bevonattal \u2013 letisztult szoliter st\u00edlus \u00e9kszer\u00fcnket. T\u00f6k\u00e9letes kieg\u00e9sz\u00edt\u0151 mindennapi viselethez \u00e9s k\u00fcl\u00f6nleges alkalmakra egyar\u00e1nt. Rendeld meg most!","og_url":"https:\/\/drescherjewellery.com\/hu\/termek\/feher-cirkonia-koves-ezust-gyuru-rodium-bevonattal-letisztult-szoliter-stilus\/","og_site_name":"Drescher Jewellery","article_publisher":"https:\/\/www.facebook.com\/drescherjewellery","article_modified_time":"2026-04-01T15:20:02+00:00","og_image":[{"width":1340,"height":1785,"url":"https:\/\/drescherjewellery.com\/wp-content\/uploads\/2025\/10\/Feher-cirkonia-koves-ezust-gyuru-AG-925-rodium-bevonattal-\u2013-letisztult-szoliter-stilus_1.jpg","type":"image\/jpeg"}],"twitter_card":"summary_large_image","twitter_misc":{"Becs\u00fclt olvas\u00e1si id\u0151":"1 perc"},"schema":{"@context":"https:\/\/schema.org","@graph":[{"@type":"WebPage","@id":"https:\/\/drescherjewellery.com\/hu\/termek\/feher-cirkonia-koves-ezust-gyuru-rodium-bevonattal-letisztult-szoliter-stilus\/","url":"https:\/\/drescherjewellery.com\/hu\/termek\/feher-cirkonia-koves-ezust-gyuru-rodium-bevonattal-letisztult-szoliter-stilus\/","name":"Feh\u00e9r cirk\u00f3nia k\u00f6ves ez\u00fcst gy\u0171r\u0171 r\u00f3dium bevonattal \u2013 letisztult szoliter st\u00edlus | Drescher Jewellery","isPartOf":{"@id":"https:\/\/drescherjewellery.com\/hu\/#website"},"primaryImageOfPage":{"@id":"https:\/\/drescherjewellery.com\/hu\/termek\/feher-cirkonia-koves-ezust-gyuru-rodium-bevonattal-letisztult-szoliter-stilus\/#primaryimage"},"image":{"@id":"https:\/\/drescherjewellery.com\/hu\/termek\/feher-cirkonia-koves-ezust-gyuru-rodium-bevonattal-letisztult-szoliter-stilus\/#primaryimage"},"thumbnailUrl":"https:\/\/drescherjewellery.com\/wp-content\/uploads\/2025\/10\/Feher-cirkonia-koves-ezust-gyuru-AG-925-rodium-bevonattal-\u2013-letisztult-szoliter-stilus_1.jpg","datePublished":"2025-10-26T18:39:05+00:00","dateModified":"2026-04-01T15:20:02+00:00","description":"Fedezd fel a leny\u0171g\u00f6z\u0151 Feh\u00e9r cirk\u00f3nia k\u00f6ves ez\u00fcst gy\u0171r\u0171 r\u00f3dium bevonattal \u2013 letisztult szoliter st\u00edlus \u00e9kszer\u00fcnket. T\u00f6k\u00e9letes kieg\u00e9sz\u00edt\u0151 mindennapi viselethez \u00e9s k\u00fcl\u00f6nleges alkalmakra egyar\u00e1nt. Rendeld meg most!","breadcrumb":{"@id":"https:\/\/drescherjewellery.com\/hu\/termek\/feher-cirkonia-koves-ezust-gyuru-rodium-bevonattal-letisztult-szoliter-stilus\/#breadcrumb"},"inLanguage":"hu","potentialAction":[{"@type":"ReadAction","target":["https:\/\/drescherjewellery.com\/hu\/termek\/feher-cirkonia-koves-ezust-gyuru-rodium-bevonattal-letisztult-szoliter-stilus\/"]}]},{"@type":"ImageObject","inLanguage":"hu","@id":"https:\/\/drescherjewellery.com\/hu\/termek\/feher-cirkonia-koves-ezust-gyuru-rodium-bevonattal-letisztult-szoliter-stilus\/#primaryimage","url":"https:\/\/drescherjewellery.com\/wp-content\/uploads\/2025\/10\/Feher-cirkonia-koves-ezust-gyuru-AG-925-rodium-bevonattal-\u2013-letisztult-szoliter-stilus_1.jpg","contentUrl":"https:\/\/drescherjewellery.com\/wp-content\/uploads\/2025\/10\/Feher-cirkonia-koves-ezust-gyuru-AG-925-rodium-bevonattal-\u2013-letisztult-szoliter-stilus_1.jpg","width":1340,"height":1785},{"@type":"BreadcrumbList","@id":"https:\/\/drescherjewellery.com\/hu\/termek\/feher-cirkonia-koves-ezust-gyuru-rodium-bevonattal-letisztult-szoliter-stilus\/#breadcrumb","itemListElement":[{"@type":"ListItem","position":1,"name":"Kezd\u0151lap","item":"https:\/\/drescherjewellery.com\/hu\/"},{"@type":"ListItem","position":2,"name":"Shop","item":"https:\/\/drescherjewellery.com\/shop\/"},{"@type":"ListItem","position":3,"name":"Feh\u00e9r cirk\u00f3nia k\u00f6ves ez\u00fcst gy\u0171r\u0171 r\u00f3dium bevonattal \u2013 letisztult szoliter st\u00edlus"}]},{"@type":"WebSite","@id":"https:\/\/drescherjewellery.com\/hu\/#website","url":"https:\/\/drescherjewellery.com\/hu\/","name":"Drescher Jewellery","description":"Tedd t\u00f6k\u00e9letesebb\u00e9 mindennapjaid a Drescher Jewellery \u00e9kszereivel.","publisher":{"@id":"https:\/\/drescherjewellery.com\/hu\/#organization"},"alternateName":"Ez\u00fcst \u00c9kszer Web\u00e1ruh\u00e1z","potentialAction":[{"@type":"SearchAction","target":{"@type":"EntryPoint","urlTemplate":"https:\/\/drescherjewellery.com\/hu\/?s={search_term_string}"},"query-input":{"@type":"PropertyValueSpecification","valueRequired":true,"valueName":"search_term_string"}}],"inLanguage":"hu"},{"@type":"Organization","@id":"https:\/\/drescherjewellery.com\/hu\/#organization","name":"Drescher Jewellery","url":"https:\/\/drescherjewellery.com\/hu\/","logo":{"@type":"ImageObject","inLanguage":"hu","@id":"https:\/\/drescherjewellery.com\/hu\/#\/schema\/logo\/image\/","url":"https:\/\/drescherjewellery.com\/wp-content\/uploads\/2026\/01\/Drescher-Jewellery-wpml.png","contentUrl":"https:\/\/drescherjewellery.com\/wp-content\/uploads\/2026\/01\/Drescher-Jewellery-wpml.png","width":500,"height":500,"caption":"Drescher Jewellery"},"image":{"@id":"https:\/\/drescherjewellery.com\/hu\/#\/schema\/logo\/image\/"},"sameAs":["https:\/\/www.facebook.com\/drescherjewellery","https:\/\/www.instagram.com\/drescherjewellery","https:\/\/www.tiktok.com\/@drescherjewellery"]}]}},"_links":{"self":[{"href":"https:\/\/drescherjewellery.com\/hu\/wp-json\/wp\/v2\/product\/110587","targetHints":{"allow":["GET"]}}],"collection":[{"href":"https:\/\/drescherjewellery.com\/hu\/wp-json\/wp\/v2\/product"}],"about":[{"href":"https:\/\/drescherjewellery.com\/hu\/wp-json\/wp\/v2\/types\/product"}],"version-history":[{"count":1,"href":"https:\/\/drescherjewellery.com\/hu\/wp-json\/wp\/v2\/product\/110587\/revisions"}],"predecessor-version":[{"id":119468,"href":"https:\/\/drescherjewellery.com\/hu\/wp-json\/wp\/v2\/product\/110587\/revisions\/119468"}],"wp:featuredmedia":[{"embeddable":true,"href":"https:\/\/drescherjewellery.com\/hu\/wp-json\/wp\/v2\/media\/110598"}],"wp:attachment":[{"href":"https:\/\/drescherjewellery.com\/hu\/wp-json\/wp\/v2\/media?parent=110587"}],"wp:term":[{"taxonomy":"product_brand","embeddable":true,"href":"https:\/\/drescherjewellery.com\/hu\/wp-json\/wp\/v2\/product_brand?post=110587"},{"taxonomy":"product_cat","embeddable":true,"href":"https:\/\/drescherjewellery.com\/hu\/wp-json\/wp\/v2\/product_cat?post=110587"},{"taxonomy":"product_tag","embeddable":true,"href":"https:\/\/drescherjewellery.com\/hu\/wp-json\/wp\/v2\/product_tag?post=110587"}],"curies":[{"name":"wp","href":"https:\/\/api.w.org\/{rel}","templated":true}]}}