{"id":506,"date":"2022-08-31T13:38:17","date_gmt":"2022-08-31T13:38:17","guid":{"rendered":"https:\/\/dianasilver.hu\/product\/feher-koves-ezust-negy-levelu-lohere-fulbevalo\/"},"modified":"2026-04-01T17:19:42","modified_gmt":"2026-04-01T15:19:42","slug":"ezust-nyegylevelu-lohere-fulbevalo-feherkovekkel","status":"publish","type":"product","link":"https:\/\/drescherjewellery.com\/hu\/termek\/ezust-nyegylevelu-lohere-fulbevalo-feherkovekkel\/","title":{"rendered":"Ez\u00fcst n\u00e9gylevel\u0171 l\u00f3here f\u00fclbeval\u00f3 feh\u00e9r k\u00f6vekkel"},"content":{"rendered":"<h2 data-start=\"319\" data-end=\"773\">\ud83d\udc8e <strong data-start=\"322\" data-end=\"420\">Ez\u00fcst n\u00e9gylevel\u0171 l\u00f3here f\u00fclbeval\u00f3 feh\u00e9r k\u00f6vekkel \u2013 a szerencse \u00e9s a ragyog\u00e1s t\u00f6k\u00e9letes p\u00e1rosa!<\/strong><\/h2>\n<p data-start=\"319\" data-end=\"773\">Ez a gy\u00f6ny\u00f6r\u0171 <strong data-start=\"437\" data-end=\"456\">AG 925 ez\u00fcstb\u0151l<\/strong> k\u00e9sz\u00fclt f\u00fclbeval\u00f3 a <strong data-start=\"477\" data-end=\"498\">n\u00e9gylevel\u0171 l\u00f3here<\/strong> mot\u00edvummal nemcsak a szerencs\u00e9t szimboliz\u00e1lja, hanem eleg\u00e1ns \u00e9s n\u0151ies megjelen\u00e9st is k\u00f6lcs\u00f6n\u00f6z visel\u0151j\u00e9nek. A finoman csillog\u00f3 feh\u00e9r cirk\u00f3nia k\u00f6vek kiemelik a diz\u00e1jnt, mik\u00f6zben a <strong data-start=\"678\" data-end=\"696\">r\u00f3dium bevonat<\/strong> gondoskodik az \u00e9kszer tart\u00f3s f\u00e9ny\u00e9r\u0151l \u00e9s v\u00e9delm\u00e9r\u0151l az elsz\u00ednez\u0151d\u00e9s ellen.<\/p>\n<p data-start=\"775\" data-end=\"820\">\ud83c\udf40 <strong data-start=\"778\" data-end=\"818\">Mit szimboliz\u00e1l a n\u00e9gylevel\u0171 l\u00f3here?<\/strong><\/p>\n<ul data-start=\"821\" data-end=\"1028\">\n<li data-start=\"821\" data-end=\"865\">A szerencse \u00e9s a j\u00f3l\u00e9t ikonikus jelk\u00e9pe.<\/li>\n<li data-start=\"866\" data-end=\"936\">A n\u00e9gy lev\u00e9l a hitet, rem\u00e9nyt, szeretetet \u00e9s szerencs\u00e9t k\u00e9pviseli.<\/li>\n<li data-start=\"937\" data-end=\"1028\">T\u00f6k\u00e9letes v\u00e1laszt\u00e1s azoknak, akik pozit\u00edv energi\u00e1t \u00e9s eleganci\u00e1t szeretn\u00e9nek sug\u00e1rozni.<\/li>\n<\/ul>\n<p data-start=\"1030\" data-end=\"1069\">\u2728 <strong data-start=\"1032\" data-end=\"1067\">Mi\u00e9rt v\u00e1laszd ezt a f\u00fclbeval\u00f3t?<\/strong><\/p>\n<ul data-start=\"1070\" data-end=\"1402\">\n<li data-start=\"1070\" data-end=\"1158\"><strong data-start=\"1072\" data-end=\"1092\">Pr\u00e9mium min\u0151s\u00e9g:<\/strong> <strong data-start=\"1093\" data-end=\"1128\">AG 925 ez\u00fcst, r\u00f3dium bevonattal<\/strong> a hossz\u00fa t\u00e1v\u00fa csillog\u00e1s\u00e9rt.<\/li>\n<li data-start=\"1159\" data-end=\"1237\"><strong data-start=\"1161\" data-end=\"1191\">Szerencs\u00e9t hoz\u00f3 szimb\u00f3lum:<\/strong> A n\u00e9gylevel\u0171 l\u00f3here mot\u00edvum mindig j\u00f3 \u00f3men.<\/li>\n<li data-start=\"1238\" data-end=\"1327\"><strong data-start=\"1240\" data-end=\"1265\">Csillog\u00f3 feh\u00e9r k\u00f6vek:<\/strong> A finoman elhelyezett cirk\u00f3ni\u00e1k k\u00fcl\u00f6nleges ragyog\u00e1st adnak.<\/li>\n<li data-start=\"1328\" data-end=\"1402\"><strong data-start=\"1330\" data-end=\"1352\">T\u00f6k\u00e9letes viselet:<\/strong> K\u00f6nnyed, k\u00e9nyelmes \u00e9s eleg\u00e1ns minden alkalomra.<\/li>\n<\/ul>\n<p data-start=\"1404\" data-end=\"1603\">\ud83c\udf81 <strong data-start=\"1407\" data-end=\"1437\">Aj\u00e1nd\u00e9k\u00f6tlet szerencs\u00e9vel!<\/strong><br data-start=\"1437\" data-end=\"1440\" \/>Ez a f\u00fclbeval\u00f3 ide\u00e1lis aj\u00e1nd\u00e9k lehet szeretteidnek, vagy ak\u00e1r saj\u00e1t magad sz\u00e1m\u00e1ra, ha szeretn\u00e9d egy kis pozit\u00edv energi\u00e1val \u00e9s st\u00edlussal feldobni a mindennapokat!<\/p>\n<p data-start=\"1605\" data-end=\"1693\" data-is-last-node=\"\">\ud83d\udcab <strong data-start=\"1608\" data-end=\"1689\">Hozd el a szerencs\u00e9t \u00e9s a ragyog\u00e1st az \u00e9letedbe ezzel a k\u00fcl\u00f6nleges \u00e9kszerrel!<\/strong> \ud83c\udf40\u2728<\/p>\n","protected":false},"excerpt":{"rendered":"<p><strong data-start=\"32\" data-end=\"84\">Ez\u00fcst n\u00e9gylevel\u0171 l\u00f3here f\u00fclbeval\u00f3 feh\u00e9r k\u00f6vekkel<\/strong> \u2013 viselj szerencs\u00e9t minden nap! \ud83c\udf40\u2728<br data-start=\"120\" data-end=\"123\" \/>A finoman megmunk\u00e1lt n\u00e9gylevel\u0171 l\u00f3here mot\u00edvum csillog\u00f3 feh\u00e9r k\u00f6vekkel d\u00edsz\u00edtve hozza el sz\u00e1modra a j\u00f3 szerencse energi\u00e1j\u00e1t \u00e9s a kifinomult eleganci\u00e1t.<\/p>\n","protected":false},"featured_media":2875,"template":"","meta":[],"product_brand":[],"product_cat":[28],"product_tag":[514,513,530],"class_list":{"0":"post-506","1":"product","2":"type-product","3":"status-publish","4":"has-post-thumbnail","6":"product_cat-ezust-fulbevalo","7":"product_tag-gyermek-ezust-ekszer","8":"product_tag-noi-ezust-ekszerek","9":"product_tag-spiritualis","10":"description-off","12":"first","13":"instock","14":"taxable","15":"shipping-taxable","16":"purchasable","17":"product-type-simple"},"yoast_head":"<!-- This site is optimized with the Yoast SEO Premium plugin v26.8 (Yoast SEO v27.4) - https:\/\/yoast.com\/product\/yoast-seo-premium-wordpress\/ -->\n<title>Ez\u00fcst n\u00e9gylevel\u0171 l\u00f3here f\u00fclbeval\u00f3 feh\u00e9r k\u00f6vekkel | Drescher Jewellery<\/title>\n<meta name=\"description\" content=\"Fedezd fel a leny\u0171g\u00f6z\u0151 Ez\u00fcst n\u00e9gylevel\u0171 l\u00f3here f\u00fclbeval\u00f3 feh\u00e9r k\u00f6vekkel \u00e9kszer\u00fcnket. T\u00f6k\u00e9letes kieg\u00e9sz\u00edt\u0151 mindennapi viselethez \u00e9s k\u00fcl\u00f6nleges alkalmakra egyar\u00e1nt. Rendeld meg most!\" \/>\n<meta name=\"robots\" content=\"index, follow, max-snippet:-1, max-image-preview:large, max-video-preview:-1\" \/>\n<link rel=\"canonical\" href=\"https:\/\/drescherjewellery.com\/hu\/termek\/ezust-nyegylevelu-lohere-fulbevalo-feherkovekkel\/\" \/>\n<meta property=\"og:locale\" content=\"hu_HU\" \/>\n<meta property=\"og:type\" content=\"article\" \/>\n<meta property=\"og:title\" content=\"Ez\u00fcst n\u00e9gylevel\u0171 l\u00f3here f\u00fclbeval\u00f3 feh\u00e9r k\u00f6vekkel\" \/>\n<meta property=\"og:description\" content=\"Fedezd fel a leny\u0171g\u00f6z\u0151 Ez\u00fcst n\u00e9gylevel\u0171 l\u00f3here f\u00fclbeval\u00f3 feh\u00e9r k\u00f6vekkel \u00e9kszer\u00fcnket. T\u00f6k\u00e9letes kieg\u00e9sz\u00edt\u0151 mindennapi viselethez \u00e9s k\u00fcl\u00f6nleges alkalmakra egyar\u00e1nt. Rendeld meg most!\" \/>\n<meta property=\"og:url\" content=\"https:\/\/drescherjewellery.com\/hu\/termek\/ezust-nyegylevelu-lohere-fulbevalo-feherkovekkel\/\" \/>\n<meta property=\"og:site_name\" content=\"Drescher Jewellery\" \/>\n<meta property=\"article:publisher\" content=\"https:\/\/www.facebook.com\/drescherjewellery\" \/>\n<meta property=\"article:modified_time\" content=\"2026-04-01T15:19:42+00:00\" \/>\n<meta property=\"og:image\" content=\"https:\/\/drescherjewellery.com\/wp-content\/uploads\/2022\/08\/ezust-negylevelu-lohere-fulbevalo-feher-kovekkel-2875.jpg\" \/>\n\t<meta property=\"og:image:width\" content=\"800\" \/>\n\t<meta property=\"og:image:height\" content=\"800\" \/>\n\t<meta property=\"og:image:type\" content=\"image\/jpeg\" \/>\n<meta name=\"twitter:card\" content=\"summary_large_image\" \/>\n<meta name=\"twitter:label1\" content=\"Becs\u00fclt olvas\u00e1si id\u0151\" \/>\n\t<meta name=\"twitter:data1\" content=\"2 perc\" \/>\n<script type=\"application\/ld+json\" class=\"yoast-schema-graph\">{\"@context\":\"https:\\\/\\\/schema.org\",\"@graph\":[{\"@type\":\"WebPage\",\"@id\":\"https:\\\/\\\/drescherjewellery.com\\\/hu\\\/termek\\\/ezust-nyegylevelu-lohere-fulbevalo-feherkovekkel\\\/\",\"url\":\"https:\\\/\\\/drescherjewellery.com\\\/hu\\\/termek\\\/ezust-nyegylevelu-lohere-fulbevalo-feherkovekkel\\\/\",\"name\":\"Ez\u00fcst n\u00e9gylevel\u0171 l\u00f3here f\u00fclbeval\u00f3 feh\u00e9r k\u00f6vekkel | Drescher Jewellery\",\"isPartOf\":{\"@id\":\"https:\\\/\\\/drescherjewellery.com\\\/hu\\\/#website\"},\"primaryImageOfPage\":{\"@id\":\"https:\\\/\\\/drescherjewellery.com\\\/hu\\\/termek\\\/ezust-nyegylevelu-lohere-fulbevalo-feherkovekkel\\\/#primaryimage\"},\"image\":{\"@id\":\"https:\\\/\\\/drescherjewellery.com\\\/hu\\\/termek\\\/ezust-nyegylevelu-lohere-fulbevalo-feherkovekkel\\\/#primaryimage\"},\"thumbnailUrl\":\"https:\\\/\\\/drescherjewellery.com\\\/wp-content\\\/uploads\\\/2022\\\/08\\\/ezust-negylevelu-lohere-fulbevalo-feher-kovekkel-2875.jpg\",\"datePublished\":\"2022-08-31T13:38:17+00:00\",\"dateModified\":\"2026-04-01T15:19:42+00:00\",\"description\":\"Fedezd fel a leny\u0171g\u00f6z\u0151 Ez\u00fcst n\u00e9gylevel\u0171 l\u00f3here f\u00fclbeval\u00f3 feh\u00e9r k\u00f6vekkel \u00e9kszer\u00fcnket. T\u00f6k\u00e9letes kieg\u00e9sz\u00edt\u0151 mindennapi viselethez \u00e9s k\u00fcl\u00f6nleges alkalmakra egyar\u00e1nt. Rendeld meg most!\",\"breadcrumb\":{\"@id\":\"https:\\\/\\\/drescherjewellery.com\\\/hu\\\/termek\\\/ezust-nyegylevelu-lohere-fulbevalo-feherkovekkel\\\/#breadcrumb\"},\"inLanguage\":\"hu\",\"potentialAction\":[{\"@type\":\"ReadAction\",\"target\":[\"https:\\\/\\\/drescherjewellery.com\\\/hu\\\/termek\\\/ezust-nyegylevelu-lohere-fulbevalo-feherkovekkel\\\/\"]}]},{\"@type\":\"ImageObject\",\"inLanguage\":\"hu\",\"@id\":\"https:\\\/\\\/drescherjewellery.com\\\/hu\\\/termek\\\/ezust-nyegylevelu-lohere-fulbevalo-feherkovekkel\\\/#primaryimage\",\"url\":\"https:\\\/\\\/drescherjewellery.com\\\/wp-content\\\/uploads\\\/2022\\\/08\\\/ezust-negylevelu-lohere-fulbevalo-feher-kovekkel-2875.jpg\",\"contentUrl\":\"https:\\\/\\\/drescherjewellery.com\\\/wp-content\\\/uploads\\\/2022\\\/08\\\/ezust-negylevelu-lohere-fulbevalo-feher-kovekkel-2875.jpg\",\"width\":800,\"height\":800},{\"@type\":\"BreadcrumbList\",\"@id\":\"https:\\\/\\\/drescherjewellery.com\\\/hu\\\/termek\\\/ezust-nyegylevelu-lohere-fulbevalo-feherkovekkel\\\/#breadcrumb\",\"itemListElement\":[{\"@type\":\"ListItem\",\"position\":1,\"name\":\"Kezd\u0151lap\",\"item\":\"https:\\\/\\\/drescherjewellery.com\\\/hu\\\/\"},{\"@type\":\"ListItem\",\"position\":2,\"name\":\"Shop\",\"item\":\"https:\\\/\\\/drescherjewellery.com\\\/shop\\\/\"},{\"@type\":\"ListItem\",\"position\":3,\"name\":\"Ez\u00fcst n\u00e9gylevel\u0171 l\u00f3here f\u00fclbeval\u00f3 feh\u00e9r k\u00f6vekkel\"}]},{\"@type\":\"WebSite\",\"@id\":\"https:\\\/\\\/drescherjewellery.com\\\/hu\\\/#website\",\"url\":\"https:\\\/\\\/drescherjewellery.com\\\/hu\\\/\",\"name\":\"Drescher Jewellery\",\"description\":\"Tedd t\u00f6k\u00e9letesebb\u00e9 mindennapjaid a Drescher Jewellery \u00e9kszereivel.\",\"publisher\":{\"@id\":\"https:\\\/\\\/drescherjewellery.com\\\/hu\\\/#organization\"},\"alternateName\":\"Ez\u00fcst \u00c9kszer Web\u00e1ruh\u00e1z\",\"potentialAction\":[{\"@type\":\"SearchAction\",\"target\":{\"@type\":\"EntryPoint\",\"urlTemplate\":\"https:\\\/\\\/drescherjewellery.com\\\/hu\\\/?s={search_term_string}\"},\"query-input\":{\"@type\":\"PropertyValueSpecification\",\"valueRequired\":true,\"valueName\":\"search_term_string\"}}],\"inLanguage\":\"hu\"},{\"@type\":\"Organization\",\"@id\":\"https:\\\/\\\/drescherjewellery.com\\\/hu\\\/#organization\",\"name\":\"Drescher Jewellery\",\"url\":\"https:\\\/\\\/drescherjewellery.com\\\/hu\\\/\",\"logo\":{\"@type\":\"ImageObject\",\"inLanguage\":\"hu\",\"@id\":\"https:\\\/\\\/drescherjewellery.com\\\/hu\\\/#\\\/schema\\\/logo\\\/image\\\/\",\"url\":\"https:\\\/\\\/drescherjewellery.com\\\/wp-content\\\/uploads\\\/2026\\\/01\\\/Drescher-Jewellery-wpml.png\",\"contentUrl\":\"https:\\\/\\\/drescherjewellery.com\\\/wp-content\\\/uploads\\\/2026\\\/01\\\/Drescher-Jewellery-wpml.png\",\"width\":500,\"height\":500,\"caption\":\"Drescher Jewellery\"},\"image\":{\"@id\":\"https:\\\/\\\/drescherjewellery.com\\\/hu\\\/#\\\/schema\\\/logo\\\/image\\\/\"},\"sameAs\":[\"https:\\\/\\\/www.facebook.com\\\/drescherjewellery\",\"https:\\\/\\\/www.instagram.com\\\/drescherjewellery\",\"https:\\\/\\\/www.tiktok.com\\\/@drescherjewellery\"]}]}<\/script>\n<!-- \/ Yoast SEO Premium plugin. -->","yoast_head_json":{"title":"Ez\u00fcst n\u00e9gylevel\u0171 l\u00f3here f\u00fclbeval\u00f3 feh\u00e9r k\u00f6vekkel | Drescher Jewellery","description":"Fedezd fel a leny\u0171g\u00f6z\u0151 Ez\u00fcst n\u00e9gylevel\u0171 l\u00f3here f\u00fclbeval\u00f3 feh\u00e9r k\u00f6vekkel \u00e9kszer\u00fcnket. T\u00f6k\u00e9letes kieg\u00e9sz\u00edt\u0151 mindennapi viselethez \u00e9s k\u00fcl\u00f6nleges alkalmakra egyar\u00e1nt. Rendeld meg most!","robots":{"index":"index","follow":"follow","max-snippet":"max-snippet:-1","max-image-preview":"max-image-preview:large","max-video-preview":"max-video-preview:-1"},"canonical":"https:\/\/drescherjewellery.com\/hu\/termek\/ezust-nyegylevelu-lohere-fulbevalo-feherkovekkel\/","og_locale":"hu_HU","og_type":"article","og_title":"Ez\u00fcst n\u00e9gylevel\u0171 l\u00f3here f\u00fclbeval\u00f3 feh\u00e9r k\u00f6vekkel","og_description":"Fedezd fel a leny\u0171g\u00f6z\u0151 Ez\u00fcst n\u00e9gylevel\u0171 l\u00f3here f\u00fclbeval\u00f3 feh\u00e9r k\u00f6vekkel \u00e9kszer\u00fcnket. T\u00f6k\u00e9letes kieg\u00e9sz\u00edt\u0151 mindennapi viselethez \u00e9s k\u00fcl\u00f6nleges alkalmakra egyar\u00e1nt. Rendeld meg most!","og_url":"https:\/\/drescherjewellery.com\/hu\/termek\/ezust-nyegylevelu-lohere-fulbevalo-feherkovekkel\/","og_site_name":"Drescher Jewellery","article_publisher":"https:\/\/www.facebook.com\/drescherjewellery","article_modified_time":"2026-04-01T15:19:42+00:00","og_image":[{"width":800,"height":800,"url":"https:\/\/drescherjewellery.com\/wp-content\/uploads\/2022\/08\/ezust-negylevelu-lohere-fulbevalo-feher-kovekkel-2875.jpg","type":"image\/jpeg"}],"twitter_card":"summary_large_image","twitter_misc":{"Becs\u00fclt olvas\u00e1si id\u0151":"2 perc"},"schema":{"@context":"https:\/\/schema.org","@graph":[{"@type":"WebPage","@id":"https:\/\/drescherjewellery.com\/hu\/termek\/ezust-nyegylevelu-lohere-fulbevalo-feherkovekkel\/","url":"https:\/\/drescherjewellery.com\/hu\/termek\/ezust-nyegylevelu-lohere-fulbevalo-feherkovekkel\/","name":"Ez\u00fcst n\u00e9gylevel\u0171 l\u00f3here f\u00fclbeval\u00f3 feh\u00e9r k\u00f6vekkel | Drescher Jewellery","isPartOf":{"@id":"https:\/\/drescherjewellery.com\/hu\/#website"},"primaryImageOfPage":{"@id":"https:\/\/drescherjewellery.com\/hu\/termek\/ezust-nyegylevelu-lohere-fulbevalo-feherkovekkel\/#primaryimage"},"image":{"@id":"https:\/\/drescherjewellery.com\/hu\/termek\/ezust-nyegylevelu-lohere-fulbevalo-feherkovekkel\/#primaryimage"},"thumbnailUrl":"https:\/\/drescherjewellery.com\/wp-content\/uploads\/2022\/08\/ezust-negylevelu-lohere-fulbevalo-feher-kovekkel-2875.jpg","datePublished":"2022-08-31T13:38:17+00:00","dateModified":"2026-04-01T15:19:42+00:00","description":"Fedezd fel a leny\u0171g\u00f6z\u0151 Ez\u00fcst n\u00e9gylevel\u0171 l\u00f3here f\u00fclbeval\u00f3 feh\u00e9r k\u00f6vekkel \u00e9kszer\u00fcnket. T\u00f6k\u00e9letes kieg\u00e9sz\u00edt\u0151 mindennapi viselethez \u00e9s k\u00fcl\u00f6nleges alkalmakra egyar\u00e1nt. Rendeld meg most!","breadcrumb":{"@id":"https:\/\/drescherjewellery.com\/hu\/termek\/ezust-nyegylevelu-lohere-fulbevalo-feherkovekkel\/#breadcrumb"},"inLanguage":"hu","potentialAction":[{"@type":"ReadAction","target":["https:\/\/drescherjewellery.com\/hu\/termek\/ezust-nyegylevelu-lohere-fulbevalo-feherkovekkel\/"]}]},{"@type":"ImageObject","inLanguage":"hu","@id":"https:\/\/drescherjewellery.com\/hu\/termek\/ezust-nyegylevelu-lohere-fulbevalo-feherkovekkel\/#primaryimage","url":"https:\/\/drescherjewellery.com\/wp-content\/uploads\/2022\/08\/ezust-negylevelu-lohere-fulbevalo-feher-kovekkel-2875.jpg","contentUrl":"https:\/\/drescherjewellery.com\/wp-content\/uploads\/2022\/08\/ezust-negylevelu-lohere-fulbevalo-feher-kovekkel-2875.jpg","width":800,"height":800},{"@type":"BreadcrumbList","@id":"https:\/\/drescherjewellery.com\/hu\/termek\/ezust-nyegylevelu-lohere-fulbevalo-feherkovekkel\/#breadcrumb","itemListElement":[{"@type":"ListItem","position":1,"name":"Kezd\u0151lap","item":"https:\/\/drescherjewellery.com\/hu\/"},{"@type":"ListItem","position":2,"name":"Shop","item":"https:\/\/drescherjewellery.com\/shop\/"},{"@type":"ListItem","position":3,"name":"Ez\u00fcst n\u00e9gylevel\u0171 l\u00f3here f\u00fclbeval\u00f3 feh\u00e9r k\u00f6vekkel"}]},{"@type":"WebSite","@id":"https:\/\/drescherjewellery.com\/hu\/#website","url":"https:\/\/drescherjewellery.com\/hu\/","name":"Drescher Jewellery","description":"Tedd t\u00f6k\u00e9letesebb\u00e9 mindennapjaid a Drescher Jewellery \u00e9kszereivel.","publisher":{"@id":"https:\/\/drescherjewellery.com\/hu\/#organization"},"alternateName":"Ez\u00fcst \u00c9kszer Web\u00e1ruh\u00e1z","potentialAction":[{"@type":"SearchAction","target":{"@type":"EntryPoint","urlTemplate":"https:\/\/drescherjewellery.com\/hu\/?s={search_term_string}"},"query-input":{"@type":"PropertyValueSpecification","valueRequired":true,"valueName":"search_term_string"}}],"inLanguage":"hu"},{"@type":"Organization","@id":"https:\/\/drescherjewellery.com\/hu\/#organization","name":"Drescher Jewellery","url":"https:\/\/drescherjewellery.com\/hu\/","logo":{"@type":"ImageObject","inLanguage":"hu","@id":"https:\/\/drescherjewellery.com\/hu\/#\/schema\/logo\/image\/","url":"https:\/\/drescherjewellery.com\/wp-content\/uploads\/2026\/01\/Drescher-Jewellery-wpml.png","contentUrl":"https:\/\/drescherjewellery.com\/wp-content\/uploads\/2026\/01\/Drescher-Jewellery-wpml.png","width":500,"height":500,"caption":"Drescher Jewellery"},"image":{"@id":"https:\/\/drescherjewellery.com\/hu\/#\/schema\/logo\/image\/"},"sameAs":["https:\/\/www.facebook.com\/drescherjewellery","https:\/\/www.instagram.com\/drescherjewellery","https:\/\/www.tiktok.com\/@drescherjewellery"]}]}},"_links":{"self":[{"href":"https:\/\/drescherjewellery.com\/hu\/wp-json\/wp\/v2\/product\/506","targetHints":{"allow":["GET"]}}],"collection":[{"href":"https:\/\/drescherjewellery.com\/hu\/wp-json\/wp\/v2\/product"}],"about":[{"href":"https:\/\/drescherjewellery.com\/hu\/wp-json\/wp\/v2\/types\/product"}],"version-history":[{"count":1,"href":"https:\/\/drescherjewellery.com\/hu\/wp-json\/wp\/v2\/product\/506\/revisions"}],"predecessor-version":[{"id":119008,"href":"https:\/\/drescherjewellery.com\/hu\/wp-json\/wp\/v2\/product\/506\/revisions\/119008"}],"wp:featuredmedia":[{"embeddable":true,"href":"https:\/\/drescherjewellery.com\/hu\/wp-json\/wp\/v2\/media\/2875"}],"wp:attachment":[{"href":"https:\/\/drescherjewellery.com\/hu\/wp-json\/wp\/v2\/media?parent=506"}],"wp:term":[{"taxonomy":"product_brand","embeddable":true,"href":"https:\/\/drescherjewellery.com\/hu\/wp-json\/wp\/v2\/product_brand?post=506"},{"taxonomy":"product_cat","embeddable":true,"href":"https:\/\/drescherjewellery.com\/hu\/wp-json\/wp\/v2\/product_cat?post=506"},{"taxonomy":"product_tag","embeddable":true,"href":"https:\/\/drescherjewellery.com\/hu\/wp-json\/wp\/v2\/product_tag?post=506"}],"curies":[{"name":"wp","href":"https:\/\/api.w.org\/{rel}","templated":true}]}}