{"id":509,"date":"2022-08-31T13:38:18","date_gmt":"2022-08-31T13:38:18","guid":{"rendered":"https:\/\/dianasilver.hu\/product\/feher-koves-ezust-felvirag-fulbevalo\/"},"modified":"2026-04-01T17:19:42","modified_gmt":"2026-04-01T15:19:42","slug":"feher-koves-ezust-felvirag-fulbevalo","status":"publish","type":"product","link":"https:\/\/drescherjewellery.com\/hu\/termek\/feher-koves-ezust-felvirag-fulbevalo\/","title":{"rendered":"Feh\u00e9r k\u00f6ves ez\u00fcst f\u00e9lvir\u00e1g f\u00fclbeval\u00f3"},"content":{"rendered":"<h2 data-start=\"279\" data-end=\"356\">\ud83d\udc8e <strong data-start=\"282\" data-end=\"354\">Feh\u00e9r k\u00f6ves ez\u00fcst f\u00e9lvir\u00e1g f\u00fclbeval\u00f3 \u2013 a term\u00e9szet ihlette elegancia<\/strong><\/h2>\n<p data-start=\"358\" data-end=\"653\">Ez a b\u00e1jos <strong data-start=\"369\" data-end=\"407\">AG 925 ez\u00fcstb\u0151l, r\u00f3dium bevonattal<\/strong> k\u00e9sz\u00fclt f\u00e9lvir\u00e1g f\u00fclbeval\u00f3 a term\u00e9szet sz\u00e9ps\u00e9g\u00e9t \u00e9s a finom n\u0151iess\u00e9get egyes\u00edti mag\u00e1ban. A vir\u00e1gszirmokhoz hasonl\u00f3 kialak\u00edt\u00e1s \u00e9s a ragyog\u00f3 feh\u00e9r cirk\u00f3nia k\u00f6vek k\u00fcl\u00f6nleges ragyog\u00e1st biztos\u00edtanak, amely minden alkalomhoz t\u00f6k\u00e9letesen illeszkedik.<\/p>\n<p data-start=\"655\" data-end=\"695\">\u2728 <strong data-start=\"657\" data-end=\"693\">Mit szimboliz\u00e1l a vir\u00e1g mot\u00edvum?<\/strong><\/p>\n<ul data-start=\"696\" data-end=\"980\">\n<li data-start=\"696\" data-end=\"796\"><strong data-start=\"698\" data-end=\"732\">A meg\u00fajul\u00e1st \u00e9s a frissess\u00e9get<\/strong> \u2013 a vir\u00e1g az \u00fajj\u00e1sz\u00fclet\u00e9s \u00e9s a term\u00e9szet sz\u00e9ps\u00e9g\u00e9nek jelk\u00e9pe.<\/li>\n<li data-start=\"797\" data-end=\"898\"><strong data-start=\"799\" data-end=\"835\">A n\u0151iess\u00e9get \u00e9s az \u00e9rz\u00e9kenys\u00e9get<\/strong> \u2013 finom, l\u00e1gy vonalak, amelyek romantikus kisug\u00e1rz\u00e1st adnak.<\/li>\n<li data-start=\"899\" data-end=\"980\"><strong data-start=\"901\" data-end=\"937\">A harm\u00f3ni\u00e1t \u00e9s az \u00e9let sz\u00e9ps\u00e9g\u00e9t<\/strong> \u2013 id\u0151t\u00e1ll\u00f3 elegancia minden pillanatban.<\/li>\n<\/ul>\n<p data-start=\"982\" data-end=\"1022\">\ud83d\udc96 <strong data-start=\"985\" data-end=\"1020\">Mi\u00e9rt v\u00e1laszd ezt a f\u00fclbeval\u00f3t?<\/strong><\/p>\n<ul data-start=\"1023\" data-end=\"1384\">\n<li data-start=\"1023\" data-end=\"1127\"><strong data-start=\"1025\" data-end=\"1045\">Pr\u00e9mium min\u0151s\u00e9g:<\/strong> <strong data-start=\"1046\" data-end=\"1081\">AG 925 ez\u00fcst, r\u00f3dium bevonattal<\/strong> a tart\u00f3ss\u00e1g\u00e9rt \u00e9s a f\u00e9nyess\u00e9g meg\u0151rz\u00e9s\u00e9\u00e9rt.<\/li>\n<li data-start=\"1128\" data-end=\"1213\"><strong data-start=\"1130\" data-end=\"1148\">Egyedi diz\u00e1jn:<\/strong> A vir\u00e1g mot\u00edvum kifinomult \u00e9s k\u00fcl\u00f6nleges megjelen\u00e9st biztos\u00edt.<\/li>\n<li data-start=\"1214\" data-end=\"1304\"><strong data-start=\"1216\" data-end=\"1250\">Csillog\u00f3 feh\u00e9r cirk\u00f3nia k\u00f6vek:<\/strong> Finoman ragyog\u00f3 r\u00e9szletek az eleg\u00e1ns megjelen\u00e9s\u00e9rt.<\/li>\n<li data-start=\"1305\" data-end=\"1384\"><strong data-start=\"1307\" data-end=\"1329\">K\u00e9nyelmes viselet:<\/strong> K\u00f6nny\u0171 \u00e9s praktikus, eg\u00e9sz nap k\u00e9nyelmesen hordhat\u00f3.<\/li>\n<\/ul>\n<p data-start=\"1386\" data-end=\"1487\" data-is-last-node=\"\">\ud83c\udf81 <strong data-start=\"1389\" data-end=\"1483\">T\u00f6k\u00e9letes aj\u00e1nd\u00e9k azoknak, akik szeretik a term\u00e9szet ihlette, finoman csillog\u00f3 \u00e9kszereket!<\/strong> \u2728\ud83d\udc96<\/p>\n","protected":false},"excerpt":{"rendered":"<p>\ud83c\udf38 <strong data-start=\"39\" data-end=\"79\">Feh\u00e9r k\u00f6ves ez\u00fcst f\u00e9lvir\u00e1g f\u00fclbeval\u00f3<\/strong> \u2013 finom n\u0151iess\u00e9g \u00e9s csillog\u00f3 elegancia! A vir\u00e1gmot\u00edvum \u00e9s a ragyog\u00f3 feh\u00e9r cirk\u00f3nia k\u00f6vek egyedi megjelen\u00e9st k\u00f6lcs\u00f6n\u00f6znek ennek a k\u00fcl\u00f6nleges \u00e9kszernek.<\/p>\n","protected":false},"featured_media":2895,"template":"","meta":[],"product_brand":[],"product_cat":[28],"product_tag":[514,513,532],"class_list":{"0":"post-509","1":"product","2":"type-product","3":"status-publish","4":"has-post-thumbnail","6":"product_cat-ezust-fulbevalo","7":"product_tag-gyermek-ezust-ekszer","8":"product_tag-noi-ezust-ekszerek","9":"product_tag-viragos","10":"description-off","12":"first","13":"instock","14":"taxable","15":"shipping-taxable","16":"purchasable","17":"product-type-simple"},"yoast_head":"<!-- This site is optimized with the Yoast SEO Premium plugin v26.8 (Yoast SEO v27.4) - https:\/\/yoast.com\/product\/yoast-seo-premium-wordpress\/ -->\n<title>Feh\u00e9r k\u00f6ves ez\u00fcst f\u00e9lvir\u00e1g f\u00fclbeval\u00f3 | Drescher Jewellery<\/title>\n<meta name=\"description\" content=\"Fedezd fel a leny\u0171g\u00f6z\u0151 Feh\u00e9r k\u00f6ves ez\u00fcst f\u00e9lvir\u00e1g f\u00fclbeval\u00f3 \u00e9kszer\u00fcnket. T\u00f6k\u00e9letes kieg\u00e9sz\u00edt\u0151 mindennapi viselethez \u00e9s k\u00fcl\u00f6nleges alkalmakra egyar\u00e1nt. Rendeld meg most!\" \/>\n<meta name=\"robots\" content=\"index, follow, max-snippet:-1, max-image-preview:large, max-video-preview:-1\" \/>\n<link rel=\"canonical\" href=\"https:\/\/drescherjewellery.com\/hu\/termek\/feher-koves-ezust-felvirag-fulbevalo\/\" \/>\n<meta property=\"og:locale\" content=\"hu_HU\" \/>\n<meta property=\"og:type\" content=\"article\" \/>\n<meta property=\"og:title\" content=\"Feh\u00e9r k\u00f6ves ez\u00fcst f\u00e9lvir\u00e1g f\u00fclbeval\u00f3\" \/>\n<meta property=\"og:description\" content=\"Fedezd fel a leny\u0171g\u00f6z\u0151 Feh\u00e9r k\u00f6ves ez\u00fcst f\u00e9lvir\u00e1g f\u00fclbeval\u00f3 \u00e9kszer\u00fcnket. T\u00f6k\u00e9letes kieg\u00e9sz\u00edt\u0151 mindennapi viselethez \u00e9s k\u00fcl\u00f6nleges alkalmakra egyar\u00e1nt. Rendeld meg most!\" \/>\n<meta property=\"og:url\" content=\"https:\/\/drescherjewellery.com\/hu\/termek\/feher-koves-ezust-felvirag-fulbevalo\/\" \/>\n<meta property=\"og:site_name\" content=\"Drescher Jewellery\" \/>\n<meta property=\"article:publisher\" content=\"https:\/\/www.facebook.com\/drescherjewellery\" \/>\n<meta property=\"article:modified_time\" content=\"2026-04-01T15:19:42+00:00\" \/>\n<meta property=\"og:image\" content=\"https:\/\/drescherjewellery.com\/wp-content\/uploads\/2022\/08\/feher-koves-ezust-felvirag-fulbevalo-2895.jpg\" \/>\n\t<meta property=\"og:image:width\" content=\"800\" \/>\n\t<meta property=\"og:image:height\" content=\"800\" \/>\n\t<meta property=\"og:image:type\" content=\"image\/jpeg\" \/>\n<meta name=\"twitter:card\" content=\"summary_large_image\" \/>\n<meta name=\"twitter:label1\" content=\"Becs\u00fclt olvas\u00e1si id\u0151\" \/>\n\t<meta name=\"twitter:data1\" content=\"2 perc\" \/>\n<script type=\"application\/ld+json\" class=\"yoast-schema-graph\">{\"@context\":\"https:\\\/\\\/schema.org\",\"@graph\":[{\"@type\":\"WebPage\",\"@id\":\"https:\\\/\\\/drescherjewellery.com\\\/hu\\\/termek\\\/feher-koves-ezust-felvirag-fulbevalo\\\/\",\"url\":\"https:\\\/\\\/drescherjewellery.com\\\/hu\\\/termek\\\/feher-koves-ezust-felvirag-fulbevalo\\\/\",\"name\":\"Feh\u00e9r k\u00f6ves ez\u00fcst f\u00e9lvir\u00e1g f\u00fclbeval\u00f3 | Drescher Jewellery\",\"isPartOf\":{\"@id\":\"https:\\\/\\\/drescherjewellery.com\\\/hu\\\/#website\"},\"primaryImageOfPage\":{\"@id\":\"https:\\\/\\\/drescherjewellery.com\\\/hu\\\/termek\\\/feher-koves-ezust-felvirag-fulbevalo\\\/#primaryimage\"},\"image\":{\"@id\":\"https:\\\/\\\/drescherjewellery.com\\\/hu\\\/termek\\\/feher-koves-ezust-felvirag-fulbevalo\\\/#primaryimage\"},\"thumbnailUrl\":\"https:\\\/\\\/drescherjewellery.com\\\/wp-content\\\/uploads\\\/2022\\\/08\\\/feher-koves-ezust-felvirag-fulbevalo-2895.jpg\",\"datePublished\":\"2022-08-31T13:38:18+00:00\",\"dateModified\":\"2026-04-01T15:19:42+00:00\",\"description\":\"Fedezd fel a leny\u0171g\u00f6z\u0151 Feh\u00e9r k\u00f6ves ez\u00fcst f\u00e9lvir\u00e1g f\u00fclbeval\u00f3 \u00e9kszer\u00fcnket. T\u00f6k\u00e9letes kieg\u00e9sz\u00edt\u0151 mindennapi viselethez \u00e9s k\u00fcl\u00f6nleges alkalmakra egyar\u00e1nt. Rendeld meg most!\",\"breadcrumb\":{\"@id\":\"https:\\\/\\\/drescherjewellery.com\\\/hu\\\/termek\\\/feher-koves-ezust-felvirag-fulbevalo\\\/#breadcrumb\"},\"inLanguage\":\"hu\",\"potentialAction\":[{\"@type\":\"ReadAction\",\"target\":[\"https:\\\/\\\/drescherjewellery.com\\\/hu\\\/termek\\\/feher-koves-ezust-felvirag-fulbevalo\\\/\"]}]},{\"@type\":\"ImageObject\",\"inLanguage\":\"hu\",\"@id\":\"https:\\\/\\\/drescherjewellery.com\\\/hu\\\/termek\\\/feher-koves-ezust-felvirag-fulbevalo\\\/#primaryimage\",\"url\":\"https:\\\/\\\/drescherjewellery.com\\\/wp-content\\\/uploads\\\/2022\\\/08\\\/feher-koves-ezust-felvirag-fulbevalo-2895.jpg\",\"contentUrl\":\"https:\\\/\\\/drescherjewellery.com\\\/wp-content\\\/uploads\\\/2022\\\/08\\\/feher-koves-ezust-felvirag-fulbevalo-2895.jpg\",\"width\":800,\"height\":800},{\"@type\":\"BreadcrumbList\",\"@id\":\"https:\\\/\\\/drescherjewellery.com\\\/hu\\\/termek\\\/feher-koves-ezust-felvirag-fulbevalo\\\/#breadcrumb\",\"itemListElement\":[{\"@type\":\"ListItem\",\"position\":1,\"name\":\"Kezd\u0151lap\",\"item\":\"https:\\\/\\\/drescherjewellery.com\\\/hu\\\/\"},{\"@type\":\"ListItem\",\"position\":2,\"name\":\"Shop\",\"item\":\"https:\\\/\\\/drescherjewellery.com\\\/shop\\\/\"},{\"@type\":\"ListItem\",\"position\":3,\"name\":\"Feh\u00e9r k\u00f6ves ez\u00fcst f\u00e9lvir\u00e1g f\u00fclbeval\u00f3\"}]},{\"@type\":\"WebSite\",\"@id\":\"https:\\\/\\\/drescherjewellery.com\\\/hu\\\/#website\",\"url\":\"https:\\\/\\\/drescherjewellery.com\\\/hu\\\/\",\"name\":\"Drescher Jewellery\",\"description\":\"Tedd t\u00f6k\u00e9letesebb\u00e9 mindennapjaid a Drescher Jewellery \u00e9kszereivel.\",\"publisher\":{\"@id\":\"https:\\\/\\\/drescherjewellery.com\\\/hu\\\/#organization\"},\"alternateName\":\"Ez\u00fcst \u00c9kszer Web\u00e1ruh\u00e1z\",\"potentialAction\":[{\"@type\":\"SearchAction\",\"target\":{\"@type\":\"EntryPoint\",\"urlTemplate\":\"https:\\\/\\\/drescherjewellery.com\\\/hu\\\/?s={search_term_string}\"},\"query-input\":{\"@type\":\"PropertyValueSpecification\",\"valueRequired\":true,\"valueName\":\"search_term_string\"}}],\"inLanguage\":\"hu\"},{\"@type\":\"Organization\",\"@id\":\"https:\\\/\\\/drescherjewellery.com\\\/hu\\\/#organization\",\"name\":\"Drescher Jewellery\",\"url\":\"https:\\\/\\\/drescherjewellery.com\\\/hu\\\/\",\"logo\":{\"@type\":\"ImageObject\",\"inLanguage\":\"hu\",\"@id\":\"https:\\\/\\\/drescherjewellery.com\\\/hu\\\/#\\\/schema\\\/logo\\\/image\\\/\",\"url\":\"https:\\\/\\\/drescherjewellery.com\\\/wp-content\\\/uploads\\\/2026\\\/01\\\/Drescher-Jewellery-wpml.png\",\"contentUrl\":\"https:\\\/\\\/drescherjewellery.com\\\/wp-content\\\/uploads\\\/2026\\\/01\\\/Drescher-Jewellery-wpml.png\",\"width\":500,\"height\":500,\"caption\":\"Drescher Jewellery\"},\"image\":{\"@id\":\"https:\\\/\\\/drescherjewellery.com\\\/hu\\\/#\\\/schema\\\/logo\\\/image\\\/\"},\"sameAs\":[\"https:\\\/\\\/www.facebook.com\\\/drescherjewellery\",\"https:\\\/\\\/www.instagram.com\\\/drescherjewellery\",\"https:\\\/\\\/www.tiktok.com\\\/@drescherjewellery\"]}]}<\/script>\n<!-- \/ Yoast SEO Premium plugin. -->","yoast_head_json":{"title":"Feh\u00e9r k\u00f6ves ez\u00fcst f\u00e9lvir\u00e1g f\u00fclbeval\u00f3 | Drescher Jewellery","description":"Fedezd fel a leny\u0171g\u00f6z\u0151 Feh\u00e9r k\u00f6ves ez\u00fcst f\u00e9lvir\u00e1g f\u00fclbeval\u00f3 \u00e9kszer\u00fcnket. T\u00f6k\u00e9letes kieg\u00e9sz\u00edt\u0151 mindennapi viselethez \u00e9s k\u00fcl\u00f6nleges alkalmakra egyar\u00e1nt. Rendeld meg most!","robots":{"index":"index","follow":"follow","max-snippet":"max-snippet:-1","max-image-preview":"max-image-preview:large","max-video-preview":"max-video-preview:-1"},"canonical":"https:\/\/drescherjewellery.com\/hu\/termek\/feher-koves-ezust-felvirag-fulbevalo\/","og_locale":"hu_HU","og_type":"article","og_title":"Feh\u00e9r k\u00f6ves ez\u00fcst f\u00e9lvir\u00e1g f\u00fclbeval\u00f3","og_description":"Fedezd fel a leny\u0171g\u00f6z\u0151 Feh\u00e9r k\u00f6ves ez\u00fcst f\u00e9lvir\u00e1g f\u00fclbeval\u00f3 \u00e9kszer\u00fcnket. T\u00f6k\u00e9letes kieg\u00e9sz\u00edt\u0151 mindennapi viselethez \u00e9s k\u00fcl\u00f6nleges alkalmakra egyar\u00e1nt. Rendeld meg most!","og_url":"https:\/\/drescherjewellery.com\/hu\/termek\/feher-koves-ezust-felvirag-fulbevalo\/","og_site_name":"Drescher Jewellery","article_publisher":"https:\/\/www.facebook.com\/drescherjewellery","article_modified_time":"2026-04-01T15:19:42+00:00","og_image":[{"width":800,"height":800,"url":"https:\/\/drescherjewellery.com\/wp-content\/uploads\/2022\/08\/feher-koves-ezust-felvirag-fulbevalo-2895.jpg","type":"image\/jpeg"}],"twitter_card":"summary_large_image","twitter_misc":{"Becs\u00fclt olvas\u00e1si id\u0151":"2 perc"},"schema":{"@context":"https:\/\/schema.org","@graph":[{"@type":"WebPage","@id":"https:\/\/drescherjewellery.com\/hu\/termek\/feher-koves-ezust-felvirag-fulbevalo\/","url":"https:\/\/drescherjewellery.com\/hu\/termek\/feher-koves-ezust-felvirag-fulbevalo\/","name":"Feh\u00e9r k\u00f6ves ez\u00fcst f\u00e9lvir\u00e1g f\u00fclbeval\u00f3 | Drescher Jewellery","isPartOf":{"@id":"https:\/\/drescherjewellery.com\/hu\/#website"},"primaryImageOfPage":{"@id":"https:\/\/drescherjewellery.com\/hu\/termek\/feher-koves-ezust-felvirag-fulbevalo\/#primaryimage"},"image":{"@id":"https:\/\/drescherjewellery.com\/hu\/termek\/feher-koves-ezust-felvirag-fulbevalo\/#primaryimage"},"thumbnailUrl":"https:\/\/drescherjewellery.com\/wp-content\/uploads\/2022\/08\/feher-koves-ezust-felvirag-fulbevalo-2895.jpg","datePublished":"2022-08-31T13:38:18+00:00","dateModified":"2026-04-01T15:19:42+00:00","description":"Fedezd fel a leny\u0171g\u00f6z\u0151 Feh\u00e9r k\u00f6ves ez\u00fcst f\u00e9lvir\u00e1g f\u00fclbeval\u00f3 \u00e9kszer\u00fcnket. T\u00f6k\u00e9letes kieg\u00e9sz\u00edt\u0151 mindennapi viselethez \u00e9s k\u00fcl\u00f6nleges alkalmakra egyar\u00e1nt. Rendeld meg most!","breadcrumb":{"@id":"https:\/\/drescherjewellery.com\/hu\/termek\/feher-koves-ezust-felvirag-fulbevalo\/#breadcrumb"},"inLanguage":"hu","potentialAction":[{"@type":"ReadAction","target":["https:\/\/drescherjewellery.com\/hu\/termek\/feher-koves-ezust-felvirag-fulbevalo\/"]}]},{"@type":"ImageObject","inLanguage":"hu","@id":"https:\/\/drescherjewellery.com\/hu\/termek\/feher-koves-ezust-felvirag-fulbevalo\/#primaryimage","url":"https:\/\/drescherjewellery.com\/wp-content\/uploads\/2022\/08\/feher-koves-ezust-felvirag-fulbevalo-2895.jpg","contentUrl":"https:\/\/drescherjewellery.com\/wp-content\/uploads\/2022\/08\/feher-koves-ezust-felvirag-fulbevalo-2895.jpg","width":800,"height":800},{"@type":"BreadcrumbList","@id":"https:\/\/drescherjewellery.com\/hu\/termek\/feher-koves-ezust-felvirag-fulbevalo\/#breadcrumb","itemListElement":[{"@type":"ListItem","position":1,"name":"Kezd\u0151lap","item":"https:\/\/drescherjewellery.com\/hu\/"},{"@type":"ListItem","position":2,"name":"Shop","item":"https:\/\/drescherjewellery.com\/shop\/"},{"@type":"ListItem","position":3,"name":"Feh\u00e9r k\u00f6ves ez\u00fcst f\u00e9lvir\u00e1g f\u00fclbeval\u00f3"}]},{"@type":"WebSite","@id":"https:\/\/drescherjewellery.com\/hu\/#website","url":"https:\/\/drescherjewellery.com\/hu\/","name":"Drescher Jewellery","description":"Tedd t\u00f6k\u00e9letesebb\u00e9 mindennapjaid a Drescher Jewellery \u00e9kszereivel.","publisher":{"@id":"https:\/\/drescherjewellery.com\/hu\/#organization"},"alternateName":"Ez\u00fcst \u00c9kszer Web\u00e1ruh\u00e1z","potentialAction":[{"@type":"SearchAction","target":{"@type":"EntryPoint","urlTemplate":"https:\/\/drescherjewellery.com\/hu\/?s={search_term_string}"},"query-input":{"@type":"PropertyValueSpecification","valueRequired":true,"valueName":"search_term_string"}}],"inLanguage":"hu"},{"@type":"Organization","@id":"https:\/\/drescherjewellery.com\/hu\/#organization","name":"Drescher Jewellery","url":"https:\/\/drescherjewellery.com\/hu\/","logo":{"@type":"ImageObject","inLanguage":"hu","@id":"https:\/\/drescherjewellery.com\/hu\/#\/schema\/logo\/image\/","url":"https:\/\/drescherjewellery.com\/wp-content\/uploads\/2026\/01\/Drescher-Jewellery-wpml.png","contentUrl":"https:\/\/drescherjewellery.com\/wp-content\/uploads\/2026\/01\/Drescher-Jewellery-wpml.png","width":500,"height":500,"caption":"Drescher Jewellery"},"image":{"@id":"https:\/\/drescherjewellery.com\/hu\/#\/schema\/logo\/image\/"},"sameAs":["https:\/\/www.facebook.com\/drescherjewellery","https:\/\/www.instagram.com\/drescherjewellery","https:\/\/www.tiktok.com\/@drescherjewellery"]}]}},"_links":{"self":[{"href":"https:\/\/drescherjewellery.com\/hu\/wp-json\/wp\/v2\/product\/509","targetHints":{"allow":["GET"]}}],"collection":[{"href":"https:\/\/drescherjewellery.com\/hu\/wp-json\/wp\/v2\/product"}],"about":[{"href":"https:\/\/drescherjewellery.com\/hu\/wp-json\/wp\/v2\/types\/product"}],"version-history":[{"count":1,"href":"https:\/\/drescherjewellery.com\/hu\/wp-json\/wp\/v2\/product\/509\/revisions"}],"predecessor-version":[{"id":119010,"href":"https:\/\/drescherjewellery.com\/hu\/wp-json\/wp\/v2\/product\/509\/revisions\/119010"}],"wp:featuredmedia":[{"embeddable":true,"href":"https:\/\/drescherjewellery.com\/hu\/wp-json\/wp\/v2\/media\/2895"}],"wp:attachment":[{"href":"https:\/\/drescherjewellery.com\/hu\/wp-json\/wp\/v2\/media?parent=509"}],"wp:term":[{"taxonomy":"product_brand","embeddable":true,"href":"https:\/\/drescherjewellery.com\/hu\/wp-json\/wp\/v2\/product_brand?post=509"},{"taxonomy":"product_cat","embeddable":true,"href":"https:\/\/drescherjewellery.com\/hu\/wp-json\/wp\/v2\/product_cat?post=509"},{"taxonomy":"product_tag","embeddable":true,"href":"https:\/\/drescherjewellery.com\/hu\/wp-json\/wp\/v2\/product_tag?post=509"}],"curies":[{"name":"wp","href":"https:\/\/api.w.org\/{rel}","templated":true}]}}