{"id":512,"date":"2022-08-31T13:38:18","date_gmt":"2022-08-31T13:38:18","guid":{"rendered":"https:\/\/dianasilver.hu\/product\/ezust-maltai-keresztes-feher-koves-fulbevalo\/"},"modified":"2026-04-01T17:19:42","modified_gmt":"2026-04-01T15:19:42","slug":"ezust-maltai-keresztes-feher-koves-fulbevalo","status":"publish","type":"product","link":"https:\/\/drescherjewellery.com\/hu\/termek\/ezust-maltai-keresztes-feher-koves-fulbevalo\/","title":{"rendered":"Ez\u00fcst m\u00e1ltai keresztes feh\u00e9r k\u00f6ves f\u00fclbeval\u00f3"},"content":{"rendered":"<h2 data-start=\"287\" data-end=\"367\"><span style=\"vertical-align: inherit;\"><span style=\"vertical-align: inherit;\">\ud83d\udc8e <\/span><\/span><strong data-start=\"290\" data-end=\"365\"><span style=\"vertical-align: inherit;\"><span style=\"vertical-align: inherit;\">Ez\u00fcst m\u00e1ltai keresztes feh\u00e9r k\u00f6ves f\u00fclbeval\u00f3 \u2013 az er\u0151 \u00e9s hit szimb\u00f3luma<\/span><\/span><\/strong><\/h2>\n<p data-start=\"369\" data-end=\"680\"><span style=\"vertical-align: inherit;\"><span style=\"vertical-align: inherit;\">Ez a k\u00fcl\u00f6nleges <\/span><\/span><strong data-start=\"385\" data-end=\"415\"><span style=\"vertical-align: inherit;\"><span style=\"vertical-align: inherit;\">m\u00e1ltai keresztes f\u00fclbeval\u00f3 <\/span><\/span><\/strong> <strong data-start=\"416\" data-end=\"454\"><span style=\"vertical-align: inherit;\"><span style=\"vertical-align: inherit;\">AG 925 ez\u00fcstb\u0151l, r\u00f3dium bevonattal<\/span><\/span><\/strong><span style=\"vertical-align: inherit;\"><span style=\"vertical-align: inherit;\"> k\u00e9sz\u00fclt, amely nemcsak tart\u00f3s f\u00e9nyt biztos\u00edt, hanem v\u00e9delmet ny\u00fajt az elsz\u00ednez\u0151d\u00e9s ellen is. A finom kidolgoz\u00e1s \u00e9s a feh\u00e9r cirk\u00f3nia k\u00f6vek csillog\u00e1sa t\u00f6k\u00e9letes harm\u00f3ni\u00e1t teremt az elegancia \u00e9s a t\u00f6rt\u00e9nelmi szimbolika k\u00f6z\u00f6tt.<\/span><\/span><\/p>\n<p data-start=\"682\" data-end=\"724\"><span style=\"vertical-align: inherit;\"><span style=\"vertical-align: inherit;\">\u271d\ufe0f <\/span><\/span><strong data-start=\"685\" data-end=\"722\"><span style=\"vertical-align: inherit;\"><span style=\"vertical-align: inherit;\">Mit szimboliz\u00e1l a m\u00e1ltai kereszt?<\/span><\/span><\/strong><\/p>\n<ul data-start=\"725\" data-end=\"962\">\n<li data-start=\"725\" data-end=\"804\"><strong data-start=\"727\" data-end=\"757\"><span style=\"vertical-align: inherit;\"><span style=\"vertical-align: inherit;\">A b\u00e1tors\u00e1got \u00e9s a v\u00e9delmet<\/span><\/span><\/strong><span style=\"vertical-align: inherit;\"><span style=\"vertical-align: inherit;\"> \u2013 \u00e9vsz\u00e1zadok \u00f3ta az er\u0151 \u00e9s kitart\u00e1s jelk\u00e9pe.<\/span><\/span><\/li>\n<li data-start=\"805\" data-end=\"885\"><strong data-start=\"807\" data-end=\"835\"><span style=\"vertical-align: inherit;\"><span style=\"vertical-align: inherit;\">A hitet \u00e9s a tisztas\u00e1got<\/span><\/span><\/strong><span style=\"vertical-align: inherit;\"><span style=\"vertical-align: inherit;\"> \u2013 szellemi \u00fatmutat\u00f3 \u00e9s az egyens\u00faly kifejez\u0151je.<\/span><\/span><\/li>\n<li data-start=\"886\" data-end=\"962\"><strong data-start=\"888\" data-end=\"910\"><span style=\"vertical-align: inherit;\"><span style=\"vertical-align: inherit;\">Az id\u0151tlen st\u00edlust<\/span><\/span><\/strong><span style=\"vertical-align: inherit;\"><span style=\"vertical-align: inherit;\"> \u2013 klasszikus mot\u00edvum, amely mindig divatos marad.<\/span><\/span><\/li>\n<\/ul>\n<p data-start=\"964\" data-end=\"1003\"><span style=\"vertical-align: inherit;\"><span style=\"vertical-align: inherit;\">\u2728 <\/span><\/span><strong data-start=\"966\" data-end=\"1001\"><span style=\"vertical-align: inherit;\"><span style=\"vertical-align: inherit;\">Mi\u00e9rt v\u00e1laszd ezt a f\u00fclbeval\u00f3t?<\/span><\/span><\/strong><\/p>\n<ul data-start=\"1004\" data-end=\"1333\">\n<li data-start=\"1004\" data-end=\"1094\"><strong data-start=\"1006\" data-end=\"1026\"><span style=\"vertical-align: inherit;\"><span style=\"vertical-align: inherit;\">Pr\u00e9mium min\u0151s\u00e9g: <\/span><\/span><\/strong> <strong data-start=\"1027\" data-end=\"1062\"><span style=\"vertical-align: inherit;\"><span style=\"vertical-align: inherit;\">AG 925 ez\u00fcst, r\u00f3dium bevonattal<\/span><\/span><\/strong><span style=\"vertical-align: inherit;\"><span style=\"vertical-align: inherit;\"> a hosszan tart\u00f3 csillog\u00e1s\u00e9rt.<\/span><\/span><\/li>\n<li data-start=\"1095\" data-end=\"1158\"><strong data-start=\"1097\" data-end=\"1124\"><span style=\"vertical-align: inherit;\"><span style=\"vertical-align: inherit;\">M\u00e1ltai kereszt mot\u00edvum:<\/span><\/span><\/strong><span style=\"vertical-align: inherit;\"><span style=\"vertical-align: inherit;\"> Jelk\u00e9pes \u00e9s eleg\u00e1ns megjelen\u00e9s.<\/span><\/span><\/li>\n<li data-start=\"1159\" data-end=\"1232\"><strong data-start=\"1161\" data-end=\"1195\"><span style=\"vertical-align: inherit;\"><span style=\"vertical-align: inherit;\">Csillog\u00f3 feh\u00e9r cirk\u00f3nia k\u00f6vek:<\/span><\/span><\/strong><span style=\"vertical-align: inherit;\"><span style=\"vertical-align: inherit;\"> Finom ragyog\u00e1s minden pillanatban.<\/span><\/span><\/li>\n<li data-start=\"1233\" data-end=\"1333\"><strong data-start=\"1235\" data-end=\"1257\"><span style=\"vertical-align: inherit;\"><span style=\"vertical-align: inherit;\">K\u00e9nyelmes viselet:<\/span><\/span><\/strong><span style=\"vertical-align: inherit;\"><span style=\"vertical-align: inherit;\"> K\u00f6nnyed \u00e9s st\u00edlusos, mindennapi vagy alkalmi kieg\u00e9sz\u00edt\u0151k\u00e9nt is t\u00f6k\u00e9letes.<\/span><\/span><\/li>\n<\/ul>\n<p data-start=\"1335\" data-end=\"1437\" data-is-last-node=\"\"><span style=\"vertical-align: inherit;\"><span style=\"vertical-align: inherit;\">\ud83c\udf81 <\/span><\/span><strong data-start=\"1338\" data-end=\"1433\"><span style=\"vertical-align: inherit;\"><span style=\"vertical-align: inherit;\">T\u00f6k\u00e9letes aj\u00e1nd\u00e9k azok sz\u00e1m\u00e1ra, akik \u00e9rt\u00e9kelik az er\u0151t, a hitet \u00e9s a kifinomult eleganci\u00e1t!<\/span><\/span><\/strong><span style=\"vertical-align: inherit;\"><span style=\"vertical-align: inherit;\"> \u271d\ufe0f\u2728<\/span><\/span><\/p>\n","protected":false},"excerpt":{"rendered":"<p><span style=\"vertical-align: inherit;\"><span style=\"vertical-align: inherit;\">\u271d\ufe0f <\/span><\/span><strong data-start=\"39\" data-end=\"87\"><span style=\"vertical-align: inherit;\"><span style=\"vertical-align: inherit;\">Ez\u00fcst m\u00e1ltai keresztes feh\u00e9r k\u00f6ves f\u00fclbeval\u00f3<\/span><\/span><\/strong><span style=\"vertical-align: inherit;\"><span style=\"vertical-align: inherit;\"> \u2013 egy id\u0151tlen szimb\u00f3lum eleganci\u00e1val \u00f6tv\u00f6zve! A r\u00e9szletgazdag kialak\u00edt\u00e1s \u00e9s a csillog\u00f3 feh\u00e9r cirk\u00f3nia k\u00f6vek teszik ezt az \u00e9kszert igaz\u00e1n k\u00fcl\u00f6nlegess\u00e9.<\/span><\/span><\/p>\n","protected":false},"featured_media":101667,"template":"","meta":[],"product_brand":[],"product_cat":[28,555],"product_tag":[513,530],"class_list":{"0":"post-512","1":"product","2":"type-product","3":"status-publish","4":"has-post-thumbnail","6":"product_cat-ezust-fulbevalo","7":"product_cat-ezust-keresztes-fulbevalo","8":"product_tag-noi-ezust-ekszerek","9":"product_tag-spiritualis","10":"description-off","12":"first","13":"instock","14":"taxable","15":"shipping-taxable","16":"purchasable","17":"product-type-simple"},"yoast_head":"<!-- This site is optimized with the Yoast SEO Premium plugin v26.8 (Yoast SEO v27.4) - https:\/\/yoast.com\/product\/yoast-seo-premium-wordpress\/ -->\n<title>Ez\u00fcst m\u00e1ltai keresztes feh\u00e9r k\u00f6ves f\u00fclbeval\u00f3 | Drescher Jewellery<\/title>\n<meta name=\"description\" content=\"Fedezd fel a leny\u0171g\u00f6z\u0151 Ez\u00fcst m\u00e1ltai keresztes feh\u00e9r k\u00f6ves f\u00fclbeval\u00f3 \u00e9kszer\u00fcnket. T\u00f6k\u00e9letes kieg\u00e9sz\u00edt\u0151 mindennapi viselethez \u00e9s k\u00fcl\u00f6nleges alkalmakra egyar\u00e1nt. Rendeld meg most!\" \/>\n<meta name=\"robots\" content=\"index, follow, max-snippet:-1, max-image-preview:large, max-video-preview:-1\" \/>\n<link rel=\"canonical\" href=\"https:\/\/drescherjewellery.com\/hu\/termek\/ezust-maltai-keresztes-feher-koves-fulbevalo\/\" \/>\n<meta property=\"og:locale\" content=\"hu_HU\" \/>\n<meta property=\"og:type\" content=\"article\" \/>\n<meta property=\"og:title\" content=\"Ez\u00fcst m\u00e1ltai keresztes feh\u00e9r k\u00f6ves f\u00fclbeval\u00f3\" \/>\n<meta property=\"og:description\" content=\"Fedezd fel a leny\u0171g\u00f6z\u0151 Ez\u00fcst m\u00e1ltai keresztes feh\u00e9r k\u00f6ves f\u00fclbeval\u00f3 \u00e9kszer\u00fcnket. T\u00f6k\u00e9letes kieg\u00e9sz\u00edt\u0151 mindennapi viselethez \u00e9s k\u00fcl\u00f6nleges alkalmakra egyar\u00e1nt. Rendeld meg most!\" \/>\n<meta property=\"og:url\" content=\"https:\/\/drescherjewellery.com\/hu\/termek\/ezust-maltai-keresztes-feher-koves-fulbevalo\/\" \/>\n<meta property=\"og:site_name\" content=\"Drescher Jewellery\" \/>\n<meta property=\"article:publisher\" content=\"https:\/\/www.facebook.com\/drescherjewellery\" \/>\n<meta property=\"article:modified_time\" content=\"2026-04-01T15:19:42+00:00\" \/>\n<meta property=\"og:image\" content=\"https:\/\/drescherjewellery.com\/wp-content\/uploads\/2022\/08\/ezust-maltai-keresztes-feher-koves-fulbevalo-101667.jpg\" \/>\n\t<meta property=\"og:image:width\" content=\"800\" \/>\n\t<meta property=\"og:image:height\" content=\"800\" \/>\n\t<meta property=\"og:image:type\" content=\"image\/jpeg\" \/>\n<meta name=\"twitter:card\" content=\"summary_large_image\" \/>\n<meta name=\"twitter:label1\" content=\"Becs\u00fclt olvas\u00e1si id\u0151\" \/>\n\t<meta name=\"twitter:data1\" content=\"1 perc\" \/>\n<script type=\"application\/ld+json\" class=\"yoast-schema-graph\">{\"@context\":\"https:\\\/\\\/schema.org\",\"@graph\":[{\"@type\":\"WebPage\",\"@id\":\"https:\\\/\\\/drescherjewellery.com\\\/hu\\\/termek\\\/ezust-maltai-keresztes-feher-koves-fulbevalo\\\/\",\"url\":\"https:\\\/\\\/drescherjewellery.com\\\/hu\\\/termek\\\/ezust-maltai-keresztes-feher-koves-fulbevalo\\\/\",\"name\":\"Ez\u00fcst m\u00e1ltai keresztes feh\u00e9r k\u00f6ves f\u00fclbeval\u00f3 | Drescher Jewellery\",\"isPartOf\":{\"@id\":\"https:\\\/\\\/drescherjewellery.com\\\/hu\\\/#website\"},\"primaryImageOfPage\":{\"@id\":\"https:\\\/\\\/drescherjewellery.com\\\/hu\\\/termek\\\/ezust-maltai-keresztes-feher-koves-fulbevalo\\\/#primaryimage\"},\"image\":{\"@id\":\"https:\\\/\\\/drescherjewellery.com\\\/hu\\\/termek\\\/ezust-maltai-keresztes-feher-koves-fulbevalo\\\/#primaryimage\"},\"thumbnailUrl\":\"https:\\\/\\\/drescherjewellery.com\\\/wp-content\\\/uploads\\\/2022\\\/08\\\/ezust-maltai-keresztes-feher-koves-fulbevalo-101667.jpg\",\"datePublished\":\"2022-08-31T13:38:18+00:00\",\"dateModified\":\"2026-04-01T15:19:42+00:00\",\"description\":\"Fedezd fel a leny\u0171g\u00f6z\u0151 Ez\u00fcst m\u00e1ltai keresztes feh\u00e9r k\u00f6ves f\u00fclbeval\u00f3 \u00e9kszer\u00fcnket. T\u00f6k\u00e9letes kieg\u00e9sz\u00edt\u0151 mindennapi viselethez \u00e9s k\u00fcl\u00f6nleges alkalmakra egyar\u00e1nt. Rendeld meg most!\",\"breadcrumb\":{\"@id\":\"https:\\\/\\\/drescherjewellery.com\\\/hu\\\/termek\\\/ezust-maltai-keresztes-feher-koves-fulbevalo\\\/#breadcrumb\"},\"inLanguage\":\"hu\",\"potentialAction\":[{\"@type\":\"ReadAction\",\"target\":[\"https:\\\/\\\/drescherjewellery.com\\\/hu\\\/termek\\\/ezust-maltai-keresztes-feher-koves-fulbevalo\\\/\"]}]},{\"@type\":\"ImageObject\",\"inLanguage\":\"hu\",\"@id\":\"https:\\\/\\\/drescherjewellery.com\\\/hu\\\/termek\\\/ezust-maltai-keresztes-feher-koves-fulbevalo\\\/#primaryimage\",\"url\":\"https:\\\/\\\/drescherjewellery.com\\\/wp-content\\\/uploads\\\/2022\\\/08\\\/ezust-maltai-keresztes-feher-koves-fulbevalo-101667.jpg\",\"contentUrl\":\"https:\\\/\\\/drescherjewellery.com\\\/wp-content\\\/uploads\\\/2022\\\/08\\\/ezust-maltai-keresztes-feher-koves-fulbevalo-101667.jpg\",\"width\":800,\"height\":800},{\"@type\":\"BreadcrumbList\",\"@id\":\"https:\\\/\\\/drescherjewellery.com\\\/hu\\\/termek\\\/ezust-maltai-keresztes-feher-koves-fulbevalo\\\/#breadcrumb\",\"itemListElement\":[{\"@type\":\"ListItem\",\"position\":1,\"name\":\"Kezd\u0151lap\",\"item\":\"https:\\\/\\\/drescherjewellery.com\\\/hu\\\/\"},{\"@type\":\"ListItem\",\"position\":2,\"name\":\"Shop\",\"item\":\"https:\\\/\\\/drescherjewellery.com\\\/shop\\\/\"},{\"@type\":\"ListItem\",\"position\":3,\"name\":\"Ez\u00fcst m\u00e1ltai keresztes feh\u00e9r k\u00f6ves f\u00fclbeval\u00f3\"}]},{\"@type\":\"WebSite\",\"@id\":\"https:\\\/\\\/drescherjewellery.com\\\/hu\\\/#website\",\"url\":\"https:\\\/\\\/drescherjewellery.com\\\/hu\\\/\",\"name\":\"Drescher Jewellery\",\"description\":\"Tedd t\u00f6k\u00e9letesebb\u00e9 mindennapjaid a Drescher Jewellery \u00e9kszereivel.\",\"publisher\":{\"@id\":\"https:\\\/\\\/drescherjewellery.com\\\/hu\\\/#organization\"},\"alternateName\":\"Ez\u00fcst \u00c9kszer Web\u00e1ruh\u00e1z\",\"potentialAction\":[{\"@type\":\"SearchAction\",\"target\":{\"@type\":\"EntryPoint\",\"urlTemplate\":\"https:\\\/\\\/drescherjewellery.com\\\/hu\\\/?s={search_term_string}\"},\"query-input\":{\"@type\":\"PropertyValueSpecification\",\"valueRequired\":true,\"valueName\":\"search_term_string\"}}],\"inLanguage\":\"hu\"},{\"@type\":\"Organization\",\"@id\":\"https:\\\/\\\/drescherjewellery.com\\\/hu\\\/#organization\",\"name\":\"Drescher Jewellery\",\"url\":\"https:\\\/\\\/drescherjewellery.com\\\/hu\\\/\",\"logo\":{\"@type\":\"ImageObject\",\"inLanguage\":\"hu\",\"@id\":\"https:\\\/\\\/drescherjewellery.com\\\/hu\\\/#\\\/schema\\\/logo\\\/image\\\/\",\"url\":\"https:\\\/\\\/drescherjewellery.com\\\/wp-content\\\/uploads\\\/2026\\\/01\\\/Drescher-Jewellery-wpml.png\",\"contentUrl\":\"https:\\\/\\\/drescherjewellery.com\\\/wp-content\\\/uploads\\\/2026\\\/01\\\/Drescher-Jewellery-wpml.png\",\"width\":500,\"height\":500,\"caption\":\"Drescher Jewellery\"},\"image\":{\"@id\":\"https:\\\/\\\/drescherjewellery.com\\\/hu\\\/#\\\/schema\\\/logo\\\/image\\\/\"},\"sameAs\":[\"https:\\\/\\\/www.facebook.com\\\/drescherjewellery\",\"https:\\\/\\\/www.instagram.com\\\/drescherjewellery\",\"https:\\\/\\\/www.tiktok.com\\\/@drescherjewellery\"]}]}<\/script>\n<!-- \/ Yoast SEO Premium plugin. -->","yoast_head_json":{"title":"Ez\u00fcst m\u00e1ltai keresztes feh\u00e9r k\u00f6ves f\u00fclbeval\u00f3 | Drescher Jewellery","description":"Fedezd fel a leny\u0171g\u00f6z\u0151 Ez\u00fcst m\u00e1ltai keresztes feh\u00e9r k\u00f6ves f\u00fclbeval\u00f3 \u00e9kszer\u00fcnket. T\u00f6k\u00e9letes kieg\u00e9sz\u00edt\u0151 mindennapi viselethez \u00e9s k\u00fcl\u00f6nleges alkalmakra egyar\u00e1nt. Rendeld meg most!","robots":{"index":"index","follow":"follow","max-snippet":"max-snippet:-1","max-image-preview":"max-image-preview:large","max-video-preview":"max-video-preview:-1"},"canonical":"https:\/\/drescherjewellery.com\/hu\/termek\/ezust-maltai-keresztes-feher-koves-fulbevalo\/","og_locale":"hu_HU","og_type":"article","og_title":"Ez\u00fcst m\u00e1ltai keresztes feh\u00e9r k\u00f6ves f\u00fclbeval\u00f3","og_description":"Fedezd fel a leny\u0171g\u00f6z\u0151 Ez\u00fcst m\u00e1ltai keresztes feh\u00e9r k\u00f6ves f\u00fclbeval\u00f3 \u00e9kszer\u00fcnket. T\u00f6k\u00e9letes kieg\u00e9sz\u00edt\u0151 mindennapi viselethez \u00e9s k\u00fcl\u00f6nleges alkalmakra egyar\u00e1nt. Rendeld meg most!","og_url":"https:\/\/drescherjewellery.com\/hu\/termek\/ezust-maltai-keresztes-feher-koves-fulbevalo\/","og_site_name":"Drescher Jewellery","article_publisher":"https:\/\/www.facebook.com\/drescherjewellery","article_modified_time":"2026-04-01T15:19:42+00:00","og_image":[{"width":800,"height":800,"url":"https:\/\/drescherjewellery.com\/wp-content\/uploads\/2022\/08\/ezust-maltai-keresztes-feher-koves-fulbevalo-101667.jpg","type":"image\/jpeg"}],"twitter_card":"summary_large_image","twitter_misc":{"Becs\u00fclt olvas\u00e1si id\u0151":"1 perc"},"schema":{"@context":"https:\/\/schema.org","@graph":[{"@type":"WebPage","@id":"https:\/\/drescherjewellery.com\/hu\/termek\/ezust-maltai-keresztes-feher-koves-fulbevalo\/","url":"https:\/\/drescherjewellery.com\/hu\/termek\/ezust-maltai-keresztes-feher-koves-fulbevalo\/","name":"Ez\u00fcst m\u00e1ltai keresztes feh\u00e9r k\u00f6ves f\u00fclbeval\u00f3 | Drescher Jewellery","isPartOf":{"@id":"https:\/\/drescherjewellery.com\/hu\/#website"},"primaryImageOfPage":{"@id":"https:\/\/drescherjewellery.com\/hu\/termek\/ezust-maltai-keresztes-feher-koves-fulbevalo\/#primaryimage"},"image":{"@id":"https:\/\/drescherjewellery.com\/hu\/termek\/ezust-maltai-keresztes-feher-koves-fulbevalo\/#primaryimage"},"thumbnailUrl":"https:\/\/drescherjewellery.com\/wp-content\/uploads\/2022\/08\/ezust-maltai-keresztes-feher-koves-fulbevalo-101667.jpg","datePublished":"2022-08-31T13:38:18+00:00","dateModified":"2026-04-01T15:19:42+00:00","description":"Fedezd fel a leny\u0171g\u00f6z\u0151 Ez\u00fcst m\u00e1ltai keresztes feh\u00e9r k\u00f6ves f\u00fclbeval\u00f3 \u00e9kszer\u00fcnket. T\u00f6k\u00e9letes kieg\u00e9sz\u00edt\u0151 mindennapi viselethez \u00e9s k\u00fcl\u00f6nleges alkalmakra egyar\u00e1nt. Rendeld meg most!","breadcrumb":{"@id":"https:\/\/drescherjewellery.com\/hu\/termek\/ezust-maltai-keresztes-feher-koves-fulbevalo\/#breadcrumb"},"inLanguage":"hu","potentialAction":[{"@type":"ReadAction","target":["https:\/\/drescherjewellery.com\/hu\/termek\/ezust-maltai-keresztes-feher-koves-fulbevalo\/"]}]},{"@type":"ImageObject","inLanguage":"hu","@id":"https:\/\/drescherjewellery.com\/hu\/termek\/ezust-maltai-keresztes-feher-koves-fulbevalo\/#primaryimage","url":"https:\/\/drescherjewellery.com\/wp-content\/uploads\/2022\/08\/ezust-maltai-keresztes-feher-koves-fulbevalo-101667.jpg","contentUrl":"https:\/\/drescherjewellery.com\/wp-content\/uploads\/2022\/08\/ezust-maltai-keresztes-feher-koves-fulbevalo-101667.jpg","width":800,"height":800},{"@type":"BreadcrumbList","@id":"https:\/\/drescherjewellery.com\/hu\/termek\/ezust-maltai-keresztes-feher-koves-fulbevalo\/#breadcrumb","itemListElement":[{"@type":"ListItem","position":1,"name":"Kezd\u0151lap","item":"https:\/\/drescherjewellery.com\/hu\/"},{"@type":"ListItem","position":2,"name":"Shop","item":"https:\/\/drescherjewellery.com\/shop\/"},{"@type":"ListItem","position":3,"name":"Ez\u00fcst m\u00e1ltai keresztes feh\u00e9r k\u00f6ves f\u00fclbeval\u00f3"}]},{"@type":"WebSite","@id":"https:\/\/drescherjewellery.com\/hu\/#website","url":"https:\/\/drescherjewellery.com\/hu\/","name":"Drescher Jewellery","description":"Tedd t\u00f6k\u00e9letesebb\u00e9 mindennapjaid a Drescher Jewellery \u00e9kszereivel.","publisher":{"@id":"https:\/\/drescherjewellery.com\/hu\/#organization"},"alternateName":"Ez\u00fcst \u00c9kszer Web\u00e1ruh\u00e1z","potentialAction":[{"@type":"SearchAction","target":{"@type":"EntryPoint","urlTemplate":"https:\/\/drescherjewellery.com\/hu\/?s={search_term_string}"},"query-input":{"@type":"PropertyValueSpecification","valueRequired":true,"valueName":"search_term_string"}}],"inLanguage":"hu"},{"@type":"Organization","@id":"https:\/\/drescherjewellery.com\/hu\/#organization","name":"Drescher Jewellery","url":"https:\/\/drescherjewellery.com\/hu\/","logo":{"@type":"ImageObject","inLanguage":"hu","@id":"https:\/\/drescherjewellery.com\/hu\/#\/schema\/logo\/image\/","url":"https:\/\/drescherjewellery.com\/wp-content\/uploads\/2026\/01\/Drescher-Jewellery-wpml.png","contentUrl":"https:\/\/drescherjewellery.com\/wp-content\/uploads\/2026\/01\/Drescher-Jewellery-wpml.png","width":500,"height":500,"caption":"Drescher Jewellery"},"image":{"@id":"https:\/\/drescherjewellery.com\/hu\/#\/schema\/logo\/image\/"},"sameAs":["https:\/\/www.facebook.com\/drescherjewellery","https:\/\/www.instagram.com\/drescherjewellery","https:\/\/www.tiktok.com\/@drescherjewellery"]}]}},"_links":{"self":[{"href":"https:\/\/drescherjewellery.com\/hu\/wp-json\/wp\/v2\/product\/512","targetHints":{"allow":["GET"]}}],"collection":[{"href":"https:\/\/drescherjewellery.com\/hu\/wp-json\/wp\/v2\/product"}],"about":[{"href":"https:\/\/drescherjewellery.com\/hu\/wp-json\/wp\/v2\/types\/product"}],"version-history":[{"count":1,"href":"https:\/\/drescherjewellery.com\/hu\/wp-json\/wp\/v2\/product\/512\/revisions"}],"predecessor-version":[{"id":119012,"href":"https:\/\/drescherjewellery.com\/hu\/wp-json\/wp\/v2\/product\/512\/revisions\/119012"}],"wp:featuredmedia":[{"embeddable":true,"href":"https:\/\/drescherjewellery.com\/hu\/wp-json\/wp\/v2\/media\/101667"}],"wp:attachment":[{"href":"https:\/\/drescherjewellery.com\/hu\/wp-json\/wp\/v2\/media?parent=512"}],"wp:term":[{"taxonomy":"product_brand","embeddable":true,"href":"https:\/\/drescherjewellery.com\/hu\/wp-json\/wp\/v2\/product_brand?post=512"},{"taxonomy":"product_cat","embeddable":true,"href":"https:\/\/drescherjewellery.com\/hu\/wp-json\/wp\/v2\/product_cat?post=512"},{"taxonomy":"product_tag","embeddable":true,"href":"https:\/\/drescherjewellery.com\/hu\/wp-json\/wp\/v2\/product_tag?post=512"}],"curies":[{"name":"wp","href":"https:\/\/api.w.org\/{rel}","templated":true}]}}