{"id":526,"date":"2022-08-31T13:38:20","date_gmt":"2022-08-31T13:38:20","guid":{"rendered":"https:\/\/dianasilver.hu\/product\/ezust-feher-koves-virag-fulbevalo-2\/"},"modified":"2026-04-01T17:19:41","modified_gmt":"2026-04-01T15:19:41","slug":"ezust-feher-koves-virag-fulbevalo-2","status":"publish","type":"product","link":"https:\/\/drescherjewellery.com\/hu\/termek\/ezust-feher-koves-virag-fulbevalo-2\/","title":{"rendered":"Ez\u00fcst feh\u00e9r k\u00f6ves vir\u00e1g f\u00fclbeval\u00f3"},"content":{"rendered":"<h2 data-start=\"267\" data-end=\"347\">\ud83d\udc8e <strong data-start=\"270\" data-end=\"345\">Ez\u00fcst feh\u00e9r k\u00f6ves vir\u00e1g f\u00fclbeval\u00f3 \u2013 a frissess\u00e9g \u00e9s n\u0151iess\u00e9g szimb\u00f3luma<\/strong><\/h2>\n<p data-start=\"349\" data-end=\"670\">Ez a kifinomult <strong data-start=\"365\" data-end=\"392\">vir\u00e1g form\u00e1j\u00fa f\u00fclbeval\u00f3 <\/strong> <strong data-start=\"393\" data-end=\"431\">AG 925 ez\u00fcstb\u0151l, r\u00f3dium bevonattal<\/strong> k\u00e9sz\u00fclt, amely hossz\u00fa t\u00e1von meg\u0151rzi f\u00e9ny\u00e9t \u00e9s v\u00e9delmet ny\u00fajt az elsz\u00ednez\u0151d\u00e9s ellen. A vir\u00e1gmot\u00edvum az \u00e9let \u00f6r\u00f6m\u00e9t, a term\u00e9szet sz\u00e9ps\u00e9g\u00e9t \u00e9s a n\u0151i b\u00e1jt jelk\u00e9pezi, \u00edgy t\u00f6k\u00e9letes v\u00e1laszt\u00e1s lehet mindenna<\/p>\n<p data-start=\"672\" data-end=\"713\">\ud83c\udf38 <strong data-start=\"675\" data-end=\"711\">Mit szimboliz\u00e1l a vir\u00e1g mot\u00edvum?<\/strong><\/p>\n<ul data-start=\"715\" data-end=\"951\">\n<li data-start=\"715\" data-end=\"780\"><strong data-start=\"717\" data-end=\"755\">A n\u0151iess\u00e9g \u00e9s kecsess\u00e9g szimb\u00f3luma<\/strong> \u2013 finom, l\u00e9gies forma.<\/li>\n<li data-start=\"781\" data-end=\"868\"><strong data-start=\"783\" data-end=\"830\">A term\u00e9szet sz\u00e9ps\u00e9ge \u00e9s a meg\u00fajul\u00e1s jelk\u00e9pe<\/strong> \u2013 frissess\u00e9get \u00e9s harm\u00f3ni\u00e1t sugall.<\/li>\n<li data-start=\"869\" data-end=\"951\"><strong data-start=\"871\" data-end=\"912\">Az \u00f6r\u00f6m \u00e9s pozit\u00edv energia kifejez\u0151je<\/strong> \u2013 l\u00e1gy \u00e9s kifinomult kisug\u00e1rz\u00e1st ad.<\/li>\n<\/ul>\n<p data-start=\"953\" data-end=\"992\">\u2728 <strong data-start=\"955\" data-end=\"990\">Mi\u00e9rt v\u00e1laszd ezt a f\u00fclbeval\u00f3t?<\/strong><\/p>\n<ul data-start=\"994\" data-end=\"1315\">\n<li data-start=\"994\" data-end=\"1083\"><strong data-start=\"996\" data-end=\"1016\">Pr\u00e9mium min\u0151s\u00e9g: <\/strong> <strong data-start=\"1017\" data-end=\"1052\">AG 925 ez\u00fcst, r\u00f3dium bevonattal<\/strong> a hosszan tart\u00f3 ragyog\u00e1s\u00e9rt.<\/li>\n<li data-start=\"1084\" data-end=\"1159\"><strong data-start=\"1086\" data-end=\"1119\">Eleg\u00e1ns \u00e9s romantikus diz\u00e1jn:<\/strong> A vir\u00e1g forma \u00f6r\u00f6k n\u0151iess\u00e9get sugall.<\/li>\n<li data-start=\"1160\" data-end=\"1236\"><strong data-start=\"1162\" data-end=\"1196\">Csillog\u00f3 feh\u00e9r cirk\u00f3nia k\u00f6vek:<\/strong> Finoman csillog\u00f3, ig\u00e9nyes kidolgoz\u00e1s.<\/li>\n<li data-start=\"1237\" data-end=\"1315\"><strong data-start=\"1239\" data-end=\"1261\">K\u00e9nyelmes viselet:<\/strong> K\u00f6nnyed \u00e9s praktikus, eg\u00e9sz nap hordhat\u00f3 f\u00fclbeval\u00f3.<\/li>\n<\/ul>\n<p data-start=\"1317\" data-end=\"1400\" data-is-last-node=\"\">\ud83c\udf81 <strong data-start=\"1320\" data-end=\"1396\">Ide\u00e1lis aj\u00e1nd\u00e9k azoknak, akik szeretik a n\u0151ies \u00e9s romantikus \u00e9kszereket!<\/strong> \ud83c\udf38\u2728<\/p>\n","protected":false},"excerpt":{"rendered":"<p><strong data-start=\"36\" data-end=\"73\">Ez\u00fcst feh\u00e9r k\u00f6ves vir\u00e1g f\u00fclbeval\u00f3<\/strong> \u2013 a term\u00e9szet ihlette elegancia \u00e9s finoms\u00e1g! \ud83c\udf3f\u2728 A ragyog\u00f3 cirk\u00f3nia k\u00f6vek \u00e9s a vir\u00e1g forma l\u00e1gy harm\u00f3ni\u00e1ja kiemeli visel\u0151je n\u0151iess\u00e9g\u00e9t \u00e9s b\u00e1j\u00e1t.<\/p>\n","protected":false},"featured_media":2950,"template":"","meta":[],"product_brand":[],"product_cat":[28],"product_tag":[514,513,532],"class_list":{"0":"post-526","1":"product","2":"type-product","3":"status-publish","4":"has-post-thumbnail","6":"product_cat-ezust-fulbevalo","7":"product_tag-gyermek-ezust-ekszer","8":"product_tag-noi-ezust-ekszerek","9":"product_tag-viragos","10":"description-off","12":"first","13":"instock","14":"taxable","15":"shipping-taxable","16":"purchasable","17":"product-type-simple"},"yoast_head":"<!-- This site is optimized with the Yoast SEO Premium plugin v26.8 (Yoast SEO v27.4) - https:\/\/yoast.com\/product\/yoast-seo-premium-wordpress\/ -->\n<title>Ez\u00fcst feh\u00e9r k\u00f6ves vir\u00e1g f\u00fclbeval\u00f3 | Drescher Jewellery<\/title>\n<meta name=\"description\" content=\"Fedezd fel a leny\u0171g\u00f6z\u0151 Ez\u00fcst feh\u00e9r k\u00f6ves vir\u00e1g f\u00fclbeval\u00f3 \u00e9kszer\u00fcnket. T\u00f6k\u00e9letes kieg\u00e9sz\u00edt\u0151 mindennapi viselethez \u00e9s k\u00fcl\u00f6nleges alkalmakra egyar\u00e1nt. Rendeld meg most!\" \/>\n<meta name=\"robots\" content=\"index, follow, max-snippet:-1, max-image-preview:large, max-video-preview:-1\" \/>\n<link rel=\"canonical\" href=\"https:\/\/drescherjewellery.com\/hu\/termek\/ezust-feher-koves-virag-fulbevalo-2\/\" \/>\n<meta property=\"og:locale\" content=\"hu_HU\" \/>\n<meta property=\"og:type\" content=\"article\" \/>\n<meta property=\"og:title\" content=\"Ez\u00fcst feh\u00e9r k\u00f6ves vir\u00e1g f\u00fclbeval\u00f3\" \/>\n<meta property=\"og:description\" content=\"Fedezd fel a leny\u0171g\u00f6z\u0151 Ez\u00fcst feh\u00e9r k\u00f6ves vir\u00e1g f\u00fclbeval\u00f3 \u00e9kszer\u00fcnket. T\u00f6k\u00e9letes kieg\u00e9sz\u00edt\u0151 mindennapi viselethez \u00e9s k\u00fcl\u00f6nleges alkalmakra egyar\u00e1nt. Rendeld meg most!\" \/>\n<meta property=\"og:url\" content=\"https:\/\/drescherjewellery.com\/hu\/termek\/ezust-feher-koves-virag-fulbevalo-2\/\" \/>\n<meta property=\"og:site_name\" content=\"Drescher Jewellery\" \/>\n<meta property=\"article:publisher\" content=\"https:\/\/www.facebook.com\/drescherjewellery\" \/>\n<meta property=\"article:modified_time\" content=\"2026-04-01T15:19:41+00:00\" \/>\n<meta property=\"og:image\" content=\"https:\/\/drescherjewellery.com\/wp-content\/uploads\/2022\/08\/ezust-feher-koves-virag-fulbevalo-2950.jpg\" \/>\n\t<meta property=\"og:image:width\" content=\"800\" \/>\n\t<meta property=\"og:image:height\" content=\"800\" \/>\n\t<meta property=\"og:image:type\" content=\"image\/jpeg\" \/>\n<meta name=\"twitter:card\" content=\"summary_large_image\" \/>\n<meta name=\"twitter:label1\" content=\"Becs\u00fclt olvas\u00e1si id\u0151\" \/>\n\t<meta name=\"twitter:data1\" content=\"1 perc\" \/>\n<script type=\"application\/ld+json\" class=\"yoast-schema-graph\">{\"@context\":\"https:\\\/\\\/schema.org\",\"@graph\":[{\"@type\":\"WebPage\",\"@id\":\"https:\\\/\\\/drescherjewellery.com\\\/hu\\\/termek\\\/ezust-feher-koves-virag-fulbevalo-2\\\/\",\"url\":\"https:\\\/\\\/drescherjewellery.com\\\/hu\\\/termek\\\/ezust-feher-koves-virag-fulbevalo-2\\\/\",\"name\":\"Ez\u00fcst feh\u00e9r k\u00f6ves vir\u00e1g f\u00fclbeval\u00f3 | Drescher Jewellery\",\"isPartOf\":{\"@id\":\"https:\\\/\\\/drescherjewellery.com\\\/hu\\\/#website\"},\"primaryImageOfPage\":{\"@id\":\"https:\\\/\\\/drescherjewellery.com\\\/hu\\\/termek\\\/ezust-feher-koves-virag-fulbevalo-2\\\/#primaryimage\"},\"image\":{\"@id\":\"https:\\\/\\\/drescherjewellery.com\\\/hu\\\/termek\\\/ezust-feher-koves-virag-fulbevalo-2\\\/#primaryimage\"},\"thumbnailUrl\":\"https:\\\/\\\/drescherjewellery.com\\\/wp-content\\\/uploads\\\/2022\\\/08\\\/ezust-feher-koves-virag-fulbevalo-2950.jpg\",\"datePublished\":\"2022-08-31T13:38:20+00:00\",\"dateModified\":\"2026-04-01T15:19:41+00:00\",\"description\":\"Fedezd fel a leny\u0171g\u00f6z\u0151 Ez\u00fcst feh\u00e9r k\u00f6ves vir\u00e1g f\u00fclbeval\u00f3 \u00e9kszer\u00fcnket. T\u00f6k\u00e9letes kieg\u00e9sz\u00edt\u0151 mindennapi viselethez \u00e9s k\u00fcl\u00f6nleges alkalmakra egyar\u00e1nt. Rendeld meg most!\",\"breadcrumb\":{\"@id\":\"https:\\\/\\\/drescherjewellery.com\\\/hu\\\/termek\\\/ezust-feher-koves-virag-fulbevalo-2\\\/#breadcrumb\"},\"inLanguage\":\"hu\",\"potentialAction\":[{\"@type\":\"ReadAction\",\"target\":[\"https:\\\/\\\/drescherjewellery.com\\\/hu\\\/termek\\\/ezust-feher-koves-virag-fulbevalo-2\\\/\"]}]},{\"@type\":\"ImageObject\",\"inLanguage\":\"hu\",\"@id\":\"https:\\\/\\\/drescherjewellery.com\\\/hu\\\/termek\\\/ezust-feher-koves-virag-fulbevalo-2\\\/#primaryimage\",\"url\":\"https:\\\/\\\/drescherjewellery.com\\\/wp-content\\\/uploads\\\/2022\\\/08\\\/ezust-feher-koves-virag-fulbevalo-2950.jpg\",\"contentUrl\":\"https:\\\/\\\/drescherjewellery.com\\\/wp-content\\\/uploads\\\/2022\\\/08\\\/ezust-feher-koves-virag-fulbevalo-2950.jpg\",\"width\":800,\"height\":800},{\"@type\":\"BreadcrumbList\",\"@id\":\"https:\\\/\\\/drescherjewellery.com\\\/hu\\\/termek\\\/ezust-feher-koves-virag-fulbevalo-2\\\/#breadcrumb\",\"itemListElement\":[{\"@type\":\"ListItem\",\"position\":1,\"name\":\"Kezd\u0151lap\",\"item\":\"https:\\\/\\\/drescherjewellery.com\\\/hu\\\/\"},{\"@type\":\"ListItem\",\"position\":2,\"name\":\"Shop\",\"item\":\"https:\\\/\\\/drescherjewellery.com\\\/shop\\\/\"},{\"@type\":\"ListItem\",\"position\":3,\"name\":\"Ez\u00fcst feh\u00e9r k\u00f6ves vir\u00e1g f\u00fclbeval\u00f3\"}]},{\"@type\":\"WebSite\",\"@id\":\"https:\\\/\\\/drescherjewellery.com\\\/hu\\\/#website\",\"url\":\"https:\\\/\\\/drescherjewellery.com\\\/hu\\\/\",\"name\":\"Drescher Jewellery\",\"description\":\"Tedd t\u00f6k\u00e9letesebb\u00e9 mindennapjaid a Drescher Jewellery \u00e9kszereivel.\",\"publisher\":{\"@id\":\"https:\\\/\\\/drescherjewellery.com\\\/hu\\\/#organization\"},\"alternateName\":\"Ez\u00fcst \u00c9kszer Web\u00e1ruh\u00e1z\",\"potentialAction\":[{\"@type\":\"SearchAction\",\"target\":{\"@type\":\"EntryPoint\",\"urlTemplate\":\"https:\\\/\\\/drescherjewellery.com\\\/hu\\\/?s={search_term_string}\"},\"query-input\":{\"@type\":\"PropertyValueSpecification\",\"valueRequired\":true,\"valueName\":\"search_term_string\"}}],\"inLanguage\":\"hu\"},{\"@type\":\"Organization\",\"@id\":\"https:\\\/\\\/drescherjewellery.com\\\/hu\\\/#organization\",\"name\":\"Drescher Jewellery\",\"url\":\"https:\\\/\\\/drescherjewellery.com\\\/hu\\\/\",\"logo\":{\"@type\":\"ImageObject\",\"inLanguage\":\"hu\",\"@id\":\"https:\\\/\\\/drescherjewellery.com\\\/hu\\\/#\\\/schema\\\/logo\\\/image\\\/\",\"url\":\"https:\\\/\\\/drescherjewellery.com\\\/wp-content\\\/uploads\\\/2026\\\/01\\\/Drescher-Jewellery-wpml.png\",\"contentUrl\":\"https:\\\/\\\/drescherjewellery.com\\\/wp-content\\\/uploads\\\/2026\\\/01\\\/Drescher-Jewellery-wpml.png\",\"width\":500,\"height\":500,\"caption\":\"Drescher Jewellery\"},\"image\":{\"@id\":\"https:\\\/\\\/drescherjewellery.com\\\/hu\\\/#\\\/schema\\\/logo\\\/image\\\/\"},\"sameAs\":[\"https:\\\/\\\/www.facebook.com\\\/drescherjewellery\",\"https:\\\/\\\/www.instagram.com\\\/drescherjewellery\",\"https:\\\/\\\/www.tiktok.com\\\/@drescherjewellery\"]}]}<\/script>\n<!-- \/ Yoast SEO Premium plugin. -->","yoast_head_json":{"title":"Ez\u00fcst feh\u00e9r k\u00f6ves vir\u00e1g f\u00fclbeval\u00f3 | Drescher Jewellery","description":"Fedezd fel a leny\u0171g\u00f6z\u0151 Ez\u00fcst feh\u00e9r k\u00f6ves vir\u00e1g f\u00fclbeval\u00f3 \u00e9kszer\u00fcnket. T\u00f6k\u00e9letes kieg\u00e9sz\u00edt\u0151 mindennapi viselethez \u00e9s k\u00fcl\u00f6nleges alkalmakra egyar\u00e1nt. Rendeld meg most!","robots":{"index":"index","follow":"follow","max-snippet":"max-snippet:-1","max-image-preview":"max-image-preview:large","max-video-preview":"max-video-preview:-1"},"canonical":"https:\/\/drescherjewellery.com\/hu\/termek\/ezust-feher-koves-virag-fulbevalo-2\/","og_locale":"hu_HU","og_type":"article","og_title":"Ez\u00fcst feh\u00e9r k\u00f6ves vir\u00e1g f\u00fclbeval\u00f3","og_description":"Fedezd fel a leny\u0171g\u00f6z\u0151 Ez\u00fcst feh\u00e9r k\u00f6ves vir\u00e1g f\u00fclbeval\u00f3 \u00e9kszer\u00fcnket. T\u00f6k\u00e9letes kieg\u00e9sz\u00edt\u0151 mindennapi viselethez \u00e9s k\u00fcl\u00f6nleges alkalmakra egyar\u00e1nt. Rendeld meg most!","og_url":"https:\/\/drescherjewellery.com\/hu\/termek\/ezust-feher-koves-virag-fulbevalo-2\/","og_site_name":"Drescher Jewellery","article_publisher":"https:\/\/www.facebook.com\/drescherjewellery","article_modified_time":"2026-04-01T15:19:41+00:00","og_image":[{"width":800,"height":800,"url":"https:\/\/drescherjewellery.com\/wp-content\/uploads\/2022\/08\/ezust-feher-koves-virag-fulbevalo-2950.jpg","type":"image\/jpeg"}],"twitter_card":"summary_large_image","twitter_misc":{"Becs\u00fclt olvas\u00e1si id\u0151":"1 perc"},"schema":{"@context":"https:\/\/schema.org","@graph":[{"@type":"WebPage","@id":"https:\/\/drescherjewellery.com\/hu\/termek\/ezust-feher-koves-virag-fulbevalo-2\/","url":"https:\/\/drescherjewellery.com\/hu\/termek\/ezust-feher-koves-virag-fulbevalo-2\/","name":"Ez\u00fcst feh\u00e9r k\u00f6ves vir\u00e1g f\u00fclbeval\u00f3 | Drescher Jewellery","isPartOf":{"@id":"https:\/\/drescherjewellery.com\/hu\/#website"},"primaryImageOfPage":{"@id":"https:\/\/drescherjewellery.com\/hu\/termek\/ezust-feher-koves-virag-fulbevalo-2\/#primaryimage"},"image":{"@id":"https:\/\/drescherjewellery.com\/hu\/termek\/ezust-feher-koves-virag-fulbevalo-2\/#primaryimage"},"thumbnailUrl":"https:\/\/drescherjewellery.com\/wp-content\/uploads\/2022\/08\/ezust-feher-koves-virag-fulbevalo-2950.jpg","datePublished":"2022-08-31T13:38:20+00:00","dateModified":"2026-04-01T15:19:41+00:00","description":"Fedezd fel a leny\u0171g\u00f6z\u0151 Ez\u00fcst feh\u00e9r k\u00f6ves vir\u00e1g f\u00fclbeval\u00f3 \u00e9kszer\u00fcnket. T\u00f6k\u00e9letes kieg\u00e9sz\u00edt\u0151 mindennapi viselethez \u00e9s k\u00fcl\u00f6nleges alkalmakra egyar\u00e1nt. Rendeld meg most!","breadcrumb":{"@id":"https:\/\/drescherjewellery.com\/hu\/termek\/ezust-feher-koves-virag-fulbevalo-2\/#breadcrumb"},"inLanguage":"hu","potentialAction":[{"@type":"ReadAction","target":["https:\/\/drescherjewellery.com\/hu\/termek\/ezust-feher-koves-virag-fulbevalo-2\/"]}]},{"@type":"ImageObject","inLanguage":"hu","@id":"https:\/\/drescherjewellery.com\/hu\/termek\/ezust-feher-koves-virag-fulbevalo-2\/#primaryimage","url":"https:\/\/drescherjewellery.com\/wp-content\/uploads\/2022\/08\/ezust-feher-koves-virag-fulbevalo-2950.jpg","contentUrl":"https:\/\/drescherjewellery.com\/wp-content\/uploads\/2022\/08\/ezust-feher-koves-virag-fulbevalo-2950.jpg","width":800,"height":800},{"@type":"BreadcrumbList","@id":"https:\/\/drescherjewellery.com\/hu\/termek\/ezust-feher-koves-virag-fulbevalo-2\/#breadcrumb","itemListElement":[{"@type":"ListItem","position":1,"name":"Kezd\u0151lap","item":"https:\/\/drescherjewellery.com\/hu\/"},{"@type":"ListItem","position":2,"name":"Shop","item":"https:\/\/drescherjewellery.com\/shop\/"},{"@type":"ListItem","position":3,"name":"Ez\u00fcst feh\u00e9r k\u00f6ves vir\u00e1g f\u00fclbeval\u00f3"}]},{"@type":"WebSite","@id":"https:\/\/drescherjewellery.com\/hu\/#website","url":"https:\/\/drescherjewellery.com\/hu\/","name":"Drescher Jewellery","description":"Tedd t\u00f6k\u00e9letesebb\u00e9 mindennapjaid a Drescher Jewellery \u00e9kszereivel.","publisher":{"@id":"https:\/\/drescherjewellery.com\/hu\/#organization"},"alternateName":"Ez\u00fcst \u00c9kszer Web\u00e1ruh\u00e1z","potentialAction":[{"@type":"SearchAction","target":{"@type":"EntryPoint","urlTemplate":"https:\/\/drescherjewellery.com\/hu\/?s={search_term_string}"},"query-input":{"@type":"PropertyValueSpecification","valueRequired":true,"valueName":"search_term_string"}}],"inLanguage":"hu"},{"@type":"Organization","@id":"https:\/\/drescherjewellery.com\/hu\/#organization","name":"Drescher Jewellery","url":"https:\/\/drescherjewellery.com\/hu\/","logo":{"@type":"ImageObject","inLanguage":"hu","@id":"https:\/\/drescherjewellery.com\/hu\/#\/schema\/logo\/image\/","url":"https:\/\/drescherjewellery.com\/wp-content\/uploads\/2026\/01\/Drescher-Jewellery-wpml.png","contentUrl":"https:\/\/drescherjewellery.com\/wp-content\/uploads\/2026\/01\/Drescher-Jewellery-wpml.png","width":500,"height":500,"caption":"Drescher Jewellery"},"image":{"@id":"https:\/\/drescherjewellery.com\/hu\/#\/schema\/logo\/image\/"},"sameAs":["https:\/\/www.facebook.com\/drescherjewellery","https:\/\/www.instagram.com\/drescherjewellery","https:\/\/www.tiktok.com\/@drescherjewellery"]}]}},"_links":{"self":[{"href":"https:\/\/drescherjewellery.com\/hu\/wp-json\/wp\/v2\/product\/526","targetHints":{"allow":["GET"]}}],"collection":[{"href":"https:\/\/drescherjewellery.com\/hu\/wp-json\/wp\/v2\/product"}],"about":[{"href":"https:\/\/drescherjewellery.com\/hu\/wp-json\/wp\/v2\/types\/product"}],"version-history":[{"count":1,"href":"https:\/\/drescherjewellery.com\/hu\/wp-json\/wp\/v2\/product\/526\/revisions"}],"predecessor-version":[{"id":119024,"href":"https:\/\/drescherjewellery.com\/hu\/wp-json\/wp\/v2\/product\/526\/revisions\/119024"}],"wp:featuredmedia":[{"embeddable":true,"href":"https:\/\/drescherjewellery.com\/hu\/wp-json\/wp\/v2\/media\/2950"}],"wp:attachment":[{"href":"https:\/\/drescherjewellery.com\/hu\/wp-json\/wp\/v2\/media?parent=526"}],"wp:term":[{"taxonomy":"product_brand","embeddable":true,"href":"https:\/\/drescherjewellery.com\/hu\/wp-json\/wp\/v2\/product_brand?post=526"},{"taxonomy":"product_cat","embeddable":true,"href":"https:\/\/drescherjewellery.com\/hu\/wp-json\/wp\/v2\/product_cat?post=526"},{"taxonomy":"product_tag","embeddable":true,"href":"https:\/\/drescherjewellery.com\/hu\/wp-json\/wp\/v2\/product_tag?post=526"}],"curies":[{"name":"wp","href":"https:\/\/api.w.org\/{rel}","templated":true}]}}