{"id":677,"date":"2022-08-31T14:38:34","date_gmt":"2022-08-31T14:38:34","guid":{"rendered":"https:\/\/dianasilver.hu\/product\/feher-koves-gyongyos-ezust-steckeres-logos-fulbevalo-medallal\/"},"modified":"2026-02-21T01:37:59","modified_gmt":"2026-02-21T00:37:59","slug":"feher-koves-gyongyos-ezust-stekkeres-logos-fulbevalo-medallal","status":"publish","type":"product","link":"https:\/\/drescherjewellery.com\/hu\/termek\/feher-koves-gyongyos-ezust-stekkeres-logos-fulbevalo-medallal\/","title":{"rendered":"Feh\u00e9r k\u00f6ves gy\u00f6ngy\u00f6s ez\u00fcst stekkeres l\u00f3g\u00f3s f\u00fclbeval\u00f3 med\u00e1llal"},"content":{"rendered":"<h2>\ud83d\udc8e <strong>Feh\u00e9r k\u00f6ves gy\u00f6ngy\u00f6s ez\u00fcst stekkeres l\u00f3g\u00f3s f\u00fclbeval\u00f3 med\u00e1llal \u2013 a kifinomult ragyog\u00e1s \u00e9s n\u0151iess\u00e9g t\u00f6k\u00e9letes tal\u00e1lkoz\u00e1sa<\/strong><\/h2>\n<p>Ez a <strong>pr\u00e9mium min\u0151s\u00e9g\u0171 AG 925 ez\u00fcst \u00e9kszerszett<\/strong> egy k\u00fcl\u00f6nleges <strong>stekkeres f\u00fclbeval\u00f3t \u00e9s hozz\u00e1 ill\u0151 med\u00e1lt<\/strong> tartalmaz, finoman csillog\u00f3 <strong>feh\u00e9r cirk\u00f3nia k\u00f6vek \u00e9s klasszikus gy\u00f6ngy\u00f6k<\/strong> d\u00edsz\u00edtenek. A f\u00fclbeval\u00f3 l\u00f3g\u00f3s kialak\u00edt\u00e1sa eleg\u00e1nsan k\u00f6veti a mozg\u00e1st, \u00edgy minden egyes pillanatban kiemeli visel\u0151je ragyog\u00e1s\u00e1t. A <strong>r\u00f3dium bevonat<\/strong> gondoskodik a hosszan tart\u00f3 f\u00e9nyess\u00e9gr\u0151l \u00e9s v\u00e9delmet ny\u00fajt az elsz\u00ednez\u0151d\u00e9s ellen.<\/p>\n<p>\ud83e\udd0d <strong>Mit szimboliz\u00e1l a gy\u00f6ngy \u00e9s a feh\u00e9r cirk\u00f3nia?<\/strong><\/p>\n<ul>\n<li><strong>A tisztas\u00e1got \u00e9s az id\u0151tlen eleganci\u00e1t.<\/strong><\/li>\n<li><strong>A n\u0151iess\u00e9get \u00e9s a kifinomults\u00e1got.<\/strong><\/li>\n<li><strong>A harm\u00f3ni\u00e1t \u00e9s az \u00f6r\u00f6k sz\u00e9ps\u00e9get.<\/strong><\/li>\n<\/ul>\n<p>\u2728 <strong>Mi\u00e9rt v\u00e1laszd ezt az \u00e9kszerszettet?<\/strong><\/p>\n<ul>\n<li><strong>Pr\u00e9mium min\u0151s\u00e9g: <\/strong> <strong>AG 925 ez\u00fcst<\/strong> , <strong>r\u00f3dium bevonattal<\/strong> a tart\u00f3s f\u00e9ny\u00e9rt.<\/li>\n<li><strong>Eleg\u00e1ns diz\u00e1jn:<\/strong> L\u00f3g\u00f3s kialak\u00edt\u00e1s, amely kecsesen mozdul minden l\u00e9p\u00e9sn\u00e9l.<\/li>\n<li><strong>Csillog\u00f3 feh\u00e9r k\u00f6vek \u00e9s gy\u00f6ngy:<\/strong> Egyed\u00fcl\u00e1ll\u00f3 kombin\u00e1ci\u00f3, amely klasszikus \u00e9s modern egyszerre.<\/li>\n<li><strong>T\u00f6k\u00e9letes aj\u00e1nd\u00e9k:<\/strong> Minden n\u0151i \u00e9kszergy\u0171jtem\u00e9ny elengedhetetlen darabja.<\/li>\n<\/ul>\n<p>\ud83c\udf81 <strong>Aj\u00e1nd\u00e9knak t\u00f6k\u00e9letes v\u00e1laszt\u00e1s!<\/strong><br \/>\nEz a l\u00f3g\u00f3s gy\u00f6ngy\u00f6s f\u00fclbeval\u00f3 \u00e9s med\u00e1l szett <strong>t\u00f6k\u00e9letes aj\u00e1nd\u00e9k lehet sz\u00fclet\u00e9snapra, \u00e9vfordul\u00f3ra vagy k\u00fcl\u00f6nleges alkalmakra<\/strong> .<\/p>\n<p>\ud83d\udcab <strong>Rendeld meg most, \u00e9s ragyogj a gy\u00f6ngy \u00e9s a cirk\u00f3nia var\u00e1zslatos csillog\u00e1s\u00e1val!<\/strong> \ud83e\udd0d\u2728<\/p>\n","protected":false},"excerpt":{"rendered":"<p><strong>Feh\u00e9r k\u00f6ves gy\u00f6ngy\u00f6s ez\u00fcst stekkeres l\u00f3g\u00f3s f\u00fclbeval\u00f3 med\u00e1llal \u2013 eleg\u00e1ns mozg\u00e1s \u00e9s csillog\u00e1s!<\/strong> \ud83e\udd0d\u2728<br \/>\nA finoman megmunk\u00e1lt gy\u00f6ngy\u00f6k \u00e9s a ragyog\u00f3 feh\u00e9r k\u00f6vek leny\u0171g\u00f6z\u0151 harm\u00f3ni\u00e1ja, amely minden pillanatban kiemeli n\u0151ies kisug\u00e1rz\u00e1sodat.<\/p>\n","protected":false},"featured_media":3038,"template":"","meta":[],"product_brand":[],"product_cat":[29,515],"product_tag":[513],"class_list":{"0":"post-677","1":"product","2":"type-product","3":"status-publish","4":"has-post-thumbnail","6":"product_cat-ezust-ekszer-szett","7":"product_cat-ezust-gyongyos-ekszer-szett","8":"product_tag-noi-ezust-ekszerek","9":"description-off","11":"first","12":"instock","13":"taxable","14":"shipping-taxable","15":"purchasable","16":"product-type-simple"},"yoast_head":"<!-- This site is optimized with the Yoast SEO Premium plugin v26.8 (Yoast SEO v27.4) - https:\/\/yoast.com\/product\/yoast-seo-premium-wordpress\/ -->\n<title>Feh\u00e9r k\u00f6ves gy\u00f6ngy\u00f6s ez\u00fcst stekkeres l\u00f3g\u00f3s f\u00fclbeval\u00f3 med\u00e1llal | Drescher Jewellery<\/title>\n<meta name=\"description\" content=\"Fedezd fel a leny\u0171g\u00f6z\u0151 Feh\u00e9r k\u00f6ves gy\u00f6ngy\u00f6s ez\u00fcst stekkeres l\u00f3g\u00f3s f\u00fclbeval\u00f3 med\u00e1llal \u00e9kszer\u00fcnket. T\u00f6k\u00e9letes kieg\u00e9sz\u00edt\u0151 mindennapi viselethez \u00e9s k\u00fcl\u00f6nleges alkalmakra egyar\u00e1nt. Rendeld meg most!\" \/>\n<meta name=\"robots\" content=\"index, follow, max-snippet:-1, max-image-preview:large, max-video-preview:-1\" \/>\n<link rel=\"canonical\" href=\"https:\/\/drescherjewellery.com\/hu\/termek\/feher-koves-gyongyos-ezust-stekkeres-logos-fulbevalo-medallal\/\" \/>\n<meta property=\"og:locale\" content=\"hu_HU\" \/>\n<meta property=\"og:type\" content=\"article\" \/>\n<meta property=\"og:title\" content=\"Feh\u00e9r k\u00f6ves gy\u00f6ngy\u00f6s ez\u00fcst stekkeres l\u00f3g\u00f3s f\u00fclbeval\u00f3 med\u00e1llal\" \/>\n<meta property=\"og:description\" content=\"Fedezd fel a leny\u0171g\u00f6z\u0151 Feh\u00e9r k\u00f6ves gy\u00f6ngy\u00f6s ez\u00fcst stekkeres l\u00f3g\u00f3s f\u00fclbeval\u00f3 med\u00e1llal \u00e9kszer\u00fcnket. T\u00f6k\u00e9letes kieg\u00e9sz\u00edt\u0151 mindennapi viselethez \u00e9s k\u00fcl\u00f6nleges alkalmakra egyar\u00e1nt. Rendeld meg most!\" \/>\n<meta property=\"og:url\" content=\"https:\/\/drescherjewellery.com\/hu\/termek\/feher-koves-gyongyos-ezust-stekkeres-logos-fulbevalo-medallal\/\" \/>\n<meta property=\"og:site_name\" content=\"Drescher Jewellery\" \/>\n<meta property=\"article:publisher\" content=\"https:\/\/www.facebook.com\/drescherjewellery\" \/>\n<meta property=\"article:modified_time\" content=\"2026-02-21T00:37:59+00:00\" \/>\n<meta property=\"og:image\" content=\"https:\/\/drescherjewellery.com\/wp-content\/uploads\/2022\/08\/feher-koves-gyongyos-ezust-stekkeres-logos-fulbevalo-medallal-3038.jpg\" \/>\n\t<meta property=\"og:image:width\" content=\"800\" \/>\n\t<meta property=\"og:image:height\" content=\"800\" \/>\n\t<meta property=\"og:image:type\" content=\"image\/jpeg\" \/>\n<meta name=\"twitter:card\" content=\"summary_large_image\" \/>\n<meta name=\"twitter:label1\" content=\"Becs\u00fclt olvas\u00e1si id\u0151\" \/>\n\t<meta name=\"twitter:data1\" content=\"2 perc\" \/>\n<script type=\"application\/ld+json\" class=\"yoast-schema-graph\">{\"@context\":\"https:\\\/\\\/schema.org\",\"@graph\":[{\"@type\":\"WebPage\",\"@id\":\"https:\\\/\\\/drescherjewellery.com\\\/hu\\\/termek\\\/feher-koves-gyongyos-ezust-stekkeres-logos-fulbevalo-medallal\\\/\",\"url\":\"https:\\\/\\\/drescherjewellery.com\\\/hu\\\/termek\\\/feher-koves-gyongyos-ezust-stekkeres-logos-fulbevalo-medallal\\\/\",\"name\":\"Feh\u00e9r k\u00f6ves gy\u00f6ngy\u00f6s ez\u00fcst stekkeres l\u00f3g\u00f3s f\u00fclbeval\u00f3 med\u00e1llal | Drescher Jewellery\",\"isPartOf\":{\"@id\":\"https:\\\/\\\/drescherjewellery.com\\\/hu\\\/#website\"},\"primaryImageOfPage\":{\"@id\":\"https:\\\/\\\/drescherjewellery.com\\\/hu\\\/termek\\\/feher-koves-gyongyos-ezust-stekkeres-logos-fulbevalo-medallal\\\/#primaryimage\"},\"image\":{\"@id\":\"https:\\\/\\\/drescherjewellery.com\\\/hu\\\/termek\\\/feher-koves-gyongyos-ezust-stekkeres-logos-fulbevalo-medallal\\\/#primaryimage\"},\"thumbnailUrl\":\"https:\\\/\\\/drescherjewellery.com\\\/wp-content\\\/uploads\\\/2022\\\/08\\\/feher-koves-gyongyos-ezust-stekkeres-logos-fulbevalo-medallal-3038.jpg\",\"datePublished\":\"2022-08-31T14:38:34+00:00\",\"dateModified\":\"2026-02-21T00:37:59+00:00\",\"description\":\"Fedezd fel a leny\u0171g\u00f6z\u0151 Feh\u00e9r k\u00f6ves gy\u00f6ngy\u00f6s ez\u00fcst stekkeres l\u00f3g\u00f3s f\u00fclbeval\u00f3 med\u00e1llal \u00e9kszer\u00fcnket. T\u00f6k\u00e9letes kieg\u00e9sz\u00edt\u0151 mindennapi viselethez \u00e9s k\u00fcl\u00f6nleges alkalmakra egyar\u00e1nt. Rendeld meg most!\",\"breadcrumb\":{\"@id\":\"https:\\\/\\\/drescherjewellery.com\\\/hu\\\/termek\\\/feher-koves-gyongyos-ezust-stekkeres-logos-fulbevalo-medallal\\\/#breadcrumb\"},\"inLanguage\":\"hu\",\"potentialAction\":[{\"@type\":\"ReadAction\",\"target\":[\"https:\\\/\\\/drescherjewellery.com\\\/hu\\\/termek\\\/feher-koves-gyongyos-ezust-stekkeres-logos-fulbevalo-medallal\\\/\"]}]},{\"@type\":\"ImageObject\",\"inLanguage\":\"hu\",\"@id\":\"https:\\\/\\\/drescherjewellery.com\\\/hu\\\/termek\\\/feher-koves-gyongyos-ezust-stekkeres-logos-fulbevalo-medallal\\\/#primaryimage\",\"url\":\"https:\\\/\\\/drescherjewellery.com\\\/wp-content\\\/uploads\\\/2022\\\/08\\\/feher-koves-gyongyos-ezust-stekkeres-logos-fulbevalo-medallal-3038.jpg\",\"contentUrl\":\"https:\\\/\\\/drescherjewellery.com\\\/wp-content\\\/uploads\\\/2022\\\/08\\\/feher-koves-gyongyos-ezust-stekkeres-logos-fulbevalo-medallal-3038.jpg\",\"width\":800,\"height\":800},{\"@type\":\"BreadcrumbList\",\"@id\":\"https:\\\/\\\/drescherjewellery.com\\\/hu\\\/termek\\\/feher-koves-gyongyos-ezust-stekkeres-logos-fulbevalo-medallal\\\/#breadcrumb\",\"itemListElement\":[{\"@type\":\"ListItem\",\"position\":1,\"name\":\"Kezd\u0151lap\",\"item\":\"https:\\\/\\\/drescherjewellery.com\\\/hu\\\/\"},{\"@type\":\"ListItem\",\"position\":2,\"name\":\"Shop\",\"item\":\"https:\\\/\\\/drescherjewellery.com\\\/shop\\\/\"},{\"@type\":\"ListItem\",\"position\":3,\"name\":\"Feh\u00e9r k\u00f6ves gy\u00f6ngy\u00f6s ez\u00fcst stekkeres l\u00f3g\u00f3s f\u00fclbeval\u00f3 med\u00e1llal\"}]},{\"@type\":\"WebSite\",\"@id\":\"https:\\\/\\\/drescherjewellery.com\\\/hu\\\/#website\",\"url\":\"https:\\\/\\\/drescherjewellery.com\\\/hu\\\/\",\"name\":\"Drescher Jewellery\",\"description\":\"Tedd t\u00f6k\u00e9letesebb\u00e9 mindennapjaid a Drescher Jewellery \u00e9kszereivel.\",\"publisher\":{\"@id\":\"https:\\\/\\\/drescherjewellery.com\\\/hu\\\/#organization\"},\"alternateName\":\"Ez\u00fcst \u00c9kszer Web\u00e1ruh\u00e1z\",\"potentialAction\":[{\"@type\":\"SearchAction\",\"target\":{\"@type\":\"EntryPoint\",\"urlTemplate\":\"https:\\\/\\\/drescherjewellery.com\\\/hu\\\/?s={search_term_string}\"},\"query-input\":{\"@type\":\"PropertyValueSpecification\",\"valueRequired\":true,\"valueName\":\"search_term_string\"}}],\"inLanguage\":\"hu\"},{\"@type\":\"Organization\",\"@id\":\"https:\\\/\\\/drescherjewellery.com\\\/hu\\\/#organization\",\"name\":\"Drescher Jewellery\",\"url\":\"https:\\\/\\\/drescherjewellery.com\\\/hu\\\/\",\"logo\":{\"@type\":\"ImageObject\",\"inLanguage\":\"hu\",\"@id\":\"https:\\\/\\\/drescherjewellery.com\\\/hu\\\/#\\\/schema\\\/logo\\\/image\\\/\",\"url\":\"https:\\\/\\\/drescherjewellery.com\\\/wp-content\\\/uploads\\\/2026\\\/01\\\/Drescher-Jewellery-wpml.png\",\"contentUrl\":\"https:\\\/\\\/drescherjewellery.com\\\/wp-content\\\/uploads\\\/2026\\\/01\\\/Drescher-Jewellery-wpml.png\",\"width\":500,\"height\":500,\"caption\":\"Drescher Jewellery\"},\"image\":{\"@id\":\"https:\\\/\\\/drescherjewellery.com\\\/hu\\\/#\\\/schema\\\/logo\\\/image\\\/\"},\"sameAs\":[\"https:\\\/\\\/www.facebook.com\\\/drescherjewellery\",\"https:\\\/\\\/www.instagram.com\\\/drescherjewellery\",\"https:\\\/\\\/www.tiktok.com\\\/@drescherjewellery\"]}]}<\/script>\n<!-- \/ Yoast SEO Premium plugin. -->","yoast_head_json":{"title":"Feh\u00e9r k\u00f6ves gy\u00f6ngy\u00f6s ez\u00fcst stekkeres l\u00f3g\u00f3s f\u00fclbeval\u00f3 med\u00e1llal | Drescher Jewellery","description":"Fedezd fel a leny\u0171g\u00f6z\u0151 Feh\u00e9r k\u00f6ves gy\u00f6ngy\u00f6s ez\u00fcst stekkeres l\u00f3g\u00f3s f\u00fclbeval\u00f3 med\u00e1llal \u00e9kszer\u00fcnket. T\u00f6k\u00e9letes kieg\u00e9sz\u00edt\u0151 mindennapi viselethez \u00e9s k\u00fcl\u00f6nleges alkalmakra egyar\u00e1nt. Rendeld meg most!","robots":{"index":"index","follow":"follow","max-snippet":"max-snippet:-1","max-image-preview":"max-image-preview:large","max-video-preview":"max-video-preview:-1"},"canonical":"https:\/\/drescherjewellery.com\/hu\/termek\/feher-koves-gyongyos-ezust-stekkeres-logos-fulbevalo-medallal\/","og_locale":"hu_HU","og_type":"article","og_title":"Feh\u00e9r k\u00f6ves gy\u00f6ngy\u00f6s ez\u00fcst stekkeres l\u00f3g\u00f3s f\u00fclbeval\u00f3 med\u00e1llal","og_description":"Fedezd fel a leny\u0171g\u00f6z\u0151 Feh\u00e9r k\u00f6ves gy\u00f6ngy\u00f6s ez\u00fcst stekkeres l\u00f3g\u00f3s f\u00fclbeval\u00f3 med\u00e1llal \u00e9kszer\u00fcnket. T\u00f6k\u00e9letes kieg\u00e9sz\u00edt\u0151 mindennapi viselethez \u00e9s k\u00fcl\u00f6nleges alkalmakra egyar\u00e1nt. Rendeld meg most!","og_url":"https:\/\/drescherjewellery.com\/hu\/termek\/feher-koves-gyongyos-ezust-stekkeres-logos-fulbevalo-medallal\/","og_site_name":"Drescher Jewellery","article_publisher":"https:\/\/www.facebook.com\/drescherjewellery","article_modified_time":"2026-02-21T00:37:59+00:00","og_image":[{"width":800,"height":800,"url":"https:\/\/drescherjewellery.com\/wp-content\/uploads\/2022\/08\/feher-koves-gyongyos-ezust-stekkeres-logos-fulbevalo-medallal-3038.jpg","type":"image\/jpeg"}],"twitter_card":"summary_large_image","twitter_misc":{"Becs\u00fclt olvas\u00e1si id\u0151":"2 perc"},"schema":{"@context":"https:\/\/schema.org","@graph":[{"@type":"WebPage","@id":"https:\/\/drescherjewellery.com\/hu\/termek\/feher-koves-gyongyos-ezust-stekkeres-logos-fulbevalo-medallal\/","url":"https:\/\/drescherjewellery.com\/hu\/termek\/feher-koves-gyongyos-ezust-stekkeres-logos-fulbevalo-medallal\/","name":"Feh\u00e9r k\u00f6ves gy\u00f6ngy\u00f6s ez\u00fcst stekkeres l\u00f3g\u00f3s f\u00fclbeval\u00f3 med\u00e1llal | Drescher Jewellery","isPartOf":{"@id":"https:\/\/drescherjewellery.com\/hu\/#website"},"primaryImageOfPage":{"@id":"https:\/\/drescherjewellery.com\/hu\/termek\/feher-koves-gyongyos-ezust-stekkeres-logos-fulbevalo-medallal\/#primaryimage"},"image":{"@id":"https:\/\/drescherjewellery.com\/hu\/termek\/feher-koves-gyongyos-ezust-stekkeres-logos-fulbevalo-medallal\/#primaryimage"},"thumbnailUrl":"https:\/\/drescherjewellery.com\/wp-content\/uploads\/2022\/08\/feher-koves-gyongyos-ezust-stekkeres-logos-fulbevalo-medallal-3038.jpg","datePublished":"2022-08-31T14:38:34+00:00","dateModified":"2026-02-21T00:37:59+00:00","description":"Fedezd fel a leny\u0171g\u00f6z\u0151 Feh\u00e9r k\u00f6ves gy\u00f6ngy\u00f6s ez\u00fcst stekkeres l\u00f3g\u00f3s f\u00fclbeval\u00f3 med\u00e1llal \u00e9kszer\u00fcnket. T\u00f6k\u00e9letes kieg\u00e9sz\u00edt\u0151 mindennapi viselethez \u00e9s k\u00fcl\u00f6nleges alkalmakra egyar\u00e1nt. Rendeld meg most!","breadcrumb":{"@id":"https:\/\/drescherjewellery.com\/hu\/termek\/feher-koves-gyongyos-ezust-stekkeres-logos-fulbevalo-medallal\/#breadcrumb"},"inLanguage":"hu","potentialAction":[{"@type":"ReadAction","target":["https:\/\/drescherjewellery.com\/hu\/termek\/feher-koves-gyongyos-ezust-stekkeres-logos-fulbevalo-medallal\/"]}]},{"@type":"ImageObject","inLanguage":"hu","@id":"https:\/\/drescherjewellery.com\/hu\/termek\/feher-koves-gyongyos-ezust-stekkeres-logos-fulbevalo-medallal\/#primaryimage","url":"https:\/\/drescherjewellery.com\/wp-content\/uploads\/2022\/08\/feher-koves-gyongyos-ezust-stekkeres-logos-fulbevalo-medallal-3038.jpg","contentUrl":"https:\/\/drescherjewellery.com\/wp-content\/uploads\/2022\/08\/feher-koves-gyongyos-ezust-stekkeres-logos-fulbevalo-medallal-3038.jpg","width":800,"height":800},{"@type":"BreadcrumbList","@id":"https:\/\/drescherjewellery.com\/hu\/termek\/feher-koves-gyongyos-ezust-stekkeres-logos-fulbevalo-medallal\/#breadcrumb","itemListElement":[{"@type":"ListItem","position":1,"name":"Kezd\u0151lap","item":"https:\/\/drescherjewellery.com\/hu\/"},{"@type":"ListItem","position":2,"name":"Shop","item":"https:\/\/drescherjewellery.com\/shop\/"},{"@type":"ListItem","position":3,"name":"Feh\u00e9r k\u00f6ves gy\u00f6ngy\u00f6s ez\u00fcst stekkeres l\u00f3g\u00f3s f\u00fclbeval\u00f3 med\u00e1llal"}]},{"@type":"WebSite","@id":"https:\/\/drescherjewellery.com\/hu\/#website","url":"https:\/\/drescherjewellery.com\/hu\/","name":"Drescher Jewellery","description":"Tedd t\u00f6k\u00e9letesebb\u00e9 mindennapjaid a Drescher Jewellery \u00e9kszereivel.","publisher":{"@id":"https:\/\/drescherjewellery.com\/hu\/#organization"},"alternateName":"Ez\u00fcst \u00c9kszer Web\u00e1ruh\u00e1z","potentialAction":[{"@type":"SearchAction","target":{"@type":"EntryPoint","urlTemplate":"https:\/\/drescherjewellery.com\/hu\/?s={search_term_string}"},"query-input":{"@type":"PropertyValueSpecification","valueRequired":true,"valueName":"search_term_string"}}],"inLanguage":"hu"},{"@type":"Organization","@id":"https:\/\/drescherjewellery.com\/hu\/#organization","name":"Drescher Jewellery","url":"https:\/\/drescherjewellery.com\/hu\/","logo":{"@type":"ImageObject","inLanguage":"hu","@id":"https:\/\/drescherjewellery.com\/hu\/#\/schema\/logo\/image\/","url":"https:\/\/drescherjewellery.com\/wp-content\/uploads\/2026\/01\/Drescher-Jewellery-wpml.png","contentUrl":"https:\/\/drescherjewellery.com\/wp-content\/uploads\/2026\/01\/Drescher-Jewellery-wpml.png","width":500,"height":500,"caption":"Drescher Jewellery"},"image":{"@id":"https:\/\/drescherjewellery.com\/hu\/#\/schema\/logo\/image\/"},"sameAs":["https:\/\/www.facebook.com\/drescherjewellery","https:\/\/www.instagram.com\/drescherjewellery","https:\/\/www.tiktok.com\/@drescherjewellery"]}]}},"_links":{"self":[{"href":"https:\/\/drescherjewellery.com\/hu\/wp-json\/wp\/v2\/product\/677","targetHints":{"allow":["GET"]}}],"collection":[{"href":"https:\/\/drescherjewellery.com\/hu\/wp-json\/wp\/v2\/product"}],"about":[{"href":"https:\/\/drescherjewellery.com\/hu\/wp-json\/wp\/v2\/types\/product"}],"version-history":[{"count":1,"href":"https:\/\/drescherjewellery.com\/hu\/wp-json\/wp\/v2\/product\/677\/revisions"}],"predecessor-version":[{"id":119030,"href":"https:\/\/drescherjewellery.com\/hu\/wp-json\/wp\/v2\/product\/677\/revisions\/119030"}],"wp:featuredmedia":[{"embeddable":true,"href":"https:\/\/drescherjewellery.com\/hu\/wp-json\/wp\/v2\/media\/3038"}],"wp:attachment":[{"href":"https:\/\/drescherjewellery.com\/hu\/wp-json\/wp\/v2\/media?parent=677"}],"wp:term":[{"taxonomy":"product_brand","embeddable":true,"href":"https:\/\/drescherjewellery.com\/hu\/wp-json\/wp\/v2\/product_brand?post=677"},{"taxonomy":"product_cat","embeddable":true,"href":"https:\/\/drescherjewellery.com\/hu\/wp-json\/wp\/v2\/product_cat?post=677"},{"taxonomy":"product_tag","embeddable":true,"href":"https:\/\/drescherjewellery.com\/hu\/wp-json\/wp\/v2\/product_tag?post=677"}],"curies":[{"name":"wp","href":"https:\/\/api.w.org\/{rel}","templated":true}]}}