{"id":688,"date":"2022-08-31T14:38:36","date_gmt":"2022-08-31T14:38:36","guid":{"rendered":"https:\/\/dianasilver.hu\/product\/feher-koves-gyongyos-ezust-steckeres-fulbevalo-medallal-7\/"},"modified":"2026-02-21T01:38:00","modified_gmt":"2026-02-21T00:38:00","slug":"feher-koves-gyongyos-ezust-stekkeres-fulbevalo-medallal-7","status":"publish","type":"product","link":"https:\/\/drescherjewellery.com\/hu\/termek\/feher-koves-gyongyos-ezust-stekkeres-fulbevalo-medallal-7\/","title":{"rendered":"Feh\u00e9r k\u00f6rbe k\u00f6ves gy\u00f6ngy\u00f6s ez\u00fcst stekkeres f\u00fclbeval\u00f3 med\u00e1llal"},"content":{"rendered":"<h2><span style=\"vertical-align: inherit;\"><span style=\"vertical-align: inherit;\">\ud83d\udc8e <\/span><\/span><strong><span style=\"vertical-align: inherit;\"><span style=\"vertical-align: inherit;\">Feh\u00e9r k\u00f6rbe k\u00f6ves gy\u00f6ngy\u00f6s ez\u00fcst stekkeres f\u00fclbeval\u00f3 med\u00e1llal \u2013 a klasszikus \u00e9s modern elegancia t\u00f6k\u00e9letes \u00f6tv\u00f6zete<\/span><\/span><\/strong><\/h2>\n<p><span style=\"vertical-align: inherit;\"><span style=\"vertical-align: inherit;\">Ez a <\/span><\/span><strong><span style=\"vertical-align: inherit;\"><span style=\"vertical-align: inherit;\">pr\u00e9mium min\u0151s\u00e9g\u0171 AG 925 ez\u00fcst \u00e9kszerszett<\/span><\/span><\/strong><span style=\"vertical-align: inherit;\"><span style=\"vertical-align: inherit;\"> egy <\/span><\/span><strong><span style=\"vertical-align: inherit;\"><span style=\"vertical-align: inherit;\">letisztult, m\u00e9gis ragyog\u00f3 stekkeres f\u00fclbeval\u00f3t \u00e9s egy t\u00f6k\u00e9letesen harmoniz\u00e1l\u00f3 med\u00e1lt<\/span><\/span><\/strong><span style=\"vertical-align: inherit;\"><span style=\"vertical-align: inherit;\"> tartalmaz. A <\/span><\/span><strong><span style=\"vertical-align: inherit;\"><span style=\"vertical-align: inherit;\">csillog\u00f3 feh\u00e9r cirk\u00f3nia k\u00f6vek \u00e9s a gy\u00f6ngy\u00f6s egy\u00fcttes<\/span><\/span><\/strong><span style=\"vertical-align: inherit;\"><span style=\"vertical-align: inherit;\"> egyed\u00fcl\u00e1ll\u00f3 eleganci\u00e1t sug\u00e1roz, amely t\u00f6k\u00e9letes v\u00e1laszt\u00e1s k\u00fcl\u00f6nleges alkalmakra vagy ak\u00e1r a mindennapi viselethez. A <\/span><\/span><strong><span style=\"vertical-align: inherit;\"><span style=\"vertical-align: inherit;\">r\u00f3dium bevonat<\/span><\/span><\/strong><span style=\"vertical-align: inherit;\"><span style=\"vertical-align: inherit;\"> gondoskodik a tart\u00f3ss\u00e1gr\u00f3l \u00e9s a f\u00e9nyess\u00e9gr\u0151l, valamint v\u00e9delmet ny\u00fajt az elsz\u00ednez\u0151d\u00e9s ellen.<\/span><\/span><\/p>\n<p><span style=\"vertical-align: inherit;\"><span style=\"vertical-align: inherit;\">\ud83e\udd0d <\/span><\/span><strong><span style=\"vertical-align: inherit;\"><span style=\"vertical-align: inherit;\">Mit szimboliz\u00e1l a gy\u00f6ngy \u00e9s a feh\u00e9r cirk\u00f3nia?<\/span><\/span><\/strong><\/p>\n<ul>\n<li><strong><span style=\"vertical-align: inherit;\"><span style=\"vertical-align: inherit;\">A kifinomults\u00e1got \u00e9s a n\u0151iess\u00e9get.<\/span><\/span><\/strong><\/li>\n<li><strong><span style=\"vertical-align: inherit;\"><span style=\"vertical-align: inherit;\">A tisztas\u00e1got \u00e9s az id\u0151t\u00e1ll\u00f3 eleganci\u00e1t.<\/span><\/span><\/strong><\/li>\n<li><strong><span style=\"vertical-align: inherit;\"><span style=\"vertical-align: inherit;\">A term\u00e9szetes sz\u00e9ps\u00e9get \u00e9s a harm\u00f3ni\u00e1t.<\/span><\/span><\/strong><\/li>\n<\/ul>\n<p><span style=\"vertical-align: inherit;\"><span style=\"vertical-align: inherit;\">\u2728 <\/span><\/span><strong><span style=\"vertical-align: inherit;\"><span style=\"vertical-align: inherit;\">Mi\u00e9rt v\u00e1laszd ezt az \u00e9kszerszettet?<\/span><\/span><\/strong><\/p>\n<ul>\n<li><strong><span style=\"vertical-align: inherit;\"><span style=\"vertical-align: inherit;\">Pr\u00e9mium min\u0151s\u00e9g: <\/span><\/span><\/strong> <strong><span style=\"vertical-align: inherit;\"><span style=\"vertical-align: inherit;\">AG 925 ez\u00fcst<\/span><\/span><\/strong><span style=\"vertical-align: inherit;\"><span style=\"vertical-align: inherit;\"> , <\/span><\/span><strong><span style=\"vertical-align: inherit;\"><span style=\"vertical-align: inherit;\">r\u00f3dium bevonattal<\/span><\/span><\/strong><span style=\"vertical-align: inherit;\"><span style=\"vertical-align: inherit;\"> a hosszan tart\u00f3 ragyog\u00e1s\u00e9rt.<\/span><\/span><\/li>\n<li><strong><span style=\"vertical-align: inherit;\"><span style=\"vertical-align: inherit;\">K\u00fcl\u00f6nleges diz\u00e1jn:<\/span><\/span><\/strong><span style=\"vertical-align: inherit;\"><span style=\"vertical-align: inherit;\"> A cirk\u00f3nia k\u0151 csillog\u00e1sa \u00e9s a gy\u00f6ngy kifinomults\u00e1ga t\u00f6k\u00e9letes harm\u00f3ni\u00e1t alkot.<\/span><\/span><\/li>\n<li><strong><span style=\"vertical-align: inherit;\"><span style=\"vertical-align: inherit;\">K\u00e9nyelmes stekkeres f\u00fclbeval\u00f3:<\/span><\/span><\/strong><span style=\"vertical-align: inherit;\"><span style=\"vertical-align: inherit;\"> Eg\u00e9sz napos stabil \u00e9s komfortos viselet.<\/span><\/span><\/li>\n<li><strong><span style=\"vertical-align: inherit;\"><span style=\"vertical-align: inherit;\">Eleg\u00e1ns aj\u00e1nd\u00e9k:<\/span><\/span><\/strong><span style=\"vertical-align: inherit;\"><span style=\"vertical-align: inherit;\"> Klasszikus, m\u00e9gis modern, amely minden st\u00edlushoz illeszkedik.<\/span><\/span><\/li>\n<\/ul>\n<p><span style=\"vertical-align: inherit;\"><span style=\"vertical-align: inherit;\">\ud83c\udf81 <\/span><\/span><strong><span style=\"vertical-align: inherit;\"><span style=\"vertical-align: inherit;\">T\u00f6k\u00e9letes aj\u00e1nd\u00e9k azoknak, akik szeretik az eleg\u00e1ns \u00e9s id\u0151tlen \u00e9kszereket!<\/span><\/span><\/strong><br \/>\n<span style=\"vertical-align: inherit;\"><span style=\"vertical-align: inherit;\"> Ez a feh\u00e9r k\u00f6ves gy\u00f6ngy\u00f6s \u00e9kszerszett <\/span><\/span><strong><span style=\"vertical-align: inherit;\"><span style=\"vertical-align: inherit;\">ide\u00e1lis aj\u00e1nd\u00e9k lehet k\u00fcl\u00f6nleges alkalmakra, p\u00e9ld\u00e1ul sz\u00fclet\u00e9snapra, \u00e9vfordul\u00f3ra vagy esk\u00fcv\u0151re<\/span><\/span><\/strong><span style=\"vertical-align: inherit;\"><span style=\"vertical-align: inherit;\"> .<\/span><\/span><\/p>\n<p><span style=\"vertical-align: inherit;\"><span style=\"vertical-align: inherit;\">\ud83d\udcab <\/span><\/span><strong><span style=\"vertical-align: inherit;\"><span style=\"vertical-align: inherit;\">Rendeld meg most, \u00e9s emeld ki term\u00e9szetes sz\u00e9ps\u00e9ged ezzel az eleg\u00e1ns \u00e9kszerszettel!<\/span><\/span><\/strong><span style=\"vertical-align: inherit;\"><span style=\"vertical-align: inherit;\"> \ud83e\udd0d\u2728<\/span><\/span><\/p>\n","protected":false},"excerpt":{"rendered":"<p><strong><span style=\"vertical-align: inherit;\"><span style=\"vertical-align: inherit;\">Feh\u00e9r k\u00f6rbe k\u00f6ves gy\u00f6ngy\u00f6s ez\u00fcst stekkeres f\u00fclbeval\u00f3 med\u00e1llal \u2013 a kifinomults\u00e1g \u00e9s a n\u0151iess\u00e9g t\u00f6k\u00e9letes kifejez\u00e9se!<\/span><\/span><\/strong><span style=\"vertical-align: inherit;\"><span style=\"vertical-align: inherit;\"> \ud83e\udd0d\u2728 <\/span><\/span><br \/>\n<span style=\"vertical-align: inherit;\"><span style=\"vertical-align: inherit;\">A ragyog\u00f3 feh\u00e9r cirk\u00f3nia k\u00f6vek \u00e9s a finoman csillog\u00f3 gy\u00f6ngy kombin\u00e1ci\u00f3ja egy igaz\u00e1n k\u00fcl\u00f6nleges \u00e9kszer var\u00e1zsolja ezt a darabot.<\/span><\/span><\/p>\n","protected":false},"featured_media":3549,"template":"","meta":[],"product_brand":[],"product_cat":[29,515],"product_tag":[513],"class_list":{"0":"post-688","1":"product","2":"type-product","3":"status-publish","4":"has-post-thumbnail","6":"product_cat-ezust-ekszer-szett","7":"product_cat-ezust-gyongyos-ekszer-szett","8":"product_tag-noi-ezust-ekszerek","9":"description-off","11":"first","12":"instock","13":"virtual","14":"taxable","15":"purchasable","16":"product-type-simple"},"yoast_head":"<!-- This site is optimized with the Yoast SEO Premium plugin v26.8 (Yoast SEO v27.4) - https:\/\/yoast.com\/product\/yoast-seo-premium-wordpress\/ -->\n<title>Feh\u00e9r k\u00f6rbe k\u00f6ves gy\u00f6ngy\u00f6s ez\u00fcst stekkeres f\u00fclbeval\u00f3 med\u00e1llal | Drescher Jewellery<\/title>\n<meta name=\"description\" content=\"Fedezd fel a leny\u0171g\u00f6z\u0151 Feh\u00e9r k\u00f6rbe k\u00f6ves gy\u00f6ngy\u00f6s ez\u00fcst stekkeres f\u00fclbeval\u00f3 med\u00e1llal \u00e9kszer\u00fcnket. T\u00f6k\u00e9letes kieg\u00e9sz\u00edt\u0151 mindennapi viselethez \u00e9s k\u00fcl\u00f6nleges alkalmakra egyar\u00e1nt. Rendeld meg most!\" \/>\n<meta name=\"robots\" content=\"index, follow, max-snippet:-1, max-image-preview:large, max-video-preview:-1\" \/>\n<link rel=\"canonical\" href=\"https:\/\/drescherjewellery.com\/hu\/termek\/feher-koves-gyongyos-ezust-stekkeres-fulbevalo-medallal-7\/\" \/>\n<meta property=\"og:locale\" content=\"hu_HU\" \/>\n<meta property=\"og:type\" content=\"article\" \/>\n<meta property=\"og:title\" content=\"Feh\u00e9r k\u00f6rbe k\u00f6ves gy\u00f6ngy\u00f6s ez\u00fcst stekkeres f\u00fclbeval\u00f3 med\u00e1llal\" \/>\n<meta property=\"og:description\" content=\"Fedezd fel a leny\u0171g\u00f6z\u0151 Feh\u00e9r k\u00f6rbe k\u00f6ves gy\u00f6ngy\u00f6s ez\u00fcst stekkeres f\u00fclbeval\u00f3 med\u00e1llal \u00e9kszer\u00fcnket. T\u00f6k\u00e9letes kieg\u00e9sz\u00edt\u0151 mindennapi viselethez \u00e9s k\u00fcl\u00f6nleges alkalmakra egyar\u00e1nt. Rendeld meg most!\" \/>\n<meta property=\"og:url\" content=\"https:\/\/drescherjewellery.com\/hu\/termek\/feher-koves-gyongyos-ezust-stekkeres-fulbevalo-medallal-7\/\" \/>\n<meta property=\"og:site_name\" content=\"Drescher Jewellery\" \/>\n<meta property=\"article:publisher\" content=\"https:\/\/www.facebook.com\/drescherjewellery\" \/>\n<meta property=\"article:modified_time\" content=\"2026-02-21T00:38:00+00:00\" \/>\n<meta property=\"og:image\" content=\"https:\/\/drescherjewellery.com\/wp-content\/uploads\/2022\/08\/feher-korbe-koves-gyongyos-ezust-stekkeres-fulbevalo-medallal-3549.jpg\" \/>\n\t<meta property=\"og:image:width\" content=\"800\" \/>\n\t<meta property=\"og:image:height\" content=\"800\" \/>\n\t<meta property=\"og:image:type\" content=\"image\/jpeg\" \/>\n<meta name=\"twitter:card\" content=\"summary_large_image\" \/>\n<meta name=\"twitter:label1\" content=\"Becs\u00fclt olvas\u00e1si id\u0151\" \/>\n\t<meta name=\"twitter:data1\" content=\"2 perc\" \/>\n<script type=\"application\/ld+json\" class=\"yoast-schema-graph\">{\"@context\":\"https:\\\/\\\/schema.org\",\"@graph\":[{\"@type\":\"WebPage\",\"@id\":\"https:\\\/\\\/drescherjewellery.com\\\/hu\\\/termek\\\/feher-koves-gyongyos-ezust-stekkeres-fulbevalo-medallal-7\\\/\",\"url\":\"https:\\\/\\\/drescherjewellery.com\\\/hu\\\/termek\\\/feher-koves-gyongyos-ezust-stekkeres-fulbevalo-medallal-7\\\/\",\"name\":\"Feh\u00e9r k\u00f6rbe k\u00f6ves gy\u00f6ngy\u00f6s ez\u00fcst stekkeres f\u00fclbeval\u00f3 med\u00e1llal | Drescher Jewellery\",\"isPartOf\":{\"@id\":\"https:\\\/\\\/drescherjewellery.com\\\/hu\\\/#website\"},\"primaryImageOfPage\":{\"@id\":\"https:\\\/\\\/drescherjewellery.com\\\/hu\\\/termek\\\/feher-koves-gyongyos-ezust-stekkeres-fulbevalo-medallal-7\\\/#primaryimage\"},\"image\":{\"@id\":\"https:\\\/\\\/drescherjewellery.com\\\/hu\\\/termek\\\/feher-koves-gyongyos-ezust-stekkeres-fulbevalo-medallal-7\\\/#primaryimage\"},\"thumbnailUrl\":\"https:\\\/\\\/drescherjewellery.com\\\/wp-content\\\/uploads\\\/2022\\\/08\\\/feher-korbe-koves-gyongyos-ezust-stekkeres-fulbevalo-medallal-3549.jpg\",\"datePublished\":\"2022-08-31T14:38:36+00:00\",\"dateModified\":\"2026-02-21T00:38:00+00:00\",\"description\":\"Fedezd fel a leny\u0171g\u00f6z\u0151 Feh\u00e9r k\u00f6rbe k\u00f6ves gy\u00f6ngy\u00f6s ez\u00fcst stekkeres f\u00fclbeval\u00f3 med\u00e1llal \u00e9kszer\u00fcnket. T\u00f6k\u00e9letes kieg\u00e9sz\u00edt\u0151 mindennapi viselethez \u00e9s k\u00fcl\u00f6nleges alkalmakra egyar\u00e1nt. Rendeld meg most!\",\"breadcrumb\":{\"@id\":\"https:\\\/\\\/drescherjewellery.com\\\/hu\\\/termek\\\/feher-koves-gyongyos-ezust-stekkeres-fulbevalo-medallal-7\\\/#breadcrumb\"},\"inLanguage\":\"hu\",\"potentialAction\":[{\"@type\":\"ReadAction\",\"target\":[\"https:\\\/\\\/drescherjewellery.com\\\/hu\\\/termek\\\/feher-koves-gyongyos-ezust-stekkeres-fulbevalo-medallal-7\\\/\"]}]},{\"@type\":\"ImageObject\",\"inLanguage\":\"hu\",\"@id\":\"https:\\\/\\\/drescherjewellery.com\\\/hu\\\/termek\\\/feher-koves-gyongyos-ezust-stekkeres-fulbevalo-medallal-7\\\/#primaryimage\",\"url\":\"https:\\\/\\\/drescherjewellery.com\\\/wp-content\\\/uploads\\\/2022\\\/08\\\/feher-korbe-koves-gyongyos-ezust-stekkeres-fulbevalo-medallal-3549.jpg\",\"contentUrl\":\"https:\\\/\\\/drescherjewellery.com\\\/wp-content\\\/uploads\\\/2022\\\/08\\\/feher-korbe-koves-gyongyos-ezust-stekkeres-fulbevalo-medallal-3549.jpg\",\"width\":800,\"height\":800},{\"@type\":\"BreadcrumbList\",\"@id\":\"https:\\\/\\\/drescherjewellery.com\\\/hu\\\/termek\\\/feher-koves-gyongyos-ezust-stekkeres-fulbevalo-medallal-7\\\/#breadcrumb\",\"itemListElement\":[{\"@type\":\"ListItem\",\"position\":1,\"name\":\"Kezd\u0151lap\",\"item\":\"https:\\\/\\\/drescherjewellery.com\\\/hu\\\/\"},{\"@type\":\"ListItem\",\"position\":2,\"name\":\"Shop\",\"item\":\"https:\\\/\\\/drescherjewellery.com\\\/shop\\\/\"},{\"@type\":\"ListItem\",\"position\":3,\"name\":\"Feh\u00e9r k\u00f6rbe k\u00f6ves gy\u00f6ngy\u00f6s ez\u00fcst stekkeres f\u00fclbeval\u00f3 med\u00e1llal\"}]},{\"@type\":\"WebSite\",\"@id\":\"https:\\\/\\\/drescherjewellery.com\\\/hu\\\/#website\",\"url\":\"https:\\\/\\\/drescherjewellery.com\\\/hu\\\/\",\"name\":\"Drescher Jewellery\",\"description\":\"Tedd t\u00f6k\u00e9letesebb\u00e9 mindennapjaid a Drescher Jewellery \u00e9kszereivel.\",\"publisher\":{\"@id\":\"https:\\\/\\\/drescherjewellery.com\\\/hu\\\/#organization\"},\"alternateName\":\"Ez\u00fcst \u00c9kszer Web\u00e1ruh\u00e1z\",\"potentialAction\":[{\"@type\":\"SearchAction\",\"target\":{\"@type\":\"EntryPoint\",\"urlTemplate\":\"https:\\\/\\\/drescherjewellery.com\\\/hu\\\/?s={search_term_string}\"},\"query-input\":{\"@type\":\"PropertyValueSpecification\",\"valueRequired\":true,\"valueName\":\"search_term_string\"}}],\"inLanguage\":\"hu\"},{\"@type\":\"Organization\",\"@id\":\"https:\\\/\\\/drescherjewellery.com\\\/hu\\\/#organization\",\"name\":\"Drescher Jewellery\",\"url\":\"https:\\\/\\\/drescherjewellery.com\\\/hu\\\/\",\"logo\":{\"@type\":\"ImageObject\",\"inLanguage\":\"hu\",\"@id\":\"https:\\\/\\\/drescherjewellery.com\\\/hu\\\/#\\\/schema\\\/logo\\\/image\\\/\",\"url\":\"https:\\\/\\\/drescherjewellery.com\\\/wp-content\\\/uploads\\\/2026\\\/01\\\/Drescher-Jewellery-wpml.png\",\"contentUrl\":\"https:\\\/\\\/drescherjewellery.com\\\/wp-content\\\/uploads\\\/2026\\\/01\\\/Drescher-Jewellery-wpml.png\",\"width\":500,\"height\":500,\"caption\":\"Drescher Jewellery\"},\"image\":{\"@id\":\"https:\\\/\\\/drescherjewellery.com\\\/hu\\\/#\\\/schema\\\/logo\\\/image\\\/\"},\"sameAs\":[\"https:\\\/\\\/www.facebook.com\\\/drescherjewellery\",\"https:\\\/\\\/www.instagram.com\\\/drescherjewellery\",\"https:\\\/\\\/www.tiktok.com\\\/@drescherjewellery\"]}]}<\/script>\n<!-- \/ Yoast SEO Premium plugin. -->","yoast_head_json":{"title":"Feh\u00e9r k\u00f6rbe k\u00f6ves gy\u00f6ngy\u00f6s ez\u00fcst stekkeres f\u00fclbeval\u00f3 med\u00e1llal | Drescher Jewellery","description":"Fedezd fel a leny\u0171g\u00f6z\u0151 Feh\u00e9r k\u00f6rbe k\u00f6ves gy\u00f6ngy\u00f6s ez\u00fcst stekkeres f\u00fclbeval\u00f3 med\u00e1llal \u00e9kszer\u00fcnket. T\u00f6k\u00e9letes kieg\u00e9sz\u00edt\u0151 mindennapi viselethez \u00e9s k\u00fcl\u00f6nleges alkalmakra egyar\u00e1nt. Rendeld meg most!","robots":{"index":"index","follow":"follow","max-snippet":"max-snippet:-1","max-image-preview":"max-image-preview:large","max-video-preview":"max-video-preview:-1"},"canonical":"https:\/\/drescherjewellery.com\/hu\/termek\/feher-koves-gyongyos-ezust-stekkeres-fulbevalo-medallal-7\/","og_locale":"hu_HU","og_type":"article","og_title":"Feh\u00e9r k\u00f6rbe k\u00f6ves gy\u00f6ngy\u00f6s ez\u00fcst stekkeres f\u00fclbeval\u00f3 med\u00e1llal","og_description":"Fedezd fel a leny\u0171g\u00f6z\u0151 Feh\u00e9r k\u00f6rbe k\u00f6ves gy\u00f6ngy\u00f6s ez\u00fcst stekkeres f\u00fclbeval\u00f3 med\u00e1llal \u00e9kszer\u00fcnket. T\u00f6k\u00e9letes kieg\u00e9sz\u00edt\u0151 mindennapi viselethez \u00e9s k\u00fcl\u00f6nleges alkalmakra egyar\u00e1nt. Rendeld meg most!","og_url":"https:\/\/drescherjewellery.com\/hu\/termek\/feher-koves-gyongyos-ezust-stekkeres-fulbevalo-medallal-7\/","og_site_name":"Drescher Jewellery","article_publisher":"https:\/\/www.facebook.com\/drescherjewellery","article_modified_time":"2026-02-21T00:38:00+00:00","og_image":[{"width":800,"height":800,"url":"https:\/\/drescherjewellery.com\/wp-content\/uploads\/2022\/08\/feher-korbe-koves-gyongyos-ezust-stekkeres-fulbevalo-medallal-3549.jpg","type":"image\/jpeg"}],"twitter_card":"summary_large_image","twitter_misc":{"Becs\u00fclt olvas\u00e1si id\u0151":"2 perc"},"schema":{"@context":"https:\/\/schema.org","@graph":[{"@type":"WebPage","@id":"https:\/\/drescherjewellery.com\/hu\/termek\/feher-koves-gyongyos-ezust-stekkeres-fulbevalo-medallal-7\/","url":"https:\/\/drescherjewellery.com\/hu\/termek\/feher-koves-gyongyos-ezust-stekkeres-fulbevalo-medallal-7\/","name":"Feh\u00e9r k\u00f6rbe k\u00f6ves gy\u00f6ngy\u00f6s ez\u00fcst stekkeres f\u00fclbeval\u00f3 med\u00e1llal | Drescher Jewellery","isPartOf":{"@id":"https:\/\/drescherjewellery.com\/hu\/#website"},"primaryImageOfPage":{"@id":"https:\/\/drescherjewellery.com\/hu\/termek\/feher-koves-gyongyos-ezust-stekkeres-fulbevalo-medallal-7\/#primaryimage"},"image":{"@id":"https:\/\/drescherjewellery.com\/hu\/termek\/feher-koves-gyongyos-ezust-stekkeres-fulbevalo-medallal-7\/#primaryimage"},"thumbnailUrl":"https:\/\/drescherjewellery.com\/wp-content\/uploads\/2022\/08\/feher-korbe-koves-gyongyos-ezust-stekkeres-fulbevalo-medallal-3549.jpg","datePublished":"2022-08-31T14:38:36+00:00","dateModified":"2026-02-21T00:38:00+00:00","description":"Fedezd fel a leny\u0171g\u00f6z\u0151 Feh\u00e9r k\u00f6rbe k\u00f6ves gy\u00f6ngy\u00f6s ez\u00fcst stekkeres f\u00fclbeval\u00f3 med\u00e1llal \u00e9kszer\u00fcnket. T\u00f6k\u00e9letes kieg\u00e9sz\u00edt\u0151 mindennapi viselethez \u00e9s k\u00fcl\u00f6nleges alkalmakra egyar\u00e1nt. Rendeld meg most!","breadcrumb":{"@id":"https:\/\/drescherjewellery.com\/hu\/termek\/feher-koves-gyongyos-ezust-stekkeres-fulbevalo-medallal-7\/#breadcrumb"},"inLanguage":"hu","potentialAction":[{"@type":"ReadAction","target":["https:\/\/drescherjewellery.com\/hu\/termek\/feher-koves-gyongyos-ezust-stekkeres-fulbevalo-medallal-7\/"]}]},{"@type":"ImageObject","inLanguage":"hu","@id":"https:\/\/drescherjewellery.com\/hu\/termek\/feher-koves-gyongyos-ezust-stekkeres-fulbevalo-medallal-7\/#primaryimage","url":"https:\/\/drescherjewellery.com\/wp-content\/uploads\/2022\/08\/feher-korbe-koves-gyongyos-ezust-stekkeres-fulbevalo-medallal-3549.jpg","contentUrl":"https:\/\/drescherjewellery.com\/wp-content\/uploads\/2022\/08\/feher-korbe-koves-gyongyos-ezust-stekkeres-fulbevalo-medallal-3549.jpg","width":800,"height":800},{"@type":"BreadcrumbList","@id":"https:\/\/drescherjewellery.com\/hu\/termek\/feher-koves-gyongyos-ezust-stekkeres-fulbevalo-medallal-7\/#breadcrumb","itemListElement":[{"@type":"ListItem","position":1,"name":"Kezd\u0151lap","item":"https:\/\/drescherjewellery.com\/hu\/"},{"@type":"ListItem","position":2,"name":"Shop","item":"https:\/\/drescherjewellery.com\/shop\/"},{"@type":"ListItem","position":3,"name":"Feh\u00e9r k\u00f6rbe k\u00f6ves gy\u00f6ngy\u00f6s ez\u00fcst stekkeres f\u00fclbeval\u00f3 med\u00e1llal"}]},{"@type":"WebSite","@id":"https:\/\/drescherjewellery.com\/hu\/#website","url":"https:\/\/drescherjewellery.com\/hu\/","name":"Drescher Jewellery","description":"Tedd t\u00f6k\u00e9letesebb\u00e9 mindennapjaid a Drescher Jewellery \u00e9kszereivel.","publisher":{"@id":"https:\/\/drescherjewellery.com\/hu\/#organization"},"alternateName":"Ez\u00fcst \u00c9kszer Web\u00e1ruh\u00e1z","potentialAction":[{"@type":"SearchAction","target":{"@type":"EntryPoint","urlTemplate":"https:\/\/drescherjewellery.com\/hu\/?s={search_term_string}"},"query-input":{"@type":"PropertyValueSpecification","valueRequired":true,"valueName":"search_term_string"}}],"inLanguage":"hu"},{"@type":"Organization","@id":"https:\/\/drescherjewellery.com\/hu\/#organization","name":"Drescher Jewellery","url":"https:\/\/drescherjewellery.com\/hu\/","logo":{"@type":"ImageObject","inLanguage":"hu","@id":"https:\/\/drescherjewellery.com\/hu\/#\/schema\/logo\/image\/","url":"https:\/\/drescherjewellery.com\/wp-content\/uploads\/2026\/01\/Drescher-Jewellery-wpml.png","contentUrl":"https:\/\/drescherjewellery.com\/wp-content\/uploads\/2026\/01\/Drescher-Jewellery-wpml.png","width":500,"height":500,"caption":"Drescher Jewellery"},"image":{"@id":"https:\/\/drescherjewellery.com\/hu\/#\/schema\/logo\/image\/"},"sameAs":["https:\/\/www.facebook.com\/drescherjewellery","https:\/\/www.instagram.com\/drescherjewellery","https:\/\/www.tiktok.com\/@drescherjewellery"]}]}},"_links":{"self":[{"href":"https:\/\/drescherjewellery.com\/hu\/wp-json\/wp\/v2\/product\/688","targetHints":{"allow":["GET"]}}],"collection":[{"href":"https:\/\/drescherjewellery.com\/hu\/wp-json\/wp\/v2\/product"}],"about":[{"href":"https:\/\/drescherjewellery.com\/hu\/wp-json\/wp\/v2\/types\/product"}],"version-history":[{"count":1,"href":"https:\/\/drescherjewellery.com\/hu\/wp-json\/wp\/v2\/product\/688\/revisions"}],"predecessor-version":[{"id":119032,"href":"https:\/\/drescherjewellery.com\/hu\/wp-json\/wp\/v2\/product\/688\/revisions\/119032"}],"wp:featuredmedia":[{"embeddable":true,"href":"https:\/\/drescherjewellery.com\/hu\/wp-json\/wp\/v2\/media\/3549"}],"wp:attachment":[{"href":"https:\/\/drescherjewellery.com\/hu\/wp-json\/wp\/v2\/media?parent=688"}],"wp:term":[{"taxonomy":"product_brand","embeddable":true,"href":"https:\/\/drescherjewellery.com\/hu\/wp-json\/wp\/v2\/product_brand?post=688"},{"taxonomy":"product_cat","embeddable":true,"href":"https:\/\/drescherjewellery.com\/hu\/wp-json\/wp\/v2\/product_cat?post=688"},{"taxonomy":"product_tag","embeddable":true,"href":"https:\/\/drescherjewellery.com\/hu\/wp-json\/wp\/v2\/product_tag?post=688"}],"curies":[{"name":"wp","href":"https:\/\/api.w.org\/{rel}","templated":true}]}}