{"id":758,"date":"2022-08-31T14:44:53","date_gmt":"2022-08-31T14:44:53","guid":{"rendered":"https:\/\/dianasilver.hu\/product\/koves-szerelmespar-medal\/"},"modified":"2026-04-01T17:19:24","modified_gmt":"2026-04-01T15:19:24","slug":"ezust-koves-szivecskes-testverpar-medal","status":"publish","type":"product","link":"https:\/\/drescherjewellery.com\/hu\/termek\/ezust-koves-szivecskes-testverpar-medal\/","title":{"rendered":"Ez\u00fcst k\u00f6ves szivecsk\u00e9s testv\u00e9rp\u00e1r med\u00e1l"},"content":{"rendered":"<h2>\ud83d\udc8e <strong>Ez\u00fcst k\u00f6ves fi\u00fa-l\u00e1ny testv\u00e9rp\u00e1r med\u00e1l \u2013 az \u00f6sszetartoz\u00e1s \u00e9s a szeretet \u00f6r\u00f6k jelk\u00e9pe<\/strong><\/h2>\n<p>Ez az <strong>AG 925 ez\u00fcstb\u0151l k\u00e9sz\u00fclt testv\u00e9rp\u00e1r med\u00e1l<\/strong> finoman kidolgozott form\u00e1j\u00e1val \u00e9s <strong>csillog\u00f3 feh\u00e9r cirk\u00f3nia k\u00f6veivel<\/strong> az elv\u00e1laszthatatlan testv\u00e9ri kapcsolatot jelk\u00e9pezi. A <strong>r\u00f3dium bevonat<\/strong> biztos\u00edtja az \u00e9kszer hosszan tart\u00f3 f\u00e9ny\u00e9t \u00e9s v\u00e9delmet ny\u00fajt az elsz\u00ednez\u0151d\u00e9s ellen.<\/p>\n<p>\ud83d\udc67\ud83d\udc66 <strong>Mit szimboliz\u00e1l a testv\u00e9rp\u00e1r mot\u00edvum?<\/strong><\/p>\n<ul>\n<li><strong>A testv\u00e9rek k\u00f6z\u00f6tti er\u0151s k\u00f6tel\u00e9ket \u00e9s felt\u00e9tel n\u00e9lk\u00fcli szeretetet.<\/strong><\/li>\n<li><strong>A t\u00e1mogat\u00e1st, h\u0171s\u00e9get \u00e9s az \u00f6r\u00f6k bar\u00e1ts\u00e1got.<\/strong><\/li>\n<li><strong>A csal\u00e1d fontoss\u00e1g\u00e1t \u00e9s az egym\u00e1sra val\u00f3 odafigyel\u00e9st.<\/strong><\/li>\n<\/ul>\n<p>\u2728 <strong>Mi\u00e9rt v\u00e1laszd ezt a med\u00e1lt?<\/strong><\/p>\n<ul>\n<li><strong>Pr\u00e9mium min\u0151s\u00e9g:<\/strong> <strong>AG 925 ez\u00fcst<\/strong>, <strong>r\u00f3dium bevonattal<\/strong> a tart\u00f3ss\u00e1g\u00e9rt \u00e9s f\u00e9nyess\u00e9g\u00e9rt.<\/li>\n<li><strong>Sz\u00edvhez sz\u00f3l\u00f3 szimbolika:<\/strong> Egyedi \u00e9kszer, amely a testv\u00e9rek k\u00f6z\u00f6tti szeretetet \u00e9s elk\u00f6telez\u0151d\u00e9st fejezi ki.<\/li>\n<li><strong>Ragyog\u00f3 feh\u00e9r k\u00f6vek:<\/strong> Kifinomult csillog\u00e1s, amely minden alkalomhoz illik.<\/li>\n<li><strong>Univerz\u00e1lis viselet:<\/strong> Letisztult \u00e9s \u00e9rzelmekkel teli kieg\u00e9sz\u00edt\u0151.<\/li>\n<\/ul>\n<p>\ud83c\udf81 <strong>T\u00f6k\u00e9letes aj\u00e1nd\u00e9k testv\u00e9reknek!<\/strong><br \/>\nEz a med\u00e1l <strong>sz\u00edvb\u0151l j\u00f6v\u0151 aj\u00e1nd\u00e9k lehet testv\u00e9rek sz\u00e1m\u00e1ra<\/strong>, amely mindig eml\u00e9kezteti \u0151ket az elv\u00e1laszthatatlan k\u00f6tel\u00e9k\u00fckre \u2013 legyen sz\u00f3 sz\u00fclet\u00e9snapr\u00f3l, n\u00e9vnapr\u00f3l vagy b\u00e1rmilyen k\u00fcl\u00f6nleges alkalomr\u00f3l.<\/p>\n<p>\ud83d\udcab <strong>Rendeld meg most, \u00e9s viseld a testv\u00e9ri szeretet \u00f6r\u00f6k szimb\u00f3lum\u00e1t!<\/strong> \ud83d\udc67\ud83d\udc66\u2728<\/p>\n","protected":false},"excerpt":{"rendered":"<p><strong>Ez\u00fcst k\u00f6ves fi\u00fa-l\u00e1ny testv\u00e9rp\u00e1r med\u00e1l \u2013 az \u00f6r\u00f6k k\u00f6tel\u00e9k szimb\u00f3luma!<\/strong> \ud83d\udc67\ud83d\udc66\u2728<br \/>\nEgyedi \u00e9s meghat\u00f3 \u00e9kszer, amely a testv\u00e9rek k\u00f6z\u00f6tti szeretetet, t\u00e1mogat\u00e1st \u00e9s elv\u00e1laszthatatlan kapcsolatot fejezi ki.<\/p>\n","protected":false},"featured_media":2453,"template":"","meta":[],"product_brand":[],"product_cat":[30],"product_tag":[564,565,514,513,531],"class_list":{"0":"post-758","1":"product","2":"type-product","3":"status-publish","4":"has-post-thumbnail","6":"product_cat-ezust-medal","7":"product_tag-anyak-napi-ajandek","8":"product_tag-apak-napi-ajandek","9":"product_tag-gyermek-ezust-ekszer","10":"product_tag-noi-ezust-ekszerek","11":"product_tag-szivecskes","12":"description-off","14":"first","15":"instock","16":"sale","17":"taxable","18":"shipping-taxable","19":"purchasable","20":"product-type-simple"},"yoast_head":"<!-- This site is optimized with the Yoast SEO Premium plugin v26.8 (Yoast SEO v27.4) - https:\/\/yoast.com\/product\/yoast-seo-premium-wordpress\/ -->\n<title>Ez\u00fcst k\u00f6ves szivecsk\u00e9s testv\u00e9rp\u00e1r med\u00e1l | Drescher Jewellery<\/title>\n<meta name=\"description\" content=\"Fedezd fel a leny\u0171g\u00f6z\u0151 Ez\u00fcst k\u00f6ves szivecsk\u00e9s testv\u00e9rp\u00e1r med\u00e1l \u00e9kszer\u00fcnket. T\u00f6k\u00e9letes kieg\u00e9sz\u00edt\u0151 mindennapi viselethez \u00e9s k\u00fcl\u00f6nleges alkalmakra egyar\u00e1nt. Rendeld meg most!\" \/>\n<meta name=\"robots\" content=\"index, follow, max-snippet:-1, max-image-preview:large, max-video-preview:-1\" \/>\n<link rel=\"canonical\" href=\"https:\/\/drescherjewellery.com\/hu\/termek\/ezust-koves-szivecskes-testverpar-medal\/\" \/>\n<meta property=\"og:locale\" content=\"hu_HU\" \/>\n<meta property=\"og:type\" content=\"article\" \/>\n<meta property=\"og:title\" content=\"Ez\u00fcst k\u00f6ves szivecsk\u00e9s testv\u00e9rp\u00e1r med\u00e1l\" \/>\n<meta property=\"og:description\" content=\"Fedezd fel a leny\u0171g\u00f6z\u0151 Ez\u00fcst k\u00f6ves szivecsk\u00e9s testv\u00e9rp\u00e1r med\u00e1l \u00e9kszer\u00fcnket. T\u00f6k\u00e9letes kieg\u00e9sz\u00edt\u0151 mindennapi viselethez \u00e9s k\u00fcl\u00f6nleges alkalmakra egyar\u00e1nt. Rendeld meg most!\" \/>\n<meta property=\"og:url\" content=\"https:\/\/drescherjewellery.com\/hu\/termek\/ezust-koves-szivecskes-testverpar-medal\/\" \/>\n<meta property=\"og:site_name\" content=\"Drescher Jewellery\" \/>\n<meta property=\"article:publisher\" content=\"https:\/\/www.facebook.com\/drescherjewellery\" \/>\n<meta property=\"article:modified_time\" content=\"2026-04-01T15:19:24+00:00\" \/>\n<meta property=\"og:image\" content=\"https:\/\/drescherjewellery.com\/wp-content\/uploads\/2022\/08\/ezust-koves-szivecskes-testverpar-medal-2453.jpg\" \/>\n\t<meta property=\"og:image:width\" content=\"800\" \/>\n\t<meta property=\"og:image:height\" content=\"800\" \/>\n\t<meta property=\"og:image:type\" content=\"image\/jpeg\" \/>\n<meta name=\"twitter:card\" content=\"summary_large_image\" \/>\n<meta name=\"twitter:label1\" content=\"Becs\u00fclt olvas\u00e1si id\u0151\" \/>\n\t<meta name=\"twitter:data1\" content=\"2 perc\" \/>\n<script type=\"application\/ld+json\" class=\"yoast-schema-graph\">{\"@context\":\"https:\\\/\\\/schema.org\",\"@graph\":[{\"@type\":\"WebPage\",\"@id\":\"https:\\\/\\\/drescherjewellery.com\\\/hu\\\/termek\\\/ezust-koves-szivecskes-testverpar-medal\\\/\",\"url\":\"https:\\\/\\\/drescherjewellery.com\\\/hu\\\/termek\\\/ezust-koves-szivecskes-testverpar-medal\\\/\",\"name\":\"Ez\u00fcst k\u00f6ves szivecsk\u00e9s testv\u00e9rp\u00e1r med\u00e1l | Drescher Jewellery\",\"isPartOf\":{\"@id\":\"https:\\\/\\\/drescherjewellery.com\\\/hu\\\/#website\"},\"primaryImageOfPage\":{\"@id\":\"https:\\\/\\\/drescherjewellery.com\\\/hu\\\/termek\\\/ezust-koves-szivecskes-testverpar-medal\\\/#primaryimage\"},\"image\":{\"@id\":\"https:\\\/\\\/drescherjewellery.com\\\/hu\\\/termek\\\/ezust-koves-szivecskes-testverpar-medal\\\/#primaryimage\"},\"thumbnailUrl\":\"https:\\\/\\\/drescherjewellery.com\\\/wp-content\\\/uploads\\\/2022\\\/08\\\/ezust-koves-szivecskes-testverpar-medal-2453.jpg\",\"datePublished\":\"2022-08-31T14:44:53+00:00\",\"dateModified\":\"2026-04-01T15:19:24+00:00\",\"description\":\"Fedezd fel a leny\u0171g\u00f6z\u0151 Ez\u00fcst k\u00f6ves szivecsk\u00e9s testv\u00e9rp\u00e1r med\u00e1l \u00e9kszer\u00fcnket. T\u00f6k\u00e9letes kieg\u00e9sz\u00edt\u0151 mindennapi viselethez \u00e9s k\u00fcl\u00f6nleges alkalmakra egyar\u00e1nt. Rendeld meg most!\",\"breadcrumb\":{\"@id\":\"https:\\\/\\\/drescherjewellery.com\\\/hu\\\/termek\\\/ezust-koves-szivecskes-testverpar-medal\\\/#breadcrumb\"},\"inLanguage\":\"hu\",\"potentialAction\":[{\"@type\":\"ReadAction\",\"target\":[\"https:\\\/\\\/drescherjewellery.com\\\/hu\\\/termek\\\/ezust-koves-szivecskes-testverpar-medal\\\/\"]}]},{\"@type\":\"ImageObject\",\"inLanguage\":\"hu\",\"@id\":\"https:\\\/\\\/drescherjewellery.com\\\/hu\\\/termek\\\/ezust-koves-szivecskes-testverpar-medal\\\/#primaryimage\",\"url\":\"https:\\\/\\\/drescherjewellery.com\\\/wp-content\\\/uploads\\\/2022\\\/08\\\/ezust-koves-szivecskes-testverpar-medal-2453.jpg\",\"contentUrl\":\"https:\\\/\\\/drescherjewellery.com\\\/wp-content\\\/uploads\\\/2022\\\/08\\\/ezust-koves-szivecskes-testverpar-medal-2453.jpg\",\"width\":800,\"height\":800},{\"@type\":\"BreadcrumbList\",\"@id\":\"https:\\\/\\\/drescherjewellery.com\\\/hu\\\/termek\\\/ezust-koves-szivecskes-testverpar-medal\\\/#breadcrumb\",\"itemListElement\":[{\"@type\":\"ListItem\",\"position\":1,\"name\":\"Kezd\u0151lap\",\"item\":\"https:\\\/\\\/drescherjewellery.com\\\/hu\\\/\"},{\"@type\":\"ListItem\",\"position\":2,\"name\":\"Shop\",\"item\":\"https:\\\/\\\/drescherjewellery.com\\\/shop\\\/\"},{\"@type\":\"ListItem\",\"position\":3,\"name\":\"Ez\u00fcst k\u00f6ves szivecsk\u00e9s testv\u00e9rp\u00e1r med\u00e1l\"}]},{\"@type\":\"WebSite\",\"@id\":\"https:\\\/\\\/drescherjewellery.com\\\/hu\\\/#website\",\"url\":\"https:\\\/\\\/drescherjewellery.com\\\/hu\\\/\",\"name\":\"Drescher Jewellery\",\"description\":\"Tedd t\u00f6k\u00e9letesebb\u00e9 mindennapjaid a Drescher Jewellery \u00e9kszereivel.\",\"publisher\":{\"@id\":\"https:\\\/\\\/drescherjewellery.com\\\/hu\\\/#organization\"},\"alternateName\":\"Ez\u00fcst \u00c9kszer Web\u00e1ruh\u00e1z\",\"potentialAction\":[{\"@type\":\"SearchAction\",\"target\":{\"@type\":\"EntryPoint\",\"urlTemplate\":\"https:\\\/\\\/drescherjewellery.com\\\/hu\\\/?s={search_term_string}\"},\"query-input\":{\"@type\":\"PropertyValueSpecification\",\"valueRequired\":true,\"valueName\":\"search_term_string\"}}],\"inLanguage\":\"hu\"},{\"@type\":\"Organization\",\"@id\":\"https:\\\/\\\/drescherjewellery.com\\\/hu\\\/#organization\",\"name\":\"Drescher Jewellery\",\"url\":\"https:\\\/\\\/drescherjewellery.com\\\/hu\\\/\",\"logo\":{\"@type\":\"ImageObject\",\"inLanguage\":\"hu\",\"@id\":\"https:\\\/\\\/drescherjewellery.com\\\/hu\\\/#\\\/schema\\\/logo\\\/image\\\/\",\"url\":\"https:\\\/\\\/drescherjewellery.com\\\/wp-content\\\/uploads\\\/2026\\\/01\\\/Drescher-Jewellery-wpml.png\",\"contentUrl\":\"https:\\\/\\\/drescherjewellery.com\\\/wp-content\\\/uploads\\\/2026\\\/01\\\/Drescher-Jewellery-wpml.png\",\"width\":500,\"height\":500,\"caption\":\"Drescher Jewellery\"},\"image\":{\"@id\":\"https:\\\/\\\/drescherjewellery.com\\\/hu\\\/#\\\/schema\\\/logo\\\/image\\\/\"},\"sameAs\":[\"https:\\\/\\\/www.facebook.com\\\/drescherjewellery\",\"https:\\\/\\\/www.instagram.com\\\/drescherjewellery\",\"https:\\\/\\\/www.tiktok.com\\\/@drescherjewellery\"]}]}<\/script>\n<!-- \/ Yoast SEO Premium plugin. -->","yoast_head_json":{"title":"Ez\u00fcst k\u00f6ves szivecsk\u00e9s testv\u00e9rp\u00e1r med\u00e1l | Drescher Jewellery","description":"Fedezd fel a leny\u0171g\u00f6z\u0151 Ez\u00fcst k\u00f6ves szivecsk\u00e9s testv\u00e9rp\u00e1r med\u00e1l \u00e9kszer\u00fcnket. T\u00f6k\u00e9letes kieg\u00e9sz\u00edt\u0151 mindennapi viselethez \u00e9s k\u00fcl\u00f6nleges alkalmakra egyar\u00e1nt. Rendeld meg most!","robots":{"index":"index","follow":"follow","max-snippet":"max-snippet:-1","max-image-preview":"max-image-preview:large","max-video-preview":"max-video-preview:-1"},"canonical":"https:\/\/drescherjewellery.com\/hu\/termek\/ezust-koves-szivecskes-testverpar-medal\/","og_locale":"hu_HU","og_type":"article","og_title":"Ez\u00fcst k\u00f6ves szivecsk\u00e9s testv\u00e9rp\u00e1r med\u00e1l","og_description":"Fedezd fel a leny\u0171g\u00f6z\u0151 Ez\u00fcst k\u00f6ves szivecsk\u00e9s testv\u00e9rp\u00e1r med\u00e1l \u00e9kszer\u00fcnket. T\u00f6k\u00e9letes kieg\u00e9sz\u00edt\u0151 mindennapi viselethez \u00e9s k\u00fcl\u00f6nleges alkalmakra egyar\u00e1nt. Rendeld meg most!","og_url":"https:\/\/drescherjewellery.com\/hu\/termek\/ezust-koves-szivecskes-testverpar-medal\/","og_site_name":"Drescher Jewellery","article_publisher":"https:\/\/www.facebook.com\/drescherjewellery","article_modified_time":"2026-04-01T15:19:24+00:00","og_image":[{"width":800,"height":800,"url":"https:\/\/drescherjewellery.com\/wp-content\/uploads\/2022\/08\/ezust-koves-szivecskes-testverpar-medal-2453.jpg","type":"image\/jpeg"}],"twitter_card":"summary_large_image","twitter_misc":{"Becs\u00fclt olvas\u00e1si id\u0151":"2 perc"},"schema":{"@context":"https:\/\/schema.org","@graph":[{"@type":"WebPage","@id":"https:\/\/drescherjewellery.com\/hu\/termek\/ezust-koves-szivecskes-testverpar-medal\/","url":"https:\/\/drescherjewellery.com\/hu\/termek\/ezust-koves-szivecskes-testverpar-medal\/","name":"Ez\u00fcst k\u00f6ves szivecsk\u00e9s testv\u00e9rp\u00e1r med\u00e1l | Drescher Jewellery","isPartOf":{"@id":"https:\/\/drescherjewellery.com\/hu\/#website"},"primaryImageOfPage":{"@id":"https:\/\/drescherjewellery.com\/hu\/termek\/ezust-koves-szivecskes-testverpar-medal\/#primaryimage"},"image":{"@id":"https:\/\/drescherjewellery.com\/hu\/termek\/ezust-koves-szivecskes-testverpar-medal\/#primaryimage"},"thumbnailUrl":"https:\/\/drescherjewellery.com\/wp-content\/uploads\/2022\/08\/ezust-koves-szivecskes-testverpar-medal-2453.jpg","datePublished":"2022-08-31T14:44:53+00:00","dateModified":"2026-04-01T15:19:24+00:00","description":"Fedezd fel a leny\u0171g\u00f6z\u0151 Ez\u00fcst k\u00f6ves szivecsk\u00e9s testv\u00e9rp\u00e1r med\u00e1l \u00e9kszer\u00fcnket. T\u00f6k\u00e9letes kieg\u00e9sz\u00edt\u0151 mindennapi viselethez \u00e9s k\u00fcl\u00f6nleges alkalmakra egyar\u00e1nt. Rendeld meg most!","breadcrumb":{"@id":"https:\/\/drescherjewellery.com\/hu\/termek\/ezust-koves-szivecskes-testverpar-medal\/#breadcrumb"},"inLanguage":"hu","potentialAction":[{"@type":"ReadAction","target":["https:\/\/drescherjewellery.com\/hu\/termek\/ezust-koves-szivecskes-testverpar-medal\/"]}]},{"@type":"ImageObject","inLanguage":"hu","@id":"https:\/\/drescherjewellery.com\/hu\/termek\/ezust-koves-szivecskes-testverpar-medal\/#primaryimage","url":"https:\/\/drescherjewellery.com\/wp-content\/uploads\/2022\/08\/ezust-koves-szivecskes-testverpar-medal-2453.jpg","contentUrl":"https:\/\/drescherjewellery.com\/wp-content\/uploads\/2022\/08\/ezust-koves-szivecskes-testverpar-medal-2453.jpg","width":800,"height":800},{"@type":"BreadcrumbList","@id":"https:\/\/drescherjewellery.com\/hu\/termek\/ezust-koves-szivecskes-testverpar-medal\/#breadcrumb","itemListElement":[{"@type":"ListItem","position":1,"name":"Kezd\u0151lap","item":"https:\/\/drescherjewellery.com\/hu\/"},{"@type":"ListItem","position":2,"name":"Shop","item":"https:\/\/drescherjewellery.com\/shop\/"},{"@type":"ListItem","position":3,"name":"Ez\u00fcst k\u00f6ves szivecsk\u00e9s testv\u00e9rp\u00e1r med\u00e1l"}]},{"@type":"WebSite","@id":"https:\/\/drescherjewellery.com\/hu\/#website","url":"https:\/\/drescherjewellery.com\/hu\/","name":"Drescher Jewellery","description":"Tedd t\u00f6k\u00e9letesebb\u00e9 mindennapjaid a Drescher Jewellery \u00e9kszereivel.","publisher":{"@id":"https:\/\/drescherjewellery.com\/hu\/#organization"},"alternateName":"Ez\u00fcst \u00c9kszer Web\u00e1ruh\u00e1z","potentialAction":[{"@type":"SearchAction","target":{"@type":"EntryPoint","urlTemplate":"https:\/\/drescherjewellery.com\/hu\/?s={search_term_string}"},"query-input":{"@type":"PropertyValueSpecification","valueRequired":true,"valueName":"search_term_string"}}],"inLanguage":"hu"},{"@type":"Organization","@id":"https:\/\/drescherjewellery.com\/hu\/#organization","name":"Drescher Jewellery","url":"https:\/\/drescherjewellery.com\/hu\/","logo":{"@type":"ImageObject","inLanguage":"hu","@id":"https:\/\/drescherjewellery.com\/hu\/#\/schema\/logo\/image\/","url":"https:\/\/drescherjewellery.com\/wp-content\/uploads\/2026\/01\/Drescher-Jewellery-wpml.png","contentUrl":"https:\/\/drescherjewellery.com\/wp-content\/uploads\/2026\/01\/Drescher-Jewellery-wpml.png","width":500,"height":500,"caption":"Drescher Jewellery"},"image":{"@id":"https:\/\/drescherjewellery.com\/hu\/#\/schema\/logo\/image\/"},"sameAs":["https:\/\/www.facebook.com\/drescherjewellery","https:\/\/www.instagram.com\/drescherjewellery","https:\/\/www.tiktok.com\/@drescherjewellery"]}]}},"_links":{"self":[{"href":"https:\/\/drescherjewellery.com\/hu\/wp-json\/wp\/v2\/product\/758","targetHints":{"allow":["GET"]}}],"collection":[{"href":"https:\/\/drescherjewellery.com\/hu\/wp-json\/wp\/v2\/product"}],"about":[{"href":"https:\/\/drescherjewellery.com\/hu\/wp-json\/wp\/v2\/types\/product"}],"version-history":[{"count":1,"href":"https:\/\/drescherjewellery.com\/hu\/wp-json\/wp\/v2\/product\/758\/revisions"}],"predecessor-version":[{"id":119038,"href":"https:\/\/drescherjewellery.com\/hu\/wp-json\/wp\/v2\/product\/758\/revisions\/119038"}],"wp:featuredmedia":[{"embeddable":true,"href":"https:\/\/drescherjewellery.com\/hu\/wp-json\/wp\/v2\/media\/2453"}],"wp:attachment":[{"href":"https:\/\/drescherjewellery.com\/hu\/wp-json\/wp\/v2\/media?parent=758"}],"wp:term":[{"taxonomy":"product_brand","embeddable":true,"href":"https:\/\/drescherjewellery.com\/hu\/wp-json\/wp\/v2\/product_brand?post=758"},{"taxonomy":"product_cat","embeddable":true,"href":"https:\/\/drescherjewellery.com\/hu\/wp-json\/wp\/v2\/product_cat?post=758"},{"taxonomy":"product_tag","embeddable":true,"href":"https:\/\/drescherjewellery.com\/hu\/wp-json\/wp\/v2\/product_tag?post=758"}],"curies":[{"name":"wp","href":"https:\/\/api.w.org\/{rel}","templated":true}]}}