{"id":780,"date":"2022-08-31T14:44:57","date_gmt":"2022-08-31T14:44:57","guid":{"rendered":"https:\/\/dianasilver.hu\/product\/koves-szitakoto-medal\/"},"modified":"2026-04-01T17:19:24","modified_gmt":"2026-04-01T15:19:24","slug":"ezust-koves-szitakoto-medal","status":"publish","type":"product","link":"https:\/\/drescherjewellery.com\/hu\/termek\/ezust-koves-szitakoto-medal\/","title":{"rendered":"Ez\u00fcst k\u00f6ves szitak\u00f6t\u0151 med\u00e1l"},"content":{"rendered":"<h2>\ud83d\udc8e <strong>Ez\u00fcst k\u00f6ves szitak\u00f6t\u0151 med\u00e1l \u2013 az \u00e1talakul\u00e1s \u00e9s a harm\u00f3nia megtestes\u00edt\u0151je<\/strong><\/h2>\n<p>Ez az <strong>AG 925 ez\u00fcstb\u0151l k\u00e9sz\u00fclt szitak\u00f6t\u0151 med\u00e1l<\/strong> eleg\u00e1ns \u00e9s r\u00e9szletgazdag kialak\u00edt\u00e1s\u00e1val a k\u00f6nnyeds\u00e9get, az egyens\u00falyt \u00e9s a meg\u00fajul\u00e1s erej\u00e9t szimboliz\u00e1lja. A csillog\u00f3 <strong>feh\u00e9r cirk\u00f3nia k\u00f6vek<\/strong> finom ragyog\u00e1st k\u00f6lcs\u00f6n\u00f6znek neki, m\u00edg a <strong>r\u00f3dium bevonat<\/strong> biztos\u00edtja a hosszan tart\u00f3 f\u00e9nyt \u00e9s v\u00e9delmet ny\u00fajt az \u00e9kszernek az elsz\u00ednez\u0151d\u00e9s ellen.<\/p>\n<p>\ud83e\udeb7 <strong>Mit szimboliz\u00e1l a szitak\u00f6t\u0151?<\/strong><\/p>\n<ul>\n<li><strong>Az \u00e9let \u00e1lland\u00f3 v\u00e1ltoz\u00e1s\u00e1t \u00e9s az \u00e1talakul\u00e1st.<\/strong><\/li>\n<li><strong>A k\u00f6nnyeds\u00e9get, harm\u00f3ni\u00e1t \u00e9s bels\u0151 egyens\u00falyt.<\/strong><\/li>\n<li><strong>A szabads\u00e1got \u00e9s az \u00e9let sz\u00e9ps\u00e9g\u00e9nek meg\u00e9l\u00e9s\u00e9t.<\/strong><\/li>\n<\/ul>\n<p>\u2728 <strong>Mi\u00e9rt v\u00e1laszd ezt a med\u00e1lt?<\/strong><\/p>\n<ul>\n<li><strong>Pr\u00e9mium min\u0151s\u00e9g:<\/strong> <strong>AG 925 ez\u00fcst<\/strong>, <strong>r\u00f3dium bevonattal<\/strong> a tart\u00f3s ragyog\u00e1s\u00e9rt.<\/li>\n<li><strong>Szitak\u00f6t\u0151 diz\u00e1jn:<\/strong> Egyedi \u00e9s jelent\u00e9ssel teli \u00e9kszer.<\/li>\n<li><strong>Csillog\u00f3 feh\u00e9r k\u00f6vek:<\/strong> Kifinomult elegancia \u00e9s term\u00e9szetes sz\u00e9ps\u00e9g.<\/li>\n<li><strong>Univerz\u00e1lis viselet:<\/strong> Mindennapi \u00e9s alkalmi megjelen\u00e9shez is t\u00f6k\u00e9letes.<\/li>\n<\/ul>\n<p>\ud83c\udf81 <strong>K\u00fcl\u00f6nleges aj\u00e1nd\u00e9k a term\u00e9szet \u00e9s a szimbolikus \u00e9kszerek kedvel\u0151inek!<\/strong><br \/>\nHa egy <strong>\u00e9rtelmez\u00e9ssel b\u00edr\u00f3, m\u00e9gis letisztult \u00e9s eleg\u00e1ns med\u00e1lt keresel<\/strong>, amely a bels\u0151 fejl\u0151d\u00e9s \u00e9s az \u00e1talakul\u00e1s szimb\u00f3luma, akkor ez a med\u00e1l t\u00f6k\u00e9letes v\u00e1laszt\u00e1s saj\u00e1t magad vagy szeretteid sz\u00e1m\u00e1ra.<\/p>\n<p>\ud83d\udcab <strong>Rendeld meg most, \u00e9s vidd magaddal a szitak\u00f6t\u0151 kecsess\u00e9g\u00e9nek energi\u00e1j\u00e1t!<\/strong> \ud83e\udeb7\u2728<\/p>\n","protected":false},"excerpt":{"rendered":"<p><strong>Ez\u00fcst k\u00f6ves szitak\u00f6t\u0151 med\u00e1l \u2013 a k\u00f6nnyeds\u00e9g \u00e9s az \u00e1talakul\u00e1s szimb\u00f3luma!<\/strong> \ud83e\udeb7\u2728<br \/>\nEz a finoman kidolgozott szitak\u00f6t\u0151 med\u00e1l a meg\u00fajul\u00e1s, a szabads\u00e1g \u00e9s a term\u00e9szetes sz\u00e9ps\u00e9g jelk\u00e9pe.<\/p>\n","protected":false},"featured_media":2476,"template":"","meta":[],"product_brand":[],"product_cat":[30],"product_tag":[529,513],"class_list":{"0":"post-780","1":"product","2":"type-product","3":"status-publish","4":"has-post-thumbnail","6":"product_cat-ezust-medal","7":"product_tag-allatos","8":"product_tag-noi-ezust-ekszerek","9":"description-off","11":"first","12":"instock","13":"taxable","14":"shipping-taxable","15":"purchasable","16":"product-type-simple"},"yoast_head":"<!-- This site is optimized with the Yoast SEO Premium plugin v26.8 (Yoast SEO v27.5) - https:\/\/yoast.com\/product\/yoast-seo-premium-wordpress\/ -->\n<title>Ez\u00fcst k\u00f6ves szitak\u00f6t\u0151 med\u00e1l | Drescher Jewellery<\/title>\n<meta name=\"description\" content=\"Fedezd fel a leny\u0171g\u00f6z\u0151 Ez\u00fcst k\u00f6ves szitak\u00f6t\u0151 med\u00e1l \u00e9kszer\u00fcnket. T\u00f6k\u00e9letes kieg\u00e9sz\u00edt\u0151 mindennapi viselethez \u00e9s k\u00fcl\u00f6nleges alkalmakra egyar\u00e1nt. Rendeld meg most!\" \/>\n<meta name=\"robots\" content=\"index, follow, max-snippet:-1, max-image-preview:large, max-video-preview:-1\" \/>\n<link rel=\"canonical\" href=\"https:\/\/drescherjewellery.com\/hu\/termek\/ezust-koves-szitakoto-medal\/\" \/>\n<meta property=\"og:locale\" content=\"hu_HU\" \/>\n<meta property=\"og:type\" content=\"article\" \/>\n<meta property=\"og:title\" content=\"Ez\u00fcst k\u00f6ves szitak\u00f6t\u0151 med\u00e1l\" \/>\n<meta property=\"og:description\" content=\"Fedezd fel a leny\u0171g\u00f6z\u0151 Ez\u00fcst k\u00f6ves szitak\u00f6t\u0151 med\u00e1l \u00e9kszer\u00fcnket. T\u00f6k\u00e9letes kieg\u00e9sz\u00edt\u0151 mindennapi viselethez \u00e9s k\u00fcl\u00f6nleges alkalmakra egyar\u00e1nt. Rendeld meg most!\" \/>\n<meta property=\"og:url\" content=\"https:\/\/drescherjewellery.com\/hu\/termek\/ezust-koves-szitakoto-medal\/\" \/>\n<meta property=\"og:site_name\" content=\"Drescher Jewellery\" \/>\n<meta property=\"article:publisher\" content=\"https:\/\/www.facebook.com\/drescherjewellery\" \/>\n<meta property=\"article:modified_time\" content=\"2026-04-01T15:19:24+00:00\" \/>\n<meta property=\"og:image\" content=\"https:\/\/drescherjewellery.com\/wp-content\/uploads\/2022\/08\/ezust-koves-szitakoto-medal-2476.jpg\" \/>\n\t<meta property=\"og:image:width\" content=\"800\" \/>\n\t<meta property=\"og:image:height\" content=\"800\" \/>\n\t<meta property=\"og:image:type\" content=\"image\/jpeg\" \/>\n<meta name=\"twitter:card\" content=\"summary_large_image\" \/>\n<meta name=\"twitter:label1\" content=\"Becs\u00fclt olvas\u00e1si id\u0151\" \/>\n\t<meta name=\"twitter:data1\" content=\"2 perc\" \/>\n<script type=\"application\/ld+json\" class=\"yoast-schema-graph\">{\"@context\":\"https:\\\/\\\/schema.org\",\"@graph\":[{\"@type\":\"WebPage\",\"@id\":\"https:\\\/\\\/drescherjewellery.com\\\/hu\\\/termek\\\/ezust-koves-szitakoto-medal\\\/\",\"url\":\"https:\\\/\\\/drescherjewellery.com\\\/hu\\\/termek\\\/ezust-koves-szitakoto-medal\\\/\",\"name\":\"Ez\u00fcst k\u00f6ves szitak\u00f6t\u0151 med\u00e1l | Drescher Jewellery\",\"isPartOf\":{\"@id\":\"https:\\\/\\\/drescherjewellery.com\\\/hu\\\/#website\"},\"primaryImageOfPage\":{\"@id\":\"https:\\\/\\\/drescherjewellery.com\\\/hu\\\/termek\\\/ezust-koves-szitakoto-medal\\\/#primaryimage\"},\"image\":{\"@id\":\"https:\\\/\\\/drescherjewellery.com\\\/hu\\\/termek\\\/ezust-koves-szitakoto-medal\\\/#primaryimage\"},\"thumbnailUrl\":\"https:\\\/\\\/drescherjewellery.com\\\/wp-content\\\/uploads\\\/2022\\\/08\\\/ezust-koves-szitakoto-medal-2476.jpg\",\"datePublished\":\"2022-08-31T14:44:57+00:00\",\"dateModified\":\"2026-04-01T15:19:24+00:00\",\"description\":\"Fedezd fel a leny\u0171g\u00f6z\u0151 Ez\u00fcst k\u00f6ves szitak\u00f6t\u0151 med\u00e1l \u00e9kszer\u00fcnket. T\u00f6k\u00e9letes kieg\u00e9sz\u00edt\u0151 mindennapi viselethez \u00e9s k\u00fcl\u00f6nleges alkalmakra egyar\u00e1nt. Rendeld meg most!\",\"breadcrumb\":{\"@id\":\"https:\\\/\\\/drescherjewellery.com\\\/hu\\\/termek\\\/ezust-koves-szitakoto-medal\\\/#breadcrumb\"},\"inLanguage\":\"hu\",\"potentialAction\":[{\"@type\":\"ReadAction\",\"target\":[\"https:\\\/\\\/drescherjewellery.com\\\/hu\\\/termek\\\/ezust-koves-szitakoto-medal\\\/\"]}]},{\"@type\":\"ImageObject\",\"inLanguage\":\"hu\",\"@id\":\"https:\\\/\\\/drescherjewellery.com\\\/hu\\\/termek\\\/ezust-koves-szitakoto-medal\\\/#primaryimage\",\"url\":\"https:\\\/\\\/drescherjewellery.com\\\/wp-content\\\/uploads\\\/2022\\\/08\\\/ezust-koves-szitakoto-medal-2476.jpg\",\"contentUrl\":\"https:\\\/\\\/drescherjewellery.com\\\/wp-content\\\/uploads\\\/2022\\\/08\\\/ezust-koves-szitakoto-medal-2476.jpg\",\"width\":800,\"height\":800},{\"@type\":\"BreadcrumbList\",\"@id\":\"https:\\\/\\\/drescherjewellery.com\\\/hu\\\/termek\\\/ezust-koves-szitakoto-medal\\\/#breadcrumb\",\"itemListElement\":[{\"@type\":\"ListItem\",\"position\":1,\"name\":\"Kezd\u0151lap\",\"item\":\"https:\\\/\\\/drescherjewellery.com\\\/hu\\\/\"},{\"@type\":\"ListItem\",\"position\":2,\"name\":\"Shop\",\"item\":\"https:\\\/\\\/drescherjewellery.com\\\/shop\\\/\"},{\"@type\":\"ListItem\",\"position\":3,\"name\":\"Ez\u00fcst k\u00f6ves szitak\u00f6t\u0151 med\u00e1l\"}]},{\"@type\":\"WebSite\",\"@id\":\"https:\\\/\\\/drescherjewellery.com\\\/hu\\\/#website\",\"url\":\"https:\\\/\\\/drescherjewellery.com\\\/hu\\\/\",\"name\":\"Drescher Jewellery\",\"description\":\"Tedd t\u00f6k\u00e9letesebb\u00e9 mindennapjaid a Drescher Jewellery \u00e9kszereivel.\",\"publisher\":{\"@id\":\"https:\\\/\\\/drescherjewellery.com\\\/hu\\\/#organization\"},\"alternateName\":\"Ez\u00fcst \u00c9kszer Web\u00e1ruh\u00e1z\",\"potentialAction\":[{\"@type\":\"SearchAction\",\"target\":{\"@type\":\"EntryPoint\",\"urlTemplate\":\"https:\\\/\\\/drescherjewellery.com\\\/hu\\\/?s={search_term_string}\"},\"query-input\":{\"@type\":\"PropertyValueSpecification\",\"valueRequired\":true,\"valueName\":\"search_term_string\"}}],\"inLanguage\":\"hu\"},{\"@type\":\"Organization\",\"@id\":\"https:\\\/\\\/drescherjewellery.com\\\/hu\\\/#organization\",\"name\":\"Drescher Jewellery\",\"url\":\"https:\\\/\\\/drescherjewellery.com\\\/hu\\\/\",\"logo\":{\"@type\":\"ImageObject\",\"inLanguage\":\"hu\",\"@id\":\"https:\\\/\\\/drescherjewellery.com\\\/hu\\\/#\\\/schema\\\/logo\\\/image\\\/\",\"url\":\"https:\\\/\\\/drescherjewellery.com\\\/wp-content\\\/uploads\\\/2026\\\/01\\\/Drescher-Jewellery-wpml.png\",\"contentUrl\":\"https:\\\/\\\/drescherjewellery.com\\\/wp-content\\\/uploads\\\/2026\\\/01\\\/Drescher-Jewellery-wpml.png\",\"width\":500,\"height\":500,\"caption\":\"Drescher Jewellery\"},\"image\":{\"@id\":\"https:\\\/\\\/drescherjewellery.com\\\/hu\\\/#\\\/schema\\\/logo\\\/image\\\/\"},\"sameAs\":[\"https:\\\/\\\/www.facebook.com\\\/drescherjewellery\",\"https:\\\/\\\/www.instagram.com\\\/drescherjewellery\",\"https:\\\/\\\/www.tiktok.com\\\/@drescherjewellery\"]}]}<\/script>\n<!-- \/ Yoast SEO Premium plugin. -->","yoast_head_json":{"title":"Ez\u00fcst k\u00f6ves szitak\u00f6t\u0151 med\u00e1l | Drescher Jewellery","description":"Fedezd fel a leny\u0171g\u00f6z\u0151 Ez\u00fcst k\u00f6ves szitak\u00f6t\u0151 med\u00e1l \u00e9kszer\u00fcnket. T\u00f6k\u00e9letes kieg\u00e9sz\u00edt\u0151 mindennapi viselethez \u00e9s k\u00fcl\u00f6nleges alkalmakra egyar\u00e1nt. Rendeld meg most!","robots":{"index":"index","follow":"follow","max-snippet":"max-snippet:-1","max-image-preview":"max-image-preview:large","max-video-preview":"max-video-preview:-1"},"canonical":"https:\/\/drescherjewellery.com\/hu\/termek\/ezust-koves-szitakoto-medal\/","og_locale":"hu_HU","og_type":"article","og_title":"Ez\u00fcst k\u00f6ves szitak\u00f6t\u0151 med\u00e1l","og_description":"Fedezd fel a leny\u0171g\u00f6z\u0151 Ez\u00fcst k\u00f6ves szitak\u00f6t\u0151 med\u00e1l \u00e9kszer\u00fcnket. T\u00f6k\u00e9letes kieg\u00e9sz\u00edt\u0151 mindennapi viselethez \u00e9s k\u00fcl\u00f6nleges alkalmakra egyar\u00e1nt. Rendeld meg most!","og_url":"https:\/\/drescherjewellery.com\/hu\/termek\/ezust-koves-szitakoto-medal\/","og_site_name":"Drescher Jewellery","article_publisher":"https:\/\/www.facebook.com\/drescherjewellery","article_modified_time":"2026-04-01T15:19:24+00:00","og_image":[{"width":800,"height":800,"url":"https:\/\/drescherjewellery.com\/wp-content\/uploads\/2022\/08\/ezust-koves-szitakoto-medal-2476.jpg","type":"image\/jpeg"}],"twitter_card":"summary_large_image","twitter_misc":{"Becs\u00fclt olvas\u00e1si id\u0151":"2 perc"},"schema":{"@context":"https:\/\/schema.org","@graph":[{"@type":"WebPage","@id":"https:\/\/drescherjewellery.com\/hu\/termek\/ezust-koves-szitakoto-medal\/","url":"https:\/\/drescherjewellery.com\/hu\/termek\/ezust-koves-szitakoto-medal\/","name":"Ez\u00fcst k\u00f6ves szitak\u00f6t\u0151 med\u00e1l | Drescher Jewellery","isPartOf":{"@id":"https:\/\/drescherjewellery.com\/hu\/#website"},"primaryImageOfPage":{"@id":"https:\/\/drescherjewellery.com\/hu\/termek\/ezust-koves-szitakoto-medal\/#primaryimage"},"image":{"@id":"https:\/\/drescherjewellery.com\/hu\/termek\/ezust-koves-szitakoto-medal\/#primaryimage"},"thumbnailUrl":"https:\/\/drescherjewellery.com\/wp-content\/uploads\/2022\/08\/ezust-koves-szitakoto-medal-2476.jpg","datePublished":"2022-08-31T14:44:57+00:00","dateModified":"2026-04-01T15:19:24+00:00","description":"Fedezd fel a leny\u0171g\u00f6z\u0151 Ez\u00fcst k\u00f6ves szitak\u00f6t\u0151 med\u00e1l \u00e9kszer\u00fcnket. T\u00f6k\u00e9letes kieg\u00e9sz\u00edt\u0151 mindennapi viselethez \u00e9s k\u00fcl\u00f6nleges alkalmakra egyar\u00e1nt. Rendeld meg most!","breadcrumb":{"@id":"https:\/\/drescherjewellery.com\/hu\/termek\/ezust-koves-szitakoto-medal\/#breadcrumb"},"inLanguage":"hu","potentialAction":[{"@type":"ReadAction","target":["https:\/\/drescherjewellery.com\/hu\/termek\/ezust-koves-szitakoto-medal\/"]}]},{"@type":"ImageObject","inLanguage":"hu","@id":"https:\/\/drescherjewellery.com\/hu\/termek\/ezust-koves-szitakoto-medal\/#primaryimage","url":"https:\/\/drescherjewellery.com\/wp-content\/uploads\/2022\/08\/ezust-koves-szitakoto-medal-2476.jpg","contentUrl":"https:\/\/drescherjewellery.com\/wp-content\/uploads\/2022\/08\/ezust-koves-szitakoto-medal-2476.jpg","width":800,"height":800},{"@type":"BreadcrumbList","@id":"https:\/\/drescherjewellery.com\/hu\/termek\/ezust-koves-szitakoto-medal\/#breadcrumb","itemListElement":[{"@type":"ListItem","position":1,"name":"Kezd\u0151lap","item":"https:\/\/drescherjewellery.com\/hu\/"},{"@type":"ListItem","position":2,"name":"Shop","item":"https:\/\/drescherjewellery.com\/shop\/"},{"@type":"ListItem","position":3,"name":"Ez\u00fcst k\u00f6ves szitak\u00f6t\u0151 med\u00e1l"}]},{"@type":"WebSite","@id":"https:\/\/drescherjewellery.com\/hu\/#website","url":"https:\/\/drescherjewellery.com\/hu\/","name":"Drescher Jewellery","description":"Tedd t\u00f6k\u00e9letesebb\u00e9 mindennapjaid a Drescher Jewellery \u00e9kszereivel.","publisher":{"@id":"https:\/\/drescherjewellery.com\/hu\/#organization"},"alternateName":"Ez\u00fcst \u00c9kszer Web\u00e1ruh\u00e1z","potentialAction":[{"@type":"SearchAction","target":{"@type":"EntryPoint","urlTemplate":"https:\/\/drescherjewellery.com\/hu\/?s={search_term_string}"},"query-input":{"@type":"PropertyValueSpecification","valueRequired":true,"valueName":"search_term_string"}}],"inLanguage":"hu"},{"@type":"Organization","@id":"https:\/\/drescherjewellery.com\/hu\/#organization","name":"Drescher Jewellery","url":"https:\/\/drescherjewellery.com\/hu\/","logo":{"@type":"ImageObject","inLanguage":"hu","@id":"https:\/\/drescherjewellery.com\/hu\/#\/schema\/logo\/image\/","url":"https:\/\/drescherjewellery.com\/wp-content\/uploads\/2026\/01\/Drescher-Jewellery-wpml.png","contentUrl":"https:\/\/drescherjewellery.com\/wp-content\/uploads\/2026\/01\/Drescher-Jewellery-wpml.png","width":500,"height":500,"caption":"Drescher Jewellery"},"image":{"@id":"https:\/\/drescherjewellery.com\/hu\/#\/schema\/logo\/image\/"},"sameAs":["https:\/\/www.facebook.com\/drescherjewellery","https:\/\/www.instagram.com\/drescherjewellery","https:\/\/www.tiktok.com\/@drescherjewellery"]}]}},"_links":{"self":[{"href":"https:\/\/drescherjewellery.com\/hu\/wp-json\/wp\/v2\/product\/780","targetHints":{"allow":["GET"]}}],"collection":[{"href":"https:\/\/drescherjewellery.com\/hu\/wp-json\/wp\/v2\/product"}],"about":[{"href":"https:\/\/drescherjewellery.com\/hu\/wp-json\/wp\/v2\/types\/product"}],"version-history":[{"count":1,"href":"https:\/\/drescherjewellery.com\/hu\/wp-json\/wp\/v2\/product\/780\/revisions"}],"predecessor-version":[{"id":119044,"href":"https:\/\/drescherjewellery.com\/hu\/wp-json\/wp\/v2\/product\/780\/revisions\/119044"}],"wp:featuredmedia":[{"embeddable":true,"href":"https:\/\/drescherjewellery.com\/hu\/wp-json\/wp\/v2\/media\/2476"}],"wp:attachment":[{"href":"https:\/\/drescherjewellery.com\/hu\/wp-json\/wp\/v2\/media?parent=780"}],"wp:term":[{"taxonomy":"product_brand","embeddable":true,"href":"https:\/\/drescherjewellery.com\/hu\/wp-json\/wp\/v2\/product_brand?post=780"},{"taxonomy":"product_cat","embeddable":true,"href":"https:\/\/drescherjewellery.com\/hu\/wp-json\/wp\/v2\/product_cat?post=780"},{"taxonomy":"product_tag","embeddable":true,"href":"https:\/\/drescherjewellery.com\/hu\/wp-json\/wp\/v2\/product_tag?post=780"}],"curies":[{"name":"wp","href":"https:\/\/api.w.org\/{rel}","templated":true}]}}