{"id":845,"date":"2022-08-31T14:46:08","date_gmt":"2022-08-31T14:46:08","guid":{"rendered":"https:\/\/dianasilver.hu\/product\/ezust-feher-koves-karkoto-19\/"},"modified":"2026-02-21T01:39:32","modified_gmt":"2026-02-21T00:39:32","slug":"ezust-feher-koves-karkoto-kisvirag","status":"publish","type":"product","link":"https:\/\/drescherjewellery.com\/hu\/termek\/ezust-feher-koves-karkoto-kisvirag\/","title":{"rendered":"Ez\u00fcst feh\u00e9r k\u00f6ves pillang\u00f3s kark\u00f6t\u0151 kis vir\u00e1ggal"},"content":{"rendered":"<h2><span>\ud83d\udc8e <\/span><strong><span>Ez\u00fcst feh\u00e9r k\u00f6ves kark\u00f6t\u0151 kisvir\u00e1g mot\u00edvummal \u2013 a term\u00e9szet sz\u00e9ps\u00e9ge \u00e9s az elegancia tal\u00e1lkoz\u00e1sa<\/span><\/strong><\/h2>\n<p><span>Ez az <\/span><strong><span>AG 925 ez\u00fcstb\u0151l k\u00e9sz\u00fclt kark\u00f6t\u0151<\/span><\/strong><span> finoman kidolgozott <\/span><strong><span>kisvir\u00e1g d\u00edsz\u00edt\u00e9s\u00e9vel<\/span><\/strong><span> \u00e9s <\/span><strong><span>csillog\u00f3 feh\u00e9r cirk\u00f3nia k\u00f6veivel<\/span><\/strong><span> t\u00f6k\u00e9letes egyens\u00falyt teremt a n\u0151iess\u00e9g \u00e9s a kifinomult elegancia k\u00f6z\u00f6tt. A <\/span><strong><span>r\u00f3dium bevonat<\/span><\/strong><span> gondoskodik a tart\u00f3s f\u00e9nyess\u00e9gr\u0151l \u00e9s v\u00e9di az \u00e9kszert az elsz\u00ednez\u0151d\u00e9st\u0151l.<\/span><\/p>\n<p><span>\ud83c\udf38 <\/span><strong><span>Mit szimboliz\u00e1l a vir\u00e1gmot\u00edvum?<\/span><\/strong><\/p>\n<ul>\n<li><strong><span>A term\u00e9szet sz\u00e9ps\u00e9g\u00e9t \u00e9s a frissess\u00e9get.<\/span><\/strong><\/li>\n<li><strong><span>A n\u0151iess\u00e9g \u00e9s a finom elegancia megtestes\u00edt\u0151je.<\/span><\/strong><\/li>\n<li><strong><span>A meg\u00fajul\u00e1s \u00e9s az \u00f6r\u00f6m szimb\u00f3luma.<\/span><\/strong><\/li>\n<\/ul>\n<p><span>\u2728 <\/span><strong><span>Mi\u00e9rt v\u00e1laszd ezt a kark\u00f6t\u0151t?<\/span><\/strong><\/p>\n<ul>\n<li><strong><span>Pr\u00e9mium min\u0151s\u00e9g: <\/span><\/strong> <strong><span>AG 925 ez\u00fcst<\/span><\/strong><span> , <\/span><strong><span>r\u00f3dium bevonattal<\/span><\/strong><span> a hosszan tart\u00f3 csillog\u00e1s\u00e9rt.<\/span><\/li>\n<li><strong><span>Term\u00e9szet ihlette diz\u00e1jn:<\/span><\/strong><span> Finoman kidolgozott kisvir\u00e1g mot\u00edvum.<\/span><\/li>\n<li><strong><span>Ragyog\u00f3 feh\u00e9r k\u00f6vek:<\/span><\/strong><span>Kifinomult, m\u00e9gis felt\u0171n\u0151 csillog\u00e1s.<\/span><\/li>\n<li><strong><span>K\u00e9nyelmes \u00e9s biztons\u00e1gos viselet:<\/span><\/strong><span> K\u00f6nnyed, eg\u00e9sz nap hordhat\u00f3, eleg\u00e1ns \u00e9kszer.<\/span><\/li>\n<\/ul>\n<p><span>\ud83c\udf81 <\/span><strong><span>Aj\u00e1nd\u00e9knak t\u00f6k\u00e9letes v\u00e1laszt\u00e1s!<\/span><\/strong><br \/>\n<span> Ha egy <\/span><strong><span>friss, l\u00e9gies \u00e9s n\u0151ies \u00e9kszert keresel<\/span><\/strong><span> , amel<\/span><strong><span>t\u00f6k\u00e9letes aj\u00e1nd\u00e9k lehet b\u00e1rmilyen alkalomra<\/span><\/strong><span> , ez a kark\u00f6t\u0151 csod\u00e1la<\/span><\/p>\n<p>\ud83d\udcab <strong>Rendeld meg most, \u00e9s viseld a term\u00e9szet ihlette ragyog\u00e1s szimb\u00f3lum\u00e1t!<\/strong> \ud83c\udf38\u2728<\/p>\n","protected":false},"excerpt":{"rendered":"<p><strong><span>Ez\u00fcst feh\u00e9r k\u00f6ves kark\u00f6t\u0151 kisvir\u00e1g mot\u00edvummal \u2013 finom n\u0151iess\u00e9g \u00e9s term\u00e9szet ihlette elegancia!<\/span><\/strong><span> \ud83c\udf38\u2728 <\/span><br \/>\n<span>A kifinomult vir\u00e1gmot\u00edvum \u00e9s a ragyog\u00f3 feh\u00e9r k\u00f6vek egyed\u00fcl\u00e1ll\u00f3 harm\u00f3ni\u00e1t teremtenek, kiemelve a term\u00e9szet sz\u00e9ps\u00e9g\u00e9t \u00e9s a n\u0151ies b\u00e1jt.<\/span><\/p>\n","protected":false},"featured_media":1492,"template":"","meta":[],"product_brand":[],"product_cat":[32],"product_tag":[529,514,513,532],"class_list":{"0":"post-845","1":"product","2":"type-product","3":"status-publish","4":"has-post-thumbnail","6":"product_cat-ezust-karkoto","7":"product_tag-allatos","8":"product_tag-gyermek-ezust-ekszer","9":"product_tag-noi-ezust-ekszerek","10":"product_tag-viragos","11":"description-off","13":"first","14":"instock","15":"sale","16":"taxable","17":"shipping-taxable","18":"purchasable","19":"product-type-simple"},"yoast_head":"<!-- This site is optimized with the Yoast SEO Premium plugin v26.8 (Yoast SEO v27.4) - https:\/\/yoast.com\/product\/yoast-seo-premium-wordpress\/ -->\n<title>Ez\u00fcst feh\u00e9r k\u00f6ves pillang\u00f3s kark\u00f6t\u0151 kis vir\u00e1ggal | Drescher Jewellery<\/title>\n<meta name=\"description\" content=\"Fedezd fel a leny\u0171g\u00f6z\u0151 Ez\u00fcst feh\u00e9r k\u00f6ves pillang\u00f3s kark\u00f6t\u0151 kis vir\u00e1ggal \u00e9kszer\u00fcnket. T\u00f6k\u00e9letes kieg\u00e9sz\u00edt\u0151 mindennapi viselethez \u00e9s k\u00fcl\u00f6nleges alkalmakra egyar\u00e1nt. Rendeld meg most!\" \/>\n<meta name=\"robots\" content=\"index, follow, max-snippet:-1, max-image-preview:large, max-video-preview:-1\" \/>\n<link rel=\"canonical\" href=\"https:\/\/drescherjewellery.com\/hu\/termek\/ezust-feher-koves-karkoto-kisvirag\/\" \/>\n<meta property=\"og:locale\" content=\"hu_HU\" \/>\n<meta property=\"og:type\" content=\"article\" \/>\n<meta property=\"og:title\" content=\"Ez\u00fcst feh\u00e9r k\u00f6ves pillang\u00f3s kark\u00f6t\u0151 kis vir\u00e1ggal\" \/>\n<meta property=\"og:description\" content=\"Fedezd fel a leny\u0171g\u00f6z\u0151 Ez\u00fcst feh\u00e9r k\u00f6ves pillang\u00f3s kark\u00f6t\u0151 kis vir\u00e1ggal \u00e9kszer\u00fcnket. T\u00f6k\u00e9letes kieg\u00e9sz\u00edt\u0151 mindennapi viselethez \u00e9s k\u00fcl\u00f6nleges alkalmakra egyar\u00e1nt. Rendeld meg most!\" \/>\n<meta property=\"og:url\" content=\"https:\/\/drescherjewellery.com\/hu\/termek\/ezust-feher-koves-karkoto-kisvirag\/\" \/>\n<meta property=\"og:site_name\" content=\"Drescher Jewellery\" \/>\n<meta property=\"article:publisher\" content=\"https:\/\/www.facebook.com\/drescherjewellery\" \/>\n<meta property=\"article:modified_time\" content=\"2026-02-21T00:39:32+00:00\" \/>\n<meta property=\"og:image\" content=\"https:\/\/drescherjewellery.com\/wp-content\/uploads\/2022\/08\/1_5c8d014d-ee54-43bc-862e-23afee4db234_1024x1024-scaled.jpg\" \/>\n\t<meta property=\"og:image:width\" content=\"800\" \/>\n\t<meta property=\"og:image:height\" content=\"800\" \/>\n\t<meta property=\"og:image:type\" content=\"image\/jpeg\" \/>\n<meta name=\"twitter:card\" content=\"summary_large_image\" \/>\n<meta name=\"twitter:label1\" content=\"Becs\u00fclt olvas\u00e1si id\u0151\" \/>\n\t<meta name=\"twitter:data1\" content=\"2 perc\" \/>\n<script type=\"application\/ld+json\" class=\"yoast-schema-graph\">{\"@context\":\"https:\\\/\\\/schema.org\",\"@graph\":[{\"@type\":\"WebPage\",\"@id\":\"https:\\\/\\\/drescherjewellery.com\\\/hu\\\/termek\\\/ezust-feher-koves-karkoto-kisvirag\\\/\",\"url\":\"https:\\\/\\\/drescherjewellery.com\\\/hu\\\/termek\\\/ezust-feher-koves-karkoto-kisvirag\\\/\",\"name\":\"Ez\u00fcst feh\u00e9r k\u00f6ves pillang\u00f3s kark\u00f6t\u0151 kis vir\u00e1ggal | Drescher Jewellery\",\"isPartOf\":{\"@id\":\"https:\\\/\\\/drescherjewellery.com\\\/hu\\\/#website\"},\"primaryImageOfPage\":{\"@id\":\"https:\\\/\\\/drescherjewellery.com\\\/hu\\\/termek\\\/ezust-feher-koves-karkoto-kisvirag\\\/#primaryimage\"},\"image\":{\"@id\":\"https:\\\/\\\/drescherjewellery.com\\\/hu\\\/termek\\\/ezust-feher-koves-karkoto-kisvirag\\\/#primaryimage\"},\"thumbnailUrl\":\"https:\\\/\\\/drescherjewellery.com\\\/wp-content\\\/uploads\\\/2022\\\/08\\\/1_5c8d014d-ee54-43bc-862e-23afee4db234_1024x1024-scaled.jpg\",\"datePublished\":\"2022-08-31T14:46:08+00:00\",\"dateModified\":\"2026-02-21T00:39:32+00:00\",\"description\":\"Fedezd fel a leny\u0171g\u00f6z\u0151 Ez\u00fcst feh\u00e9r k\u00f6ves pillang\u00f3s kark\u00f6t\u0151 kis vir\u00e1ggal \u00e9kszer\u00fcnket. T\u00f6k\u00e9letes kieg\u00e9sz\u00edt\u0151 mindennapi viselethez \u00e9s k\u00fcl\u00f6nleges alkalmakra egyar\u00e1nt. Rendeld meg most!\",\"breadcrumb\":{\"@id\":\"https:\\\/\\\/drescherjewellery.com\\\/hu\\\/termek\\\/ezust-feher-koves-karkoto-kisvirag\\\/#breadcrumb\"},\"inLanguage\":\"hu\",\"potentialAction\":[{\"@type\":\"ReadAction\",\"target\":[\"https:\\\/\\\/drescherjewellery.com\\\/hu\\\/termek\\\/ezust-feher-koves-karkoto-kisvirag\\\/\"]}]},{\"@type\":\"ImageObject\",\"inLanguage\":\"hu\",\"@id\":\"https:\\\/\\\/drescherjewellery.com\\\/hu\\\/termek\\\/ezust-feher-koves-karkoto-kisvirag\\\/#primaryimage\",\"url\":\"https:\\\/\\\/drescherjewellery.com\\\/wp-content\\\/uploads\\\/2022\\\/08\\\/1_5c8d014d-ee54-43bc-862e-23afee4db234_1024x1024-scaled.jpg\",\"contentUrl\":\"https:\\\/\\\/drescherjewellery.com\\\/wp-content\\\/uploads\\\/2022\\\/08\\\/1_5c8d014d-ee54-43bc-862e-23afee4db234_1024x1024-scaled.jpg\",\"width\":800,\"height\":800},{\"@type\":\"BreadcrumbList\",\"@id\":\"https:\\\/\\\/drescherjewellery.com\\\/hu\\\/termek\\\/ezust-feher-koves-karkoto-kisvirag\\\/#breadcrumb\",\"itemListElement\":[{\"@type\":\"ListItem\",\"position\":1,\"name\":\"Kezd\u0151lap\",\"item\":\"https:\\\/\\\/drescherjewellery.com\\\/hu\\\/\"},{\"@type\":\"ListItem\",\"position\":2,\"name\":\"Shop\",\"item\":\"https:\\\/\\\/drescherjewellery.com\\\/shop\\\/\"},{\"@type\":\"ListItem\",\"position\":3,\"name\":\"Ez\u00fcst feh\u00e9r k\u00f6ves pillang\u00f3s kark\u00f6t\u0151 kis vir\u00e1ggal\"}]},{\"@type\":\"WebSite\",\"@id\":\"https:\\\/\\\/drescherjewellery.com\\\/hu\\\/#website\",\"url\":\"https:\\\/\\\/drescherjewellery.com\\\/hu\\\/\",\"name\":\"Drescher Jewellery\",\"description\":\"Tedd t\u00f6k\u00e9letesebb\u00e9 mindennapjaid a Drescher Jewellery \u00e9kszereivel.\",\"publisher\":{\"@id\":\"https:\\\/\\\/drescherjewellery.com\\\/hu\\\/#organization\"},\"alternateName\":\"Ez\u00fcst \u00c9kszer Web\u00e1ruh\u00e1z\",\"potentialAction\":[{\"@type\":\"SearchAction\",\"target\":{\"@type\":\"EntryPoint\",\"urlTemplate\":\"https:\\\/\\\/drescherjewellery.com\\\/hu\\\/?s={search_term_string}\"},\"query-input\":{\"@type\":\"PropertyValueSpecification\",\"valueRequired\":true,\"valueName\":\"search_term_string\"}}],\"inLanguage\":\"hu\"},{\"@type\":\"Organization\",\"@id\":\"https:\\\/\\\/drescherjewellery.com\\\/hu\\\/#organization\",\"name\":\"Drescher Jewellery\",\"url\":\"https:\\\/\\\/drescherjewellery.com\\\/hu\\\/\",\"logo\":{\"@type\":\"ImageObject\",\"inLanguage\":\"hu\",\"@id\":\"https:\\\/\\\/drescherjewellery.com\\\/hu\\\/#\\\/schema\\\/logo\\\/image\\\/\",\"url\":\"https:\\\/\\\/drescherjewellery.com\\\/wp-content\\\/uploads\\\/2026\\\/01\\\/Drescher-Jewellery-wpml.png\",\"contentUrl\":\"https:\\\/\\\/drescherjewellery.com\\\/wp-content\\\/uploads\\\/2026\\\/01\\\/Drescher-Jewellery-wpml.png\",\"width\":500,\"height\":500,\"caption\":\"Drescher Jewellery\"},\"image\":{\"@id\":\"https:\\\/\\\/drescherjewellery.com\\\/hu\\\/#\\\/schema\\\/logo\\\/image\\\/\"},\"sameAs\":[\"https:\\\/\\\/www.facebook.com\\\/drescherjewellery\",\"https:\\\/\\\/www.instagram.com\\\/drescherjewellery\",\"https:\\\/\\\/www.tiktok.com\\\/@drescherjewellery\"]}]}<\/script>\n<!-- \/ Yoast SEO Premium plugin. -->","yoast_head_json":{"title":"Ez\u00fcst feh\u00e9r k\u00f6ves pillang\u00f3s kark\u00f6t\u0151 kis vir\u00e1ggal | Drescher Jewellery","description":"Fedezd fel a leny\u0171g\u00f6z\u0151 Ez\u00fcst feh\u00e9r k\u00f6ves pillang\u00f3s kark\u00f6t\u0151 kis vir\u00e1ggal \u00e9kszer\u00fcnket. T\u00f6k\u00e9letes kieg\u00e9sz\u00edt\u0151 mindennapi viselethez \u00e9s k\u00fcl\u00f6nleges alkalmakra egyar\u00e1nt. Rendeld meg most!","robots":{"index":"index","follow":"follow","max-snippet":"max-snippet:-1","max-image-preview":"max-image-preview:large","max-video-preview":"max-video-preview:-1"},"canonical":"https:\/\/drescherjewellery.com\/hu\/termek\/ezust-feher-koves-karkoto-kisvirag\/","og_locale":"hu_HU","og_type":"article","og_title":"Ez\u00fcst feh\u00e9r k\u00f6ves pillang\u00f3s kark\u00f6t\u0151 kis vir\u00e1ggal","og_description":"Fedezd fel a leny\u0171g\u00f6z\u0151 Ez\u00fcst feh\u00e9r k\u00f6ves pillang\u00f3s kark\u00f6t\u0151 kis vir\u00e1ggal \u00e9kszer\u00fcnket. T\u00f6k\u00e9letes kieg\u00e9sz\u00edt\u0151 mindennapi viselethez \u00e9s k\u00fcl\u00f6nleges alkalmakra egyar\u00e1nt. Rendeld meg most!","og_url":"https:\/\/drescherjewellery.com\/hu\/termek\/ezust-feher-koves-karkoto-kisvirag\/","og_site_name":"Drescher Jewellery","article_publisher":"https:\/\/www.facebook.com\/drescherjewellery","article_modified_time":"2026-02-21T00:39:32+00:00","og_image":[{"width":800,"height":800,"url":"https:\/\/drescherjewellery.com\/wp-content\/uploads\/2022\/08\/1_5c8d014d-ee54-43bc-862e-23afee4db234_1024x1024-scaled.jpg","type":"image\/jpeg"}],"twitter_card":"summary_large_image","twitter_misc":{"Becs\u00fclt olvas\u00e1si id\u0151":"2 perc"},"schema":{"@context":"https:\/\/schema.org","@graph":[{"@type":"WebPage","@id":"https:\/\/drescherjewellery.com\/hu\/termek\/ezust-feher-koves-karkoto-kisvirag\/","url":"https:\/\/drescherjewellery.com\/hu\/termek\/ezust-feher-koves-karkoto-kisvirag\/","name":"Ez\u00fcst feh\u00e9r k\u00f6ves pillang\u00f3s kark\u00f6t\u0151 kis vir\u00e1ggal | Drescher Jewellery","isPartOf":{"@id":"https:\/\/drescherjewellery.com\/hu\/#website"},"primaryImageOfPage":{"@id":"https:\/\/drescherjewellery.com\/hu\/termek\/ezust-feher-koves-karkoto-kisvirag\/#primaryimage"},"image":{"@id":"https:\/\/drescherjewellery.com\/hu\/termek\/ezust-feher-koves-karkoto-kisvirag\/#primaryimage"},"thumbnailUrl":"https:\/\/drescherjewellery.com\/wp-content\/uploads\/2022\/08\/1_5c8d014d-ee54-43bc-862e-23afee4db234_1024x1024-scaled.jpg","datePublished":"2022-08-31T14:46:08+00:00","dateModified":"2026-02-21T00:39:32+00:00","description":"Fedezd fel a leny\u0171g\u00f6z\u0151 Ez\u00fcst feh\u00e9r k\u00f6ves pillang\u00f3s kark\u00f6t\u0151 kis vir\u00e1ggal \u00e9kszer\u00fcnket. T\u00f6k\u00e9letes kieg\u00e9sz\u00edt\u0151 mindennapi viselethez \u00e9s k\u00fcl\u00f6nleges alkalmakra egyar\u00e1nt. Rendeld meg most!","breadcrumb":{"@id":"https:\/\/drescherjewellery.com\/hu\/termek\/ezust-feher-koves-karkoto-kisvirag\/#breadcrumb"},"inLanguage":"hu","potentialAction":[{"@type":"ReadAction","target":["https:\/\/drescherjewellery.com\/hu\/termek\/ezust-feher-koves-karkoto-kisvirag\/"]}]},{"@type":"ImageObject","inLanguage":"hu","@id":"https:\/\/drescherjewellery.com\/hu\/termek\/ezust-feher-koves-karkoto-kisvirag\/#primaryimage","url":"https:\/\/drescherjewellery.com\/wp-content\/uploads\/2022\/08\/1_5c8d014d-ee54-43bc-862e-23afee4db234_1024x1024-scaled.jpg","contentUrl":"https:\/\/drescherjewellery.com\/wp-content\/uploads\/2022\/08\/1_5c8d014d-ee54-43bc-862e-23afee4db234_1024x1024-scaled.jpg","width":800,"height":800},{"@type":"BreadcrumbList","@id":"https:\/\/drescherjewellery.com\/hu\/termek\/ezust-feher-koves-karkoto-kisvirag\/#breadcrumb","itemListElement":[{"@type":"ListItem","position":1,"name":"Kezd\u0151lap","item":"https:\/\/drescherjewellery.com\/hu\/"},{"@type":"ListItem","position":2,"name":"Shop","item":"https:\/\/drescherjewellery.com\/shop\/"},{"@type":"ListItem","position":3,"name":"Ez\u00fcst feh\u00e9r k\u00f6ves pillang\u00f3s kark\u00f6t\u0151 kis vir\u00e1ggal"}]},{"@type":"WebSite","@id":"https:\/\/drescherjewellery.com\/hu\/#website","url":"https:\/\/drescherjewellery.com\/hu\/","name":"Drescher Jewellery","description":"Tedd t\u00f6k\u00e9letesebb\u00e9 mindennapjaid a Drescher Jewellery \u00e9kszereivel.","publisher":{"@id":"https:\/\/drescherjewellery.com\/hu\/#organization"},"alternateName":"Ez\u00fcst \u00c9kszer Web\u00e1ruh\u00e1z","potentialAction":[{"@type":"SearchAction","target":{"@type":"EntryPoint","urlTemplate":"https:\/\/drescherjewellery.com\/hu\/?s={search_term_string}"},"query-input":{"@type":"PropertyValueSpecification","valueRequired":true,"valueName":"search_term_string"}}],"inLanguage":"hu"},{"@type":"Organization","@id":"https:\/\/drescherjewellery.com\/hu\/#organization","name":"Drescher Jewellery","url":"https:\/\/drescherjewellery.com\/hu\/","logo":{"@type":"ImageObject","inLanguage":"hu","@id":"https:\/\/drescherjewellery.com\/hu\/#\/schema\/logo\/image\/","url":"https:\/\/drescherjewellery.com\/wp-content\/uploads\/2026\/01\/Drescher-Jewellery-wpml.png","contentUrl":"https:\/\/drescherjewellery.com\/wp-content\/uploads\/2026\/01\/Drescher-Jewellery-wpml.png","width":500,"height":500,"caption":"Drescher Jewellery"},"image":{"@id":"https:\/\/drescherjewellery.com\/hu\/#\/schema\/logo\/image\/"},"sameAs":["https:\/\/www.facebook.com\/drescherjewellery","https:\/\/www.instagram.com\/drescherjewellery","https:\/\/www.tiktok.com\/@drescherjewellery"]}]}},"_links":{"self":[{"href":"https:\/\/drescherjewellery.com\/hu\/wp-json\/wp\/v2\/product\/845","targetHints":{"allow":["GET"]}}],"collection":[{"href":"https:\/\/drescherjewellery.com\/hu\/wp-json\/wp\/v2\/product"}],"about":[{"href":"https:\/\/drescherjewellery.com\/hu\/wp-json\/wp\/v2\/types\/product"}],"version-history":[{"count":1,"href":"https:\/\/drescherjewellery.com\/hu\/wp-json\/wp\/v2\/product\/845\/revisions"}],"predecessor-version":[{"id":119067,"href":"https:\/\/drescherjewellery.com\/hu\/wp-json\/wp\/v2\/product\/845\/revisions\/119067"}],"wp:featuredmedia":[{"embeddable":true,"href":"https:\/\/drescherjewellery.com\/hu\/wp-json\/wp\/v2\/media\/1492"}],"wp:attachment":[{"href":"https:\/\/drescherjewellery.com\/hu\/wp-json\/wp\/v2\/media?parent=845"}],"wp:term":[{"taxonomy":"product_brand","embeddable":true,"href":"https:\/\/drescherjewellery.com\/hu\/wp-json\/wp\/v2\/product_brand?post=845"},{"taxonomy":"product_cat","embeddable":true,"href":"https:\/\/drescherjewellery.com\/hu\/wp-json\/wp\/v2\/product_cat?post=845"},{"taxonomy":"product_tag","embeddable":true,"href":"https:\/\/drescherjewellery.com\/hu\/wp-json\/wp\/v2\/product_tag?post=845"}],"curies":[{"name":"wp","href":"https:\/\/api.w.org\/{rel}","templated":true}]}}