{"id":857,"date":"2022-08-31T14:46:11","date_gmt":"2022-08-31T14:46:11","guid":{"rendered":"https:\/\/dianasilver.hu\/product\/ezust-feher-koves-karkoto-31\/"},"modified":"2026-02-21T01:39:35","modified_gmt":"2026-02-21T00:39:35","slug":"ezust-feher-koves-vegtelen-jeles-karkoto","status":"publish","type":"product","link":"https:\/\/drescherjewellery.com\/hu\/termek\/ezust-feher-koves-vegtelen-jeles-karkoto\/","title":{"rendered":"Ez\u00fcst feh\u00e9r k\u00f6ves v\u00e9gtelen jeles button kark\u00f6t\u0151"},"content":{"rendered":"<h2>\ud83d\udc8e <strong>Ez\u00fcst feh\u00e9r k\u00f6ves v\u00e9gtelenjeles kark\u00f6t\u0151 \u2013 az \u00f6r\u00f6kk\u00e9val\u00f3s\u00e1g \u00e9s az \u00e9rzelmi k\u00f6tel\u00e9k szimb\u00f3luma<\/strong><\/h2>\n<p>Ez a <strong>925 ez\u00fcstb\u0151l k\u00e9sz\u00fclt kark\u00f6t\u0151<\/strong> a <strong>v\u00e9gtelen szimb\u00f3lummal<\/strong> \u00e9s <strong>ragyog\u00f3 feh\u00e9r cirk\u00f3nia k\u00f6vekkel<\/strong> az \u00e9rzelmek \u00e9s a v\u00e9gtelen szeretet jelk\u00e9pe. A <strong>r\u00f3dium bevonat<\/strong> gondoskodik arr\u00f3l, hogy az \u00e9kszer hossz\u00fa ideig meg\u0151rizze csillog\u00e1s\u00e1t, \u00e9s v\u00e9dve legyen az elsz\u00ednez\u0151d\u00e9st\u0151l.<\/p>\n<p>\u267e\ufe0f <strong>Mit jelent a v\u00e9gtelen szimb\u00f3lum?<\/strong><\/p>\n<ul>\n<li><strong>Az \u00f6r\u00f6k szeretetet \u00e9s az el nem m\u00fal\u00f3 kapcsolatokat szimboliz\u00e1lja.<\/strong><\/li>\n<li><strong>A harm\u00f3nia \u00e9s egyens\u00faly \u00fczenet\u00e9t hordozza.<\/strong><\/li>\n<li><strong>A v\u00e9gtelen lehet\u0151s\u00e9gek \u00e9s fejl\u0151d\u00e9s jelk\u00e9pe.<\/strong><\/li>\n<\/ul>\n<p>\u2728 <strong>Mi\u00e9rt v\u00e1laszd ezt a kark\u00f6t\u0151t?<\/strong><\/p>\n<ul>\n<li><strong>Pr\u00e9mium min\u0151s\u00e9g:<\/strong> <strong>AG 925 ez\u00fcst<\/strong>, <strong>r\u00f3dium bevonattal<\/strong> a hosszan tart\u00f3 csillog\u00e1s\u00e9rt.<\/li>\n<li><strong>V\u00e9gtelen jeles diz\u00e1jn:<\/strong> Az \u00f6r\u00f6k kapcsolatok \u00e9s lehet\u0151s\u00e9gek szimb\u00f3luma.<\/li>\n<li><strong>Ragyog\u00f3 feh\u00e9r k\u00f6vek:<\/strong> Finom elegancia minden pillanatban.<\/li>\n<li><strong>K\u00e9nyelmes \u00e9s biztons\u00e1gos viselet:<\/strong> K\u00f6nnyed, mindennapi \u00e9s alkalmi viseletre is t\u00f6k\u00e9letes.<\/li>\n<\/ul>\n<p>\ud83c\udf81 <strong>T\u00f6k\u00e9letes aj\u00e1nd\u00e9k szeretteidnek!<\/strong><br \/>\nEz a kark\u00f6t\u0151 <strong>m\u00e9ly jelent\u00e9ssel b\u00edr<\/strong>, \u00edgy <strong>ide\u00e1lis aj\u00e1nd\u00e9k lehet szeretteid sz\u00e1m\u00e1ra<\/strong>, hogy mindig eml\u00e9keztessen az \u00f6r\u00f6k szeretetre \u00e9s a k\u00fcl\u00f6nleges k\u00f6tel\u00e9kre.<\/p>\n<p>\ud83d\udcab <strong>Rendeld meg most, \u00e9s viseld a v\u00e9gtelen elegancia szimb\u00f3lum\u00e1t!<\/strong> \u267e\ufe0f\u2728<\/p>\n","protected":false},"excerpt":{"rendered":"<p><strong>z\u00fcst feh\u00e9r k\u00f6ves v\u00e9gtelenjeles kark\u00f6t\u0151 \u2013 az \u00f6r\u00f6k szeretet \u00e9s harm\u00f3nia szimb\u00f3luma!<\/strong> \u267e\ufe0f\u2728<br \/>\nKifinomult, eleg\u00e1ns \u00e9kszer, amely a v\u00e9gtelen lehet\u0151s\u00e9gek \u00e9s az id\u0151tlen ragyog\u00e1s \u00fczenet\u00e9t hordozza.<\/p>\n","protected":false},"featured_media":1382,"template":"","meta":[],"product_brand":[],"product_cat":[32],"product_tag":[513,530],"class_list":{"0":"post-857","1":"product","2":"type-product","3":"status-publish","4":"has-post-thumbnail","6":"product_cat-ezust-karkoto","7":"product_tag-noi-ezust-ekszerek","8":"product_tag-spiritualis","9":"description-off","11":"first","12":"instock","13":"sale","14":"taxable","15":"shipping-taxable","16":"purchasable","17":"product-type-simple"},"yoast_head":"<!-- This site is optimized with the Yoast SEO Premium plugin v26.8 (Yoast SEO v27.4) - https:\/\/yoast.com\/product\/yoast-seo-premium-wordpress\/ -->\n<title>Ez\u00fcst feh\u00e9r k\u00f6ves v\u00e9gtelen jeles button kark\u00f6t\u0151 | Drescher Jewellery<\/title>\n<meta name=\"description\" content=\"Fedezd fel a leny\u0171g\u00f6z\u0151 Ez\u00fcst feh\u00e9r k\u00f6ves v\u00e9gtelen jeles button kark\u00f6t\u0151 \u00e9kszer\u00fcnket. T\u00f6k\u00e9letes kieg\u00e9sz\u00edt\u0151 mindennapi viselethez \u00e9s k\u00fcl\u00f6nleges alkalmakra egyar\u00e1nt. Rendeld meg most!\" \/>\n<meta name=\"robots\" content=\"index, follow, max-snippet:-1, max-image-preview:large, max-video-preview:-1\" \/>\n<link rel=\"canonical\" href=\"https:\/\/drescherjewellery.com\/hu\/termek\/ezust-feher-koves-vegtelen-jeles-karkoto\/\" \/>\n<meta property=\"og:locale\" content=\"hu_HU\" \/>\n<meta property=\"og:type\" content=\"article\" \/>\n<meta property=\"og:title\" content=\"Ez\u00fcst feh\u00e9r k\u00f6ves v\u00e9gtelen jeles button kark\u00f6t\u0151\" \/>\n<meta property=\"og:description\" content=\"Fedezd fel a leny\u0171g\u00f6z\u0151 Ez\u00fcst feh\u00e9r k\u00f6ves v\u00e9gtelen jeles button kark\u00f6t\u0151 \u00e9kszer\u00fcnket. T\u00f6k\u00e9letes kieg\u00e9sz\u00edt\u0151 mindennapi viselethez \u00e9s k\u00fcl\u00f6nleges alkalmakra egyar\u00e1nt. Rendeld meg most!\" \/>\n<meta property=\"og:url\" content=\"https:\/\/drescherjewellery.com\/hu\/termek\/ezust-feher-koves-vegtelen-jeles-karkoto\/\" \/>\n<meta property=\"og:site_name\" content=\"Drescher Jewellery\" \/>\n<meta property=\"article:publisher\" content=\"https:\/\/www.facebook.com\/drescherjewellery\" \/>\n<meta property=\"article:modified_time\" content=\"2026-02-21T00:39:35+00:00\" \/>\n<meta property=\"og:image\" content=\"https:\/\/drescherjewellery.com\/wp-content\/uploads\/2022\/08\/1_323ac5de-3c4b-41a4-83fb-c28a0f417736_1024x1024-scaled.jpg\" \/>\n\t<meta property=\"og:image:width\" content=\"800\" \/>\n\t<meta property=\"og:image:height\" content=\"800\" \/>\n\t<meta property=\"og:image:type\" content=\"image\/jpeg\" \/>\n<meta name=\"twitter:card\" content=\"summary_large_image\" \/>\n<meta name=\"twitter:label1\" content=\"Becs\u00fclt olvas\u00e1si id\u0151\" \/>\n\t<meta name=\"twitter:data1\" content=\"2 perc\" \/>\n<script type=\"application\/ld+json\" class=\"yoast-schema-graph\">{\"@context\":\"https:\\\/\\\/schema.org\",\"@graph\":[{\"@type\":\"WebPage\",\"@id\":\"https:\\\/\\\/drescherjewellery.com\\\/hu\\\/termek\\\/ezust-feher-koves-vegtelen-jeles-karkoto\\\/\",\"url\":\"https:\\\/\\\/drescherjewellery.com\\\/hu\\\/termek\\\/ezust-feher-koves-vegtelen-jeles-karkoto\\\/\",\"name\":\"Ez\u00fcst feh\u00e9r k\u00f6ves v\u00e9gtelen jeles button kark\u00f6t\u0151 | Drescher Jewellery\",\"isPartOf\":{\"@id\":\"https:\\\/\\\/drescherjewellery.com\\\/hu\\\/#website\"},\"primaryImageOfPage\":{\"@id\":\"https:\\\/\\\/drescherjewellery.com\\\/hu\\\/termek\\\/ezust-feher-koves-vegtelen-jeles-karkoto\\\/#primaryimage\"},\"image\":{\"@id\":\"https:\\\/\\\/drescherjewellery.com\\\/hu\\\/termek\\\/ezust-feher-koves-vegtelen-jeles-karkoto\\\/#primaryimage\"},\"thumbnailUrl\":\"https:\\\/\\\/drescherjewellery.com\\\/wp-content\\\/uploads\\\/2022\\\/08\\\/1_323ac5de-3c4b-41a4-83fb-c28a0f417736_1024x1024-scaled.jpg\",\"datePublished\":\"2022-08-31T14:46:11+00:00\",\"dateModified\":\"2026-02-21T00:39:35+00:00\",\"description\":\"Fedezd fel a leny\u0171g\u00f6z\u0151 Ez\u00fcst feh\u00e9r k\u00f6ves v\u00e9gtelen jeles button kark\u00f6t\u0151 \u00e9kszer\u00fcnket. T\u00f6k\u00e9letes kieg\u00e9sz\u00edt\u0151 mindennapi viselethez \u00e9s k\u00fcl\u00f6nleges alkalmakra egyar\u00e1nt. Rendeld meg most!\",\"breadcrumb\":{\"@id\":\"https:\\\/\\\/drescherjewellery.com\\\/hu\\\/termek\\\/ezust-feher-koves-vegtelen-jeles-karkoto\\\/#breadcrumb\"},\"inLanguage\":\"hu\",\"potentialAction\":[{\"@type\":\"ReadAction\",\"target\":[\"https:\\\/\\\/drescherjewellery.com\\\/hu\\\/termek\\\/ezust-feher-koves-vegtelen-jeles-karkoto\\\/\"]}]},{\"@type\":\"ImageObject\",\"inLanguage\":\"hu\",\"@id\":\"https:\\\/\\\/drescherjewellery.com\\\/hu\\\/termek\\\/ezust-feher-koves-vegtelen-jeles-karkoto\\\/#primaryimage\",\"url\":\"https:\\\/\\\/drescherjewellery.com\\\/wp-content\\\/uploads\\\/2022\\\/08\\\/1_323ac5de-3c4b-41a4-83fb-c28a0f417736_1024x1024-scaled.jpg\",\"contentUrl\":\"https:\\\/\\\/drescherjewellery.com\\\/wp-content\\\/uploads\\\/2022\\\/08\\\/1_323ac5de-3c4b-41a4-83fb-c28a0f417736_1024x1024-scaled.jpg\",\"width\":800,\"height\":800},{\"@type\":\"BreadcrumbList\",\"@id\":\"https:\\\/\\\/drescherjewellery.com\\\/hu\\\/termek\\\/ezust-feher-koves-vegtelen-jeles-karkoto\\\/#breadcrumb\",\"itemListElement\":[{\"@type\":\"ListItem\",\"position\":1,\"name\":\"Kezd\u0151lap\",\"item\":\"https:\\\/\\\/drescherjewellery.com\\\/hu\\\/\"},{\"@type\":\"ListItem\",\"position\":2,\"name\":\"Shop\",\"item\":\"https:\\\/\\\/drescherjewellery.com\\\/shop\\\/\"},{\"@type\":\"ListItem\",\"position\":3,\"name\":\"Ez\u00fcst feh\u00e9r k\u00f6ves v\u00e9gtelen jeles button kark\u00f6t\u0151\"}]},{\"@type\":\"WebSite\",\"@id\":\"https:\\\/\\\/drescherjewellery.com\\\/hu\\\/#website\",\"url\":\"https:\\\/\\\/drescherjewellery.com\\\/hu\\\/\",\"name\":\"Drescher Jewellery\",\"description\":\"Tedd t\u00f6k\u00e9letesebb\u00e9 mindennapjaid a Drescher Jewellery \u00e9kszereivel.\",\"publisher\":{\"@id\":\"https:\\\/\\\/drescherjewellery.com\\\/hu\\\/#organization\"},\"alternateName\":\"Ez\u00fcst \u00c9kszer Web\u00e1ruh\u00e1z\",\"potentialAction\":[{\"@type\":\"SearchAction\",\"target\":{\"@type\":\"EntryPoint\",\"urlTemplate\":\"https:\\\/\\\/drescherjewellery.com\\\/hu\\\/?s={search_term_string}\"},\"query-input\":{\"@type\":\"PropertyValueSpecification\",\"valueRequired\":true,\"valueName\":\"search_term_string\"}}],\"inLanguage\":\"hu\"},{\"@type\":\"Organization\",\"@id\":\"https:\\\/\\\/drescherjewellery.com\\\/hu\\\/#organization\",\"name\":\"Drescher Jewellery\",\"url\":\"https:\\\/\\\/drescherjewellery.com\\\/hu\\\/\",\"logo\":{\"@type\":\"ImageObject\",\"inLanguage\":\"hu\",\"@id\":\"https:\\\/\\\/drescherjewellery.com\\\/hu\\\/#\\\/schema\\\/logo\\\/image\\\/\",\"url\":\"https:\\\/\\\/drescherjewellery.com\\\/wp-content\\\/uploads\\\/2026\\\/01\\\/Drescher-Jewellery-wpml.png\",\"contentUrl\":\"https:\\\/\\\/drescherjewellery.com\\\/wp-content\\\/uploads\\\/2026\\\/01\\\/Drescher-Jewellery-wpml.png\",\"width\":500,\"height\":500,\"caption\":\"Drescher Jewellery\"},\"image\":{\"@id\":\"https:\\\/\\\/drescherjewellery.com\\\/hu\\\/#\\\/schema\\\/logo\\\/image\\\/\"},\"sameAs\":[\"https:\\\/\\\/www.facebook.com\\\/drescherjewellery\",\"https:\\\/\\\/www.instagram.com\\\/drescherjewellery\",\"https:\\\/\\\/www.tiktok.com\\\/@drescherjewellery\"]}]}<\/script>\n<!-- \/ Yoast SEO Premium plugin. -->","yoast_head_json":{"title":"Ez\u00fcst feh\u00e9r k\u00f6ves v\u00e9gtelen jeles button kark\u00f6t\u0151 | Drescher Jewellery","description":"Fedezd fel a leny\u0171g\u00f6z\u0151 Ez\u00fcst feh\u00e9r k\u00f6ves v\u00e9gtelen jeles button kark\u00f6t\u0151 \u00e9kszer\u00fcnket. T\u00f6k\u00e9letes kieg\u00e9sz\u00edt\u0151 mindennapi viselethez \u00e9s k\u00fcl\u00f6nleges alkalmakra egyar\u00e1nt. Rendeld meg most!","robots":{"index":"index","follow":"follow","max-snippet":"max-snippet:-1","max-image-preview":"max-image-preview:large","max-video-preview":"max-video-preview:-1"},"canonical":"https:\/\/drescherjewellery.com\/hu\/termek\/ezust-feher-koves-vegtelen-jeles-karkoto\/","og_locale":"hu_HU","og_type":"article","og_title":"Ez\u00fcst feh\u00e9r k\u00f6ves v\u00e9gtelen jeles button kark\u00f6t\u0151","og_description":"Fedezd fel a leny\u0171g\u00f6z\u0151 Ez\u00fcst feh\u00e9r k\u00f6ves v\u00e9gtelen jeles button kark\u00f6t\u0151 \u00e9kszer\u00fcnket. T\u00f6k\u00e9letes kieg\u00e9sz\u00edt\u0151 mindennapi viselethez \u00e9s k\u00fcl\u00f6nleges alkalmakra egyar\u00e1nt. Rendeld meg most!","og_url":"https:\/\/drescherjewellery.com\/hu\/termek\/ezust-feher-koves-vegtelen-jeles-karkoto\/","og_site_name":"Drescher Jewellery","article_publisher":"https:\/\/www.facebook.com\/drescherjewellery","article_modified_time":"2026-02-21T00:39:35+00:00","og_image":[{"width":800,"height":800,"url":"https:\/\/drescherjewellery.com\/wp-content\/uploads\/2022\/08\/1_323ac5de-3c4b-41a4-83fb-c28a0f417736_1024x1024-scaled.jpg","type":"image\/jpeg"}],"twitter_card":"summary_large_image","twitter_misc":{"Becs\u00fclt olvas\u00e1si id\u0151":"2 perc"},"schema":{"@context":"https:\/\/schema.org","@graph":[{"@type":"WebPage","@id":"https:\/\/drescherjewellery.com\/hu\/termek\/ezust-feher-koves-vegtelen-jeles-karkoto\/","url":"https:\/\/drescherjewellery.com\/hu\/termek\/ezust-feher-koves-vegtelen-jeles-karkoto\/","name":"Ez\u00fcst feh\u00e9r k\u00f6ves v\u00e9gtelen jeles button kark\u00f6t\u0151 | Drescher Jewellery","isPartOf":{"@id":"https:\/\/drescherjewellery.com\/hu\/#website"},"primaryImageOfPage":{"@id":"https:\/\/drescherjewellery.com\/hu\/termek\/ezust-feher-koves-vegtelen-jeles-karkoto\/#primaryimage"},"image":{"@id":"https:\/\/drescherjewellery.com\/hu\/termek\/ezust-feher-koves-vegtelen-jeles-karkoto\/#primaryimage"},"thumbnailUrl":"https:\/\/drescherjewellery.com\/wp-content\/uploads\/2022\/08\/1_323ac5de-3c4b-41a4-83fb-c28a0f417736_1024x1024-scaled.jpg","datePublished":"2022-08-31T14:46:11+00:00","dateModified":"2026-02-21T00:39:35+00:00","description":"Fedezd fel a leny\u0171g\u00f6z\u0151 Ez\u00fcst feh\u00e9r k\u00f6ves v\u00e9gtelen jeles button kark\u00f6t\u0151 \u00e9kszer\u00fcnket. T\u00f6k\u00e9letes kieg\u00e9sz\u00edt\u0151 mindennapi viselethez \u00e9s k\u00fcl\u00f6nleges alkalmakra egyar\u00e1nt. Rendeld meg most!","breadcrumb":{"@id":"https:\/\/drescherjewellery.com\/hu\/termek\/ezust-feher-koves-vegtelen-jeles-karkoto\/#breadcrumb"},"inLanguage":"hu","potentialAction":[{"@type":"ReadAction","target":["https:\/\/drescherjewellery.com\/hu\/termek\/ezust-feher-koves-vegtelen-jeles-karkoto\/"]}]},{"@type":"ImageObject","inLanguage":"hu","@id":"https:\/\/drescherjewellery.com\/hu\/termek\/ezust-feher-koves-vegtelen-jeles-karkoto\/#primaryimage","url":"https:\/\/drescherjewellery.com\/wp-content\/uploads\/2022\/08\/1_323ac5de-3c4b-41a4-83fb-c28a0f417736_1024x1024-scaled.jpg","contentUrl":"https:\/\/drescherjewellery.com\/wp-content\/uploads\/2022\/08\/1_323ac5de-3c4b-41a4-83fb-c28a0f417736_1024x1024-scaled.jpg","width":800,"height":800},{"@type":"BreadcrumbList","@id":"https:\/\/drescherjewellery.com\/hu\/termek\/ezust-feher-koves-vegtelen-jeles-karkoto\/#breadcrumb","itemListElement":[{"@type":"ListItem","position":1,"name":"Kezd\u0151lap","item":"https:\/\/drescherjewellery.com\/hu\/"},{"@type":"ListItem","position":2,"name":"Shop","item":"https:\/\/drescherjewellery.com\/shop\/"},{"@type":"ListItem","position":3,"name":"Ez\u00fcst feh\u00e9r k\u00f6ves v\u00e9gtelen jeles button kark\u00f6t\u0151"}]},{"@type":"WebSite","@id":"https:\/\/drescherjewellery.com\/hu\/#website","url":"https:\/\/drescherjewellery.com\/hu\/","name":"Drescher Jewellery","description":"Tedd t\u00f6k\u00e9letesebb\u00e9 mindennapjaid a Drescher Jewellery \u00e9kszereivel.","publisher":{"@id":"https:\/\/drescherjewellery.com\/hu\/#organization"},"alternateName":"Ez\u00fcst \u00c9kszer Web\u00e1ruh\u00e1z","potentialAction":[{"@type":"SearchAction","target":{"@type":"EntryPoint","urlTemplate":"https:\/\/drescherjewellery.com\/hu\/?s={search_term_string}"},"query-input":{"@type":"PropertyValueSpecification","valueRequired":true,"valueName":"search_term_string"}}],"inLanguage":"hu"},{"@type":"Organization","@id":"https:\/\/drescherjewellery.com\/hu\/#organization","name":"Drescher Jewellery","url":"https:\/\/drescherjewellery.com\/hu\/","logo":{"@type":"ImageObject","inLanguage":"hu","@id":"https:\/\/drescherjewellery.com\/hu\/#\/schema\/logo\/image\/","url":"https:\/\/drescherjewellery.com\/wp-content\/uploads\/2026\/01\/Drescher-Jewellery-wpml.png","contentUrl":"https:\/\/drescherjewellery.com\/wp-content\/uploads\/2026\/01\/Drescher-Jewellery-wpml.png","width":500,"height":500,"caption":"Drescher Jewellery"},"image":{"@id":"https:\/\/drescherjewellery.com\/hu\/#\/schema\/logo\/image\/"},"sameAs":["https:\/\/www.facebook.com\/drescherjewellery","https:\/\/www.instagram.com\/drescherjewellery","https:\/\/www.tiktok.com\/@drescherjewellery"]}]}},"_links":{"self":[{"href":"https:\/\/drescherjewellery.com\/hu\/wp-json\/wp\/v2\/product\/857","targetHints":{"allow":["GET"]}}],"collection":[{"href":"https:\/\/drescherjewellery.com\/hu\/wp-json\/wp\/v2\/product"}],"about":[{"href":"https:\/\/drescherjewellery.com\/hu\/wp-json\/wp\/v2\/types\/product"}],"version-history":[{"count":1,"href":"https:\/\/drescherjewellery.com\/hu\/wp-json\/wp\/v2\/product\/857\/revisions"}],"predecessor-version":[{"id":119074,"href":"https:\/\/drescherjewellery.com\/hu\/wp-json\/wp\/v2\/product\/857\/revisions\/119074"}],"wp:featuredmedia":[{"embeddable":true,"href":"https:\/\/drescherjewellery.com\/hu\/wp-json\/wp\/v2\/media\/1382"}],"wp:attachment":[{"href":"https:\/\/drescherjewellery.com\/hu\/wp-json\/wp\/v2\/media?parent=857"}],"wp:term":[{"taxonomy":"product_brand","embeddable":true,"href":"https:\/\/drescherjewellery.com\/hu\/wp-json\/wp\/v2\/product_brand?post=857"},{"taxonomy":"product_cat","embeddable":true,"href":"https:\/\/drescherjewellery.com\/hu\/wp-json\/wp\/v2\/product_cat?post=857"},{"taxonomy":"product_tag","embeddable":true,"href":"https:\/\/drescherjewellery.com\/hu\/wp-json\/wp\/v2\/product_tag?post=857"}],"curies":[{"name":"wp","href":"https:\/\/api.w.org\/{rel}","templated":true}]}}